{"id":19848,"date":"2019-04-25T12:42:11","date_gmt":"2019-04-25T12:42:11","guid":{"rendered":"https:\/\/business.roovi.com\/product\/puzzle-wassily-kandinsky-dominant-curve-1000-piese\/"},"modified":"2025-03-18T08:43:28","modified_gmt":"2025-03-18T08:43:28","slug":"puzzle-adulti-1000-piese-wassily-kandinsky-dominant-curve","status":"publish","type":"product","link":"https:\/\/business.roovi.com\/ro\/puzzle-adulti-1000-piese-wassily-kandinsky-dominant-curve\/p\/","title":{"rendered":"Puzzle adulti 1000 piese Wassily Kandinsky &#8211; Dominant Curve"},"content":{"rendered":"<p><span style=\"font-weight: 400;\">Te sim\u021bi inspirat? Descoper\u0103 sensurile profunde ale celor mai renumite picturi din lume prin puzzle-uri de art\u0103! Mona Lisa, Ophelia, Na\u0219terea lui Venus \u0219i multe altele sunt la doar un click distan\u021b\u0103 de tine. Pune-le \u00een co\u0219ul de cump\u0103r\u0103turi \u0219i \u00eencepi marea asamblare a puzzle-urilor de 1000 piese!<\/span><\/p>\n<p><span style=\"font-weight: 400;\">Te provoc\u0103m s\u0103 descoperi sensurile ascunse ale picturii din puzzle 1000 piese Wassily Kandinsky &#8211; Dominant Curve\/Curb\u0103 dominant\u0103. A\u0219a cum \u00eei spune \u0219i numele, pictura este o lucrare dominant\u0103 \u0219i reprezentativ\u0103 \u00een arta abstract\u0103.\u00a0<\/span><\/p>\n<p><span style=\"font-weight: 400;\">Pictura \u00eenf\u0103\u021bi\u0219eaz\u0103 multe figuri plutitoare \u0219i imagini biomorfe \u00een nuan\u021be pastelate. S\u0103 refaci aceast\u0103 oper\u0103 de art\u0103 implic\u0103 o munc\u0103 minu\u021bioas\u0103 \u0219i o aten\u021bie sporit\u0103 la detalii. Aranjeaz\u0103-\u021bi m\u0103su\u021ba de cafea din sufragerie &#8211; este ideal\u0103 pentru suportul pieselor de puzzle 1000\u00a0 &#8211; \u0219i \u00eencepi lucrul la prima ta oper\u0103 de art\u0103 abstract\u0103. Tabloul ob\u021binut are dimensiunile de 50 x 70 cm.<\/span><\/p>\n<p><span style=\"font-weight: 400;\">Cite\u0219te mai jos mai multe informa\u021bii despre puzzle 1000 piese Wassily Kandinsky &#8211; Dominant Curve\/Curb\u0103 dominant\u0103:<\/span><\/p>\n<p><strong>Material puzzle:\u00a0<\/strong><\/p>\n<p><strong>carton albastru de o calitate superioar\u0103<\/strong><\/p>\n<p><strong>materiale sustenabile, reciclabile<\/strong><\/p>\n<p><strong>finisaj semi-lucios, culori vii<\/strong><\/p>\n<p><strong>Num\u0103rul pieselor de puzzle: 1000<\/strong><\/p>\n<p><strong>V\u00e2rsta recomandat\u0103: 14+<\/strong><\/p>\n<p><strong>Jocurile puzzle: o pasiune grozav\u0103 care \u00ee\u021bi aduce numai beneficii<\/strong><\/p>\n<p><span style=\"font-weight: 400;\">\u0218tiai c\u0103 puzzle-urile pentru adul\u021bi \u00ee\u021bi \u00eembun\u0103t\u0103\u021besc abilit\u0103\u021bile de rezolvare a problemelor? Acest lucru se datoreaz\u0103 faptului c\u0103 \u00een jocul puzzle trebuie s\u0103 observi care este locul fiec\u0103rei piese de puzzle 1000 \u00een imaginea de ansamblu. Exers\u00e2nd constant, ajungi s\u0103 g\u0103se\u0219ti solu\u021biile \u0219i la alte probleme cu care te confrun\u021bi zi de zi, chiar \u0219i atunci c\u00e2nd totul pare imposibil.<\/span><\/p>\n<p><span style=\"font-weight: 400;\">Pe l\u00e2ng\u0103 acest beneficiu uimitor, jocurile puzzle te ajut\u0103 s\u0103:<\/span><\/p>\n<p><span style=\"font-weight: 400;\">Te concentrezi mai bine<\/span><\/p>\n<p><span style=\"font-weight: 400;\">Fii perseverent \u00eentotdeauna c\u00e2nd dore\u0219ti s\u0103-\u021bi atingi scopurile.<\/span><\/p>\n<p><span style=\"font-weight: 400;\">Te relaxezi profund \u0219i s\u0103 dep\u0103\u0219e\u0219ti situa\u021biile stresante.<\/span><\/p>\n<p><span style=\"font-weight: 400;\">Te bucuri de timp de calitate \u00eempreun\u0103 cu cei dragi.<\/span><\/p>\n<p><strong>\u0218tii ce simboluri g\u0103se\u0219ti \u00een pictura <\/strong><strong><em>Dominant Curve?<\/em><\/strong><\/p>\n<p><span style=\"font-weight: 400;\">\u00cen col\u021bul din dreapta sus se observ\u0103 un embrion schematizat \u00een tonuri de roz.<\/span><\/p>\n<p><span style=\"font-weight: 400;\">Unii critici au interpretat imaginile biomorfe din aceast\u0103 pictur\u0103 ca pe o viziune optimist\u0103 a artistului asupra unui viitor postbelic pa\u0219nic.\u00a0<\/span><\/p>\n<p><span style=\"font-weight: 400;\">Pentru al\u021bii, prezen\u021ba acestor imagini \u00een <\/span><em><span style=\"font-weight: 400;\">Curb\u0103 dominant\u0103<\/span><\/em><span style=\"font-weight: 400;\"> atest\u0103 fascina\u021bia artistului pentru pentru embriologie, zoologie \u0219i botanic\u0103.<\/span><\/p>\n<p><span style=\"font-weight: 400;\">\u00cen perioada Bauhaus, Kandinsky decupase \u0219i montase ilustra\u021bii cu insecte \u0219i embrioni din reviste \u0219tiin\u021bifice \u00een scopuri pedagogice \u0219i de studiu.<\/span><\/p>\n<p><strong>5 avantaje ale puzzle-urilor de art\u0103\u00a0<\/strong><\/p>\n<p><span style=\"font-weight: 400;\">\u00a0Alege puzzle-uri de art\u0103 pentru a da culoare orelor monotone \u0219i pentru:<\/span><\/p>\n<p><span style=\"font-weight: 400;\">1. A cunoa\u0219te picturile celebre \u0219i pove\u0219tile lor.<\/span><\/p>\n<p><span style=\"font-weight: 400;\">2. A crea cu m\u00e2inile tale opere artistice consacrate.<\/span><\/p>\n<p><span style=\"font-weight: 400;\">3. A-\u021bi \u00eembog\u0103\u021bi cuno\u0219tin\u021bele generale cu informa\u021bii despre marile capodopere ale lumii.<\/span><\/p>\n<p><span style=\"font-weight: 400;\">4. A-\u021bi dezvolta imagina\u021bia.<\/span><\/p>\n<p><span style=\"font-weight: 400;\">5. A te reconecta cu tine \u00eensu\u021bi.<\/span><\/p>\n<p><span style=\"font-weight: 400;\">Cump\u0103r\u0103 puzzle de art\u0103 Wassily Kandinsky &#8211; Dominant Curve\/Curb\u0103 dominant\u0103 \u0219i conecteaz\u0103-te la o lume uimitoare, plin\u0103 de simbol \u0219i culoare. Reconstituie tabloul din puzzle 1000 piese \u00eempreun\u0103 cu familia sau cu prietenii \u0219i bucur\u0103-te de momente de neuitat al\u0103turi de cei dragi. Descoper\u0103 toate puzzle-urile cu imagini ale picturilor lui Kandinsky \u0219i creeaz\u0103-\u021bi o colec\u021bie inedit\u0103 din puzzle-uri de art\u0103.<\/span><\/p>\n<p><span style=\"font-weight: 400;\">Puzzle 1000 piese Wassily Kandinsky &#8211; Dominant Curve\/Curb\u0103 dominant\u0103 este un cadou minunat pentru prietenii pasiona\u021bi de jocuri puzzle sau de picturi celebre.<\/span><\/p>\n","protected":false},"excerpt":{"rendered":"<p>Te sim\u021bi inspirat? Descoper\u0103 sensurile profunde ale celor mai renumite picturi din lume prin puzzle-uri de art\u0103! Mona Lisa, Ophelia,<\/p>\n","protected":false},"featured_media":63517,"template":"","meta":[],"product_brand":[],"product_cat":[1454,1488,1560],"product_tag":[],"class_list":{"0":"post-19848","1":"product","2":"type-product","3":"status-publish","4":"has-post-thumbnail","6":"product_cat-puzzle","7":"product_cat-puzzle-adulti","8":"product_cat-puzzle-adulti-1000","9":"pa_bax-1273","10":"pa_brand-d_toys","11":"pa_country_of_manufacture-ro","12":"pa_filter_age-1315","13":"pa_painter-wassilykandinsky","14":"pa_tip_ambalaj-cutie","15":"pa_tip_puzzle-clasic","17":"first","18":"instock","19":"taxable","20":"shipping-taxable","21":"product-type-simple"},"yoast_head":"<!-- This site is optimized with the Yoast SEO plugin v20.1 - https:\/\/yoast.com\/wordpress\/plugins\/seo\/ -->\n<title>Puzzle adulti 1000 piese Wassily Kandinsky - Dominant Curve - Roovi B2B<\/title>\n<meta name=\"robots\" content=\"index, follow, max-snippet:-1, max-image-preview:large, max-video-preview:-1\" \/>\n<link rel=\"canonical\" href=\"https:\/\/www.roovi.ro\/puzzle-adulti-1000-piese-wassily-kandinsky-dominant-curve\/p\/\" \/>\n<meta property=\"og:locale\" content=\"ro_RO\" \/>\n<meta property=\"og:type\" content=\"article\" \/>\n<meta property=\"og:title\" content=\"Puzzle adulti 1000 piese Wassily Kandinsky - Dominant Curve - Roovi B2B\" \/>\n<meta property=\"og:description\" content=\"Te sim\u021bi inspirat? Descoper\u0103 sensurile profunde ale celor mai renumite picturi din lume prin puzzle-uri de art\u0103! Mona Lisa, Ophelia,\" \/>\n<meta property=\"og:url\" content=\"https:\/\/www.roovi.ro\/puzzle-adulti-1000-piese-wassily-kandinsky-dominant-curve\/p\/\" \/>\n<meta property=\"og:site_name\" content=\"Roovi B2B\" \/>\n<meta property=\"article:publisher\" content=\"https:\/\/www.facebook.com\/wwwjucariero\" \/>\n<meta property=\"article:modified_time\" content=\"2025-03-18T08:43:28+00:00\" \/>\n<meta property=\"og:image\" content=\"https:\/\/business.roovi.com\/wp-content\/uploads\/2019\/04\/72849-KA-06-WEB.jpg\" \/>\n\t<meta property=\"og:image:width\" content=\"1200\" \/>\n\t<meta property=\"og:image:height\" content=\"1200\" \/>\n\t<meta property=\"og:image:type\" content=\"image\/jpeg\" \/>\n<meta name=\"twitter:label1\" content=\"Timp estimat pentru citire\" \/>\n\t<meta name=\"twitter:data1\" content=\"3 minute\" \/>\n<script type=\"application\/ld+json\" class=\"yoast-schema-graph\">{\"@context\":\"https:\/\/schema.org\",\"@graph\":[{\"@type\":\"WebPage\",\"@id\":\"https:\/\/business.roovi.com\/ro\/puzzle-adulti-1000-piese-wassily-kandinsky-dominant-curve\/p\/\",\"url\":\"https:\/\/www.roovi.ro\/puzzle-adulti-1000-piese-wassily-kandinsky-dominant-curve\/p\/\",\"name\":\"Puzzle adulti 1000 piese Wassily Kandinsky - Dominant Curve - Roovi B2B\",\"isPartOf\":{\"@id\":\"https:\/\/business.roovi.com\/ro\/#website\"},\"datePublished\":\"2019-04-25T12:42:11+00:00\",\"dateModified\":\"2025-03-18T08:43:28+00:00\",\"breadcrumb\":{\"@id\":\"https:\/\/www.roovi.ro\/puzzle-adulti-1000-piese-wassily-kandinsky-dominant-curve\/p\/#breadcrumb\"},\"inLanguage\":\"ro-RO\",\"potentialAction\":[{\"@type\":\"ReadAction\",\"target\":[\"https:\/\/www.roovi.ro\/puzzle-adulti-1000-piese-wassily-kandinsky-dominant-curve\/p\/\"]}]},{\"@type\":\"BreadcrumbList\",\"@id\":\"https:\/\/www.roovi.ro\/puzzle-adulti-1000-piese-wassily-kandinsky-dominant-curve\/p\/#breadcrumb\",\"itemListElement\":[{\"@type\":\"ListItem\",\"position\":1,\"name\":\"Home\",\"item\":\"https:\/\/business.roovi.com\/ro\/\"},{\"@type\":\"ListItem\",\"position\":2,\"name\":\"Magazin\",\"item\":\"https:\/\/business.roovi.com\/ro\/magazin\/\"},{\"@type\":\"ListItem\",\"position\":3,\"name\":\"Puzzle adulti 1000 piese Wassily Kandinsky &#8211; Dominant Curve\"}]},{\"@type\":\"WebSite\",\"@id\":\"https:\/\/business.roovi.com\/ro\/#website\",\"url\":\"https:\/\/business.roovi.com\/ro\/\",\"name\":\"Roovi B2B\",\"description\":\"Roovi Business Website\",\"potentialAction\":[{\"@type\":\"SearchAction\",\"target\":{\"@type\":\"EntryPoint\",\"urlTemplate\":\"https:\/\/business.roovi.com\/ro\/?s={search_term_string}\"},\"query-input\":\"required name=search_term_string\"}],\"inLanguage\":\"ro-RO\"}]}<\/script>\n<!-- \/ Yoast SEO plugin. -->","yoast_head_json":{"title":"Puzzle adulti 1000 piese Wassily Kandinsky - Dominant Curve - Roovi B2B","robots":{"index":"index","follow":"follow","max-snippet":"max-snippet:-1","max-image-preview":"max-image-preview:large","max-video-preview":"max-video-preview:-1"},"canonical":"https:\/\/www.roovi.ro\/puzzle-adulti-1000-piese-wassily-kandinsky-dominant-curve\/p\/","og_locale":"ro_RO","og_type":"article","og_title":"Puzzle adulti 1000 piese Wassily Kandinsky - Dominant Curve - Roovi B2B","og_description":"Te sim\u021bi inspirat? Descoper\u0103 sensurile profunde ale celor mai renumite picturi din lume prin puzzle-uri de art\u0103! Mona Lisa, Ophelia,","og_url":"https:\/\/www.roovi.ro\/puzzle-adulti-1000-piese-wassily-kandinsky-dominant-curve\/p\/","og_site_name":"Roovi B2B","article_publisher":"https:\/\/www.facebook.com\/wwwjucariero","article_modified_time":"2025-03-18T08:43:28+00:00","og_image":[{"width":1200,"height":1200,"url":"https:\/\/business.roovi.com\/wp-content\/uploads\/2019\/04\/72849-KA-06-WEB.jpg","type":"image\/jpeg"}],"twitter_misc":{"Timp estimat pentru citire":"3 minute"},"schema":{"@context":"https:\/\/schema.org","@graph":[{"@type":"WebPage","@id":"https:\/\/business.roovi.com\/ro\/puzzle-adulti-1000-piese-wassily-kandinsky-dominant-curve\/p\/","url":"https:\/\/www.roovi.ro\/puzzle-adulti-1000-piese-wassily-kandinsky-dominant-curve\/p\/","name":"Puzzle adulti 1000 piese Wassily Kandinsky - Dominant Curve - Roovi B2B","isPartOf":{"@id":"https:\/\/business.roovi.com\/ro\/#website"},"datePublished":"2019-04-25T12:42:11+00:00","dateModified":"2025-03-18T08:43:28+00:00","breadcrumb":{"@id":"https:\/\/www.roovi.ro\/puzzle-adulti-1000-piese-wassily-kandinsky-dominant-curve\/p\/#breadcrumb"},"inLanguage":"ro-RO","potentialAction":[{"@type":"ReadAction","target":["https:\/\/www.roovi.ro\/puzzle-adulti-1000-piese-wassily-kandinsky-dominant-curve\/p\/"]}]},{"@type":"BreadcrumbList","@id":"https:\/\/www.roovi.ro\/puzzle-adulti-1000-piese-wassily-kandinsky-dominant-curve\/p\/#breadcrumb","itemListElement":[{"@type":"ListItem","position":1,"name":"Home","item":"https:\/\/business.roovi.com\/ro\/"},{"@type":"ListItem","position":2,"name":"Magazin","item":"https:\/\/business.roovi.com\/ro\/magazin\/"},{"@type":"ListItem","position":3,"name":"Puzzle adulti 1000 piese Wassily Kandinsky &#8211; Dominant Curve"}]},{"@type":"WebSite","@id":"https:\/\/business.roovi.com\/ro\/#website","url":"https:\/\/business.roovi.com\/ro\/","name":"Roovi B2B","description":"Roovi Business Website","potentialAction":[{"@type":"SearchAction","target":{"@type":"EntryPoint","urlTemplate":"https:\/\/business.roovi.com\/ro\/?s={search_term_string}"},"query-input":"required name=search_term_string"}],"inLanguage":"ro-RO"}]}},"_links":{"self":[{"href":"https:\/\/business.roovi.com\/ro\/wp-json\/wp\/v2\/product\/19848","targetHints":{"allow":["GET"]}}],"collection":[{"href":"https:\/\/business.roovi.com\/ro\/wp-json\/wp\/v2\/product"}],"about":[{"href":"https:\/\/business.roovi.com\/ro\/wp-json\/wp\/v2\/types\/product"}],"version-history":[{"count":0,"href":"https:\/\/business.roovi.com\/ro\/wp-json\/wp\/v2\/product\/19848\/revisions"}],"wp:featuredmedia":[{"embeddable":true,"href":"https:\/\/business.roovi.com\/ro\/wp-json\/wp\/v2\/media\/63517"}],"wp:attachment":[{"href":"https:\/\/business.roovi.com\/ro\/wp-json\/wp\/v2\/media?parent=19848"}],"wp:term":[{"taxonomy":"product_brand","embeddable":true,"href":"https:\/\/business.roovi.com\/ro\/wp-json\/wp\/v2\/product_brand?post=19848"},{"taxonomy":"product_cat","embeddable":true,"href":"https:\/\/business.roovi.com\/ro\/wp-json\/wp\/v2\/product_cat?post=19848"},{"taxonomy":"product_tag","embeddable":true,"href":"https:\/\/business.roovi.com\/ro\/wp-json\/wp\/v2\/product_tag?post=19848"}],"curies":[{"name":"wp","href":"https:\/\/api.w.org\/{rel}","templated":true}]}}