{"id":19850,"date":"2019-04-26T09:26:09","date_gmt":"2019-04-26T09:26:09","guid":{"rendered":"https:\/\/business.roovi.com\/product\/puzzle-kurti-andrea-owl-tales-2-1000-piese\/"},"modified":"2025-03-17T06:47:23","modified_gmt":"2025-03-17T06:47:23","slug":"puzzle-adulti-1000-piese-kurti-andrea-owl-tales-2-bufnite","status":"publish","type":"product","link":"https:\/\/business.roovi.com\/ro\/puzzle-adulti-1000-piese-kurti-andrea-owl-tales-2-bufnite\/p\/","title":{"rendered":"Puzzle adul\u021bi 1000 piese K\u00fcrti Andrea &#8211; Owl Tales 2 \/ Bufni\u021be"},"content":{"rendered":"<p><span style=\"font-weight: 400;\">\u00ce\u021bi plac puzzle-urile cu detalii superbe \u0219i te sim\u021bi ca un adev\u0103rat detectiv atunci c\u00e2nd cau\u021bi indiciile printre sutele de piese? Puzzle 1000 piese Owl Tales 2 \/ Bufni\u021be este o ilustra\u021bie deosebit\u0103 cu multe bufni\u021be concepute \u00een manier\u0103 original\u0103 de artista K\u00fcrti Andrea.<\/span><\/p>\n<p><span style=\"font-weight: 400;\">C\u00e2nd refaci puzzle 1000 piese Owl Tales 2 \/ Bufni\u021be compui mai mult dec\u00e2t o imagine incredibil\u0103: un tablou de art\u0103 care \u00ee\u021bi va \u00eenc\u00e2nta privirea \u0219i va scoate din anonimat un loc banal din locuin\u021ba ta.<\/span><\/p>\n<p><span style=\"font-weight: 400;\">O mul\u021bime de cop\u0103cei f\u0103r\u0103 frunze care sunt eclipsa\u021bi de nenum\u0103rate bufni\u021be colorate, cu aripile deschise sau rotindu-\u0219i \u00eentreb\u0103toare capul creeaz\u0103 un tablou fascinant \u00een culori armonioase ce transmit vibra\u021bii artistice.<\/span><\/p>\n<p><span style=\"font-weight: 400;\">Acest puzzle 1000 piese \u00ee\u021bi creeaz\u0103 oportunitatea de a petrece timp al\u0103turi de cei dragi. Copiii t\u0103i vor fi cu siguran\u021b\u0103 \u00eenc\u00e2nta\u021bi s\u0103 descopere minunatele bufni\u021be de culori \u0219i staturi diferite din aceast\u0103 ilustra\u021bie inedit\u0103. Antreneaz\u0103-i pe adolescen\u021bi \u00een activitatea creativ\u0103 de asamblare a jocului puzzle \u0219i g\u0103si\u021bi \u00eempreun\u0103 mai multe informa\u021bii despre fascinantele creaturi nocturne.<\/span><\/p>\n<p><strong>De ce s\u0103 alegi puzzle 1000 piese K\u00fcrti Andrea &#8211; Owl Tales 2 \/ Bufni\u021be?<\/strong><\/p>\n<p><span style=\"font-weight: 400;\">F\u0103ure\u0219ti cu m\u00e2inile tale (sau ajutat de copii) un tablou decorativ cu dimensiunile de 50 x 70 cm.<\/span><\/p>\n<p><span style=\"font-weight: 400;\">Este un joc puzzle produs din carton albastru calitativ, foarte rezistent la utiliz\u0103ri multiple.<\/span><\/p>\n<p><span style=\"font-weight: 400;\">Piesele au grosimea de 2 mm ceea ce le face s\u0103 nu se deterioreze dac\u0103 imaginea este ref\u0103cut\u0103 de nenum\u0103rate ori.<\/span><\/p>\n<p><span style=\"font-weight: 400;\">Iubim natura \u0219i utiliz\u0103m materiale reciclabile \u0219i sustenabile pentru realizarea jocurilor puzzle.<\/span><\/p>\n<p><span style=\"font-weight: 400;\">Finisajele sunt semi-lucioase \u0219i scot \u00een eviden\u021b\u0103 culorile vibrante.<\/span><\/p>\n<p><span style=\"font-weight: 400;\">Este perfect pentru cei peste 14 ani, de aceea te \u00eencuraj\u0103m s\u0103 refaci imaginea \u00eempreun\u0103 cu adolescen\u021bii pentru a le insufla pasiunea pentru puzzle-urile de calitate.<\/span><\/p>\n<p><span style=\"font-weight: 400;\">Puzzle 1000 piese te ajut\u0103 s\u0103-\u021bi dezvol\u021bi abilit\u0103\u021bi de care ai nevoie \u00een activit\u0103\u021bile curente:<\/span><\/p>\n<ul>\n<li><span style=\"font-weight: 400;\">Aten\u021bia pentru am\u0103nuntele fine.<\/span><\/li>\n<li><span style=\"font-weight: 400;\">Perseveren\u021ba \u00een atingerea obiectivelor propuse.<\/span><\/li>\n<li><span style=\"font-weight: 400;\">Capacitatea de concentrare \u00een rezolvarea sarcinilor meticuloase.<\/span><\/li>\n<li><span style=\"font-weight: 400;\">Motricitatea fin\u0103 \u0219i coordonarea ochi-m\u00e2n\u0103.<\/span><\/li>\n<li><span style=\"font-weight: 400;\">Memoria pe termen scurt.<\/span><\/li>\n<li><span style=\"font-weight: 400;\">Creativitatea de care ai nevoie \u00een toate aspectele vie\u021bii.<\/span><\/li>\n<\/ul>\n<p><strong>\u0218tiai c\u0103\u2026?<\/strong><\/p>\n<p><span style=\"font-weight: 400;\">Bufni\u021bele ador\u0103 s\u0103 v\u00e2neze arici. Nu se tem de \u021bepii acestora pentru c\u0103 au gheare puternice care le protejeaz\u0103.<\/span><\/p>\n<p><span style=\"font-weight: 400;\">Femelele bufni\u021b\u0103 sunt, de regul\u0103, mai mari dec\u00e2t masculii bufni\u021b\u0103 \u0219i, de asemenea mai agresive.<\/span><\/p>\n<p><span style=\"font-weight: 400;\">Exist\u0103 o specie de bufni\u021be care tr\u0103iesc \u00een g\u0103urile produse de cioc\u0103nitoare \u00een cactu\u0219ii gigantici.<\/span><\/p>\n<p><span style=\"font-weight: 400;\">Bufni\u021ba elf este specia cea mai mic\u0103, dar \u0219i cea mai inteligent\u0103 de bufni\u021be.<\/span><\/p>\n<p><span style=\"font-weight: 400;\">Unele specii, dac\u0103 nu g\u0103sesc suficient\u0103 hran\u0103, \u00ee\u0219i m\u0103n\u00e2nc\u0103 proprii pui.<\/span><\/p>\n<p><span style=\"font-weight: 400;\">Bufni\u021ba polar\u0103 produce un sunet asem\u0103n\u0103tor p\u0103s\u0103rilor\u00a0 marine.<\/span><\/p>\n<p><strong>Jocurile puzzle sau cum s\u0103-\u021bi cre\u0219ti productivitatea<\/strong><\/p>\n<p><span style=\"font-weight: 400;\">Se pare c\u0103 pasiunea pentru jocurile puzzle este mai mult dec\u00e2t o modalitate de relaxare \u0219i deconectare de la cotidian. Concentrarea intens\u0103, precum \u0219i deta\u0219area pe care le experimentezi atunci c\u00e2nd stai cu orele \u00een fa\u021ba unei imagini din puzzle 1000 piese, \u00ee\u021bi ajut\u0103 mintea s\u0103 se focuseze pe o singur\u0103 sarcin\u0103 \u0219i s\u0103 dep\u0103\u0219easc\u0103 barierele mentale care \u00ee\u021bi dicteaz\u0103 retoricul <\/span><em><span style=\"font-weight: 400;\">nu se poate<\/span><\/em><span style=\"font-weight: 400;\">. \u0218i ajungi s\u0103 po\u021bi \u0219i s\u0103-\u021bi dep\u0103\u0219e\u0219ti limitele \u0219i s\u0103 fii productiv.<\/span><\/p>\n<p><span style=\"font-weight: 400;\">Nu-i de mirare c\u0103 multe companii din marile ora\u0219e amenajeaz\u0103 \u00een locurile de relaxare \u0219i spa\u021bii \u00een care angaja\u021bii pot s\u0103 fac\u0103 puzzle. Au observat cu siguran\u021b\u0103 efectele benefice asupra productivit\u0103\u021bii pe care le au minunatele jocuri puzzle.<\/span><\/p>\n<p><span style=\"font-weight: 400;\">Cump\u0103r\u0103 puzzle 1000 piese K\u00fcrti Andrea &#8211; Owl Tales \/ Bufni\u021be \u0219i experimenteaz\u0103 toate avantajele pe care \u0219i le ofer\u0103 un joc puzzle. Dac\u0103 vrei s\u0103 surprinzi pl\u0103cut un prieten la fel de pasionat, acest puzzle adul\u021bi este cadoul ideal.<\/span><\/p>\n","protected":false},"excerpt":{"rendered":"<p>\u00ce\u021bi plac puzzle-urile cu detalii superbe \u0219i te sim\u021bi ca un adev\u0103rat detectiv atunci c\u00e2nd cau\u021bi indiciile printre sutele de<\/p>\n","protected":false},"featured_media":9633,"template":"","meta":[],"product_brand":[],"product_cat":[1454,1488,1560],"product_tag":[],"class_list":{"0":"post-19850","1":"product","2":"type-product","3":"status-publish","4":"has-post-thumbnail","6":"product_cat-puzzle","7":"product_cat-puzzle-adulti","8":"product_cat-puzzle-adulti-1000","9":"pa_brand-d_toys","10":"pa_country_of_manufacture-ro","11":"pa_filter_age-1315","12":"pa_painter-kurtiandrea","13":"pa_tip_ambalaj-cutie","14":"pa_tip_puzzle-clasic","16":"first","17":"instock","18":"taxable","19":"shipping-taxable","20":"product-type-simple"},"yoast_head":"<!-- This site is optimized with the Yoast SEO plugin v20.1 - https:\/\/yoast.com\/wordpress\/plugins\/seo\/ -->\n<title>Puzzle adul\u021bi 1000 piese K\u00fcrti Andrea - Owl Tales 2 \/ Bufni\u021be - Roovi B2B<\/title>\n<meta name=\"robots\" content=\"index, follow, max-snippet:-1, max-image-preview:large, max-video-preview:-1\" \/>\n<link rel=\"canonical\" href=\"https:\/\/www.roovi.ro\/puzzle-adulti-1000-piese-kurti-andrea-owl-tales-2-bufnite\/p\/\" \/>\n<meta property=\"og:locale\" content=\"ro_RO\" \/>\n<meta property=\"og:type\" content=\"article\" \/>\n<meta property=\"og:title\" content=\"Puzzle adul\u021bi 1000 piese K\u00fcrti Andrea - Owl Tales 2 \/ Bufni\u021be - Roovi B2B\" \/>\n<meta property=\"og:description\" content=\"\u00ce\u021bi plac puzzle-urile cu detalii superbe \u0219i te sim\u021bi ca un adev\u0103rat detectiv atunci c\u00e2nd cau\u021bi indiciile printre sutele de\" \/>\n<meta property=\"og:url\" content=\"https:\/\/www.roovi.ro\/puzzle-adulti-1000-piese-kurti-andrea-owl-tales-2-bufnite\/p\/\" \/>\n<meta property=\"og:site_name\" content=\"Roovi B2B\" \/>\n<meta property=\"article:publisher\" content=\"https:\/\/www.facebook.com\/wwwjucariero\" \/>\n<meta property=\"article:modified_time\" content=\"2025-03-17T06:47:23+00:00\" \/>\n<meta property=\"og:image\" content=\"https:\/\/business.roovi.com\/wp-content\/uploads\/2019\/04\/75758-02_ansamblu_dimensiuni_cutie_cm_vertical_1200x1200.png\" \/>\n\t<meta property=\"og:image:width\" content=\"1200\" \/>\n\t<meta property=\"og:image:height\" content=\"1200\" \/>\n\t<meta property=\"og:image:type\" content=\"image\/png\" \/>\n<meta name=\"twitter:label1\" content=\"Timp estimat pentru citire\" \/>\n\t<meta name=\"twitter:data1\" content=\"3 minute\" \/>\n<script type=\"application\/ld+json\" class=\"yoast-schema-graph\">{\"@context\":\"https:\/\/schema.org\",\"@graph\":[{\"@type\":\"WebPage\",\"@id\":\"https:\/\/business.roovi.com\/ro\/puzzle-adulti-1000-piese-kurti-andrea-owl-tales-2-bufnite\/p\/\",\"url\":\"https:\/\/www.roovi.ro\/puzzle-adulti-1000-piese-kurti-andrea-owl-tales-2-bufnite\/p\/\",\"name\":\"Puzzle adul\u021bi 1000 piese K\u00fcrti Andrea - Owl Tales 2 \/ Bufni\u021be - Roovi B2B\",\"isPartOf\":{\"@id\":\"https:\/\/business.roovi.com\/ro\/#website\"},\"datePublished\":\"2019-04-26T09:26:09+00:00\",\"dateModified\":\"2025-03-17T06:47:23+00:00\",\"breadcrumb\":{\"@id\":\"https:\/\/www.roovi.ro\/puzzle-adulti-1000-piese-kurti-andrea-owl-tales-2-bufnite\/p\/#breadcrumb\"},\"inLanguage\":\"ro-RO\",\"potentialAction\":[{\"@type\":\"ReadAction\",\"target\":[\"https:\/\/www.roovi.ro\/puzzle-adulti-1000-piese-kurti-andrea-owl-tales-2-bufnite\/p\/\"]}]},{\"@type\":\"BreadcrumbList\",\"@id\":\"https:\/\/www.roovi.ro\/puzzle-adulti-1000-piese-kurti-andrea-owl-tales-2-bufnite\/p\/#breadcrumb\",\"itemListElement\":[{\"@type\":\"ListItem\",\"position\":1,\"name\":\"Home\",\"item\":\"https:\/\/business.roovi.com\/ro\/\"},{\"@type\":\"ListItem\",\"position\":2,\"name\":\"Magazin\",\"item\":\"https:\/\/business.roovi.com\/ro\/magazin\/\"},{\"@type\":\"ListItem\",\"position\":3,\"name\":\"Puzzle adul\u021bi 1000 piese K\u00fcrti Andrea &#8211; Owl Tales 2 \/ Bufni\u021be\"}]},{\"@type\":\"WebSite\",\"@id\":\"https:\/\/business.roovi.com\/ro\/#website\",\"url\":\"https:\/\/business.roovi.com\/ro\/\",\"name\":\"Roovi B2B\",\"description\":\"Roovi Business Website\",\"potentialAction\":[{\"@type\":\"SearchAction\",\"target\":{\"@type\":\"EntryPoint\",\"urlTemplate\":\"https:\/\/business.roovi.com\/ro\/?s={search_term_string}\"},\"query-input\":\"required name=search_term_string\"}],\"inLanguage\":\"ro-RO\"}]}<\/script>\n<!-- \/ Yoast SEO plugin. -->","yoast_head_json":{"title":"Puzzle adul\u021bi 1000 piese K\u00fcrti Andrea - Owl Tales 2 \/ Bufni\u021be - Roovi B2B","robots":{"index":"index","follow":"follow","max-snippet":"max-snippet:-1","max-image-preview":"max-image-preview:large","max-video-preview":"max-video-preview:-1"},"canonical":"https:\/\/www.roovi.ro\/puzzle-adulti-1000-piese-kurti-andrea-owl-tales-2-bufnite\/p\/","og_locale":"ro_RO","og_type":"article","og_title":"Puzzle adul\u021bi 1000 piese K\u00fcrti Andrea - Owl Tales 2 \/ Bufni\u021be - Roovi B2B","og_description":"\u00ce\u021bi plac puzzle-urile cu detalii superbe \u0219i te sim\u021bi ca un adev\u0103rat detectiv atunci c\u00e2nd cau\u021bi indiciile printre sutele de","og_url":"https:\/\/www.roovi.ro\/puzzle-adulti-1000-piese-kurti-andrea-owl-tales-2-bufnite\/p\/","og_site_name":"Roovi B2B","article_publisher":"https:\/\/www.facebook.com\/wwwjucariero","article_modified_time":"2025-03-17T06:47:23+00:00","og_image":[{"width":1200,"height":1200,"url":"https:\/\/business.roovi.com\/wp-content\/uploads\/2019\/04\/75758-02_ansamblu_dimensiuni_cutie_cm_vertical_1200x1200.png","type":"image\/png"}],"twitter_misc":{"Timp estimat pentru citire":"3 minute"},"schema":{"@context":"https:\/\/schema.org","@graph":[{"@type":"WebPage","@id":"https:\/\/business.roovi.com\/ro\/puzzle-adulti-1000-piese-kurti-andrea-owl-tales-2-bufnite\/p\/","url":"https:\/\/www.roovi.ro\/puzzle-adulti-1000-piese-kurti-andrea-owl-tales-2-bufnite\/p\/","name":"Puzzle adul\u021bi 1000 piese K\u00fcrti Andrea - Owl Tales 2 \/ Bufni\u021be - Roovi B2B","isPartOf":{"@id":"https:\/\/business.roovi.com\/ro\/#website"},"datePublished":"2019-04-26T09:26:09+00:00","dateModified":"2025-03-17T06:47:23+00:00","breadcrumb":{"@id":"https:\/\/www.roovi.ro\/puzzle-adulti-1000-piese-kurti-andrea-owl-tales-2-bufnite\/p\/#breadcrumb"},"inLanguage":"ro-RO","potentialAction":[{"@type":"ReadAction","target":["https:\/\/www.roovi.ro\/puzzle-adulti-1000-piese-kurti-andrea-owl-tales-2-bufnite\/p\/"]}]},{"@type":"BreadcrumbList","@id":"https:\/\/www.roovi.ro\/puzzle-adulti-1000-piese-kurti-andrea-owl-tales-2-bufnite\/p\/#breadcrumb","itemListElement":[{"@type":"ListItem","position":1,"name":"Home","item":"https:\/\/business.roovi.com\/ro\/"},{"@type":"ListItem","position":2,"name":"Magazin","item":"https:\/\/business.roovi.com\/ro\/magazin\/"},{"@type":"ListItem","position":3,"name":"Puzzle adul\u021bi 1000 piese K\u00fcrti Andrea &#8211; Owl Tales 2 \/ Bufni\u021be"}]},{"@type":"WebSite","@id":"https:\/\/business.roovi.com\/ro\/#website","url":"https:\/\/business.roovi.com\/ro\/","name":"Roovi B2B","description":"Roovi Business Website","potentialAction":[{"@type":"SearchAction","target":{"@type":"EntryPoint","urlTemplate":"https:\/\/business.roovi.com\/ro\/?s={search_term_string}"},"query-input":"required name=search_term_string"}],"inLanguage":"ro-RO"}]}},"_links":{"self":[{"href":"https:\/\/business.roovi.com\/ro\/wp-json\/wp\/v2\/product\/19850","targetHints":{"allow":["GET"]}}],"collection":[{"href":"https:\/\/business.roovi.com\/ro\/wp-json\/wp\/v2\/product"}],"about":[{"href":"https:\/\/business.roovi.com\/ro\/wp-json\/wp\/v2\/types\/product"}],"version-history":[{"count":0,"href":"https:\/\/business.roovi.com\/ro\/wp-json\/wp\/v2\/product\/19850\/revisions"}],"wp:featuredmedia":[{"embeddable":true,"href":"https:\/\/business.roovi.com\/ro\/wp-json\/wp\/v2\/media\/9633"}],"wp:attachment":[{"href":"https:\/\/business.roovi.com\/ro\/wp-json\/wp\/v2\/media?parent=19850"}],"wp:term":[{"taxonomy":"product_brand","embeddable":true,"href":"https:\/\/business.roovi.com\/ro\/wp-json\/wp\/v2\/product_brand?post=19850"},{"taxonomy":"product_cat","embeddable":true,"href":"https:\/\/business.roovi.com\/ro\/wp-json\/wp\/v2\/product_cat?post=19850"},{"taxonomy":"product_tag","embeddable":true,"href":"https:\/\/business.roovi.com\/ro\/wp-json\/wp\/v2\/product_tag?post=19850"}],"curies":[{"name":"wp","href":"https:\/\/api.w.org\/{rel}","templated":true}]}}