{"id":19851,"date":"2019-05-08T15:26:25","date_gmt":"2019-05-08T15:26:25","guid":{"rendered":"https:\/\/business.roovi.com\/product\/encyclopedia-puzzle-frogs-1000-piese\/"},"modified":"2025-03-19T07:27:13","modified_gmt":"2025-03-19T07:27:13","slug":"encyclopedia-puzzle-frogs-1000-piese","status":"publish","type":"product","link":"https:\/\/business.roovi.com\/ro\/encyclopedia-puzzle-frogs-1000-piese\/p\/","title":{"rendered":"Puzzle adul\u021bi 1000 piese Encyclopedia &#8211; Frogs \/ Broa\u0219te"},"content":{"rendered":"<h3><b>Dac\u0103 jocurile puzzle sunt pasiunea ta, colec\u021bia Puzzle Enciclopedia \u00ee\u021bi va st\u00e2rni cu siguran\u021b\u0103 curiozitatea. Pune piesele \u00een ordine \u0219i ob\u021bine tablouri uimitoare care oric\u00e2nd pot deveni obiecte originale de decor.<\/b><\/h3>\n<p><span style=\"font-weight: 400;\">Puzzle 1000 piese Encyclopedia &#8211; Frogs prezint\u0103 o imagine cu mai multe broa\u0219te, a\u0219a cum le g\u0103se\u0219ti \u00eentr-o pagin\u0103 clasic\u0103 de atlas.<\/span><\/p>\n<p><span style=\"font-weight: 400;\">Acest joc puzzle inedit poate deveni oric\u00e2nd un prilej de socializare sau apropiere de cei dragi. Pune piesele pe o m\u0103su\u021b\u0103 standard de cafea, preg\u0103te\u0219te un ceai aromat \u0219i prive\u0219te cum cei dragi din familia ta graviteaz\u0103 \u00een jurul lui.\u00a0<\/span><\/p>\n<p><span style=\"font-weight: 400;\">Puzzle 1000 piese Broa\u0219te din colec\u021bia puzzle Enciclopedia conecteaz\u0103 oamenii \u0219i, \u00een plus, aduce multe ore de distrac\u021bie \u0219i veselie \u00een casa ta. Copiii t\u0103i vor fi \u00eenc\u00e2nta\u021bi s\u0103 creeze fiecare broscu\u021b\u0103 din piesele de puzzle 1000 \u0219i se vor bucura nespus c\u0103 pot petrece un timp de calitate al\u0103turi de tine.<\/span><\/p>\n<p><span style=\"font-weight: 400;\">Puzzle adul\u021bi 1000 piese Encyclopedia &#8211; Frogs\/Broa\u0219te este produs din carton de calitate superioar\u0103 ce \u00eei confer\u0103 rezisten\u021b\u0103 \u00een timp. Astfel, po\u021bi \u021bine \u00een cas\u0103 acest joc puzzle minunat \u0219i \u00eel po\u021bi reface oric\u00e2nd sim\u021bi nevoia unei provoc\u0103ri creative f\u0103r\u0103 ca piesele s\u0103 se deterioreze. Imaginea va fi la fiecare asamblare impecabil\u0103.<\/span><\/p>\n<h3><b>De ce s\u0103 alegi un puzzle 1000 piese din colec\u021bia Puzzle Enciclopedia?<\/b><\/h3>\n<p><span style=\"font-weight: 400;\">Este o modalitate relaxant\u0103 pentru a-\u021bi petrece timpul liber alc\u0103tuind \u00een acela\u0219i timp un tablou inedit cu o pagin\u0103 dintr-o enciclopedie.<\/span><\/p>\n<p><span style=\"font-weight: 400;\">Tabloul ob\u021binut are dimensiunile de 68 x 47 cm, suficient de mare pentru a constitui o pies\u0103 central\u0103 de decor.<\/span><\/p>\n<p><span style=\"font-weight: 400;\">Iubim natura \u0219i folosim pentru a produce puzzle-urile noastre doar materiale sustenabile \u0219i reciclabile.<\/span><\/p>\n<p><span style=\"font-weight: 400;\">Finisajul este semi-lucios, \u00een culori vii ce scot \u00een eviden\u021b\u0103 claritatea imaginii.<\/span><\/p>\n<p><span style=\"font-weight: 400;\">Este potrivit persoanelor peste 14 ani, un prilej minunat pentru a le trezi adolescen\u021bilor interesul pentru studiul enciclopediilor.<\/span><\/p>\n<p><strong>Un puzzle adul\u021bi 1000 piese este o activitate recreativ\u0103 cu beneficii multiple care se reflect\u0103 pe mai multe planuri:<\/strong><\/p>\n<ul>\n<li><span style=\"font-weight: 400;\">\u00ce\u021bi cultiv\u0103 aten\u021bia \u0219i r\u0103bdarea.<\/span><\/li>\n<li><span style=\"font-weight: 400;\">\u00ce\u021bi dezvolt\u0103 capacitatea de concentrare \u0219i memoria.<\/span><\/li>\n<li><span style=\"font-weight: 400;\">Te ajut\u0103 s\u0103 de destresezi \u0219i s\u0103 ai un somn odihnitor.<\/span><\/li>\n<li><span style=\"font-weight: 400;\">Este un prilej de reconectare cu tine \u0219i de relaxare profund\u0103.<\/span><\/li>\n<li><span style=\"font-weight: 400;\">Poate fi \u0219i o modalitate uimitoare de distrac\u021bie \u0219i socializare cu grupul de prieteni.<\/span><\/li>\n<\/ul>\n<h3><b>\u0218tiai c\u0103\u2026<\/b><\/h3>\n<p><span style=\"font-weight: 400;\">Jocurile puzzle te ajut\u0103 s\u0103 g\u00e2nde\u0219ti <\/span><i><span style=\"font-weight: 400;\">out of the box<\/span><\/i><span style=\"font-weight: 400;\">. \u00cen timpul activit\u0103\u021bii de asamblare \u00eenve\u021bi s\u0103 lucrezi metodic \u0219i s\u0103 ai r\u0103bdare pentru c\u0103 ai nevoie de timp \u00een a-\u021bi atinge fiecare obiectiv propus. De asemenea, este posibil ca prin intermediul jocului puzzle s\u0103-\u021bi descoperi noi abilit\u0103\u021bi sau s\u0103 realizezi c\u0103 te po\u021bi adapta u\u0219or la diverse situa\u021bii.<\/span><\/p>\n<p><span style=\"font-weight: 400;\">Activitatea de asamblare a jocurilor puzzle \u00ee\u021bi antreneaz\u0103 simultan ambele emisfere cerebrale. Astfel, reu\u0219e\u0219ti s\u0103 \u00ee\u021bi folose\u0219ti logica \u0219i s\u0103 g\u00e2nde\u0219ti creativ \u00een acela\u0219i timp. Jocul puzzle este a\u0219adar un antrenament care \u00eent\u0103re\u0219te capacitatea de a rezolva probleme \u0219i aten\u021bia la detalii pentru un timp \u00eendelungat.\u00a0<\/span><\/p>\n<h3><b>Puzzle adul\u021bi 1000 piese Encyclopedia &#8211; Frogs\/Broa\u0219te &#8211; o <\/b><b>\u201e<\/b><b>detoxifiere<\/b><b>\u201d<\/b><b> de la ecrane\u00a0<\/b><\/h3>\n<p><span style=\"font-weight: 400;\">Ai \u00eenceput vreodat\u0103 un joc puzzle \u0219i au trecut multe ore f\u0103r\u0103 s\u0103 \u00ee\u021bi verifici telefonul mobil sau f\u0103r\u0103 a deschide televizorul pe fundal? Puzzle 1000 piese<\/span><span style=\"font-weight: 400;\"> Encyclopedia &#8211; Frogs\/Broa\u0219te are aceast\u0103 putere magic\u0103 de a te \u021bine conectat un timp \u00eendelungat. \u00cen plus, d\u0103 dependen\u021b\u0103 \u0219i-\u021bi vei dori s\u0103 repe\u021bi aceast\u0103 experien\u021b\u0103 de relaxare de fiecare dat\u0103i c\u00e2nd ai c\u00e2teva ore libere.<\/span><\/p>\n<p><span style=\"font-weight: 400;\">Alege puzzle adul\u021bi 1000 piese Broa\u0219te din colec\u021bia Puzzle Enciclopedia pentru a-l reface \u00eempreun\u0103 cu cei dragi sau pentru momentele \u00een care sim\u021bi nevoia s\u0103 fii doar tu cu g\u00e2ndurile tale. Bucur\u0103-te de momente de bucurie \u0219i satisfac\u021bie \u00een compania unui joc puzzle inedit.<\/span><\/p>\n<p>&nbsp;<\/p>\n","protected":false},"excerpt":{"rendered":"<p>Dac\u0103 jocurile puzzle sunt pasiunea ta, colec\u021bia Puzzle Enciclopedia \u00ee\u021bi va st\u00e2rni cu siguran\u021b\u0103 curiozitatea. Pune piesele \u00een ordine \u0219i<\/p>\n","protected":false},"featured_media":59645,"template":"","meta":[],"product_brand":[],"product_cat":[1454,1488,1560],"product_tag":[],"class_list":{"0":"post-19851","1":"product","2":"type-product","3":"status-publish","4":"has-post-thumbnail","6":"product_cat-puzzle","7":"product_cat-puzzle-adulti","8":"product_cat-puzzle-adulti-1000","9":"pa_brand-deico","10":"pa_country_of_manufacture-ro","11":"pa_filter_age-1315","12":"pa_tip_ambalaj-cutie","13":"pa_tip_puzzle-clasic","15":"first","16":"instock","17":"taxable","18":"shipping-taxable","19":"product-type-simple"},"yoast_head":"<!-- This site is optimized with the Yoast SEO plugin v20.1 - https:\/\/yoast.com\/wordpress\/plugins\/seo\/ -->\n<title>Puzzle adul\u021bi 1000 piese Encyclopedia - Frogs \/ Broa\u0219te - Roovi B2B<\/title>\n<meta name=\"robots\" content=\"index, follow, max-snippet:-1, max-image-preview:large, max-video-preview:-1\" \/>\n<link rel=\"canonical\" href=\"https:\/\/www.roovi.ro\/encyclopedia-puzzle-frogs-1000-piese\/p\/\" \/>\n<meta property=\"og:locale\" content=\"ro_RO\" \/>\n<meta property=\"og:type\" content=\"article\" \/>\n<meta property=\"og:title\" content=\"Puzzle adul\u021bi 1000 piese Encyclopedia - Frogs \/ Broa\u0219te - Roovi B2B\" \/>\n<meta property=\"og:description\" content=\"Dac\u0103 jocurile puzzle sunt pasiunea ta, colec\u021bia Puzzle Enciclopedia \u00ee\u021bi va st\u00e2rni cu siguran\u021b\u0103 curiozitatea. Pune piesele \u00een ordine \u0219i\" \/>\n<meta property=\"og:url\" content=\"https:\/\/www.roovi.ro\/encyclopedia-puzzle-frogs-1000-piese\/p\/\" \/>\n<meta property=\"og:site_name\" content=\"Roovi B2B\" \/>\n<meta property=\"article:publisher\" content=\"https:\/\/www.facebook.com\/wwwjucariero\" \/>\n<meta property=\"article:modified_time\" content=\"2025-03-19T07:27:13+00:00\" \/>\n<meta property=\"og:image\" content=\"https:\/\/business.roovi.com\/wp-content\/uploads\/2019\/05\/75703-Ansamblu_dimensiuni-cutie-cm_vertical.png\" \/>\n\t<meta property=\"og:image:width\" content=\"1200\" \/>\n\t<meta property=\"og:image:height\" content=\"1200\" \/>\n\t<meta property=\"og:image:type\" content=\"image\/png\" \/>\n<meta name=\"twitter:label1\" content=\"Timp estimat pentru citire\" \/>\n\t<meta name=\"twitter:data1\" content=\"3 minute\" \/>\n<script type=\"application\/ld+json\" class=\"yoast-schema-graph\">{\"@context\":\"https:\/\/schema.org\",\"@graph\":[{\"@type\":\"WebPage\",\"@id\":\"https:\/\/business.roovi.com\/ro\/encyclopedia-puzzle-frogs-1000-piese\/p\/\",\"url\":\"https:\/\/www.roovi.ro\/encyclopedia-puzzle-frogs-1000-piese\/p\/\",\"name\":\"Puzzle adul\u021bi 1000 piese Encyclopedia - Frogs \/ Broa\u0219te - Roovi B2B\",\"isPartOf\":{\"@id\":\"https:\/\/business.roovi.com\/ro\/#website\"},\"datePublished\":\"2019-05-08T15:26:25+00:00\",\"dateModified\":\"2025-03-19T07:27:13+00:00\",\"breadcrumb\":{\"@id\":\"https:\/\/www.roovi.ro\/encyclopedia-puzzle-frogs-1000-piese\/p\/#breadcrumb\"},\"inLanguage\":\"ro-RO\",\"potentialAction\":[{\"@type\":\"ReadAction\",\"target\":[\"https:\/\/www.roovi.ro\/encyclopedia-puzzle-frogs-1000-piese\/p\/\"]}]},{\"@type\":\"BreadcrumbList\",\"@id\":\"https:\/\/www.roovi.ro\/encyclopedia-puzzle-frogs-1000-piese\/p\/#breadcrumb\",\"itemListElement\":[{\"@type\":\"ListItem\",\"position\":1,\"name\":\"Home\",\"item\":\"https:\/\/business.roovi.com\/ro\/\"},{\"@type\":\"ListItem\",\"position\":2,\"name\":\"Magazin\",\"item\":\"https:\/\/business.roovi.com\/ro\/magazin\/\"},{\"@type\":\"ListItem\",\"position\":3,\"name\":\"Puzzle adul\u021bi 1000 piese Encyclopedia &#8211; Frogs \/ Broa\u0219te\"}]},{\"@type\":\"WebSite\",\"@id\":\"https:\/\/business.roovi.com\/ro\/#website\",\"url\":\"https:\/\/business.roovi.com\/ro\/\",\"name\":\"Roovi B2B\",\"description\":\"Roovi Business Website\",\"potentialAction\":[{\"@type\":\"SearchAction\",\"target\":{\"@type\":\"EntryPoint\",\"urlTemplate\":\"https:\/\/business.roovi.com\/ro\/?s={search_term_string}\"},\"query-input\":\"required name=search_term_string\"}],\"inLanguage\":\"ro-RO\"}]}<\/script>\n<!-- \/ Yoast SEO plugin. -->","yoast_head_json":{"title":"Puzzle adul\u021bi 1000 piese Encyclopedia - Frogs \/ Broa\u0219te - Roovi B2B","robots":{"index":"index","follow":"follow","max-snippet":"max-snippet:-1","max-image-preview":"max-image-preview:large","max-video-preview":"max-video-preview:-1"},"canonical":"https:\/\/www.roovi.ro\/encyclopedia-puzzle-frogs-1000-piese\/p\/","og_locale":"ro_RO","og_type":"article","og_title":"Puzzle adul\u021bi 1000 piese Encyclopedia - Frogs \/ Broa\u0219te - Roovi B2B","og_description":"Dac\u0103 jocurile puzzle sunt pasiunea ta, colec\u021bia Puzzle Enciclopedia \u00ee\u021bi va st\u00e2rni cu siguran\u021b\u0103 curiozitatea. Pune piesele \u00een ordine \u0219i","og_url":"https:\/\/www.roovi.ro\/encyclopedia-puzzle-frogs-1000-piese\/p\/","og_site_name":"Roovi B2B","article_publisher":"https:\/\/www.facebook.com\/wwwjucariero","article_modified_time":"2025-03-19T07:27:13+00:00","og_image":[{"width":1200,"height":1200,"url":"https:\/\/business.roovi.com\/wp-content\/uploads\/2019\/05\/75703-Ansamblu_dimensiuni-cutie-cm_vertical.png","type":"image\/png"}],"twitter_misc":{"Timp estimat pentru citire":"3 minute"},"schema":{"@context":"https:\/\/schema.org","@graph":[{"@type":"WebPage","@id":"https:\/\/business.roovi.com\/ro\/encyclopedia-puzzle-frogs-1000-piese\/p\/","url":"https:\/\/www.roovi.ro\/encyclopedia-puzzle-frogs-1000-piese\/p\/","name":"Puzzle adul\u021bi 1000 piese Encyclopedia - Frogs \/ Broa\u0219te - Roovi B2B","isPartOf":{"@id":"https:\/\/business.roovi.com\/ro\/#website"},"datePublished":"2019-05-08T15:26:25+00:00","dateModified":"2025-03-19T07:27:13+00:00","breadcrumb":{"@id":"https:\/\/www.roovi.ro\/encyclopedia-puzzle-frogs-1000-piese\/p\/#breadcrumb"},"inLanguage":"ro-RO","potentialAction":[{"@type":"ReadAction","target":["https:\/\/www.roovi.ro\/encyclopedia-puzzle-frogs-1000-piese\/p\/"]}]},{"@type":"BreadcrumbList","@id":"https:\/\/www.roovi.ro\/encyclopedia-puzzle-frogs-1000-piese\/p\/#breadcrumb","itemListElement":[{"@type":"ListItem","position":1,"name":"Home","item":"https:\/\/business.roovi.com\/ro\/"},{"@type":"ListItem","position":2,"name":"Magazin","item":"https:\/\/business.roovi.com\/ro\/magazin\/"},{"@type":"ListItem","position":3,"name":"Puzzle adul\u021bi 1000 piese Encyclopedia &#8211; Frogs \/ Broa\u0219te"}]},{"@type":"WebSite","@id":"https:\/\/business.roovi.com\/ro\/#website","url":"https:\/\/business.roovi.com\/ro\/","name":"Roovi B2B","description":"Roovi Business Website","potentialAction":[{"@type":"SearchAction","target":{"@type":"EntryPoint","urlTemplate":"https:\/\/business.roovi.com\/ro\/?s={search_term_string}"},"query-input":"required name=search_term_string"}],"inLanguage":"ro-RO"}]}},"_links":{"self":[{"href":"https:\/\/business.roovi.com\/ro\/wp-json\/wp\/v2\/product\/19851","targetHints":{"allow":["GET"]}}],"collection":[{"href":"https:\/\/business.roovi.com\/ro\/wp-json\/wp\/v2\/product"}],"about":[{"href":"https:\/\/business.roovi.com\/ro\/wp-json\/wp\/v2\/types\/product"}],"version-history":[{"count":0,"href":"https:\/\/business.roovi.com\/ro\/wp-json\/wp\/v2\/product\/19851\/revisions"}],"wp:featuredmedia":[{"embeddable":true,"href":"https:\/\/business.roovi.com\/ro\/wp-json\/wp\/v2\/media\/59645"}],"wp:attachment":[{"href":"https:\/\/business.roovi.com\/ro\/wp-json\/wp\/v2\/media?parent=19851"}],"wp:term":[{"taxonomy":"product_brand","embeddable":true,"href":"https:\/\/business.roovi.com\/ro\/wp-json\/wp\/v2\/product_brand?post=19851"},{"taxonomy":"product_cat","embeddable":true,"href":"https:\/\/business.roovi.com\/ro\/wp-json\/wp\/v2\/product_cat?post=19851"},{"taxonomy":"product_tag","embeddable":true,"href":"https:\/\/business.roovi.com\/ro\/wp-json\/wp\/v2\/product_tag?post=19851"}],"curies":[{"name":"wp","href":"https:\/\/api.w.org\/{rel}","templated":true}]}}