{"id":19853,"date":"2019-05-09T07:38:13","date_gmt":"2019-05-09T07:38:13","guid":{"rendered":"https:\/\/business.roovi.com\/product\/animal-puzzle-winter-owl-1000-piese\/"},"modified":"2025-03-19T07:09:59","modified_gmt":"2025-03-19T07:09:59","slug":"puzzle-adulti-1000-piese-animal-puzzle-bufnita-iarna","status":"publish","type":"product","link":"https:\/\/business.roovi.com\/ro\/puzzle-adulti-1000-piese-animal-puzzle-bufnita-iarna\/p\/","title":{"rendered":"Puzzle adul\u021bi 1000 piese &#8211; Animal Puzzle &#8211; Bufni\u021b\u0103 iarna"},"content":{"rendered":"<p><span style=\"font-weight: 400;\">\u0218tiai c\u0103 bufni\u021ba este simbolul \u00een\u021belepciunii \u0219i ocrotitoarea destinului \u00een unele culturi antice? Se spune c\u0103 un obiect ce \u00eenf\u0103\u021bi\u0219eaz\u0103 aceast\u0103 pas\u0103re nocturn\u0103 este bine de p\u0103strat \u00een cas\u0103. Completeaz\u0103 imaginea din puzzle 1000 piese Bufni\u021b\u0103 iarna \u0219i creeaz\u0103-\u021bi un talisman inedit.<\/span><\/p>\n<p><span style=\"font-weight: 400;\">Fie c\u0103 e\u0219ti pasionat de simbolistic\u0103, de natur\u0103 sau de jocuri puzzle imaginea enigmaticei p\u0103s\u0103ri de noapte din puzzle 1000 piese Bufni\u021b\u0103 iarna este un tablou fascinant care va ar\u0103ta spectaculos \u00een orice loc vei alege s\u0103-l expui.<\/span><\/p>\n<p><span style=\"font-weight: 400;\">Pentru zilele friguroase sau momentele de monotonie \u00een care te plictise\u0219ti \u0219i nu \u0219tii cum s\u0103-\u021bi ocupi timpul, un puzzle 1000 piese este o alegere inspirat\u0103. Te ajut\u0103 s\u0103 te destinzi \u0219i s\u0103 ie\u0219i din rutin\u0103, iar la final rezultatele muncii de migal\u0103 se v\u0103d \u00eentr-un obiect decorativ unic.<\/span><\/p>\n<p><span style=\"font-weight: 400;\">Po\u021bi antrena \u00een aceast\u0103 activitate creativ\u0103 \u0219i copii sau al\u021bi membrii ai familiei. Cu c\u00e2t sunt mai multe m\u00e2ini iscusite \u0219i min\u021bi ascu\u021bite, cu at\u00e2t tabloul e gata mai repede. \u00cen plus, distrac\u021bia e minunat\u0103 atunci c\u00e2nd ai oamenii dragi aproape.<\/span><\/p>\n<p><strong>De ce s\u0103 alegi puzzle 1000 piese Bufni\u021b\u0103 iarna?<\/strong><\/p>\n<p><span style=\"font-weight: 400;\">Ob\u021bii un tablou deosebit din 1000 piese puzzle cu dimensiunile 70 x 50 cm.<\/span><\/p>\n<p><span style=\"font-weight: 400;\">Piesele de puzzle sunt produse din carton albastru de calitate superioar\u0103 care le confer\u0103 rezisten\u021b\u0103 sporit\u0103 la utiliz\u0103ri multiple.<\/span><\/p>\n<p><span style=\"font-weight: 400;\">Este produs din materiale reciclabile, prietenoase cu natura.<\/span><\/p>\n<p><span style=\"font-weight: 400;\">Este un puzzle adul\u021bi ce dureaz\u0103 \u00een timp \u0219i \u00eel po\u021bi p\u0103stra \u00een cas\u0103 pentru a-l reface ori de c\u00e2te ori dore\u0219ti.<\/span><\/p>\n<p><span style=\"font-weight: 400;\">Finisajele sunt pl\u0103cute, semi-lucioase, \u00een culori vii care eviden\u021biaz\u0103 frumuse\u021bea imaginii.<\/span><\/p>\n<p><span style=\"font-weight: 400;\">Este potrivit persoanelor peste 14 ani, prilej cu care \u00eei po\u021bi deconecta pe adolescen\u021bi de la telefoanele mobile \u0219i antrena \u00eentr-o activitate recreativ\u0103 minunat\u0103.<\/span><\/p>\n<p><strong>Cu puzzle 1000 piese Bufni\u021b\u0103 iarna \u00ee\u021bi antrezi creierul \u0219i multe abilit\u0103\u021bi care te ajut\u0103 \u00een activit\u0103\u021bile curente:<\/strong><\/p>\n<ul>\n<li><span style=\"font-weight: 400;\">Motricitatea fin\u0103<\/span><\/li>\n<li><span style=\"font-weight: 400;\">Aten\u021bia la detalii<\/span><\/li>\n<li><span style=\"font-weight: 400;\">R\u0103bdarea<\/span><\/li>\n<li><span style=\"font-weight: 400;\">Concentrarea<\/span><\/li>\n<li><span style=\"font-weight: 400;\">Logica<\/span><\/li>\n<li><span style=\"font-weight: 400;\">Capacitatea de rezolvare a problemelor.\u00a0<\/span><\/li>\n<\/ul>\n<p><strong>\u0218tiai c\u0103\u2026?<\/strong><\/p>\n<p><span style=\"font-weight: 400;\">Exist\u0103 o specie de bufni\u021b\u0103 care tr\u0103ie\u0219te \u00een zona polar\u0103 \u0219i care emite sunete asem\u0103n\u0103toare p\u0103s\u0103rilor marine. Se nume\u0219te bufni\u021ba polar\u0103.<\/span><\/p>\n<p><span style=\"font-weight: 400;\">Aceast\u0103 specie polar\u0103 este una dintre pu\u021binele bufni\u021be care v\u00e2neaz\u0103 \u00een special ziua.<\/span><\/p>\n<p><span style=\"font-weight: 400;\">Cea mai mic\u0103 bufni\u021b\u0103 din Europa se nume\u0219te <\/span><em><span style=\"font-weight: 400;\">ciuvica, <\/span><\/em><span style=\"font-weight: 400;\">iar c\u00e2teva exemplare se g\u0103sesc \u0219i pe teritoriul \u021b\u0103rii noastre, \u00een zona Bucovinei. Este aproximativ c\u00e2t o palm\u0103 de mic\u0103.<\/span><\/p>\n<p><span style=\"font-weight: 400;\">Dar cea mai mic\u0103 bufni\u021b\u0103 din lume este specia Elf. Are cam 14 cm \u00een\u0103l\u021bime \u0219i 40 grame greutate. Tr\u0103ie\u0219te \u00een zonele de\u0219ertice \u0219i \u00ee\u0219i face cuib \u00een g\u0103urile f\u0103cute de p\u0103s\u0103ri \u00een cactu\u0219ii gigan\u021bi.<\/span><\/p>\n<p><strong>Puzzle 1000 piese Bufni\u021b\u0103 iarna prilej de reconectare cu Sinele<\/strong><\/p>\n<p><span style=\"font-weight: 400;\">Orice pasionat de jocuri puzzle are nevoie de momente \u00een care s\u0103 fie doar cu el \u00eensu\u0219i. Asambleaz\u0103 puzzle 1000 piese Bufni\u021b\u0103 iarna \u0219i experimenteaz\u0103 o stare de introspec\u021bie \u0219i\u00a0 reconectare cu tine \u00eensu\u021bi.<\/span><\/p>\n<p><span style=\"font-weight: 400;\">Modelul complicat, \u00een nuan\u021be deschise, te va provoca s\u0103 te concentrezi intens, at\u00e2t de intens \u00eenc\u00e2t nici nu-\u021bi vei da seama c\u00e2nd au trecut orele. La final, c\u00e2nd lipe\u0219ti ultima pies\u0103 a imaginii, sentimentul de satisfac\u021bie \u0219i reu\u0219it\u0103 \u00ee\u021bi va da \u00eencredere \u00een for\u021bele proprii \u0219i-\u021bi va trezi dorin\u021ba s\u0103 o iei de la cap\u0103t.\u00a0<\/span><\/p>\n<p><span style=\"font-weight: 400;\">Fie c\u0103 preferi s\u0103 asamblezi jocuri puzzle singur, fie c\u0103 te \u00eenc\u00e2nt\u0103 ideea de a petrece timpul \u00een mod creativ cu familia sau cu prietenii, puzzle 1000 piese Bufni\u021ba iarna este un puzzle adul\u021bi cu design deosebit care merit\u0103 s\u0103-l ai mereu la \u00eendem\u00e2n\u0103.<\/span><\/p>\n<p><span style=\"font-weight: 400;\">Ai prieteni pasiona\u021bi de jocuri puzzle sau vrei s\u0103 pui la \u00eencercare r\u0103bdarea unor oameni dragi? Puzzle 1000 piese Bufni\u021b\u0103 iarna este cadoul perfect pentru ei.<\/span><\/p>\n","protected":false},"excerpt":{"rendered":"<p>\u0218tiai c\u0103 bufni\u021ba este simbolul \u00een\u021belepciunii \u0219i ocrotitoarea destinului \u00een unele culturi antice? Se spune c\u0103 un obiect ce \u00eenf\u0103\u021bi\u0219eaz\u0103<\/p>\n","protected":false},"featured_media":64067,"template":"","meta":[],"product_brand":[],"product_cat":[1607,1608,1610],"product_tag":[],"class_list":{"0":"post-19853","1":"product","2":"type-product","3":"status-publish","4":"has-post-thumbnail","6":"product_cat-puzzles","7":"product_cat-adult-jigsaw-puzzles","8":"product_cat-1000-piece-jigsaw-puzzles","9":"pa_brand-deico-en","10":"pa_country_of_manufacture-ro-en","11":"pa_filter_age-14-en","12":"pa_tip_ambalaj-box","13":"pa_tip_puzzle-classic","15":"first","16":"instock","17":"taxable","18":"shipping-taxable","19":"product-type-simple"},"yoast_head":"<!-- This site is optimized with the Yoast SEO plugin v20.1 - https:\/\/yoast.com\/wordpress\/plugins\/seo\/ -->\n<title>Puzzle adul\u021bi 1000 piese - Animal Puzzle - Bufni\u021b\u0103 iarna - Roovi B2B<\/title>\n<meta name=\"robots\" content=\"index, follow, max-snippet:-1, max-image-preview:large, max-video-preview:-1\" \/>\n<link rel=\"canonical\" href=\"https:\/\/www.roovi.ro\/puzzle-adulti-1000-piese-animal-puzzle-bufnita-iarna\/p\/\" \/>\n<meta property=\"og:locale\" content=\"ro_RO\" \/>\n<meta property=\"og:type\" content=\"article\" \/>\n<meta property=\"og:title\" content=\"Puzzle adul\u021bi 1000 piese - Animal Puzzle - Bufni\u021b\u0103 iarna - Roovi B2B\" \/>\n<meta property=\"og:description\" content=\"\u0218tiai c\u0103 bufni\u021ba este simbolul \u00een\u021belepciunii \u0219i ocrotitoarea destinului \u00een unele culturi antice? Se spune c\u0103 un obiect ce \u00eenf\u0103\u021bi\u0219eaz\u0103\" \/>\n<meta property=\"og:url\" content=\"https:\/\/www.roovi.ro\/puzzle-adulti-1000-piese-animal-puzzle-bufnita-iarna\/p\/\" \/>\n<meta property=\"og:site_name\" content=\"Roovi B2B\" \/>\n<meta property=\"article:publisher\" content=\"https:\/\/www.facebook.com\/wwwjucariero\" \/>\n<meta property=\"article:modified_time\" content=\"2025-03-19T07:09:59+00:00\" \/>\n<meta property=\"og:image\" content=\"https:\/\/business.roovi.com\/wp-content\/uploads\/2019\/05\/75727-Ansamblu_dimensiuni-cutie-cm_orizontal-2-1.png\" \/>\n\t<meta property=\"og:image:width\" content=\"1200\" \/>\n\t<meta property=\"og:image:height\" content=\"1200\" \/>\n\t<meta property=\"og:image:type\" content=\"image\/png\" \/>\n<meta name=\"twitter:label1\" content=\"Timp estimat pentru citire\" \/>\n\t<meta name=\"twitter:data1\" content=\"3 minute\" \/>\n<script type=\"application\/ld+json\" class=\"yoast-schema-graph\">{\"@context\":\"https:\/\/schema.org\",\"@graph\":[{\"@type\":\"WebPage\",\"@id\":\"https:\/\/business.roovi.com\/ro\/puzzle-adulti-1000-piese-animal-puzzle-bufnita-iarna\/p\/\",\"url\":\"https:\/\/www.roovi.ro\/puzzle-adulti-1000-piese-animal-puzzle-bufnita-iarna\/p\/\",\"name\":\"Puzzle adul\u021bi 1000 piese - Animal Puzzle - Bufni\u021b\u0103 iarna - Roovi B2B\",\"isPartOf\":{\"@id\":\"https:\/\/business.roovi.com\/ro\/#website\"},\"datePublished\":\"2019-05-09T07:38:13+00:00\",\"dateModified\":\"2025-03-19T07:09:59+00:00\",\"breadcrumb\":{\"@id\":\"https:\/\/www.roovi.ro\/puzzle-adulti-1000-piese-animal-puzzle-bufnita-iarna\/p\/#breadcrumb\"},\"inLanguage\":\"ro-RO\",\"potentialAction\":[{\"@type\":\"ReadAction\",\"target\":[\"https:\/\/www.roovi.ro\/puzzle-adulti-1000-piese-animal-puzzle-bufnita-iarna\/p\/\"]}]},{\"@type\":\"BreadcrumbList\",\"@id\":\"https:\/\/www.roovi.ro\/puzzle-adulti-1000-piese-animal-puzzle-bufnita-iarna\/p\/#breadcrumb\",\"itemListElement\":[{\"@type\":\"ListItem\",\"position\":1,\"name\":\"Home\",\"item\":\"https:\/\/business.roovi.com\/ro\/\"},{\"@type\":\"ListItem\",\"position\":2,\"name\":\"Magazin\",\"item\":\"https:\/\/business.roovi.com\/ro\/magazin\/\"},{\"@type\":\"ListItem\",\"position\":3,\"name\":\"Puzzle adul\u021bi 1000 piese &#8211; Animal Puzzle &#8211; Bufni\u021b\u0103 iarna\"}]},{\"@type\":\"WebSite\",\"@id\":\"https:\/\/business.roovi.com\/ro\/#website\",\"url\":\"https:\/\/business.roovi.com\/ro\/\",\"name\":\"Roovi B2B\",\"description\":\"Roovi Business Website\",\"potentialAction\":[{\"@type\":\"SearchAction\",\"target\":{\"@type\":\"EntryPoint\",\"urlTemplate\":\"https:\/\/business.roovi.com\/ro\/?s={search_term_string}\"},\"query-input\":\"required name=search_term_string\"}],\"inLanguage\":\"ro-RO\"}]}<\/script>\n<!-- \/ Yoast SEO plugin. -->","yoast_head_json":{"title":"Puzzle adul\u021bi 1000 piese - Animal Puzzle - Bufni\u021b\u0103 iarna - Roovi B2B","robots":{"index":"index","follow":"follow","max-snippet":"max-snippet:-1","max-image-preview":"max-image-preview:large","max-video-preview":"max-video-preview:-1"},"canonical":"https:\/\/www.roovi.ro\/puzzle-adulti-1000-piese-animal-puzzle-bufnita-iarna\/p\/","og_locale":"ro_RO","og_type":"article","og_title":"Puzzle adul\u021bi 1000 piese - Animal Puzzle - Bufni\u021b\u0103 iarna - Roovi B2B","og_description":"\u0218tiai c\u0103 bufni\u021ba este simbolul \u00een\u021belepciunii \u0219i ocrotitoarea destinului \u00een unele culturi antice? Se spune c\u0103 un obiect ce \u00eenf\u0103\u021bi\u0219eaz\u0103","og_url":"https:\/\/www.roovi.ro\/puzzle-adulti-1000-piese-animal-puzzle-bufnita-iarna\/p\/","og_site_name":"Roovi B2B","article_publisher":"https:\/\/www.facebook.com\/wwwjucariero","article_modified_time":"2025-03-19T07:09:59+00:00","og_image":[{"width":1200,"height":1200,"url":"https:\/\/business.roovi.com\/wp-content\/uploads\/2019\/05\/75727-Ansamblu_dimensiuni-cutie-cm_orizontal-2-1.png","type":"image\/png"}],"twitter_misc":{"Timp estimat pentru citire":"3 minute"},"schema":{"@context":"https:\/\/schema.org","@graph":[{"@type":"WebPage","@id":"https:\/\/business.roovi.com\/ro\/puzzle-adulti-1000-piese-animal-puzzle-bufnita-iarna\/p\/","url":"https:\/\/www.roovi.ro\/puzzle-adulti-1000-piese-animal-puzzle-bufnita-iarna\/p\/","name":"Puzzle adul\u021bi 1000 piese - Animal Puzzle - Bufni\u021b\u0103 iarna - Roovi B2B","isPartOf":{"@id":"https:\/\/business.roovi.com\/ro\/#website"},"datePublished":"2019-05-09T07:38:13+00:00","dateModified":"2025-03-19T07:09:59+00:00","breadcrumb":{"@id":"https:\/\/www.roovi.ro\/puzzle-adulti-1000-piese-animal-puzzle-bufnita-iarna\/p\/#breadcrumb"},"inLanguage":"ro-RO","potentialAction":[{"@type":"ReadAction","target":["https:\/\/www.roovi.ro\/puzzle-adulti-1000-piese-animal-puzzle-bufnita-iarna\/p\/"]}]},{"@type":"BreadcrumbList","@id":"https:\/\/www.roovi.ro\/puzzle-adulti-1000-piese-animal-puzzle-bufnita-iarna\/p\/#breadcrumb","itemListElement":[{"@type":"ListItem","position":1,"name":"Home","item":"https:\/\/business.roovi.com\/ro\/"},{"@type":"ListItem","position":2,"name":"Magazin","item":"https:\/\/business.roovi.com\/ro\/magazin\/"},{"@type":"ListItem","position":3,"name":"Puzzle adul\u021bi 1000 piese &#8211; Animal Puzzle &#8211; Bufni\u021b\u0103 iarna"}]},{"@type":"WebSite","@id":"https:\/\/business.roovi.com\/ro\/#website","url":"https:\/\/business.roovi.com\/ro\/","name":"Roovi B2B","description":"Roovi Business Website","potentialAction":[{"@type":"SearchAction","target":{"@type":"EntryPoint","urlTemplate":"https:\/\/business.roovi.com\/ro\/?s={search_term_string}"},"query-input":"required name=search_term_string"}],"inLanguage":"ro-RO"}]}},"_links":{"self":[{"href":"https:\/\/business.roovi.com\/ro\/wp-json\/wp\/v2\/product\/19853","targetHints":{"allow":["GET"]}}],"collection":[{"href":"https:\/\/business.roovi.com\/ro\/wp-json\/wp\/v2\/product"}],"about":[{"href":"https:\/\/business.roovi.com\/ro\/wp-json\/wp\/v2\/types\/product"}],"version-history":[{"count":0,"href":"https:\/\/business.roovi.com\/ro\/wp-json\/wp\/v2\/product\/19853\/revisions"}],"wp:featuredmedia":[{"embeddable":true,"href":"https:\/\/business.roovi.com\/ro\/wp-json\/wp\/v2\/media\/64067"}],"wp:attachment":[{"href":"https:\/\/business.roovi.com\/ro\/wp-json\/wp\/v2\/media?parent=19853"}],"wp:term":[{"taxonomy":"product_brand","embeddable":true,"href":"https:\/\/business.roovi.com\/ro\/wp-json\/wp\/v2\/product_brand?post=19853"},{"taxonomy":"product_cat","embeddable":true,"href":"https:\/\/business.roovi.com\/ro\/wp-json\/wp\/v2\/product_cat?post=19853"},{"taxonomy":"product_tag","embeddable":true,"href":"https:\/\/business.roovi.com\/ro\/wp-json\/wp\/v2\/product_tag?post=19853"}],"curies":[{"name":"wp","href":"https:\/\/api.w.org\/{rel}","templated":true}]}}