{"id":19854,"date":"2019-05-09T07:42:29","date_gmt":"2019-05-09T07:42:29","guid":{"rendered":"https:\/\/business.roovi.com\/product\/animal-puzzle-winter-tigers-1000-piese\/"},"modified":"2025-03-19T07:10:54","modified_gmt":"2025-03-19T07:10:54","slug":"puzzle-adulti-1000-piese-animal-puzzle-tigri","status":"publish","type":"product","link":"https:\/\/business.roovi.com\/ro\/puzzle-adulti-1000-piese-animal-puzzle-tigri\/p\/","title":{"rendered":"Puzzle adul\u021bi 1000 piese &#8211; Animal puzzle &#8211; Tigri"},"content":{"rendered":"<p><strong><em>E\u0219ti bun la jocurile puzzle \u0219i vrei s\u0103 \u00ee\u021bi etalezi m\u0103iestria \u00een fa\u021ba prietenilor? Pune-\u021bi \u00een aplicare strategiile de asamblare cu puzzle 1000 piese Tigri din colec\u021bia Animal puzzle.<\/em><\/strong><\/p>\n<p><span style=\"font-weight: 400;\">Imaginea din puzzle 1000 piese Tigri red\u0103 o scen\u0103 \u00eenduio\u0219\u0103toare ce surprinde acest animal puternic al\u0103turi de puiul s\u0103u \u00eentr-un peisaj invernal. Albul z\u0103pezii \u00ee\u021bi va provoca mintea intens s\u0103 g\u0103se\u0219ti piesele potrivite pentru a \u00eentregi imaginea. Iar satisfac\u021bia ultimei piese este nepre\u021buit\u0103 \u0219i va trezi \u00een tine sentimentul de \u00eencredere \u0219i dorin\u021ba de a relua aceast\u0103 activitate antrenant\u0103.<\/span><\/p>\n<p><span style=\"font-weight: 400;\">Dac\u0103 ai nevoie de pu\u021bin ajutor \u00een procesul de refacere a imaginii, po\u021bi antrena \u00een jocul puzzle \u0219i copiii. Este o modalitate pentru a le stimula creativitatea \u0219i de a petrece timp de calitate \u00eempreun\u0103. \u00cen plus, sta\u021bi cu to\u021bii departe de ecrane pentru mai mult timp \u0219i experimenta\u021bi multe ore de distrac\u021bie relaxant\u0103.<\/span><\/p>\n<p><span style=\"font-weight: 400;\">Pentru suportul pieselor \u0219i asamblarea imaginii po\u021bi utiliza o m\u0103su\u021b\u0103 standard de cafea. Tabloul final are dimensiunile de <strong>68 x 47 cm<\/strong> \u0219i \u00eel po\u021bi transforma \u00eentr-un obiect decorativ care \u00ee\u021bi va \u00eenfrumuse\u021ba locuin\u021ba.<\/span><\/p>\n<p><strong>De ce s\u0103 alegi puzzle 1000 piese Tigri?<\/strong><\/p>\n<p><span style=\"font-weight: 400;\">Este o modalitate relaxant\u0103 de a-\u021bi petrece timpul liber.<\/span><\/p>\n<p><span style=\"font-weight: 400;\">Ob\u021bii un tablou fascinant care poate deveni o pies\u0103 central\u0103 de decor.<\/span><\/p>\n<p><span style=\"font-weight: 400;\">Este un prilej pentru a petrece timpul \u00eempreun\u0103 cu cei dragi.<\/span><\/p>\n<p><span style=\"font-weight: 400;\">Este produs din carton albastru de calitate superioar\u0103, ceea ce \u00eei confer\u0103 rezisten\u021b\u0103 la asambl\u0103ri multiple.\u00a0<\/span><\/p>\n<p><span style=\"font-weight: 400;\">Finisajul este semi-lucios, \u00een culori vii ce scot \u00een eviden\u021b\u0103 frumuse\u021bea imaginii.<\/span><\/p>\n<p><span style=\"font-weight: 400;\">Folosim \u00een realizarea puzzle-urilor noastre doar materiale sustenabile \u0219i reciclabile.<\/span><\/p>\n<p><span style=\"font-weight: 400;\">Potrivit celor peste 14 ani, un motiv \u00een plus pentru a te bucura de jocul puzzle \u00eempreun\u0103 cu adolescen\u021bii.<\/span><\/p>\n<p><span style=\"font-weight: 400;\">Te ajut\u0103 s\u0103-\u021bi men\u021bii coordonarea \u0219i motricitatea fin\u0103 la orice v\u00e2rst\u0103.<\/span><\/p>\n<p><span style=\"font-weight: 400;\">Este un bun exerci\u021biu de aten\u021bie, r\u0103bdare \u0219i perseveren\u021b\u0103.<\/span><\/p>\n<p><strong>\u0218tiai c\u0103\u2026<\/strong><\/p>\n<p><span style=\"font-weight: 400;\">Tigrul este asociat adesea cu puterea \u0219i energia creatoare.<\/span><\/p>\n<p><span style=\"font-weight: 400;\">Modelul dungat specific acestor feline este unic la fiecare tigru, la fel cum sunt amprentele fiec\u0103rui om.<\/span><\/p>\n<p><span style=\"font-weight: 400;\">Tigrul iube\u0219te apa \u0219i este un excelent \u00eenot\u0103tor.<\/span><\/p>\n<p><span style=\"font-weight: 400;\">Tigrul este unul dintre animalele cu memoria cea mai ager\u0103. Memoria lui pe termen scurt dureaz\u0103 cu 30 de secunde mai mult dec\u00e2t a omului.<\/span><\/p>\n<p><span style=\"font-weight: 400;\">Tigrii siberieni pot alerga cu p\u00e2n\u0103 la 80 km\/or\u0103 \u0219i pot face salturi de p\u00e2n\u0103 la 10 metri lungime.\u00a0<\/span><\/p>\n<p><strong>\u00a0Puzzle 1000 piese Tiger &#8211; o activitate care \u00ee\u021bi aduce fericire \u0219i optimism<\/strong><\/p>\n<p><span style=\"font-weight: 400;\">Sim\u021bi ap\u0103sarea rutinei zilnice \u0219i cau\u021bi o activitate recreativ\u0103 pentru a ie\u0219i din monotonie? Activitatea de asamblare a jocurilor puzzle \u00ee\u021bi pune mintea la treab\u0103 \u0219i \u00ee\u021bi d\u0103 doza zilnic\u0103 de energie \u0219i optimism.<\/span><\/p>\n<p><span style=\"font-weight: 400;\">La nivel cerebral, creierul secret\u0103 mai mult\u0103 dopamin\u0103, un neurotransmi\u021b\u0103tor responsabil de starea de bine, optimism \u0219i fericire. Astfel se explic\u0103 senza\u021bia de satisfac\u021bie pe care o sim\u021bi c\u00e2nd lipe\u0219ti ultima pies\u0103 ce \u00eentrege\u0219te imaginea din puzzle 1000.<\/span><\/p>\n<p><span style=\"font-weight: 400;\">Puzzle 1000 piese Tigri te scoate din rutina, te relaxeaz\u0103 \u0219i te conecteaz\u0103 cu cei dragi. Alege a\u0219adar acest joc puzzle uimitor \u0219i bucur\u0103-te din plin de toate avantajele pe care \u021bi le ofer\u0103. De asemenea, dac\u0103 vrei s\u0103 faci o surpriz\u0103 pl\u0103cut\u0103 unui prieten drag, puzzle adul\u021bi 1000 piese Tigri este alegerea perfect\u0103.<\/span><\/p>\n","protected":false},"excerpt":{"rendered":"<p>E\u0219ti bun la jocurile puzzle \u0219i vrei s\u0103 \u00ee\u021bi etalezi m\u0103iestria \u00een fa\u021ba prietenilor? Pune-\u021bi \u00een aplicare strategiile de asamblare<\/p>\n","protected":false},"featured_media":59230,"template":"","meta":[],"product_brand":[],"product_cat":[1454,1488,1560],"product_tag":[],"class_list":{"0":"post-19854","1":"product","2":"type-product","3":"status-publish","4":"has-post-thumbnail","6":"product_cat-puzzle","7":"product_cat-puzzle-adulti","8":"product_cat-puzzle-adulti-1000","9":"pa_brand-deico","10":"pa_country_of_manufacture-ro","11":"pa_filter_age-1315","12":"pa_tip_ambalaj-cutie","13":"pa_tip_puzzle-clasic","15":"first","16":"instock","17":"taxable","18":"shipping-taxable","19":"product-type-simple"},"yoast_head":"<!-- This site is optimized with the Yoast SEO plugin v20.1 - https:\/\/yoast.com\/wordpress\/plugins\/seo\/ -->\n<title>Puzzle adul\u021bi 1000 piese - Animal puzzle - Tigri - Roovi B2B<\/title>\n<meta name=\"robots\" content=\"index, follow, max-snippet:-1, max-image-preview:large, max-video-preview:-1\" \/>\n<link rel=\"canonical\" href=\"https:\/\/www.roovi.ro\/puzzle-adulti-1000-piese-animal-puzzle-tigri\/p\/\" \/>\n<meta property=\"og:locale\" content=\"ro_RO\" \/>\n<meta property=\"og:type\" content=\"article\" \/>\n<meta property=\"og:title\" content=\"Puzzle adul\u021bi 1000 piese - Animal puzzle - Tigri - Roovi B2B\" \/>\n<meta property=\"og:description\" content=\"E\u0219ti bun la jocurile puzzle \u0219i vrei s\u0103 \u00ee\u021bi etalezi m\u0103iestria \u00een fa\u021ba prietenilor? Pune-\u021bi \u00een aplicare strategiile de asamblare\" \/>\n<meta property=\"og:url\" content=\"https:\/\/www.roovi.ro\/puzzle-adulti-1000-piese-animal-puzzle-tigri\/p\/\" \/>\n<meta property=\"og:site_name\" content=\"Roovi B2B\" \/>\n<meta property=\"article:publisher\" content=\"https:\/\/www.facebook.com\/wwwjucariero\" \/>\n<meta property=\"article:modified_time\" content=\"2025-03-19T07:10:54+00:00\" \/>\n<meta property=\"og:image\" content=\"https:\/\/business.roovi.com\/wp-content\/uploads\/2019\/05\/75987-Ansamblu_dimensiuni-cutie-cm_orizontal-2.png\" \/>\n\t<meta property=\"og:image:width\" content=\"1200\" \/>\n\t<meta property=\"og:image:height\" content=\"1200\" \/>\n\t<meta property=\"og:image:type\" content=\"image\/png\" \/>\n<meta name=\"twitter:label1\" content=\"Timp estimat pentru citire\" \/>\n\t<meta name=\"twitter:data1\" content=\"3 minute\" \/>\n<script type=\"application\/ld+json\" class=\"yoast-schema-graph\">{\"@context\":\"https:\/\/schema.org\",\"@graph\":[{\"@type\":\"WebPage\",\"@id\":\"https:\/\/business.roovi.com\/ro\/puzzle-adulti-1000-piese-animal-puzzle-tigri\/p\/\",\"url\":\"https:\/\/www.roovi.ro\/puzzle-adulti-1000-piese-animal-puzzle-tigri\/p\/\",\"name\":\"Puzzle adul\u021bi 1000 piese - Animal puzzle - Tigri - Roovi B2B\",\"isPartOf\":{\"@id\":\"https:\/\/business.roovi.com\/ro\/#website\"},\"datePublished\":\"2019-05-09T07:42:29+00:00\",\"dateModified\":\"2025-03-19T07:10:54+00:00\",\"breadcrumb\":{\"@id\":\"https:\/\/www.roovi.ro\/puzzle-adulti-1000-piese-animal-puzzle-tigri\/p\/#breadcrumb\"},\"inLanguage\":\"ro-RO\",\"potentialAction\":[{\"@type\":\"ReadAction\",\"target\":[\"https:\/\/www.roovi.ro\/puzzle-adulti-1000-piese-animal-puzzle-tigri\/p\/\"]}]},{\"@type\":\"BreadcrumbList\",\"@id\":\"https:\/\/www.roovi.ro\/puzzle-adulti-1000-piese-animal-puzzle-tigri\/p\/#breadcrumb\",\"itemListElement\":[{\"@type\":\"ListItem\",\"position\":1,\"name\":\"Home\",\"item\":\"https:\/\/business.roovi.com\/ro\/\"},{\"@type\":\"ListItem\",\"position\":2,\"name\":\"Magazin\",\"item\":\"https:\/\/business.roovi.com\/ro\/magazin\/\"},{\"@type\":\"ListItem\",\"position\":3,\"name\":\"Puzzle adul\u021bi 1000 piese &#8211; Animal puzzle &#8211; Tigri\"}]},{\"@type\":\"WebSite\",\"@id\":\"https:\/\/business.roovi.com\/ro\/#website\",\"url\":\"https:\/\/business.roovi.com\/ro\/\",\"name\":\"Roovi B2B\",\"description\":\"Roovi Business Website\",\"potentialAction\":[{\"@type\":\"SearchAction\",\"target\":{\"@type\":\"EntryPoint\",\"urlTemplate\":\"https:\/\/business.roovi.com\/ro\/?s={search_term_string}\"},\"query-input\":\"required name=search_term_string\"}],\"inLanguage\":\"ro-RO\"}]}<\/script>\n<!-- \/ Yoast SEO plugin. -->","yoast_head_json":{"title":"Puzzle adul\u021bi 1000 piese - Animal puzzle - Tigri - Roovi B2B","robots":{"index":"index","follow":"follow","max-snippet":"max-snippet:-1","max-image-preview":"max-image-preview:large","max-video-preview":"max-video-preview:-1"},"canonical":"https:\/\/www.roovi.ro\/puzzle-adulti-1000-piese-animal-puzzle-tigri\/p\/","og_locale":"ro_RO","og_type":"article","og_title":"Puzzle adul\u021bi 1000 piese - Animal puzzle - Tigri - Roovi B2B","og_description":"E\u0219ti bun la jocurile puzzle \u0219i vrei s\u0103 \u00ee\u021bi etalezi m\u0103iestria \u00een fa\u021ba prietenilor? Pune-\u021bi \u00een aplicare strategiile de asamblare","og_url":"https:\/\/www.roovi.ro\/puzzle-adulti-1000-piese-animal-puzzle-tigri\/p\/","og_site_name":"Roovi B2B","article_publisher":"https:\/\/www.facebook.com\/wwwjucariero","article_modified_time":"2025-03-19T07:10:54+00:00","og_image":[{"width":1200,"height":1200,"url":"https:\/\/business.roovi.com\/wp-content\/uploads\/2019\/05\/75987-Ansamblu_dimensiuni-cutie-cm_orizontal-2.png","type":"image\/png"}],"twitter_misc":{"Timp estimat pentru citire":"3 minute"},"schema":{"@context":"https:\/\/schema.org","@graph":[{"@type":"WebPage","@id":"https:\/\/business.roovi.com\/ro\/puzzle-adulti-1000-piese-animal-puzzle-tigri\/p\/","url":"https:\/\/www.roovi.ro\/puzzle-adulti-1000-piese-animal-puzzle-tigri\/p\/","name":"Puzzle adul\u021bi 1000 piese - Animal puzzle - Tigri - Roovi B2B","isPartOf":{"@id":"https:\/\/business.roovi.com\/ro\/#website"},"datePublished":"2019-05-09T07:42:29+00:00","dateModified":"2025-03-19T07:10:54+00:00","breadcrumb":{"@id":"https:\/\/www.roovi.ro\/puzzle-adulti-1000-piese-animal-puzzle-tigri\/p\/#breadcrumb"},"inLanguage":"ro-RO","potentialAction":[{"@type":"ReadAction","target":["https:\/\/www.roovi.ro\/puzzle-adulti-1000-piese-animal-puzzle-tigri\/p\/"]}]},{"@type":"BreadcrumbList","@id":"https:\/\/www.roovi.ro\/puzzle-adulti-1000-piese-animal-puzzle-tigri\/p\/#breadcrumb","itemListElement":[{"@type":"ListItem","position":1,"name":"Home","item":"https:\/\/business.roovi.com\/ro\/"},{"@type":"ListItem","position":2,"name":"Magazin","item":"https:\/\/business.roovi.com\/ro\/magazin\/"},{"@type":"ListItem","position":3,"name":"Puzzle adul\u021bi 1000 piese &#8211; Animal puzzle &#8211; Tigri"}]},{"@type":"WebSite","@id":"https:\/\/business.roovi.com\/ro\/#website","url":"https:\/\/business.roovi.com\/ro\/","name":"Roovi B2B","description":"Roovi Business Website","potentialAction":[{"@type":"SearchAction","target":{"@type":"EntryPoint","urlTemplate":"https:\/\/business.roovi.com\/ro\/?s={search_term_string}"},"query-input":"required name=search_term_string"}],"inLanguage":"ro-RO"}]}},"_links":{"self":[{"href":"https:\/\/business.roovi.com\/ro\/wp-json\/wp\/v2\/product\/19854","targetHints":{"allow":["GET"]}}],"collection":[{"href":"https:\/\/business.roovi.com\/ro\/wp-json\/wp\/v2\/product"}],"about":[{"href":"https:\/\/business.roovi.com\/ro\/wp-json\/wp\/v2\/types\/product"}],"version-history":[{"count":0,"href":"https:\/\/business.roovi.com\/ro\/wp-json\/wp\/v2\/product\/19854\/revisions"}],"wp:featuredmedia":[{"embeddable":true,"href":"https:\/\/business.roovi.com\/ro\/wp-json\/wp\/v2\/media\/59230"}],"wp:attachment":[{"href":"https:\/\/business.roovi.com\/ro\/wp-json\/wp\/v2\/media?parent=19854"}],"wp:term":[{"taxonomy":"product_brand","embeddable":true,"href":"https:\/\/business.roovi.com\/ro\/wp-json\/wp\/v2\/product_brand?post=19854"},{"taxonomy":"product_cat","embeddable":true,"href":"https:\/\/business.roovi.com\/ro\/wp-json\/wp\/v2\/product_cat?post=19854"},{"taxonomy":"product_tag","embeddable":true,"href":"https:\/\/business.roovi.com\/ro\/wp-json\/wp\/v2\/product_tag?post=19854"}],"curies":[{"name":"wp","href":"https:\/\/api.w.org\/{rel}","templated":true}]}}