{"id":19855,"date":"2019-05-09T08:00:10","date_gmt":"2019-05-09T08:00:10","guid":{"rendered":"https:\/\/business.roovi.com\/product\/puzzle-alphonse-mucha-seasons-2-1000-piese\/"},"modified":"2025-03-18T08:58:08","modified_gmt":"2025-03-18T08:58:08","slug":"puzzle-adulti-alphonse-mucha-seasons-2anotimpuri-1000-piese","status":"publish","type":"product","link":"https:\/\/business.roovi.com\/ro\/puzzle-adulti-alphonse-mucha-seasons-2anotimpuri-1000-piese\/p\/","title":{"rendered":"Puzzle adul\u021bi 1000 piese Alphonse Mucha &#8211; Seasons 2\/Anotimpuri"},"content":{"rendered":"<p><span style=\"font-weight: 400;\">La noi g\u0103se\u0219ti reprezentate \u00een puzzle adul\u021bi imagini ale picturilor celebre executate de arti\u0219ti renumi\u021bi din cele mai vechi timpuri p\u00e2n\u0103 \u00een contemporaneitate.\u00a0<\/span><\/p>\n<p><span style=\"font-weight: 400;\">Puzzle 1000 piese Alphonse Mucha Seasons 2\/Anotimpuri 2 red\u0103 imaginea celor 4 litografii ale Anotimpurilor\u00a0 realizate \u00een 1897, \u00een seria a II-a a care a urmat primei serii de succes editat\u0103 cu doar un an \u00eenainte. Asambleaz\u0103 acest tablou de excep\u021bie \u0219i vei admira zi de zi cele 4 nimfe de o frumuse\u021be ireal\u0103 ce \u00eenf\u0103\u021bi\u0219eaz\u0103 prim\u0103vara inocent\u0103, vara \u00een\u0103bu\u0219itoare, toamna fructuoas\u0103 \u0219i iarna \u00eenghe\u021bat\u0103. Trage-\u021bi m\u0103su\u021ba preferat\u0103 de cafea &#8211; de ea ai nevoie pentru a alc\u0103tui tabloul de 50 x 70 cm &#8211; \u0219i apuc\u0103-te de treab\u0103! Rezultatul final te va \u00eenc\u00e2nta peste m\u0103sur\u0103.<\/span><\/p>\n<p><span style=\"font-weight: 400;\">Iat\u0103 \u0219i alte caracteristici ale puzzle-ului de 1000 piese Alphonse Mucha &#8211; Seasons 2\/Anotimpuri 2:<\/span><\/p>\n<p><strong>Material puzzle:\u00a0<\/strong><\/p>\n<p><strong>carton albastru de o calitate superioar\u0103<\/strong><\/p>\n<p><strong>materiale sustenabile, reciclabile<\/strong><\/p>\n<p><strong>finisaj semi-lucios, culori vii<\/strong><\/p>\n<p><strong>Num\u0103rul pieselor de puzzle: 1000<\/strong><\/p>\n<p><strong>V\u00e2rsta recomandat\u0103: 14+<\/strong><\/p>\n<p><strong>Deconecteaz\u0103-te de la ecrane \u0219i intr\u0103 \u00een lumea fascinant\u0103 a puzzle-urilor de art\u0103!<\/strong><\/p>\n<p><span style=\"font-weight: 400;\">Colec\u021bia noastr\u0103 puzzle art\u0103 te va ajuta s\u0103 te deconectezi de la ecranul telefonului, laptopului sau televizorului \u0219i te va purta \u00eentr-o lume artistic\u0103 minunat\u0103. Completeaz\u0103 puzzle 1000 piese de art\u0103 \u0219i te vei sim\u021bi relaxat \u0219i cu poft\u0103 de via\u021b\u0103. \u00cen plus, vei fi m\u00e2ndrul posesor al unei opere de art\u0103 create dintr-un joc puzzle.<\/span><\/p>\n<p><strong>Puzzle-urile 1000 piese te ajut\u0103 s\u0103 dep\u0103\u0219e\u0219ti st\u0103rile de anxietate<\/strong><\/p>\n<p><span style=\"font-weight: 400;\">Atunci c\u00e2nd completezi puzzle 1000 piese e\u0219ti \u00eentr-o adev\u0103rat\u0103 sesiune de medita\u021bie. \u00ce\u021bi gole\u0219ti mintea de griji, presiune, anxietate \u0219i te concentrezi pe refacerea unei imagini minunate. Aceast\u0103 concentrarea intens\u0103 amelioreaz\u0103 st\u0103rile de nervozitate \u0219i anxietate.<\/span><\/p>\n<p><strong>Vrei s\u0103 socializezi mai mult? Ia un puzzle 1000 piese \u0219i cheam\u0103-\u021bi la tine cei mai buni prieteni!<\/strong><\/p>\n<p><span style=\"font-weight: 400;\">Transform\u0103 un joc puzzle \u00eentr-o distrac\u021bie veritabil\u0103! Sun\u0103-\u021bi prietenii \u0219i lucra\u021bi \u00eempreun\u0103 la alc\u0103tuirea celui mai frumos tablou de art\u0103 sau la reconstituirea celui mai frumos obiectiv turistic pe care l-a\u021bi vizitat \u00eempreun\u0103. Puzzle-urile 1000 piese \u00ee\u021bi garanteaz\u0103 p\u00e2n\u0103 la 30 de ore de distrac\u021bie veritabil\u0103!\u00a0<\/span><\/p>\n<p><strong>Nu reu\u0219e\u0219ti s\u0103 fii perseverent? Exerseaz\u0103 aceast\u0103 abilitate cu puzzle 1000 piese<\/strong><\/p>\n<p><span style=\"font-weight: 400;\">Asamblarea unui puzzle adulti te \u021bine conectat ore bune. Dorin\u021ba de a completa imaginea cre\u0219te odat\u0103 cu fiecare pies\u0103 de puzzle 1000 potrivit\u0103. Astfel, exerci\u021biul de perseveren\u021b\u0103 dureaz\u0103 \u0219i este efectuat f\u0103r\u0103 dificultate. Odat\u0103 antrenat\u0103, aceast\u0103 abilitate \u00ee\u021bi va fi util\u0103 \u0219i \u00een alte sarcini dificile din via\u021ba de zi cu zi.<\/span><\/p>\n<p><span style=\"font-weight: 400;\">\u00a0<\/span><strong>C\u00e2te ceva despre Alphonse Mucha<\/strong><\/p>\n<ul style=\"list-style-type: disc;\">\n<li><span style=\"font-weight: 400;\">\u00cen perioada pre\u0219colar\u0103 a desenat exclusiv cu m\u00e2na st\u00e2ng\u0103.<\/span><\/li>\n<li><span style=\"font-weight: 400;\">S-a remarcat \u0219i pentru talentul s\u0103u \u00een muzic\u0103. A c\u00e2ntat \u00een corul Catedralei Sf. Petru din Brno.<\/span><\/li>\n<li><span style=\"font-weight: 400;\">Este autorul citatului:\u00a0 <\/span><em><span style=\"font-weight: 400;\">Arta exist\u0103 doar pentru a comunica un mesaj spiritual \u0219i nimic mai mult<\/span><\/em><\/li>\n<li><span style=\"font-weight: 400;\">Citatul de mai sus explic\u0103 frustrarea artistului fa\u021b\u0103 de celebritatea pe care a cunoscut-o \u00een timpul vie\u021bii datorit\u0103 lucr\u0103rilor sale comerciale.<\/span><\/li>\n<li><span style=\"font-weight: 400;\">Pentru el, cea mai valoroas\u0103 opera a sa este\u00a0 <\/span><em><span style=\"font-weight: 400;\">Epopeea slav\u0103<\/span><\/em><span style=\"font-weight: 400;\">,\u00a0 care con\u021bine dou\u0103zeci de tablouri de mari dimensiuni care ilustreaz\u0103 istoria poporului ceh \u0219i a slavilor.<\/span><\/li>\n<li><span style=\"font-weight: 400;\">A d\u0103ruit capodopera sa,\u00a0 <\/span><em><span style=\"font-weight: 400;\">Epopeea slav\u0103<\/span><\/em><span style=\"font-weight: 400;\">,\u00a0 ora\u0219ului Praga, \u00een anul 1928<\/span><span style=\"font-weight: 400;\">.<\/span><\/li>\n<\/ul>\n<p><strong>La ce \u00ee\u021bi mai poate fi de folos asamblarea unui puzzle 1000 piese?<\/strong><\/p>\n<ul>\n<li><span style=\"font-weight: 400;\">Pentru a-\u021bi cre\u0219te aten\u021bia la detalii<\/span><\/li>\n<li><span style=\"font-weight: 400;\">Pentru a-\u021bi cre\u0219te productivitatea<\/span><\/li>\n<li><span style=\"font-weight: 400;\">Pentru a-\u021bi \u00eembun\u0103t\u0103\u021bi memoria<\/span><\/li>\n<li><span style=\"font-weight: 400;\">Pentru a-\u021bi dezvolta g\u00e2ndirea logic\u0103<\/span><\/li>\n<\/ul>\n<p><span style=\"font-weight: 400;\">Cump\u0103r\u0103 acest minunat Puzzle 1000\u00a0 piese Alphonse Mucha &#8211; Seasons 2\/Anotimpuri 2 \u0219i d\u0103 culoarea serilor monotone de iarn\u0103. Singur sau \u00eempreun\u0103 cu familia sau prietenii, asamblarea unui puzzle 1000 este o evadare binemeritat\u0103 din rutina cotidian\u0103. Experimenteaz\u0103 zi de zi beneficiile pe care un puzzle adul\u021bi din colec\u021bia puzzle art\u0103 \u021bi le poate aduce.<\/span><\/p>\n<p><span style=\"font-weight: 400;\">Puzzle 1000 piese Alphonse Mucha &#8211; Anotimpuri 2 este o idee excelent\u0103 de cadou pentru o persoan\u0103 deosebit\u0103 din via\u021ba ta.<\/span><\/p>\n","protected":false},"excerpt":{"rendered":"<p><span style=\"font-weight: 400;\">Las\u0103-te purtat \u00een cea mai mare galerie de art\u0103 virtual\u0103 alc\u0103tuit\u0103 din puzzle 1000 piese!<\/span><\/p>\n","protected":false},"featured_media":62985,"template":"","meta":[],"product_brand":[],"product_cat":[1454,1488,1560],"product_tag":[],"class_list":{"0":"post-19855","1":"product","2":"type-product","3":"status-publish","4":"has-post-thumbnail","6":"product_cat-puzzle","7":"product_cat-puzzle-adulti","8":"product_cat-puzzle-adulti-1000","9":"pa_brand-d_toys","10":"pa_country_of_manufacture-ro","11":"pa_filter_age-1315","12":"pa_painter-alphonsemucha","13":"pa_tip_ambalaj-cutie","14":"pa_tip_puzzle-clasic","16":"first","17":"onbackorder","18":"taxable","19":"shipping-taxable","20":"product-type-simple"},"yoast_head":"<!-- This site is optimized with the Yoast SEO plugin v20.1 - https:\/\/yoast.com\/wordpress\/plugins\/seo\/ -->\n<title>Puzzle adul\u021bi 1000 piese Alphonse Mucha - Seasons 2\/Anotimpuri - Roovi B2B<\/title>\n<meta name=\"robots\" content=\"index, follow, max-snippet:-1, max-image-preview:large, max-video-preview:-1\" \/>\n<link rel=\"canonical\" href=\"https:\/\/www.roovi.ro\/puzzle-adulti-alphonse-mucha-seasons-2anotimpuri-1000-piese\/p\/\" \/>\n<meta property=\"og:locale\" content=\"ro_RO\" \/>\n<meta property=\"og:type\" content=\"article\" \/>\n<meta property=\"og:title\" content=\"Puzzle adul\u021bi 1000 piese Alphonse Mucha - Seasons 2\/Anotimpuri - Roovi B2B\" \/>\n<meta property=\"og:description\" content=\"Las\u0103-te purtat \u00een cea mai mare galerie de art\u0103 virtual\u0103 alc\u0103tuit\u0103 din puzzle 1000 piese!\" \/>\n<meta property=\"og:url\" content=\"https:\/\/www.roovi.ro\/puzzle-adulti-alphonse-mucha-seasons-2anotimpuri-1000-piese\/p\/\" \/>\n<meta property=\"og:site_name\" content=\"Roovi B2B\" \/>\n<meta property=\"article:publisher\" content=\"https:\/\/www.facebook.com\/wwwjucariero\" \/>\n<meta property=\"article:modified_time\" content=\"2025-03-18T08:58:08+00:00\" \/>\n<meta property=\"og:image\" content=\"https:\/\/business.roovi.com\/wp-content\/uploads\/2019\/05\/66930-MU-12-WEB.jpg\" \/>\n\t<meta property=\"og:image:width\" content=\"1200\" \/>\n\t<meta property=\"og:image:height\" content=\"1200\" \/>\n\t<meta property=\"og:image:type\" content=\"image\/jpeg\" \/>\n<meta name=\"twitter:label1\" content=\"Timp estimat pentru citire\" \/>\n\t<meta name=\"twitter:data1\" content=\"3 minute\" \/>\n<script type=\"application\/ld+json\" class=\"yoast-schema-graph\">{\"@context\":\"https:\/\/schema.org\",\"@graph\":[{\"@type\":\"WebPage\",\"@id\":\"https:\/\/business.roovi.com\/ro\/puzzle-adulti-alphonse-mucha-seasons-2anotimpuri-1000-piese\/p\/\",\"url\":\"https:\/\/www.roovi.ro\/puzzle-adulti-alphonse-mucha-seasons-2anotimpuri-1000-piese\/p\/\",\"name\":\"Puzzle adul\u021bi 1000 piese Alphonse Mucha - Seasons 2\/Anotimpuri - Roovi B2B\",\"isPartOf\":{\"@id\":\"https:\/\/business.roovi.com\/ro\/#website\"},\"datePublished\":\"2019-05-09T08:00:10+00:00\",\"dateModified\":\"2025-03-18T08:58:08+00:00\",\"breadcrumb\":{\"@id\":\"https:\/\/www.roovi.ro\/puzzle-adulti-alphonse-mucha-seasons-2anotimpuri-1000-piese\/p\/#breadcrumb\"},\"inLanguage\":\"ro-RO\",\"potentialAction\":[{\"@type\":\"ReadAction\",\"target\":[\"https:\/\/www.roovi.ro\/puzzle-adulti-alphonse-mucha-seasons-2anotimpuri-1000-piese\/p\/\"]}]},{\"@type\":\"BreadcrumbList\",\"@id\":\"https:\/\/www.roovi.ro\/puzzle-adulti-alphonse-mucha-seasons-2anotimpuri-1000-piese\/p\/#breadcrumb\",\"itemListElement\":[{\"@type\":\"ListItem\",\"position\":1,\"name\":\"Home\",\"item\":\"https:\/\/business.roovi.com\/ro\/\"},{\"@type\":\"ListItem\",\"position\":2,\"name\":\"Magazin\",\"item\":\"https:\/\/business.roovi.com\/ro\/magazin\/\"},{\"@type\":\"ListItem\",\"position\":3,\"name\":\"Puzzle adul\u021bi 1000 piese Alphonse Mucha &#8211; Seasons 2\/Anotimpuri\"}]},{\"@type\":\"WebSite\",\"@id\":\"https:\/\/business.roovi.com\/ro\/#website\",\"url\":\"https:\/\/business.roovi.com\/ro\/\",\"name\":\"Roovi B2B\",\"description\":\"Roovi Business Website\",\"potentialAction\":[{\"@type\":\"SearchAction\",\"target\":{\"@type\":\"EntryPoint\",\"urlTemplate\":\"https:\/\/business.roovi.com\/ro\/?s={search_term_string}\"},\"query-input\":\"required name=search_term_string\"}],\"inLanguage\":\"ro-RO\"}]}<\/script>\n<!-- \/ Yoast SEO plugin. -->","yoast_head_json":{"title":"Puzzle adul\u021bi 1000 piese Alphonse Mucha - Seasons 2\/Anotimpuri - Roovi B2B","robots":{"index":"index","follow":"follow","max-snippet":"max-snippet:-1","max-image-preview":"max-image-preview:large","max-video-preview":"max-video-preview:-1"},"canonical":"https:\/\/www.roovi.ro\/puzzle-adulti-alphonse-mucha-seasons-2anotimpuri-1000-piese\/p\/","og_locale":"ro_RO","og_type":"article","og_title":"Puzzle adul\u021bi 1000 piese Alphonse Mucha - Seasons 2\/Anotimpuri - Roovi B2B","og_description":"Las\u0103-te purtat \u00een cea mai mare galerie de art\u0103 virtual\u0103 alc\u0103tuit\u0103 din puzzle 1000 piese!","og_url":"https:\/\/www.roovi.ro\/puzzle-adulti-alphonse-mucha-seasons-2anotimpuri-1000-piese\/p\/","og_site_name":"Roovi B2B","article_publisher":"https:\/\/www.facebook.com\/wwwjucariero","article_modified_time":"2025-03-18T08:58:08+00:00","og_image":[{"width":1200,"height":1200,"url":"https:\/\/business.roovi.com\/wp-content\/uploads\/2019\/05\/66930-MU-12-WEB.jpg","type":"image\/jpeg"}],"twitter_misc":{"Timp estimat pentru citire":"3 minute"},"schema":{"@context":"https:\/\/schema.org","@graph":[{"@type":"WebPage","@id":"https:\/\/business.roovi.com\/ro\/puzzle-adulti-alphonse-mucha-seasons-2anotimpuri-1000-piese\/p\/","url":"https:\/\/www.roovi.ro\/puzzle-adulti-alphonse-mucha-seasons-2anotimpuri-1000-piese\/p\/","name":"Puzzle adul\u021bi 1000 piese Alphonse Mucha - Seasons 2\/Anotimpuri - Roovi B2B","isPartOf":{"@id":"https:\/\/business.roovi.com\/ro\/#website"},"datePublished":"2019-05-09T08:00:10+00:00","dateModified":"2025-03-18T08:58:08+00:00","breadcrumb":{"@id":"https:\/\/www.roovi.ro\/puzzle-adulti-alphonse-mucha-seasons-2anotimpuri-1000-piese\/p\/#breadcrumb"},"inLanguage":"ro-RO","potentialAction":[{"@type":"ReadAction","target":["https:\/\/www.roovi.ro\/puzzle-adulti-alphonse-mucha-seasons-2anotimpuri-1000-piese\/p\/"]}]},{"@type":"BreadcrumbList","@id":"https:\/\/www.roovi.ro\/puzzle-adulti-alphonse-mucha-seasons-2anotimpuri-1000-piese\/p\/#breadcrumb","itemListElement":[{"@type":"ListItem","position":1,"name":"Home","item":"https:\/\/business.roovi.com\/ro\/"},{"@type":"ListItem","position":2,"name":"Magazin","item":"https:\/\/business.roovi.com\/ro\/magazin\/"},{"@type":"ListItem","position":3,"name":"Puzzle adul\u021bi 1000 piese Alphonse Mucha &#8211; Seasons 2\/Anotimpuri"}]},{"@type":"WebSite","@id":"https:\/\/business.roovi.com\/ro\/#website","url":"https:\/\/business.roovi.com\/ro\/","name":"Roovi B2B","description":"Roovi Business Website","potentialAction":[{"@type":"SearchAction","target":{"@type":"EntryPoint","urlTemplate":"https:\/\/business.roovi.com\/ro\/?s={search_term_string}"},"query-input":"required name=search_term_string"}],"inLanguage":"ro-RO"}]}},"_links":{"self":[{"href":"https:\/\/business.roovi.com\/ro\/wp-json\/wp\/v2\/product\/19855","targetHints":{"allow":["GET"]}}],"collection":[{"href":"https:\/\/business.roovi.com\/ro\/wp-json\/wp\/v2\/product"}],"about":[{"href":"https:\/\/business.roovi.com\/ro\/wp-json\/wp\/v2\/types\/product"}],"version-history":[{"count":0,"href":"https:\/\/business.roovi.com\/ro\/wp-json\/wp\/v2\/product\/19855\/revisions"}],"wp:featuredmedia":[{"embeddable":true,"href":"https:\/\/business.roovi.com\/ro\/wp-json\/wp\/v2\/media\/62985"}],"wp:attachment":[{"href":"https:\/\/business.roovi.com\/ro\/wp-json\/wp\/v2\/media?parent=19855"}],"wp:term":[{"taxonomy":"product_brand","embeddable":true,"href":"https:\/\/business.roovi.com\/ro\/wp-json\/wp\/v2\/product_brand?post=19855"},{"taxonomy":"product_cat","embeddable":true,"href":"https:\/\/business.roovi.com\/ro\/wp-json\/wp\/v2\/product_cat?post=19855"},{"taxonomy":"product_tag","embeddable":true,"href":"https:\/\/business.roovi.com\/ro\/wp-json\/wp\/v2\/product_tag?post=19855"}],"curies":[{"name":"wp","href":"https:\/\/api.w.org\/{rel}","templated":true}]}}