{"id":19856,"date":"2019-05-09T08:11:42","date_gmt":"2019-05-09T08:11:42","guid":{"rendered":"https:\/\/business.roovi.com\/product\/puzzle-alphonse-mucha-arts-1000-piese\/"},"modified":"2025-03-18T08:57:26","modified_gmt":"2025-03-18T08:57:26","slug":"puzzle-adulti-alphonse-mucha-artsarte-1000-piese","status":"publish","type":"product","link":"https:\/\/business.roovi.com\/ro\/puzzle-adulti-alphonse-mucha-artsarte-1000-piese\/p\/","title":{"rendered":"Puzzle adul\u021bi 1000 piese Alphonse Mucha &#8211; Arts\/Arte"},"content":{"rendered":"<p><span style=\"font-weight: 400;\">Cu cea mai mare gam\u0103 de puzzle art\u0103 ai acum ocazia s\u0103-\u021bi alc\u0103tuie\u0219ti o colec\u021bie complet\u0103 de tablouri artistice din puzzle-uri 1000 piese de cea mai bun\u0103 calitate.<\/span><\/p>\n<p><span style=\"font-weight: 400;\">Puzzle 1000 piese Alphonse Mucha &#8211; Arts\/Arte este un colaj ce \u00eenf\u0103\u021bi\u0219eaz\u0103 patru opere ale artistului cu tematica Arte. \u00cen ciclul s\u0103u de glorificare a celor patru arte, Mucha s-a ab\u021binut \u00een mod deliberat de la atributele tradi\u021bionale, pentru a descrie artele, plas\u00e2ndu-le \u00een schimb pe fiecare pe un fundal legat de un moment al zilei: diminea\u021ba pentru Dans, pr\u00e2nz pentru Pictur\u0103, seara pentru Poezie \u0219i noaptea pentru Muzic\u0103. Asambleaz\u0103 acest minunat tablou din puzzle 1000 piese \u0219i adu cele patru arte \u00eentr-un obiect decorativ care-\u021bi va \u00eenfrumuse\u021ba camera preferat\u0103.<\/span><\/p>\n<p><span style=\"font-weight: 400;\">Pentru a construi opera de art\u0103 nu ai nevoie dec\u00e2t de o m\u0103su\u021b\u0103 obi\u0219nuit\u0103 de cafea \u0219i bine\u00een\u021beles, de mult\u0103 r\u0103bdare! Tabloul final are dimensiunile 50&#215;70 cm.<\/span><\/p>\n<p><span style=\"font-weight: 400;\">Alte detalii legate de puzzle 1000 piese Alphonse Mucha &#8211; Arte g\u0103se\u0219ti mai jos.<\/span><\/p>\n<p><strong>Material puzzle:\u00a0<\/strong><\/p>\n<p><strong>carton albastru de o calitate superioar\u0103<\/strong><\/p>\n<p><strong>materiale sustenabile, reciclabile<\/strong><\/p>\n<p><strong>finisaj semi-lucios, culori vii<\/strong><\/p>\n<p><strong>Num\u0103rul pieselor de puzzle: 1000<\/strong><\/p>\n<p><strong>V\u00e2rsta recomandat\u0103: 14+<\/strong><\/p>\n<p><strong>P\u0103streaz\u0103-\u021bi mintea s\u0103n\u0103toas\u0103 complet\u00e2nd zi de zi puzzle 1000 piese!<\/strong><\/p>\n<p><span style=\"font-weight: 400;\">Puzzle-urile 1000 piese sunt uimitoare pentru s\u0103n\u0103tatea creierului datorit\u0103 capacit\u0103\u021bii lor de a-\u021bi pune mintea la treab\u0103. Jocurile puzzle sunt un adev\u0103rat antrenament mental care te ajut\u0103 s\u0103-\u021bi men\u021bii capacitatea mental\u0103 \u00een form\u0103 maxim\u0103.\u00a0<\/span><\/p>\n<p><strong>Completeaz\u0103 puzzle 1000 piese \u0219i antreneaz\u0103-\u021bi g\u00e2ndirea strategic\u0103!<\/strong><\/p>\n<p><span style=\"font-weight: 400;\">Un puzzle 1000 piese este ca o problem\u0103 pe care trebuie s\u0103 o rezolvi. \u00cen func\u021bie de unghiul de abordare \u0219i de strategia aleas\u0103, vei rezolva jocuri puzzle mai repede sau mai \u00eencet. Exers\u00e2nd zi de zi \u00ee\u021bi vei antrena modurile de abordare \u0219i vei reu\u0219i s\u0103 dezlegi misterului puzzle-ului 1000 din ce \u00een ce mai repede.\u00a0<\/span><\/p>\n<p><strong>Asamblarea puzzle-urilor 1000 te ajut\u0103 s\u0103-\u021bi l\u0103rge\u0219ti orizontul cunoa\u0219terii<\/strong><\/p>\n<p><span style=\"font-weight: 400;\">Puzzle-urile adul\u021bi nu sunt doar o modalitate de relaxare, ci \u0219i una de cunoa\u0219tere. Fie c\u0103 alegi s\u0103 completezi puzzle 1000 de art\u0103, cu peisaj sau locuri turistice, imaginea te \u00eendeamn\u0103 s\u0103 vrei s\u0103 cuno\u0219ti mai multe despre ea. Las\u0103-te atras \u00een aceast\u0103 curs\u0103 a cunoa\u0219terii \u0219i dezvolt\u0103-\u021bi cuno\u0219tin\u021bele de cultur\u0103 general\u0103.<\/span><\/p>\n<p><strong>Puzzle-urile 1000 piese \u00ee\u021bi dau libertate total\u0103\u00a0<\/strong><\/p>\n<p><span style=\"font-weight: 400;\">Complet\u00e2nd puzzle-uri adul\u021bi te sim\u021bi liber s\u0103 fii creativ, s\u0103 visezi, s\u0103 cuno\u0219ti. De asemenea, fiecare decizie de a pune o pies\u0103 puzzle 1000 la locul potrivit te ajut\u0103 s\u0103 fii din ce \u00een ce mai \u00eencrez\u0103tor \u00een for\u021bele proprii.\u00a0<\/span><\/p>\n<p><strong>Poate nu \u0219tiai despre\u00a0 <\/strong><strong><em>Artele<\/em><\/strong><strong> \u00a0 lui Alphonse Mucha\u2026<\/strong><\/p>\n<p><span style=\"font-weight: 400;\">\u00cen aceste lucr\u0103ri, artistul s-a concentrat pe frumuse\u021bea natural\u0103 a femeilor, ca \u00eentruchipare a fiec\u0103rei discipline, \u00eenconjurat\u0103 \u0219i atribuit\u0103 unui anumit moment al zilei.<\/span><\/p>\n<p><em><span style=\"font-weight: 400;\">Dansul\u00a0 <\/span><\/em><span style=\"font-weight: 400;\">pozeaz\u0103 provocator \u00een v\u00e2ntul dimine\u021bii de toamn\u0103 care-i expune picioarele, pieptul \u0219i spatele, oferind o imagine \u00eendr\u0103znea\u021b\u0103 pentru anul 1898.<\/span><\/p>\n<p><em><span style=\"font-weight: 400;\">Pictura<\/span><\/em><span style=\"font-weight: 400;\">\u00a0 \u021bine \u00een m\u00e2n\u0103 o floare ro\u0219ie \u0219i este \u00eenconjurat\u0103 de curcubee la lumina zilei.<\/span><\/p>\n<p><em><span style=\"font-weight: 400;\">Poezia<\/span><\/em><span style=\"font-weight: 400;\"> \u00a0 contempl\u0103 \u00een timp ce steaua de sear\u0103 str\u0103luce\u0219te pe cer la amurg.<\/span><\/p>\n<p><em><span style=\"font-weight: 400;\">Muzica<\/span><\/em><span style=\"font-weight: 400;\"> \u00a0 ascult\u0103 c\u00e2ntecul p\u0103s\u0103rilor la r\u0103s\u0103ritul lunii.<\/span><\/p>\n<p><strong>Asambeaz\u0103 puzzle 1000 piese \u0219i te vei sim\u021bi:<\/strong><\/p>\n<p><strong>Mai relaxat!<\/strong><\/p>\n<p><strong>Mai pu\u021bin stresat!<\/strong><\/p>\n<p><strong>Mai fericit!<\/strong><\/p>\n<p><span style=\"font-weight: 400;\">Vrei s\u0103 admiri perfec\u021biunea frumuse\u021bii feminine \u00een culori calde \u0219i armonioase?<\/span> <span style=\"font-weight: 400;\">Cump\u0103r\u0103 acum puzzle 1000 piese Alphonse Mucha &#8211; Arts\/Arte, reconstituie imaginea \u0219i bucur\u0103-te de tabloul minunat din acest joc puzzle.\u00a0<\/span><\/p>\n<p><span style=\"font-weight: 400;\">Acest puzzle 1000 piese poate fi un cadou deosebit dac\u0103 te g\u00e2nde\u0219ti s\u0103 surprinzi pl\u0103cut o persoana drag\u0103 \u00eentr-un moment aniversar.<\/span><\/p>\n","protected":false},"excerpt":{"rendered":"<p><span style=\"font-weight: 400;\">Ce poate fi mai frumos dec\u00e2t s\u0103-\u021bi \u00eenc\u00e2nte privirea cele mai cunoscute opere de art\u0103 ale lumii? \u0218i cum ar fi s\u0103 aduci farmecul lor pe pere\u021bii casei tale? <\/span><\/p>\n","protected":false},"featured_media":60344,"template":"","meta":[],"product_brand":[],"product_cat":[1454,1488,1560],"product_tag":[],"class_list":{"0":"post-19856","1":"product","2":"type-product","3":"status-publish","4":"has-post-thumbnail","6":"product_cat-puzzle","7":"product_cat-puzzle-adulti","8":"product_cat-puzzle-adulti-1000","9":"pa_brand-d_toys","10":"pa_country_of_manufacture-ro","11":"pa_filter_age-1315","12":"pa_painter-alphonsemucha","13":"pa_tip_ambalaj-cutie","14":"pa_tip_puzzle-clasic","16":"first","17":"instock","18":"taxable","19":"shipping-taxable","20":"product-type-simple"},"yoast_head":"<!-- This site is optimized with the Yoast SEO plugin v20.1 - https:\/\/yoast.com\/wordpress\/plugins\/seo\/ -->\n<title>Puzzle adul\u021bi 1000 piese Alphonse Mucha - Arts\/Arte - Roovi B2B<\/title>\n<meta name=\"robots\" content=\"index, follow, max-snippet:-1, max-image-preview:large, max-video-preview:-1\" \/>\n<link rel=\"canonical\" href=\"https:\/\/www.roovi.ro\/puzzle-adulti-alphonse-mucha-artsarte-1000-piese\/p\/\" \/>\n<meta property=\"og:locale\" content=\"ro_RO\" \/>\n<meta property=\"og:type\" content=\"article\" \/>\n<meta property=\"og:title\" content=\"Puzzle adul\u021bi 1000 piese Alphonse Mucha - Arts\/Arte - Roovi B2B\" \/>\n<meta property=\"og:description\" content=\"Ce poate fi mai frumos dec\u00e2t s\u0103-\u021bi \u00eenc\u00e2nte privirea cele mai cunoscute opere de art\u0103 ale lumii? \u0218i cum ar fi s\u0103 aduci farmecul lor pe pere\u021bii casei tale?\" \/>\n<meta property=\"og:url\" content=\"https:\/\/www.roovi.ro\/puzzle-adulti-alphonse-mucha-artsarte-1000-piese\/p\/\" \/>\n<meta property=\"og:site_name\" content=\"Roovi B2B\" \/>\n<meta property=\"article:publisher\" content=\"https:\/\/www.facebook.com\/wwwjucariero\" \/>\n<meta property=\"article:modified_time\" content=\"2025-03-18T08:57:26+00:00\" \/>\n<meta property=\"og:image\" content=\"https:\/\/business.roovi.com\/wp-content\/uploads\/2019\/05\/01_MAIN.jpg\" \/>\n\t<meta property=\"og:image:width\" content=\"1200\" \/>\n\t<meta property=\"og:image:height\" content=\"1200\" \/>\n\t<meta property=\"og:image:type\" content=\"image\/jpeg\" \/>\n<meta name=\"twitter:label1\" content=\"Timp estimat pentru citire\" \/>\n\t<meta name=\"twitter:data1\" content=\"3 minute\" \/>\n<script type=\"application\/ld+json\" class=\"yoast-schema-graph\">{\"@context\":\"https:\/\/schema.org\",\"@graph\":[{\"@type\":\"WebPage\",\"@id\":\"https:\/\/business.roovi.com\/ro\/puzzle-adulti-alphonse-mucha-artsarte-1000-piese\/p\/\",\"url\":\"https:\/\/www.roovi.ro\/puzzle-adulti-alphonse-mucha-artsarte-1000-piese\/p\/\",\"name\":\"Puzzle adul\u021bi 1000 piese Alphonse Mucha - Arts\/Arte - Roovi B2B\",\"isPartOf\":{\"@id\":\"https:\/\/business.roovi.com\/ro\/#website\"},\"datePublished\":\"2019-05-09T08:11:42+00:00\",\"dateModified\":\"2025-03-18T08:57:26+00:00\",\"breadcrumb\":{\"@id\":\"https:\/\/www.roovi.ro\/puzzle-adulti-alphonse-mucha-artsarte-1000-piese\/p\/#breadcrumb\"},\"inLanguage\":\"ro-RO\",\"potentialAction\":[{\"@type\":\"ReadAction\",\"target\":[\"https:\/\/www.roovi.ro\/puzzle-adulti-alphonse-mucha-artsarte-1000-piese\/p\/\"]}]},{\"@type\":\"BreadcrumbList\",\"@id\":\"https:\/\/www.roovi.ro\/puzzle-adulti-alphonse-mucha-artsarte-1000-piese\/p\/#breadcrumb\",\"itemListElement\":[{\"@type\":\"ListItem\",\"position\":1,\"name\":\"Home\",\"item\":\"https:\/\/business.roovi.com\/ro\/\"},{\"@type\":\"ListItem\",\"position\":2,\"name\":\"Magazin\",\"item\":\"https:\/\/business.roovi.com\/ro\/magazin\/\"},{\"@type\":\"ListItem\",\"position\":3,\"name\":\"Puzzle adul\u021bi 1000 piese Alphonse Mucha &#8211; Arts\/Arte\"}]},{\"@type\":\"WebSite\",\"@id\":\"https:\/\/business.roovi.com\/ro\/#website\",\"url\":\"https:\/\/business.roovi.com\/ro\/\",\"name\":\"Roovi B2B\",\"description\":\"Roovi Business Website\",\"potentialAction\":[{\"@type\":\"SearchAction\",\"target\":{\"@type\":\"EntryPoint\",\"urlTemplate\":\"https:\/\/business.roovi.com\/ro\/?s={search_term_string}\"},\"query-input\":\"required name=search_term_string\"}],\"inLanguage\":\"ro-RO\"}]}<\/script>\n<!-- \/ Yoast SEO plugin. -->","yoast_head_json":{"title":"Puzzle adul\u021bi 1000 piese Alphonse Mucha - Arts\/Arte - Roovi B2B","robots":{"index":"index","follow":"follow","max-snippet":"max-snippet:-1","max-image-preview":"max-image-preview:large","max-video-preview":"max-video-preview:-1"},"canonical":"https:\/\/www.roovi.ro\/puzzle-adulti-alphonse-mucha-artsarte-1000-piese\/p\/","og_locale":"ro_RO","og_type":"article","og_title":"Puzzle adul\u021bi 1000 piese Alphonse Mucha - Arts\/Arte - Roovi B2B","og_description":"Ce poate fi mai frumos dec\u00e2t s\u0103-\u021bi \u00eenc\u00e2nte privirea cele mai cunoscute opere de art\u0103 ale lumii? \u0218i cum ar fi s\u0103 aduci farmecul lor pe pere\u021bii casei tale?","og_url":"https:\/\/www.roovi.ro\/puzzle-adulti-alphonse-mucha-artsarte-1000-piese\/p\/","og_site_name":"Roovi B2B","article_publisher":"https:\/\/www.facebook.com\/wwwjucariero","article_modified_time":"2025-03-18T08:57:26+00:00","og_image":[{"width":1200,"height":1200,"url":"https:\/\/business.roovi.com\/wp-content\/uploads\/2019\/05\/01_MAIN.jpg","type":"image\/jpeg"}],"twitter_misc":{"Timp estimat pentru citire":"3 minute"},"schema":{"@context":"https:\/\/schema.org","@graph":[{"@type":"WebPage","@id":"https:\/\/business.roovi.com\/ro\/puzzle-adulti-alphonse-mucha-artsarte-1000-piese\/p\/","url":"https:\/\/www.roovi.ro\/puzzle-adulti-alphonse-mucha-artsarte-1000-piese\/p\/","name":"Puzzle adul\u021bi 1000 piese Alphonse Mucha - Arts\/Arte - Roovi B2B","isPartOf":{"@id":"https:\/\/business.roovi.com\/ro\/#website"},"datePublished":"2019-05-09T08:11:42+00:00","dateModified":"2025-03-18T08:57:26+00:00","breadcrumb":{"@id":"https:\/\/www.roovi.ro\/puzzle-adulti-alphonse-mucha-artsarte-1000-piese\/p\/#breadcrumb"},"inLanguage":"ro-RO","potentialAction":[{"@type":"ReadAction","target":["https:\/\/www.roovi.ro\/puzzle-adulti-alphonse-mucha-artsarte-1000-piese\/p\/"]}]},{"@type":"BreadcrumbList","@id":"https:\/\/www.roovi.ro\/puzzle-adulti-alphonse-mucha-artsarte-1000-piese\/p\/#breadcrumb","itemListElement":[{"@type":"ListItem","position":1,"name":"Home","item":"https:\/\/business.roovi.com\/ro\/"},{"@type":"ListItem","position":2,"name":"Magazin","item":"https:\/\/business.roovi.com\/ro\/magazin\/"},{"@type":"ListItem","position":3,"name":"Puzzle adul\u021bi 1000 piese Alphonse Mucha &#8211; Arts\/Arte"}]},{"@type":"WebSite","@id":"https:\/\/business.roovi.com\/ro\/#website","url":"https:\/\/business.roovi.com\/ro\/","name":"Roovi B2B","description":"Roovi Business Website","potentialAction":[{"@type":"SearchAction","target":{"@type":"EntryPoint","urlTemplate":"https:\/\/business.roovi.com\/ro\/?s={search_term_string}"},"query-input":"required name=search_term_string"}],"inLanguage":"ro-RO"}]}},"_links":{"self":[{"href":"https:\/\/business.roovi.com\/ro\/wp-json\/wp\/v2\/product\/19856","targetHints":{"allow":["GET"]}}],"collection":[{"href":"https:\/\/business.roovi.com\/ro\/wp-json\/wp\/v2\/product"}],"about":[{"href":"https:\/\/business.roovi.com\/ro\/wp-json\/wp\/v2\/types\/product"}],"version-history":[{"count":0,"href":"https:\/\/business.roovi.com\/ro\/wp-json\/wp\/v2\/product\/19856\/revisions"}],"wp:featuredmedia":[{"embeddable":true,"href":"https:\/\/business.roovi.com\/ro\/wp-json\/wp\/v2\/media\/60344"}],"wp:attachment":[{"href":"https:\/\/business.roovi.com\/ro\/wp-json\/wp\/v2\/media?parent=19856"}],"wp:term":[{"taxonomy":"product_brand","embeddable":true,"href":"https:\/\/business.roovi.com\/ro\/wp-json\/wp\/v2\/product_brand?post=19856"},{"taxonomy":"product_cat","embeddable":true,"href":"https:\/\/business.roovi.com\/ro\/wp-json\/wp\/v2\/product_cat?post=19856"},{"taxonomy":"product_tag","embeddable":true,"href":"https:\/\/business.roovi.com\/ro\/wp-json\/wp\/v2\/product_tag?post=19856"}],"curies":[{"name":"wp","href":"https:\/\/api.w.org\/{rel}","templated":true}]}}