{"id":19859,"date":"2019-05-09T08:38:37","date_gmt":"2019-05-09T08:38:37","guid":{"rendered":"https:\/\/business.roovi.com\/product\/nature-landscape-puzzle-canada-1000-piese\/"},"modified":"2025-03-18T10:22:53","modified_gmt":"2025-03-18T10:22:53","slug":"puzzle-adulti-1000-piese-nature-landscape-canada","status":"publish","type":"product","link":"https:\/\/business.roovi.com\/ro\/puzzle-adulti-1000-piese-nature-landscape-canada\/p\/","title":{"rendered":"Puzzle adul\u021bi 1000 piese Nature Landscape &#8211; Canada"},"content":{"rendered":"<p><strong><em>Vrei c\u00e2teva ore de lini\u0219te \u0219i relaxare profund\u0103? Alc\u0103tuie\u0219te dintr-un puzzle 1000 piese o imagine din natura s\u0103lbatic\u0103 a Canadei \u0219i experimenteaz\u0103 o stare de deta\u0219are total\u0103.<\/em><\/strong><\/p>\n<p><span style=\"font-weight: 400;\">Imaginea lacului Moraine din puzzle 1000 piese Nature Landscape &#8211; Canada \u00ee\u021bi induce o stare de calm \u0219i destindere. Cu fiecare pies\u0103 pe care o potrive\u0219ti \u00een imaginea de ansamblu, e\u0219ti tot mai concentrat \u0219i mai deconectat de la cotidian. Iar senza\u021bia este magic\u0103. Te provoc\u0103m s\u0103 o tr\u0103ie\u0219ti!<\/span><\/p>\n<p><span style=\"font-weight: 400;\">Lacul Moraine din Canada este unul dintre cele mai fotografiate obiective din aceast\u0103 \u021bar\u0103. Apa cristalin\u0103 \u00een care se reflect\u0103 crestele mun\u021bilor din apropiere \u0219i peisajul natural spectaculos din jur fac din acest obiectiv unul dintre cele mai frumoase lacuri glaciare din lume.<\/span><\/p>\n<p><span style=\"font-weight: 400;\">Aceast\u0103 minune natural\u0103 este ad\u0103postit\u0103 de Valea celor 10 V\u00e2rfuri, \u00een Parcul Na\u021bional Banff din Canada. Nuan\u021bele sale vii de turcoaz devin mai intense pe timpul verii, pe m\u0103sur\u0103 ce se topesc ghe\u021barii. Puzzle 1000 piese Nature Landscape &#8211; Lacul Moraine, Canada p\u0103streaz\u0103 culorile perfecte ale acestui lac, iar pe m\u0103sur\u0103 ce recompui imaginea, vei fi fascinat de spectacolul de nuan\u021be \u0219i peisajul de poveste.<\/span><\/p>\n<p><strong>De ce s\u0103 alegi puzzle 1000 piese Lacul Moraine, Canada?<\/strong><\/p>\n<p><span style=\"font-weight: 400;\">Reconstitui o imagine cu dimensiunile de 68 x 47 cm ce va rezulta \u00eentr-un tablou de excep\u021bie.<\/span><\/p>\n<p><span style=\"font-weight: 400;\">Po\u021bi utiliza tabloul ca obiect decorativ pentru a-\u021bi \u00eenfrumuse\u021ba locuin\u021ba.<\/span><\/p>\n<p><span style=\"font-weight: 400;\">Piesele de puzzle 1000 sunt t\u0103iate cu precizie \u0219i se \u00eembin\u0103 perfect, iar imaginea final\u0103 este des\u0103v\u00e2r\u0219it\u0103.<\/span><\/p>\n<p><span style=\"font-weight: 400;\">Este produs din carton albastru de calitate superioar\u0103 ce-i confer\u0103 rezisten\u021b\u0103 \u00een timp chiar \u0219i la asambl\u0103ri multiple.<\/span><\/p>\n<p><span style=\"font-weight: 400;\">Este bl\u00e2nd cu natura, fiind alc\u0103tuit din materiale reciclabile \u0219i sustenabile.<\/span><\/p>\n<p><span style=\"font-weight: 400;\">Are finisaje semi-lucioase \u0219i culori vii ce scot \u00een eviden\u021b\u0103 frumuse\u021bea peisajului.<\/span><\/p>\n<p><span style=\"font-weight: 400;\">Potrivit persoanelor peste 14 ani &#8211; prilej nemaipomenit pentru a-\u021bi petrece timpul \u00eempreun\u0103 cu copiii t\u0103i adolescen\u021bi.<\/span><\/p>\n<p><strong>\u0218tiai c\u0103\u2026?<\/strong><\/p>\n<p><span style=\"font-weight: 400;\">Lacul Moraine se afl\u0103 la o altitudine de 1.885 m, iar nivelul apei \u0219i culorile cele mai intense sunt atinse la sf\u00e2r\u0219itul lunii iunie.<\/span><\/p>\n<p><span style=\"font-weight: 400;\">Ad\u00e2ncimea maxim\u0103 a acestui lac este de 15 metri.<\/span><\/p>\n<p><span style=\"font-weight: 400;\">Imaginea lacului Moraine apare \u0219i pe spatele bancnotei de 20 de dolari canadieni din 1969 \u0219i 1979.<\/span><\/p>\n<p><span style=\"font-weight: 400;\">Parcul Na\u021bional Banff a fost \u00eenfiin\u021bat \u00een 1885 \u0219i a fost primul parc na\u021bional al Canadei\u00a0 \u0219i al treilea din lume.<\/span><\/p>\n<p><span style=\"font-weight: 400;\">Mun\u021bii din acest parc na\u021bional au chiar \u0219i 120 de milioane de ani vechime \u0219i ad\u0103postesc \u00eenc\u0103 aproximativ 1000 de ghe\u021bari.<\/span><\/p>\n<p><span style=\"font-weight: 400;\">Un puzzle adul\u021bi cu un peisaj natural spectaculos este o activitate recreativ\u0103 care \u00ee\u021bi aduce multiple beneficii ce se reflect\u0103 \u00een mai multe aspecte ale vie\u021bii tale:\u00a0<\/span><\/p>\n<ul>\n<li><span style=\"font-weight: 400;\">\u00ce\u021bi cultiv\u0103 r\u0103bdarea \u0219i perseveren\u021ba.<\/span><\/li>\n<li><span style=\"font-weight: 400;\">\u00ce\u021bi antreneaz\u0103 memoria.<\/span><\/li>\n<li><span style=\"font-weight: 400;\">\u00ce\u021bi dezvolt\u0103 g\u00e2ndirea logic\u0103\u00a0<\/span><\/li>\n<li><span style=\"font-weight: 400;\">Este un bun exerci\u021biu de creativitate<\/span><\/li>\n<li><span style=\"font-weight: 400;\">\u00ce\u021bi d\u0103 o stare de bine \u0219i optimism.<\/span><\/li>\n<li><span style=\"font-weight: 400;\">Este un bun prilej pentru a socializa<\/span><\/li>\n<\/ul>\n<p><span style=\"font-weight: 400;\">Ai o mul\u021bime de motive s\u0103 alegi puzzle 1000 piese Lacul Moraine. P\u0103streaz\u0103-l \u00een cas\u0103 \u0219i ref\u0103 imaginea ori de c\u00e2te ori sim\u021bi nevoia unei provoc\u0103ri creative, bucur\u0103-te de el \u00eempreun\u0103 cu familia sau cu prietenii sau pune-l sub bradul de Cr\u0103ciun \u0219i transform\u0103-l \u00eentr-un cadou minunat pentru pasiona\u021bii de jocuri puzzle.<\/span><\/p>\n","protected":false},"excerpt":{"rendered":"<p>Vrei c\u00e2teva ore de lini\u0219te \u0219i relaxare profund\u0103? Alc\u0103tuie\u0219te dintr-un puzzle 1000 piese o imagine din natura s\u0103lbatic\u0103 a Canadei<\/p>\n","protected":false},"featured_media":9706,"template":"","meta":[],"product_brand":[],"product_cat":[1454,1488,1560],"product_tag":[],"class_list":{"0":"post-19859","1":"product","2":"type-product","3":"status-publish","4":"has-post-thumbnail","6":"product_cat-puzzle","7":"product_cat-puzzle-adulti","8":"product_cat-puzzle-adulti-1000","9":"pa_brand-d_toys","10":"pa_country_of_manufacture-ro","11":"pa_filter_age-1315","12":"pa_painter-landscapes","13":"pa_tip_ambalaj-cutie","14":"pa_tip_puzzle-clasic","16":"first","17":"instock","18":"taxable","19":"shipping-taxable","20":"product-type-simple"},"yoast_head":"<!-- This site is optimized with the Yoast SEO plugin v20.1 - https:\/\/yoast.com\/wordpress\/plugins\/seo\/ -->\n<title>Puzzle adul\u021bi 1000 piese Nature Landscape - Canada - Roovi B2B<\/title>\n<meta name=\"robots\" content=\"index, follow, max-snippet:-1, max-image-preview:large, max-video-preview:-1\" \/>\n<link rel=\"canonical\" href=\"https:\/\/www.roovi.ro\/puzzle-adulti-1000-piese-nature-landscape-canada\/p\/\" \/>\n<meta property=\"og:locale\" content=\"ro_RO\" \/>\n<meta property=\"og:type\" content=\"article\" \/>\n<meta property=\"og:title\" content=\"Puzzle adul\u021bi 1000 piese Nature Landscape - Canada - Roovi B2B\" \/>\n<meta property=\"og:description\" content=\"Vrei c\u00e2teva ore de lini\u0219te \u0219i relaxare profund\u0103? Alc\u0103tuie\u0219te dintr-un puzzle 1000 piese o imagine din natura s\u0103lbatic\u0103 a Canadei\" \/>\n<meta property=\"og:url\" content=\"https:\/\/www.roovi.ro\/puzzle-adulti-1000-piese-nature-landscape-canada\/p\/\" \/>\n<meta property=\"og:site_name\" content=\"Roovi B2B\" \/>\n<meta property=\"article:publisher\" content=\"https:\/\/www.facebook.com\/wwwjucariero\" \/>\n<meta property=\"article:modified_time\" content=\"2025-03-18T10:22:53+00:00\" \/>\n<meta property=\"og:image\" content=\"https:\/\/business.roovi.com\/wp-content\/uploads\/2019\/05\/75765-01-ansamblu_dimensiuni-cutie-cm_orizontal.png\" \/>\n\t<meta property=\"og:image:width\" content=\"900\" \/>\n\t<meta property=\"og:image:height\" content=\"900\" \/>\n\t<meta property=\"og:image:type\" content=\"image\/png\" \/>\n<meta name=\"twitter:label1\" content=\"Timp estimat pentru citire\" \/>\n\t<meta name=\"twitter:data1\" content=\"3 minute\" \/>\n<script type=\"application\/ld+json\" class=\"yoast-schema-graph\">{\"@context\":\"https:\/\/schema.org\",\"@graph\":[{\"@type\":\"WebPage\",\"@id\":\"https:\/\/business.roovi.com\/ro\/puzzle-adulti-1000-piese-nature-landscape-canada\/p\/\",\"url\":\"https:\/\/www.roovi.ro\/puzzle-adulti-1000-piese-nature-landscape-canada\/p\/\",\"name\":\"Puzzle adul\u021bi 1000 piese Nature Landscape - Canada - Roovi B2B\",\"isPartOf\":{\"@id\":\"https:\/\/business.roovi.com\/ro\/#website\"},\"datePublished\":\"2019-05-09T08:38:37+00:00\",\"dateModified\":\"2025-03-18T10:22:53+00:00\",\"breadcrumb\":{\"@id\":\"https:\/\/www.roovi.ro\/puzzle-adulti-1000-piese-nature-landscape-canada\/p\/#breadcrumb\"},\"inLanguage\":\"ro-RO\",\"potentialAction\":[{\"@type\":\"ReadAction\",\"target\":[\"https:\/\/www.roovi.ro\/puzzle-adulti-1000-piese-nature-landscape-canada\/p\/\"]}]},{\"@type\":\"BreadcrumbList\",\"@id\":\"https:\/\/www.roovi.ro\/puzzle-adulti-1000-piese-nature-landscape-canada\/p\/#breadcrumb\",\"itemListElement\":[{\"@type\":\"ListItem\",\"position\":1,\"name\":\"Home\",\"item\":\"https:\/\/business.roovi.com\/ro\/\"},{\"@type\":\"ListItem\",\"position\":2,\"name\":\"Magazin\",\"item\":\"https:\/\/business.roovi.com\/ro\/magazin\/\"},{\"@type\":\"ListItem\",\"position\":3,\"name\":\"Puzzle adul\u021bi 1000 piese Nature Landscape &#8211; Canada\"}]},{\"@type\":\"WebSite\",\"@id\":\"https:\/\/business.roovi.com\/ro\/#website\",\"url\":\"https:\/\/business.roovi.com\/ro\/\",\"name\":\"Roovi B2B\",\"description\":\"Roovi Business Website\",\"potentialAction\":[{\"@type\":\"SearchAction\",\"target\":{\"@type\":\"EntryPoint\",\"urlTemplate\":\"https:\/\/business.roovi.com\/ro\/?s={search_term_string}\"},\"query-input\":\"required name=search_term_string\"}],\"inLanguage\":\"ro-RO\"}]}<\/script>\n<!-- \/ Yoast SEO plugin. -->","yoast_head_json":{"title":"Puzzle adul\u021bi 1000 piese Nature Landscape - Canada - Roovi B2B","robots":{"index":"index","follow":"follow","max-snippet":"max-snippet:-1","max-image-preview":"max-image-preview:large","max-video-preview":"max-video-preview:-1"},"canonical":"https:\/\/www.roovi.ro\/puzzle-adulti-1000-piese-nature-landscape-canada\/p\/","og_locale":"ro_RO","og_type":"article","og_title":"Puzzle adul\u021bi 1000 piese Nature Landscape - Canada - Roovi B2B","og_description":"Vrei c\u00e2teva ore de lini\u0219te \u0219i relaxare profund\u0103? Alc\u0103tuie\u0219te dintr-un puzzle 1000 piese o imagine din natura s\u0103lbatic\u0103 a Canadei","og_url":"https:\/\/www.roovi.ro\/puzzle-adulti-1000-piese-nature-landscape-canada\/p\/","og_site_name":"Roovi B2B","article_publisher":"https:\/\/www.facebook.com\/wwwjucariero","article_modified_time":"2025-03-18T10:22:53+00:00","og_image":[{"width":900,"height":900,"url":"https:\/\/business.roovi.com\/wp-content\/uploads\/2019\/05\/75765-01-ansamblu_dimensiuni-cutie-cm_orizontal.png","type":"image\/png"}],"twitter_misc":{"Timp estimat pentru citire":"3 minute"},"schema":{"@context":"https:\/\/schema.org","@graph":[{"@type":"WebPage","@id":"https:\/\/business.roovi.com\/ro\/puzzle-adulti-1000-piese-nature-landscape-canada\/p\/","url":"https:\/\/www.roovi.ro\/puzzle-adulti-1000-piese-nature-landscape-canada\/p\/","name":"Puzzle adul\u021bi 1000 piese Nature Landscape - Canada - Roovi B2B","isPartOf":{"@id":"https:\/\/business.roovi.com\/ro\/#website"},"datePublished":"2019-05-09T08:38:37+00:00","dateModified":"2025-03-18T10:22:53+00:00","breadcrumb":{"@id":"https:\/\/www.roovi.ro\/puzzle-adulti-1000-piese-nature-landscape-canada\/p\/#breadcrumb"},"inLanguage":"ro-RO","potentialAction":[{"@type":"ReadAction","target":["https:\/\/www.roovi.ro\/puzzle-adulti-1000-piese-nature-landscape-canada\/p\/"]}]},{"@type":"BreadcrumbList","@id":"https:\/\/www.roovi.ro\/puzzle-adulti-1000-piese-nature-landscape-canada\/p\/#breadcrumb","itemListElement":[{"@type":"ListItem","position":1,"name":"Home","item":"https:\/\/business.roovi.com\/ro\/"},{"@type":"ListItem","position":2,"name":"Magazin","item":"https:\/\/business.roovi.com\/ro\/magazin\/"},{"@type":"ListItem","position":3,"name":"Puzzle adul\u021bi 1000 piese Nature Landscape &#8211; Canada"}]},{"@type":"WebSite","@id":"https:\/\/business.roovi.com\/ro\/#website","url":"https:\/\/business.roovi.com\/ro\/","name":"Roovi B2B","description":"Roovi Business Website","potentialAction":[{"@type":"SearchAction","target":{"@type":"EntryPoint","urlTemplate":"https:\/\/business.roovi.com\/ro\/?s={search_term_string}"},"query-input":"required name=search_term_string"}],"inLanguage":"ro-RO"}]}},"_links":{"self":[{"href":"https:\/\/business.roovi.com\/ro\/wp-json\/wp\/v2\/product\/19859","targetHints":{"allow":["GET"]}}],"collection":[{"href":"https:\/\/business.roovi.com\/ro\/wp-json\/wp\/v2\/product"}],"about":[{"href":"https:\/\/business.roovi.com\/ro\/wp-json\/wp\/v2\/types\/product"}],"version-history":[{"count":0,"href":"https:\/\/business.roovi.com\/ro\/wp-json\/wp\/v2\/product\/19859\/revisions"}],"wp:featuredmedia":[{"embeddable":true,"href":"https:\/\/business.roovi.com\/ro\/wp-json\/wp\/v2\/media\/9706"}],"wp:attachment":[{"href":"https:\/\/business.roovi.com\/ro\/wp-json\/wp\/v2\/media?parent=19859"}],"wp:term":[{"taxonomy":"product_brand","embeddable":true,"href":"https:\/\/business.roovi.com\/ro\/wp-json\/wp\/v2\/product_brand?post=19859"},{"taxonomy":"product_cat","embeddable":true,"href":"https:\/\/business.roovi.com\/ro\/wp-json\/wp\/v2\/product_cat?post=19859"},{"taxonomy":"product_tag","embeddable":true,"href":"https:\/\/business.roovi.com\/ro\/wp-json\/wp\/v2\/product_tag?post=19859"}],"curies":[{"name":"wp","href":"https:\/\/api.w.org\/{rel}","templated":true}]}}