{"id":19860,"date":"2019-05-09T08:47:42","date_gmt":"2019-05-09T08:47:42","guid":{"rendered":"https:\/\/business.roovi.com\/product\/discover-europe-puzzle-italy-1000-piese\/"},"modified":"2023-03-20T21:33:30","modified_gmt":"2023-03-20T21:33:30","slug":"puzzle-adulti-1000-piese-discover-europe-tirolul-de-sud","status":"publish","type":"product","link":"https:\/\/business.roovi.com\/ro\/puzzle-adulti-1000-piese-discover-europe-tirolul-de-sud\/p\/","title":{"rendered":"Puzzle Tirolul de Sud &#8211; Puzzle adul\u021bi 1000 piese &#8211; Discover Europe"},"content":{"rendered":"<p><strong><em>\u00cembin\u0103 pasiunea pentru jocurile puzzle \u0219i c\u0103l\u0103torii cu o colec\u021bie fascinant\u0103: Discover Europe. Imagini cu peisaje de vis \u0219i obiective turistice de neratat din Europa te a\u0219teapt\u0103 s\u0103 le refaci din 1000 piese puzzle.<\/em><\/strong><\/p>\n<p><span style=\"font-weight: 400;\">Mun\u021bi \u00eenal\u021bi \u0219i lacuri cristaline ce-\u021bi taie respira\u021bia c\u00e2nd le prive\u0219ti, castele situate pe st\u00e2nci care din dep\u0103rtare par pictate \u00eentr-un tablou perfect, ora\u0219e cu centre medievale cochete sunt doar c\u00e2teva dintre atrac\u021biile celei mai nordice regiuni a Italiei &#8211; Tirolul de Sud &#8211; o zon\u0103 cu o istorie bogat\u0103 \u0219i un trecut tumultos.<\/span><\/p>\n<p><span style=\"font-weight: 400;\">Puzzle 1000 piese Tirolul de Sud red\u0103 o imagine emblematic\u0103 a regiunii: Lago di Braies, supranumit \u0219i <\/span><em><span style=\"font-weight: 400;\">Perla Dolomi\u021bilor<\/span><\/em><span style=\"font-weight: 400;\">. O imagine pitoreasc\u0103 a lacului cu nuan\u021be infinite de verde smarald \u00een care se oglindesc crestele muntoase \u00ee\u021bi \u00eenc\u00e2nt\u0103 privirile \u0219i-\u021bi d\u0103 o stare de pace deplin\u0103.\u00a0<\/span><\/p>\n<p><span style=\"font-weight: 400;\">Dac\u0103 \u00eenchizi ochii, te po\u021bi vizualiza pe ponton, admir\u00e2nd \u00een lini\u0219te perfec\u021biunea naturii. Pentru momentele \u00een care vrei s\u0103 te refugiezi de agita\u021bia cotidian\u0103, ca oricare \u00eemp\u0103timit al jocurilor puzzle, acest model este ideal. Pune pies\u0103 l\u00e2ng\u0103 pies\u0103 \u0219i prive\u0219te cum se contureaz\u0103 un peisaj magic, are te \u00eendeamn\u0103 la visare.<\/span><\/p>\n<p><strong>De ce s\u0103 alegi un puzzle 1000 piese din colec\u021bia Discover Europe?<\/strong><\/p>\n<p><span style=\"font-weight: 400;\">Un puzzle cu imaginea unui obiectiv turistic este un prilej de relaxare \u0219i deconectare de la cotidian.<\/span><\/p>\n<p><span style=\"font-weight: 400;\">Ob\u021bii un tablou de 68 x 47 cm care va da personalitate oric\u0103rui loc anost din casa ta.<\/span><\/p>\n<p><span style=\"font-weight: 400;\">Este produs din carton de calitate superioar\u0103 care confer\u0103 durabilitate pieselor chiar \u0219i la utiliz\u0103ri multiple.<\/span><\/p>\n<p><span style=\"font-weight: 400;\">Fiecare puzzle adul\u021bi este prietenos cu natura, fiind produs din materiale sustenabile \u0219i reciclabile.<\/span><\/p>\n<p><span style=\"font-weight: 400;\">Are finisaj semi-lucios \u0219i culori pl\u0103cute care scot \u00een eviden\u021b\u0103 frumuse\u021bea imaginii.<\/span><\/p>\n<p><span style=\"font-weight: 400;\">Este potrivit persoanelor peste 14 ani, un motiv excelent pentru a petrece timp de calitate cu adolescen\u021bii.<\/span><\/p>\n<p><span style=\"font-weight: 400;\">Jocul puzzle este un antrenament excelent pentru creier, solicit\u0103 ambele emisfere cerebrale, ajut\u00e2nd la \u00eembun\u0103t\u0103\u021birea memoriei.<\/span><\/p>\n<p><span style=\"font-weight: 400;\">Men\u021bine coordonarea, mobilitatea fin\u0103 \u0219i dexteritatea.\u00a0<\/span><\/p>\n<p><strong>\u0218tiai c\u0103\u2026?<\/strong><\/p>\n<p><span style=\"font-weight: 400;\">Timp de 550 de ani, p\u00e2n\u0103 \u00een 1918, Tirolul de Sud a apar\u021binut Imperiului Habsburgic, de aici influen\u021bele acestuia \u00een cultura, arhitectura \u0219i gastronomia local\u0103.<\/span><\/p>\n<p><span style=\"font-weight: 400;\">\u00cen Tirolul de Sud se cultiv\u0103 aproximativ 50% din produc\u021bia de mere a Italiei, iar m\u0103rul din aceast\u0103 regiune este un brand reprezentativ al locului.<\/span><\/p>\n<p><span style=\"font-weight: 400;\">Potrivit unei legende locale, la cap\u0103tul sudic al Lago di Braies se afl\u0103 poarta c\u0103tre lumea de dincolo.<\/span><\/p>\n<p><strong>Puzzle 1000 piese Tirolul de Sud te conecteaz\u0103 cu cei dragi<\/strong><\/p>\n<p><span style=\"font-weight: 400;\">Unul dintre beneficiile uimitoare pe care \u021bi le ofer\u0103 jocurile puzzle este acela c\u0103 une\u0219te oamenii. Transform\u0103 un puzzle de 1000 piese \u00eentr-un joc de societate \u0219i creeaz\u0103 \u00eempreun\u0103 cu cei dragi un tablou fascinant, cu un peisaj panoramic al celebrului lac din Tirolul de Sud. \u00cempreun\u0103 sunte\u021bi mai puternici, iar timpul petrecut al\u0103turi va fi o experien\u021b\u0103 de neuitat.<\/span><\/p>\n<p><span style=\"font-weight: 400;\">Ie\u0219i din starea de confort \u0219i intr\u0103 \u00eentr-o stare uimitoare de relaxare cu puzzle adul\u021bi 1000 piese Tirolul de Sud din colec\u021bia Descoper\u0103 Europa. Cump\u0103r\u0103 acest joc puzzle minunat \u0219i creeaz\u0103 un tablou vibrant, care \u00ee\u021bi d\u0103 o stare de pace interioar\u0103 sau ofer\u0103-l \u00een dar unui prieten apropiat sau unei persoane dragi din familie.<\/span><\/p>\n<p>\u00a0<\/p>\n","protected":false},"excerpt":{"rendered":"<p>\u00cembin\u0103 pasiunea pentru jocurile puzzle \u0219i c\u0103l\u0103torii cu o colec\u021bie fascinant\u0103: Discover Europe. Imagini cu peisaje de vis \u0219i obiective<\/p>\n","protected":false},"featured_media":9719,"template":"","meta":[],"product_brand":[],"product_cat":[1454,1488,1560],"product_tag":[],"class_list":{"0":"post-19860","1":"product","2":"type-product","3":"status-publish","4":"has-post-thumbnail","6":"product_cat-puzzle","7":"product_cat-puzzle-adulti","8":"product_cat-puzzle-adulti-1000","9":"pa_brand-d_toys","10":"pa_country_of_manufacture-ro","11":"pa_filter_age-1315","12":"pa_painter-discovereurope","13":"pa_tip_ambalaj-cutie","14":"pa_tip_puzzle-clasic","16":"first","17":"instock","18":"taxable","19":"shipping-taxable","20":"product-type-simple"},"yoast_head":"<!-- This site is optimized with the Yoast SEO plugin v20.1 - https:\/\/yoast.com\/wordpress\/plugins\/seo\/ -->\n<title>Puzzle Tirolul de Sud - Puzzle adul\u021bi 1000 piese - Discover Europe - Roovi B2B<\/title>\n<meta name=\"robots\" content=\"index, follow, max-snippet:-1, max-image-preview:large, max-video-preview:-1\" \/>\n<link rel=\"canonical\" href=\"https:\/\/www.roovi.ro\/puzzle-adulti-1000-piese-discover-europe-tirolul-de-sud\/p\/\" \/>\n<meta property=\"og:locale\" content=\"ro_RO\" \/>\n<meta property=\"og:type\" content=\"article\" \/>\n<meta property=\"og:title\" content=\"Puzzle Tirolul de Sud - Puzzle adul\u021bi 1000 piese - Discover Europe - Roovi B2B\" \/>\n<meta property=\"og:description\" content=\"\u00cembin\u0103 pasiunea pentru jocurile puzzle \u0219i c\u0103l\u0103torii cu o colec\u021bie fascinant\u0103: Discover Europe. Imagini cu peisaje de vis \u0219i obiective\" \/>\n<meta property=\"og:url\" content=\"https:\/\/www.roovi.ro\/puzzle-adulti-1000-piese-discover-europe-tirolul-de-sud\/p\/\" \/>\n<meta property=\"og:site_name\" content=\"Roovi B2B\" \/>\n<meta property=\"article:publisher\" content=\"https:\/\/www.facebook.com\/wwwjucariero\" \/>\n<meta property=\"article:modified_time\" content=\"2023-03-20T21:33:30+00:00\" \/>\n<meta property=\"og:image\" content=\"https:\/\/business.roovi.com\/wp-content\/uploads\/2019\/05\/65995-09-ansamblu_dimensiuni-cutie-22x22-cm.png\" \/>\n\t<meta property=\"og:image:width\" content=\"1180\" \/>\n\t<meta property=\"og:image:height\" content=\"1180\" \/>\n\t<meta property=\"og:image:type\" content=\"image\/png\" \/>\n<meta name=\"twitter:label1\" content=\"Timp estimat pentru citire\" \/>\n\t<meta name=\"twitter:data1\" content=\"3 minute\" \/>\n<script type=\"application\/ld+json\" class=\"yoast-schema-graph\">{\"@context\":\"https:\/\/schema.org\",\"@graph\":[{\"@type\":\"WebPage\",\"@id\":\"https:\/\/business.roovi.com\/ro\/puzzle-adulti-1000-piese-discover-europe-tirolul-de-sud\/p\/\",\"url\":\"https:\/\/www.roovi.ro\/puzzle-adulti-1000-piese-discover-europe-tirolul-de-sud\/p\/\",\"name\":\"Puzzle Tirolul de Sud - Puzzle adul\u021bi 1000 piese - Discover Europe - Roovi B2B\",\"isPartOf\":{\"@id\":\"https:\/\/business.roovi.com\/ro\/#website\"},\"datePublished\":\"2019-05-09T08:47:42+00:00\",\"dateModified\":\"2023-03-20T21:33:30+00:00\",\"breadcrumb\":{\"@id\":\"https:\/\/www.roovi.ro\/puzzle-adulti-1000-piese-discover-europe-tirolul-de-sud\/p\/#breadcrumb\"},\"inLanguage\":\"ro-RO\",\"potentialAction\":[{\"@type\":\"ReadAction\",\"target\":[\"https:\/\/www.roovi.ro\/puzzle-adulti-1000-piese-discover-europe-tirolul-de-sud\/p\/\"]}]},{\"@type\":\"BreadcrumbList\",\"@id\":\"https:\/\/www.roovi.ro\/puzzle-adulti-1000-piese-discover-europe-tirolul-de-sud\/p\/#breadcrumb\",\"itemListElement\":[{\"@type\":\"ListItem\",\"position\":1,\"name\":\"Home\",\"item\":\"https:\/\/business.roovi.com\/ro\/\"},{\"@type\":\"ListItem\",\"position\":2,\"name\":\"Magazin\",\"item\":\"https:\/\/business.roovi.com\/ro\/magazin\/\"},{\"@type\":\"ListItem\",\"position\":3,\"name\":\"Puzzle Tirolul de Sud &#8211; Puzzle adul\u021bi 1000 piese &#8211; Discover Europe\"}]},{\"@type\":\"WebSite\",\"@id\":\"https:\/\/business.roovi.com\/ro\/#website\",\"url\":\"https:\/\/business.roovi.com\/ro\/\",\"name\":\"Roovi B2B\",\"description\":\"Roovi Business Website\",\"potentialAction\":[{\"@type\":\"SearchAction\",\"target\":{\"@type\":\"EntryPoint\",\"urlTemplate\":\"https:\/\/business.roovi.com\/ro\/?s={search_term_string}\"},\"query-input\":\"required name=search_term_string\"}],\"inLanguage\":\"ro-RO\"}]}<\/script>\n<!-- \/ Yoast SEO plugin. -->","yoast_head_json":{"title":"Puzzle Tirolul de Sud - Puzzle adul\u021bi 1000 piese - Discover Europe - Roovi B2B","robots":{"index":"index","follow":"follow","max-snippet":"max-snippet:-1","max-image-preview":"max-image-preview:large","max-video-preview":"max-video-preview:-1"},"canonical":"https:\/\/www.roovi.ro\/puzzle-adulti-1000-piese-discover-europe-tirolul-de-sud\/p\/","og_locale":"ro_RO","og_type":"article","og_title":"Puzzle Tirolul de Sud - Puzzle adul\u021bi 1000 piese - Discover Europe - Roovi B2B","og_description":"\u00cembin\u0103 pasiunea pentru jocurile puzzle \u0219i c\u0103l\u0103torii cu o colec\u021bie fascinant\u0103: Discover Europe. Imagini cu peisaje de vis \u0219i obiective","og_url":"https:\/\/www.roovi.ro\/puzzle-adulti-1000-piese-discover-europe-tirolul-de-sud\/p\/","og_site_name":"Roovi B2B","article_publisher":"https:\/\/www.facebook.com\/wwwjucariero","article_modified_time":"2023-03-20T21:33:30+00:00","og_image":[{"width":1180,"height":1180,"url":"https:\/\/business.roovi.com\/wp-content\/uploads\/2019\/05\/65995-09-ansamblu_dimensiuni-cutie-22x22-cm.png","type":"image\/png"}],"twitter_misc":{"Timp estimat pentru citire":"3 minute"},"schema":{"@context":"https:\/\/schema.org","@graph":[{"@type":"WebPage","@id":"https:\/\/business.roovi.com\/ro\/puzzle-adulti-1000-piese-discover-europe-tirolul-de-sud\/p\/","url":"https:\/\/www.roovi.ro\/puzzle-adulti-1000-piese-discover-europe-tirolul-de-sud\/p\/","name":"Puzzle Tirolul de Sud - Puzzle adul\u021bi 1000 piese - Discover Europe - Roovi B2B","isPartOf":{"@id":"https:\/\/business.roovi.com\/ro\/#website"},"datePublished":"2019-05-09T08:47:42+00:00","dateModified":"2023-03-20T21:33:30+00:00","breadcrumb":{"@id":"https:\/\/www.roovi.ro\/puzzle-adulti-1000-piese-discover-europe-tirolul-de-sud\/p\/#breadcrumb"},"inLanguage":"ro-RO","potentialAction":[{"@type":"ReadAction","target":["https:\/\/www.roovi.ro\/puzzle-adulti-1000-piese-discover-europe-tirolul-de-sud\/p\/"]}]},{"@type":"BreadcrumbList","@id":"https:\/\/www.roovi.ro\/puzzle-adulti-1000-piese-discover-europe-tirolul-de-sud\/p\/#breadcrumb","itemListElement":[{"@type":"ListItem","position":1,"name":"Home","item":"https:\/\/business.roovi.com\/ro\/"},{"@type":"ListItem","position":2,"name":"Magazin","item":"https:\/\/business.roovi.com\/ro\/magazin\/"},{"@type":"ListItem","position":3,"name":"Puzzle Tirolul de Sud &#8211; Puzzle adul\u021bi 1000 piese &#8211; Discover Europe"}]},{"@type":"WebSite","@id":"https:\/\/business.roovi.com\/ro\/#website","url":"https:\/\/business.roovi.com\/ro\/","name":"Roovi B2B","description":"Roovi Business Website","potentialAction":[{"@type":"SearchAction","target":{"@type":"EntryPoint","urlTemplate":"https:\/\/business.roovi.com\/ro\/?s={search_term_string}"},"query-input":"required name=search_term_string"}],"inLanguage":"ro-RO"}]}},"_links":{"self":[{"href":"https:\/\/business.roovi.com\/ro\/wp-json\/wp\/v2\/product\/19860","targetHints":{"allow":["GET"]}}],"collection":[{"href":"https:\/\/business.roovi.com\/ro\/wp-json\/wp\/v2\/product"}],"about":[{"href":"https:\/\/business.roovi.com\/ro\/wp-json\/wp\/v2\/types\/product"}],"version-history":[{"count":0,"href":"https:\/\/business.roovi.com\/ro\/wp-json\/wp\/v2\/product\/19860\/revisions"}],"wp:featuredmedia":[{"embeddable":true,"href":"https:\/\/business.roovi.com\/ro\/wp-json\/wp\/v2\/media\/9719"}],"wp:attachment":[{"href":"https:\/\/business.roovi.com\/ro\/wp-json\/wp\/v2\/media?parent=19860"}],"wp:term":[{"taxonomy":"product_brand","embeddable":true,"href":"https:\/\/business.roovi.com\/ro\/wp-json\/wp\/v2\/product_brand?post=19860"},{"taxonomy":"product_cat","embeddable":true,"href":"https:\/\/business.roovi.com\/ro\/wp-json\/wp\/v2\/product_cat?post=19860"},{"taxonomy":"product_tag","embeddable":true,"href":"https:\/\/business.roovi.com\/ro\/wp-json\/wp\/v2\/product_tag?post=19860"}],"curies":[{"name":"wp","href":"https:\/\/api.w.org\/{rel}","templated":true}]}}