{"id":19861,"date":"2019-05-09T10:03:32","date_gmt":"2019-05-09T10:03:32","guid":{"rendered":"https:\/\/business.roovi.com\/product\/puzzle-konstantin-makovsky-a-boyar-wedding-feast-1000-piese\/"},"modified":"2023-03-20T21:33:27","modified_gmt":"2023-03-20T21:33:27","slug":"puzzle-adulti-1000-piese-konstantin-makovsky-a-boyar-wedding-feast","status":"publish","type":"product","link":"https:\/\/business.roovi.com\/ro\/puzzle-adulti-1000-piese-konstantin-makovsky-a-boyar-wedding-feast\/p\/","title":{"rendered":"Puzzle adulti 1000 piese Konstantin Makovsky &#8211; A Boyar Wedding Feast"},"content":{"rendered":"<p><span style=\"font-weight: 400;\">E\u0219ti fascinat de picturile celebre? Selecteaz\u0103 puzzle 1000 piese din cea mai mare gam\u0103 de puzzle-uri de art\u0103 din Rom\u00e2nia \u0219i deslu\u0219e\u0219te misterele celor mai renumite picturi din lume.<\/span><\/p>\n<p><span style=\"font-weight: 400;\">Puzzle 1000 piese Konstantin Makovsky &#8211; A Boyar Wedding Feast prezint\u0103 imaginea tabloului omonim care \u00eenf\u0103\u021bi\u0219eaz\u0103 o nunt\u0103 boiereasc\u0103 din Rusia secolului al XVII-lea. Mul\u021bimea personajelor, precum \u0219i detaliile vestimentare sunt o provocare pentru un \u00eemp\u0103timit al jocurilor puzzle, dar odat\u0103 ce \u00eencepi a\u0219ezarea pieselor, nu te mai po\u021bi opri p\u00e2n\u0103 ce nu ai finalizat lucrarea. Tabloul din puzzle 1000 piese \u00ee\u021bi va oferi satisfac\u021bia c\u0103 ai realizat o lucrare de art\u0103 proprie.<\/span><\/p>\n<p><span style=\"font-weight: 400;\">Pentru suportul pieselor \u0219i pentru asamblare te po\u021bi folosi de o m\u0103su\u021b\u0103 standard de cafea. Imaginea reconstituit\u0103 are dimensiunile de 50 x 70 cm.<\/span><\/p>\n<p><span style=\"font-weight: 400;\">Alte caracteristici ale puzzle-ului 1000 piese Konstantin Makovsky &#8211; A Boyar Wedding Feast:<\/span><\/p>\n<p><strong>Material puzzle:\u00a0<\/strong><\/p>\n<p><strong>carton albastru de o calitate superioar\u0103<\/strong><\/p>\n<p><strong>materiale sustenabile, reciclabile<\/strong><\/p>\n<p><strong>finisaj semi-lucios, culori vii<\/strong><\/p>\n<p><strong>Num\u0103rul pieselor de puzzle: 1000<\/strong><\/p>\n<p><strong>V\u00e2rsta recomandat\u0103: 14+<\/strong><\/p>\n<p><strong>Ce abilit\u0103\u021bi \u00ee\u021bi dezvol\u021bi cu ajutorul jocurilor puzzle?<\/strong><\/p>\n<p><span style=\"font-weight: 400;\">Puzzle-urile pentru adul\u021bi sunt o modalitate de relaxare, dar \u0219i de dezvoltare. Odat\u0103 ce intri \u00een lumea puzzle-urilor, te bucuri de toate avantajele pe care acestea \u0219i le ofer\u0103. Iat\u0103 c\u00e2teva dintre abilit\u0103\u021bile pe care ai \u0219ansa s\u0103 le dezvol\u021bi datorit\u0103 puzzle-urilor de 1000 piese:<\/span><\/p>\n<p><strong>Memoria &#8211;<\/strong><span style=\"font-weight: 400;\"> jocurile puzzle presupun memorarea pieselor, a detaliilor coloristice sau a pozi\u021biilor unde piesele de puzzle 1000 se potrivesc.<\/span><\/p>\n<p><strong>Aten\u021bia la detalii &#8211; <\/strong><span style=\"font-weight: 400;\">pentru fiecare puzzle 1000 piese \u00ee\u021bi exersezi aten\u021bia la detalii \u0219i pe m\u0103sur\u0103 ce asamblezi tot mai multe, aten\u021bia ta devine din ce \u00een ce mai ascu\u021bit\u0103.<\/span><\/p>\n<p><strong>Capacitatea de concentrare &#8211; <\/strong><span style=\"font-weight: 400;\">pentru a reface o imagine din puzzle 1000 piese te concentrezi profund, at\u00e2t de profund \u00eenc\u00e2t nici nu-\u021bi dai seama c\u00e2nd trec orele pe care le petreci \u00een fa\u021ba unui joc puzzle.<\/span><\/p>\n<p><strong>Perseveren\u021ba <\/strong><span style=\"font-weight: 400;\">&#8211; nu este u\u0219or s\u0103 fii perseverent \u0219i s\u0103 munce\u0219ti meticulos p\u00e2n\u0103 la final. Jocul puzzle \u00ee\u021bi antreneaz\u0103 aceast\u0103 abilitate, iar satisfac\u021bia pe care \u021bi-o ofer\u0103 imaginea ref\u0103cut\u0103 din 1000 piese puzzle este nepre\u021buit\u0103 \u0219i se datoreaz\u0103 acesteia.<\/span><\/p>\n<p><strong>Imagina\u021bia &#8211; <\/strong><span style=\"font-weight: 400;\">te sim\u021bi ca un adev\u0103rat detectiv atunci c\u00e2nd refaci o imagine din puzzle 1000 piese. \u00cen plus, fiecare tablou are povestea lui, fie c\u0103 este o imagine de art\u0103, un peisaj sau un obiectiv turistic.<\/span><\/p>\n<p><strong>Despre Konstantin Makovsky \u0219tiai c\u0103?<\/strong><\/p>\n<p><span style=\"font-weight: 400;\">A fost un pictor realist rus de la sf\u00e2r\u0219itul secolului al XIX-lea.<\/span><\/p>\n<p><span style=\"font-weight: 400;\">A studiat la Academia de Arte din Sankt Petersburg de unde a ie\u0219it f\u0103r\u0103 diplom\u0103 din cauza unui protest \u00eempotriva Academiei la care a participat \u00eempreun\u0103 cu al\u021bi 13 colegi.<\/span><\/p>\n<p><span style=\"font-weight: 400;\">Tabloul\u00a0 <\/span><em><span style=\"font-weight: 400;\">A Boyar Wedding Feast <\/span><\/em><span style=\"font-weight: 400;\">a fost ini\u021bial un fel de spectacol live, petrecut \u00een casa artistului care obi\u0219nuia s\u0103 organizeze astfel de distrac\u021bii colective care ulterior erau transpuse \u00een picturi.<\/span><\/p>\n<p><span style=\"font-weight: 400;\">Figura miresei din tablou este a so\u021biei lui Makovsky.<\/span><\/p>\n<p><span style=\"font-weight: 400;\">\u00cen pictura sa, artistul red\u0103 cu acurate\u021be elemente istorice \u00een lucrarea sa: hainele, mobilierul, accesorii \u0219i decorul \u00een general sunt specifice unei nun\u021bi ruse\u0219ti din secolul al XVII-lea<\/span><\/p>\n<p><span style=\"font-weight: 400;\">A murit \u00een 1915 \u00een urma unui accident de tramvai din Sankt Petersburg.<\/span><\/p>\n<p><strong>\u021ai-ar prinde bine vreo 30 de ore de relaxare? Cu puzzle-urile de art\u0103 le po\u021bi avea!<\/strong><\/p>\n<p><span style=\"font-weight: 400;\">S\u0103 reconstitui imagini din puzzle-uri de 1000 piese este o posibilitate minunat\u0103 de relaxare. Dar s\u0103 asamblezi picturi celebre din puzzle-uri de art\u0103 este cu adev\u0103rat o \u00eenc\u00e2ntare. Fiecare pictur\u0103 are povestea \u0219i farmecul ei. Cu fiecare pies\u0103 potrivit\u0103, e\u0219ti mai aproape s\u0103 deslu\u0219e\u0219ti tainele operei de art\u0103. Aceast\u0103 activitate \u00ee\u021bi poate aduce p\u00e2n\u0103 la 30 de ore de relaxare. \u0218i trebuie s\u0103 recuno\u0219ti c\u0103 nu orice activitate recreativ\u0103 este at\u00e2t de stimulativ\u0103!<\/span><\/p>\n<p><span style=\"font-weight: 400;\">Dac\u0103 e\u0219ti fascinat de art\u0103 \u0219i \u00ee\u021bi place s\u0103 \u00ee\u021bi descre\u021be\u0219ti fruntea dup\u0103 fiecare zi de munc\u0103 \u00een fa\u021ba unei opere de art\u0103, puzzle 1000 <\/span><span style=\"font-weight: 400;\">piese Konstantin Makovsky &#8211; A Boyar Wedding Feast <\/span><span style=\"font-weight: 400;\">este ideal pentru tine. Cump\u0103r\u0103 acum acest minunat puzzle de art\u0103, asambleaz\u0103 imaginea \u0219i bucur\u0103-te de multe ore de distrac\u021bie relaxant\u0103.<\/span><\/p>\n<p><span style=\"font-weight: 400;\">E\u0219ti \u00een pan\u0103 de idei de cadouri? Cump\u0103r\u0103 puzzle 1000 piese<\/span><span style=\"font-weight: 400;\"> Konstantin Makovsky &#8211; A Boyar Wedding Feast \u0219i f\u0103-le o bucurie celor dragi!<\/span><\/p>\n","protected":false},"excerpt":{"rendered":"<p>E\u0219ti fascinat de picturile celebre? Selecteaz\u0103 puzzle 1000 piese din cea mai mare gam\u0103 de puzzle-uri de art\u0103 din Rom\u00e2nia<\/p>\n","protected":false},"featured_media":63675,"template":"","meta":[],"product_brand":[],"product_cat":[1454,1488,1560],"product_tag":[],"class_list":{"0":"post-19861","1":"product","2":"type-product","3":"status-publish","4":"has-post-thumbnail","6":"product_cat-puzzle","7":"product_cat-puzzle-adulti","8":"product_cat-puzzle-adulti-1000","9":"pa_brand-d_toys","10":"pa_country_of_manufacture-ro","11":"pa_filter_age-1315","12":"pa_tip_ambalaj-cutie","13":"pa_tip_puzzle-clasic","15":"first","16":"instock","17":"taxable","18":"shipping-taxable","19":"product-type-simple"},"yoast_head":"<!-- This site is optimized with the Yoast SEO plugin v20.1 - https:\/\/yoast.com\/wordpress\/plugins\/seo\/ -->\n<title>Puzzle adulti 1000 piese Konstantin Makovsky - A Boyar Wedding Feast - Roovi B2B<\/title>\n<meta name=\"robots\" content=\"index, follow, max-snippet:-1, max-image-preview:large, max-video-preview:-1\" \/>\n<link rel=\"canonical\" href=\"https:\/\/www.roovi.ro\/puzzle-adulti-1000-piese-konstantin-makovsky-a-boyar-wedding-feast\/p\/\" \/>\n<meta property=\"og:locale\" content=\"ro_RO\" \/>\n<meta property=\"og:type\" content=\"article\" \/>\n<meta property=\"og:title\" content=\"Puzzle adulti 1000 piese Konstantin Makovsky - A Boyar Wedding Feast - Roovi B2B\" \/>\n<meta property=\"og:description\" content=\"E\u0219ti fascinat de picturile celebre? Selecteaz\u0103 puzzle 1000 piese din cea mai mare gam\u0103 de puzzle-uri de art\u0103 din Rom\u00e2nia\" \/>\n<meta property=\"og:url\" content=\"https:\/\/www.roovi.ro\/puzzle-adulti-1000-piese-konstantin-makovsky-a-boyar-wedding-feast\/p\/\" \/>\n<meta property=\"og:site_name\" content=\"Roovi B2B\" \/>\n<meta property=\"article:publisher\" content=\"https:\/\/www.facebook.com\/wwwjucariero\" \/>\n<meta property=\"article:modified_time\" content=\"2023-03-20T21:33:27+00:00\" \/>\n<meta property=\"og:image\" content=\"https:\/\/business.roovi.com\/wp-content\/uploads\/2019\/05\/75680-MA-01-WEB.jpg\" \/>\n\t<meta property=\"og:image:width\" content=\"1200\" \/>\n\t<meta property=\"og:image:height\" content=\"1200\" \/>\n\t<meta property=\"og:image:type\" content=\"image\/jpeg\" \/>\n<meta name=\"twitter:label1\" content=\"Timp estimat pentru citire\" \/>\n\t<meta name=\"twitter:data1\" content=\"4 minute\" \/>\n<script type=\"application\/ld+json\" class=\"yoast-schema-graph\">{\"@context\":\"https:\/\/schema.org\",\"@graph\":[{\"@type\":\"WebPage\",\"@id\":\"https:\/\/business.roovi.com\/ro\/puzzle-adulti-1000-piese-konstantin-makovsky-a-boyar-wedding-feast\/p\/\",\"url\":\"https:\/\/www.roovi.ro\/puzzle-adulti-1000-piese-konstantin-makovsky-a-boyar-wedding-feast\/p\/\",\"name\":\"Puzzle adulti 1000 piese Konstantin Makovsky - A Boyar Wedding Feast - Roovi B2B\",\"isPartOf\":{\"@id\":\"https:\/\/business.roovi.com\/ro\/#website\"},\"datePublished\":\"2019-05-09T10:03:32+00:00\",\"dateModified\":\"2023-03-20T21:33:27+00:00\",\"breadcrumb\":{\"@id\":\"https:\/\/www.roovi.ro\/puzzle-adulti-1000-piese-konstantin-makovsky-a-boyar-wedding-feast\/p\/#breadcrumb\"},\"inLanguage\":\"ro-RO\",\"potentialAction\":[{\"@type\":\"ReadAction\",\"target\":[\"https:\/\/www.roovi.ro\/puzzle-adulti-1000-piese-konstantin-makovsky-a-boyar-wedding-feast\/p\/\"]}]},{\"@type\":\"BreadcrumbList\",\"@id\":\"https:\/\/www.roovi.ro\/puzzle-adulti-1000-piese-konstantin-makovsky-a-boyar-wedding-feast\/p\/#breadcrumb\",\"itemListElement\":[{\"@type\":\"ListItem\",\"position\":1,\"name\":\"Home\",\"item\":\"https:\/\/business.roovi.com\/ro\/\"},{\"@type\":\"ListItem\",\"position\":2,\"name\":\"Magazin\",\"item\":\"https:\/\/business.roovi.com\/ro\/magazin\/\"},{\"@type\":\"ListItem\",\"position\":3,\"name\":\"Puzzle adulti 1000 piese Konstantin Makovsky &#8211; A Boyar Wedding Feast\"}]},{\"@type\":\"WebSite\",\"@id\":\"https:\/\/business.roovi.com\/ro\/#website\",\"url\":\"https:\/\/business.roovi.com\/ro\/\",\"name\":\"Roovi B2B\",\"description\":\"Roovi Business Website\",\"potentialAction\":[{\"@type\":\"SearchAction\",\"target\":{\"@type\":\"EntryPoint\",\"urlTemplate\":\"https:\/\/business.roovi.com\/ro\/?s={search_term_string}\"},\"query-input\":\"required name=search_term_string\"}],\"inLanguage\":\"ro-RO\"}]}<\/script>\n<!-- \/ Yoast SEO plugin. -->","yoast_head_json":{"title":"Puzzle adulti 1000 piese Konstantin Makovsky - A Boyar Wedding Feast - Roovi B2B","robots":{"index":"index","follow":"follow","max-snippet":"max-snippet:-1","max-image-preview":"max-image-preview:large","max-video-preview":"max-video-preview:-1"},"canonical":"https:\/\/www.roovi.ro\/puzzle-adulti-1000-piese-konstantin-makovsky-a-boyar-wedding-feast\/p\/","og_locale":"ro_RO","og_type":"article","og_title":"Puzzle adulti 1000 piese Konstantin Makovsky - A Boyar Wedding Feast - Roovi B2B","og_description":"E\u0219ti fascinat de picturile celebre? Selecteaz\u0103 puzzle 1000 piese din cea mai mare gam\u0103 de puzzle-uri de art\u0103 din Rom\u00e2nia","og_url":"https:\/\/www.roovi.ro\/puzzle-adulti-1000-piese-konstantin-makovsky-a-boyar-wedding-feast\/p\/","og_site_name":"Roovi B2B","article_publisher":"https:\/\/www.facebook.com\/wwwjucariero","article_modified_time":"2023-03-20T21:33:27+00:00","og_image":[{"width":1200,"height":1200,"url":"https:\/\/business.roovi.com\/wp-content\/uploads\/2019\/05\/75680-MA-01-WEB.jpg","type":"image\/jpeg"}],"twitter_misc":{"Timp estimat pentru citire":"4 minute"},"schema":{"@context":"https:\/\/schema.org","@graph":[{"@type":"WebPage","@id":"https:\/\/business.roovi.com\/ro\/puzzle-adulti-1000-piese-konstantin-makovsky-a-boyar-wedding-feast\/p\/","url":"https:\/\/www.roovi.ro\/puzzle-adulti-1000-piese-konstantin-makovsky-a-boyar-wedding-feast\/p\/","name":"Puzzle adulti 1000 piese Konstantin Makovsky - A Boyar Wedding Feast - Roovi B2B","isPartOf":{"@id":"https:\/\/business.roovi.com\/ro\/#website"},"datePublished":"2019-05-09T10:03:32+00:00","dateModified":"2023-03-20T21:33:27+00:00","breadcrumb":{"@id":"https:\/\/www.roovi.ro\/puzzle-adulti-1000-piese-konstantin-makovsky-a-boyar-wedding-feast\/p\/#breadcrumb"},"inLanguage":"ro-RO","potentialAction":[{"@type":"ReadAction","target":["https:\/\/www.roovi.ro\/puzzle-adulti-1000-piese-konstantin-makovsky-a-boyar-wedding-feast\/p\/"]}]},{"@type":"BreadcrumbList","@id":"https:\/\/www.roovi.ro\/puzzle-adulti-1000-piese-konstantin-makovsky-a-boyar-wedding-feast\/p\/#breadcrumb","itemListElement":[{"@type":"ListItem","position":1,"name":"Home","item":"https:\/\/business.roovi.com\/ro\/"},{"@type":"ListItem","position":2,"name":"Magazin","item":"https:\/\/business.roovi.com\/ro\/magazin\/"},{"@type":"ListItem","position":3,"name":"Puzzle adulti 1000 piese Konstantin Makovsky &#8211; A Boyar Wedding Feast"}]},{"@type":"WebSite","@id":"https:\/\/business.roovi.com\/ro\/#website","url":"https:\/\/business.roovi.com\/ro\/","name":"Roovi B2B","description":"Roovi Business Website","potentialAction":[{"@type":"SearchAction","target":{"@type":"EntryPoint","urlTemplate":"https:\/\/business.roovi.com\/ro\/?s={search_term_string}"},"query-input":"required name=search_term_string"}],"inLanguage":"ro-RO"}]}},"_links":{"self":[{"href":"https:\/\/business.roovi.com\/ro\/wp-json\/wp\/v2\/product\/19861","targetHints":{"allow":["GET"]}}],"collection":[{"href":"https:\/\/business.roovi.com\/ro\/wp-json\/wp\/v2\/product"}],"about":[{"href":"https:\/\/business.roovi.com\/ro\/wp-json\/wp\/v2\/types\/product"}],"version-history":[{"count":0,"href":"https:\/\/business.roovi.com\/ro\/wp-json\/wp\/v2\/product\/19861\/revisions"}],"wp:featuredmedia":[{"embeddable":true,"href":"https:\/\/business.roovi.com\/ro\/wp-json\/wp\/v2\/media\/63675"}],"wp:attachment":[{"href":"https:\/\/business.roovi.com\/ro\/wp-json\/wp\/v2\/media?parent=19861"}],"wp:term":[{"taxonomy":"product_brand","embeddable":true,"href":"https:\/\/business.roovi.com\/ro\/wp-json\/wp\/v2\/product_brand?post=19861"},{"taxonomy":"product_cat","embeddable":true,"href":"https:\/\/business.roovi.com\/ro\/wp-json\/wp\/v2\/product_cat?post=19861"},{"taxonomy":"product_tag","embeddable":true,"href":"https:\/\/business.roovi.com\/ro\/wp-json\/wp\/v2\/product_tag?post=19861"}],"curies":[{"name":"wp","href":"https:\/\/api.w.org\/{rel}","templated":true}]}}