{"id":19862,"date":"2019-05-09T10:09:59","date_gmt":"2019-05-09T10:09:59","guid":{"rendered":"https:\/\/business.roovi.com\/product\/puzzle-jean-beraud-apres-l-office-a-l-eglise-de-la-sainte-trinite-1000-piese\/"},"modified":"2025-03-17T12:04:17","modified_gmt":"2025-03-17T12:04:17","slug":"puzzle-adulti-1000-piese-jean-beraud-apres-loffice-a-leglise-de-la-sainte-trinite","status":"publish","type":"product","link":"https:\/\/business.roovi.com\/ro\/puzzle-adulti-1000-piese-jean-beraud-apres-loffice-a-leglise-de-la-sainte-trinite\/p\/","title":{"rendered":"Puzzle adulti 1000 piese Jean B\u00e9raud &#8211; Apr\u00e8s L&#8217;office \u00e0 L&#8217;\u00e9glise de la Sainte Trinit\u00e9"},"content":{"rendered":"<p><span style=\"font-weight: 400;\">Sim\u021bi nevoia s\u0103 te deconectezi de la ecrane? Asambleaz\u0103 puzzle-uri de art\u0103 \u0219i d\u0103 valoare timpului t\u0103u liber. Po\u021bi reface din puzzle-uri de 1000 de piese imagini ale picturilor celebre: Mona Lisa, Ophelia, Na\u0219terea lui Venus \u0219i multe altele. Alege acum operele favorite \u0219i reconstruie\u0219te cu m\u00e2inile tale capodopere veritabile!<\/span><\/p>\n<p><span style=\"font-weight: 400;\">Puzzle adulti 1000 piese Jean B\u00e9raud &#8211; Apr\u00e8s L&#8217;office \u00e0 L&#8217;\u00e9glise de la Sainte Trinit\u00e9 \u00ee\u021bi aduce aproape o mic\u0103 parte din elegan\u021ba \u0219i rafinamentul Parisului secolului al XIX-lea. B\u0103rba\u021bi \u00een paltoane fine, copii \u00eembr\u0103ca\u021bi elegant, doamne purt\u00e2nd bl\u0103nuri scumpe \u0219i voaluri de dantel\u0103 tocmai au ie\u0219it de la slujba de Cr\u0103ciun de la Catedrala American\u0103 din Paris. O atmosfer\u0103 elegant\u0103, plin\u0103 de abunden\u021b\u0103 \u0219i rafinament \u00ee\u021bi va \u00eenc\u00e2nta sim\u021burile prin acest puzzle de art\u0103 deosebit.<\/span><\/p>\n<p><span style=\"font-weight: 400;\">Po\u021bi reface imaginea din tabloul renumit al pictorului Jean B\u00e9raud utiliz\u00e2nd ca suport pentru piesele de puzzle 1000 o m\u0103su\u021b\u0103 clasic\u0103 de cafea. Dimensiunile operei tale vor fi de 50 x 70 cm.<\/span><\/p>\n<p><span style=\"font-weight: 400;\">Cite\u0219te mai jos mai multe detalii despre puzzle de art\u0103 Jean B\u00e9raud &#8211; Apr\u00e8s L&#8217;office \u00e0 L&#8217;\u00e9glise de la Sainte Trinit\u00e9:<\/span><\/p>\n<p><strong>Material puzzle:\u00a0<\/strong><\/p>\n<p><strong>carton albastru de o calitate superioar\u0103<\/strong><\/p>\n<p><strong>materiale sustenabile, reciclabile<\/strong><\/p>\n<p><strong>finisaj semi-lucios, culori vii<\/strong><\/p>\n<p><strong>Num\u0103rul pieselor de puzzle: 1000<\/strong><\/p>\n<p><strong>V\u00e2rsta recomandat\u0103: 14+<\/strong><\/p>\n<p><strong>4 abilit\u0103\u021bi pe care \u021bi le dezvolt\u0103 jocurile puzzle<\/strong><\/p>\n<p><strong>Perseveren\u021ba<\/strong><span style=\"font-weight: 400;\">. Accept\u0103 provocarea, asambleaz\u0103 puzzle-uri de adul\u021bi \u0219i nu renun\u021ba, chiar dac\u0103 uneori \u021bi se pare c\u0103 nu po\u021bi g\u0103si piesele potrivite. Cu r\u0103bdare \u0219i curaj, vei reu\u0219i, iar satisfac\u021bia va fi cu at\u00e2t mai mare. Acest antrenament te va ajuta \u0219i \u00een rezolvarea altor sarcini dificile.<\/span><\/p>\n<p><strong>Aten\u021bia la detalii.<\/strong><span style=\"font-weight: 400;\"> S\u0103 refaci imagini din puzzle de 1000 piese este o munc\u0103 de migal\u0103 \u0219i necesit\u0103 o aten\u021bie sporit\u0103. Chiar dac\u0103 nu ai de la \u00eenceput ochi de vultur, \u00ee\u021bi vei dezvolta pe parcurs aceast\u0103 abilitate. \u0218i este cu at\u00e2t mai frumos, cu c\u00e2t vei putea fi la fel de vigilent \u0219i \u00een diverse ocazii care-\u021bi solicit\u0103 aten\u021bie la detalii.<\/span><\/p>\n<p><strong>Spiritul de echip\u0103.<\/strong><span style=\"font-weight: 400;\"> Jocul puzzle este cu at\u00e2t mai distractiv cu c\u00e2t implic\u0103 mai multe persoane. \u00cen felul acesta, oamenii se cunosc mai bine, rela\u021bioneaz\u0103 \u0219i comunic\u0103 eficient \u0219i \u00ee\u0219i dezvolt\u0103 spiritul de a lucra \u00een echip\u0103. A\u0219adar, antreneaz\u0103 \u00een aceast\u0103 activitate copiii sau prietenii \u0219i crea\u021bi \u00eempreun\u0103 opere des\u0103v\u00e2r\u0219ite.<\/span><\/p>\n<p><strong>Abilit\u0103\u021bile de a rezolva probleme. <\/strong><span style=\"font-weight: 400;\">Jocul puzzle este ca o problem\u0103 logic\u0103. Are \u00eentotdeauna o rezolvare. Cu mult\u0103 r\u0103bdare \u0219i perseveren\u021b\u0103, vei reu\u0219i de fiecare dat\u0103. La fel se va \u00eent\u00e2mpla \u0219i \u00een alte situa\u021bii pe care le vei \u00eent\u00e2mpina \u00een via\u021ba de zi cu zi.\u00a0<\/span><\/p>\n<p><strong>6 informa\u021bii despre Jean B\u00e9raud \u0219i pictura <\/strong><strong><em>Apr\u00e8s L&#8217;office \u00e0 L&#8217;\u00e9glise de la Sainte Trinit\u00e9<\/em><\/strong><\/p>\n<p><span style=\"font-weight: 400;\">1. Jean B\u00e9raud s-a n\u0103scut la Sankt Petersburg \u0219i \u00eenainte de r\u0103zboiul franco-prusac a vrut s\u0103 devin\u0103 avocat.<\/span><\/p>\n<p><span style=\"font-weight: 400;\">2. Stilul s\u0103u de pictur\u0103 se situeaz\u0103 undeva \u00eentre arta academic\u0103 \u0219i cea impresionist\u0103.<\/span><\/p>\n<p><span style=\"font-weight: 400;\">3. Lucrarea a fost comandat\u0103 de omul de afaceri american, James Gordon Bennett Jr., unul dintre numero\u0219ii enoria\u0219i influen\u021bi ai catedralei.<\/span><\/p>\n<p><span style=\"font-weight: 400;\">4. Se presupune c\u0103 obiectivul picturii a fost promovarea prieteniei interculturale dintre Fran\u021ba \u0219i SUA.<\/span><\/p>\n<p><span style=\"font-weight: 400;\">5. B\u00e9raud a fost un observator scrupulos \u0219i devotat al vie\u021bii pariziene de secol XIX \u0219i a reprezentat \u00een lucr\u0103rile sale via\u021ba modern\u0103 din perioada Belle \u00c9poque a Parisului.\u00a0<\/span><\/p>\n<p><span style=\"font-weight: 400;\">6. Pictura a r\u0103mas la Catedrala American\u0103 din Paris p\u00e2n\u0103 \u00een anul 2000, dup\u0103 care a fost \u00eemprumutat\u0103 Muzeului Carnavalet<\/span><\/p>\n<p><strong>Descoper\u0103 lumea picturilor celebre prin puzzle-urile de art\u0103<\/strong><\/p>\n<p><span style=\"font-weight: 400;\">Puzzle-urile de art\u0103 \u00ee\u021bi ofer\u0103 oportunitatea excelent\u0103 de a descoperi lumea picturilor celebre prin intermediul unor jocuri puzzle uimitoare. \u00cen plus, \u00ee\u021bi mai ofer\u0103 \u0219i alte beneficii precum:<\/span><\/p>\n<ul>\n<li><span style=\"font-weight: 400;\">\u00ce\u021bi ofer\u0103 p\u00e2n\u0103 la 30 de ore de relaxare \u0219i delectare.<\/span><\/li>\n<li><span style=\"font-weight: 400;\">\u00ce\u021bi dezvolt\u0103 sim\u021bului estetic.<\/span><\/li>\n<li><span style=\"font-weight: 400;\">Te ajut\u0103 s\u0103 \u00ee\u021bi creezi propriile capodopere pe care ulterior le po\u021bi \u00eenr\u0103ma \u0219i admira ori de c\u00e2te ori sim\u021bi nevoia.<\/span><\/li>\n<li><span style=\"font-weight: 400;\">\u00ce\u021bi dezvolt\u0103 imagina\u021bia.<\/span><\/li>\n<\/ul>\n<p><span style=\"font-weight: 400;\">Cump\u0103r\u0103 acum puzzle adulti 1000 piese Jean B\u00e9raud &#8211; Apr\u00e8s L&#8217;office \u00e0 L&#8217;\u00e9glise de la Sainte Trinit\u00e9 \u0219i creeaz\u0103-\u021bi un obiect decorativ care \u00ee\u021bi va \u00eenfrumuse\u021ba locuin\u021ba. Dac\u0103 \u00ee\u021bi dore\u0219ti s\u0103 surprinzi pl\u0103cut un prieten pasionat de jocuri puzzle, ofer\u0103-i \u00een dar acest minunat puzzle de art\u0103.<\/span><\/p>\n","protected":false},"excerpt":{"rendered":"<p>Sim\u021bi nevoia s\u0103 te deconectezi de la ecrane? Asambleaz\u0103 puzzle-uri de art\u0103 \u0219i d\u0103 valoare timpului t\u0103u liber. Po\u021bi reface<\/p>\n","protected":false},"featured_media":63649,"template":"","meta":[],"product_brand":[],"product_cat":[1454,1488,1560],"product_tag":[],"class_list":{"0":"post-19862","1":"product","2":"type-product","3":"status-publish","4":"has-post-thumbnail","6":"product_cat-puzzle","7":"product_cat-puzzle-adulti","8":"product_cat-puzzle-adulti-1000","9":"pa_brand-d_toys","10":"pa_country_of_manufacture-ro","11":"pa_filter_age-1315","12":"pa_tip_ambalaj-cutie","13":"pa_tip_puzzle-clasic","15":"first","16":"instock","17":"taxable","18":"shipping-taxable","19":"product-type-simple"},"yoast_head":"<!-- This site is optimized with the Yoast SEO plugin v20.1 - https:\/\/yoast.com\/wordpress\/plugins\/seo\/ -->\n<title>Puzzle adulti 1000 piese Jean B\u00e9raud - Apr\u00e8s L&#039;office \u00e0 L&#039;\u00e9glise de la Sainte Trinit\u00e9 - Roovi B2B<\/title>\n<meta name=\"robots\" content=\"index, follow, max-snippet:-1, max-image-preview:large, max-video-preview:-1\" \/>\n<link rel=\"canonical\" href=\"https:\/\/www.roovi.ro\/puzzle-adulti-1000-piese-jean-beraud-apres-loffice-a-leglise-de-la-sainte-trinite\/p\/\" \/>\n<meta property=\"og:locale\" content=\"ro_RO\" \/>\n<meta property=\"og:type\" content=\"article\" \/>\n<meta property=\"og:title\" content=\"Puzzle adulti 1000 piese Jean B\u00e9raud - Apr\u00e8s L&#039;office \u00e0 L&#039;\u00e9glise de la Sainte Trinit\u00e9 - Roovi B2B\" \/>\n<meta property=\"og:description\" content=\"Sim\u021bi nevoia s\u0103 te deconectezi de la ecrane? Asambleaz\u0103 puzzle-uri de art\u0103 \u0219i d\u0103 valoare timpului t\u0103u liber. Po\u021bi reface\" \/>\n<meta property=\"og:url\" content=\"https:\/\/www.roovi.ro\/puzzle-adulti-1000-piese-jean-beraud-apres-loffice-a-leglise-de-la-sainte-trinite\/p\/\" \/>\n<meta property=\"og:site_name\" content=\"Roovi B2B\" \/>\n<meta property=\"article:publisher\" content=\"https:\/\/www.facebook.com\/wwwjucariero\" \/>\n<meta property=\"article:modified_time\" content=\"2025-03-17T12:04:17+00:00\" \/>\n<meta property=\"og:image\" content=\"https:\/\/business.roovi.com\/wp-content\/uploads\/2019\/05\/75741-BE-01-WEB.jpg\" \/>\n\t<meta property=\"og:image:width\" content=\"1200\" \/>\n\t<meta property=\"og:image:height\" content=\"1200\" \/>\n\t<meta property=\"og:image:type\" content=\"image\/jpeg\" \/>\n<meta name=\"twitter:label1\" content=\"Timp estimat pentru citire\" \/>\n\t<meta name=\"twitter:data1\" content=\"3 minute\" \/>\n<script type=\"application\/ld+json\" class=\"yoast-schema-graph\">{\"@context\":\"https:\/\/schema.org\",\"@graph\":[{\"@type\":\"WebPage\",\"@id\":\"https:\/\/business.roovi.com\/ro\/puzzle-adulti-1000-piese-jean-beraud-apres-loffice-a-leglise-de-la-sainte-trinite\/p\/\",\"url\":\"https:\/\/www.roovi.ro\/puzzle-adulti-1000-piese-jean-beraud-apres-loffice-a-leglise-de-la-sainte-trinite\/p\/\",\"name\":\"Puzzle adulti 1000 piese Jean B\u00e9raud - Apr\u00e8s L'office \u00e0 L'\u00e9glise de la Sainte Trinit\u00e9 - Roovi B2B\",\"isPartOf\":{\"@id\":\"https:\/\/business.roovi.com\/ro\/#website\"},\"datePublished\":\"2019-05-09T10:09:59+00:00\",\"dateModified\":\"2025-03-17T12:04:17+00:00\",\"breadcrumb\":{\"@id\":\"https:\/\/www.roovi.ro\/puzzle-adulti-1000-piese-jean-beraud-apres-loffice-a-leglise-de-la-sainte-trinite\/p\/#breadcrumb\"},\"inLanguage\":\"ro-RO\",\"potentialAction\":[{\"@type\":\"ReadAction\",\"target\":[\"https:\/\/www.roovi.ro\/puzzle-adulti-1000-piese-jean-beraud-apres-loffice-a-leglise-de-la-sainte-trinite\/p\/\"]}]},{\"@type\":\"BreadcrumbList\",\"@id\":\"https:\/\/www.roovi.ro\/puzzle-adulti-1000-piese-jean-beraud-apres-loffice-a-leglise-de-la-sainte-trinite\/p\/#breadcrumb\",\"itemListElement\":[{\"@type\":\"ListItem\",\"position\":1,\"name\":\"Home\",\"item\":\"https:\/\/business.roovi.com\/ro\/\"},{\"@type\":\"ListItem\",\"position\":2,\"name\":\"Magazin\",\"item\":\"https:\/\/business.roovi.com\/ro\/magazin\/\"},{\"@type\":\"ListItem\",\"position\":3,\"name\":\"Puzzle adulti 1000 piese Jean B\u00e9raud &#8211; Apr\u00e8s L&#8217;office \u00e0 L&#8217;\u00e9glise de la Sainte Trinit\u00e9\"}]},{\"@type\":\"WebSite\",\"@id\":\"https:\/\/business.roovi.com\/ro\/#website\",\"url\":\"https:\/\/business.roovi.com\/ro\/\",\"name\":\"Roovi B2B\",\"description\":\"Roovi Business Website\",\"potentialAction\":[{\"@type\":\"SearchAction\",\"target\":{\"@type\":\"EntryPoint\",\"urlTemplate\":\"https:\/\/business.roovi.com\/ro\/?s={search_term_string}\"},\"query-input\":\"required name=search_term_string\"}],\"inLanguage\":\"ro-RO\"}]}<\/script>\n<!-- \/ Yoast SEO plugin. -->","yoast_head_json":{"title":"Puzzle adulti 1000 piese Jean B\u00e9raud - Apr\u00e8s L'office \u00e0 L'\u00e9glise de la Sainte Trinit\u00e9 - Roovi B2B","robots":{"index":"index","follow":"follow","max-snippet":"max-snippet:-1","max-image-preview":"max-image-preview:large","max-video-preview":"max-video-preview:-1"},"canonical":"https:\/\/www.roovi.ro\/puzzle-adulti-1000-piese-jean-beraud-apres-loffice-a-leglise-de-la-sainte-trinite\/p\/","og_locale":"ro_RO","og_type":"article","og_title":"Puzzle adulti 1000 piese Jean B\u00e9raud - Apr\u00e8s L'office \u00e0 L'\u00e9glise de la Sainte Trinit\u00e9 - Roovi B2B","og_description":"Sim\u021bi nevoia s\u0103 te deconectezi de la ecrane? Asambleaz\u0103 puzzle-uri de art\u0103 \u0219i d\u0103 valoare timpului t\u0103u liber. Po\u021bi reface","og_url":"https:\/\/www.roovi.ro\/puzzle-adulti-1000-piese-jean-beraud-apres-loffice-a-leglise-de-la-sainte-trinite\/p\/","og_site_name":"Roovi B2B","article_publisher":"https:\/\/www.facebook.com\/wwwjucariero","article_modified_time":"2025-03-17T12:04:17+00:00","og_image":[{"width":1200,"height":1200,"url":"https:\/\/business.roovi.com\/wp-content\/uploads\/2019\/05\/75741-BE-01-WEB.jpg","type":"image\/jpeg"}],"twitter_misc":{"Timp estimat pentru citire":"3 minute"},"schema":{"@context":"https:\/\/schema.org","@graph":[{"@type":"WebPage","@id":"https:\/\/business.roovi.com\/ro\/puzzle-adulti-1000-piese-jean-beraud-apres-loffice-a-leglise-de-la-sainte-trinite\/p\/","url":"https:\/\/www.roovi.ro\/puzzle-adulti-1000-piese-jean-beraud-apres-loffice-a-leglise-de-la-sainte-trinite\/p\/","name":"Puzzle adulti 1000 piese Jean B\u00e9raud - Apr\u00e8s L'office \u00e0 L'\u00e9glise de la Sainte Trinit\u00e9 - Roovi B2B","isPartOf":{"@id":"https:\/\/business.roovi.com\/ro\/#website"},"datePublished":"2019-05-09T10:09:59+00:00","dateModified":"2025-03-17T12:04:17+00:00","breadcrumb":{"@id":"https:\/\/www.roovi.ro\/puzzle-adulti-1000-piese-jean-beraud-apres-loffice-a-leglise-de-la-sainte-trinite\/p\/#breadcrumb"},"inLanguage":"ro-RO","potentialAction":[{"@type":"ReadAction","target":["https:\/\/www.roovi.ro\/puzzle-adulti-1000-piese-jean-beraud-apres-loffice-a-leglise-de-la-sainte-trinite\/p\/"]}]},{"@type":"BreadcrumbList","@id":"https:\/\/www.roovi.ro\/puzzle-adulti-1000-piese-jean-beraud-apres-loffice-a-leglise-de-la-sainte-trinite\/p\/#breadcrumb","itemListElement":[{"@type":"ListItem","position":1,"name":"Home","item":"https:\/\/business.roovi.com\/ro\/"},{"@type":"ListItem","position":2,"name":"Magazin","item":"https:\/\/business.roovi.com\/ro\/magazin\/"},{"@type":"ListItem","position":3,"name":"Puzzle adulti 1000 piese Jean B\u00e9raud &#8211; Apr\u00e8s L&#8217;office \u00e0 L&#8217;\u00e9glise de la Sainte Trinit\u00e9"}]},{"@type":"WebSite","@id":"https:\/\/business.roovi.com\/ro\/#website","url":"https:\/\/business.roovi.com\/ro\/","name":"Roovi B2B","description":"Roovi Business Website","potentialAction":[{"@type":"SearchAction","target":{"@type":"EntryPoint","urlTemplate":"https:\/\/business.roovi.com\/ro\/?s={search_term_string}"},"query-input":"required name=search_term_string"}],"inLanguage":"ro-RO"}]}},"_links":{"self":[{"href":"https:\/\/business.roovi.com\/ro\/wp-json\/wp\/v2\/product\/19862","targetHints":{"allow":["GET"]}}],"collection":[{"href":"https:\/\/business.roovi.com\/ro\/wp-json\/wp\/v2\/product"}],"about":[{"href":"https:\/\/business.roovi.com\/ro\/wp-json\/wp\/v2\/types\/product"}],"version-history":[{"count":0,"href":"https:\/\/business.roovi.com\/ro\/wp-json\/wp\/v2\/product\/19862\/revisions"}],"wp:featuredmedia":[{"embeddable":true,"href":"https:\/\/business.roovi.com\/ro\/wp-json\/wp\/v2\/media\/63649"}],"wp:attachment":[{"href":"https:\/\/business.roovi.com\/ro\/wp-json\/wp\/v2\/media?parent=19862"}],"wp:term":[{"taxonomy":"product_brand","embeddable":true,"href":"https:\/\/business.roovi.com\/ro\/wp-json\/wp\/v2\/product_brand?post=19862"},{"taxonomy":"product_cat","embeddable":true,"href":"https:\/\/business.roovi.com\/ro\/wp-json\/wp\/v2\/product_cat?post=19862"},{"taxonomy":"product_tag","embeddable":true,"href":"https:\/\/business.roovi.com\/ro\/wp-json\/wp\/v2\/product_tag?post=19862"}],"curies":[{"name":"wp","href":"https:\/\/api.w.org\/{rel}","templated":true}]}}