{"id":19863,"date":"2019-05-09T10:56:47","date_gmt":"2019-05-09T10:56:47","guid":{"rendered":"https:\/\/business.roovi.com\/product\/puzzle-albert-bredow-romantic-winter-landscape-with-ice-skaters-by-a-castle-1000-piese\/"},"modified":"2023-03-20T21:33:21","modified_gmt":"2023-03-20T21:33:21","slug":"puzzle-adulti-1000-piese-albert-bredow-romantic-winter-landscape-with-ice-skaters-by-a-castle","status":"publish","type":"product","link":"https:\/\/business.roovi.com\/ro\/puzzle-adulti-1000-piese-albert-bredow-romantic-winter-landscape-with-ice-skaters-by-a-castle\/p\/","title":{"rendered":"Puzzle adulti 1000 piese Albert Bredow &#8211; Romantic Winter Landscape with Ice Skaters by a Castle"},"content":{"rendered":"<p><span style=\"font-weight: 400;\">Las\u0103-te inspirat de cea mai mare colec\u021bie de puzzle-uri de art\u0103 din Rom\u00e2nia! Cump\u0103r\u0103 acum puzzle-uri de 1000 piese cu imagini ale picturilor celebre, asambleaz\u0103-le, \u00eenr\u0103meaz\u0103-le \u0219i creeaz\u0103-\u021bi o colec\u021bie uimitoare de tablouri din puzzle-uri pentru adul\u021bi!\u00a0<\/span><\/p>\n<p><span style=\"font-weight: 400;\">Din colec\u021bia ta nu trebuie s\u0103 lipseasc\u0103 puzzle 1000 piese <em>Albert Bredow &#8211; Romantic Winter Landscape with Ice Skaters by a Castle\/Peisaj romantic de iarn\u0103 cu patinatori l\u00e2ng\u0103 un castel<\/em> cu un peisaj de poveste care-\u021bi aduce aproape frumuse\u021bea iernii. Acest minunat puzzle de art\u0103 \u00ee\u021bi d\u0103 impresia c\u0103 refaci o felicitare de Cr\u0103ciun, de dimensiuni mai mari, de 50 x 70 cm. Imaginea tabloului este ca un basm redat \u00eentr-o pictur\u0103 ce a\u0219teapt\u0103 s\u0103 fie povestit\u0103. Oamenii obi\u0219nui\u021bi se bucur\u0103 de o zi de iarn\u0103 alunec\u00e2nd relaxa\u021bi pe ghea\u021b\u0103. \u00cen spate, se \u00eenal\u021b\u0103 un castel p\u0103r\u0103sit.\u00a0<\/span><\/p>\n<p><span style=\"font-weight: 400;\">Care e leg\u0103tura dintre personaje \u0219i castel? R\u0103m\u00e2ne un mister despre care nu exist\u0103 informa\u021bii. Dar ai libertatea s\u0103 \u00ee\u021bi imaginezi orice scenariu dore\u0219ti pentru c\u0103 puzzle-urile de art\u0103 \u00ee\u021bi ofer\u0103 aceast\u0103 pl\u0103cere de explorare a operelor de art\u0103 \u00een felul t\u0103u. Pentru suportul pieselor de puzzle 1000 po\u021bi utiliza o m\u0103su\u021b\u0103 standard de cafea. Preg\u0103te\u0219te-\u021bi cel mai bun ceai cu portocale \u0219i scor\u021bi\u0219oar\u0103 \u0219i intr\u0103 \u00een atmosfera de iarn\u0103 a unui puzzle de art\u0103 minunat!<\/span><\/p>\n<p><span style=\"font-weight: 400;\">Caracteristici puzzle 1000 piese Albert Bredow &#8211; Romantic Winter Landscape with Ice Skaters by a Castle:<\/span><\/p>\n<p><strong>Material puzzle:\u00a0<\/strong><\/p>\n<p><strong>carton albastru de o calitate superioar\u0103<\/strong><\/p>\n<p><strong>materiale sustenabile, reciclabile<\/strong><\/p>\n<p><strong>finisaj semi-lucios, culori vii<\/strong><\/p>\n<p><strong>Num\u0103rul pieselor de puzzle: 1000<\/strong><\/p>\n<p><strong>V\u00e2rsta recomandat\u0103: 14+<\/strong><\/p>\n<p><strong>Asamblarea puzzle-urilor adul\u021bi: o activitate profund relaxant\u0103<\/strong><\/p>\n<p><span style=\"font-weight: 400;\">Puzzle-urile de 1000 piese \u00ee\u021bi provoac\u0103 mintea s\u0103 rezolve misterul celor mai uimitoare imagini. \u00cen plus, te ajut\u0103 s\u0103 te relaxezi profund. Atunci c\u00e2nd te concentrezi s\u0103 refaci imaginea dintr-un puzzle 1000 piese, mintea ta intr\u0103 \u00een starea &#8222;Alfa&#8221;, la fel ca atunci c\u00e2nd visezi. Aceast\u0103 senza\u021bie minunat\u0103 vine la pachet \u0219i cu alte beneficii pentru tine:<\/span><\/p>\n<ul>\n<li><span style=\"font-weight: 400;\">\u00ce\u021bi \u00eembun\u0103t\u0103\u021be\u0219te starea de spirit.<\/span><\/li>\n<li><span style=\"font-weight: 400;\">Faciliteaz\u0103 realizarea unor conexiuni profunde la nivel cerebral.<\/span><\/li>\n<li><span style=\"font-weight: 400;\">\u00ce\u021bi cre\u0219te \u00eencrederea \u00een sine.<\/span><\/li>\n<li><span style=\"font-weight: 400;\">Te elibereaz\u0103 de st\u0103rile de stres \u0219i de anxietate.<\/span><\/li>\n<\/ul>\n<p><strong>Albert Bredow un peisagist talentat, cu o via\u021b\u0103 necunoscut\u0103<\/strong><\/p>\n<p><span style=\"font-weight: 400;\">Despre via\u021ba \u0219i opera lui Albert Bredow se cunosc pu\u021bine informa\u021bii. Au r\u0103mas \u00eens\u0103 \u00een urma sa picturi valoroase \u0219i ilustra\u021bii cu decoruri de teatru deosebite pe care le-a realizat de-a lungul vie\u021bii. Iat\u0103 6 informa\u021bii despre acest pictor germano-rus:<\/span><\/p>\n<p><span style=\"font-weight: 400;\">1. S-a n\u0103scut \u00een Germania, \u00een 1828 \u0219i a fost pictor peisagist, litograf \u0219i scenograf.<\/span><\/p>\n<p><span style=\"font-weight: 400;\">2. Nu se cunosc multe informa\u021bii legate de locul na\u0219terii sale din Germania \u0219i nici despre studiile sale de art\u0103 de aici. Se \u0219tie \u00eens\u0103 c\u0103 a studiat la Academia Imperial\u0103 de Arte din Petersburg.<\/span><\/p>\n<p><span style=\"font-weight: 400;\">3. A lucrat ca scenograf la Riga, Tallinn \u0219i decorator la teatrele din Petersburg \u0219i Moscova.<\/span><\/p>\n<p><span style=\"font-weight: 400;\">4. A pictat peisaje germane, letone \u0219i ruse\u0219ti.<\/span><\/p>\n<p><span style=\"font-weight: 400;\">5. Lucrarea <\/span><em><span style=\"font-weight: 400;\">Romantic Winter Landscape with Ice Skaters by a Castle<\/span><\/em><span style=\"font-weight: 400;\"> a fost realizat\u0103 \u00een ultima parte a vie\u021bii sale.<\/span><\/p>\n<p><span style=\"font-weight: 400;\">6. Picturile sale cu peisaje eterice au fost evaluate pozitiv de criticii de art\u0103 ru\u0219i.<\/span><\/p>\n<p><strong>Puzzle-urile de art\u0103 te reconecteaz\u0103 cu tine \u00eensu\u021bi<\/strong><\/p>\n<p><span style=\"font-weight: 400;\">Sim\u021bi nevoie s\u0103 iei o pauz\u0103 de la ecrane? Puzzle-urile de art\u0103 \u00ee\u021bi vin \u00een ajutor! Te ajut\u0103 s\u0103 te deconectezi de la via\u021ba agitat\u0103 \u0219i stresant\u0103 \u0219i \u00ee\u021bi ofer\u0103 momente unice de relaxare \u0219i reconectare cu tine \u00eensu\u021bi.\u00a0<\/span><\/p>\n<p><span style=\"font-weight: 400;\">Cump\u0103r\u0103 puzzle de art\u0103 Albert Bredow &#8211; Romantic Winter Landscape with Ice Skaters by a Castle \u0219i experimenteaz\u0103 o activitate clasic\u0103, relaxant\u0103 \u0219i distractiv\u0103. Po\u021bi reface imaginea din aceast puzzle de 1000 piese cu ajutorul celor din familiei sau cu grupul de prieteni. Acest uimitor joc puzzle \u00ee\u021bi transform\u0103 serile monotone \u00een momente de fericire al\u0103turi de cei dragi!<\/span><\/p>\n<p><span style=\"font-weight: 400;\">Dac\u0103 e\u0219ti \u00een c\u0103utarea unui cadou rafinat pentru o persoan\u0103 special\u0103 din via\u021ba ta, puzzle de art\u0103 Albert Bredow &#8211; Romantic Winter Landscape with Ice Skaters by a Castle este alegerea perfect\u0103.\u00a0<\/span><\/p>\n","protected":false},"excerpt":{"rendered":"<p>Las\u0103-te inspirat de cea mai mare colec\u021bie de puzzle-uri de art\u0103 din Rom\u00e2nia! Cump\u0103r\u0103 acum puzzle-uri de 1000 piese cu<\/p>\n","protected":false},"featured_media":63661,"template":"","meta":[],"product_brand":[],"product_cat":[1454,1488,1560],"product_tag":[],"class_list":{"0":"post-19863","1":"product","2":"type-product","3":"status-publish","4":"has-post-thumbnail","6":"product_cat-puzzle","7":"product_cat-puzzle-adulti","8":"product_cat-puzzle-adulti-1000","9":"pa_brand-d_toys","10":"pa_country_of_manufacture-ro","11":"pa_filter_age-1315","12":"pa_tip_ambalaj-cutie","13":"pa_tip_puzzle-clasic","15":"first","16":"instock","17":"taxable","18":"shipping-taxable","19":"product-type-simple"},"yoast_head":"<!-- This site is optimized with the Yoast SEO plugin v20.1 - https:\/\/yoast.com\/wordpress\/plugins\/seo\/ -->\n<title>Puzzle adulti 1000 piese Albert Bredow - Romantic Winter Landscape with Ice Skaters by a Castle - Roovi B2B<\/title>\n<meta name=\"robots\" content=\"index, follow, max-snippet:-1, max-image-preview:large, max-video-preview:-1\" \/>\n<link rel=\"canonical\" href=\"https:\/\/www.roovi.ro\/puzzle-adulti-1000-piese-albert-bredow-romantic-winter-landscape-with-ice-skaters-by-a-castle\/p\/\" \/>\n<meta property=\"og:locale\" content=\"ro_RO\" \/>\n<meta property=\"og:type\" content=\"article\" \/>\n<meta property=\"og:title\" content=\"Puzzle adulti 1000 piese Albert Bredow - Romantic Winter Landscape with Ice Skaters by a Castle - Roovi B2B\" \/>\n<meta property=\"og:description\" content=\"Las\u0103-te inspirat de cea mai mare colec\u021bie de puzzle-uri de art\u0103 din Rom\u00e2nia! Cump\u0103r\u0103 acum puzzle-uri de 1000 piese cu\" \/>\n<meta property=\"og:url\" content=\"https:\/\/www.roovi.ro\/puzzle-adulti-1000-piese-albert-bredow-romantic-winter-landscape-with-ice-skaters-by-a-castle\/p\/\" \/>\n<meta property=\"og:site_name\" content=\"Roovi B2B\" \/>\n<meta property=\"article:publisher\" content=\"https:\/\/www.facebook.com\/wwwjucariero\" \/>\n<meta property=\"article:modified_time\" content=\"2023-03-20T21:33:21+00:00\" \/>\n<meta property=\"og:image\" content=\"https:\/\/business.roovi.com\/wp-content\/uploads\/2019\/05\/75697-BR-01-WEB.jpg\" \/>\n\t<meta property=\"og:image:width\" content=\"1200\" \/>\n\t<meta property=\"og:image:height\" content=\"1200\" \/>\n\t<meta property=\"og:image:type\" content=\"image\/jpeg\" \/>\n<meta name=\"twitter:label1\" content=\"Timp estimat pentru citire\" \/>\n\t<meta name=\"twitter:data1\" content=\"4 minute\" \/>\n<script type=\"application\/ld+json\" class=\"yoast-schema-graph\">{\"@context\":\"https:\/\/schema.org\",\"@graph\":[{\"@type\":\"WebPage\",\"@id\":\"https:\/\/business.roovi.com\/ro\/puzzle-adulti-1000-piese-albert-bredow-romantic-winter-landscape-with-ice-skaters-by-a-castle\/p\/\",\"url\":\"https:\/\/www.roovi.ro\/puzzle-adulti-1000-piese-albert-bredow-romantic-winter-landscape-with-ice-skaters-by-a-castle\/p\/\",\"name\":\"Puzzle adulti 1000 piese Albert Bredow - Romantic Winter Landscape with Ice Skaters by a Castle - Roovi B2B\",\"isPartOf\":{\"@id\":\"https:\/\/business.roovi.com\/ro\/#website\"},\"datePublished\":\"2019-05-09T10:56:47+00:00\",\"dateModified\":\"2023-03-20T21:33:21+00:00\",\"breadcrumb\":{\"@id\":\"https:\/\/www.roovi.ro\/puzzle-adulti-1000-piese-albert-bredow-romantic-winter-landscape-with-ice-skaters-by-a-castle\/p\/#breadcrumb\"},\"inLanguage\":\"ro-RO\",\"potentialAction\":[{\"@type\":\"ReadAction\",\"target\":[\"https:\/\/www.roovi.ro\/puzzle-adulti-1000-piese-albert-bredow-romantic-winter-landscape-with-ice-skaters-by-a-castle\/p\/\"]}]},{\"@type\":\"BreadcrumbList\",\"@id\":\"https:\/\/www.roovi.ro\/puzzle-adulti-1000-piese-albert-bredow-romantic-winter-landscape-with-ice-skaters-by-a-castle\/p\/#breadcrumb\",\"itemListElement\":[{\"@type\":\"ListItem\",\"position\":1,\"name\":\"Home\",\"item\":\"https:\/\/business.roovi.com\/ro\/\"},{\"@type\":\"ListItem\",\"position\":2,\"name\":\"Magazin\",\"item\":\"https:\/\/business.roovi.com\/ro\/magazin\/\"},{\"@type\":\"ListItem\",\"position\":3,\"name\":\"Puzzle adulti 1000 piese Albert Bredow &#8211; Romantic Winter Landscape with Ice Skaters by a Castle\"}]},{\"@type\":\"WebSite\",\"@id\":\"https:\/\/business.roovi.com\/ro\/#website\",\"url\":\"https:\/\/business.roovi.com\/ro\/\",\"name\":\"Roovi B2B\",\"description\":\"Roovi Business Website\",\"potentialAction\":[{\"@type\":\"SearchAction\",\"target\":{\"@type\":\"EntryPoint\",\"urlTemplate\":\"https:\/\/business.roovi.com\/ro\/?s={search_term_string}\"},\"query-input\":\"required name=search_term_string\"}],\"inLanguage\":\"ro-RO\"}]}<\/script>\n<!-- \/ Yoast SEO plugin. -->","yoast_head_json":{"title":"Puzzle adulti 1000 piese Albert Bredow - Romantic Winter Landscape with Ice Skaters by a Castle - Roovi B2B","robots":{"index":"index","follow":"follow","max-snippet":"max-snippet:-1","max-image-preview":"max-image-preview:large","max-video-preview":"max-video-preview:-1"},"canonical":"https:\/\/www.roovi.ro\/puzzle-adulti-1000-piese-albert-bredow-romantic-winter-landscape-with-ice-skaters-by-a-castle\/p\/","og_locale":"ro_RO","og_type":"article","og_title":"Puzzle adulti 1000 piese Albert Bredow - Romantic Winter Landscape with Ice Skaters by a Castle - Roovi B2B","og_description":"Las\u0103-te inspirat de cea mai mare colec\u021bie de puzzle-uri de art\u0103 din Rom\u00e2nia! Cump\u0103r\u0103 acum puzzle-uri de 1000 piese cu","og_url":"https:\/\/www.roovi.ro\/puzzle-adulti-1000-piese-albert-bredow-romantic-winter-landscape-with-ice-skaters-by-a-castle\/p\/","og_site_name":"Roovi B2B","article_publisher":"https:\/\/www.facebook.com\/wwwjucariero","article_modified_time":"2023-03-20T21:33:21+00:00","og_image":[{"width":1200,"height":1200,"url":"https:\/\/business.roovi.com\/wp-content\/uploads\/2019\/05\/75697-BR-01-WEB.jpg","type":"image\/jpeg"}],"twitter_misc":{"Timp estimat pentru citire":"4 minute"},"schema":{"@context":"https:\/\/schema.org","@graph":[{"@type":"WebPage","@id":"https:\/\/business.roovi.com\/ro\/puzzle-adulti-1000-piese-albert-bredow-romantic-winter-landscape-with-ice-skaters-by-a-castle\/p\/","url":"https:\/\/www.roovi.ro\/puzzle-adulti-1000-piese-albert-bredow-romantic-winter-landscape-with-ice-skaters-by-a-castle\/p\/","name":"Puzzle adulti 1000 piese Albert Bredow - Romantic Winter Landscape with Ice Skaters by a Castle - Roovi B2B","isPartOf":{"@id":"https:\/\/business.roovi.com\/ro\/#website"},"datePublished":"2019-05-09T10:56:47+00:00","dateModified":"2023-03-20T21:33:21+00:00","breadcrumb":{"@id":"https:\/\/www.roovi.ro\/puzzle-adulti-1000-piese-albert-bredow-romantic-winter-landscape-with-ice-skaters-by-a-castle\/p\/#breadcrumb"},"inLanguage":"ro-RO","potentialAction":[{"@type":"ReadAction","target":["https:\/\/www.roovi.ro\/puzzle-adulti-1000-piese-albert-bredow-romantic-winter-landscape-with-ice-skaters-by-a-castle\/p\/"]}]},{"@type":"BreadcrumbList","@id":"https:\/\/www.roovi.ro\/puzzle-adulti-1000-piese-albert-bredow-romantic-winter-landscape-with-ice-skaters-by-a-castle\/p\/#breadcrumb","itemListElement":[{"@type":"ListItem","position":1,"name":"Home","item":"https:\/\/business.roovi.com\/ro\/"},{"@type":"ListItem","position":2,"name":"Magazin","item":"https:\/\/business.roovi.com\/ro\/magazin\/"},{"@type":"ListItem","position":3,"name":"Puzzle adulti 1000 piese Albert Bredow &#8211; Romantic Winter Landscape with Ice Skaters by a Castle"}]},{"@type":"WebSite","@id":"https:\/\/business.roovi.com\/ro\/#website","url":"https:\/\/business.roovi.com\/ro\/","name":"Roovi B2B","description":"Roovi Business Website","potentialAction":[{"@type":"SearchAction","target":{"@type":"EntryPoint","urlTemplate":"https:\/\/business.roovi.com\/ro\/?s={search_term_string}"},"query-input":"required name=search_term_string"}],"inLanguage":"ro-RO"}]}},"_links":{"self":[{"href":"https:\/\/business.roovi.com\/ro\/wp-json\/wp\/v2\/product\/19863","targetHints":{"allow":["GET"]}}],"collection":[{"href":"https:\/\/business.roovi.com\/ro\/wp-json\/wp\/v2\/product"}],"about":[{"href":"https:\/\/business.roovi.com\/ro\/wp-json\/wp\/v2\/types\/product"}],"version-history":[{"count":0,"href":"https:\/\/business.roovi.com\/ro\/wp-json\/wp\/v2\/product\/19863\/revisions"}],"wp:featuredmedia":[{"embeddable":true,"href":"https:\/\/business.roovi.com\/ro\/wp-json\/wp\/v2\/media\/63661"}],"wp:attachment":[{"href":"https:\/\/business.roovi.com\/ro\/wp-json\/wp\/v2\/media?parent=19863"}],"wp:term":[{"taxonomy":"product_brand","embeddable":true,"href":"https:\/\/business.roovi.com\/ro\/wp-json\/wp\/v2\/product_brand?post=19863"},{"taxonomy":"product_cat","embeddable":true,"href":"https:\/\/business.roovi.com\/ro\/wp-json\/wp\/v2\/product_cat?post=19863"},{"taxonomy":"product_tag","embeddable":true,"href":"https:\/\/business.roovi.com\/ro\/wp-json\/wp\/v2\/product_tag?post=19863"}],"curies":[{"name":"wp","href":"https:\/\/api.w.org\/{rel}","templated":true}]}}