{"id":19864,"date":"2019-05-09T11:45:51","date_gmt":"2019-05-09T11:45:51","guid":{"rendered":"https:\/\/business.roovi.com\/product\/puzzle-vincent-van-gogh-pink-roses-in-a-vase-1000-piese\/"},"modified":"2025-03-17T12:22:09","modified_gmt":"2025-03-17T12:22:09","slug":"puzzle-adulti-1000-piese-vincent-van-gogh-pink-roses-in-a-vase","status":"publish","type":"product","link":"https:\/\/business.roovi.com\/ro\/puzzle-adulti-1000-piese-vincent-van-gogh-pink-roses-in-a-vase\/p\/","title":{"rendered":"Puzzle adulti 1000 piese Vincent Van Gogh &#8211; Pink Roses in a Vase"},"content":{"rendered":"<p><span style=\"font-weight: 400;\">Bine ai venit \u00een cea mai mare galerie virtual\u0103 ce ad\u0103poste\u0219te imagini ale picturilor celebre \u00een puzzle-uri de 1000 piese! \u00cel admiri pe Leonardo da Vinci sau preferi gra\u021bia picturilor lui Botticelli? Cea mai mare gam\u0103 de puzzle-uri de art\u0103 \u021bi-i prezint\u0103 pe ace\u0219tia, dar \u0219i pe mul\u021bi al\u021bi pictori renumi\u021bi.\u00a0<\/span><\/p>\n<p><span style=\"font-weight: 400;\">Puzzle 1000 piese Vincent van Gogh &#8211; Pink Roses in a Vase transmite emo\u021bia picturii omonime pe care artistul a realizat-o cu pu\u021bin \u00eenainte de a p\u0103r\u0103si spitalul din Saint-R\u00e9my. Pentru van Gogh plantele \u00eenflorite erau o s\u0103rb\u0103toare a rena\u0219terii, a re\u00eennoirii, a vie\u021bii. Asambleaz\u0103 acest minunat puzzle de art\u0103 \u0219i vei ob\u021bine \u0219i tu un tablou cu vibra\u021bii pozitive care \u00ee\u021bi va \u00eenc\u00e2nta privirea \u0219i \u00ee\u021bi va \u00eenfrumuse\u021ba casa.<\/span><\/p>\n<p><span style=\"font-weight: 400;\">Imaginea ref\u0103cut\u0103 are dimensiunile de 50 x 70 cm, iar pentru asamblare po\u021bi utiliza o m\u0103su\u021b\u0103 obi\u0219nuit\u0103 de cafea.<\/span><\/p>\n<p><span style=\"font-weight: 400;\">Alte caracteristici ale puzzle-ului de art\u0103 Vincent van Gogh &#8211; Pink Roses in a Vase:<\/span><\/p>\n<p><strong>Material puzzle:\u00a0<\/strong><\/p>\n<p><strong>carton albastru de o calitate superioar\u0103<\/strong><\/p>\n<p><strong>materiale sustenabile, reciclabile<\/strong><\/p>\n<p><strong>finisaj semi-lucios, culori vii<\/strong><\/p>\n<p><strong>Num\u0103rul pieselor de puzzle: 1000<\/strong><\/p>\n<p><strong>V\u00e2rsta recomandat\u0103: 14+<\/strong><\/p>\n<p><strong>3 abilit\u0103\u021bi pe care le po\u021bi dezvolta cu ajutorul puzzle-urilor 1000 piese<\/strong><\/p>\n<p><strong>1. Sim\u021bul estetic &#8211; <\/strong><span style=\"font-weight: 400;\">Asamblarea puzzle-urilor de art\u0103 \u00ee\u021bi deschide apetitul pentru cultur\u0103 \u0219i obiecte frumoase \u0219i te ajut\u0103 s\u0103-\u021bi dezvol\u021bi sim\u021bul estetic.<\/span><\/p>\n<p><strong>2. Logica &#8211; <\/strong><span style=\"font-weight: 400;\">Atunci c\u00e2nd te afli \u00een fa\u021ba unui puzzle 1000 piese, g\u00e2nde\u0219ti strategii diverse, asociezi piesele asem\u0103n\u0103toare \u0219i descoperi locurile unde se potrivesc. Jocul puzzle este, de fapt, \u0219i un joc de logic\u0103.<\/span><\/p>\n<p><strong>3. Perseveren\u021ba &#8211;<\/strong><span style=\"font-weight: 400;\">Un puzzle adulti \u00ee\u021bi pune de multe ori\u00a0 r\u0103bdarea la grele \u00eencerc\u0103ri. \u0218i totu\u0219i, nu renun\u021bi. \u0218tii c\u0103 satisfac\u021bia final\u0103 este nepre\u021buit\u0103 \u0219i cau\u021bi ne\u00eencetat p\u00e2n\u0103 c\u00e2nd potrive\u0219ti fiecare pies\u0103 de puzzle 1000 la locul ei. Aceasta este o modalitate prin care \u00ee\u021bi exersezi perseveren\u021ba.\u00a0<\/span><\/p>\n<p><strong>5 informa\u021bii pe care nu le \u0219tiai despre Vincent van Gogh<\/strong><\/p>\n<p><span style=\"font-weight: 400;\">1. A fost predicator \u00eentr-o regiune din Belgia, timp \u00een care \u0219i-a donat lucrurile s\u0103racilor \u0219i i-a \u00eengrijit pe cei bolnavi.<\/span><\/p>\n<p><span style=\"font-weight: 400;\">2. S-a folosit pe sine \u00eensu\u0219i drept model pentru picturile sale, fiind prea s\u0103rac pentru a pl\u0103ti modele.<\/span><\/p>\n<p><span style=\"font-weight: 400;\">3. \u0218i-a considerat opera un e\u0219ec.<\/span><\/p>\n<p><span style=\"font-weight: 400;\">4. A avut o rela\u021bie foarte apropiat\u0103 cu fratele s\u0103u, Theo, care l-a sus\u021binut financiar \u0219i moral toat\u0103 via\u021ba.<\/span><\/p>\n<p><span style=\"font-weight: 400;\">5. \u0218i-a dorit s\u0103 r\u0103m\u00e2n\u0103 \u00een memoria omenirii drept pictorul florii-soarelui. La \u00eenmorm\u00e2ntarea lui, toat\u0103 lumea a adus floarea-soarelui drept ultim omagiu.<\/span><\/p>\n<p><strong>Decoreaz\u0103-\u021bi casa cu tablouri inedite din puzzle-uri de art\u0103!<\/strong><\/p>\n<p><span style=\"font-weight: 400;\">Vrei s\u0103 \u00eei dai casei tale o \u00eenf\u0103\u021bi\u0219are elegant\u0103 \u0219i rafinat\u0103? R\u0103sfoie\u0219te cea mai mare gam\u0103 de puzzle-uri de art\u0103 din Rom\u00e2nia, selecteaz\u0103 puzzle-uri de 1000 piese cu imagini vibrante ale operelor celebre \u0219i apuc\u0103-te de treab\u0103! Pe l\u00e2ng\u0103 cele 30 de ore de relaxare petrecute \u00een compania fiec\u0103rui joc puzzle, vei crea cu propriile m\u00e2ini lucr\u0103ri spectaculoase care \u00ee\u021bi vor \u00eenfrumuse\u021ba casa.<\/span><\/p>\n<p><span style=\"font-weight: 400;\">Puzzle 1000 piese Vincent van Gogh &#8211; Pink Roses in a Vase poate fi primul tablou din colec\u021bia ta de puzzle-uri de art\u0103. Cump\u0103r\u0103-l acum \u0219i surprinde emo\u021bia intens\u0103 din opera lui van Gogh. Po\u021bi oferi acest minunat puzzle 1000 piese unui prieten drag pasionat de jocuri puzzle.<\/span><\/p>\n","protected":false},"excerpt":{"rendered":"<p>Bine ai venit \u00een cea mai mare galerie virtual\u0103 ce ad\u0103poste\u0219te imagini ale picturilor celebre \u00een puzzle-uri de 1000 piese!<\/p>\n","protected":false},"featured_media":62874,"template":"","meta":[],"product_brand":[],"product_cat":[1454,1488,1560],"product_tag":[],"class_list":{"0":"post-19864","1":"product","2":"type-product","3":"status-publish","4":"has-post-thumbnail","6":"product_cat-puzzle","7":"product_cat-puzzle-adulti","8":"product_cat-puzzle-adulti-1000","9":"pa_brand-d_toys","10":"pa_country_of_manufacture-ro","11":"pa_filter_age-1315","12":"pa_painter-vincentvangogh","13":"pa_tip_ambalaj-cutie","14":"pa_tip_puzzle-clasic","16":"first","17":"instock","18":"taxable","19":"shipping-taxable","20":"product-type-simple"},"yoast_head":"<!-- This site is optimized with the Yoast SEO plugin v20.1 - https:\/\/yoast.com\/wordpress\/plugins\/seo\/ -->\n<title>Puzzle adulti 1000 piese Vincent Van Gogh - Pink Roses in a Vase - Roovi B2B<\/title>\n<meta name=\"robots\" content=\"index, follow, max-snippet:-1, max-image-preview:large, max-video-preview:-1\" \/>\n<link rel=\"canonical\" href=\"https:\/\/www.roovi.ro\/puzzle-adulti-1000-piese-vincent-van-gogh-pink-roses-in-a-vase\/p\/\" \/>\n<meta property=\"og:locale\" content=\"ro_RO\" \/>\n<meta property=\"og:type\" content=\"article\" \/>\n<meta property=\"og:title\" content=\"Puzzle adulti 1000 piese Vincent Van Gogh - Pink Roses in a Vase - Roovi B2B\" \/>\n<meta property=\"og:description\" content=\"Bine ai venit \u00een cea mai mare galerie virtual\u0103 ce ad\u0103poste\u0219te imagini ale picturilor celebre \u00een puzzle-uri de 1000 piese!\" \/>\n<meta property=\"og:url\" content=\"https:\/\/www.roovi.ro\/puzzle-adulti-1000-piese-vincent-van-gogh-pink-roses-in-a-vase\/p\/\" \/>\n<meta property=\"og:site_name\" content=\"Roovi B2B\" \/>\n<meta property=\"article:publisher\" content=\"https:\/\/www.facebook.com\/wwwjucariero\" \/>\n<meta property=\"article:modified_time\" content=\"2025-03-17T12:22:09+00:00\" \/>\n<meta property=\"og:image\" content=\"https:\/\/business.roovi.com\/wp-content\/uploads\/2019\/05\/66916-VG-12-WEB.jpg\" \/>\n\t<meta property=\"og:image:width\" content=\"1200\" \/>\n\t<meta property=\"og:image:height\" content=\"1200\" \/>\n\t<meta property=\"og:image:type\" content=\"image\/jpeg\" \/>\n<meta name=\"twitter:label1\" content=\"Timp estimat pentru citire\" \/>\n\t<meta name=\"twitter:data1\" content=\"3 minute\" \/>\n<script type=\"application\/ld+json\" class=\"yoast-schema-graph\">{\"@context\":\"https:\/\/schema.org\",\"@graph\":[{\"@type\":\"WebPage\",\"@id\":\"https:\/\/business.roovi.com\/ro\/puzzle-adulti-1000-piese-vincent-van-gogh-pink-roses-in-a-vase\/p\/\",\"url\":\"https:\/\/www.roovi.ro\/puzzle-adulti-1000-piese-vincent-van-gogh-pink-roses-in-a-vase\/p\/\",\"name\":\"Puzzle adulti 1000 piese Vincent Van Gogh - Pink Roses in a Vase - Roovi B2B\",\"isPartOf\":{\"@id\":\"https:\/\/business.roovi.com\/ro\/#website\"},\"datePublished\":\"2019-05-09T11:45:51+00:00\",\"dateModified\":\"2025-03-17T12:22:09+00:00\",\"breadcrumb\":{\"@id\":\"https:\/\/www.roovi.ro\/puzzle-adulti-1000-piese-vincent-van-gogh-pink-roses-in-a-vase\/p\/#breadcrumb\"},\"inLanguage\":\"ro-RO\",\"potentialAction\":[{\"@type\":\"ReadAction\",\"target\":[\"https:\/\/www.roovi.ro\/puzzle-adulti-1000-piese-vincent-van-gogh-pink-roses-in-a-vase\/p\/\"]}]},{\"@type\":\"BreadcrumbList\",\"@id\":\"https:\/\/www.roovi.ro\/puzzle-adulti-1000-piese-vincent-van-gogh-pink-roses-in-a-vase\/p\/#breadcrumb\",\"itemListElement\":[{\"@type\":\"ListItem\",\"position\":1,\"name\":\"Home\",\"item\":\"https:\/\/business.roovi.com\/ro\/\"},{\"@type\":\"ListItem\",\"position\":2,\"name\":\"Magazin\",\"item\":\"https:\/\/business.roovi.com\/ro\/magazin\/\"},{\"@type\":\"ListItem\",\"position\":3,\"name\":\"Puzzle adulti 1000 piese Vincent Van Gogh &#8211; Pink Roses in a Vase\"}]},{\"@type\":\"WebSite\",\"@id\":\"https:\/\/business.roovi.com\/ro\/#website\",\"url\":\"https:\/\/business.roovi.com\/ro\/\",\"name\":\"Roovi B2B\",\"description\":\"Roovi Business Website\",\"potentialAction\":[{\"@type\":\"SearchAction\",\"target\":{\"@type\":\"EntryPoint\",\"urlTemplate\":\"https:\/\/business.roovi.com\/ro\/?s={search_term_string}\"},\"query-input\":\"required name=search_term_string\"}],\"inLanguage\":\"ro-RO\"}]}<\/script>\n<!-- \/ Yoast SEO plugin. -->","yoast_head_json":{"title":"Puzzle adulti 1000 piese Vincent Van Gogh - Pink Roses in a Vase - Roovi B2B","robots":{"index":"index","follow":"follow","max-snippet":"max-snippet:-1","max-image-preview":"max-image-preview:large","max-video-preview":"max-video-preview:-1"},"canonical":"https:\/\/www.roovi.ro\/puzzle-adulti-1000-piese-vincent-van-gogh-pink-roses-in-a-vase\/p\/","og_locale":"ro_RO","og_type":"article","og_title":"Puzzle adulti 1000 piese Vincent Van Gogh - Pink Roses in a Vase - Roovi B2B","og_description":"Bine ai venit \u00een cea mai mare galerie virtual\u0103 ce ad\u0103poste\u0219te imagini ale picturilor celebre \u00een puzzle-uri de 1000 piese!","og_url":"https:\/\/www.roovi.ro\/puzzle-adulti-1000-piese-vincent-van-gogh-pink-roses-in-a-vase\/p\/","og_site_name":"Roovi B2B","article_publisher":"https:\/\/www.facebook.com\/wwwjucariero","article_modified_time":"2025-03-17T12:22:09+00:00","og_image":[{"width":1200,"height":1200,"url":"https:\/\/business.roovi.com\/wp-content\/uploads\/2019\/05\/66916-VG-12-WEB.jpg","type":"image\/jpeg"}],"twitter_misc":{"Timp estimat pentru citire":"3 minute"},"schema":{"@context":"https:\/\/schema.org","@graph":[{"@type":"WebPage","@id":"https:\/\/business.roovi.com\/ro\/puzzle-adulti-1000-piese-vincent-van-gogh-pink-roses-in-a-vase\/p\/","url":"https:\/\/www.roovi.ro\/puzzle-adulti-1000-piese-vincent-van-gogh-pink-roses-in-a-vase\/p\/","name":"Puzzle adulti 1000 piese Vincent Van Gogh - Pink Roses in a Vase - Roovi B2B","isPartOf":{"@id":"https:\/\/business.roovi.com\/ro\/#website"},"datePublished":"2019-05-09T11:45:51+00:00","dateModified":"2025-03-17T12:22:09+00:00","breadcrumb":{"@id":"https:\/\/www.roovi.ro\/puzzle-adulti-1000-piese-vincent-van-gogh-pink-roses-in-a-vase\/p\/#breadcrumb"},"inLanguage":"ro-RO","potentialAction":[{"@type":"ReadAction","target":["https:\/\/www.roovi.ro\/puzzle-adulti-1000-piese-vincent-van-gogh-pink-roses-in-a-vase\/p\/"]}]},{"@type":"BreadcrumbList","@id":"https:\/\/www.roovi.ro\/puzzle-adulti-1000-piese-vincent-van-gogh-pink-roses-in-a-vase\/p\/#breadcrumb","itemListElement":[{"@type":"ListItem","position":1,"name":"Home","item":"https:\/\/business.roovi.com\/ro\/"},{"@type":"ListItem","position":2,"name":"Magazin","item":"https:\/\/business.roovi.com\/ro\/magazin\/"},{"@type":"ListItem","position":3,"name":"Puzzle adulti 1000 piese Vincent Van Gogh &#8211; Pink Roses in a Vase"}]},{"@type":"WebSite","@id":"https:\/\/business.roovi.com\/ro\/#website","url":"https:\/\/business.roovi.com\/ro\/","name":"Roovi B2B","description":"Roovi Business Website","potentialAction":[{"@type":"SearchAction","target":{"@type":"EntryPoint","urlTemplate":"https:\/\/business.roovi.com\/ro\/?s={search_term_string}"},"query-input":"required name=search_term_string"}],"inLanguage":"ro-RO"}]}},"_links":{"self":[{"href":"https:\/\/business.roovi.com\/ro\/wp-json\/wp\/v2\/product\/19864","targetHints":{"allow":["GET"]}}],"collection":[{"href":"https:\/\/business.roovi.com\/ro\/wp-json\/wp\/v2\/product"}],"about":[{"href":"https:\/\/business.roovi.com\/ro\/wp-json\/wp\/v2\/types\/product"}],"version-history":[{"count":0,"href":"https:\/\/business.roovi.com\/ro\/wp-json\/wp\/v2\/product\/19864\/revisions"}],"wp:featuredmedia":[{"embeddable":true,"href":"https:\/\/business.roovi.com\/ro\/wp-json\/wp\/v2\/media\/62874"}],"wp:attachment":[{"href":"https:\/\/business.roovi.com\/ro\/wp-json\/wp\/v2\/media?parent=19864"}],"wp:term":[{"taxonomy":"product_brand","embeddable":true,"href":"https:\/\/business.roovi.com\/ro\/wp-json\/wp\/v2\/product_brand?post=19864"},{"taxonomy":"product_cat","embeddable":true,"href":"https:\/\/business.roovi.com\/ro\/wp-json\/wp\/v2\/product_cat?post=19864"},{"taxonomy":"product_tag","embeddable":true,"href":"https:\/\/business.roovi.com\/ro\/wp-json\/wp\/v2\/product_tag?post=19864"}],"curies":[{"name":"wp","href":"https:\/\/api.w.org\/{rel}","templated":true}]}}