{"id":19872,"date":"2019-06-03T12:02:14","date_gmt":"2019-06-03T12:02:14","guid":{"rendered":"https:\/\/business.roovi.com\/product\/puzzle-cartoon-niagara-1000-piese\/"},"modified":"2025-03-17T07:17:42","modified_gmt":"2025-03-17T07:17:42","slug":"puzzle-adulti-1000-piese-cartoon-collection-niagara-falls","status":"publish","type":"product","link":"https:\/\/business.roovi.com\/ro\/puzzle-adulti-1000-piese-cartoon-collection-niagara-falls\/p\/","title":{"rendered":"Puzzle adul\u021bi 1000 piese Cartoon Collection &#8211; Niagara Falls"},"content":{"rendered":"<p><span style=\"font-weight: 400;\">S\u0103 \u00eenceap\u0103 distrac\u021bia cu puzzle 1000 piese Cartoon Collection! Personaje adorabile au invadat celebre obiective turistice din lume. Intr\u0103 \u00een jocul lor, asambleaz\u0103 ilustra\u021bii colorate \u0219i amuzante \u0219i bucur\u0103-te de multe ore distractive \u0219i relaxante!<\/span><\/p>\n<p><span style=\"font-weight: 400;\">Puzzle 1000 piese Cartoon &#8211; Niagara Falls \u00ee\u021bi dezv\u0103luie o poveste amuzant\u0103 \u00een jurul cascadei Niagara. Personaje inedite, create \u00eentr-un mod original \u0219i creativ, \u00ee\u0219i fac de cap \u00een jurul celebrei cascade.\u00a0<\/span><\/p>\n<p><span style=\"font-weight: 400;\">Unii admir\u0103 de pe margine spectacolul apelor, al\u021bii, mai curajo\u0219i, au s\u0103rit cu para\u0219uta chiar \u00een valurile cascadei, \u00een timp ce unii temerari navigheaz\u0103 f\u0103r\u0103 team\u0103 pe apele \u00eenvolburate.<\/span><\/p>\n<p><span style=\"font-weight: 400;\">Indiferent de ipostaza \u00een care sunt surprin\u0219i, spiridu\u0219ii sunt veseli \u0219i pu\u0219i pe \u0219otii. Intr\u0103 \u0219i tu \u00een povestea reflectat\u0103 prin acest joc puzzle inedit \u0219i tr\u0103ie\u0219te o experien\u021b\u0103 uimitoare de relaxare \u0219i voie bun\u0103.<\/span><\/p>\n<p><strong>De ce s\u0103 alegi puzzle 1000 piese cascada Niagara din colec\u021bia Cartoon?<\/strong><\/p>\n<p><span style=\"font-weight: 400;\">C\u00e2nd imaginea este gata, ob\u021bii un tablou colorat \u0219i animat cu dimensiunile de 50 x 70 cm.<\/span><\/p>\n<p><span style=\"font-weight: 400;\">Poate fi un obiect decorativ care va scoate din anonimat orice loc anost din locuin\u021ba ta.<\/span><\/p>\n<p><span style=\"font-weight: 400;\">Este produs din <\/span><span style=\"font-weight: 400;\">carton albastru de calitate premium ceea ce \u00eel face rezistent la asambl\u0103ri multiple.<\/span><\/p>\n<p><span style=\"font-weight: 400;\">Finisajul este semi-lucios, \u00een culori pl\u0103cute ce scot \u00een eviden\u021b\u0103 frumuse\u021bea ilustra\u021biei.<\/span><\/p>\n<p><span style=\"font-weight: 400;\">Piesele de puzzle 1000 sunt t\u0103iate cu precizie, sunt unice \u0219i se \u00eembin\u0103 perfect \u00eentr-un veritabil tablou de colec\u021bie.<\/span><\/p>\n<p><span style=\"font-weight: 400;\">Este produs din materiale sustenabile, reciclabile.<\/span><\/p>\n<p><span style=\"font-weight: 400;\">Potrivit celor peste 14 ani &#8211; un prilej pentru a-l reface \u00eempreun\u0103 cu adolescen\u021bii.\u00a0<\/span><\/p>\n<p><strong>\u0218tiai c\u0103\u2026?<\/strong><\/p>\n<p><span style=\"font-weight: 400;\">Cascada Niagara este compus\u0103, de fapt, din 3 cascade: <\/span><span style=\"font-weight: 400;\">Cascada american\u0103, Cascada v\u0103lul miresei \u0219i Cascada potcoav\u0103.<\/span><\/p>\n<p><span style=\"font-weight: 400;\">Cascadei Niagara a luat fiin\u021b\u0103 acum mai bine de 12.000 de ani, la sf\u00e2r\u0219itul ultimei perioade glaciare.\u00a0<\/span><\/p>\n<p><span style=\"font-weight: 400;\">Cascada Niagara furnizeaz\u0103 aproximativ 20% din apa potabil\u0103 a Statelor Unite.<\/span><\/p>\n<p><span style=\"font-weight: 400;\">Aproximativ un sfert din \u00eentreaga energie electric\u0103 utilizat\u0103 \u00een statul New York \u0219i \u00een Ontario este furnizat\u0103 de instala\u021biile de producere a energiei electrice situate de-a lungul r\u00e2ului Niagara.\u00a0\u00a0<\/span><\/p>\n<p><strong>Cu puzzle 1000 piese Cartoon &#8211; Niagara Falls imagina\u021bia nu cunoa\u0219te limite\u00a0<\/strong><\/p>\n<p><span style=\"font-weight: 400;\">\u00cenchide ochii, relaxeaz\u0103-te \u0219i imagineaz\u0103-\u021bi c\u0103 te afli aproape de cascada Niagara. \u021ai se dezv\u0103luie spectacolul fabulos al apelor, iar zgomotul n\u0103ucitor \u00ee\u021bi cople\u0219e\u0219te auzul. Dintr-o dat\u0103 lumea aceasta se transform\u0103, o mul\u021bime de personaje adorabile \u00ee\u0219i fac loc \u00een priveli\u0219tea ta \u0219i se bucur\u0103 de o experien\u021b\u0103 fabuloas\u0103.<\/span><\/p>\n<p><span style=\"font-weight: 400;\">Pe m\u0103sur\u0103 ce p\u0103trunzi \u00een lumea lor, aten\u021bia ta e \u00eendreptat\u0103 asupra pieselor \u0219i g\u0103se\u0219ti detaliile precise pe care le lipe\u0219ti \u00een imaginea de ansamblu. E uimitor cum mintea se relaxeaz\u0103 \u0219i se deta\u0219eaz\u0103, iar timpul pare c\u0103 s-a oprit pentru mai multe ore. Tabloul e gata \u0219i-\u021bi dore\u0219ti s\u0103 repe\u021bi experien\u021ba care \u021bi-a dat energie \u0219i optimism.<\/span><\/p>\n<p><span style=\"font-weight: 400;\">Puzzle 1000 piese Cascada Niagara din colec\u021bia Cartoon puzzle este a\u0219adar un prilej de deta\u0219are, crea\u021bie \u0219i cunoa\u0219tere, toate \u00een acela\u0219i timp. Dac\u0103 vrei ca experien\u021ba s\u0103 fie \u0219i mai dinamic\u0103, ref\u0103 imaginea al\u0103turi de cei dragi din familie sau de prieteni.\u00a0<\/span><\/p>\n<p><span style=\"font-weight: 400;\">Puzzle 1000 piese Cartoon &#8211; Cascada Niagara poate fi un cadou minunat pe care s\u0103-l oferi de s\u0103rb\u0103tori sau cu ocazii aniversare prietenilor pasiona\u021bi de jocurile puzzle.<\/span><\/p>\n","protected":false},"excerpt":{"rendered":"<p>S\u0103 \u00eenceap\u0103 distrac\u021bia cu puzzle 1000 piese Cartoon Collection! Personaje adorabile au invadat celebre obiective turistice din lume. Intr\u0103 \u00een<\/p>\n","protected":false},"featured_media":9819,"template":"","meta":[],"product_brand":[],"product_cat":[1454,1488,1560],"product_tag":[],"class_list":{"0":"post-19872","1":"product","2":"type-product","3":"status-publish","4":"has-post-thumbnail","6":"product_cat-puzzle","7":"product_cat-puzzle-adulti","8":"product_cat-puzzle-adulti-1000","9":"pa_brand-d_toys","10":"pa_country_of_manufacture-ro","11":"pa_filter_age-1315","12":"pa_painter-cartooncollection","13":"pa_tip_ambalaj-cutie","14":"pa_tip_puzzle-clasic","16":"first","17":"instock","18":"taxable","19":"shipping-taxable","20":"product-type-simple"},"yoast_head":"<!-- This site is optimized with the Yoast SEO plugin v20.1 - https:\/\/yoast.com\/wordpress\/plugins\/seo\/ -->\n<title>Puzzle adul\u021bi 1000 piese Cartoon Collection - Niagara Falls - Roovi B2B<\/title>\n<meta name=\"robots\" content=\"index, follow, max-snippet:-1, max-image-preview:large, max-video-preview:-1\" \/>\n<link rel=\"canonical\" href=\"https:\/\/www.roovi.ro\/puzzle-adulti-1000-piese-cartoon-collection-niagara-falls\/p\/\" \/>\n<meta property=\"og:locale\" content=\"ro_RO\" \/>\n<meta property=\"og:type\" content=\"article\" \/>\n<meta property=\"og:title\" content=\"Puzzle adul\u021bi 1000 piese Cartoon Collection - Niagara Falls - Roovi B2B\" \/>\n<meta property=\"og:description\" content=\"S\u0103 \u00eenceap\u0103 distrac\u021bia cu puzzle 1000 piese Cartoon Collection! Personaje adorabile au invadat celebre obiective turistice din lume. Intr\u0103 \u00een\" \/>\n<meta property=\"og:url\" content=\"https:\/\/www.roovi.ro\/puzzle-adulti-1000-piese-cartoon-collection-niagara-falls\/p\/\" \/>\n<meta property=\"og:site_name\" content=\"Roovi B2B\" \/>\n<meta property=\"article:publisher\" content=\"https:\/\/www.facebook.com\/wwwjucariero\" \/>\n<meta property=\"article:modified_time\" content=\"2025-03-17T07:17:42+00:00\" \/>\n<meta property=\"og:image\" content=\"https:\/\/business.roovi.com\/wp-content\/uploads\/2019\/06\/61218-14-ansamblu_dimensiuni-cutie-cm_orizontal-1200x1200.png\" \/>\n\t<meta property=\"og:image:width\" content=\"840\" \/>\n\t<meta property=\"og:image:height\" content=\"840\" \/>\n\t<meta property=\"og:image:type\" content=\"image\/png\" \/>\n<meta name=\"twitter:label1\" content=\"Timp estimat pentru citire\" \/>\n\t<meta name=\"twitter:data1\" content=\"3 minute\" \/>\n<script type=\"application\/ld+json\" class=\"yoast-schema-graph\">{\"@context\":\"https:\/\/schema.org\",\"@graph\":[{\"@type\":\"WebPage\",\"@id\":\"https:\/\/business.roovi.com\/ro\/puzzle-adulti-1000-piese-cartoon-collection-niagara-falls\/p\/\",\"url\":\"https:\/\/www.roovi.ro\/puzzle-adulti-1000-piese-cartoon-collection-niagara-falls\/p\/\",\"name\":\"Puzzle adul\u021bi 1000 piese Cartoon Collection - Niagara Falls - Roovi B2B\",\"isPartOf\":{\"@id\":\"https:\/\/business.roovi.com\/ro\/#website\"},\"datePublished\":\"2019-06-03T12:02:14+00:00\",\"dateModified\":\"2025-03-17T07:17:42+00:00\",\"breadcrumb\":{\"@id\":\"https:\/\/www.roovi.ro\/puzzle-adulti-1000-piese-cartoon-collection-niagara-falls\/p\/#breadcrumb\"},\"inLanguage\":\"ro-RO\",\"potentialAction\":[{\"@type\":\"ReadAction\",\"target\":[\"https:\/\/www.roovi.ro\/puzzle-adulti-1000-piese-cartoon-collection-niagara-falls\/p\/\"]}]},{\"@type\":\"BreadcrumbList\",\"@id\":\"https:\/\/www.roovi.ro\/puzzle-adulti-1000-piese-cartoon-collection-niagara-falls\/p\/#breadcrumb\",\"itemListElement\":[{\"@type\":\"ListItem\",\"position\":1,\"name\":\"Home\",\"item\":\"https:\/\/business.roovi.com\/ro\/\"},{\"@type\":\"ListItem\",\"position\":2,\"name\":\"Magazin\",\"item\":\"https:\/\/business.roovi.com\/ro\/magazin\/\"},{\"@type\":\"ListItem\",\"position\":3,\"name\":\"Puzzle adul\u021bi 1000 piese Cartoon Collection &#8211; Niagara Falls\"}]},{\"@type\":\"WebSite\",\"@id\":\"https:\/\/business.roovi.com\/ro\/#website\",\"url\":\"https:\/\/business.roovi.com\/ro\/\",\"name\":\"Roovi B2B\",\"description\":\"Roovi Business Website\",\"potentialAction\":[{\"@type\":\"SearchAction\",\"target\":{\"@type\":\"EntryPoint\",\"urlTemplate\":\"https:\/\/business.roovi.com\/ro\/?s={search_term_string}\"},\"query-input\":\"required name=search_term_string\"}],\"inLanguage\":\"ro-RO\"}]}<\/script>\n<!-- \/ Yoast SEO plugin. -->","yoast_head_json":{"title":"Puzzle adul\u021bi 1000 piese Cartoon Collection - Niagara Falls - Roovi B2B","robots":{"index":"index","follow":"follow","max-snippet":"max-snippet:-1","max-image-preview":"max-image-preview:large","max-video-preview":"max-video-preview:-1"},"canonical":"https:\/\/www.roovi.ro\/puzzle-adulti-1000-piese-cartoon-collection-niagara-falls\/p\/","og_locale":"ro_RO","og_type":"article","og_title":"Puzzle adul\u021bi 1000 piese Cartoon Collection - Niagara Falls - Roovi B2B","og_description":"S\u0103 \u00eenceap\u0103 distrac\u021bia cu puzzle 1000 piese Cartoon Collection! Personaje adorabile au invadat celebre obiective turistice din lume. Intr\u0103 \u00een","og_url":"https:\/\/www.roovi.ro\/puzzle-adulti-1000-piese-cartoon-collection-niagara-falls\/p\/","og_site_name":"Roovi B2B","article_publisher":"https:\/\/www.facebook.com\/wwwjucariero","article_modified_time":"2025-03-17T07:17:42+00:00","og_image":[{"width":840,"height":840,"url":"https:\/\/business.roovi.com\/wp-content\/uploads\/2019\/06\/61218-14-ansamblu_dimensiuni-cutie-cm_orizontal-1200x1200.png","type":"image\/png"}],"twitter_misc":{"Timp estimat pentru citire":"3 minute"},"schema":{"@context":"https:\/\/schema.org","@graph":[{"@type":"WebPage","@id":"https:\/\/business.roovi.com\/ro\/puzzle-adulti-1000-piese-cartoon-collection-niagara-falls\/p\/","url":"https:\/\/www.roovi.ro\/puzzle-adulti-1000-piese-cartoon-collection-niagara-falls\/p\/","name":"Puzzle adul\u021bi 1000 piese Cartoon Collection - Niagara Falls - Roovi B2B","isPartOf":{"@id":"https:\/\/business.roovi.com\/ro\/#website"},"datePublished":"2019-06-03T12:02:14+00:00","dateModified":"2025-03-17T07:17:42+00:00","breadcrumb":{"@id":"https:\/\/www.roovi.ro\/puzzle-adulti-1000-piese-cartoon-collection-niagara-falls\/p\/#breadcrumb"},"inLanguage":"ro-RO","potentialAction":[{"@type":"ReadAction","target":["https:\/\/www.roovi.ro\/puzzle-adulti-1000-piese-cartoon-collection-niagara-falls\/p\/"]}]},{"@type":"BreadcrumbList","@id":"https:\/\/www.roovi.ro\/puzzle-adulti-1000-piese-cartoon-collection-niagara-falls\/p\/#breadcrumb","itemListElement":[{"@type":"ListItem","position":1,"name":"Home","item":"https:\/\/business.roovi.com\/ro\/"},{"@type":"ListItem","position":2,"name":"Magazin","item":"https:\/\/business.roovi.com\/ro\/magazin\/"},{"@type":"ListItem","position":3,"name":"Puzzle adul\u021bi 1000 piese Cartoon Collection &#8211; Niagara Falls"}]},{"@type":"WebSite","@id":"https:\/\/business.roovi.com\/ro\/#website","url":"https:\/\/business.roovi.com\/ro\/","name":"Roovi B2B","description":"Roovi Business Website","potentialAction":[{"@type":"SearchAction","target":{"@type":"EntryPoint","urlTemplate":"https:\/\/business.roovi.com\/ro\/?s={search_term_string}"},"query-input":"required name=search_term_string"}],"inLanguage":"ro-RO"}]}},"_links":{"self":[{"href":"https:\/\/business.roovi.com\/ro\/wp-json\/wp\/v2\/product\/19872","targetHints":{"allow":["GET"]}}],"collection":[{"href":"https:\/\/business.roovi.com\/ro\/wp-json\/wp\/v2\/product"}],"about":[{"href":"https:\/\/business.roovi.com\/ro\/wp-json\/wp\/v2\/types\/product"}],"version-history":[{"count":0,"href":"https:\/\/business.roovi.com\/ro\/wp-json\/wp\/v2\/product\/19872\/revisions"}],"wp:featuredmedia":[{"embeddable":true,"href":"https:\/\/business.roovi.com\/ro\/wp-json\/wp\/v2\/media\/9819"}],"wp:attachment":[{"href":"https:\/\/business.roovi.com\/ro\/wp-json\/wp\/v2\/media?parent=19872"}],"wp:term":[{"taxonomy":"product_brand","embeddable":true,"href":"https:\/\/business.roovi.com\/ro\/wp-json\/wp\/v2\/product_brand?post=19872"},{"taxonomy":"product_cat","embeddable":true,"href":"https:\/\/business.roovi.com\/ro\/wp-json\/wp\/v2\/product_cat?post=19872"},{"taxonomy":"product_tag","embeddable":true,"href":"https:\/\/business.roovi.com\/ro\/wp-json\/wp\/v2\/product_tag?post=19872"}],"curies":[{"name":"wp","href":"https:\/\/api.w.org\/{rel}","templated":true}]}}