{"id":19901,"date":"2020-04-22T11:44:28","date_gmt":"2020-04-22T11:44:28","guid":{"rendered":"https:\/\/business.roovi.com\/product\/puzzle-pieter-breughel-the-elder-the-numbering-at-bethlehem-1000-piese\/"},"modified":"2023-03-20T21:30:36","modified_gmt":"2023-03-20T21:30:36","slug":"puzzle-adulti-1000-piese-pieter-bruegel-cel-batran-the-numbering-at-bethlehem","status":"publish","type":"product","link":"https:\/\/business.roovi.com\/ro\/puzzle-adulti-1000-piese-pieter-bruegel-cel-batran-the-numbering-at-bethlehem\/p\/","title":{"rendered":"Puzzle adul\u021bi 1000 piese Pieter Bruegel cel B\u0103tr\u00e2n &#8211; The Numbering at Bethlehem"},"content":{"rendered":"<p><span style=\"font-weight: 400; font-size: 14px;\">E\u0219ti preg\u0103tit pentru marea asamblare? Cump\u0103r\u0103 puzzle-uri de 1000 piese din gama noastr\u0103 de puzzle-uri de art\u0103 \u0219i creeaz\u0103-\u021bi propria colec\u021bie de tablouri de art\u0103!<\/span><\/p>\n<p><span style=\"font-weight: 400; font-size: 14px;\">Cum ar fi s\u0103 refaci \u00eentr-un tablou din puzzle 1000 piese imaginea cu cea mai grea iarn\u0103 din Europa, de la 1565? Cu puzzle 1000 piese Pieter Bruegel the Elder &#8211; The Numbering at Bethlehem ai aceast\u0103 oportunitate.\u00a0<\/span><\/p>\n<p><span style=\"font-weight: 400; font-size: 14px;\">Pictorul flamand a fost primul care s-a g\u00e2ndit s\u0103 imortalizeze pe o p\u00e2nz\u0103 un peisaj invernal. Noi ne-am g\u00e2ndit c\u0103 un puzzle cu aceast\u0103 imagine \u00eenc\u00e2nt\u0103 iubitorii de jocuri puzzle \u0219i de picturi de art\u0103. Te provoc\u0103m s\u0103 \u00ee\u021bi primul tablou de art\u0103 cu aceast\u0103 pictur\u0103 superb\u0103 din secolul al XVI-lea. Pentru suportul pieselor po\u021bi utiliza o m\u0103su\u021b\u0103 standard de cafea. Imaginea reconstituit\u0103 are dimensiunile de 50 x 70 cm.<\/span><\/p>\n<p><span style=\"font-weight: 400; font-size: 14px;\">Alte caracteristici ale puzzle-ului de art\u0103 Pieter Bruegel cel B\u0103tr\u00e2n &#8211; The Numbering at Bethlehem:<\/span><\/p>\n<p><span style=\"font-size: 14px;\"><strong>Material puzzle:\u00a0<\/strong><\/span><\/p>\n<p><span style=\"font-size: 14px;\"><strong>carton albastru de o calitate superioar\u0103<\/strong><\/span><\/p>\n<p><span style=\"font-size: 14px;\"><strong>materiale sustenabile, reciclabile<\/strong><\/span><\/p>\n<p><span style=\"font-size: 14px;\"><strong>finisaj semi-lucios, culori vii<\/strong><\/span><\/p>\n<p><span style=\"font-size: 14px;\"><strong>Num\u0103rul pieselor de puzzle: 1000<\/strong><\/span><\/p>\n<p><span style=\"font-size: 14px;\"><strong>V\u00e2rsta recomandat\u0103: 14+<\/strong><\/span><\/p>\n<p><span style=\"font-size: 14px;\"><strong>\u021ai se pare imposibil s\u0103 stai departe de ecrane? Cu puzzle 1000 piese imposibilul devine posibil!<\/strong><\/span><\/p>\n<p><span style=\"font-weight: 400; font-size: 14px;\">S\u0103 te deconectezi de la ecranele dispozitivelor smart este o sarcin\u0103 necesar\u0103 pentru s\u0103n\u0103tatea ta fizic\u0103 \u0219i mental\u0103. Jocurile puzzle te prind \u00een mrejele lor \u0219i odat\u0103 ce le descoperi, nu vei mai putea sta departe de ele. Pentru momentele de monotonie sau zilele de weekend \u00een care vremea rea te \u021bine \u00een cas\u0103, jocurile puzzle sunt cel mai bun aliat pentru a petrece timpul \u00een mod constructiv.<\/span><\/p>\n<p><span style=\"font-weight: 400; font-size: 14px;\">Puzzle-urile de 1000 piese au multe beneficii surprinz\u0103toare. Iat\u0103 c\u00e2teva dintre acestea:<\/span><\/p>\n<ul>\n<li><span style=\"font-weight: 400; font-size: 14px;\">\u00cembun\u0103t\u0103\u021birea memoriei pe termen scurt.<\/span><\/li>\n<li><span style=\"font-weight: 400; font-size: 14px;\">Cre\u0219terea capacit\u0103\u021bii de concentrare\u00a0<\/span><\/li>\n<li><span style=\"font-weight: 400; font-size: 14px;\">\u00cembun\u0103t\u0103\u021birea aten\u021biei la detalii.<\/span><\/li>\n<li><span style=\"font-weight: 400; font-size: 14px;\">Stimularea imagina\u021biei.<\/span><\/li>\n<li><span style=\"font-weight: 400; font-size: 14px;\">Gestionarea eficient\u0103 a situa\u021biilor stresante \u0219i a anxiet\u0103\u021bii.<\/span><\/li>\n<\/ul>\n<p><span style=\"font-size: 14px;\"><strong>Despre tabloul <\/strong><strong><em>The Numbering at Bethlehem <\/em><\/strong><strong>\u0219tiai c\u0103?<\/strong><\/span><\/p>\n<p><span style=\"font-weight: 400; font-size: 14px;\">Este considerat prima pictur\u0103 cu un peisaj cu z\u0103pad\u0103 din lume.<\/span><\/p>\n<p><span style=\"font-weight: 400; font-size: 14px;\">Pictorul trateaz\u0103 un subiect biblic ca pe un eveniment contemporan. \u00cen imagine se observ\u0103 Fecioara Maria \u00eens\u0103rcinat\u0103 care merge pe un m\u0103gar \u0219i este \u00eenso\u021bit\u0103 de Iosif.<\/span><\/p>\n<p><span style=\"font-weight: 400; font-size: 14px;\">Fiecare detaliu \u0219i fiecare grup reprezentat \u00een pictur\u0103 ar putea fi o oper\u0103 de art\u0103 separat\u0103. Mi\u0219c\u0103rile personajelor din tabloul sunt realizate cu o precizie fantastic\u0103.<\/span><\/p>\n<p><span style=\"font-weight: 400; font-size: 14px;\">Pieter Brueghel cel T\u00e2n\u0103r a realizat multe copii ale acestui tablou. Una dintre acestea s-a v\u00e2ndut \u00een anul 2013 cu 10 milioane de dolari.<\/span><\/p>\n<p><span style=\"font-weight: 400; font-size: 14px;\">Asambleaz\u0103 puzzle de art\u0103 zi de zi \u0219i te vei sim\u021bi:<\/span><\/p>\n<ul>\n<li><span style=\"font-size: 14px;\"><strong>Mai relaxat<\/strong><\/span><\/li>\n<li><span style=\"font-size: 14px;\"><strong>Mai pu\u021bin stresat<\/strong><\/span><\/li>\n<li><span style=\"font-size: 14px;\"><strong>Mai conectat cu tine \u00eensu\u021bi.<\/strong><\/span><\/li>\n<\/ul>\n<p><span style=\"font-size: 14px;\"><span style=\"font-weight: 400;\">Vrei s\u0103 admiri un tablou plin de armonie \u0219i echilibru al culorilor?<\/span> <span style=\"font-weight: 400;\">Cump\u0103r\u0103 acum puzzle 1000 piese<\/span><span style=\"font-weight: 400;\"> Pieter Bruegel cel B\u0103tr\u00e2n &#8211; The Numbering at Bethlehem<\/span><span style=\"font-weight: 400;\">, reconstituie imaginea \u0219i bucur\u0103-te de imaginea minunat\u0103 din acest joc puzzle.\u00a0<\/span><\/span><\/p>\n<p><span style=\"font-size: 14px;\"><span style=\"font-weight: 400;\">Puzzle de art\u0103 <\/span><span style=\"font-weight: 400;\">Pieter Bruegel cel B\u0103tr\u00e2n &#8211; The Numbering at Bethlehem<\/span><span style=\"font-weight: 400;\">\u00a0 poate fi un cadou deosebit dac\u0103 te g\u00e2nde\u0219ti s\u0103 surprinzi pl\u0103cut o persoana drag\u0103 \u00eentr-un moment aniversar.<\/span><\/span><\/p>\n","protected":false},"excerpt":{"rendered":"<p>E\u0219ti preg\u0103tit pentru marea asamblare? Cump\u0103r\u0103 puzzle-uri de 1000 piese din gama noastr\u0103 de puzzle-uri de art\u0103 \u0219i creeaz\u0103-\u021bi propria<\/p>\n","protected":false},"featured_media":63681,"template":"","meta":[],"product_brand":[],"product_cat":[1454,1488,1560],"product_tag":[],"class_list":{"0":"post-19901","1":"product","2":"type-product","3":"status-publish","4":"has-post-thumbnail","6":"product_cat-puzzle","7":"product_cat-puzzle-adulti","8":"product_cat-puzzle-adulti-1000","9":"pa_brand-deico","10":"pa_country_of_manufacture-ro","11":"pa_filter_age-1315","12":"pa_painter-pieterbreugeltheelder","13":"pa_tip_ambalaj-cutie","14":"pa_tip_puzzle-clasic","16":"first","17":"instock","18":"taxable","19":"shipping-taxable","20":"product-type-simple"},"yoast_head":"<!-- This site is optimized with the Yoast SEO plugin v20.1 - https:\/\/yoast.com\/wordpress\/plugins\/seo\/ -->\n<title>Puzzle adul\u021bi 1000 piese Pieter Bruegel cel B\u0103tr\u00e2n - The Numbering at Bethlehem - Roovi B2B<\/title>\n<meta name=\"robots\" content=\"index, follow, max-snippet:-1, max-image-preview:large, max-video-preview:-1\" \/>\n<link rel=\"canonical\" href=\"https:\/\/www.roovi.ro\/puzzle-adulti-1000-piese-pieter-bruegel-cel-batran-the-numbering-at-bethlehem\/p\/\" \/>\n<meta property=\"og:locale\" content=\"ro_RO\" \/>\n<meta property=\"og:type\" content=\"article\" \/>\n<meta property=\"og:title\" content=\"Puzzle adul\u021bi 1000 piese Pieter Bruegel cel B\u0103tr\u00e2n - The Numbering at Bethlehem - Roovi B2B\" \/>\n<meta property=\"og:description\" content=\"E\u0219ti preg\u0103tit pentru marea asamblare? Cump\u0103r\u0103 puzzle-uri de 1000 piese din gama noastr\u0103 de puzzle-uri de art\u0103 \u0219i creeaz\u0103-\u021bi propria\" \/>\n<meta property=\"og:url\" content=\"https:\/\/www.roovi.ro\/puzzle-adulti-1000-piese-pieter-bruegel-cel-batran-the-numbering-at-bethlehem\/p\/\" \/>\n<meta property=\"og:site_name\" content=\"Roovi B2B\" \/>\n<meta property=\"article:publisher\" content=\"https:\/\/www.facebook.com\/wwwjucariero\" \/>\n<meta property=\"article:modified_time\" content=\"2023-03-20T21:30:36+00:00\" \/>\n<meta property=\"og:image\" content=\"https:\/\/business.roovi.com\/wp-content\/uploads\/2020\/04\/76649-WEB.jpg\" \/>\n\t<meta property=\"og:image:width\" content=\"1200\" \/>\n\t<meta property=\"og:image:height\" content=\"1200\" \/>\n\t<meta property=\"og:image:type\" content=\"image\/jpeg\" \/>\n<meta name=\"twitter:label1\" content=\"Timp estimat pentru citire\" \/>\n\t<meta name=\"twitter:data1\" content=\"3 minute\" \/>\n<script type=\"application\/ld+json\" class=\"yoast-schema-graph\">{\"@context\":\"https:\/\/schema.org\",\"@graph\":[{\"@type\":\"WebPage\",\"@id\":\"https:\/\/business.roovi.com\/ro\/puzzle-adulti-1000-piese-pieter-bruegel-cel-batran-the-numbering-at-bethlehem\/p\/\",\"url\":\"https:\/\/www.roovi.ro\/puzzle-adulti-1000-piese-pieter-bruegel-cel-batran-the-numbering-at-bethlehem\/p\/\",\"name\":\"Puzzle adul\u021bi 1000 piese Pieter Bruegel cel B\u0103tr\u00e2n - The Numbering at Bethlehem - Roovi B2B\",\"isPartOf\":{\"@id\":\"https:\/\/business.roovi.com\/ro\/#website\"},\"datePublished\":\"2020-04-22T11:44:28+00:00\",\"dateModified\":\"2023-03-20T21:30:36+00:00\",\"breadcrumb\":{\"@id\":\"https:\/\/www.roovi.ro\/puzzle-adulti-1000-piese-pieter-bruegel-cel-batran-the-numbering-at-bethlehem\/p\/#breadcrumb\"},\"inLanguage\":\"ro-RO\",\"potentialAction\":[{\"@type\":\"ReadAction\",\"target\":[\"https:\/\/www.roovi.ro\/puzzle-adulti-1000-piese-pieter-bruegel-cel-batran-the-numbering-at-bethlehem\/p\/\"]}]},{\"@type\":\"BreadcrumbList\",\"@id\":\"https:\/\/www.roovi.ro\/puzzle-adulti-1000-piese-pieter-bruegel-cel-batran-the-numbering-at-bethlehem\/p\/#breadcrumb\",\"itemListElement\":[{\"@type\":\"ListItem\",\"position\":1,\"name\":\"Home\",\"item\":\"https:\/\/business.roovi.com\/ro\/\"},{\"@type\":\"ListItem\",\"position\":2,\"name\":\"Magazin\",\"item\":\"https:\/\/business.roovi.com\/ro\/magazin\/\"},{\"@type\":\"ListItem\",\"position\":3,\"name\":\"Puzzle adul\u021bi 1000 piese Pieter Bruegel cel B\u0103tr\u00e2n &#8211; The Numbering at Bethlehem\"}]},{\"@type\":\"WebSite\",\"@id\":\"https:\/\/business.roovi.com\/ro\/#website\",\"url\":\"https:\/\/business.roovi.com\/ro\/\",\"name\":\"Roovi B2B\",\"description\":\"Roovi Business Website\",\"potentialAction\":[{\"@type\":\"SearchAction\",\"target\":{\"@type\":\"EntryPoint\",\"urlTemplate\":\"https:\/\/business.roovi.com\/ro\/?s={search_term_string}\"},\"query-input\":\"required name=search_term_string\"}],\"inLanguage\":\"ro-RO\"}]}<\/script>\n<!-- \/ Yoast SEO plugin. -->","yoast_head_json":{"title":"Puzzle adul\u021bi 1000 piese Pieter Bruegel cel B\u0103tr\u00e2n - The Numbering at Bethlehem - Roovi B2B","robots":{"index":"index","follow":"follow","max-snippet":"max-snippet:-1","max-image-preview":"max-image-preview:large","max-video-preview":"max-video-preview:-1"},"canonical":"https:\/\/www.roovi.ro\/puzzle-adulti-1000-piese-pieter-bruegel-cel-batran-the-numbering-at-bethlehem\/p\/","og_locale":"ro_RO","og_type":"article","og_title":"Puzzle adul\u021bi 1000 piese Pieter Bruegel cel B\u0103tr\u00e2n - The Numbering at Bethlehem - Roovi B2B","og_description":"E\u0219ti preg\u0103tit pentru marea asamblare? Cump\u0103r\u0103 puzzle-uri de 1000 piese din gama noastr\u0103 de puzzle-uri de art\u0103 \u0219i creeaz\u0103-\u021bi propria","og_url":"https:\/\/www.roovi.ro\/puzzle-adulti-1000-piese-pieter-bruegel-cel-batran-the-numbering-at-bethlehem\/p\/","og_site_name":"Roovi B2B","article_publisher":"https:\/\/www.facebook.com\/wwwjucariero","article_modified_time":"2023-03-20T21:30:36+00:00","og_image":[{"width":1200,"height":1200,"url":"https:\/\/business.roovi.com\/wp-content\/uploads\/2020\/04\/76649-WEB.jpg","type":"image\/jpeg"}],"twitter_misc":{"Timp estimat pentru citire":"3 minute"},"schema":{"@context":"https:\/\/schema.org","@graph":[{"@type":"WebPage","@id":"https:\/\/business.roovi.com\/ro\/puzzle-adulti-1000-piese-pieter-bruegel-cel-batran-the-numbering-at-bethlehem\/p\/","url":"https:\/\/www.roovi.ro\/puzzle-adulti-1000-piese-pieter-bruegel-cel-batran-the-numbering-at-bethlehem\/p\/","name":"Puzzle adul\u021bi 1000 piese Pieter Bruegel cel B\u0103tr\u00e2n - The Numbering at Bethlehem - Roovi B2B","isPartOf":{"@id":"https:\/\/business.roovi.com\/ro\/#website"},"datePublished":"2020-04-22T11:44:28+00:00","dateModified":"2023-03-20T21:30:36+00:00","breadcrumb":{"@id":"https:\/\/www.roovi.ro\/puzzle-adulti-1000-piese-pieter-bruegel-cel-batran-the-numbering-at-bethlehem\/p\/#breadcrumb"},"inLanguage":"ro-RO","potentialAction":[{"@type":"ReadAction","target":["https:\/\/www.roovi.ro\/puzzle-adulti-1000-piese-pieter-bruegel-cel-batran-the-numbering-at-bethlehem\/p\/"]}]},{"@type":"BreadcrumbList","@id":"https:\/\/www.roovi.ro\/puzzle-adulti-1000-piese-pieter-bruegel-cel-batran-the-numbering-at-bethlehem\/p\/#breadcrumb","itemListElement":[{"@type":"ListItem","position":1,"name":"Home","item":"https:\/\/business.roovi.com\/ro\/"},{"@type":"ListItem","position":2,"name":"Magazin","item":"https:\/\/business.roovi.com\/ro\/magazin\/"},{"@type":"ListItem","position":3,"name":"Puzzle adul\u021bi 1000 piese Pieter Bruegel cel B\u0103tr\u00e2n &#8211; The Numbering at Bethlehem"}]},{"@type":"WebSite","@id":"https:\/\/business.roovi.com\/ro\/#website","url":"https:\/\/business.roovi.com\/ro\/","name":"Roovi B2B","description":"Roovi Business Website","potentialAction":[{"@type":"SearchAction","target":{"@type":"EntryPoint","urlTemplate":"https:\/\/business.roovi.com\/ro\/?s={search_term_string}"},"query-input":"required name=search_term_string"}],"inLanguage":"ro-RO"}]}},"_links":{"self":[{"href":"https:\/\/business.roovi.com\/ro\/wp-json\/wp\/v2\/product\/19901","targetHints":{"allow":["GET"]}}],"collection":[{"href":"https:\/\/business.roovi.com\/ro\/wp-json\/wp\/v2\/product"}],"about":[{"href":"https:\/\/business.roovi.com\/ro\/wp-json\/wp\/v2\/types\/product"}],"version-history":[{"count":0,"href":"https:\/\/business.roovi.com\/ro\/wp-json\/wp\/v2\/product\/19901\/revisions"}],"wp:featuredmedia":[{"embeddable":true,"href":"https:\/\/business.roovi.com\/ro\/wp-json\/wp\/v2\/media\/63681"}],"wp:attachment":[{"href":"https:\/\/business.roovi.com\/ro\/wp-json\/wp\/v2\/media?parent=19901"}],"wp:term":[{"taxonomy":"product_brand","embeddable":true,"href":"https:\/\/business.roovi.com\/ro\/wp-json\/wp\/v2\/product_brand?post=19901"},{"taxonomy":"product_cat","embeddable":true,"href":"https:\/\/business.roovi.com\/ro\/wp-json\/wp\/v2\/product_cat?post=19901"},{"taxonomy":"product_tag","embeddable":true,"href":"https:\/\/business.roovi.com\/ro\/wp-json\/wp\/v2\/product_tag?post=19901"}],"curies":[{"name":"wp","href":"https:\/\/api.w.org\/{rel}","templated":true}]}}