{"id":19903,"date":"2020-04-22T12:15:41","date_gmt":"2020-04-22T12:15:41","guid":{"rendered":"https:\/\/business.roovi.com\/product\/puzzle-pieter-breughel-the-younger-christ-carrying-the-cross-1000-piese\/"},"modified":"2023-03-20T21:30:30","modified_gmt":"2023-03-20T21:30:30","slug":"puzzle-adulti-1000-piese-pieter-bruegel-cel-tanar-christ-carrying-the-cross","status":"publish","type":"product","link":"https:\/\/business.roovi.com\/ro\/puzzle-adulti-1000-piese-pieter-bruegel-cel-tanar-christ-carrying-the-cross\/p\/","title":{"rendered":"Puzzle adul\u021bi 1000 piese Pieter Bruegel cel T\u00e2n\u0103r &#8211; Christ Carrying the Cross"},"content":{"rendered":"<p><span style=\"font-weight: 400;\">Te fascineaz\u0103 arta \u0219i \u021bi-ai dori s\u0103 descoperi \u00een detaliu cele mai renumite picturi din lume? Alege puzzle 1000 piese din colec\u021bia puzzle de art\u0103, asambleaz\u0103 imaginile picturilor celebre \u0219i admir\u0103 \u00een tihn\u0103 chiar \u0219i cele mai fine urme ale pensulei arti\u0219tilor consacra\u021bi.<\/span><\/p>\n<p><span style=\"font-weight: 400;\">Puzzle 1000 piese Pieter Brueghel cel T\u00e2n\u0103r &#8211; Christ Carrying the Cross\/Hristos purt\u00e2nd crucea\u00a0<\/span><span style=\"font-weight: 400;\">red\u0103 imaginea picturii flamande care \u00eenf\u0103\u021bi\u0219eaz\u0103 o scen\u0103 biblic\u0103 plasat\u0103 \u00eentr-un ora\u0219 flamand de la\u00a0 sf\u00e2r\u0219itul Evului Mediu.\u00a0<\/span><\/p>\n<p><span style=\"font-weight: 400;\">Pieter Brueghel cel T\u00e2n\u0103r a creat de-a lungul carierei sale mai multe lucr\u0103ri cu subiecte biblice pe care le-a situat \u00een cadru contemporan lui. Acest puzzle 1000 piese este o provocare pentru pasiona\u021bii de jocuri puzzle prin multitudinea personajelor \u0219i a detaliilor peisagistice.\u00a0<\/span><\/p>\n<p><span style=\"font-weight: 400;\">Asambleaz\u0103 imaginea uimitoare \u0219i bucur\u0103-te de 30 de ore de relaxare \u0219i contemplare a unei lumi \u00eendep\u0103rtate, dar care treze\u0219te emo\u021bii \u0219i interes \u00een toate timpurile.\u00a0<\/span><span style=\"font-weight: 400;\">Pentru refacerea imaginii, po\u021bi utiliza o m\u0103su\u021b\u0103 obi\u0219nuit\u0103 de cafea. Tabloul final are dimensiunile de 40 x 70 cm \u0219i va ar\u0103ta minunat \u00eentr-o ram\u0103 potrivit\u0103.\u00a0<\/span><\/p>\n<p><span style=\"font-weight: 400;\">Alte caracteristici ale puzzle-ului de art\u0103 Pieter Brueghel cel T\u00e2n\u0103r &#8211; Christ Carrying the Cross\/Hristos purt\u00e2nd crucea:<\/span><\/p>\n<p><strong>Material puzzle:\u00a0<\/strong><\/p>\n<p><strong>carton albastru de o calitate superioar\u0103<\/strong><\/p>\n<p><strong>materiale sustenabile, reciclabile<\/strong><\/p>\n<p><strong>finisaj semi-lucios, culori vii<\/strong><\/p>\n<p><strong>Num\u0103rul pieselor de puzzle: 1000<\/strong><\/p>\n<p><strong>V\u00e2rsta recomandat\u0103: 14+<\/strong><\/p>\n<p><strong>Jocurile puzzle \u00ee\u021bi ofer\u0103 beneficii neb\u0103nuite<\/strong><\/p>\n<p><span style=\"font-weight: 400;\">Jocurile puzzle necesit\u0103 un nivel ridicat de concentrare, de g\u00e2ndire \u0219i de r\u0103bdare ceea ce \u00eenseamn\u0103 c\u0103 mintea \u00ee\u021bi este pus\u0103 la \u00eencercare. Iar pentru a te men\u021bine t\u00e2n\u0103r \u0219i s\u0103n\u0103tos, antrenarea min\u021bii este esen\u021bial\u0103.\u00a0<\/span><\/p>\n<p><span style=\"font-weight: 400;\">Pe m\u0103sur\u0103 ce pui pies\u0103 l\u00e2ng\u0103 pies\u0103 \u0219i construie\u0219ti imaginea, creierul elibereaz\u0103 dopamin\u0103, acea substan\u021b\u0103 uimitoare care \u00ee\u021bi afecteaz\u0103 \u00een mod pozitiv starea de spirit, memoria \u0219i motiva\u021bia.<\/span><\/p>\n<p><span style=\"font-weight: 400;\">Pe l\u00e2ng\u0103 acestea, te bucuri de multe alte avantaje precum:<\/span><\/p>\n<ul>\n<li><span style=\"font-weight: 400;\">Antrenarea memoriei pe termen scurt<\/span><\/li>\n<li><span style=\"font-weight: 400;\">Eliberarea stresului.<\/span><\/li>\n<li><span style=\"font-weight: 400;\">\u00cembun\u0103t\u0103\u021birea somnului.<\/span><\/li>\n<li><span style=\"font-weight: 400;\">\u00cembun\u0103t\u0103\u021birea aten\u021biei la detalii.<\/span><\/li>\n<li><span style=\"font-weight: 400;\">Antrenarea perseveren\u021bei.<\/span><\/li>\n<li><span style=\"font-weight: 400;\">\u00cembun\u0103t\u0103\u021birea abilit\u0103\u021bilor de rezolvare a problemelor.<\/span><\/li>\n<\/ul>\n<p><strong>Tu \u0219tii cine a fost Pieter Brueghel cel T\u00e2n\u0103r?<\/strong><\/p>\n<p><span style=\"font-weight: 400;\">Pictor flamand care s-a n\u0103scut \u00een secolul al XVI-lea \u0219i care a realizat lucr\u0103ri cu teme rustice, dar \u0219i religioase sau viziuni ale iadului.<\/span><\/p>\n<p><span style=\"font-weight: 400;\">A fost fiul lui <\/span><span style=\"font-weight: 400;\">Pieter Bruegel cel B\u0103tr\u00e2n \u0219i cea mai mare parte a carierei sale \u0219i-a petrecut-o realiz\u00e2nd copii ale picturilor tat\u0103lui s\u0103u.<\/span><\/p>\n<p><span style=\"font-weight: 400;\">Tat\u0103l s\u0103u a murit c\u00e2nd el avea doar 5 ani, iar profesorul s\u0103u de pictur\u0103 a fost bunica lui, miniaturista Maria Verhulst.<\/span><\/p>\n<p><span style=\"font-weight: 400;\">Datorit\u0103 pasiunii lui pentru pove\u0219tile biblice \u0219i scenele care descriu ororile Iadului \u0219i ale Judec\u0103\u021bii de Apoi, Brueghel a fost denumit &#8222;Brueghel al iadului&#8221;.<\/span><\/p>\n<p><span style=\"font-weight: 400;\">Pieter Brueghel cel T\u00e2n\u0103r s-a inspirat \u0219i din via\u021ba oamenilor obi\u0219nui\u021bi \u0219i a realizat p\u00e2nze deosebite care eviden\u021biaz\u0103 via\u021ba \u0219i obiceiurile caracteristice secolului al XVI-lea pe care altfel nu le-am fi cunoscut.<\/span><\/p>\n<p><strong>Puzzle 1000 piese Pieter Brueghel cel T\u00e2n\u0103r &#8211; Christ Carrying the Cross te conecteaz\u0103 cu cei dragi<\/strong><\/p>\n<p><span style=\"font-weight: 400;\">Alege acest uimitor puzzle de art\u0103 pentru a petrece timp de calitate \u00eempreun\u0103 cu familia sau cu prietenii. Puzzle de art\u0103 Pieter Brueghel cel T\u00e2n\u0103r &#8211; Christ Carrying the Cross poate fi pretextul ideal de a ini\u021bia o comunicare eficient\u0103 cu copiii t\u0103i adolescen\u021bi. Creeaz\u0103 o atmosfer\u0103 pl\u0103cut\u0103 \u0219i apropie-te de copiii t\u0103i. \u00cen plus, \u00eenv\u0103\u021ba\u021bi \u00eempreun\u0103 s\u0103 lucra\u021bi la un obiectiv comun \u0219i s\u0103 v\u0103 bucura\u021bi de succes atunci c\u00e2nd sarcina este dus\u0103 la bun sf\u00e2r\u0219it.<\/span><\/p>\n<p><span style=\"font-weight: 400;\">Cump\u0103r\u0103 puzzle 1000 piese Pieter Brueghel cel T\u00e2n\u0103r &#8211; Christ Carrying the Cross\/Hristos purt\u00e2nd crucea din colec\u021bia puzzle de art\u0103 \u0219i bucur\u0103-te de toate avantajele pe care \u021bi le ofer\u0103 un joc puzzle. Creeaz\u0103-\u021bi propria colec\u021bie de tablouri din puzzle de art\u0103 descoperind \u00een colec\u021bia noastr\u0103 toate puzzle-urile 1000 piese cu imagini din capodoperele dinastiei Bruegel.\u00a0<\/span><\/p>\n<p><span style=\"font-weight: 400;\">Ai prieteni pasiona\u021bi de jocuri puzzle sau picturi de art\u0103? Puzzle 1000 piese Pieter Brueghel cel T\u00e2n\u0103r &#8211; Christ Carrying the Cross\/Hristos purt\u00e2nd crucea este un cadou ideal pentru ace\u0219tia.<\/span><\/p>\n","protected":false},"excerpt":{"rendered":"<p>Te fascineaz\u0103 arta \u0219i \u021bi-ai dori s\u0103 descoperi \u00een detaliu cele mai renumite picturi din lume? Alege puzzle 1000 piese<\/p>\n","protected":false},"featured_media":9920,"template":"","meta":[],"product_brand":[],"product_cat":[1454,1488,1560],"product_tag":[],"class_list":{"0":"post-19903","1":"product","2":"type-product","3":"status-publish","4":"has-post-thumbnail","6":"product_cat-puzzle","7":"product_cat-puzzle-adulti","8":"product_cat-puzzle-adulti-1000","9":"pa_brand-deico","10":"pa_country_of_manufacture-ro","11":"pa_filter_age-1315","12":"pa_painter-pieterbreugheltheyounger","13":"pa_tip_ambalaj-cutie","14":"pa_tip_puzzle-clasic","16":"first","17":"instock","18":"taxable","19":"shipping-taxable","20":"product-type-simple"},"yoast_head":"<!-- This site is optimized with the Yoast SEO plugin v20.1 - https:\/\/yoast.com\/wordpress\/plugins\/seo\/ -->\n<title>Puzzle adul\u021bi 1000 piese Pieter Bruegel cel T\u00e2n\u0103r - Christ Carrying the Cross - Roovi B2B<\/title>\n<meta name=\"robots\" content=\"index, follow, max-snippet:-1, max-image-preview:large, max-video-preview:-1\" \/>\n<link rel=\"canonical\" href=\"https:\/\/www.roovi.ro\/puzzle-adulti-1000-piese-pieter-bruegel-cel-tanar-christ-carrying-the-cross\/p\/\" \/>\n<meta property=\"og:locale\" content=\"ro_RO\" \/>\n<meta property=\"og:type\" content=\"article\" \/>\n<meta property=\"og:title\" content=\"Puzzle adul\u021bi 1000 piese Pieter Bruegel cel T\u00e2n\u0103r - Christ Carrying the Cross - Roovi B2B\" \/>\n<meta property=\"og:description\" content=\"Te fascineaz\u0103 arta \u0219i \u021bi-ai dori s\u0103 descoperi \u00een detaliu cele mai renumite picturi din lume? Alege puzzle 1000 piese\" \/>\n<meta property=\"og:url\" content=\"https:\/\/www.roovi.ro\/puzzle-adulti-1000-piese-pieter-bruegel-cel-tanar-christ-carrying-the-cross\/p\/\" \/>\n<meta property=\"og:site_name\" content=\"Roovi B2B\" \/>\n<meta property=\"article:publisher\" content=\"https:\/\/www.facebook.com\/wwwjucariero\" \/>\n<meta property=\"article:modified_time\" content=\"2023-03-20T21:30:30+00:00\" \/>\n<meta property=\"og:image\" content=\"https:\/\/business.roovi.com\/wp-content\/uploads\/2020\/04\/breughel_the_younger-christ_carrying_the_cross_copy.jpg\" \/>\n\t<meta property=\"og:image:width\" content=\"1200\" \/>\n\t<meta property=\"og:image:height\" content=\"1200\" \/>\n\t<meta property=\"og:image:type\" content=\"image\/jpeg\" \/>\n<meta name=\"twitter:label1\" content=\"Timp estimat pentru citire\" \/>\n\t<meta name=\"twitter:data1\" content=\"4 minute\" \/>\n<script type=\"application\/ld+json\" class=\"yoast-schema-graph\">{\"@context\":\"https:\/\/schema.org\",\"@graph\":[{\"@type\":\"WebPage\",\"@id\":\"https:\/\/business.roovi.com\/ro\/puzzle-adulti-1000-piese-pieter-bruegel-cel-tanar-christ-carrying-the-cross\/p\/\",\"url\":\"https:\/\/www.roovi.ro\/puzzle-adulti-1000-piese-pieter-bruegel-cel-tanar-christ-carrying-the-cross\/p\/\",\"name\":\"Puzzle adul\u021bi 1000 piese Pieter Bruegel cel T\u00e2n\u0103r - Christ Carrying the Cross - Roovi B2B\",\"isPartOf\":{\"@id\":\"https:\/\/business.roovi.com\/ro\/#website\"},\"datePublished\":\"2020-04-22T12:15:41+00:00\",\"dateModified\":\"2023-03-20T21:30:30+00:00\",\"breadcrumb\":{\"@id\":\"https:\/\/www.roovi.ro\/puzzle-adulti-1000-piese-pieter-bruegel-cel-tanar-christ-carrying-the-cross\/p\/#breadcrumb\"},\"inLanguage\":\"ro-RO\",\"potentialAction\":[{\"@type\":\"ReadAction\",\"target\":[\"https:\/\/www.roovi.ro\/puzzle-adulti-1000-piese-pieter-bruegel-cel-tanar-christ-carrying-the-cross\/p\/\"]}]},{\"@type\":\"BreadcrumbList\",\"@id\":\"https:\/\/www.roovi.ro\/puzzle-adulti-1000-piese-pieter-bruegel-cel-tanar-christ-carrying-the-cross\/p\/#breadcrumb\",\"itemListElement\":[{\"@type\":\"ListItem\",\"position\":1,\"name\":\"Home\",\"item\":\"https:\/\/business.roovi.com\/ro\/\"},{\"@type\":\"ListItem\",\"position\":2,\"name\":\"Magazin\",\"item\":\"https:\/\/business.roovi.com\/ro\/magazin\/\"},{\"@type\":\"ListItem\",\"position\":3,\"name\":\"Puzzle adul\u021bi 1000 piese Pieter Bruegel cel T\u00e2n\u0103r &#8211; Christ Carrying the Cross\"}]},{\"@type\":\"WebSite\",\"@id\":\"https:\/\/business.roovi.com\/ro\/#website\",\"url\":\"https:\/\/business.roovi.com\/ro\/\",\"name\":\"Roovi B2B\",\"description\":\"Roovi Business Website\",\"potentialAction\":[{\"@type\":\"SearchAction\",\"target\":{\"@type\":\"EntryPoint\",\"urlTemplate\":\"https:\/\/business.roovi.com\/ro\/?s={search_term_string}\"},\"query-input\":\"required name=search_term_string\"}],\"inLanguage\":\"ro-RO\"}]}<\/script>\n<!-- \/ Yoast SEO plugin. -->","yoast_head_json":{"title":"Puzzle adul\u021bi 1000 piese Pieter Bruegel cel T\u00e2n\u0103r - Christ Carrying the Cross - Roovi B2B","robots":{"index":"index","follow":"follow","max-snippet":"max-snippet:-1","max-image-preview":"max-image-preview:large","max-video-preview":"max-video-preview:-1"},"canonical":"https:\/\/www.roovi.ro\/puzzle-adulti-1000-piese-pieter-bruegel-cel-tanar-christ-carrying-the-cross\/p\/","og_locale":"ro_RO","og_type":"article","og_title":"Puzzle adul\u021bi 1000 piese Pieter Bruegel cel T\u00e2n\u0103r - Christ Carrying the Cross - Roovi B2B","og_description":"Te fascineaz\u0103 arta \u0219i \u021bi-ai dori s\u0103 descoperi \u00een detaliu cele mai renumite picturi din lume? Alege puzzle 1000 piese","og_url":"https:\/\/www.roovi.ro\/puzzle-adulti-1000-piese-pieter-bruegel-cel-tanar-christ-carrying-the-cross\/p\/","og_site_name":"Roovi B2B","article_publisher":"https:\/\/www.facebook.com\/wwwjucariero","article_modified_time":"2023-03-20T21:30:30+00:00","og_image":[{"width":1200,"height":1200,"url":"https:\/\/business.roovi.com\/wp-content\/uploads\/2020\/04\/breughel_the_younger-christ_carrying_the_cross_copy.jpg","type":"image\/jpeg"}],"twitter_misc":{"Timp estimat pentru citire":"4 minute"},"schema":{"@context":"https:\/\/schema.org","@graph":[{"@type":"WebPage","@id":"https:\/\/business.roovi.com\/ro\/puzzle-adulti-1000-piese-pieter-bruegel-cel-tanar-christ-carrying-the-cross\/p\/","url":"https:\/\/www.roovi.ro\/puzzle-adulti-1000-piese-pieter-bruegel-cel-tanar-christ-carrying-the-cross\/p\/","name":"Puzzle adul\u021bi 1000 piese Pieter Bruegel cel T\u00e2n\u0103r - Christ Carrying the Cross - Roovi B2B","isPartOf":{"@id":"https:\/\/business.roovi.com\/ro\/#website"},"datePublished":"2020-04-22T12:15:41+00:00","dateModified":"2023-03-20T21:30:30+00:00","breadcrumb":{"@id":"https:\/\/www.roovi.ro\/puzzle-adulti-1000-piese-pieter-bruegel-cel-tanar-christ-carrying-the-cross\/p\/#breadcrumb"},"inLanguage":"ro-RO","potentialAction":[{"@type":"ReadAction","target":["https:\/\/www.roovi.ro\/puzzle-adulti-1000-piese-pieter-bruegel-cel-tanar-christ-carrying-the-cross\/p\/"]}]},{"@type":"BreadcrumbList","@id":"https:\/\/www.roovi.ro\/puzzle-adulti-1000-piese-pieter-bruegel-cel-tanar-christ-carrying-the-cross\/p\/#breadcrumb","itemListElement":[{"@type":"ListItem","position":1,"name":"Home","item":"https:\/\/business.roovi.com\/ro\/"},{"@type":"ListItem","position":2,"name":"Magazin","item":"https:\/\/business.roovi.com\/ro\/magazin\/"},{"@type":"ListItem","position":3,"name":"Puzzle adul\u021bi 1000 piese Pieter Bruegel cel T\u00e2n\u0103r &#8211; Christ Carrying the Cross"}]},{"@type":"WebSite","@id":"https:\/\/business.roovi.com\/ro\/#website","url":"https:\/\/business.roovi.com\/ro\/","name":"Roovi B2B","description":"Roovi Business Website","potentialAction":[{"@type":"SearchAction","target":{"@type":"EntryPoint","urlTemplate":"https:\/\/business.roovi.com\/ro\/?s={search_term_string}"},"query-input":"required name=search_term_string"}],"inLanguage":"ro-RO"}]}},"_links":{"self":[{"href":"https:\/\/business.roovi.com\/ro\/wp-json\/wp\/v2\/product\/19903","targetHints":{"allow":["GET"]}}],"collection":[{"href":"https:\/\/business.roovi.com\/ro\/wp-json\/wp\/v2\/product"}],"about":[{"href":"https:\/\/business.roovi.com\/ro\/wp-json\/wp\/v2\/types\/product"}],"version-history":[{"count":0,"href":"https:\/\/business.roovi.com\/ro\/wp-json\/wp\/v2\/product\/19903\/revisions"}],"wp:featuredmedia":[{"embeddable":true,"href":"https:\/\/business.roovi.com\/ro\/wp-json\/wp\/v2\/media\/9920"}],"wp:attachment":[{"href":"https:\/\/business.roovi.com\/ro\/wp-json\/wp\/v2\/media?parent=19903"}],"wp:term":[{"taxonomy":"product_brand","embeddable":true,"href":"https:\/\/business.roovi.com\/ro\/wp-json\/wp\/v2\/product_brand?post=19903"},{"taxonomy":"product_cat","embeddable":true,"href":"https:\/\/business.roovi.com\/ro\/wp-json\/wp\/v2\/product_cat?post=19903"},{"taxonomy":"product_tag","embeddable":true,"href":"https:\/\/business.roovi.com\/ro\/wp-json\/wp\/v2\/product_tag?post=19903"}],"curies":[{"name":"wp","href":"https:\/\/api.w.org\/{rel}","templated":true}]}}