{"id":19905,"date":"2020-04-22T12:28:19","date_gmt":"2020-04-22T12:28:19","guid":{"rendered":"https:\/\/business.roovi.com\/product\/puzzle-giovanni-antonio-canal-bucentaur-s-return-to-the-pier-by-the-palazzo-ducale-1000-piese\/"},"modified":"2023-03-20T22:15:16","modified_gmt":"2023-03-20T22:15:16","slug":"puzzle-adulti-1000-piese-giovanni-antonio-canal-bucentaurs-return-to-the-pier-by-the-palazzo-ducale","status":"publish","type":"product","link":"https:\/\/business.roovi.com\/ro\/puzzle-adulti-1000-piese-giovanni-antonio-canal-bucentaurs-return-to-the-pier-by-the-palazzo-ducale\/p\/","title":{"rendered":"Puzzle adul\u021bi 1000 piese Giovanni Antonio Canal &#8211; Bucentaur&#8217;s Return to the Pier by the Palazzo Ducale"},"content":{"rendered":"<p><span style=\"font-weight: 400;\">Te fascineaz\u0103 operele de art\u0103 celebre \u0219i ai vrea s\u0103 p\u0103trunzi mai mult \u00een lumea plin\u0103 de mister a picturilor celebre? Cu cea mai mare gam\u0103 de puzzle de art\u0103 ai \u0219ansa s\u0103 admiri \u00eendeaproape chiar \u0219i cele mai fine tu\u0219e ale capodoperelor lumii.<\/span><\/p>\n<p><span style=\"font-weight: 400;\">Puzzle 1000 piese Giovanni Antonio Canal &#8211; Bucentaur&#8217;s Return to the Pier by the Palazzo Ducale \u00eenf\u0103\u021bi\u0219eaz\u0103 una dintre picturile reprezentative ale Vene\u021biei din secolul al XVIII-lea.<\/span><\/p>\n<p><span style=\"font-weight: 400;\">Tabloul prezint\u0103 o scen\u0103 cu una dintre cele mai importante s\u0103rb\u0103tori vene\u021biene. O imagine plin\u0103 de via\u021b\u0103, cu celebrele gondole care plutesc pe apele canalelor vene\u021biene \u0219i vasul de aur al Dogelui, Buccentoro, care se afl\u0103 pe chei te va delecta prin acest puzzle 1000 piese.<\/span><\/p>\n<p><span style=\"font-weight: 400;\">\u00cen mod simbolic, \u00een ziua \u00cen\u0103l\u021b\u0103rii, dogele vene\u021bian naviga la bordul fastuosului <\/span><span style=\"font-weight: 400;\">\u201d<\/span><span style=\"font-weight: 400;\">Bucentaur<\/span><span style=\"font-weight: 400;\">\u201d pentru a arunca \u00een apele m\u0103rii o verighet\u0103. Acest gest reprezenta unirea vene\u021bienilor cu marea \u0219i prosperitatea viitoare.<\/span><\/p>\n<p><span style=\"font-weight: 400;\">O imagine-simbol te va purta prin acest minunat puzzle de art\u0103 \u00een istoria \u00eendep\u0103rtat\u0103 a Vene\u021biei. A\u0219az\u0103-te confortabil \u0219i \u00eencepi lucrul la o m\u0103rea\u021b\u0103 oper\u0103 de art\u0103 din cariera ta de pasionat de jocuri puzzle. Pentru suportul pieselor, po\u021bi utiliza o m\u0103su\u021b\u0103 standard de cafea.<\/span><\/p>\n<p><span style=\"font-weight: 400;\">Caracteristici puzzle de art\u0103 Giovanni Antonio Canal &#8211; Bucentaur&#8217;s Return to the Pier by the Palazzo Ducale:<\/span><\/p>\n<p><strong>Dimensiune imagine ref\u0103cut\u0103: 50 x 70 cm<\/strong><\/p>\n<p><strong>Material puzzle:\u00a0<\/strong><\/p>\n<p><strong>carton albastru de o calitate superioar\u0103<\/strong><\/p>\n<p><strong>materiale sustenabile, reciclabile<\/strong><\/p>\n<p><strong>finisaj semi-lucios, culori vii<\/strong><\/p>\n<p><strong>Num\u0103rul pieselor de puzzle: 1000<\/strong><\/p>\n<p><strong>V\u00e2rsta recomandat\u0103: 14+<\/strong><\/p>\n<p><span style=\"font-weight: 400;\">\u00a0Acest uimitor puzzle de art\u0103 \u00ee\u021bi aduce multe beneficii care se reflect\u0103 \u00een mai multe aspecte din via\u021ba ta:<\/span><\/p>\n<p><span style=\"font-weight: 400;\">Te ajut\u0103 s\u0103 te relaxezi \u0219i s\u0103 te deta\u0219ezi de la problemele cotidiene.<\/span><\/p>\n<p><span style=\"font-weight: 400;\">\u00ce\u021bi men\u021bine creierul activ.<\/span><\/p>\n<p><span style=\"font-weight: 400;\">\u00ce\u021bi \u00eembun\u0103t\u0103\u021be\u0219te memoria pe termen scurt.<\/span><\/p>\n<p><span style=\"font-weight: 400;\">\u00ce\u021bi ofer\u0103 prilejul s\u0103 creezi imaginea unei opere de art\u0103 celebre \u0219i s\u0103 te bucuri de frumuse\u021bea acesteia \u00een intimitatea casei tale.<\/span><\/p>\n<p><span style=\"font-weight: 400;\">Poate fi un prilej pentru a te apropia de cei dragi \u0219i de a petrece timp \u00eempreun\u0103.<\/span><\/p>\n<p><span style=\"font-weight: 400;\">\u00ce\u021bi dezvolt\u0103 sim\u021bul artistic \u0219i creativitatea.<\/span><\/p>\n<p><strong>Despre <\/strong><strong>Giovanni Antonio Canal \u0219tiai c\u0103?<\/strong><\/p>\n<p><span style=\"font-weight: 400;\">A fost un pictor peisagist italian, cunoscut drept Canaletto.<\/span><\/p>\n<p><span style=\"font-weight: 400;\">Operele sale \u00eenf\u0103\u021bi\u0219eaz\u0103 \u00een special via\u021ba de zi cu zi din Vene\u021bia secolului al XVIII-lea.<\/span><\/p>\n<p><span style=\"font-weight: 400;\">A avut comenzi de la clien\u021bi importan\u021bi ai vremii sale precum: <\/span><span style=\"font-weight: 400;\">generalul Schulenberg, condotierul Vene\u021biei, ambasadorul Fran\u021bei sau Palatul Princiar.<\/span><\/p>\n<p><span style=\"font-weight: 400;\">Lucr\u0103rile sale erau dintre cele mai scumpe \u0219i mul\u021bi oameni influen\u021bi i-au cump\u0103rat picturile.<\/span><\/p>\n<p><span style=\"font-weight: 400;\">Cea mai scump\u0103 oper\u0103 a sa est<\/span><span style=\"font-weight: 400;\">e <\/span><em><span style=\"font-weight: 400;\">&#8222;View of the Grand Canal from Palazzo Balbi to the Rialto&#8221; <\/span><\/em><span style=\"font-weight: 400;\">\u0219i s-a v\u00e2ndut \u00een 2005 cu 18,6 milioane de lire sterline.<\/span><\/p>\n<p><strong>Puzzle-urile de art\u0103 &#8211; ocazie unic\u0103 de a cunoa\u0219te lumea picturilor celebre<\/strong><\/p>\n<p><span style=\"font-weight: 400;\">\u021ai-ai dorit mereu s\u0103 cuno\u0219ti mai bine operele de art\u0103? Gama noastr\u0103 de puzzle-uri de art\u0103 \u00ee\u021bi ofer\u0103 aceast\u0103 oportunitate. Puzzle 1000 piese <\/span><span style=\"font-weight: 400;\">Canaletto &#8211; <\/span><span style=\"font-weight: 400;\">Bucentaur&#8217;s Return to the Pier by the Palazzo Ducale poate fi prima oper\u0103 de art\u0103 creat\u0103 de tine \u00eensu\u021bi.<\/span><\/p>\n<p><span style=\"font-weight: 400;\">Detaliile fascinante din acest puzzle de art\u0103 te vor purta \u00eenapoi \u00een timp \u0219i \u00ee\u021bi vor dezv\u0103lui frumuse\u021bea \u0219i m\u0103re\u021bia Vene\u021biei de secol XVIII.<\/span><\/p>\n<p><span style=\"font-weight: 400;\">Celebreaz\u0103-\u021bi munca depus\u0103 pun\u00e2nd \u00een ram\u0103 tabloul din puzzle 1000 piese. \u00ce\u021bi vei \u00eenfrumuse\u021ba locuin\u021ba cu un obiect decorativ deosebit.<\/span><\/p>\n<p><span style=\"font-weight: 400;\">Vrei s\u0103 le oferi celor dragi un cadou special? Puzzle 1000 piese <\/span><span style=\"font-weight: 400;\">Canaletto &#8211; <\/span><span style=\"font-weight: 400;\">Bucentaur&#8217;s Return to the Pier by the Palazzo Ducale este alegerea perfect\u0103.<\/span><\/p>\n","protected":false},"excerpt":{"rendered":"<p>Te fascineaz\u0103 operele de art\u0103 celebre \u0219i ai vrea s\u0103 p\u0103trunzi mai mult \u00een lumea plin\u0103 de mister a picturilor<\/p>\n","protected":false},"featured_media":64157,"template":"","meta":[],"product_brand":[],"product_cat":[1454,1488,1560],"product_tag":[],"class_list":{"0":"post-19905","1":"product","2":"type-product","3":"status-publish","4":"has-post-thumbnail","6":"product_cat-puzzle","7":"product_cat-puzzle-adulti","8":"product_cat-puzzle-adulti-1000","9":"pa_brand-deico","10":"pa_country_of_manufacture-ro","11":"pa_filter_age-1315","12":"pa_tip_ambalaj-cutie","13":"pa_tip_puzzle-clasic","15":"first","16":"instock","17":"taxable","18":"shipping-taxable","19":"product-type-simple"},"yoast_head":"<!-- This site is optimized with the Yoast SEO plugin v20.1 - https:\/\/yoast.com\/wordpress\/plugins\/seo\/ -->\n<title>Puzzle adul\u021bi 1000 piese Giovanni Antonio Canal - Bucentaur&#039;s Return to the Pier by the Palazzo Ducale - Roovi B2B<\/title>\n<meta name=\"robots\" content=\"index, follow, max-snippet:-1, max-image-preview:large, max-video-preview:-1\" \/>\n<link rel=\"canonical\" href=\"https:\/\/www.roovi.ro\/puzzle-adulti-1000-piese-giovanni-antonio-canal-bucentaurs-return-to-the-pier-by-the-palazzo-ducale\/p\/\" \/>\n<meta property=\"og:locale\" content=\"ro_RO\" \/>\n<meta property=\"og:type\" content=\"article\" \/>\n<meta property=\"og:title\" content=\"Puzzle adul\u021bi 1000 piese Giovanni Antonio Canal - Bucentaur&#039;s Return to the Pier by the Palazzo Ducale - Roovi B2B\" \/>\n<meta property=\"og:description\" content=\"Te fascineaz\u0103 operele de art\u0103 celebre \u0219i ai vrea s\u0103 p\u0103trunzi mai mult \u00een lumea plin\u0103 de mister a picturilor\" \/>\n<meta property=\"og:url\" content=\"https:\/\/www.roovi.ro\/puzzle-adulti-1000-piese-giovanni-antonio-canal-bucentaurs-return-to-the-pier-by-the-palazzo-ducale\/p\/\" \/>\n<meta property=\"og:site_name\" content=\"Roovi B2B\" \/>\n<meta property=\"article:publisher\" content=\"https:\/\/www.facebook.com\/wwwjucariero\" \/>\n<meta property=\"article:modified_time\" content=\"2023-03-20T22:15:16+00:00\" \/>\n<meta property=\"og:image\" content=\"https:\/\/business.roovi.com\/wp-content\/uploads\/2020\/04\/76687-WEB.jpg\" \/>\n\t<meta property=\"og:image:width\" content=\"1200\" \/>\n\t<meta property=\"og:image:height\" content=\"1200\" \/>\n\t<meta property=\"og:image:type\" content=\"image\/jpeg\" \/>\n<meta name=\"twitter:label1\" content=\"Timp estimat pentru citire\" \/>\n\t<meta name=\"twitter:data1\" content=\"3 minute\" \/>\n<script type=\"application\/ld+json\" class=\"yoast-schema-graph\">{\"@context\":\"https:\/\/schema.org\",\"@graph\":[{\"@type\":\"WebPage\",\"@id\":\"https:\/\/business.roovi.com\/ro\/puzzle-adulti-1000-piese-giovanni-antonio-canal-bucentaurs-return-to-the-pier-by-the-palazzo-ducale\/p\/\",\"url\":\"https:\/\/www.roovi.ro\/puzzle-adulti-1000-piese-giovanni-antonio-canal-bucentaurs-return-to-the-pier-by-the-palazzo-ducale\/p\/\",\"name\":\"Puzzle adul\u021bi 1000 piese Giovanni Antonio Canal - Bucentaur's Return to the Pier by the Palazzo Ducale - Roovi B2B\",\"isPartOf\":{\"@id\":\"https:\/\/business.roovi.com\/ro\/#website\"},\"datePublished\":\"2020-04-22T12:28:19+00:00\",\"dateModified\":\"2023-03-20T22:15:16+00:00\",\"breadcrumb\":{\"@id\":\"https:\/\/www.roovi.ro\/puzzle-adulti-1000-piese-giovanni-antonio-canal-bucentaurs-return-to-the-pier-by-the-palazzo-ducale\/p\/#breadcrumb\"},\"inLanguage\":\"ro-RO\",\"potentialAction\":[{\"@type\":\"ReadAction\",\"target\":[\"https:\/\/www.roovi.ro\/puzzle-adulti-1000-piese-giovanni-antonio-canal-bucentaurs-return-to-the-pier-by-the-palazzo-ducale\/p\/\"]}]},{\"@type\":\"BreadcrumbList\",\"@id\":\"https:\/\/www.roovi.ro\/puzzle-adulti-1000-piese-giovanni-antonio-canal-bucentaurs-return-to-the-pier-by-the-palazzo-ducale\/p\/#breadcrumb\",\"itemListElement\":[{\"@type\":\"ListItem\",\"position\":1,\"name\":\"Home\",\"item\":\"https:\/\/business.roovi.com\/ro\/\"},{\"@type\":\"ListItem\",\"position\":2,\"name\":\"Magazin\",\"item\":\"https:\/\/business.roovi.com\/ro\/magazin\/\"},{\"@type\":\"ListItem\",\"position\":3,\"name\":\"Puzzle adul\u021bi 1000 piese Giovanni Antonio Canal &#8211; Bucentaur&#8217;s Return to the Pier by the Palazzo Ducale\"}]},{\"@type\":\"WebSite\",\"@id\":\"https:\/\/business.roovi.com\/ro\/#website\",\"url\":\"https:\/\/business.roovi.com\/ro\/\",\"name\":\"Roovi B2B\",\"description\":\"Roovi Business Website\",\"potentialAction\":[{\"@type\":\"SearchAction\",\"target\":{\"@type\":\"EntryPoint\",\"urlTemplate\":\"https:\/\/business.roovi.com\/ro\/?s={search_term_string}\"},\"query-input\":\"required name=search_term_string\"}],\"inLanguage\":\"ro-RO\"}]}<\/script>\n<!-- \/ Yoast SEO plugin. -->","yoast_head_json":{"title":"Puzzle adul\u021bi 1000 piese Giovanni Antonio Canal - Bucentaur's Return to the Pier by the Palazzo Ducale - Roovi B2B","robots":{"index":"index","follow":"follow","max-snippet":"max-snippet:-1","max-image-preview":"max-image-preview:large","max-video-preview":"max-video-preview:-1"},"canonical":"https:\/\/www.roovi.ro\/puzzle-adulti-1000-piese-giovanni-antonio-canal-bucentaurs-return-to-the-pier-by-the-palazzo-ducale\/p\/","og_locale":"ro_RO","og_type":"article","og_title":"Puzzle adul\u021bi 1000 piese Giovanni Antonio Canal - Bucentaur's Return to the Pier by the Palazzo Ducale - Roovi B2B","og_description":"Te fascineaz\u0103 operele de art\u0103 celebre \u0219i ai vrea s\u0103 p\u0103trunzi mai mult \u00een lumea plin\u0103 de mister a picturilor","og_url":"https:\/\/www.roovi.ro\/puzzle-adulti-1000-piese-giovanni-antonio-canal-bucentaurs-return-to-the-pier-by-the-palazzo-ducale\/p\/","og_site_name":"Roovi B2B","article_publisher":"https:\/\/www.facebook.com\/wwwjucariero","article_modified_time":"2023-03-20T22:15:16+00:00","og_image":[{"width":1200,"height":1200,"url":"https:\/\/business.roovi.com\/wp-content\/uploads\/2020\/04\/76687-WEB.jpg","type":"image\/jpeg"}],"twitter_misc":{"Timp estimat pentru citire":"3 minute"},"schema":{"@context":"https:\/\/schema.org","@graph":[{"@type":"WebPage","@id":"https:\/\/business.roovi.com\/ro\/puzzle-adulti-1000-piese-giovanni-antonio-canal-bucentaurs-return-to-the-pier-by-the-palazzo-ducale\/p\/","url":"https:\/\/www.roovi.ro\/puzzle-adulti-1000-piese-giovanni-antonio-canal-bucentaurs-return-to-the-pier-by-the-palazzo-ducale\/p\/","name":"Puzzle adul\u021bi 1000 piese Giovanni Antonio Canal - Bucentaur's Return to the Pier by the Palazzo Ducale - Roovi B2B","isPartOf":{"@id":"https:\/\/business.roovi.com\/ro\/#website"},"datePublished":"2020-04-22T12:28:19+00:00","dateModified":"2023-03-20T22:15:16+00:00","breadcrumb":{"@id":"https:\/\/www.roovi.ro\/puzzle-adulti-1000-piese-giovanni-antonio-canal-bucentaurs-return-to-the-pier-by-the-palazzo-ducale\/p\/#breadcrumb"},"inLanguage":"ro-RO","potentialAction":[{"@type":"ReadAction","target":["https:\/\/www.roovi.ro\/puzzle-adulti-1000-piese-giovanni-antonio-canal-bucentaurs-return-to-the-pier-by-the-palazzo-ducale\/p\/"]}]},{"@type":"BreadcrumbList","@id":"https:\/\/www.roovi.ro\/puzzle-adulti-1000-piese-giovanni-antonio-canal-bucentaurs-return-to-the-pier-by-the-palazzo-ducale\/p\/#breadcrumb","itemListElement":[{"@type":"ListItem","position":1,"name":"Home","item":"https:\/\/business.roovi.com\/ro\/"},{"@type":"ListItem","position":2,"name":"Magazin","item":"https:\/\/business.roovi.com\/ro\/magazin\/"},{"@type":"ListItem","position":3,"name":"Puzzle adul\u021bi 1000 piese Giovanni Antonio Canal &#8211; Bucentaur&#8217;s Return to the Pier by the Palazzo Ducale"}]},{"@type":"WebSite","@id":"https:\/\/business.roovi.com\/ro\/#website","url":"https:\/\/business.roovi.com\/ro\/","name":"Roovi B2B","description":"Roovi Business Website","potentialAction":[{"@type":"SearchAction","target":{"@type":"EntryPoint","urlTemplate":"https:\/\/business.roovi.com\/ro\/?s={search_term_string}"},"query-input":"required name=search_term_string"}],"inLanguage":"ro-RO"}]}},"_links":{"self":[{"href":"https:\/\/business.roovi.com\/ro\/wp-json\/wp\/v2\/product\/19905","targetHints":{"allow":["GET"]}}],"collection":[{"href":"https:\/\/business.roovi.com\/ro\/wp-json\/wp\/v2\/product"}],"about":[{"href":"https:\/\/business.roovi.com\/ro\/wp-json\/wp\/v2\/types\/product"}],"version-history":[{"count":0,"href":"https:\/\/business.roovi.com\/ro\/wp-json\/wp\/v2\/product\/19905\/revisions"}],"wp:featuredmedia":[{"embeddable":true,"href":"https:\/\/business.roovi.com\/ro\/wp-json\/wp\/v2\/media\/64157"}],"wp:attachment":[{"href":"https:\/\/business.roovi.com\/ro\/wp-json\/wp\/v2\/media?parent=19905"}],"wp:term":[{"taxonomy":"product_brand","embeddable":true,"href":"https:\/\/business.roovi.com\/ro\/wp-json\/wp\/v2\/product_brand?post=19905"},{"taxonomy":"product_cat","embeddable":true,"href":"https:\/\/business.roovi.com\/ro\/wp-json\/wp\/v2\/product_cat?post=19905"},{"taxonomy":"product_tag","embeddable":true,"href":"https:\/\/business.roovi.com\/ro\/wp-json\/wp\/v2\/product_tag?post=19905"}],"curies":[{"name":"wp","href":"https:\/\/api.w.org\/{rel}","templated":true}]}}