{"id":19906,"date":"2020-04-22T12:54:08","date_gmt":"2020-04-22T12:54:08","guid":{"rendered":"https:\/\/business.roovi.com\/product\/puzzle-jasper-francis-cropsey-starrucca-viaduct-pennsylvania-1000-piese\/"},"modified":"2023-03-20T22:15:14","modified_gmt":"2023-03-20T22:15:14","slug":"puzzle-adulti-1000-piese-jasper-francis-cropsey-starrucca-viaduct-pennsylvania","status":"publish","type":"product","link":"https:\/\/business.roovi.com\/ro\/puzzle-adulti-1000-piese-jasper-francis-cropsey-starrucca-viaduct-pennsylvania\/p\/","title":{"rendered":"Puzzle adul\u021bi 1000 piese Jasper Francis Cropsey &#8211; Starrucca Viaduct, Pennsylvania"},"content":{"rendered":"<p><span style=\"font-weight: 400;\">Te sim\u021bi inspirat \u0219i gata de o nou\u0103 provocare? Am creat cea mai mare gam\u0103 de puzzle-uri de art\u0103 cu imagini ale celor mai faimoase picturi din lume. Asambleaz\u0103 imaginile \u0219i celebreaz\u0103-\u021bi munca depus\u0103 pun\u00e2nd \u00een ram\u0103 fiecare tablou ref\u0103cut.<\/span><\/p>\n<p><span style=\"font-weight: 400;\">Unii arti\u0219ti au redat \u00een p\u00e2nzele lor viziuni idealiste asupra rela\u021biei omului cu natura. Francis Cropsey este unul dintre ace\u0219tia. Puzzle 1000 piese Starrucca Viaduct, Pennsylvania red\u0103 imaginea tabloului omonim care celebreaz\u0103 frumuse\u021bea natural\u0103 a Americii.\u00a0<\/span><\/p>\n<p><span style=\"font-weight: 400;\">\u00cen puzzle de art\u0103 Jasper Francis Cropsey &#8211; Starrucca Viaduct, Pennsylvania un tren \u0219i doi oameni se integreaz\u0103 perfect \u00een peisajul natural. Artistul pare s\u0103 sugereze ideea c\u0103 progresul umanit\u0103\u021bii nu perturb\u0103 armonia naturii.\u00a0<\/span><\/p>\n<p><span style=\"font-weight: 400;\">Dac\u0103 vrei s\u0103 descoperi \u0219i alte simboluri din aceast\u0103 lucrare superb\u0103, alege s\u0103-\u021bi petreci timpul \u00een mod constructiv asambl\u00e2nd puzzle 1000 piese Jasper Francis Cropsey &#8211; Starrucca Viaduct, Pennsylvania. Ai nevoie doar de o m\u0103su\u021b\u0103 standard de cafea pentru suportul pieselor \u0219i de un strop de lini\u0219te.<\/span><\/p>\n<p><span style=\"font-weight: 400;\">Cite\u0219te mai jos mai multe informa\u021bii despre puzzle de art\u0103 Jasper Francis Cropsey &#8211; Starrucca Viaduct, Pennsylvania:<\/span><\/p>\n<p><strong>Material puzzle:\u00a0<\/strong><\/p>\n<p><strong>carton albastru de o calitate superioar\u0103<\/strong><\/p>\n<p><strong>materiale sustenabile, reciclabile<\/strong><\/p>\n<p><strong>finisaj semi-lucios, culori vii<\/strong><\/p>\n<p><strong>Num\u0103rul pieselor de puzzle: 1000<\/strong><\/p>\n<p><strong>V\u00e2rsta recomandat\u0103: 14+<\/strong><\/p>\n<p><span style=\"font-weight: 400;\">Puzzle-urile de art\u0103 \u00ee\u021bi ofer\u0103 beneficii uimitoare:<\/span><\/p>\n<p><span style=\"font-weight: 400;\">Te ajut\u0103 s\u0103 te relaxezi.<\/span><\/p>\n<p><span style=\"font-weight: 400;\">\u00ce\u021bi antreneaz\u0103 memoria \u0219i aten\u021bia la detalii.<\/span><\/p>\n<p><span style=\"font-weight: 400;\">\u00ce\u021bi dezvolt\u0103 sim\u021bul coloristic.<\/span><\/p>\n<p><span style=\"font-weight: 400;\">Te fac s\u0103 te sim\u021bi un detectiv adev\u0103rat care g\u0103se\u0219te piesele de puzzle potrivite \u0219i reface imaginea de art\u0103 prin for\u021bele proprii.<\/span><\/p>\n<p><span style=\"font-weight: 400;\">\u00ce\u021bi ofer\u0103 satisfac\u021bia de a crea cu m\u00e2inile tale un tablou de art\u0103 deosebit.<\/span><\/p>\n<p><span style=\"font-weight: 400;\">Sunt un prilej de a petrece timp de calitate al\u0103turi de cei dragi.<\/span><\/p>\n<p><strong>Despre Jasper Francis Cropsey \u0219tiai c\u0103?&#8230;<\/strong><\/p>\n<p><span style=\"font-weight: 400;\">A fost un pictor peisagist american care a tr\u0103it \u00een secolul al XIX-lea.<\/span><\/p>\n<p><span style=\"font-weight: 400;\">\u00cen picturile sale a pus accentul pe lini\u0219tea naturii \u0219i pe culorile \u00eenc\u00e2nt\u0103toare ale toamnei.<\/span><\/p>\n<p><span style=\"font-weight: 400;\">A studiat arhitectura \u0219i pasiunea lui pentru acest domeniu se observ\u0103 \u0219i \u00een picturile sale prin dispunerea \u0219i conturarea precis\u0103 a formelor.\u00a0<\/span><\/p>\n<p><span style=\"font-weight: 400;\">Crezul acestui artist era c\u0103 peisajele sunt forma cea mai \u00eenalt\u0103 de art\u0103 pentru c\u0103 redau natura &#8211; manifestarea direct\u0103 a divinit\u0103\u021bii.<\/span><\/p>\n<p><span style=\"font-weight: 400;\">Considera c\u0103 picturile sale redau \u0219i calit\u0103\u021bile naturale pure ale Americii.<\/span><\/p>\n<p><span style=\"font-weight: 400;\">A murit \u00een anonimat, iar picturile lui au fost redescoperite de iubitorii de art\u0103 abia dup\u0103 1960.<\/span><\/p>\n<p><span style=\"font-weight: 400;\">C\u00e2teva lucr\u0103ri ale sale se p\u0103streaz\u0103 la Casa Alb\u0103.\u00a0<\/span><\/p>\n<p><strong>Puzzle 1000 piese te ajut\u0103 s\u0103 scapi de insomnii<\/strong><\/p>\n<p><span style=\"font-weight: 400;\">Scap\u0103 de stres \u00eenainte de culcare asambl\u00e2nd imagini pline de culoare \u0219i vibra\u021bii pozitive din puzzle 1000 piese. Odat\u0103 ce intri \u00een povestea tabloului care se deschide \u00een fa\u021ba ta, grijile \u0219i g\u00e2ndurile negative dispar ca prin farmec.\u00a0<\/span><\/p>\n<p><span style=\"font-weight: 400;\">Mintea \u0219i corpul t\u0103u se relaxeaz\u0103 \u0219i vei fi putea adormi u\u0219or. Somnul t\u0103u va fi mult mai profund\u00a0 \u0219i odihnitor dac\u0103 vei introduce \u00een rutina ta zilnic\u0103 activitatea de asamblare a jocurilor puzzle pentru cel pu\u021bin o jum\u0103tate de or\u0103.<\/span><\/p>\n<p><span style=\"font-weight: 400;\">Cump\u0103r\u0103 acum puzzle de art\u0103 Jasper Francis Cropsey &#8211; Starrucca Viaduct, Pennsylvania \u0219i ref\u0103 imaginea \u00een culorile calde ale toamnei \u00eempreun\u0103 cu familia sau cu prietenii. Petrece \u00eempreun\u0103 cu oamenii dragi \u021bie clipe de neuitat \u00een compania unui puzzle de art\u0103 de excep\u021bie.<\/span><\/p>\n<p><span style=\"font-weight: 400;\">Puzzle 1000 piese Jasper Francis Cropsey &#8211; Starrucca Viaduct, Pennsylvania din colec\u021bia puzzle de art\u0103 este cadoul ideal pentru iubitorii de jocuri puzzle sau de picturi celebre.<\/span><\/p>\n","protected":false},"excerpt":{"rendered":"<p>Te sim\u021bi inspirat \u0219i gata de o nou\u0103 provocare? Am creat cea mai mare gam\u0103 de puzzle-uri de art\u0103 cu<\/p>\n","protected":false},"featured_media":64163,"template":"","meta":[],"product_brand":[],"product_cat":[1454,1488,1560],"product_tag":[],"class_list":{"0":"post-19906","1":"product","2":"type-product","3":"status-publish","4":"has-post-thumbnail","6":"product_cat-puzzle","7":"product_cat-puzzle-adulti","8":"product_cat-puzzle-adulti-1000","9":"pa_brand-deico","10":"pa_country_of_manufacture-ro","11":"pa_filter_age-1315","12":"pa_tip_ambalaj-cutie","13":"pa_tip_puzzle-clasic","15":"first","16":"instock","17":"taxable","18":"shipping-taxable","19":"product-type-simple"},"yoast_head":"<!-- This site is optimized with the Yoast SEO plugin v20.1 - https:\/\/yoast.com\/wordpress\/plugins\/seo\/ -->\n<title>Puzzle adul\u021bi 1000 piese Jasper Francis Cropsey - Starrucca Viaduct, Pennsylvania - Roovi B2B<\/title>\n<meta name=\"robots\" content=\"index, follow, max-snippet:-1, max-image-preview:large, max-video-preview:-1\" \/>\n<link rel=\"canonical\" href=\"https:\/\/www.roovi.ro\/puzzle-adulti-1000-piese-jasper-francis-cropsey-starrucca-viaduct-pennsylvania\/p\/\" \/>\n<meta property=\"og:locale\" content=\"ro_RO\" \/>\n<meta property=\"og:type\" content=\"article\" \/>\n<meta property=\"og:title\" content=\"Puzzle adul\u021bi 1000 piese Jasper Francis Cropsey - Starrucca Viaduct, Pennsylvania - Roovi B2B\" \/>\n<meta property=\"og:description\" content=\"Te sim\u021bi inspirat \u0219i gata de o nou\u0103 provocare? Am creat cea mai mare gam\u0103 de puzzle-uri de art\u0103 cu\" \/>\n<meta property=\"og:url\" content=\"https:\/\/www.roovi.ro\/puzzle-adulti-1000-piese-jasper-francis-cropsey-starrucca-viaduct-pennsylvania\/p\/\" \/>\n<meta property=\"og:site_name\" content=\"Roovi B2B\" \/>\n<meta property=\"article:publisher\" content=\"https:\/\/www.facebook.com\/wwwjucariero\" \/>\n<meta property=\"article:modified_time\" content=\"2023-03-20T22:15:14+00:00\" \/>\n<meta property=\"og:image\" content=\"https:\/\/business.roovi.com\/wp-content\/uploads\/2020\/04\/76694-WEB.jpg\" \/>\n\t<meta property=\"og:image:width\" content=\"1200\" \/>\n\t<meta property=\"og:image:height\" content=\"1200\" \/>\n\t<meta property=\"og:image:type\" content=\"image\/jpeg\" \/>\n<meta name=\"twitter:label1\" content=\"Timp estimat pentru citire\" \/>\n\t<meta name=\"twitter:data1\" content=\"3 minute\" \/>\n<script type=\"application\/ld+json\" class=\"yoast-schema-graph\">{\"@context\":\"https:\/\/schema.org\",\"@graph\":[{\"@type\":\"WebPage\",\"@id\":\"https:\/\/business.roovi.com\/ro\/puzzle-adulti-1000-piese-jasper-francis-cropsey-starrucca-viaduct-pennsylvania\/p\/\",\"url\":\"https:\/\/www.roovi.ro\/puzzle-adulti-1000-piese-jasper-francis-cropsey-starrucca-viaduct-pennsylvania\/p\/\",\"name\":\"Puzzle adul\u021bi 1000 piese Jasper Francis Cropsey - Starrucca Viaduct, Pennsylvania - Roovi B2B\",\"isPartOf\":{\"@id\":\"https:\/\/business.roovi.com\/ro\/#website\"},\"datePublished\":\"2020-04-22T12:54:08+00:00\",\"dateModified\":\"2023-03-20T22:15:14+00:00\",\"breadcrumb\":{\"@id\":\"https:\/\/www.roovi.ro\/puzzle-adulti-1000-piese-jasper-francis-cropsey-starrucca-viaduct-pennsylvania\/p\/#breadcrumb\"},\"inLanguage\":\"ro-RO\",\"potentialAction\":[{\"@type\":\"ReadAction\",\"target\":[\"https:\/\/www.roovi.ro\/puzzle-adulti-1000-piese-jasper-francis-cropsey-starrucca-viaduct-pennsylvania\/p\/\"]}]},{\"@type\":\"BreadcrumbList\",\"@id\":\"https:\/\/www.roovi.ro\/puzzle-adulti-1000-piese-jasper-francis-cropsey-starrucca-viaduct-pennsylvania\/p\/#breadcrumb\",\"itemListElement\":[{\"@type\":\"ListItem\",\"position\":1,\"name\":\"Home\",\"item\":\"https:\/\/business.roovi.com\/ro\/\"},{\"@type\":\"ListItem\",\"position\":2,\"name\":\"Magazin\",\"item\":\"https:\/\/business.roovi.com\/ro\/magazin\/\"},{\"@type\":\"ListItem\",\"position\":3,\"name\":\"Puzzle adul\u021bi 1000 piese Jasper Francis Cropsey &#8211; Starrucca Viaduct, Pennsylvania\"}]},{\"@type\":\"WebSite\",\"@id\":\"https:\/\/business.roovi.com\/ro\/#website\",\"url\":\"https:\/\/business.roovi.com\/ro\/\",\"name\":\"Roovi B2B\",\"description\":\"Roovi Business Website\",\"potentialAction\":[{\"@type\":\"SearchAction\",\"target\":{\"@type\":\"EntryPoint\",\"urlTemplate\":\"https:\/\/business.roovi.com\/ro\/?s={search_term_string}\"},\"query-input\":\"required name=search_term_string\"}],\"inLanguage\":\"ro-RO\"}]}<\/script>\n<!-- \/ Yoast SEO plugin. -->","yoast_head_json":{"title":"Puzzle adul\u021bi 1000 piese Jasper Francis Cropsey - Starrucca Viaduct, Pennsylvania - Roovi B2B","robots":{"index":"index","follow":"follow","max-snippet":"max-snippet:-1","max-image-preview":"max-image-preview:large","max-video-preview":"max-video-preview:-1"},"canonical":"https:\/\/www.roovi.ro\/puzzle-adulti-1000-piese-jasper-francis-cropsey-starrucca-viaduct-pennsylvania\/p\/","og_locale":"ro_RO","og_type":"article","og_title":"Puzzle adul\u021bi 1000 piese Jasper Francis Cropsey - Starrucca Viaduct, Pennsylvania - Roovi B2B","og_description":"Te sim\u021bi inspirat \u0219i gata de o nou\u0103 provocare? Am creat cea mai mare gam\u0103 de puzzle-uri de art\u0103 cu","og_url":"https:\/\/www.roovi.ro\/puzzle-adulti-1000-piese-jasper-francis-cropsey-starrucca-viaduct-pennsylvania\/p\/","og_site_name":"Roovi B2B","article_publisher":"https:\/\/www.facebook.com\/wwwjucariero","article_modified_time":"2023-03-20T22:15:14+00:00","og_image":[{"width":1200,"height":1200,"url":"https:\/\/business.roovi.com\/wp-content\/uploads\/2020\/04\/76694-WEB.jpg","type":"image\/jpeg"}],"twitter_misc":{"Timp estimat pentru citire":"3 minute"},"schema":{"@context":"https:\/\/schema.org","@graph":[{"@type":"WebPage","@id":"https:\/\/business.roovi.com\/ro\/puzzle-adulti-1000-piese-jasper-francis-cropsey-starrucca-viaduct-pennsylvania\/p\/","url":"https:\/\/www.roovi.ro\/puzzle-adulti-1000-piese-jasper-francis-cropsey-starrucca-viaduct-pennsylvania\/p\/","name":"Puzzle adul\u021bi 1000 piese Jasper Francis Cropsey - Starrucca Viaduct, Pennsylvania - Roovi B2B","isPartOf":{"@id":"https:\/\/business.roovi.com\/ro\/#website"},"datePublished":"2020-04-22T12:54:08+00:00","dateModified":"2023-03-20T22:15:14+00:00","breadcrumb":{"@id":"https:\/\/www.roovi.ro\/puzzle-adulti-1000-piese-jasper-francis-cropsey-starrucca-viaduct-pennsylvania\/p\/#breadcrumb"},"inLanguage":"ro-RO","potentialAction":[{"@type":"ReadAction","target":["https:\/\/www.roovi.ro\/puzzle-adulti-1000-piese-jasper-francis-cropsey-starrucca-viaduct-pennsylvania\/p\/"]}]},{"@type":"BreadcrumbList","@id":"https:\/\/www.roovi.ro\/puzzle-adulti-1000-piese-jasper-francis-cropsey-starrucca-viaduct-pennsylvania\/p\/#breadcrumb","itemListElement":[{"@type":"ListItem","position":1,"name":"Home","item":"https:\/\/business.roovi.com\/ro\/"},{"@type":"ListItem","position":2,"name":"Magazin","item":"https:\/\/business.roovi.com\/ro\/magazin\/"},{"@type":"ListItem","position":3,"name":"Puzzle adul\u021bi 1000 piese Jasper Francis Cropsey &#8211; Starrucca Viaduct, Pennsylvania"}]},{"@type":"WebSite","@id":"https:\/\/business.roovi.com\/ro\/#website","url":"https:\/\/business.roovi.com\/ro\/","name":"Roovi B2B","description":"Roovi Business Website","potentialAction":[{"@type":"SearchAction","target":{"@type":"EntryPoint","urlTemplate":"https:\/\/business.roovi.com\/ro\/?s={search_term_string}"},"query-input":"required name=search_term_string"}],"inLanguage":"ro-RO"}]}},"_links":{"self":[{"href":"https:\/\/business.roovi.com\/ro\/wp-json\/wp\/v2\/product\/19906","targetHints":{"allow":["GET"]}}],"collection":[{"href":"https:\/\/business.roovi.com\/ro\/wp-json\/wp\/v2\/product"}],"about":[{"href":"https:\/\/business.roovi.com\/ro\/wp-json\/wp\/v2\/types\/product"}],"version-history":[{"count":0,"href":"https:\/\/business.roovi.com\/ro\/wp-json\/wp\/v2\/product\/19906\/revisions"}],"wp:featuredmedia":[{"embeddable":true,"href":"https:\/\/business.roovi.com\/ro\/wp-json\/wp\/v2\/media\/64163"}],"wp:attachment":[{"href":"https:\/\/business.roovi.com\/ro\/wp-json\/wp\/v2\/media?parent=19906"}],"wp:term":[{"taxonomy":"product_brand","embeddable":true,"href":"https:\/\/business.roovi.com\/ro\/wp-json\/wp\/v2\/product_brand?post=19906"},{"taxonomy":"product_cat","embeddable":true,"href":"https:\/\/business.roovi.com\/ro\/wp-json\/wp\/v2\/product_cat?post=19906"},{"taxonomy":"product_tag","embeddable":true,"href":"https:\/\/business.roovi.com\/ro\/wp-json\/wp\/v2\/product_tag?post=19906"}],"curies":[{"name":"wp","href":"https:\/\/api.w.org\/{rel}","templated":true}]}}