{"id":19907,"date":"2020-04-22T12:57:34","date_gmt":"2020-04-22T12:57:34","guid":{"rendered":"https:\/\/business.roovi.com\/product\/puzzle-dante-gabriel-rossetti-proserpine-1000-piese\/"},"modified":"2023-03-20T22:15:11","modified_gmt":"2023-03-20T22:15:11","slug":"puzzle-adulti-1000-piese-dante-gabriel-rossetti-proserpine","status":"publish","type":"product","link":"https:\/\/business.roovi.com\/ro\/puzzle-adulti-1000-piese-dante-gabriel-rossetti-proserpine\/p\/","title":{"rendered":"Puzzle adul\u021bi 1000 piese Dante Gabriel Rossetti &#8211; Proserpine"},"content":{"rendered":"<p><span style=\"font-weight: 400;\">Te-ai \u00eentrebat vreodat\u0103 cum au ajuns s\u0103 ia na\u0219tere marile picturi ale lumii? Puzzle-urile de art\u0103 cu imagini ale celor mai renumite lucr\u0103ri artistice te introduc \u00een lumea arti\u0219tilor celebri. Asambleaz\u0103 imagini din puzzle 1000 piese \u0219i descoper\u0103 detalii uimitoare ale celor mai renumite picturi din lume.\u00a0<\/span><\/p>\n<p><span style=\"font-weight: 400;\">Puzzle 1000 piese Dante Gabriel Rossetti &#8211; Proserpine ilustreaz\u0103 tabloul fascinant al zei\u021bei grece\u0219ti care tr\u0103ia sub p\u0103m\u00e2nt \u00een timpul iernii. Proserpina lui Rossetti este de o frumuse\u021be rafinat\u0103, asemenea modelului pentru care artistul a manifestat o iubire obsesiv\u0103: Jane Morris, so\u021bia lui<\/span><span style=\"font-weight: 400;\"> William Morris.<\/span><\/p>\n<p><span style=\"font-weight: 400;\">Dac\u0103 e\u0219ti un iubitor de art\u0103 sau \u00ee\u021bi plac puzzle-urile de 1000 piese care \u00ee\u021bi pun la \u00eencercare abilit\u0103\u021bile de asamblare, acest puzzle de art\u0103 te va cuceri prin simplitatea \u0219i rafinamentul cu care artistul \u0219i-a executat lucrarea. A\u0219adar, trage-\u021bi aproape m\u0103su\u021ba de cafea din sufragerie \u0219i \u00eencepi reconstituirea tabloului de art\u0103 din puzzle 1000 piese <\/span><span style=\"font-weight: 400;\">Dante Gabriel Rossetti &#8211; Proserpine.<\/span><\/p>\n<p><span style=\"font-weight: 400;\">Cite\u0219te mai jos mai multe informa\u021bii despre acest puzzle de art\u0103<\/span><\/p>\n<p><strong>Material puzzle:\u00a0<\/strong><\/p>\n<p><strong>carton albastru de o calitate superioar\u0103<\/strong><\/p>\n<p><strong>materiale sustenabile, reciclabile<\/strong><\/p>\n<p><strong>finisaj semi-lucios, culori vii<\/strong><\/p>\n<p><strong>Num\u0103rul pieselor de puzzle: 1000<\/strong><\/p>\n<p><strong>V\u00e2rsta recomandat\u0103: 14+<\/strong><\/p>\n<p><strong>Puzzle 1000 piese: ce beneficii \u00ee\u021bi aduc?<\/strong><\/p>\n<p><span style=\"font-weight: 400;\">E\u0219ti pasionat de jocuri puzzle \u0219i vrei s\u0103 \u0219tii ce beneficii \u00ee\u021bi aduce aceast\u0103 activitate relaxant\u0103? Iat\u0103 mai jos 7 beneficii uimitoare:<\/span><\/p>\n<p><span style=\"font-weight: 400;\">Te ajut\u0103 s\u0103 te deconectezi de la grijile zilnice.<\/span><\/p>\n<p><span style=\"font-weight: 400;\">\u00ce\u021bi men\u021bin creierul \u00een form\u0103 maxim\u0103.<\/span><\/p>\n<p><span style=\"font-weight: 400;\">Te binedispun \u0219i \u00ee\u021bi dau mult optimism \u0219i energie.<\/span><\/p>\n<p><span style=\"font-weight: 400;\">Te conecteaz\u0103 cu persoanele dragi.<\/span><\/p>\n<p><span style=\"font-weight: 400;\">Fac bine memoriei, o men\u021bin antrenat\u0103.<\/span><\/p>\n<p><span style=\"font-weight: 400;\">Te ajut\u0103 s\u0103 te concentrezi asupra obiectivelor propuse.<\/span><\/p>\n<p><span style=\"font-weight: 400;\">Te fac atent la detalii.<\/span><\/p>\n<p><strong>\u00a0Despre <\/strong><strong>Dante Gabriel Rossetti \u0219tiai c\u0103?&#8230;<\/strong><\/p>\n<p><span style=\"font-weight: 400;\">A fost un pictor \u0219i poet englez, fondator al mi\u0219c\u0103rii prerafaelite.\u00a0<\/span><\/p>\n<p><span style=\"font-weight: 400;\">Provenea dintr-o familie de arti\u0219ti: a fost fratele poetei Christina Rossetti, al criticului William Michael Rossetti \u0219i al scriitoarei Maria Francesca Rossetti.<\/span><\/p>\n<p><span style=\"font-weight: 400;\">Numele Dante nu \u00eei apar\u021bine. Se semna \u00een lucr\u0103ri cu acest nume \u00een onoarea lui Dante Alighieri care l-a inspirat \u00een picturi \u0219i poeme.<\/span><\/p>\n<p><span style=\"font-weight: 400;\">A fost influen\u021bat \u00een via\u021ba personal\u0103 \u0219i artistic\u0103 de muzele sale: Elizabeth Siddal (cu care s-a c\u0103s\u0103torit), Fanny Cornforth \u0219i Jane Morris.<\/span><\/p>\n<p><span style=\"font-weight: 400;\">Picturile sale sunt foarte apreciate \u00een prezent \u0219i foarte scumpe. \u00cen 2013, <\/span><em><span style=\"font-weight: 400;\">Proserpina <\/span><\/em><span style=\"font-weight: 400;\">s-a v\u00e2ndut la o licita\u021bie la impresionanta sum\u0103 de 3.274.500 lire sterline.<\/span><\/p>\n<p><strong>Puzzle de art\u0103 Dante Gabriel Rossetti &#8211; Proserpine \u00ee\u021bi ofer\u0103 \u0219ansa unic\u0103 de a-\u021bi f\u0103uri un tablou artistic<\/strong><\/p>\n<p><span style=\"font-weight: 400;\">S\u0103 creezi cu m\u00e2inile tale o capodoper\u0103 artistic\u0103, este un motiv de mare satisfac\u021bie interioar\u0103. Cu puzzle 1000 piese Dante Gabriel Rossetti &#8211; Proserpine ai acum aceast\u0103 oportunitate. C\u00e2nd tabloul e gata, po\u021bi admira ore \u00een \u0219ir fiecare tu\u0219\u0103 a picturii \u0219i, \u00een plus, \u00ee\u021bi po\u021bi expune opera pe unul dintre pere\u021bii casei tale.<\/span><\/p>\n<p><span style=\"font-weight: 400;\">Cump\u0103r\u0103 acum puzzle de art\u0103 Dante Gabriel Rossetti &#8211; Proserpine \u0219i \u00eencepi s\u0103 construie\u0219ti un obiect decorativ de excep\u021bie. Alege alesc joc puzzle pentru tine sau pentru un prieten pasionat de puzzle de art\u0103. Puzzle 1000 de piese este cadoul ideal pentru diverse ocazii de s\u0103rb\u0103toare.<\/span><\/p>\n","protected":false},"excerpt":{"rendered":"<p>Te-ai \u00eentrebat vreodat\u0103 cum au ajuns s\u0103 ia na\u0219tere marile picturi ale lumii? Puzzle-urile de art\u0103 cu imagini ale celor<\/p>\n","protected":false},"featured_media":9942,"template":"","meta":[],"product_brand":[],"product_cat":[1454,1488,1560],"product_tag":[],"class_list":{"0":"post-19907","1":"product","2":"type-product","3":"status-publish","4":"has-post-thumbnail","6":"product_cat-puzzle","7":"product_cat-puzzle-adulti","8":"product_cat-puzzle-adulti-1000","9":"pa_brand-deico","10":"pa_country_of_manufacture-ro","11":"pa_filter_age-1315","12":"pa_tip_ambalaj-cutie","13":"pa_tip_puzzle-clasic","15":"first","16":"instock","17":"taxable","18":"shipping-taxable","19":"product-type-simple"},"yoast_head":"<!-- This site is optimized with the Yoast SEO plugin v20.1 - https:\/\/yoast.com\/wordpress\/plugins\/seo\/ -->\n<title>Puzzle adul\u021bi 1000 piese Dante Gabriel Rossetti - Proserpine - Roovi B2B<\/title>\n<meta name=\"robots\" content=\"index, follow, max-snippet:-1, max-image-preview:large, max-video-preview:-1\" \/>\n<link rel=\"canonical\" href=\"https:\/\/www.roovi.ro\/puzzle-adulti-1000-piese-dante-gabriel-rossetti-proserpine\/p\/\" \/>\n<meta property=\"og:locale\" content=\"ro_RO\" \/>\n<meta property=\"og:type\" content=\"article\" \/>\n<meta property=\"og:title\" content=\"Puzzle adul\u021bi 1000 piese Dante Gabriel Rossetti - Proserpine - Roovi B2B\" \/>\n<meta property=\"og:description\" content=\"Te-ai \u00eentrebat vreodat\u0103 cum au ajuns s\u0103 ia na\u0219tere marile picturi ale lumii? Puzzle-urile de art\u0103 cu imagini ale celor\" \/>\n<meta property=\"og:url\" content=\"https:\/\/www.roovi.ro\/puzzle-adulti-1000-piese-dante-gabriel-rossetti-proserpine\/p\/\" \/>\n<meta property=\"og:site_name\" content=\"Roovi B2B\" \/>\n<meta property=\"article:publisher\" content=\"https:\/\/www.facebook.com\/wwwjucariero\" \/>\n<meta property=\"article:modified_time\" content=\"2023-03-20T22:15:11+00:00\" \/>\n<meta property=\"og:image\" content=\"https:\/\/business.roovi.com\/wp-content\/uploads\/2020\/04\/dante_gabriel_rossetti-proserpine_copy.jpg\" \/>\n\t<meta property=\"og:image:width\" content=\"1200\" \/>\n\t<meta property=\"og:image:height\" content=\"1200\" \/>\n\t<meta property=\"og:image:type\" content=\"image\/jpeg\" \/>\n<meta name=\"twitter:label1\" content=\"Timp estimat pentru citire\" \/>\n\t<meta name=\"twitter:data1\" content=\"3 minute\" \/>\n<script type=\"application\/ld+json\" class=\"yoast-schema-graph\">{\"@context\":\"https:\/\/schema.org\",\"@graph\":[{\"@type\":\"WebPage\",\"@id\":\"https:\/\/business.roovi.com\/ro\/puzzle-adulti-1000-piese-dante-gabriel-rossetti-proserpine\/p\/\",\"url\":\"https:\/\/www.roovi.ro\/puzzle-adulti-1000-piese-dante-gabriel-rossetti-proserpine\/p\/\",\"name\":\"Puzzle adul\u021bi 1000 piese Dante Gabriel Rossetti - Proserpine - Roovi B2B\",\"isPartOf\":{\"@id\":\"https:\/\/business.roovi.com\/ro\/#website\"},\"datePublished\":\"2020-04-22T12:57:34+00:00\",\"dateModified\":\"2023-03-20T22:15:11+00:00\",\"breadcrumb\":{\"@id\":\"https:\/\/www.roovi.ro\/puzzle-adulti-1000-piese-dante-gabriel-rossetti-proserpine\/p\/#breadcrumb\"},\"inLanguage\":\"ro-RO\",\"potentialAction\":[{\"@type\":\"ReadAction\",\"target\":[\"https:\/\/www.roovi.ro\/puzzle-adulti-1000-piese-dante-gabriel-rossetti-proserpine\/p\/\"]}]},{\"@type\":\"BreadcrumbList\",\"@id\":\"https:\/\/www.roovi.ro\/puzzle-adulti-1000-piese-dante-gabriel-rossetti-proserpine\/p\/#breadcrumb\",\"itemListElement\":[{\"@type\":\"ListItem\",\"position\":1,\"name\":\"Home\",\"item\":\"https:\/\/business.roovi.com\/ro\/\"},{\"@type\":\"ListItem\",\"position\":2,\"name\":\"Magazin\",\"item\":\"https:\/\/business.roovi.com\/ro\/magazin\/\"},{\"@type\":\"ListItem\",\"position\":3,\"name\":\"Puzzle adul\u021bi 1000 piese Dante Gabriel Rossetti &#8211; Proserpine\"}]},{\"@type\":\"WebSite\",\"@id\":\"https:\/\/business.roovi.com\/ro\/#website\",\"url\":\"https:\/\/business.roovi.com\/ro\/\",\"name\":\"Roovi B2B\",\"description\":\"Roovi Business Website\",\"potentialAction\":[{\"@type\":\"SearchAction\",\"target\":{\"@type\":\"EntryPoint\",\"urlTemplate\":\"https:\/\/business.roovi.com\/ro\/?s={search_term_string}\"},\"query-input\":\"required name=search_term_string\"}],\"inLanguage\":\"ro-RO\"}]}<\/script>\n<!-- \/ Yoast SEO plugin. -->","yoast_head_json":{"title":"Puzzle adul\u021bi 1000 piese Dante Gabriel Rossetti - Proserpine - Roovi B2B","robots":{"index":"index","follow":"follow","max-snippet":"max-snippet:-1","max-image-preview":"max-image-preview:large","max-video-preview":"max-video-preview:-1"},"canonical":"https:\/\/www.roovi.ro\/puzzle-adulti-1000-piese-dante-gabriel-rossetti-proserpine\/p\/","og_locale":"ro_RO","og_type":"article","og_title":"Puzzle adul\u021bi 1000 piese Dante Gabriel Rossetti - Proserpine - Roovi B2B","og_description":"Te-ai \u00eentrebat vreodat\u0103 cum au ajuns s\u0103 ia na\u0219tere marile picturi ale lumii? Puzzle-urile de art\u0103 cu imagini ale celor","og_url":"https:\/\/www.roovi.ro\/puzzle-adulti-1000-piese-dante-gabriel-rossetti-proserpine\/p\/","og_site_name":"Roovi B2B","article_publisher":"https:\/\/www.facebook.com\/wwwjucariero","article_modified_time":"2023-03-20T22:15:11+00:00","og_image":[{"width":1200,"height":1200,"url":"https:\/\/business.roovi.com\/wp-content\/uploads\/2020\/04\/dante_gabriel_rossetti-proserpine_copy.jpg","type":"image\/jpeg"}],"twitter_misc":{"Timp estimat pentru citire":"3 minute"},"schema":{"@context":"https:\/\/schema.org","@graph":[{"@type":"WebPage","@id":"https:\/\/business.roovi.com\/ro\/puzzle-adulti-1000-piese-dante-gabriel-rossetti-proserpine\/p\/","url":"https:\/\/www.roovi.ro\/puzzle-adulti-1000-piese-dante-gabriel-rossetti-proserpine\/p\/","name":"Puzzle adul\u021bi 1000 piese Dante Gabriel Rossetti - Proserpine - Roovi B2B","isPartOf":{"@id":"https:\/\/business.roovi.com\/ro\/#website"},"datePublished":"2020-04-22T12:57:34+00:00","dateModified":"2023-03-20T22:15:11+00:00","breadcrumb":{"@id":"https:\/\/www.roovi.ro\/puzzle-adulti-1000-piese-dante-gabriel-rossetti-proserpine\/p\/#breadcrumb"},"inLanguage":"ro-RO","potentialAction":[{"@type":"ReadAction","target":["https:\/\/www.roovi.ro\/puzzle-adulti-1000-piese-dante-gabriel-rossetti-proserpine\/p\/"]}]},{"@type":"BreadcrumbList","@id":"https:\/\/www.roovi.ro\/puzzle-adulti-1000-piese-dante-gabriel-rossetti-proserpine\/p\/#breadcrumb","itemListElement":[{"@type":"ListItem","position":1,"name":"Home","item":"https:\/\/business.roovi.com\/ro\/"},{"@type":"ListItem","position":2,"name":"Magazin","item":"https:\/\/business.roovi.com\/ro\/magazin\/"},{"@type":"ListItem","position":3,"name":"Puzzle adul\u021bi 1000 piese Dante Gabriel Rossetti &#8211; Proserpine"}]},{"@type":"WebSite","@id":"https:\/\/business.roovi.com\/ro\/#website","url":"https:\/\/business.roovi.com\/ro\/","name":"Roovi B2B","description":"Roovi Business Website","potentialAction":[{"@type":"SearchAction","target":{"@type":"EntryPoint","urlTemplate":"https:\/\/business.roovi.com\/ro\/?s={search_term_string}"},"query-input":"required name=search_term_string"}],"inLanguage":"ro-RO"}]}},"_links":{"self":[{"href":"https:\/\/business.roovi.com\/ro\/wp-json\/wp\/v2\/product\/19907","targetHints":{"allow":["GET"]}}],"collection":[{"href":"https:\/\/business.roovi.com\/ro\/wp-json\/wp\/v2\/product"}],"about":[{"href":"https:\/\/business.roovi.com\/ro\/wp-json\/wp\/v2\/types\/product"}],"version-history":[{"count":0,"href":"https:\/\/business.roovi.com\/ro\/wp-json\/wp\/v2\/product\/19907\/revisions"}],"wp:featuredmedia":[{"embeddable":true,"href":"https:\/\/business.roovi.com\/ro\/wp-json\/wp\/v2\/media\/9942"}],"wp:attachment":[{"href":"https:\/\/business.roovi.com\/ro\/wp-json\/wp\/v2\/media?parent=19907"}],"wp:term":[{"taxonomy":"product_brand","embeddable":true,"href":"https:\/\/business.roovi.com\/ro\/wp-json\/wp\/v2\/product_brand?post=19907"},{"taxonomy":"product_cat","embeddable":true,"href":"https:\/\/business.roovi.com\/ro\/wp-json\/wp\/v2\/product_cat?post=19907"},{"taxonomy":"product_tag","embeddable":true,"href":"https:\/\/business.roovi.com\/ro\/wp-json\/wp\/v2\/product_tag?post=19907"}],"curies":[{"name":"wp","href":"https:\/\/api.w.org\/{rel}","templated":true}]}}