{"id":19909,"date":"2020-04-22T13:20:44","date_gmt":"2020-04-22T13:20:44","guid":{"rendered":"https:\/\/business.roovi.com\/product\/puzzle-frederick-sandys-vivien-1000-piese\/"},"modified":"2023-03-20T22:15:07","modified_gmt":"2023-03-20T22:15:07","slug":"puzzle-adulti-1000-piese-frederick-sandys-vivien","status":"publish","type":"product","link":"https:\/\/business.roovi.com\/ro\/puzzle-adulti-1000-piese-frederick-sandys-vivien\/p\/","title":{"rendered":"Puzzle adul\u021bi 1000 piese Frederick Sandys &#8211; Vivien"},"content":{"rendered":"<p><span style=\"font-weight: 400;\">Fascinat de puzzle 1000 piese? Descoper\u0103 cea mai mare gam\u0103 de puzzle de art\u0103 \u0219i perfec\u021bioneaz\u0103-\u021bi abilit\u0103\u021bile de asamblare a jocurilor puzzle! \u00cen plus, vei fi posesorul unor tablouri de art\u0103 fascinante care \u00ee\u021bi vor \u00eenfrumuse\u021ba locuin\u021ba.<\/span><\/p>\n<p><span style=\"font-weight: 400;\">Puzzle 1000 piese Frederick Sandys &#8211; Vivien te poart\u0103 \u00een lumea de legend\u0103, plin\u0103 de mister \u0219i simboluri fascinante a Regelui Arthur. Vivien o \u00eentruchipeaz\u0103 pe Doamna lacului din poemele lui Alfred Lord Tennyson. Ea este cea care \u00eei d\u0103 regelui Arthur sabia Excalibur \u0219i este ispita care \u00eel seduce pe Merlin. M\u0103rul din imagine poate fi simbolul tenta\u021biei, tem\u0103 preluat\u0103 de la Adam \u0219i Eva.<\/span><\/p>\n<p><span style=\"font-weight: 400;\">Dac\u0103 te captiveaz\u0103 poemele mitice, cu at\u00e2t mai mult vei aprecia aceast\u0103 oper\u0103 de art\u0103 din puzzle 1000 piese. Portretul <\/span><em><span style=\"font-weight: 400;\">Vivien <\/span><\/em><span style=\"font-weight: 400;\">este \u00eentruchiparea femeii frumoase, sigure pe ea, a\u0219a-numita <\/span><em><span style=\"font-weight: 400;\">&#8222;la femme fatale&#8221;<\/span><\/em><span style=\"font-weight: 400;\">, un simbol al seduc\u021biei, dar \u0219i al distrugerii.<\/span><\/p>\n<p><span style=\"font-weight: 400;\">Tabloul din puzzle de art\u0103 Frederick Sandys &#8211; Vivien \u00ee\u021bi d\u0103 ocazia s\u0103-\u021bi decorezi locuin\u021ba cu o lucrare de art\u0103 elegant\u0103 \u0219i rafinat\u0103. Pentru asamblarea pieselor din puzzle 1000 po\u021bi folosi o m\u0103su\u021b\u0103 standard de cafea. Imaginea reconstituit\u0103 din puzzle de art\u0103 Frederick Sandys &#8211; Vivien are dimensiunile de 50 x 70 cm.<\/span><\/p>\n<p><span style=\"font-weight: 400;\">Caracteristici puzzle de art\u0103 Frederick Sandys &#8211; Vivien:<\/span><\/p>\n<p><strong>Material puzzle:\u00a0<\/strong><\/p>\n<p><strong>carton albastru de o calitate superioar\u0103<\/strong><\/p>\n<p><strong>materiale sustenabile, reciclabile<\/strong><\/p>\n<p><strong>finisaj semi-lucios, culori vii<\/strong><\/p>\n<p><strong>Num\u0103rul pieselor de puzzle: 1000<\/strong><\/p>\n<p><strong>V\u00e2rsta recomandat\u0103: 14+<\/strong><\/p>\n<p><strong>De ce s\u0103 alegi puzzle de art\u0103\u00a0 Frederick Sandys &#8211; Vivien?<\/strong><\/p>\n<p><span style=\"font-weight: 400;\">Cump\u0103r\u0103 puzzle de art\u0103 Frederick Sandys &#8211; Vivien \u0219i bucur\u0103-te de toate avantajele pe care \u021bi le ofer\u0103 un joc puzzle:<\/span><\/p>\n<ul>\n<li><span style=\"font-weight: 400;\">Ob\u021bii un tablou de art\u0103 deosebit pe care \u00eel po\u021bi \u00eenr\u0103ma \u0219i expune pe unul dintre pere\u021bii casei tale.<\/span><\/li>\n<li><span style=\"font-weight: 400;\">Te relaxezi \u00een compania unui joc puzzle care te poart\u0103 \u00een lumea artei.<\/span><\/li>\n<li><span style=\"font-weight: 400;\">\u00ce\u021bi dezvol\u021bi sim\u021bul estetic.<\/span><\/li>\n<li><span style=\"font-weight: 400;\">Te deta\u0219ezi de problemele cotidiene \u0219i te eliberezi de stres.<\/span><\/li>\n<li><span style=\"font-weight: 400;\">\u00ce\u021bi deschizi apetitul pentru operele artistice \u0219i pictorii consacra\u021bi.<\/span><\/li>\n<li><span style=\"font-weight: 400;\">\u00ce\u021bi dezvol\u021bi imagina\u021bia \u0219i spiritul critic.<\/span><\/li>\n<\/ul>\n<p><strong>\u0218tiai c\u0103?&#8230;<\/strong><\/p>\n<p><span style=\"font-weight: 400;\">Muza lui Frederick Sandys pentru pictura Vivien a fost modelul <\/span><span style=\"font-weight: 400;\">\u00a0Keomi Gray, iubita lui de etnie rom\u0103.<\/span><\/p>\n<p><span style=\"font-weight: 400;\">Fundalul radiant al tabloului, cu pene de p\u0103un, semnific\u0103 opulen\u021ba, precum \u0219i \u00eencrederea \u0219i farmecul feminin.<\/span><\/p>\n<p><span style=\"font-weight: 400;\">Artistul a fost atras de pove\u0219tile cu femei fatale care prind \u00een mrejele dragostei b\u0103rba\u021bii \u0219i apoi \u00eei distrug, precumi Elena din Troia sau Medea.<\/span><\/p>\n<p><span style=\"font-weight: 400;\">La \u00eenceputul carierei, Sandys a activat ca gravor.<\/span><\/p>\n<p><span style=\"font-weight: 400;\">A fost bun prieten cu pictorul Dante Gabriel Rossetti, lucr\u0103rile sale fiind profund influen\u021bate de acest artist.<\/span><\/p>\n<p><strong>Creeaz\u0103 opere de art\u0103 din puzzle 1000 piese al\u0103turi de cei dragi<\/strong><\/p>\n<p><span style=\"font-weight: 400;\">Jocurile puzzle pot fi pretextul perfect pentru seri distractive al\u0103turi de familie sau de prieteni. Fie c\u0103 vrei s\u0103-\u021bi construie\u0219ti o rela\u021bie apropiat\u0103 cu copiii t\u0103i sau s\u0103 petreci timp de calitate al\u0103turi de grupul de prieteni, puzzle-urile de art\u0103 sunt aliatul t\u0103u de n\u0103dejde \u00een acest scop.<\/span><\/p>\n<p><span style=\"font-weight: 400;\">Str\u00e2nge-\u021bi aproape oamenii dragi \u0219i reconstitui\u021bi \u00eempreun\u0103 opere artistice fascinante. Celebra\u021bi munca depus\u0103 pun\u00e2nd \u00een ram\u0103 tablourile din puzzle 1000 piese.<\/span><\/p>\n<p><span style=\"font-weight: 400;\">Alege puzzle 1000 piese Frederick Sandys &#8211; Vivien din colec\u021bia puzzle de art\u0103 pentru momente unice de distrac\u021bie \u0219i relaxare. De asemenea, acest puzzle de art\u0103 poate fi cadoul perfect de s\u0103rb\u0103tori sau pentru zilele aniversare.<\/span><\/p>\n","protected":false},"excerpt":{"rendered":"<p>Fascinat de puzzle 1000 piese? Descoper\u0103 cea mai mare gam\u0103 de puzzle de art\u0103 \u0219i perfec\u021bioneaz\u0103-\u021bi abilit\u0103\u021bile de asamblare a<\/p>\n","protected":false},"featured_media":64175,"template":"","meta":[],"product_brand":[],"product_cat":[1454,1488,1560],"product_tag":[],"class_list":{"0":"post-19909","1":"product","2":"type-product","3":"status-publish","4":"has-post-thumbnail","6":"product_cat-puzzle","7":"product_cat-puzzle-adulti","8":"product_cat-puzzle-adulti-1000","9":"pa_brand-deico","10":"pa_country_of_manufacture-ro","11":"pa_filter_age-1315","12":"pa_tip_ambalaj-cutie","13":"pa_tip_puzzle-clasic","15":"first","16":"instock","17":"taxable","18":"shipping-taxable","19":"product-type-simple"},"yoast_head":"<!-- This site is optimized with the Yoast SEO plugin v20.1 - https:\/\/yoast.com\/wordpress\/plugins\/seo\/ -->\n<title>Puzzle adul\u021bi 1000 piese Frederick Sandys - Vivien - Roovi B2B<\/title>\n<meta name=\"robots\" content=\"index, follow, max-snippet:-1, max-image-preview:large, max-video-preview:-1\" \/>\n<link rel=\"canonical\" href=\"https:\/\/www.roovi.ro\/puzzle-adulti-1000-piese-frederick-sandys-vivien\/p\/\" \/>\n<meta property=\"og:locale\" content=\"ro_RO\" \/>\n<meta property=\"og:type\" content=\"article\" \/>\n<meta property=\"og:title\" content=\"Puzzle adul\u021bi 1000 piese Frederick Sandys - Vivien - Roovi B2B\" \/>\n<meta property=\"og:description\" content=\"Fascinat de puzzle 1000 piese? Descoper\u0103 cea mai mare gam\u0103 de puzzle de art\u0103 \u0219i perfec\u021bioneaz\u0103-\u021bi abilit\u0103\u021bile de asamblare a\" \/>\n<meta property=\"og:url\" content=\"https:\/\/www.roovi.ro\/puzzle-adulti-1000-piese-frederick-sandys-vivien\/p\/\" \/>\n<meta property=\"og:site_name\" content=\"Roovi B2B\" \/>\n<meta property=\"article:publisher\" content=\"https:\/\/www.facebook.com\/wwwjucariero\" \/>\n<meta property=\"article:modified_time\" content=\"2023-03-20T22:15:07+00:00\" \/>\n<meta property=\"og:image\" content=\"https:\/\/business.roovi.com\/wp-content\/uploads\/2020\/04\/76724-WEB.jpg\" \/>\n\t<meta property=\"og:image:width\" content=\"1200\" \/>\n\t<meta property=\"og:image:height\" content=\"1200\" \/>\n\t<meta property=\"og:image:type\" content=\"image\/jpeg\" \/>\n<meta name=\"twitter:label1\" content=\"Timp estimat pentru citire\" \/>\n\t<meta name=\"twitter:data1\" content=\"3 minute\" \/>\n<script type=\"application\/ld+json\" class=\"yoast-schema-graph\">{\"@context\":\"https:\/\/schema.org\",\"@graph\":[{\"@type\":\"WebPage\",\"@id\":\"https:\/\/business.roovi.com\/ro\/puzzle-adulti-1000-piese-frederick-sandys-vivien\/p\/\",\"url\":\"https:\/\/www.roovi.ro\/puzzle-adulti-1000-piese-frederick-sandys-vivien\/p\/\",\"name\":\"Puzzle adul\u021bi 1000 piese Frederick Sandys - Vivien - Roovi B2B\",\"isPartOf\":{\"@id\":\"https:\/\/business.roovi.com\/ro\/#website\"},\"datePublished\":\"2020-04-22T13:20:44+00:00\",\"dateModified\":\"2023-03-20T22:15:07+00:00\",\"breadcrumb\":{\"@id\":\"https:\/\/www.roovi.ro\/puzzle-adulti-1000-piese-frederick-sandys-vivien\/p\/#breadcrumb\"},\"inLanguage\":\"ro-RO\",\"potentialAction\":[{\"@type\":\"ReadAction\",\"target\":[\"https:\/\/www.roovi.ro\/puzzle-adulti-1000-piese-frederick-sandys-vivien\/p\/\"]}]},{\"@type\":\"BreadcrumbList\",\"@id\":\"https:\/\/www.roovi.ro\/puzzle-adulti-1000-piese-frederick-sandys-vivien\/p\/#breadcrumb\",\"itemListElement\":[{\"@type\":\"ListItem\",\"position\":1,\"name\":\"Home\",\"item\":\"https:\/\/business.roovi.com\/ro\/\"},{\"@type\":\"ListItem\",\"position\":2,\"name\":\"Magazin\",\"item\":\"https:\/\/business.roovi.com\/ro\/magazin\/\"},{\"@type\":\"ListItem\",\"position\":3,\"name\":\"Puzzle adul\u021bi 1000 piese Frederick Sandys &#8211; Vivien\"}]},{\"@type\":\"WebSite\",\"@id\":\"https:\/\/business.roovi.com\/ro\/#website\",\"url\":\"https:\/\/business.roovi.com\/ro\/\",\"name\":\"Roovi B2B\",\"description\":\"Roovi Business Website\",\"potentialAction\":[{\"@type\":\"SearchAction\",\"target\":{\"@type\":\"EntryPoint\",\"urlTemplate\":\"https:\/\/business.roovi.com\/ro\/?s={search_term_string}\"},\"query-input\":\"required name=search_term_string\"}],\"inLanguage\":\"ro-RO\"}]}<\/script>\n<!-- \/ Yoast SEO plugin. -->","yoast_head_json":{"title":"Puzzle adul\u021bi 1000 piese Frederick Sandys - Vivien - Roovi B2B","robots":{"index":"index","follow":"follow","max-snippet":"max-snippet:-1","max-image-preview":"max-image-preview:large","max-video-preview":"max-video-preview:-1"},"canonical":"https:\/\/www.roovi.ro\/puzzle-adulti-1000-piese-frederick-sandys-vivien\/p\/","og_locale":"ro_RO","og_type":"article","og_title":"Puzzle adul\u021bi 1000 piese Frederick Sandys - Vivien - Roovi B2B","og_description":"Fascinat de puzzle 1000 piese? Descoper\u0103 cea mai mare gam\u0103 de puzzle de art\u0103 \u0219i perfec\u021bioneaz\u0103-\u021bi abilit\u0103\u021bile de asamblare a","og_url":"https:\/\/www.roovi.ro\/puzzle-adulti-1000-piese-frederick-sandys-vivien\/p\/","og_site_name":"Roovi B2B","article_publisher":"https:\/\/www.facebook.com\/wwwjucariero","article_modified_time":"2023-03-20T22:15:07+00:00","og_image":[{"width":1200,"height":1200,"url":"https:\/\/business.roovi.com\/wp-content\/uploads\/2020\/04\/76724-WEB.jpg","type":"image\/jpeg"}],"twitter_misc":{"Timp estimat pentru citire":"3 minute"},"schema":{"@context":"https:\/\/schema.org","@graph":[{"@type":"WebPage","@id":"https:\/\/business.roovi.com\/ro\/puzzle-adulti-1000-piese-frederick-sandys-vivien\/p\/","url":"https:\/\/www.roovi.ro\/puzzle-adulti-1000-piese-frederick-sandys-vivien\/p\/","name":"Puzzle adul\u021bi 1000 piese Frederick Sandys - Vivien - Roovi B2B","isPartOf":{"@id":"https:\/\/business.roovi.com\/ro\/#website"},"datePublished":"2020-04-22T13:20:44+00:00","dateModified":"2023-03-20T22:15:07+00:00","breadcrumb":{"@id":"https:\/\/www.roovi.ro\/puzzle-adulti-1000-piese-frederick-sandys-vivien\/p\/#breadcrumb"},"inLanguage":"ro-RO","potentialAction":[{"@type":"ReadAction","target":["https:\/\/www.roovi.ro\/puzzle-adulti-1000-piese-frederick-sandys-vivien\/p\/"]}]},{"@type":"BreadcrumbList","@id":"https:\/\/www.roovi.ro\/puzzle-adulti-1000-piese-frederick-sandys-vivien\/p\/#breadcrumb","itemListElement":[{"@type":"ListItem","position":1,"name":"Home","item":"https:\/\/business.roovi.com\/ro\/"},{"@type":"ListItem","position":2,"name":"Magazin","item":"https:\/\/business.roovi.com\/ro\/magazin\/"},{"@type":"ListItem","position":3,"name":"Puzzle adul\u021bi 1000 piese Frederick Sandys &#8211; Vivien"}]},{"@type":"WebSite","@id":"https:\/\/business.roovi.com\/ro\/#website","url":"https:\/\/business.roovi.com\/ro\/","name":"Roovi B2B","description":"Roovi Business Website","potentialAction":[{"@type":"SearchAction","target":{"@type":"EntryPoint","urlTemplate":"https:\/\/business.roovi.com\/ro\/?s={search_term_string}"},"query-input":"required name=search_term_string"}],"inLanguage":"ro-RO"}]}},"_links":{"self":[{"href":"https:\/\/business.roovi.com\/ro\/wp-json\/wp\/v2\/product\/19909","targetHints":{"allow":["GET"]}}],"collection":[{"href":"https:\/\/business.roovi.com\/ro\/wp-json\/wp\/v2\/product"}],"about":[{"href":"https:\/\/business.roovi.com\/ro\/wp-json\/wp\/v2\/types\/product"}],"version-history":[{"count":0,"href":"https:\/\/business.roovi.com\/ro\/wp-json\/wp\/v2\/product\/19909\/revisions"}],"wp:featuredmedia":[{"embeddable":true,"href":"https:\/\/business.roovi.com\/ro\/wp-json\/wp\/v2\/media\/64175"}],"wp:attachment":[{"href":"https:\/\/business.roovi.com\/ro\/wp-json\/wp\/v2\/media?parent=19909"}],"wp:term":[{"taxonomy":"product_brand","embeddable":true,"href":"https:\/\/business.roovi.com\/ro\/wp-json\/wp\/v2\/product_brand?post=19909"},{"taxonomy":"product_cat","embeddable":true,"href":"https:\/\/business.roovi.com\/ro\/wp-json\/wp\/v2\/product_cat?post=19909"},{"taxonomy":"product_tag","embeddable":true,"href":"https:\/\/business.roovi.com\/ro\/wp-json\/wp\/v2\/product_tag?post=19909"}],"curies":[{"name":"wp","href":"https:\/\/api.w.org\/{rel}","templated":true}]}}