{"id":19911,"date":"2020-04-22T14:05:39","date_gmt":"2020-04-22T14:05:39","guid":{"rendered":"https:\/\/business.roovi.com\/product\/puzzle-egon-schiele-house-wall-on-the-river-1000-piese\/"},"modified":"2023-03-20T21:28:28","modified_gmt":"2023-03-20T21:28:28","slug":"puzzle-adulti-1000-piese-egon-schiele-house-wall-on-the-river","status":"publish","type":"product","link":"https:\/\/business.roovi.com\/ro\/puzzle-adulti-1000-piese-egon-schiele-house-wall-on-the-river\/p\/","title":{"rendered":"Puzzle adul\u021bi 1000 piese Egon Schiele &#8211; House Wall on the River"},"content":{"rendered":"<p><span style=\"font-weight: 400;\">S\u0103 prive\u0219ti \u00een galeriile de art\u0103 picturile celebre din lume este minunat, dar ce-ai zice dac\u0103 ai putea admira \u00eendeaproape p\u00e2n\u0103 \u0219i cele mai fine tu\u0219e ale tablourilor? Cu cea mai mare gam\u0103 de puzzle de art\u0103 ai aceast\u0103 ocazie unic\u0103. Asambleaz\u0103 puzzle 1000 piese \u0219i \u00eenc\u00e2nt\u0103-\u021bi ochii \u0219i sufletul cu imagini de art\u0103 deosebite.<\/span><\/p>\n<p><span style=\"font-weight: 400;\">Puzzle 1000 piese Egon Schiele &#8211; House Wall on the River este prilejul pentru a face loc artei \u00een casa ta. Imaginea red\u0103 un peisaj urban detaliat: un perete al unei cl\u0103diri de locuin\u021be care se oglinde\u0219te \u00een apa unui r\u00e2u.\u00a0<\/span><\/p>\n<p><span style=\"font-weight: 400;\">\u00cen puzzle de art\u0103 Egon Schiele &#8211; House Wall on the River vei descoperi o imagine complex\u0103 ce red\u0103 perfect pictura \u00een nuan\u021be de maro \u0219i ro\u0219u, cu un singur detaliu coloristic vibrant: linia de rufe \u00eentinse la uscat.<\/span><\/p>\n<p><span style=\"font-weight: 400;\">A\u0219az\u0103-te confortabil \u00een fa\u021ba m\u0103su\u021bei de cafea din sufragerie \u0219i \u00eencepi s\u0103 creezi un tablou impresionist fascinant. La final, vei ob\u021bine un tablou cu dimensiunile de 50 x 70 cm care va ar\u0103ta splendid \u00een ram\u0103.<\/span><\/p>\n<p><span style=\"font-weight: 400;\">Cite\u0219te mai jos mai multe informa\u021bii despre puzzle 1000 piese Egon Schiele &#8211; House Wall on the River:\u00a0<\/span><\/p>\n<p><strong>Material puzzle:\u00a0<\/strong><\/p>\n<p><strong>carton albastru de o calitate superioar\u0103<\/strong><\/p>\n<p><strong>materiale sustenabile, reciclabile<\/strong><\/p>\n<p><strong>finisaj semi-lucios, culori vii<\/strong><\/p>\n<p><strong>Num\u0103rul pieselor de puzzle: 1000<\/strong><\/p>\n<p><strong>V\u00e2rsta recomandat\u0103: 14+<\/strong><\/p>\n<p><strong>Jocurile puzzle: 5 beneficii grozave<\/strong><\/p>\n<p>1. Te ajut\u0103 s\u0103 ai o r\u0103bdare de fier<span style=\"font-weight: 400;\"> &#8211; Cu r\u0103bdare ajungi s\u0103 construie\u0219ti imaginea din puzzle 1000 piese. \u0218i tot cu r\u0103bdare atingi fiecare experien\u021b\u0103 de succes.<\/span><\/p>\n<p>2. Te \u00eenva\u021b\u0103 s\u0103 fii perseverent <span style=\"font-weight: 400;\">&#8211; chiar \u0219i \u00een situa\u021biile \u00een care \u021bi se pare c\u0103 nu exist\u0103 nicio solu\u021bie.<\/span><\/p>\n<p>3. \u00ce\u021bi dezvolt\u0103 g\u00e2ndirea logic\u0103 <span style=\"font-weight: 400;\">&#8211; prin asocierea pieselor de puzzle 1000 asem\u0103n\u0103toare.<\/span><\/p>\n<p>4. Te deconecteaz\u0103 de la ecrane<span style=\"font-weight: 400;\"> &#8211; \u0219i te fac s\u0103 te bucuri de multe ore de relaxare autentic\u0103.<\/span><\/p>\n<p>5. \u00ce\u021bi dezvolt\u0103 imagina\u021bia<span style=\"font-weight: 400;\"> &#8211; te sim\u021bi ca un veritabil detectiv care lipe\u0219te indiciile g\u0103site \u0219i rezolv\u0103 misterul unul joc puzzle remarcabil.<\/span><\/p>\n<p><strong>Despre Egon Schiele \u0219tiai c\u0103\u2026?<\/strong><\/p>\n<p><span style=\"font-weight: 400;\">A fost protejatul lui Gustav Klimt \u0219i a fel ca \u0219i acesta, este unul dintre cei mai cunoscu\u021bi pictori impresioni\u0219ti austrieci.<\/span><\/p>\n<p><span style=\"font-weight: 400;\">De\u0219i a avut o carier\u0103 artistic\u0103 de doar 10 ani, a cunoscut o dezvoltare fulminant\u0103 \u0219i a ajuns unul dintre cei mai aprecia\u021bi arti\u0219ti vienezi ai vremii \u00een care a tr\u0103it.<\/span><\/p>\n<p><span style=\"font-weight: 400;\">\u00cempreun\u0103 cu Gustav Klimt \u0219i modelul Wally Neuzil a tr\u0103it \u00eentr-un\u2026 triunghi amoros.\u00a0<\/span><\/p>\n<p><span style=\"font-weight: 400;\">A petrecut 24 de zi la \u00eenchisoare \u00een urma unei acuza\u021bii de corupere de minori. Poli\u021bi\u0219tii au catalogat drept pornografice multe dintre desenele g\u0103site \u00een locuin\u021ba lui.<\/span><\/p>\n<p><span style=\"font-weight: 400;\">\u0218i-a f\u0103cut foarte multe autoportrete, multe dintre acestea nud.<\/span><\/p>\n<p><span style=\"font-weight: 400;\">A murit \u00een 1918, \u00een timpul epidemiei de grip\u0103 spaniol\u0103. Avea doar 28 de ani.<\/span><\/p>\n<p><strong>De ce s\u0103 alegi puzzle de art\u0103 Egon Schiele &#8211; House Wall on the River?<\/strong><\/p>\n<ul>\n<li><span style=\"font-weight: 400;\">Vei crea tu \u00eensu\u021bi un tablou artistic cu care \u00ee\u021bi po\u021bi decora locuin\u021ba.<\/span><\/li>\n<li><span style=\"font-weight: 400;\">Vei descoperi un artist consacrat \u0219i o pictur\u0103 uimitoare care \u00ee\u021bi va transmite emo\u021bie \u0219i rafinament.<\/span><\/li>\n<li><span style=\"font-weight: 400;\">Vei avea oportunitatea s\u0103 descoperi cele mai fine tu\u0219e dintr-un tablou de renume.<\/span><\/li>\n<li><span style=\"font-weight: 400;\">Te vei bucura de multe ore de lini\u0219te \u0219i relaxare \u00een fa\u021ba unei imagini de art\u0103.<\/span><\/li>\n<li><span style=\"font-weight: 400;\">\u00ce\u021bi vei dezvolta sim\u021bul coloristic.<\/span><\/li>\n<\/ul>\n<p><span style=\"font-weight: 400;\">Cump\u0103r\u0103 puzzle de art\u0103 Egon Schiele &#8211; House Wall on the River \u0219i asambleaz\u0103 imaginea din aceste uimitor puzzle 1000 piese \u00een compania prietenilor. Acest joc puzzle minunat creeaz\u0103 o atmosfer\u0103 destins\u0103 \u0219i te ajut\u0103 s\u0103 construie\u0219ti amintiri de neuitat al\u0103turi de cei dragi.<\/span><\/p>\n<p><span style=\"font-weight: 400;\">Vrei s\u0103 faci o surpriz\u0103 de neuitat prietenilor pasiona\u021bi de puzzle pentru adul\u021bi? Ofer\u0103-le \u00een dar de S\u0103rb\u0103tori puzzle 1000 piese Egon Schiele &#8211; House Wall on the River.<\/span><\/p>\n","protected":false},"excerpt":{"rendered":"<p>S\u0103 prive\u0219ti \u00een galeriile de art\u0103 picturile celebre din lume este minunat, dar ce-ai zice dac\u0103 ai putea admira \u00eendeaproape<\/p>\n","protected":false},"featured_media":64169,"template":"","meta":[],"product_brand":[],"product_cat":[1454,1488,1560],"product_tag":[],"class_list":{"0":"post-19911","1":"product","2":"type-product","3":"status-publish","4":"has-post-thumbnail","6":"product_cat-puzzle","7":"product_cat-puzzle-adulti","8":"product_cat-puzzle-adulti-1000","9":"pa_brand-deico","10":"pa_country_of_manufacture-ro","11":"pa_filter_age-1315","12":"pa_tip_ambalaj-cutie","13":"pa_tip_puzzle-clasic","15":"first","16":"instock","17":"taxable","18":"shipping-taxable","19":"product-type-simple"},"yoast_head":"<!-- This site is optimized with the Yoast SEO plugin v20.1 - https:\/\/yoast.com\/wordpress\/plugins\/seo\/ -->\n<title>Puzzle adul\u021bi 1000 piese Egon Schiele - House Wall on the River - Roovi B2B<\/title>\n<meta name=\"robots\" content=\"index, follow, max-snippet:-1, max-image-preview:large, max-video-preview:-1\" \/>\n<link rel=\"canonical\" href=\"https:\/\/www.roovi.ro\/puzzle-adulti-1000-piese-egon-schiele-house-wall-on-the-river\/p\/\" \/>\n<meta property=\"og:locale\" content=\"ro_RO\" \/>\n<meta property=\"og:type\" content=\"article\" \/>\n<meta property=\"og:title\" content=\"Puzzle adul\u021bi 1000 piese Egon Schiele - House Wall on the River - Roovi B2B\" \/>\n<meta property=\"og:description\" content=\"S\u0103 prive\u0219ti \u00een galeriile de art\u0103 picturile celebre din lume este minunat, dar ce-ai zice dac\u0103 ai putea admira \u00eendeaproape\" \/>\n<meta property=\"og:url\" content=\"https:\/\/www.roovi.ro\/puzzle-adulti-1000-piese-egon-schiele-house-wall-on-the-river\/p\/\" \/>\n<meta property=\"og:site_name\" content=\"Roovi B2B\" \/>\n<meta property=\"article:publisher\" content=\"https:\/\/www.facebook.com\/wwwjucariero\" \/>\n<meta property=\"article:modified_time\" content=\"2023-03-20T21:28:28+00:00\" \/>\n<meta property=\"og:image\" content=\"https:\/\/business.roovi.com\/wp-content\/uploads\/2020\/04\/76748-WEB.jpg\" \/>\n\t<meta property=\"og:image:width\" content=\"1200\" \/>\n\t<meta property=\"og:image:height\" content=\"1200\" \/>\n\t<meta property=\"og:image:type\" content=\"image\/jpeg\" \/>\n<meta name=\"twitter:label1\" content=\"Timp estimat pentru citire\" \/>\n\t<meta name=\"twitter:data1\" content=\"4 minute\" \/>\n<script type=\"application\/ld+json\" class=\"yoast-schema-graph\">{\"@context\":\"https:\/\/schema.org\",\"@graph\":[{\"@type\":\"WebPage\",\"@id\":\"https:\/\/business.roovi.com\/ro\/puzzle-adulti-1000-piese-egon-schiele-house-wall-on-the-river\/p\/\",\"url\":\"https:\/\/www.roovi.ro\/puzzle-adulti-1000-piese-egon-schiele-house-wall-on-the-river\/p\/\",\"name\":\"Puzzle adul\u021bi 1000 piese Egon Schiele - House Wall on the River - Roovi B2B\",\"isPartOf\":{\"@id\":\"https:\/\/business.roovi.com\/ro\/#website\"},\"datePublished\":\"2020-04-22T14:05:39+00:00\",\"dateModified\":\"2023-03-20T21:28:28+00:00\",\"breadcrumb\":{\"@id\":\"https:\/\/www.roovi.ro\/puzzle-adulti-1000-piese-egon-schiele-house-wall-on-the-river\/p\/#breadcrumb\"},\"inLanguage\":\"ro-RO\",\"potentialAction\":[{\"@type\":\"ReadAction\",\"target\":[\"https:\/\/www.roovi.ro\/puzzle-adulti-1000-piese-egon-schiele-house-wall-on-the-river\/p\/\"]}]},{\"@type\":\"BreadcrumbList\",\"@id\":\"https:\/\/www.roovi.ro\/puzzle-adulti-1000-piese-egon-schiele-house-wall-on-the-river\/p\/#breadcrumb\",\"itemListElement\":[{\"@type\":\"ListItem\",\"position\":1,\"name\":\"Home\",\"item\":\"https:\/\/business.roovi.com\/ro\/\"},{\"@type\":\"ListItem\",\"position\":2,\"name\":\"Magazin\",\"item\":\"https:\/\/business.roovi.com\/ro\/magazin\/\"},{\"@type\":\"ListItem\",\"position\":3,\"name\":\"Puzzle adul\u021bi 1000 piese Egon Schiele &#8211; House Wall on the River\"}]},{\"@type\":\"WebSite\",\"@id\":\"https:\/\/business.roovi.com\/ro\/#website\",\"url\":\"https:\/\/business.roovi.com\/ro\/\",\"name\":\"Roovi B2B\",\"description\":\"Roovi Business Website\",\"potentialAction\":[{\"@type\":\"SearchAction\",\"target\":{\"@type\":\"EntryPoint\",\"urlTemplate\":\"https:\/\/business.roovi.com\/ro\/?s={search_term_string}\"},\"query-input\":\"required name=search_term_string\"}],\"inLanguage\":\"ro-RO\"}]}<\/script>\n<!-- \/ Yoast SEO plugin. -->","yoast_head_json":{"title":"Puzzle adul\u021bi 1000 piese Egon Schiele - House Wall on the River - Roovi B2B","robots":{"index":"index","follow":"follow","max-snippet":"max-snippet:-1","max-image-preview":"max-image-preview:large","max-video-preview":"max-video-preview:-1"},"canonical":"https:\/\/www.roovi.ro\/puzzle-adulti-1000-piese-egon-schiele-house-wall-on-the-river\/p\/","og_locale":"ro_RO","og_type":"article","og_title":"Puzzle adul\u021bi 1000 piese Egon Schiele - House Wall on the River - Roovi B2B","og_description":"S\u0103 prive\u0219ti \u00een galeriile de art\u0103 picturile celebre din lume este minunat, dar ce-ai zice dac\u0103 ai putea admira \u00eendeaproape","og_url":"https:\/\/www.roovi.ro\/puzzle-adulti-1000-piese-egon-schiele-house-wall-on-the-river\/p\/","og_site_name":"Roovi B2B","article_publisher":"https:\/\/www.facebook.com\/wwwjucariero","article_modified_time":"2023-03-20T21:28:28+00:00","og_image":[{"width":1200,"height":1200,"url":"https:\/\/business.roovi.com\/wp-content\/uploads\/2020\/04\/76748-WEB.jpg","type":"image\/jpeg"}],"twitter_misc":{"Timp estimat pentru citire":"4 minute"},"schema":{"@context":"https:\/\/schema.org","@graph":[{"@type":"WebPage","@id":"https:\/\/business.roovi.com\/ro\/puzzle-adulti-1000-piese-egon-schiele-house-wall-on-the-river\/p\/","url":"https:\/\/www.roovi.ro\/puzzle-adulti-1000-piese-egon-schiele-house-wall-on-the-river\/p\/","name":"Puzzle adul\u021bi 1000 piese Egon Schiele - House Wall on the River - Roovi B2B","isPartOf":{"@id":"https:\/\/business.roovi.com\/ro\/#website"},"datePublished":"2020-04-22T14:05:39+00:00","dateModified":"2023-03-20T21:28:28+00:00","breadcrumb":{"@id":"https:\/\/www.roovi.ro\/puzzle-adulti-1000-piese-egon-schiele-house-wall-on-the-river\/p\/#breadcrumb"},"inLanguage":"ro-RO","potentialAction":[{"@type":"ReadAction","target":["https:\/\/www.roovi.ro\/puzzle-adulti-1000-piese-egon-schiele-house-wall-on-the-river\/p\/"]}]},{"@type":"BreadcrumbList","@id":"https:\/\/www.roovi.ro\/puzzle-adulti-1000-piese-egon-schiele-house-wall-on-the-river\/p\/#breadcrumb","itemListElement":[{"@type":"ListItem","position":1,"name":"Home","item":"https:\/\/business.roovi.com\/ro\/"},{"@type":"ListItem","position":2,"name":"Magazin","item":"https:\/\/business.roovi.com\/ro\/magazin\/"},{"@type":"ListItem","position":3,"name":"Puzzle adul\u021bi 1000 piese Egon Schiele &#8211; House Wall on the River"}]},{"@type":"WebSite","@id":"https:\/\/business.roovi.com\/ro\/#website","url":"https:\/\/business.roovi.com\/ro\/","name":"Roovi B2B","description":"Roovi Business Website","potentialAction":[{"@type":"SearchAction","target":{"@type":"EntryPoint","urlTemplate":"https:\/\/business.roovi.com\/ro\/?s={search_term_string}"},"query-input":"required name=search_term_string"}],"inLanguage":"ro-RO"}]}},"_links":{"self":[{"href":"https:\/\/business.roovi.com\/ro\/wp-json\/wp\/v2\/product\/19911","targetHints":{"allow":["GET"]}}],"collection":[{"href":"https:\/\/business.roovi.com\/ro\/wp-json\/wp\/v2\/product"}],"about":[{"href":"https:\/\/business.roovi.com\/ro\/wp-json\/wp\/v2\/types\/product"}],"version-history":[{"count":0,"href":"https:\/\/business.roovi.com\/ro\/wp-json\/wp\/v2\/product\/19911\/revisions"}],"wp:featuredmedia":[{"embeddable":true,"href":"https:\/\/business.roovi.com\/ro\/wp-json\/wp\/v2\/media\/64169"}],"wp:attachment":[{"href":"https:\/\/business.roovi.com\/ro\/wp-json\/wp\/v2\/media?parent=19911"}],"wp:term":[{"taxonomy":"product_brand","embeddable":true,"href":"https:\/\/business.roovi.com\/ro\/wp-json\/wp\/v2\/product_brand?post=19911"},{"taxonomy":"product_cat","embeddable":true,"href":"https:\/\/business.roovi.com\/ro\/wp-json\/wp\/v2\/product_cat?post=19911"},{"taxonomy":"product_tag","embeddable":true,"href":"https:\/\/business.roovi.com\/ro\/wp-json\/wp\/v2\/product_tag?post=19911"}],"curies":[{"name":"wp","href":"https:\/\/api.w.org\/{rel}","templated":true}]}}