{"id":19912,"date":"2020-04-22T14:08:07","date_gmt":"2020-04-22T14:08:07","guid":{"rendered":"https:\/\/business.roovi.com\/product\/puzzle-wassily-kandinsky-murnau-burggrabenstrasse-1000-piese\/"},"modified":"2023-03-20T21:28:26","modified_gmt":"2023-03-20T21:28:26","slug":"puzzle-adulti-1000-piese-wassily-kandinsky-murnau-burggrabenstrasse","status":"publish","type":"product","link":"https:\/\/business.roovi.com\/ro\/puzzle-adulti-1000-piese-wassily-kandinsky-murnau-burggrabenstrasse\/p\/","title":{"rendered":"Puzzle adul\u021bi 1000 piese Wassily Kandinsky &#8211; Murnau Burggrabenstrasse"},"content":{"rendered":"<p><span style=\"font-weight: 400;\">Puzzle 1000 piese cu imagini ale picturilor celebre aduc arta aproape de tine! Asambleaz\u0103 puzzle-uri de art\u0103 uimitoare \u0219i fii tu artistul care creeaz\u0103 opere des\u0103v\u00e2r\u0219ite.<\/span><\/p>\n<p><span style=\"font-weight: 400;\">Dac\u0103 \u00ee\u021bi plac imaginile \u00een culori vibrante, puzzle 1000 piese Wassily Kandinsky &#8211; Murnau Burggrabenstrasse<\/span> <span style=\"font-weight: 400;\">este perfect pentru tine. Tabloul \u00eenf\u0103\u021bi\u0219eaz\u0103 satul Murau situat la poalele Alpilor bavarezi. Artistul a locuit aici \u00eentre 1909-1914, o perioad\u0103 definitorie pentru evolu\u021bia sa artistic\u0103.<\/span><\/p>\n<p><span style=\"font-weight: 400;\">Kandinsky \u0219i-a imaginat arta ca fiind expresia evolu\u021biei spirituale. Construie\u0219te aceast\u0103 pictur\u0103 uimitoare \u0219i descoper\u0103 sensul mistic al scenei decorative.\u00a0<\/span><\/p>\n<p><span style=\"font-weight: 400;\">Pentru refacerea tabloului ai nevoie de o m\u0103su\u021b\u0103 obi\u0219nuit\u0103 de cafea pentru suportul pieselor de puzzle 1000 \u0219i de r\u0103bdare \u0219i perseveren\u021b\u0103. Vei ob\u021bine o imagine cu dimensiunile de 50 x 70 cm care va ar\u0103ta fascinant \u00eenr\u0103mat\u0103.<\/span><\/p>\n<p><strong>De ce s\u0103 alegi puzzle de art\u0103 Wassily Kandinsky &#8211; Murnau Burggrabenstrasse?<\/strong><\/p>\n<ul>\n<li><span style=\"font-weight: 400;\">Este confec\u021bionat din materiale calitative, mai exact, din carton albastru de calitate premium.<\/span><\/li>\n<li><span style=\"font-weight: 400;\">Ambalajul este reciclabil. Iubim natura \u0219i utiliz\u0103m materiale sustenabile, prietenoase cu mediul.<\/span><\/li>\n<li><span style=\"font-weight: 400;\">Este un puzzle minunat \u00een culori vii, cu un finisaj semi-lucios.<\/span><\/li>\n<li><span style=\"font-weight: 400;\">Are 1000 piese, iar activitatea de asamblare \u00ee\u021bi ofer\u0103 multe ore de distrac\u021bie \u0219i relaxare.<\/span><\/li>\n<li><span style=\"font-weight: 400;\">Poate fi ref\u0103cut de persoane cu v\u00e2rsta 14+, un motiv \u00een plus pentru a-i antrena \u00een aceast\u0103 activitate \u0219i pe adolescen\u021bi \u0219i a le face cunoscut\u0103 lumea artei.\u00a0<\/span><\/li>\n<\/ul>\n<p><strong>\u0218tiai c\u0103?..<\/strong><span style=\"font-weight: 400;\">.<\/span><\/p>\n<p><span style=\"font-weight: 400;\">Wassily Kandinsky este un pictor rus care este considerat\u00a0 p\u0103rintele artei abstracte.<\/span><\/p>\n<p><span style=\"font-weight: 400;\">S-a inspirat din muzic\u0103 \u0219i culoare \u00een realizarea operelor sale, iar primul deceniu din cariera sa artistic\u0103 s-a concentrat pe exprimarea acestora \u00een pictur\u0103.<\/span><\/p>\n<p><span style=\"font-weight: 400;\">Multe din titlurile lucr\u0103rilor lui se refer\u0103 la muzic\u0103, a\u0219a cum este cazul ciclului <\/span><em><span style=\"font-weight: 400;\">Compozi\u021bii<\/span><\/em><span style=\"font-weight: 400;\">.\u00a0<\/span><\/p>\n<p><span style=\"font-weight: 400;\">Pentru el, pictura era o form\u0103 de venera\u021bie \u0219i de evolu\u021bie spiritual\u0103.<\/span><\/p>\n<p><span style=\"font-weight: 400;\">Nazi\u0219tii i-au confiscat \u0219i i-au distrus mai multe lucr\u0103ri expuse \u00een cadrul expozi\u021biei &#8222;Arta degenerat\u0103&#8221; din 1937.<\/span><\/p>\n<p><span style=\"font-weight: 400;\">Spre sf\u00e2r\u0219itul vie\u021bii, lucr\u0103rile sale nu mai erau la fel de c\u0103utate. A murit \u00een singur\u0103tate, \u00eentr-o zon\u0103 retras\u0103 a Parisului.\u00a0<\/span><\/p>\n<p><strong>5 super avantaje ale jocurilor puzzle<\/strong><\/p>\n<p><strong>\u00ce\u021bi antreneaz\u0103 creierul. <\/strong><span style=\"font-weight: 400;\">S\u0103 faci puzzle 1000 piese este ca un exerci\u021biu la sal\u0103 pentru creier.<\/span> <span style=\"font-weight: 400;\">Sunt implicate ambele emisfere cerebrale \u00een aceast\u0103 activitate relaxant\u0103, astfel c\u0103 antrenamentul este complet \u0219i complex.<\/span><\/p>\n<p><strong>Te reconecteaz\u0103 cu tine \u00eensu\u021bi.<\/strong><span style=\"font-weight: 400;\"> Vrei momente de introspec\u021bie, s\u0103 te descoperi \u0219i s\u0103 \u00ee\u021bi \u00een\u021belegi tr\u0103irile interioare? Jocurile puzzle te ajut\u0103 \u0219i \u00een acest sens. C\u00e2nd stai \u00een fa\u021ba unei imagini din puzzle 1000 piese, mintea ta se deconecteaz\u0103 de la toate grijile cotidiene. E\u0219ti doar cu tine \u00eensu\u021bi, \u00ee\u021bi pui g\u00e2ndurile \u00een ordine \u0219i te bucuri de experien\u021ba prezent\u0103.<\/span><\/p>\n<p><strong>\u00ce\u021bi \u00eembun\u0103t\u0103\u021besc abilit\u0103\u021bile de rezolvare a problemelor.<\/strong><span style=\"font-weight: 400;\"> Via\u021ba \u00eentreag\u0103 este ca un puzzle, plin\u0103 de provoc\u0103ri \u0219i situa\u021bii neprev\u0103zute. Jocurile puzzle sunt un mic ajutor care vine s\u0103 te preg\u0103teasc\u0103 s\u0103 faci fa\u021b\u0103 unor situa\u021bii dificile. Un antrenament constant care \u00ee\u021bi \u00eembun\u0103t\u0103\u021be\u0219te abilit\u0103\u021bile de g\u0103sire a solu\u021biilor potrivite chiar \u0219i atunci c\u00e2nd crezi c\u0103 nu exist\u0103 rezolvare.<\/span><\/p>\n<p><strong>Te ajut\u0103 s\u0103 \u00ee\u021bi cre\u0219ti productivitatea. <\/strong><span style=\"font-weight: 400;\">Se \u0219tie c\u0103 oamenii relaxa\u021bi sunt mai productivi. S\u0103 refaci imagini din puzzle 1000 piese este o activitate recreativ\u0103 care \u00ee\u021bi aduce momente de relaxare. Astfel, reu\u0219e\u0219ti s\u0103 devii optimist \u0219i, bine\u00een\u021beles, productiv.<\/span><\/p>\n<p><strong>Te apropie de cei dragi.<\/strong><span style=\"font-weight: 400;\"> Cau\u021bi o activitate relaxant\u0103 \u00een familie? Vrei s\u0103 \u00eei \u021bii departe de ecrane pe copii t\u0103i adolescen\u021bi \u0219i s\u0103 ai o leg\u0103tur\u0103 mai str\u00e2ns\u0103 cu ei? Puzzle 1000 piese este o modalitate de apropiere \u0219i conexiune cu cei dragi. Alege\u021bi \u00eempreun\u0103 imaginile pe care dori\u021bi s\u0103 le reface\u021bi \u0219i construi\u021bi amintiri minunate \u00een zilele monotone din timpul anului.<\/span><\/p>\n<p><span style=\"font-weight: 400;\">Cump\u0103r\u0103 puzzle 1000 piese Wassily Kandinsky &#8211; Murnau Burggrabenstrasse<\/span> <span style=\"font-weight: 400;\">din colec\u021bia puzzle de art\u0103 \u0219i reconstituie un tablou abstract plin de culoare. Descoper\u0103 \u0219i alte jocuri puzzle cu imagini ale picturilor celebrului artist \u0219i construie\u0219te-\u021bi o colec\u021bie uimitoare din puzzle de art\u0103.<\/span><\/p>\n<p><span style=\"font-weight: 400;\">Puzzle 1000 piese Wassily Kandinsky &#8211; Murnau Burggrabenstrasse<\/span> <span style=\"font-weight: 400;\">este un cadou elegant pe care \u00eel vor aprecia cu siguran\u021b\u0103 prietenii t\u0103i. Ofer\u0103-l de S\u0103rb\u0103tori sau cu ocazii aniversare \u0219i adu bucurie pasiona\u021bilor de puzzle adul\u021bi pe care \u00eei cuno\u0219ti.\u00a0<\/span><\/p>\n<p>&nbsp;<\/p>\n","protected":false},"excerpt":{"rendered":"<p>Puzzle 1000 piese cu imagini ale picturilor celebre aduc arta aproape de tine! Asambleaz\u0103 puzzle-uri de art\u0103 uimitoare \u0219i fii<\/p>\n","protected":false},"featured_media":9957,"template":"","meta":[],"product_brand":[],"product_cat":[1454,1488,1560],"product_tag":[],"class_list":{"0":"post-19912","1":"product","2":"type-product","3":"status-publish","4":"has-post-thumbnail","6":"product_cat-puzzle","7":"product_cat-puzzle-adulti","8":"product_cat-puzzle-adulti-1000","9":"pa_brand-deico","10":"pa_country_of_manufacture-ro","11":"pa_filter_age-1315","12":"pa_tip_ambalaj-cutie","13":"pa_tip_puzzle-clasic","15":"first","16":"instock","17":"taxable","18":"shipping-taxable","19":"product-type-simple"},"yoast_head":"<!-- This site is optimized with the Yoast SEO plugin v20.1 - https:\/\/yoast.com\/wordpress\/plugins\/seo\/ -->\n<title>Puzzle adul\u021bi 1000 piese Wassily Kandinsky - Murnau Burggrabenstrasse - Roovi B2B<\/title>\n<meta name=\"robots\" content=\"index, follow, max-snippet:-1, max-image-preview:large, max-video-preview:-1\" \/>\n<link rel=\"canonical\" href=\"https:\/\/www.roovi.ro\/puzzle-adulti-1000-piese-wassily-kandinsky-murnau-burggrabenstrasse\/p\/\" \/>\n<meta property=\"og:locale\" content=\"ro_RO\" \/>\n<meta property=\"og:type\" content=\"article\" \/>\n<meta property=\"og:title\" content=\"Puzzle adul\u021bi 1000 piese Wassily Kandinsky - Murnau Burggrabenstrasse - Roovi B2B\" \/>\n<meta property=\"og:description\" content=\"Puzzle 1000 piese cu imagini ale picturilor celebre aduc arta aproape de tine! Asambleaz\u0103 puzzle-uri de art\u0103 uimitoare \u0219i fii\" \/>\n<meta property=\"og:url\" content=\"https:\/\/www.roovi.ro\/puzzle-adulti-1000-piese-wassily-kandinsky-murnau-burggrabenstrasse\/p\/\" \/>\n<meta property=\"og:site_name\" content=\"Roovi B2B\" \/>\n<meta property=\"article:publisher\" content=\"https:\/\/www.facebook.com\/wwwjucariero\" \/>\n<meta property=\"article:modified_time\" content=\"2023-03-20T21:28:26+00:00\" \/>\n<meta property=\"og:image\" content=\"https:\/\/business.roovi.com\/wp-content\/uploads\/2020\/04\/wassily_kandinsky-murnau_burggrabenstrasse_copy.jpg\" \/>\n\t<meta property=\"og:image:width\" content=\"1200\" \/>\n\t<meta property=\"og:image:height\" content=\"1200\" \/>\n\t<meta property=\"og:image:type\" content=\"image\/jpeg\" \/>\n<meta name=\"twitter:label1\" content=\"Timp estimat pentru citire\" \/>\n\t<meta name=\"twitter:data1\" content=\"4 minute\" \/>\n<script type=\"application\/ld+json\" class=\"yoast-schema-graph\">{\"@context\":\"https:\/\/schema.org\",\"@graph\":[{\"@type\":\"WebPage\",\"@id\":\"https:\/\/business.roovi.com\/ro\/puzzle-adulti-1000-piese-wassily-kandinsky-murnau-burggrabenstrasse\/p\/\",\"url\":\"https:\/\/www.roovi.ro\/puzzle-adulti-1000-piese-wassily-kandinsky-murnau-burggrabenstrasse\/p\/\",\"name\":\"Puzzle adul\u021bi 1000 piese Wassily Kandinsky - Murnau Burggrabenstrasse - Roovi B2B\",\"isPartOf\":{\"@id\":\"https:\/\/business.roovi.com\/ro\/#website\"},\"datePublished\":\"2020-04-22T14:08:07+00:00\",\"dateModified\":\"2023-03-20T21:28:26+00:00\",\"breadcrumb\":{\"@id\":\"https:\/\/www.roovi.ro\/puzzle-adulti-1000-piese-wassily-kandinsky-murnau-burggrabenstrasse\/p\/#breadcrumb\"},\"inLanguage\":\"ro-RO\",\"potentialAction\":[{\"@type\":\"ReadAction\",\"target\":[\"https:\/\/www.roovi.ro\/puzzle-adulti-1000-piese-wassily-kandinsky-murnau-burggrabenstrasse\/p\/\"]}]},{\"@type\":\"BreadcrumbList\",\"@id\":\"https:\/\/www.roovi.ro\/puzzle-adulti-1000-piese-wassily-kandinsky-murnau-burggrabenstrasse\/p\/#breadcrumb\",\"itemListElement\":[{\"@type\":\"ListItem\",\"position\":1,\"name\":\"Home\",\"item\":\"https:\/\/business.roovi.com\/ro\/\"},{\"@type\":\"ListItem\",\"position\":2,\"name\":\"Magazin\",\"item\":\"https:\/\/business.roovi.com\/ro\/magazin\/\"},{\"@type\":\"ListItem\",\"position\":3,\"name\":\"Puzzle adul\u021bi 1000 piese Wassily Kandinsky &#8211; Murnau Burggrabenstrasse\"}]},{\"@type\":\"WebSite\",\"@id\":\"https:\/\/business.roovi.com\/ro\/#website\",\"url\":\"https:\/\/business.roovi.com\/ro\/\",\"name\":\"Roovi B2B\",\"description\":\"Roovi Business Website\",\"potentialAction\":[{\"@type\":\"SearchAction\",\"target\":{\"@type\":\"EntryPoint\",\"urlTemplate\":\"https:\/\/business.roovi.com\/ro\/?s={search_term_string}\"},\"query-input\":\"required name=search_term_string\"}],\"inLanguage\":\"ro-RO\"}]}<\/script>\n<!-- \/ Yoast SEO plugin. -->","yoast_head_json":{"title":"Puzzle adul\u021bi 1000 piese Wassily Kandinsky - Murnau Burggrabenstrasse - Roovi B2B","robots":{"index":"index","follow":"follow","max-snippet":"max-snippet:-1","max-image-preview":"max-image-preview:large","max-video-preview":"max-video-preview:-1"},"canonical":"https:\/\/www.roovi.ro\/puzzle-adulti-1000-piese-wassily-kandinsky-murnau-burggrabenstrasse\/p\/","og_locale":"ro_RO","og_type":"article","og_title":"Puzzle adul\u021bi 1000 piese Wassily Kandinsky - Murnau Burggrabenstrasse - Roovi B2B","og_description":"Puzzle 1000 piese cu imagini ale picturilor celebre aduc arta aproape de tine! Asambleaz\u0103 puzzle-uri de art\u0103 uimitoare \u0219i fii","og_url":"https:\/\/www.roovi.ro\/puzzle-adulti-1000-piese-wassily-kandinsky-murnau-burggrabenstrasse\/p\/","og_site_name":"Roovi B2B","article_publisher":"https:\/\/www.facebook.com\/wwwjucariero","article_modified_time":"2023-03-20T21:28:26+00:00","og_image":[{"width":1200,"height":1200,"url":"https:\/\/business.roovi.com\/wp-content\/uploads\/2020\/04\/wassily_kandinsky-murnau_burggrabenstrasse_copy.jpg","type":"image\/jpeg"}],"twitter_misc":{"Timp estimat pentru citire":"4 minute"},"schema":{"@context":"https:\/\/schema.org","@graph":[{"@type":"WebPage","@id":"https:\/\/business.roovi.com\/ro\/puzzle-adulti-1000-piese-wassily-kandinsky-murnau-burggrabenstrasse\/p\/","url":"https:\/\/www.roovi.ro\/puzzle-adulti-1000-piese-wassily-kandinsky-murnau-burggrabenstrasse\/p\/","name":"Puzzle adul\u021bi 1000 piese Wassily Kandinsky - Murnau Burggrabenstrasse - Roovi B2B","isPartOf":{"@id":"https:\/\/business.roovi.com\/ro\/#website"},"datePublished":"2020-04-22T14:08:07+00:00","dateModified":"2023-03-20T21:28:26+00:00","breadcrumb":{"@id":"https:\/\/www.roovi.ro\/puzzle-adulti-1000-piese-wassily-kandinsky-murnau-burggrabenstrasse\/p\/#breadcrumb"},"inLanguage":"ro-RO","potentialAction":[{"@type":"ReadAction","target":["https:\/\/www.roovi.ro\/puzzle-adulti-1000-piese-wassily-kandinsky-murnau-burggrabenstrasse\/p\/"]}]},{"@type":"BreadcrumbList","@id":"https:\/\/www.roovi.ro\/puzzle-adulti-1000-piese-wassily-kandinsky-murnau-burggrabenstrasse\/p\/#breadcrumb","itemListElement":[{"@type":"ListItem","position":1,"name":"Home","item":"https:\/\/business.roovi.com\/ro\/"},{"@type":"ListItem","position":2,"name":"Magazin","item":"https:\/\/business.roovi.com\/ro\/magazin\/"},{"@type":"ListItem","position":3,"name":"Puzzle adul\u021bi 1000 piese Wassily Kandinsky &#8211; Murnau Burggrabenstrasse"}]},{"@type":"WebSite","@id":"https:\/\/business.roovi.com\/ro\/#website","url":"https:\/\/business.roovi.com\/ro\/","name":"Roovi B2B","description":"Roovi Business Website","potentialAction":[{"@type":"SearchAction","target":{"@type":"EntryPoint","urlTemplate":"https:\/\/business.roovi.com\/ro\/?s={search_term_string}"},"query-input":"required name=search_term_string"}],"inLanguage":"ro-RO"}]}},"_links":{"self":[{"href":"https:\/\/business.roovi.com\/ro\/wp-json\/wp\/v2\/product\/19912","targetHints":{"allow":["GET"]}}],"collection":[{"href":"https:\/\/business.roovi.com\/ro\/wp-json\/wp\/v2\/product"}],"about":[{"href":"https:\/\/business.roovi.com\/ro\/wp-json\/wp\/v2\/types\/product"}],"version-history":[{"count":0,"href":"https:\/\/business.roovi.com\/ro\/wp-json\/wp\/v2\/product\/19912\/revisions"}],"wp:featuredmedia":[{"embeddable":true,"href":"https:\/\/business.roovi.com\/ro\/wp-json\/wp\/v2\/media\/9957"}],"wp:attachment":[{"href":"https:\/\/business.roovi.com\/ro\/wp-json\/wp\/v2\/media?parent=19912"}],"wp:term":[{"taxonomy":"product_brand","embeddable":true,"href":"https:\/\/business.roovi.com\/ro\/wp-json\/wp\/v2\/product_brand?post=19912"},{"taxonomy":"product_cat","embeddable":true,"href":"https:\/\/business.roovi.com\/ro\/wp-json\/wp\/v2\/product_cat?post=19912"},{"taxonomy":"product_tag","embeddable":true,"href":"https:\/\/business.roovi.com\/ro\/wp-json\/wp\/v2\/product_tag?post=19912"}],"curies":[{"name":"wp","href":"https:\/\/api.w.org\/{rel}","templated":true}]}}