{"id":19913,"date":"2020-04-22T14:17:48","date_gmt":"2020-04-22T14:17:48","guid":{"rendered":"https:\/\/business.roovi.com\/product\/puzzle-cleopatra-by-groos-zselyke-1000-piese\/"},"modified":"2025-03-17T07:01:28","modified_gmt":"2025-03-17T07:01:28","slug":"puzzle-adulti-1000-piese-groos-zselyke-cleopatra","status":"publish","type":"product","link":"https:\/\/business.roovi.com\/ro\/puzzle-adulti-1000-piese-groos-zselyke-cleopatra\/p\/","title":{"rendered":"Puzzle adul\u021bi 1000 piese Groos Zselyke &#8211; Cleopatra"},"content":{"rendered":"<p><span style=\"font-weight: 400;\">Puzzle 1000 piese \u00ee\u021bi pune mintea la treab\u0103! Alege modele unice din cea mai mare gam\u0103 de puzzle adul\u021bi cu design fabulos \u0219i antreneaz\u0103-\u021bi creierul zi de zi.<\/span><\/p>\n<p><span style=\"font-weight: 400;\">Puzzle 1000 piese Cleopatra red\u0103 imaginea celebrei regine egiptene \u00eentr-o ilustra\u021bie fabuloas\u0103 realizat\u0103 de artista Groos Zselyke. Multe detalii specifice antichit\u0103\u021bii egiptene, \u00een culori vii \u00ee\u021bi vor pune la \u00eencercare perseveren\u021ba \u0219i aten\u021bia la detalii.<\/span><\/p>\n<p><span style=\"font-weight: 400;\">Faraon \u0219i regin\u0103, Cleopatra a fost de-a lungul secolelor surs\u0103 de inspira\u021bie pentru pictori, muzicieni, scriitori \u0219i regizori. Celebr\u0103 \u00een special pentru frumuse\u021bea \u0219i aventurile amoroase cu Iulius Cezar sau Marc Antoniu, Cleopatra a fost un politician des\u0103v\u00e2r\u0219it \u0219i un lider influent al vremurilor sale.<\/span><\/p>\n<p><span style=\"font-weight: 400;\">Po\u021bi reface acest puzzle uimitor \u00eempreun\u0103 cu fiica ta adolescent\u0103. \u00cei vei oferi mai mult dec\u00e2t un joc puzzle: o poveste fascinant\u0103 a unei femei puternice \u0219i hot\u0103r\u00e2te al c\u0103rui nume d\u0103inuie \u0219i ast\u0103zi.<\/span><\/p>\n<p><span style=\"font-weight: 400;\">Pentru refacerea imaginii, po\u021bi utiliza o m\u0103su\u021b\u0103 obi\u0219nuit\u0103 de cafea. Tabloul ob\u021binut are dimensiunile de 50 x 70 cm. \u00cel po\u021bi \u00eenr\u0103ma \u0219i va ar\u0103ta uimitor \u00een camera fiicei tale.<\/span><\/p>\n<p><span style=\"font-weight: 400;\">Caracteristici puzzle 1000 piese Cleopatra:<\/span><\/p>\n<p><strong>Material puzzle:\u00a0<\/strong><\/p>\n<p><strong>carton albastru de o calitate superioar\u0103<\/strong><\/p>\n<p><strong>materiale sustenabile, reciclabile<\/strong><\/p>\n<p><strong>finisaj semi-lucios, culori vii<\/strong><\/p>\n<p><strong>Num\u0103rul pieselor de puzzle: 1000<\/strong><\/p>\n<p><strong>V\u00e2rsta recomandat\u0103: 14+<\/strong><\/p>\n<p><strong>5 motive s\u0103 alegi puzzle 1000 piese Cleopatra<\/strong><\/p>\n<p><span style=\"font-weight: 400;\">1. Petreci timp de calitate cu copiii t\u0103i \u0219i crea\u021bi \u00eempreun\u0103 un tablou deosebit.<\/span><\/p>\n<p><span style=\"font-weight: 400;\">2. Te relaxezi \u0219i te deconectezi de la telefonul mobil.<\/span><\/p>\n<p><span style=\"font-weight: 400;\">3. Ai ocazia s\u0103 \u00ee\u021bi dezvol\u021bi abilit\u0103\u021bile de refacere a jocurilor puzzle.<\/span><\/p>\n<p><span style=\"font-weight: 400;\">4. \u00ce\u021bi dezvol\u021bi sim\u021bul coloristic.<\/span><\/p>\n<p><span style=\"font-weight: 400;\">5. \u00ce\u021bi antrenezi memoria \u0219i aten\u021bia la detalii.<\/span><\/p>\n<p><strong>C\u00e2teva informa\u021bii inedite despre Cleopatra<\/strong><\/p>\n<p><span style=\"font-weight: 400;\">S-a n\u0103scut \u00een Egipt, dar nu era egipteanc\u0103. Se tr\u0103gea din dinastia Ptolemeilor, o familie regal\u0103 macedonean\u0103 greac\u0103.<\/span><\/p>\n<p><span style=\"font-weight: 400;\">A fost o femeie inteligent\u0103 \u0219i a studiat matematica, chimia \u0219i filosofia. Se spune c\u0103 vorbea 7 limbi, printre care greaca, araba \u0219i ebraica.<\/span><\/p>\n<p><span style=\"font-weight: 400;\">De\u0219i frumuse\u021bea Cleopatrei este idealizat\u0103 \u00een imagini \u0219i filme, istoricii antici sus\u021bin c\u0103 nu exist\u0103 dovezi \u00een acest sens.<\/span><\/p>\n<p><span style=\"font-weight: 400;\">Dar asta nu \u00eenseamn\u0103 c\u0103 ea se considera o femeie banal\u0103, dimpotriv\u0103. Se \u00eenconjura de lux \u0219i opulen\u021b\u0103 \u0219i se \u00eembr\u0103ca precum zei\u021ba Isis la diverse ceremonii.\u00a0<\/span><\/p>\n<p><span style=\"font-weight: 400;\">Moartea ei este \u00eenc\u0103 \u00eenv\u0103luit\u0103 \u00een mister. Unii spun c\u0103 s-a sinucis prin mu\u0219c\u0103tura unei vipere, al\u021bii c\u0103 Octavian ar fi otr\u0103vit apa pe care o bea sau c\u0103 a ucis-o cu o sabie.<\/span><\/p>\n<p><strong>Jocurile puzzle sunt o experien\u021b\u0103 meditativ\u0103<\/strong><\/p>\n<p><span style=\"font-weight: 400;\">Starea de concentrare intens\u0103 pe care o experimentezi \u00een timpul unui joc puzzle creeaz\u0103 un echilibru \u00eentre cele dou\u0103 emisfere cerebrale. Aceast\u0103 sinergie te ajut\u0103 s\u0103 ajungi la un nivel superior de con\u0219tientizare. Reu\u0219e\u0219ti s\u0103 tr\u0103ie\u0219ti cu intensitate momentul prezent \u0219i s\u0103 te bucuri de clipele minunate de relaxare.<\/span><\/p>\n<p><span style=\"font-weight: 400;\">Aceast\u0103 experien\u021b\u0103 este asem\u0103n\u0103toare cu o medita\u021bie \u0219i efectele benefice se vor vedea \u00een scurt timp:<\/span><\/p>\n<ul>\n<li><span style=\"font-weight: 400;\">Te eliberezi de st\u0103rile de stres.<\/span><\/li>\n<li><span style=\"font-weight: 400;\">Reu\u0219e\u0219ti s\u0103-\u021bi gestionezi anxietatea \u0219i s\u0103 previi atacurile de panic\u0103.<\/span><\/li>\n<li><span style=\"font-weight: 400;\">\u00ce\u021bi \u00eembun\u0103t\u0103\u021be\u0219ti starea de spirit.\u00a0<\/span><\/li>\n<li><span style=\"font-weight: 400;\">E\u0219ti mai optimist \u0219i mai relaxat.<\/span><\/li>\n<\/ul>\n<p><span style=\"font-weight: 400;\">Alege puzzle 1000 piese Cleopatra \u00een design-ul inedit realizat de artista Groos Zselyke \u0219i bucur\u0103-te de toate avantajele pe care \u021bi le ofer\u0103 un joc puzzle. Cump\u0103r\u0103 acest uimitor puzzle adul\u021bi pentru tine sau ofer\u0103-l \u00een dar prietenilor de S\u0103rb\u0103tori sau la zile aniversare.<\/span><\/p>\n","protected":false},"excerpt":{"rendered":"<p>Puzzle 1000 piese \u00ee\u021bi pune mintea la treab\u0103! Alege modele unice din cea mai mare gam\u0103 de puzzle adul\u021bi cu<\/p>\n","protected":false},"featured_media":9960,"template":"","meta":[],"product_brand":[],"product_cat":[1454,1488,1560],"product_tag":[],"class_list":{"0":"post-19913","1":"product","2":"type-product","3":"status-publish","4":"has-post-thumbnail","6":"product_cat-puzzle","7":"product_cat-puzzle-adulti","8":"product_cat-puzzle-adulti-1000","9":"pa_brand-deico","10":"pa_country_of_manufacture-ro","11":"pa_filter_age-1315","12":"pa_tip_ambalaj-cutie","13":"pa_tip_puzzle-clasic","15":"first","16":"instock","17":"taxable","18":"shipping-taxable","19":"product-type-simple"},"yoast_head":"<!-- This site is optimized with the Yoast SEO plugin v20.1 - https:\/\/yoast.com\/wordpress\/plugins\/seo\/ -->\n<title>Puzzle adul\u021bi 1000 piese Groos Zselyke - Cleopatra - Roovi B2B<\/title>\n<meta name=\"robots\" content=\"index, follow, max-snippet:-1, max-image-preview:large, max-video-preview:-1\" \/>\n<link rel=\"canonical\" href=\"https:\/\/www.roovi.ro\/puzzle-adulti-1000-piese-groos-zselyke-cleopatra\/p\/\" \/>\n<meta property=\"og:locale\" content=\"ro_RO\" \/>\n<meta property=\"og:type\" content=\"article\" \/>\n<meta property=\"og:title\" content=\"Puzzle adul\u021bi 1000 piese Groos Zselyke - Cleopatra - Roovi B2B\" \/>\n<meta property=\"og:description\" content=\"Puzzle 1000 piese \u00ee\u021bi pune mintea la treab\u0103! Alege modele unice din cea mai mare gam\u0103 de puzzle adul\u021bi cu\" \/>\n<meta property=\"og:url\" content=\"https:\/\/www.roovi.ro\/puzzle-adulti-1000-piese-groos-zselyke-cleopatra\/p\/\" \/>\n<meta property=\"og:site_name\" content=\"Roovi B2B\" \/>\n<meta property=\"article:publisher\" content=\"https:\/\/www.facebook.com\/wwwjucariero\" \/>\n<meta property=\"article:modified_time\" content=\"2025-03-17T07:01:28+00:00\" \/>\n<meta property=\"og:image\" content=\"https:\/\/business.roovi.com\/wp-content\/uploads\/2020\/04\/p1000_zelyke-kleopatra_copy.jpg\" \/>\n\t<meta property=\"og:image:width\" content=\"1200\" \/>\n\t<meta property=\"og:image:height\" content=\"1200\" \/>\n\t<meta property=\"og:image:type\" content=\"image\/jpeg\" \/>\n<meta name=\"twitter:label1\" content=\"Timp estimat pentru citire\" \/>\n\t<meta name=\"twitter:data1\" content=\"3 minute\" \/>\n<script type=\"application\/ld+json\" class=\"yoast-schema-graph\">{\"@context\":\"https:\/\/schema.org\",\"@graph\":[{\"@type\":\"WebPage\",\"@id\":\"https:\/\/business.roovi.com\/ro\/puzzle-adulti-1000-piese-groos-zselyke-cleopatra\/p\/\",\"url\":\"https:\/\/www.roovi.ro\/puzzle-adulti-1000-piese-groos-zselyke-cleopatra\/p\/\",\"name\":\"Puzzle adul\u021bi 1000 piese Groos Zselyke - Cleopatra - Roovi B2B\",\"isPartOf\":{\"@id\":\"https:\/\/business.roovi.com\/ro\/#website\"},\"datePublished\":\"2020-04-22T14:17:48+00:00\",\"dateModified\":\"2025-03-17T07:01:28+00:00\",\"breadcrumb\":{\"@id\":\"https:\/\/www.roovi.ro\/puzzle-adulti-1000-piese-groos-zselyke-cleopatra\/p\/#breadcrumb\"},\"inLanguage\":\"ro-RO\",\"potentialAction\":[{\"@type\":\"ReadAction\",\"target\":[\"https:\/\/www.roovi.ro\/puzzle-adulti-1000-piese-groos-zselyke-cleopatra\/p\/\"]}]},{\"@type\":\"BreadcrumbList\",\"@id\":\"https:\/\/www.roovi.ro\/puzzle-adulti-1000-piese-groos-zselyke-cleopatra\/p\/#breadcrumb\",\"itemListElement\":[{\"@type\":\"ListItem\",\"position\":1,\"name\":\"Home\",\"item\":\"https:\/\/business.roovi.com\/ro\/\"},{\"@type\":\"ListItem\",\"position\":2,\"name\":\"Magazin\",\"item\":\"https:\/\/business.roovi.com\/ro\/magazin\/\"},{\"@type\":\"ListItem\",\"position\":3,\"name\":\"Puzzle adul\u021bi 1000 piese Groos Zselyke &#8211; Cleopatra\"}]},{\"@type\":\"WebSite\",\"@id\":\"https:\/\/business.roovi.com\/ro\/#website\",\"url\":\"https:\/\/business.roovi.com\/ro\/\",\"name\":\"Roovi B2B\",\"description\":\"Roovi Business Website\",\"potentialAction\":[{\"@type\":\"SearchAction\",\"target\":{\"@type\":\"EntryPoint\",\"urlTemplate\":\"https:\/\/business.roovi.com\/ro\/?s={search_term_string}\"},\"query-input\":\"required name=search_term_string\"}],\"inLanguage\":\"ro-RO\"}]}<\/script>\n<!-- \/ Yoast SEO plugin. -->","yoast_head_json":{"title":"Puzzle adul\u021bi 1000 piese Groos Zselyke - Cleopatra - Roovi B2B","robots":{"index":"index","follow":"follow","max-snippet":"max-snippet:-1","max-image-preview":"max-image-preview:large","max-video-preview":"max-video-preview:-1"},"canonical":"https:\/\/www.roovi.ro\/puzzle-adulti-1000-piese-groos-zselyke-cleopatra\/p\/","og_locale":"ro_RO","og_type":"article","og_title":"Puzzle adul\u021bi 1000 piese Groos Zselyke - Cleopatra - Roovi B2B","og_description":"Puzzle 1000 piese \u00ee\u021bi pune mintea la treab\u0103! Alege modele unice din cea mai mare gam\u0103 de puzzle adul\u021bi cu","og_url":"https:\/\/www.roovi.ro\/puzzle-adulti-1000-piese-groos-zselyke-cleopatra\/p\/","og_site_name":"Roovi B2B","article_publisher":"https:\/\/www.facebook.com\/wwwjucariero","article_modified_time":"2025-03-17T07:01:28+00:00","og_image":[{"width":1200,"height":1200,"url":"https:\/\/business.roovi.com\/wp-content\/uploads\/2020\/04\/p1000_zelyke-kleopatra_copy.jpg","type":"image\/jpeg"}],"twitter_misc":{"Timp estimat pentru citire":"3 minute"},"schema":{"@context":"https:\/\/schema.org","@graph":[{"@type":"WebPage","@id":"https:\/\/business.roovi.com\/ro\/puzzle-adulti-1000-piese-groos-zselyke-cleopatra\/p\/","url":"https:\/\/www.roovi.ro\/puzzle-adulti-1000-piese-groos-zselyke-cleopatra\/p\/","name":"Puzzle adul\u021bi 1000 piese Groos Zselyke - Cleopatra - Roovi B2B","isPartOf":{"@id":"https:\/\/business.roovi.com\/ro\/#website"},"datePublished":"2020-04-22T14:17:48+00:00","dateModified":"2025-03-17T07:01:28+00:00","breadcrumb":{"@id":"https:\/\/www.roovi.ro\/puzzle-adulti-1000-piese-groos-zselyke-cleopatra\/p\/#breadcrumb"},"inLanguage":"ro-RO","potentialAction":[{"@type":"ReadAction","target":["https:\/\/www.roovi.ro\/puzzle-adulti-1000-piese-groos-zselyke-cleopatra\/p\/"]}]},{"@type":"BreadcrumbList","@id":"https:\/\/www.roovi.ro\/puzzle-adulti-1000-piese-groos-zselyke-cleopatra\/p\/#breadcrumb","itemListElement":[{"@type":"ListItem","position":1,"name":"Home","item":"https:\/\/business.roovi.com\/ro\/"},{"@type":"ListItem","position":2,"name":"Magazin","item":"https:\/\/business.roovi.com\/ro\/magazin\/"},{"@type":"ListItem","position":3,"name":"Puzzle adul\u021bi 1000 piese Groos Zselyke &#8211; Cleopatra"}]},{"@type":"WebSite","@id":"https:\/\/business.roovi.com\/ro\/#website","url":"https:\/\/business.roovi.com\/ro\/","name":"Roovi B2B","description":"Roovi Business Website","potentialAction":[{"@type":"SearchAction","target":{"@type":"EntryPoint","urlTemplate":"https:\/\/business.roovi.com\/ro\/?s={search_term_string}"},"query-input":"required name=search_term_string"}],"inLanguage":"ro-RO"}]}},"_links":{"self":[{"href":"https:\/\/business.roovi.com\/ro\/wp-json\/wp\/v2\/product\/19913","targetHints":{"allow":["GET"]}}],"collection":[{"href":"https:\/\/business.roovi.com\/ro\/wp-json\/wp\/v2\/product"}],"about":[{"href":"https:\/\/business.roovi.com\/ro\/wp-json\/wp\/v2\/types\/product"}],"version-history":[{"count":0,"href":"https:\/\/business.roovi.com\/ro\/wp-json\/wp\/v2\/product\/19913\/revisions"}],"wp:featuredmedia":[{"embeddable":true,"href":"https:\/\/business.roovi.com\/ro\/wp-json\/wp\/v2\/media\/9960"}],"wp:attachment":[{"href":"https:\/\/business.roovi.com\/ro\/wp-json\/wp\/v2\/media?parent=19913"}],"wp:term":[{"taxonomy":"product_brand","embeddable":true,"href":"https:\/\/business.roovi.com\/ro\/wp-json\/wp\/v2\/product_brand?post=19913"},{"taxonomy":"product_cat","embeddable":true,"href":"https:\/\/business.roovi.com\/ro\/wp-json\/wp\/v2\/product_cat?post=19913"},{"taxonomy":"product_tag","embeddable":true,"href":"https:\/\/business.roovi.com\/ro\/wp-json\/wp\/v2\/product_tag?post=19913"}],"curies":[{"name":"wp","href":"https:\/\/api.w.org\/{rel}","templated":true}]}}