{"id":19914,"date":"2020-04-22T14:29:18","date_gmt":"2020-04-22T14:29:18","guid":{"rendered":"https:\/\/business.roovi.com\/product\/puzzle-cartoon-map-europe-1000-piese\/"},"modified":"2025-03-19T07:25:32","modified_gmt":"2025-03-19T07:25:32","slug":"puzzle-cartoon-map-europe-1000-piese","status":"publish","type":"product","link":"https:\/\/business.roovi.com\/ro\/puzzle-cartoon-map-europe-1000-piese\/p\/","title":{"rendered":"Puzzle adul\u021bi 1000 piese Cartoon &#8211; Europe Map"},"content":{"rendered":"<h3><b>Deconecteaz\u0103-te de la ritmul rapid al fiec\u0103rei zilei cu puzzle 1000 piese Cartoon &#8211; Europe Map.\u00a0<\/b><\/h3>\n<p><span style=\"font-weight: 400;\">O mul\u021bime de personaje adorabile, unul mai \u0219ugub\u0103\u021b dec\u00e2t altul, \u00ee\u0219i fac de cap prin Europa. Pune piesele de puzzle 1000 \u00een ordine \u0219i g\u0103se\u0219te fiecare protagonist din inedita ilustra\u021bie.<\/span><\/p>\n<p><span style=\"font-weight: 400;\">Puzzle 1000 piese Cartoon &#8211; Harta Europei este f\u0103urit cu minu\u021biozitate, fiecare personaj este unic, iar dac\u0103 sesizezi micile detalii, jocul puzzle devine foarte u\u0219or de asamblat. Ilustra\u021bia deosebit\u0103 cu o lume uimitoare \u00een mi\u0219care \u00ee\u021bi treze\u0219te entuziasm \u0219i bucurie. Te sim\u021bi ca un copil fascinat de noua sa descoperire.\u00a0<\/span><\/p>\n<p><span style=\"font-weight: 400;\">Dac\u0103 te sim\u021bi cople\u0219it \u0219i ai nevoie s\u0103 \u00ee\u021bi reg\u0103se\u0219ti echilibrul sau dac\u0103 vrei s\u0103 petreci timp de calitate al\u0103turi de copiii t\u0103i, puzzle adul\u021bi 1000 piese Cartoon &#8211; Europe Map este alegerea potrivit\u0103.<\/span><\/p>\n<p><span style=\"font-weight: 400;\">Te invit\u0103m a\u0219adar s\u0103 p\u0103\u0219e\u0219ti \u00eentr-o lume animat\u0103, plin\u0103 de culoare \u0219i energii pozitive. Bucur\u0103-te de o sesiune de relaxare, mult umor \u0219i voie bun\u0103 \u00een compania unui joc puzzle animat \u0219i colorat.<\/span><\/p>\n<h3><b>De ce s\u0103 alegi puzzle 1000 piese Harta Europei din colec\u021bia puzzle Cartoon?<\/b><\/h3>\n<p><span style=\"font-weight: 400;\">Ob\u021bii un tablou plin de culoare \u0219i vibra\u021bii pozitive, cu dimensiunile de 47 x 68 cm, care va da un aspect pl\u0103cut oric\u0103rui loc \u00een care \u00eel vei expune.<\/span><\/p>\n<p><span style=\"font-weight: 400;\">Piesele de puzzle 1000 sunt t\u0103iate cu precizie, sunt unice \u0219i se \u00eembin\u0103 perfect \u00eentr-un veritabil tablou de colec\u021bie.<\/span><\/p>\n<p><span style=\"font-weight: 400;\">Un puzzle 1000 piese este o modalitate relaxant\u0103 de a petrece timpul liber.<\/span><\/p>\n<p><span style=\"font-weight: 400;\">Este produs din carton de calitate superioar\u0103, foarte rezistent \u00een timp la asambl\u0103ri multiple.<\/span><\/p>\n<p><span style=\"font-weight: 400;\">Finisajul semi-lucios \u0219i culorile vii scot \u00een eviden\u021b\u0103 frumuse\u021bea imaginii.<\/span><\/p>\n<p><span style=\"font-weight: 400;\">Este un produs bl\u00e2nd cu natura, fiind confec\u021bionat din materiale sustenabile \u0219i reciclabile.<\/span><\/p>\n<p><span style=\"font-weight: 400;\">Potrivit celor peste 14 ani, deci o bun\u0103 oportunitate de a petrece timpul liber al\u0103turi de adolescen\u021bi.<\/span><\/p>\n<p><strong>Jocurile puzzle sunt antrenante, educative \u0219i distractive. Iat\u0103 c\u00e2teva dintre avantajele pe care \u021bi le ofer\u0103:<\/strong><\/p>\n<ul>\n<li><span style=\"font-weight: 400;\">\u00ce\u021bi cultiv\u0103 r\u0103bdarea \u0219i perseveren\u021ba.<\/span><\/li>\n<li><span style=\"font-weight: 400;\">Favorizeaz\u0103 concentrarea \u0219i coordonarea m\u00e2n\u0103-ochi.<\/span><\/li>\n<li><span style=\"font-weight: 400;\">Te ajut\u0103 s\u0103-\u021bi men\u021bii s\u0103n\u0103tatea creierului, fiind un antrenament complex pentru acest.<\/span><\/li>\n<li><span style=\"font-weight: 400;\">Te stimuleaz\u0103 s\u0103 g\u00e2nde\u0219ti creativ \u0219i logic, \u00een acela\u0219i timp.<\/span><\/li>\n<li><span style=\"font-weight: 400;\">\u00ce\u021bi dezvolt\u0103 capacitatea de a rezolva problemele \u0219i de a g\u0103si solu\u021bii \u00een orice situa\u021bie.<\/span><\/li>\n<li><span style=\"font-weight: 400;\">Pot fi o alternativ\u0103 de socializare \u0219i sudare a rela\u021biilor cu cei apropia\u021bi.<\/span><\/li>\n<\/ul>\n<h3><b>\u0218tiai c\u0103\u2026<\/b><\/h3>\n<ul>\n<li><span style=\"font-weight: 400;\">\u00cen mitologia greac\u0103, <\/span><i><span style=\"font-weight: 400;\">Europa<\/span><\/i><span style=\"font-weight: 400;\"> era numele unei prin\u021bese feniciene pe care se spune c\u0103 Zeus a r\u0103pit-o \u0219i a dus-o \u00een Creta.<\/span><\/li>\n<li><span style=\"font-weight: 400;\">Cea mai veche monarhie din Europa este cea din Danemarca.\u00a0<\/span><\/li>\n<li><span style=\"font-weight: 400;\">Tot \u00een Europa se afl\u0103 \u0219i cel mai vechi vulcan din lume: Etna.<\/span><\/li>\n<li><span style=\"font-weight: 400;\">\u00cen Europa exist\u0103 aproximativ 225 de limbi indigene, ceea ce reprezint\u0103 3% din totalul mondial.<\/span><\/li>\n<li><span style=\"font-weight: 400;\">\u00cen Norvegia exist\u0103 un pinguin\u2026 aristocrat. Pinguinul imperial Sir Nils Olav III a fost ridicat la rangul de cavaler \u0219i este mascota G\u0103rzii Regale Norvegiene.<\/span><\/li>\n<\/ul>\n<h3><b>Puzzle 1000 piese Cartoon &#8211; Europe Map pentru multe ore fericite<\/b><\/h3>\n<p><span style=\"font-weight: 400;\">Jocurile puzzle sunt o activitate relaxant\u0103 care favorizeaz\u0103 cre\u0219terea secre\u021biei de dopamin\u0103 la nivel cerebral. Acest neurotransmi\u021b\u0103tor are un rol deosebit de important pentru organism, de la controlul mi\u0219c\u0103rii p\u00e2n\u0103 la gestionarea emo\u021biilor, a\u0219adar cu influen\u021b\u0103 direct\u0103 asupra s\u0103n\u0103t\u0103\u021bii fizice \u0219i mentale.<\/span><\/p>\n<p><span style=\"font-weight: 400;\">Iat\u0103 de ce fiecare pies\u0103 pus\u0103 la locul potrivit \u00ee\u021bi d\u0103 o senza\u021bie de satisfac\u021bie \u0219i de bucurie, iar \u00een timpul jocului puzzle te sim\u021bi \u00een largul t\u0103u \u0219i te \u00eenc\u00e2nt\u0103 provocarea mental\u0103 de a \u00eentregi o imagine din 1000 piese puzzle.<\/span><\/p>\n<p><span style=\"font-weight: 400;\">Alege puzzle adul\u021bi 1000 piese Harta Europei din colec\u021bia puzzle Cartoon pentru momente de relaxare, conectare cu cei dragi \u0219i distrac\u021bie veritabil\u0103. De asemenea, dac\u0103 e\u0219ti \u00een c\u0103utarea unui cadou pentru cei dragi, acest joc puzzle original te scoate din impas.<\/span><\/p>\n<p>&nbsp;<\/p>\n","protected":false},"excerpt":{"rendered":"<p>Deconecteaz\u0103-te de la ritmul rapid al fiec\u0103rei zilei cu puzzle 1000 piese Cartoon &#8211; Europe Map.\u00a0 O mul\u021bime de personaje<\/p>\n","protected":false},"featured_media":59837,"template":"","meta":[],"product_brand":[],"product_cat":[1454,1488,1560],"product_tag":[],"class_list":{"0":"post-19914","1":"product","2":"type-product","3":"status-publish","4":"has-post-thumbnail","6":"product_cat-puzzle","7":"product_cat-puzzle-adulti","8":"product_cat-puzzle-adulti-1000","9":"pa_brand-deico","10":"pa_country_of_manufacture-ro","11":"pa_filter_age-1315","12":"pa_painter-cartooncollection","13":"pa_tip_ambalaj-cutie","14":"pa_tip_puzzle-clasic","16":"first","17":"instock","18":"taxable","19":"shipping-taxable","20":"product-type-simple"},"yoast_head":"<!-- This site is optimized with the Yoast SEO plugin v20.1 - https:\/\/yoast.com\/wordpress\/plugins\/seo\/ -->\n<title>Puzzle adul\u021bi 1000 piese Cartoon - Europe Map - Roovi B2B<\/title>\n<meta name=\"robots\" content=\"index, follow, max-snippet:-1, max-image-preview:large, max-video-preview:-1\" \/>\n<link rel=\"canonical\" href=\"https:\/\/www.roovi.ro\/puzzle-cartoon-map-europe-1000-piese\/p\/\" \/>\n<meta property=\"og:locale\" content=\"ro_RO\" \/>\n<meta property=\"og:type\" content=\"article\" \/>\n<meta property=\"og:title\" content=\"Puzzle adul\u021bi 1000 piese Cartoon - Europe Map - Roovi B2B\" \/>\n<meta property=\"og:description\" content=\"Deconecteaz\u0103-te de la ritmul rapid al fiec\u0103rei zilei cu puzzle 1000 piese Cartoon &#8211; Europe Map.\u00a0 O mul\u021bime de personaje\" \/>\n<meta property=\"og:url\" content=\"https:\/\/www.roovi.ro\/puzzle-cartoon-map-europe-1000-piese\/p\/\" \/>\n<meta property=\"og:site_name\" content=\"Roovi B2B\" \/>\n<meta property=\"article:publisher\" content=\"https:\/\/www.facebook.com\/wwwjucariero\" \/>\n<meta property=\"article:modified_time\" content=\"2025-03-19T07:25:32+00:00\" \/>\n<meta property=\"og:image\" content=\"https:\/\/business.roovi.com\/wp-content\/uploads\/2020\/04\/76120-Ansamblu_dimensiuni-cutie-cm_orizontal.png\" \/>\n\t<meta property=\"og:image:width\" content=\"1200\" \/>\n\t<meta property=\"og:image:height\" content=\"1200\" \/>\n\t<meta property=\"og:image:type\" content=\"image\/png\" \/>\n<meta name=\"twitter:label1\" content=\"Timp estimat pentru citire\" \/>\n\t<meta name=\"twitter:data1\" content=\"3 minute\" \/>\n<script type=\"application\/ld+json\" class=\"yoast-schema-graph\">{\"@context\":\"https:\/\/schema.org\",\"@graph\":[{\"@type\":\"WebPage\",\"@id\":\"https:\/\/business.roovi.com\/ro\/puzzle-cartoon-map-europe-1000-piese\/p\/\",\"url\":\"https:\/\/www.roovi.ro\/puzzle-cartoon-map-europe-1000-piese\/p\/\",\"name\":\"Puzzle adul\u021bi 1000 piese Cartoon - Europe Map - Roovi B2B\",\"isPartOf\":{\"@id\":\"https:\/\/business.roovi.com\/ro\/#website\"},\"datePublished\":\"2020-04-22T14:29:18+00:00\",\"dateModified\":\"2025-03-19T07:25:32+00:00\",\"breadcrumb\":{\"@id\":\"https:\/\/www.roovi.ro\/puzzle-cartoon-map-europe-1000-piese\/p\/#breadcrumb\"},\"inLanguage\":\"ro-RO\",\"potentialAction\":[{\"@type\":\"ReadAction\",\"target\":[\"https:\/\/www.roovi.ro\/puzzle-cartoon-map-europe-1000-piese\/p\/\"]}]},{\"@type\":\"BreadcrumbList\",\"@id\":\"https:\/\/www.roovi.ro\/puzzle-cartoon-map-europe-1000-piese\/p\/#breadcrumb\",\"itemListElement\":[{\"@type\":\"ListItem\",\"position\":1,\"name\":\"Home\",\"item\":\"https:\/\/business.roovi.com\/ro\/\"},{\"@type\":\"ListItem\",\"position\":2,\"name\":\"Magazin\",\"item\":\"https:\/\/business.roovi.com\/ro\/magazin\/\"},{\"@type\":\"ListItem\",\"position\":3,\"name\":\"Puzzle adul\u021bi 1000 piese Cartoon &#8211; Europe Map\"}]},{\"@type\":\"WebSite\",\"@id\":\"https:\/\/business.roovi.com\/ro\/#website\",\"url\":\"https:\/\/business.roovi.com\/ro\/\",\"name\":\"Roovi B2B\",\"description\":\"Roovi Business Website\",\"potentialAction\":[{\"@type\":\"SearchAction\",\"target\":{\"@type\":\"EntryPoint\",\"urlTemplate\":\"https:\/\/business.roovi.com\/ro\/?s={search_term_string}\"},\"query-input\":\"required name=search_term_string\"}],\"inLanguage\":\"ro-RO\"}]}<\/script>\n<!-- \/ Yoast SEO plugin. -->","yoast_head_json":{"title":"Puzzle adul\u021bi 1000 piese Cartoon - Europe Map - Roovi B2B","robots":{"index":"index","follow":"follow","max-snippet":"max-snippet:-1","max-image-preview":"max-image-preview:large","max-video-preview":"max-video-preview:-1"},"canonical":"https:\/\/www.roovi.ro\/puzzle-cartoon-map-europe-1000-piese\/p\/","og_locale":"ro_RO","og_type":"article","og_title":"Puzzle adul\u021bi 1000 piese Cartoon - Europe Map - Roovi B2B","og_description":"Deconecteaz\u0103-te de la ritmul rapid al fiec\u0103rei zilei cu puzzle 1000 piese Cartoon &#8211; Europe Map.\u00a0 O mul\u021bime de personaje","og_url":"https:\/\/www.roovi.ro\/puzzle-cartoon-map-europe-1000-piese\/p\/","og_site_name":"Roovi B2B","article_publisher":"https:\/\/www.facebook.com\/wwwjucariero","article_modified_time":"2025-03-19T07:25:32+00:00","og_image":[{"width":1200,"height":1200,"url":"https:\/\/business.roovi.com\/wp-content\/uploads\/2020\/04\/76120-Ansamblu_dimensiuni-cutie-cm_orizontal.png","type":"image\/png"}],"twitter_misc":{"Timp estimat pentru citire":"3 minute"},"schema":{"@context":"https:\/\/schema.org","@graph":[{"@type":"WebPage","@id":"https:\/\/business.roovi.com\/ro\/puzzle-cartoon-map-europe-1000-piese\/p\/","url":"https:\/\/www.roovi.ro\/puzzle-cartoon-map-europe-1000-piese\/p\/","name":"Puzzle adul\u021bi 1000 piese Cartoon - Europe Map - Roovi B2B","isPartOf":{"@id":"https:\/\/business.roovi.com\/ro\/#website"},"datePublished":"2020-04-22T14:29:18+00:00","dateModified":"2025-03-19T07:25:32+00:00","breadcrumb":{"@id":"https:\/\/www.roovi.ro\/puzzle-cartoon-map-europe-1000-piese\/p\/#breadcrumb"},"inLanguage":"ro-RO","potentialAction":[{"@type":"ReadAction","target":["https:\/\/www.roovi.ro\/puzzle-cartoon-map-europe-1000-piese\/p\/"]}]},{"@type":"BreadcrumbList","@id":"https:\/\/www.roovi.ro\/puzzle-cartoon-map-europe-1000-piese\/p\/#breadcrumb","itemListElement":[{"@type":"ListItem","position":1,"name":"Home","item":"https:\/\/business.roovi.com\/ro\/"},{"@type":"ListItem","position":2,"name":"Magazin","item":"https:\/\/business.roovi.com\/ro\/magazin\/"},{"@type":"ListItem","position":3,"name":"Puzzle adul\u021bi 1000 piese Cartoon &#8211; Europe Map"}]},{"@type":"WebSite","@id":"https:\/\/business.roovi.com\/ro\/#website","url":"https:\/\/business.roovi.com\/ro\/","name":"Roovi B2B","description":"Roovi Business Website","potentialAction":[{"@type":"SearchAction","target":{"@type":"EntryPoint","urlTemplate":"https:\/\/business.roovi.com\/ro\/?s={search_term_string}"},"query-input":"required name=search_term_string"}],"inLanguage":"ro-RO"}]}},"_links":{"self":[{"href":"https:\/\/business.roovi.com\/ro\/wp-json\/wp\/v2\/product\/19914","targetHints":{"allow":["GET"]}}],"collection":[{"href":"https:\/\/business.roovi.com\/ro\/wp-json\/wp\/v2\/product"}],"about":[{"href":"https:\/\/business.roovi.com\/ro\/wp-json\/wp\/v2\/types\/product"}],"version-history":[{"count":0,"href":"https:\/\/business.roovi.com\/ro\/wp-json\/wp\/v2\/product\/19914\/revisions"}],"wp:featuredmedia":[{"embeddable":true,"href":"https:\/\/business.roovi.com\/ro\/wp-json\/wp\/v2\/media\/59837"}],"wp:attachment":[{"href":"https:\/\/business.roovi.com\/ro\/wp-json\/wp\/v2\/media?parent=19914"}],"wp:term":[{"taxonomy":"product_brand","embeddable":true,"href":"https:\/\/business.roovi.com\/ro\/wp-json\/wp\/v2\/product_brand?post=19914"},{"taxonomy":"product_cat","embeddable":true,"href":"https:\/\/business.roovi.com\/ro\/wp-json\/wp\/v2\/product_cat?post=19914"},{"taxonomy":"product_tag","embeddable":true,"href":"https:\/\/business.roovi.com\/ro\/wp-json\/wp\/v2\/product_tag?post=19914"}],"curies":[{"name":"wp","href":"https:\/\/api.w.org\/{rel}","templated":true}]}}