{"id":19916,"date":"2020-04-22T14:47:15","date_gmt":"2020-04-22T14:47:15","guid":{"rendered":"https:\/\/business.roovi.com\/product\/encyclopedia-puzzle-butterflies-1000-piese\/"},"modified":"2025-03-19T07:28:49","modified_gmt":"2025-03-19T07:28:49","slug":"encyclopedia-puzzle-butterflies-1000-piese","status":"publish","type":"product","link":"https:\/\/business.roovi.com\/ro\/encyclopedia-puzzle-butterflies-1000-piese\/p\/","title":{"rendered":"Puzzle adul\u021bi 1000 piese Encyclopedia &#8211; Butterflies \/ Fluturi"},"content":{"rendered":"<h3>Fascinat de jocurile puzzle cu imagini inedite? Creeaz\u0103-\u021bi o mini colec\u021bie original\u0103 cu gama puzzle adul\u021bi 1000 piese Enciclopedia.<\/h3>\n<p><span style=\"font-weight: 400;\">Oare c\u00e2\u021bi dintre fluturii din imagine se g\u0103sesc \u0219i la noi \u00een \u021bar\u0103? Sau care este numele uzual al fiec\u0103rui exemplar din imagine? Puzzle 1000 piese Encyclopedia &#8211; Butterflies \/ Fluturi poate fi \u0219i un punct de pornire al unei discu\u021bii interesante despre aceste viet\u0103\u021bi fascinante care s\u0103 antreneze \u00een jocul puzzle \u0219i copiii.<\/span><\/p>\n<p><span style=\"font-weight: 400;\">Dac\u0103 vrei s\u0103 \u00eei \u021bii ocupa\u021bi pe cei tineri pentru c\u00e2teva ore bune, precum \u0219i s\u0103 petreci timp de calitate al\u0103turi de ei, puzzle adul\u021bi 1000 piese Encyclopedia &#8211; Butterflies \/ Fluturi este prilejul perfect.\u00a0<\/span><\/p>\n<p><span style=\"font-weight: 400;\">Copiii vor descoperi cu mult entuziasm fiecare fluture din imagine, iar tabloul va fi gata c\u00e2t a-i spune\u2026 butterfly. La final, po\u021bi \u00eenr\u0103ma imaginea \u0219i o po\u021bi expune pentru a-\u021bi aminti mereu de clipele minunate petrecute al\u0103turi de cei dragi \u021bie.\u00a0\u00a0<\/span><\/p>\n<p><span style=\"font-weight: 400;\">Puzzle adul\u021bi 1000 piese Encyclopedia &#8211; Butterflies \/ Fluturi este produs din carton de calitate superioar\u0103 ce \u00eei confer\u0103 rezisten\u021b\u0103 \u00een timp. Astfel, po\u021bi \u021bine \u00een cas\u0103 acest joc puzzle minunat \u0219i \u00eel po\u021bi reface oric\u00e2nd sim\u021bi nevoia unei provoc\u0103ri creative f\u0103r\u0103 ca piesele s\u0103 se deterioreze. Imaginea va fi la fiecare asamblare impecabil\u0103.<\/span><\/p>\n<h3><b>De ce s\u0103 alegi un puzzle adul\u021bi 1000 piese din colec\u021bia Puzzle Encyclopedia?<\/b><\/h3>\n<p><span style=\"font-weight: 400;\">Este o modalitate relaxant\u0103 pentru a-\u021bi petrece timpul liber alc\u0103tuind \u00een acela\u0219i timp un tablou inedit cu o imagine dintr-o enciclopedie.<\/span><\/p>\n<p><span style=\"font-weight: 400;\">Tabloul ob\u021binut are dimensiunile de 68 x 47 cm, suficient de mare pentru a constitui o pies\u0103 central\u0103 de decor.<\/span><\/p>\n<p><span style=\"font-weight: 400;\">Iubim natura \u0219i folosim pentru a produce puzzle-urile noastre doar materiale sustenabile \u0219i reciclabile.<\/span><\/p>\n<p><span style=\"font-weight: 400;\">Finisajul este semi-lucios, \u00een culori vii ce scot \u00een eviden\u021b\u0103 claritatea imaginii.<\/span><\/p>\n<p><span style=\"font-weight: 400;\">Este potrivit persoanelor peste 14 ani, un prilej minunat pentru a le trezi adolescen\u021bilor interesul pentru studiul enciclopediilor.<\/span><\/p>\n<p><span style=\"font-weight: 400;\">Un puzzle adul\u021bi 1000 piese este o bun\u0103 oportunitate pentru a-\u021bi men\u021bine dexteritatea \u0219i motricitatea fin\u0103 la orice v\u00e2rst\u0103.<\/span><\/p>\n<p><span style=\"font-weight: 400;\">\u00ce\u021bi cultiv\u0103 r\u0103bdarea \u0219i aten\u021bia la cele mai fine detalii.<\/span><\/p>\n<p><span style=\"font-weight: 400;\">Este un prilej de socializare \u0219i sudare a leg\u0103turilor cu cei dragi.<\/span><\/p>\n<h3><b>\u0218tiai c\u0103\u2026<\/b><\/h3>\n<ul>\n<li><span style=\"font-weight: 400;\">Jocul puzzle este un antrenament pre\u021bios pentru creier, men\u021bin\u00e2nd s\u0103n\u0103tatea acestuia. Studiile arat\u0103 c\u0103 persoanele care refac imagini din jocuri puzzle cel pu\u021bin 30 de minute \u00een fiecare zi au risc minim pentru a dezvolta boli neurodegenerative precum Alzheimer sau demen\u021b\u0103.<\/span><\/li>\n<li><span style=\"font-weight: 400;\">Activitatea de asamblare a jocurilor puzzle favorizeaz\u0103 produc\u021bia de dopamin\u0103 la nivel cerebral. Aceasta este un neurotransmi\u021b\u0103tor responsabil de starea de bine, optimism \u0219i fericire. A\u0219adar, dac\u0103 vrei un boost de energie \u0219i optimism, puzzle adul\u021bi 1000 piese Encyclopedia &#8211; Butterflies \/ Fluturi este exact ceea ce \u00ee\u021bi trebuie.<\/span><\/li>\n<\/ul>\n<h3><b>Puzzle 1000 piese Encyclopedia &#8211; Butterflies pentru multe ore f\u0103r\u0103 stres<\/b><\/h3>\n<p><span style=\"font-weight: 400;\">Dac\u0103 vrei s\u0103 ai o minte antrenat\u0103 \u0219i \u00een acela\u0219i timp s\u0103 te relaxezi profund, s-ar putea s\u0103 avem jocul puzzle cel mai potrivit pentru tine: puzzle adul\u021bi 1000 piese Enciclopedia &#8211; Fluturi. Pe m\u0103sur\u0103 ce \u00ee\u021bi concentrezi aten\u021bia pe fiecare pies\u0103 de puzzle \u0219i r\u0103m\u00e2i conectat la jocul puzzle pentru un timp \u00eendelungat, experimentezi, de fapt, o stare de medita\u021bie.\u00a0<\/span><\/p>\n<p><span style=\"font-weight: 400;\">Puzzle adul\u021bi 1000 piese Encyclopedia &#8211; Butterflies\/Fluturi te ajut\u0103 s\u0103 te eliberezi de stresul cotidian, iar starea de calm pe care \u021bi-o induce favorizeaz\u0103 reducerea ritmului cardiac \u0219i chiar sc\u0103derea tensiunii arteriale.<\/span><\/p>\n<p><span style=\"font-weight: 400;\">Alege a\u0219adar puzzle adul\u021bi 1000 piese Fluturi din colec\u021bia Puzzle Enciclopedia \u0219i bucur\u0103-te de toate aceste beneficii uimitoare pe care le po\u021bi experimenta la fiecare asamblare. Acest joc puzzle este minunat s\u0103 \u00eel \u021bii \u00een cas\u0103 \u0219i s\u0103-l refaci singur sau \u00eempreun\u0103 cu prietenii sau poate fi un cadou potrivit pentru diverse ocazii speciale.<\/span><\/p>\n","protected":false},"excerpt":{"rendered":"<p>Fascinat de jocurile puzzle cu imagini inedite? Creeaz\u0103-\u021bi o mini colec\u021bie original\u0103 cu gama puzzle adul\u021bi 1000 piese Enciclopedia. Oare<\/p>\n","protected":false},"featured_media":59462,"template":"","meta":[],"product_brand":[],"product_cat":[1454,1488,1560],"product_tag":[],"class_list":{"0":"post-19916","1":"product","2":"type-product","3":"status-publish","4":"has-post-thumbnail","6":"product_cat-puzzle","7":"product_cat-puzzle-adulti","8":"product_cat-puzzle-adulti-1000","9":"pa_brand-deico","10":"pa_country_of_manufacture-ro","11":"pa_filter_age-1315","12":"pa_tip_ambalaj-cutie","13":"pa_tip_puzzle-clasic","15":"first","16":"instock","17":"taxable","18":"shipping-taxable","19":"product-type-simple"},"yoast_head":"<!-- This site is optimized with the Yoast SEO plugin v20.1 - https:\/\/yoast.com\/wordpress\/plugins\/seo\/ -->\n<title>Puzzle adul\u021bi 1000 piese Encyclopedia - Butterflies \/ Fluturi - Roovi B2B<\/title>\n<meta name=\"robots\" content=\"index, follow, max-snippet:-1, max-image-preview:large, max-video-preview:-1\" \/>\n<link rel=\"canonical\" href=\"https:\/\/www.roovi.ro\/encyclopedia-puzzle-butterflies-1000-piese\/p\/\" \/>\n<meta property=\"og:locale\" content=\"ro_RO\" \/>\n<meta property=\"og:type\" content=\"article\" \/>\n<meta property=\"og:title\" content=\"Puzzle adul\u021bi 1000 piese Encyclopedia - Butterflies \/ Fluturi - Roovi B2B\" \/>\n<meta property=\"og:description\" content=\"Fascinat de jocurile puzzle cu imagini inedite? Creeaz\u0103-\u021bi o mini colec\u021bie original\u0103 cu gama puzzle adul\u021bi 1000 piese Enciclopedia. Oare\" \/>\n<meta property=\"og:url\" content=\"https:\/\/www.roovi.ro\/encyclopedia-puzzle-butterflies-1000-piese\/p\/\" \/>\n<meta property=\"og:site_name\" content=\"Roovi B2B\" \/>\n<meta property=\"article:publisher\" content=\"https:\/\/www.facebook.com\/wwwjucariero\" \/>\n<meta property=\"article:modified_time\" content=\"2025-03-19T07:28:49+00:00\" \/>\n<meta property=\"og:image\" content=\"https:\/\/business.roovi.com\/wp-content\/uploads\/2020\/04\/76786-Ansamblu_dimensiuni-cutie-cm_orizontal.png\" \/>\n\t<meta property=\"og:image:width\" content=\"1200\" \/>\n\t<meta property=\"og:image:height\" content=\"1200\" \/>\n\t<meta property=\"og:image:type\" content=\"image\/png\" \/>\n<meta name=\"twitter:label1\" content=\"Timp estimat pentru citire\" \/>\n\t<meta name=\"twitter:data1\" content=\"3 minute\" \/>\n<script type=\"application\/ld+json\" class=\"yoast-schema-graph\">{\"@context\":\"https:\/\/schema.org\",\"@graph\":[{\"@type\":\"WebPage\",\"@id\":\"https:\/\/business.roovi.com\/ro\/encyclopedia-puzzle-butterflies-1000-piese\/p\/\",\"url\":\"https:\/\/www.roovi.ro\/encyclopedia-puzzle-butterflies-1000-piese\/p\/\",\"name\":\"Puzzle adul\u021bi 1000 piese Encyclopedia - Butterflies \/ Fluturi - Roovi B2B\",\"isPartOf\":{\"@id\":\"https:\/\/business.roovi.com\/ro\/#website\"},\"datePublished\":\"2020-04-22T14:47:15+00:00\",\"dateModified\":\"2025-03-19T07:28:49+00:00\",\"breadcrumb\":{\"@id\":\"https:\/\/www.roovi.ro\/encyclopedia-puzzle-butterflies-1000-piese\/p\/#breadcrumb\"},\"inLanguage\":\"ro-RO\",\"potentialAction\":[{\"@type\":\"ReadAction\",\"target\":[\"https:\/\/www.roovi.ro\/encyclopedia-puzzle-butterflies-1000-piese\/p\/\"]}]},{\"@type\":\"BreadcrumbList\",\"@id\":\"https:\/\/www.roovi.ro\/encyclopedia-puzzle-butterflies-1000-piese\/p\/#breadcrumb\",\"itemListElement\":[{\"@type\":\"ListItem\",\"position\":1,\"name\":\"Home\",\"item\":\"https:\/\/business.roovi.com\/ro\/\"},{\"@type\":\"ListItem\",\"position\":2,\"name\":\"Magazin\",\"item\":\"https:\/\/business.roovi.com\/ro\/magazin\/\"},{\"@type\":\"ListItem\",\"position\":3,\"name\":\"Puzzle adul\u021bi 1000 piese Encyclopedia &#8211; Butterflies \/ Fluturi\"}]},{\"@type\":\"WebSite\",\"@id\":\"https:\/\/business.roovi.com\/ro\/#website\",\"url\":\"https:\/\/business.roovi.com\/ro\/\",\"name\":\"Roovi B2B\",\"description\":\"Roovi Business Website\",\"potentialAction\":[{\"@type\":\"SearchAction\",\"target\":{\"@type\":\"EntryPoint\",\"urlTemplate\":\"https:\/\/business.roovi.com\/ro\/?s={search_term_string}\"},\"query-input\":\"required name=search_term_string\"}],\"inLanguage\":\"ro-RO\"}]}<\/script>\n<!-- \/ Yoast SEO plugin. -->","yoast_head_json":{"title":"Puzzle adul\u021bi 1000 piese Encyclopedia - Butterflies \/ Fluturi - Roovi B2B","robots":{"index":"index","follow":"follow","max-snippet":"max-snippet:-1","max-image-preview":"max-image-preview:large","max-video-preview":"max-video-preview:-1"},"canonical":"https:\/\/www.roovi.ro\/encyclopedia-puzzle-butterflies-1000-piese\/p\/","og_locale":"ro_RO","og_type":"article","og_title":"Puzzle adul\u021bi 1000 piese Encyclopedia - Butterflies \/ Fluturi - Roovi B2B","og_description":"Fascinat de jocurile puzzle cu imagini inedite? Creeaz\u0103-\u021bi o mini colec\u021bie original\u0103 cu gama puzzle adul\u021bi 1000 piese Enciclopedia. Oare","og_url":"https:\/\/www.roovi.ro\/encyclopedia-puzzle-butterflies-1000-piese\/p\/","og_site_name":"Roovi B2B","article_publisher":"https:\/\/www.facebook.com\/wwwjucariero","article_modified_time":"2025-03-19T07:28:49+00:00","og_image":[{"width":1200,"height":1200,"url":"https:\/\/business.roovi.com\/wp-content\/uploads\/2020\/04\/76786-Ansamblu_dimensiuni-cutie-cm_orizontal.png","type":"image\/png"}],"twitter_misc":{"Timp estimat pentru citire":"3 minute"},"schema":{"@context":"https:\/\/schema.org","@graph":[{"@type":"WebPage","@id":"https:\/\/business.roovi.com\/ro\/encyclopedia-puzzle-butterflies-1000-piese\/p\/","url":"https:\/\/www.roovi.ro\/encyclopedia-puzzle-butterflies-1000-piese\/p\/","name":"Puzzle adul\u021bi 1000 piese Encyclopedia - Butterflies \/ Fluturi - Roovi B2B","isPartOf":{"@id":"https:\/\/business.roovi.com\/ro\/#website"},"datePublished":"2020-04-22T14:47:15+00:00","dateModified":"2025-03-19T07:28:49+00:00","breadcrumb":{"@id":"https:\/\/www.roovi.ro\/encyclopedia-puzzle-butterflies-1000-piese\/p\/#breadcrumb"},"inLanguage":"ro-RO","potentialAction":[{"@type":"ReadAction","target":["https:\/\/www.roovi.ro\/encyclopedia-puzzle-butterflies-1000-piese\/p\/"]}]},{"@type":"BreadcrumbList","@id":"https:\/\/www.roovi.ro\/encyclopedia-puzzle-butterflies-1000-piese\/p\/#breadcrumb","itemListElement":[{"@type":"ListItem","position":1,"name":"Home","item":"https:\/\/business.roovi.com\/ro\/"},{"@type":"ListItem","position":2,"name":"Magazin","item":"https:\/\/business.roovi.com\/ro\/magazin\/"},{"@type":"ListItem","position":3,"name":"Puzzle adul\u021bi 1000 piese Encyclopedia &#8211; Butterflies \/ Fluturi"}]},{"@type":"WebSite","@id":"https:\/\/business.roovi.com\/ro\/#website","url":"https:\/\/business.roovi.com\/ro\/","name":"Roovi B2B","description":"Roovi Business Website","potentialAction":[{"@type":"SearchAction","target":{"@type":"EntryPoint","urlTemplate":"https:\/\/business.roovi.com\/ro\/?s={search_term_string}"},"query-input":"required name=search_term_string"}],"inLanguage":"ro-RO"}]}},"_links":{"self":[{"href":"https:\/\/business.roovi.com\/ro\/wp-json\/wp\/v2\/product\/19916","targetHints":{"allow":["GET"]}}],"collection":[{"href":"https:\/\/business.roovi.com\/ro\/wp-json\/wp\/v2\/product"}],"about":[{"href":"https:\/\/business.roovi.com\/ro\/wp-json\/wp\/v2\/types\/product"}],"version-history":[{"count":0,"href":"https:\/\/business.roovi.com\/ro\/wp-json\/wp\/v2\/product\/19916\/revisions"}],"wp:featuredmedia":[{"embeddable":true,"href":"https:\/\/business.roovi.com\/ro\/wp-json\/wp\/v2\/media\/59462"}],"wp:attachment":[{"href":"https:\/\/business.roovi.com\/ro\/wp-json\/wp\/v2\/media?parent=19916"}],"wp:term":[{"taxonomy":"product_brand","embeddable":true,"href":"https:\/\/business.roovi.com\/ro\/wp-json\/wp\/v2\/product_brand?post=19916"},{"taxonomy":"product_cat","embeddable":true,"href":"https:\/\/business.roovi.com\/ro\/wp-json\/wp\/v2\/product_cat?post=19916"},{"taxonomy":"product_tag","embeddable":true,"href":"https:\/\/business.roovi.com\/ro\/wp-json\/wp\/v2\/product_tag?post=19916"}],"curies":[{"name":"wp","href":"https:\/\/api.w.org\/{rel}","templated":true}]}}