{"id":19917,"date":"2020-04-22T14:53:01","date_gmt":"2020-04-22T14:53:01","guid":{"rendered":"https:\/\/business.roovi.com\/product\/encyclopedia-puzzle-animals-1000-piese\/"},"modified":"2025-03-19T07:29:39","modified_gmt":"2025-03-19T07:29:39","slug":"encyclopedia-puzzle-animals-1000-piese","status":"publish","type":"product","link":"https:\/\/business.roovi.com\/ro\/encyclopedia-puzzle-animals-1000-piese\/p\/","title":{"rendered":"Puzzle adul\u021bi 1000 piese Encyclopedia &#8211; Wild Animals \/ Animale s\u0103lbatice"},"content":{"rendered":"<h3>Descoper\u0103 colec\u021bia puzzle 1000 piese Enciclopedia \u0219i creeaz\u0103-\u021bi o serie de tablouri uimitoare care vor da un farmec aparte casei tale.<\/h3>\n<p><span style=\"font-weight: 400;\">Puzzle adul\u021bi 1000 piese Animale s\u0103lbatice din colec\u021bia Puzzle Enciclopedia poate fi \u0219i un prilej nemaipomenit pentru a-\u021bi petrece multe ore distractive \u0219i relaxante \u00eempreun\u0103 cu copiii t\u0103i. Oare unde se ascunde \u00een imagine veveri\u021ba? Sau c\u00e2te animale din familia primatelor sunt \u00een aceast\u0103 imagine din enciclopedie?\u00a0<\/span><\/p>\n<p><span style=\"font-weight: 400;\">Cu puzzle 1000 piese Wild Animals din colec\u021bia Puzzle Encyclopedia po\u021bi ini\u021bia cu copiii o discu\u021bie interesant\u0103 despre lumea animalelor s\u0103lbatice. Astfel, transformi jocul puzzle \u00eentr-o activitate recreativ\u0103 \u0219i educativ\u0103 care \u00eei va captiva pe cei mai tineri membrii ai familiei tale.\u00a0<\/span><\/p>\n<p><span style=\"font-weight: 400;\">Timpul petrecut cu ace\u0219tia este ceea ce conteaz\u0103 cu adev\u0103rat. Puzzle 1000 piese Enciclopedia &#8211; Animale s\u0103lbatice te ajut\u0103 s\u0103 construie\u0219ti un tablou inedit \u0219i multe amintiri de neuitat al\u0103turi de pu\u0219tii t\u0103i.<\/span><\/p>\n<p><span style=\"font-weight: 400;\">Puzzle adul\u021bi 1000 piese Encyclopedia &#8211; Wild Animals \/ Animale s\u0103lbatice este produs din carton de calitate superioar\u0103 ce \u00eei confer\u0103 rezisten\u021b\u0103 \u00een timp. Astfel, po\u021bi \u021bine \u00een cas\u0103 acest joc puzzle minunat \u0219i \u00eel po\u021bi reface oric\u00e2nd sim\u021bi nevoia unei provoc\u0103ri creative f\u0103r\u0103 ca piesele s\u0103 se deterioreze. Imaginea va fi la fiecare asamblare impecabil\u0103.<\/span><\/p>\n<h3><b>De ce s\u0103 alegi un puzzle adul\u021bi 1000 piese din colec\u021bia Puzzle Encyclopedia?<\/b><\/h3>\n<p><span style=\"font-weight: 400;\">Este o modalitate relaxant\u0103 de a-\u021bi petrece timpul liber alc\u0103tuind un tablou inedit cu o imagine dintr-o enciclopedie.<\/span><\/p>\n<p><span style=\"font-weight: 400;\">Tabloul ob\u021binut are dimensiunile de 68 x 47 cm \u0219i este suficient de mare pentru a constitui o pies\u0103 central\u0103 de decor.<\/span><\/p>\n<p><span style=\"font-weight: 400;\">Iubim natura \u0219i folosim pentru a produce puzzle-urile noastre doar materiale sustenabile \u0219i reciclabile.<\/span><\/p>\n<p><span style=\"font-weight: 400;\">Finisajul este semi-lucios, \u00een culori vii ce scot \u00een eviden\u021b\u0103 claritatea imaginii.<\/span><\/p>\n<p><span style=\"font-weight: 400;\">Este potrivit persoanelor peste 14 ani, un prilej minunat pentru a le trezi adolescen\u021bilor interesul pentru studiul enciclopediilor.<\/span><\/p>\n<p><span style=\"font-weight: 400;\">Un puzzle adul\u021bi 1000 piese este o bun\u0103 oportunitate pentru a-\u021bi men\u021bine dexteritatea \u0219i motricitatea fin\u0103 la orice v\u00e2rst\u0103.<\/span><\/p>\n<p><span style=\"font-weight: 400;\">\u00ce\u021bi cultiv\u0103 r\u0103bdarea \u0219i aten\u021bia la cele mai fine detalii.<\/span><\/p>\n<p><span style=\"font-weight: 400;\">Este un prilej de socializare \u0219i sudare a leg\u0103turilor cu cei dragi.<\/span><\/p>\n<h3><b>\u0218tiai c\u0103\u2026<\/b><\/h3>\n<ul>\n<li><span style=\"font-weight: 400;\">\u00cen <\/span><span style=\"font-weight: 400;\">1981, a fost publicat\u0103<\/span><i><span style=\"font-weight: 400;\"> Codex Seraphinianus<\/span><\/i><span style=\"font-weight: 400;\"> &#8211; o enciclopedie a unei lumi a imposibilului. Conceput\u0103 de italianul Luigi Serafini, este scris\u0103 \u00eentr-o limb\u0103 necunoscut\u0103, inventat\u0103 de creatorul ei \u0219i con\u021bine ilustra\u021bii despre o lume imaginar\u0103, aproape extraterestr\u0103.<\/span><\/li>\n<li><span style=\"font-weight: 400;\">Mul\u021bi speciali\u0219ti au \u00eencercat de-a lungul timpului s\u0103 descifreze sensul limbajului \u0219i al imaginilor stranii din aceast\u0103 carte ciudat\u0103. Autorul ei a declarat, \u00een 2009, c\u0103 nu exist\u0103 niciun \u00een\u021beles ascuns \u00een paginile enciclopediei sale. El a dorit doar ca adul\u021bii s\u0103 experimenteze senza\u021bia nepl\u0103cut\u0103 pe care o simt copiii atunci c\u00e2nd deschid o carte pe care nu \u0219tiu \u00eenc\u0103 s\u0103 o citeasc\u0103.<\/span><\/li>\n<\/ul>\n<h3><b>Puzzle 1000 piese Enciclopedia &#8211; Animale s\u0103lbatice te deconecteaz\u0103 de la agita\u021bia cotidian\u0103<\/b><\/h3>\n<p><span style=\"font-weight: 400;\">Sim\u021bi nevoia s\u0103 ie\u0219i din ritmul rapid al vie\u021bii \u0219i s\u0103 \u00ee\u021bi restabile\u0219ti echilibrul interior? Puzzle 1000 piese Enciclopedia este oportunitatea perfect\u0103 pentru a te deconecta \u0219i a petrece un timp doar cu tine \u00eensu\u021bi. Acest joc puzzle deosebit te ajut\u0103 s\u0103 \u00ee\u021bi gole\u0219ti mintea de g\u00e2ndurile negative \u0219i s\u0103 \u00ee\u021bi \u00eencarci bateriile pentru a face fa\u021b\u0103 provoc\u0103rilor zilnice.<\/span><\/p>\n<p><span style=\"font-weight: 400;\">Fie c\u0103 asamblezi singur imaginea din 1000 piese, fie c\u0103 antrenezi \u00een activitate \u0219i al\u021bi oameni dragi, puzzle 1000 piese Animale s\u0103lbatice din colec\u021bia Puzzle Enciclopedia este oric\u00e2nd o provocare creativ\u0103 care te scoate din rutina zilnic\u0103 \u0219i din starea de confort.<\/span><\/p>\n<p>&nbsp;<\/p>\n","protected":false},"excerpt":{"rendered":"<p>Descoper\u0103 colec\u021bia puzzle 1000 piese Enciclopedia \u0219i creeaz\u0103-\u021bi o serie de tablouri uimitoare care vor da un farmec aparte casei<\/p>\n","protected":false},"featured_media":59430,"template":"","meta":[],"product_brand":[],"product_cat":[1454,1488,1560],"product_tag":[],"class_list":{"0":"post-19917","1":"product","2":"type-product","3":"status-publish","4":"has-post-thumbnail","6":"product_cat-puzzle","7":"product_cat-puzzle-adulti","8":"product_cat-puzzle-adulti-1000","9":"pa_brand-deico","10":"pa_country_of_manufacture-ro","11":"pa_filter_age-1315","12":"pa_tip_ambalaj-cutie","13":"pa_tip_puzzle-clasic","15":"first","16":"instock","17":"taxable","18":"shipping-taxable","19":"product-type-simple"},"yoast_head":"<!-- This site is optimized with the Yoast SEO plugin v20.1 - https:\/\/yoast.com\/wordpress\/plugins\/seo\/ -->\n<title>Puzzle adul\u021bi 1000 piese Encyclopedia - Wild Animals \/ Animale s\u0103lbatice - Roovi B2B<\/title>\n<meta name=\"robots\" content=\"index, follow, max-snippet:-1, max-image-preview:large, max-video-preview:-1\" \/>\n<link rel=\"canonical\" href=\"https:\/\/www.roovi.ro\/encyclopedia-puzzle-animals-1000-piese\/p\/\" \/>\n<meta property=\"og:locale\" content=\"ro_RO\" \/>\n<meta property=\"og:type\" content=\"article\" \/>\n<meta property=\"og:title\" content=\"Puzzle adul\u021bi 1000 piese Encyclopedia - Wild Animals \/ Animale s\u0103lbatice - Roovi B2B\" \/>\n<meta property=\"og:description\" content=\"Descoper\u0103 colec\u021bia puzzle 1000 piese Enciclopedia \u0219i creeaz\u0103-\u021bi o serie de tablouri uimitoare care vor da un farmec aparte casei\" \/>\n<meta property=\"og:url\" content=\"https:\/\/www.roovi.ro\/encyclopedia-puzzle-animals-1000-piese\/p\/\" \/>\n<meta property=\"og:site_name\" content=\"Roovi B2B\" \/>\n<meta property=\"article:publisher\" content=\"https:\/\/www.facebook.com\/wwwjucariero\" \/>\n<meta property=\"article:modified_time\" content=\"2025-03-19T07:29:39+00:00\" \/>\n<meta property=\"og:image\" content=\"https:\/\/business.roovi.com\/wp-content\/uploads\/2020\/04\/76793-Ansamblu_dimensiuni-cutie-cm_orizontal.png\" \/>\n\t<meta property=\"og:image:width\" content=\"1200\" \/>\n\t<meta property=\"og:image:height\" content=\"1200\" \/>\n\t<meta property=\"og:image:type\" content=\"image\/png\" \/>\n<meta name=\"twitter:label1\" content=\"Timp estimat pentru citire\" \/>\n\t<meta name=\"twitter:data1\" content=\"3 minute\" \/>\n<script type=\"application\/ld+json\" class=\"yoast-schema-graph\">{\"@context\":\"https:\/\/schema.org\",\"@graph\":[{\"@type\":\"WebPage\",\"@id\":\"https:\/\/business.roovi.com\/ro\/encyclopedia-puzzle-animals-1000-piese\/p\/\",\"url\":\"https:\/\/www.roovi.ro\/encyclopedia-puzzle-animals-1000-piese\/p\/\",\"name\":\"Puzzle adul\u021bi 1000 piese Encyclopedia - Wild Animals \/ Animale s\u0103lbatice - Roovi B2B\",\"isPartOf\":{\"@id\":\"https:\/\/business.roovi.com\/ro\/#website\"},\"datePublished\":\"2020-04-22T14:53:01+00:00\",\"dateModified\":\"2025-03-19T07:29:39+00:00\",\"breadcrumb\":{\"@id\":\"https:\/\/www.roovi.ro\/encyclopedia-puzzle-animals-1000-piese\/p\/#breadcrumb\"},\"inLanguage\":\"ro-RO\",\"potentialAction\":[{\"@type\":\"ReadAction\",\"target\":[\"https:\/\/www.roovi.ro\/encyclopedia-puzzle-animals-1000-piese\/p\/\"]}]},{\"@type\":\"BreadcrumbList\",\"@id\":\"https:\/\/www.roovi.ro\/encyclopedia-puzzle-animals-1000-piese\/p\/#breadcrumb\",\"itemListElement\":[{\"@type\":\"ListItem\",\"position\":1,\"name\":\"Home\",\"item\":\"https:\/\/business.roovi.com\/ro\/\"},{\"@type\":\"ListItem\",\"position\":2,\"name\":\"Magazin\",\"item\":\"https:\/\/business.roovi.com\/ro\/magazin\/\"},{\"@type\":\"ListItem\",\"position\":3,\"name\":\"Puzzle adul\u021bi 1000 piese Encyclopedia &#8211; Wild Animals \/ Animale s\u0103lbatice\"}]},{\"@type\":\"WebSite\",\"@id\":\"https:\/\/business.roovi.com\/ro\/#website\",\"url\":\"https:\/\/business.roovi.com\/ro\/\",\"name\":\"Roovi B2B\",\"description\":\"Roovi Business Website\",\"potentialAction\":[{\"@type\":\"SearchAction\",\"target\":{\"@type\":\"EntryPoint\",\"urlTemplate\":\"https:\/\/business.roovi.com\/ro\/?s={search_term_string}\"},\"query-input\":\"required name=search_term_string\"}],\"inLanguage\":\"ro-RO\"}]}<\/script>\n<!-- \/ Yoast SEO plugin. -->","yoast_head_json":{"title":"Puzzle adul\u021bi 1000 piese Encyclopedia - Wild Animals \/ Animale s\u0103lbatice - Roovi B2B","robots":{"index":"index","follow":"follow","max-snippet":"max-snippet:-1","max-image-preview":"max-image-preview:large","max-video-preview":"max-video-preview:-1"},"canonical":"https:\/\/www.roovi.ro\/encyclopedia-puzzle-animals-1000-piese\/p\/","og_locale":"ro_RO","og_type":"article","og_title":"Puzzle adul\u021bi 1000 piese Encyclopedia - Wild Animals \/ Animale s\u0103lbatice - Roovi B2B","og_description":"Descoper\u0103 colec\u021bia puzzle 1000 piese Enciclopedia \u0219i creeaz\u0103-\u021bi o serie de tablouri uimitoare care vor da un farmec aparte casei","og_url":"https:\/\/www.roovi.ro\/encyclopedia-puzzle-animals-1000-piese\/p\/","og_site_name":"Roovi B2B","article_publisher":"https:\/\/www.facebook.com\/wwwjucariero","article_modified_time":"2025-03-19T07:29:39+00:00","og_image":[{"width":1200,"height":1200,"url":"https:\/\/business.roovi.com\/wp-content\/uploads\/2020\/04\/76793-Ansamblu_dimensiuni-cutie-cm_orizontal.png","type":"image\/png"}],"twitter_misc":{"Timp estimat pentru citire":"3 minute"},"schema":{"@context":"https:\/\/schema.org","@graph":[{"@type":"WebPage","@id":"https:\/\/business.roovi.com\/ro\/encyclopedia-puzzle-animals-1000-piese\/p\/","url":"https:\/\/www.roovi.ro\/encyclopedia-puzzle-animals-1000-piese\/p\/","name":"Puzzle adul\u021bi 1000 piese Encyclopedia - Wild Animals \/ Animale s\u0103lbatice - Roovi B2B","isPartOf":{"@id":"https:\/\/business.roovi.com\/ro\/#website"},"datePublished":"2020-04-22T14:53:01+00:00","dateModified":"2025-03-19T07:29:39+00:00","breadcrumb":{"@id":"https:\/\/www.roovi.ro\/encyclopedia-puzzle-animals-1000-piese\/p\/#breadcrumb"},"inLanguage":"ro-RO","potentialAction":[{"@type":"ReadAction","target":["https:\/\/www.roovi.ro\/encyclopedia-puzzle-animals-1000-piese\/p\/"]}]},{"@type":"BreadcrumbList","@id":"https:\/\/www.roovi.ro\/encyclopedia-puzzle-animals-1000-piese\/p\/#breadcrumb","itemListElement":[{"@type":"ListItem","position":1,"name":"Home","item":"https:\/\/business.roovi.com\/ro\/"},{"@type":"ListItem","position":2,"name":"Magazin","item":"https:\/\/business.roovi.com\/ro\/magazin\/"},{"@type":"ListItem","position":3,"name":"Puzzle adul\u021bi 1000 piese Encyclopedia &#8211; Wild Animals \/ Animale s\u0103lbatice"}]},{"@type":"WebSite","@id":"https:\/\/business.roovi.com\/ro\/#website","url":"https:\/\/business.roovi.com\/ro\/","name":"Roovi B2B","description":"Roovi Business Website","potentialAction":[{"@type":"SearchAction","target":{"@type":"EntryPoint","urlTemplate":"https:\/\/business.roovi.com\/ro\/?s={search_term_string}"},"query-input":"required name=search_term_string"}],"inLanguage":"ro-RO"}]}},"_links":{"self":[{"href":"https:\/\/business.roovi.com\/ro\/wp-json\/wp\/v2\/product\/19917","targetHints":{"allow":["GET"]}}],"collection":[{"href":"https:\/\/business.roovi.com\/ro\/wp-json\/wp\/v2\/product"}],"about":[{"href":"https:\/\/business.roovi.com\/ro\/wp-json\/wp\/v2\/types\/product"}],"version-history":[{"count":0,"href":"https:\/\/business.roovi.com\/ro\/wp-json\/wp\/v2\/product\/19917\/revisions"}],"wp:featuredmedia":[{"embeddable":true,"href":"https:\/\/business.roovi.com\/ro\/wp-json\/wp\/v2\/media\/59430"}],"wp:attachment":[{"href":"https:\/\/business.roovi.com\/ro\/wp-json\/wp\/v2\/media?parent=19917"}],"wp:term":[{"taxonomy":"product_brand","embeddable":true,"href":"https:\/\/business.roovi.com\/ro\/wp-json\/wp\/v2\/product_brand?post=19917"},{"taxonomy":"product_cat","embeddable":true,"href":"https:\/\/business.roovi.com\/ro\/wp-json\/wp\/v2\/product_cat?post=19917"},{"taxonomy":"product_tag","embeddable":true,"href":"https:\/\/business.roovi.com\/ro\/wp-json\/wp\/v2\/product_tag?post=19917"}],"curies":[{"name":"wp","href":"https:\/\/api.w.org\/{rel}","templated":true}]}}