{"id":19918,"date":"2020-04-22T14:55:42","date_gmt":"2020-04-22T14:55:42","guid":{"rendered":"https:\/\/business.roovi.com\/product\/animal-puzzle-koalas-1000-piese\/"},"modified":"2025-03-19T07:11:52","modified_gmt":"2025-03-19T07:11:52","slug":"puzzle-adulti-1000-piese-animal-puzzle-koala","status":"publish","type":"product","link":"https:\/\/business.roovi.com\/ro\/puzzle-adulti-1000-piese-animal-puzzle-koala\/p\/","title":{"rendered":"Puzzle adul\u021bi 1000 piese &#8211; Animal puzzle &#8211; Koala"},"content":{"rendered":"<p><strong><em>Cau\u021bi o activitate creativ\u0103 pentru a-\u021bi petrece timpul liber? Sau poate e\u0219ti \u00een c\u0103utarea unui cadou inedit pentru un prieten? Puzzle 1000 piese Koala din colec\u021bia puzzle animals este exact ceea ce ai nevoie.<\/em><\/strong><\/p>\n<p><span style=\"font-weight: 400;\">Activitatea de asamblare este relaxant\u0103, \u00ee\u021bi antreneaz\u0103 mintea \u0219i \u00ee\u021bi provoac\u0103 aten\u021bia la detalii \u0219i r\u0103bdarea. Iar c\u00e2nd a\u0219ezi ultima pies\u0103 ce \u00eentrege\u0219te tabloul, tr\u0103ie\u0219ti un sentiment uimitor de satisfac\u021bie \u0219i vrei s\u0103 repe\u021bi experien\u021ba la nesf\u00e2r\u0219it.<\/span><\/p>\n<p><span style=\"font-weight: 400;\">Puzzle 1000 piese Koala red\u0103 o imagine a simpaticului animal marsupial, simbol al Australiei, \u00een mediul lui natural, \u021bin\u00e2ndu-\u0219i \u00een spate puiul. Po\u021bi asambla acest joc puzzle \u00een momentele \u00een care sim\u021bi nevoia s\u0103 te retragi din cotidian sau po\u021bi implica \u0219i copiii \u00een activitate. Se vor \u00eentrece s\u0103 g\u0103seasc\u0103 piesele de puzzle potrivite, iar la final, decide\u021bi \u00eempreun\u0103 dac\u0103 tabloul va \u00eenfrumuse\u021ba camera lor sau un alt loc ales de tine.<\/span><\/p>\n<p><span style=\"font-weight: 400;\">Pentru suportul pieselor po\u021bi utiliza o m\u0103su\u021b\u0103 standard de cafea. Imaginea reconstituit\u0103 are dimensiunile de <strong>68 x 47 cm<\/strong> \u0219i poate fi o pies\u0103 decorativ\u0103 special\u0103 care \u00ee\u021bi va \u00eenfrumuse\u021ba locuin\u021ba.<\/span><\/p>\n<p><strong>De ce s\u0103 alegi puzzle 1000 piese din colec\u021bia puzzle animals?<\/strong><\/p>\n<p><span style=\"font-weight: 400;\">S\u0103 refaci o imagine cu un animal surprins \u00een cadrul s\u0103u natural este o modalitate uimitoare de relaxare \u0219i deconectare.<\/span><\/p>\n<p><span style=\"font-weight: 400;\">Ob\u021bii un tablou fascinant pe care \u00eel po\u021bi expune \u0219i \u00eel po\u021bi admira \u00eendelung.<\/span><\/p>\n<p><span style=\"font-weight: 400;\">Poate fi un prilej de conectare \u0219i lucru \u00een echip\u0103 cu copiii t\u0103i.<\/span><\/p>\n<p><span style=\"font-weight: 400;\">Este produs din carton de calitate superioar\u0103 care confer\u0103 durabilitate \u00een timp, chiar \u0219i la asambl\u0103ri multiple.<\/span><\/p>\n<p><span style=\"font-weight: 400;\">Are finisaj semi-lucios \u0219i culori vii ce scot \u00een eviden\u021b\u0103 frumuse\u021bea imaginii.<\/span><\/p>\n<p><span style=\"font-weight: 400;\">Este prietenos cu natura, fiind produs din materiale sustenabile \u0219i reciclabile.<\/span><\/p>\n<p><span style=\"font-weight: 400;\">Este potrivit persoanelor cu v\u00e2rsta peste 14 ani \u0219i are un grad mediu de dificultate.<\/span><\/p>\n<p><span style=\"font-weight: 400;\">Jocurile puzzle sunt o modalitate excelent\u0103 pentru a-\u021bi dezvolta abilit\u0103\u021bi precum:<\/span><\/p>\n<ul>\n<li><span style=\"font-weight: 400;\">Aten\u021bia la detalii.<\/span><\/li>\n<li><span style=\"font-weight: 400;\">Memoria \u0219i g\u00e2ndirea logic\u0103.<\/span><\/li>\n<li><span style=\"font-weight: 400;\">Perseveren\u021ba.<\/span><\/li>\n<li><span style=\"font-weight: 400;\">Capacitatea de rezolvare a problemelor.<\/span><\/li>\n<li><span style=\"font-weight: 400;\">Creativitatea.<\/span><\/li>\n<li><span style=\"font-weight: 400;\">Dexteritatea \u0219i motricitatea fin\u0103.<\/span><\/li>\n<\/ul>\n<p><strong>\u0218tiai c\u0103\u2026<\/strong><\/p>\n<p><span style=\"font-weight: 400;\">Simpaticul Koala \u00ee\u0219i tr\u0103ie\u0219te majoritatea vie\u021bii c\u0103\u021b\u0103rat \u00een copacul de eucalipt. Aici m\u0103n\u00e2nc\u0103, doarme \u0219i se \u00eenmul\u021be\u0219te.<\/span><\/p>\n<p><span style=\"font-weight: 400;\">Koala nu bea niciodat\u0103 ap\u0103. Necesarul de lichid \u0219i-l asigur\u0103 din frunzele de eucalipt.<\/span><\/p>\n<p><span style=\"font-weight: 400;\">Are creierul cel mai mic dintre toate mamiferele \u0219i o inteligen\u021b\u0103 redus\u0103.<\/span><\/p>\n<p><span style=\"font-weight: 400;\">Koala doarme chiar \u0219i 18 ore pe zi. \u00cen general, st\u0103 treaz noaptea.<\/span><\/p>\n<p><span style=\"font-weight: 400;\">Din p\u0103cate, Koala este o specie aflat\u0103 pe cale de dispari\u021bie. Multe exemplare mor \u00een accidente de ma\u0219in\u0103, uci\u0219i de c\u00e2ini sau din cauz\u0103 c\u0103 habitatul le este distrus.<\/span><\/p>\n<p><strong>Puzzle 1000 piese Koala te \u021bine multe ore departe de ecrane<\/strong><\/p>\n<p><span style=\"font-weight: 400;\">Vrei s\u0103 stai mai mult timp departe de ecrane, dar cum \u00ee\u021bi aminte\u0219ti de telefonul mobil p\u0103\u0219e\u0219ti \u00een lumea virtual\u0103? Puzzle 1000 piese cu imaginea simpaticilor Koala te conecteaz\u0103 cu tine \u00eensu\u021bi \u0219i te \u00eendep\u0103rteaz\u0103 de tenta\u021biile virtuale. Odat\u0103 ce reu\u0219e\u0219ti s\u0103 completezi tabloul, experimentezi o stare de mul\u021bumire de sine de neegalat \u0219i-\u021bi dore\u0219ti s\u0103 o retr\u0103ie\u0219ti iar \u0219i iar.<\/span><\/p>\n<p><span style=\"font-weight: 400;\">Fie c\u0103 preferi s\u0103 refaci imaginea singur, fie \u00een compania familiei sau a prietenilor, <\/span><span style=\"font-weight: 400;\">puzzle adul\u021bi 1000 piese Koala este un joc puzzle pe care trebuie s\u0103-l ai mereu la \u00eendem\u00e2n\u0103. \u00ce\u021bi provoac\u0103 mintea \u0219i \u00ee\u021bi ofer\u0103 p\u00e2n\u0103 la 30 de ore de distrac\u021bie \u0219i relaxare.<\/span><\/p>\n<p><span style=\"font-weight: 400;\">Po\u021bi alege puzzle 1000 piese Koala \u0219i pentru a-l oferi \u00een dar cu ocazia s\u0103rb\u0103torilor sau de zilele aniversare ale prietenilor pasiona\u021bi de jocuri puzzle.<\/span><\/p>\n","protected":false},"excerpt":{"rendered":"<p>Cau\u021bi o activitate creativ\u0103 pentru a-\u021bi petrece timpul liber? Sau poate e\u0219ti \u00een c\u0103utarea unui cadou inedit pentru un prieten?<\/p>\n","protected":false},"featured_media":9975,"template":"","meta":[],"product_brand":[],"product_cat":[1454,1488,1560],"product_tag":[],"class_list":{"0":"post-19918","1":"product","2":"type-product","3":"status-publish","4":"has-post-thumbnail","6":"product_cat-puzzle","7":"product_cat-puzzle-adulti","8":"product_cat-puzzle-adulti-1000","9":"pa_brand-deico","10":"pa_country_of_manufacture-ro","11":"pa_filter_age-1315","12":"pa_tip_ambalaj-cutie","13":"pa_tip_puzzle-clasic","15":"first","16":"instock","17":"taxable","18":"shipping-taxable","19":"product-type-simple"},"yoast_head":"<!-- This site is optimized with the Yoast SEO plugin v20.1 - https:\/\/yoast.com\/wordpress\/plugins\/seo\/ -->\n<title>Puzzle adul\u021bi 1000 piese - Animal puzzle - Koala - Roovi B2B<\/title>\n<meta name=\"robots\" content=\"index, follow, max-snippet:-1, max-image-preview:large, max-video-preview:-1\" \/>\n<link rel=\"canonical\" href=\"https:\/\/www.roovi.ro\/puzzle-adulti-1000-piese-animal-puzzle-koala\/p\/\" \/>\n<meta property=\"og:locale\" content=\"ro_RO\" \/>\n<meta property=\"og:type\" content=\"article\" \/>\n<meta property=\"og:title\" content=\"Puzzle adul\u021bi 1000 piese - Animal puzzle - Koala - Roovi B2B\" \/>\n<meta property=\"og:description\" content=\"Cau\u021bi o activitate creativ\u0103 pentru a-\u021bi petrece timpul liber? Sau poate e\u0219ti \u00een c\u0103utarea unui cadou inedit pentru un prieten?\" \/>\n<meta property=\"og:url\" content=\"https:\/\/www.roovi.ro\/puzzle-adulti-1000-piese-animal-puzzle-koala\/p\/\" \/>\n<meta property=\"og:site_name\" content=\"Roovi B2B\" \/>\n<meta property=\"article:publisher\" content=\"https:\/\/www.facebook.com\/wwwjucariero\" \/>\n<meta property=\"article:modified_time\" content=\"2025-03-19T07:11:52+00:00\" \/>\n<meta property=\"og:image\" content=\"https:\/\/business.roovi.com\/wp-content\/uploads\/2020\/04\/p1000_animals_deico_games_koala_copy.jpg\" \/>\n\t<meta property=\"og:image:width\" content=\"1200\" \/>\n\t<meta property=\"og:image:height\" content=\"1200\" \/>\n\t<meta property=\"og:image:type\" content=\"image\/jpeg\" \/>\n<meta name=\"twitter:label1\" content=\"Timp estimat pentru citire\" \/>\n\t<meta name=\"twitter:data1\" content=\"3 minute\" \/>\n<script type=\"application\/ld+json\" class=\"yoast-schema-graph\">{\"@context\":\"https:\/\/schema.org\",\"@graph\":[{\"@type\":\"WebPage\",\"@id\":\"https:\/\/business.roovi.com\/ro\/puzzle-adulti-1000-piese-animal-puzzle-koala\/p\/\",\"url\":\"https:\/\/www.roovi.ro\/puzzle-adulti-1000-piese-animal-puzzle-koala\/p\/\",\"name\":\"Puzzle adul\u021bi 1000 piese - Animal puzzle - Koala - Roovi B2B\",\"isPartOf\":{\"@id\":\"https:\/\/business.roovi.com\/ro\/#website\"},\"datePublished\":\"2020-04-22T14:55:42+00:00\",\"dateModified\":\"2025-03-19T07:11:52+00:00\",\"breadcrumb\":{\"@id\":\"https:\/\/www.roovi.ro\/puzzle-adulti-1000-piese-animal-puzzle-koala\/p\/#breadcrumb\"},\"inLanguage\":\"ro-RO\",\"potentialAction\":[{\"@type\":\"ReadAction\",\"target\":[\"https:\/\/www.roovi.ro\/puzzle-adulti-1000-piese-animal-puzzle-koala\/p\/\"]}]},{\"@type\":\"BreadcrumbList\",\"@id\":\"https:\/\/www.roovi.ro\/puzzle-adulti-1000-piese-animal-puzzle-koala\/p\/#breadcrumb\",\"itemListElement\":[{\"@type\":\"ListItem\",\"position\":1,\"name\":\"Home\",\"item\":\"https:\/\/business.roovi.com\/ro\/\"},{\"@type\":\"ListItem\",\"position\":2,\"name\":\"Magazin\",\"item\":\"https:\/\/business.roovi.com\/ro\/magazin\/\"},{\"@type\":\"ListItem\",\"position\":3,\"name\":\"Puzzle adul\u021bi 1000 piese &#8211; Animal puzzle &#8211; Koala\"}]},{\"@type\":\"WebSite\",\"@id\":\"https:\/\/business.roovi.com\/ro\/#website\",\"url\":\"https:\/\/business.roovi.com\/ro\/\",\"name\":\"Roovi B2B\",\"description\":\"Roovi Business Website\",\"potentialAction\":[{\"@type\":\"SearchAction\",\"target\":{\"@type\":\"EntryPoint\",\"urlTemplate\":\"https:\/\/business.roovi.com\/ro\/?s={search_term_string}\"},\"query-input\":\"required name=search_term_string\"}],\"inLanguage\":\"ro-RO\"}]}<\/script>\n<!-- \/ Yoast SEO plugin. -->","yoast_head_json":{"title":"Puzzle adul\u021bi 1000 piese - Animal puzzle - Koala - Roovi B2B","robots":{"index":"index","follow":"follow","max-snippet":"max-snippet:-1","max-image-preview":"max-image-preview:large","max-video-preview":"max-video-preview:-1"},"canonical":"https:\/\/www.roovi.ro\/puzzle-adulti-1000-piese-animal-puzzle-koala\/p\/","og_locale":"ro_RO","og_type":"article","og_title":"Puzzle adul\u021bi 1000 piese - Animal puzzle - Koala - Roovi B2B","og_description":"Cau\u021bi o activitate creativ\u0103 pentru a-\u021bi petrece timpul liber? Sau poate e\u0219ti \u00een c\u0103utarea unui cadou inedit pentru un prieten?","og_url":"https:\/\/www.roovi.ro\/puzzle-adulti-1000-piese-animal-puzzle-koala\/p\/","og_site_name":"Roovi B2B","article_publisher":"https:\/\/www.facebook.com\/wwwjucariero","article_modified_time":"2025-03-19T07:11:52+00:00","og_image":[{"width":1200,"height":1200,"url":"https:\/\/business.roovi.com\/wp-content\/uploads\/2020\/04\/p1000_animals_deico_games_koala_copy.jpg","type":"image\/jpeg"}],"twitter_misc":{"Timp estimat pentru citire":"3 minute"},"schema":{"@context":"https:\/\/schema.org","@graph":[{"@type":"WebPage","@id":"https:\/\/business.roovi.com\/ro\/puzzle-adulti-1000-piese-animal-puzzle-koala\/p\/","url":"https:\/\/www.roovi.ro\/puzzle-adulti-1000-piese-animal-puzzle-koala\/p\/","name":"Puzzle adul\u021bi 1000 piese - Animal puzzle - Koala - Roovi B2B","isPartOf":{"@id":"https:\/\/business.roovi.com\/ro\/#website"},"datePublished":"2020-04-22T14:55:42+00:00","dateModified":"2025-03-19T07:11:52+00:00","breadcrumb":{"@id":"https:\/\/www.roovi.ro\/puzzle-adulti-1000-piese-animal-puzzle-koala\/p\/#breadcrumb"},"inLanguage":"ro-RO","potentialAction":[{"@type":"ReadAction","target":["https:\/\/www.roovi.ro\/puzzle-adulti-1000-piese-animal-puzzle-koala\/p\/"]}]},{"@type":"BreadcrumbList","@id":"https:\/\/www.roovi.ro\/puzzle-adulti-1000-piese-animal-puzzle-koala\/p\/#breadcrumb","itemListElement":[{"@type":"ListItem","position":1,"name":"Home","item":"https:\/\/business.roovi.com\/ro\/"},{"@type":"ListItem","position":2,"name":"Magazin","item":"https:\/\/business.roovi.com\/ro\/magazin\/"},{"@type":"ListItem","position":3,"name":"Puzzle adul\u021bi 1000 piese &#8211; Animal puzzle &#8211; Koala"}]},{"@type":"WebSite","@id":"https:\/\/business.roovi.com\/ro\/#website","url":"https:\/\/business.roovi.com\/ro\/","name":"Roovi B2B","description":"Roovi Business Website","potentialAction":[{"@type":"SearchAction","target":{"@type":"EntryPoint","urlTemplate":"https:\/\/business.roovi.com\/ro\/?s={search_term_string}"},"query-input":"required name=search_term_string"}],"inLanguage":"ro-RO"}]}},"_links":{"self":[{"href":"https:\/\/business.roovi.com\/ro\/wp-json\/wp\/v2\/product\/19918","targetHints":{"allow":["GET"]}}],"collection":[{"href":"https:\/\/business.roovi.com\/ro\/wp-json\/wp\/v2\/product"}],"about":[{"href":"https:\/\/business.roovi.com\/ro\/wp-json\/wp\/v2\/types\/product"}],"version-history":[{"count":0,"href":"https:\/\/business.roovi.com\/ro\/wp-json\/wp\/v2\/product\/19918\/revisions"}],"wp:featuredmedia":[{"embeddable":true,"href":"https:\/\/business.roovi.com\/ro\/wp-json\/wp\/v2\/media\/9975"}],"wp:attachment":[{"href":"https:\/\/business.roovi.com\/ro\/wp-json\/wp\/v2\/media?parent=19918"}],"wp:term":[{"taxonomy":"product_brand","embeddable":true,"href":"https:\/\/business.roovi.com\/ro\/wp-json\/wp\/v2\/product_brand?post=19918"},{"taxonomy":"product_cat","embeddable":true,"href":"https:\/\/business.roovi.com\/ro\/wp-json\/wp\/v2\/product_cat?post=19918"},{"taxonomy":"product_tag","embeddable":true,"href":"https:\/\/business.roovi.com\/ro\/wp-json\/wp\/v2\/product_tag?post=19918"}],"curies":[{"name":"wp","href":"https:\/\/api.w.org\/{rel}","templated":true}]}}