{"id":19935,"date":"2022-07-22T10:31:45","date_gmt":"2022-07-22T10:31:45","guid":{"rendered":"https:\/\/business.roovi.com\/product\/puzzle-1000-piese-romania-cascada-bigar\/"},"modified":"2025-03-19T06:55:00","modified_gmt":"2025-03-19T06:55:00","slug":"puzzle-adulti-1000-piese-romania-cascada-bigar","status":"publish","type":"product","link":"https:\/\/business.roovi.com\/ro\/puzzle-adulti-1000-piese-romania-cascada-bigar\/p\/","title":{"rendered":"Puzzle adul\u021bi 1000 Piese Romania &#8211; Cascada Big\u0103r"},"content":{"rendered":"<p><strong><em>S\u0103 vizitezi obiective celebre din \u021bar\u0103 este fascinant, dar ce ai zice s\u0103 te bucuri zi de zi de imagini spectaculoase din loca\u021bii de vis?<\/em><\/strong><\/p>\n<p><span style=\"font-weight: 400;\">Puzzle adul\u021bi 1000 piese Cascada Big\u0103r te poart\u0103 cu mintea departe, tocmai \u00een Cheile Nerei-Beu\u0219ni\u021ba, o zon\u0103 \u00een care natura \u00ee\u0219i p\u0103streaz\u0103 frumuse\u021bea s\u0103lbatic\u0103 \u0219i zugr\u0103ve\u0219te peisaje care \u00ee\u021bi taie respira\u021bia.<\/span><\/p>\n<p><span style=\"font-weight: 400;\">Cascada Big\u0103r are o form\u0103 interesant\u0103, de clopot acoperit de mu\u0219chi verde peste care apa se scurge \u0219i formeaz\u0103 o perdea de ap\u0103 fascinant\u0103. Ceea ce impresioneaz\u0103 la aceast\u0103 cascad\u0103 nu este \u00een\u0103l\u021bimea (are aproximativ 7-8 metri), ci c\u0103derea de ap\u0103 care este neobi\u0219nuit\u0103 \u0219i creeaz\u0103 imaginea superb\u0103 r\u00e2vnit\u0103 de obiectivele tuturor fotografilor (profesioni\u0219ti sau amatori) care ajung \u00een zon\u0103.<\/span><\/p>\n<p><span style=\"font-weight: 400;\">C\u00e2nd creezi din 1000 piese o imagine ce surprinde m\u0103re\u021bia naturii, te cuprinde o stare de relaxare \u0219i te la\u0219i \u00een voia momentului unic al crea\u021biei. Odat\u0103 ce tabloul e gata, admiri \u00eendelung peisajul \u0219i toate g\u00e2ndurile negative dispar ca prin farmec.<\/span><\/p>\n<p><span style=\"font-weight: 400;\">Puzzle 1000 piese Cascada Big\u0103r este a\u0219adar mai mult dec\u00e2t un joc puzzle. Este un moment \u00een care te deconectezi \u0219i \u00ee\u021bi \u00eencarci bateriile cu mult\u0103 energie pozitiv\u0103 \u0219i optimism.\u00a0<\/span><\/p>\n<p><span style=\"font-weight: 400;\">Pentru suportul pieselor po\u021bi utiliza o m\u0103su\u021b\u0103 standard de cafea. Imaginea reconstituit\u0103 are dimensiunile de 68 x 47 cm \u0219i poate constitui o pies\u0103 central\u0103 de decor.<\/span><\/p>\n<p><strong>Caracteristici puzzle adul\u021bi 1000 piese Cascada Big\u0103r<\/strong><\/p>\n<p><strong>Material puzzle:\u00a0<\/strong><\/p>\n<p><strong>carton albastru de o calitate superioar\u0103<\/strong><\/p>\n<p><strong>materiale sustenabile, reciclabile<\/strong><\/p>\n<p><strong>finisaj semi-lucios, culori vii<\/strong><\/p>\n<p><strong>Num\u0103rul pieselor de puzzle: 1000<\/strong><\/p>\n<p><strong>V\u00e2rsta recomandat\u0103: 14+<\/strong><\/p>\n<p><strong>5 abilit\u0103\u021bi pe care \u021bi le dezvol\u021bi cu ajutorul jocurilor puzzle<\/strong><\/p>\n<ul>\n<li><span style=\"font-weight: 400;\">Memoria pe termen scurt<\/span><\/li>\n<li><span style=\"font-weight: 400;\">G\u00e2ndirea logic\u0103<\/span><\/li>\n<li><span style=\"font-weight: 400;\">Aten\u021bia la detalii<\/span><\/li>\n<li><span style=\"font-weight: 400;\">Capacitatea de a rezolva probleme<\/span><\/li>\n<li><span style=\"font-weight: 400;\">Mobilitatea fin\u0103 \u0219i coordonarea m\u00e2n\u0103-ochi.<\/span><\/li>\n<\/ul>\n<p><strong>\u0218tiai c\u0103\u2026<\/strong><\/p>\n<p><span style=\"font-weight: 400;\">Cascada Big\u0103r este locul unde paralela 45 latitudine nordic\u0103 str\u0103bate \u021bara noastr\u0103. Locul este marcat cu un panou geografic.<\/span><\/p>\n<p><span style=\"font-weight: 400;\">Apa care curge la cascada Big\u0103r este foarte bogat\u0103 \u00een calcar. Stropii care se scurg pe marginea cascadei par a fi mici diamante care \u00ee\u0219i schimb\u0103 culoarea \u00een func\u021bie de razele soarelui.<\/span><\/p>\n<p><span style=\"font-weight: 400;\">Legenda spune c\u0103 perechile de \u00eendr\u0103gosti\u021bi care vor bea ap\u0103 din izvorul care alimenteaz\u0103 cascada, vor avea parte de iubire ve\u0219nic\u0103.<\/span><\/p>\n<p><strong>Puzzle 1000 piese Cascada Big\u0103r: relaxare \u0219i antrenament mental<\/strong><\/p>\n<p><span style=\"font-weight: 400;\">Jocurile puzzle antreneaz\u0103 \u00een acela\u0219i timp at\u00e2t emisfera cerebral\u0103 dreapt\u0103, c\u00e2t \u0219i pe cea st\u00e2ng\u0103. Astfel, atunci c\u00e2nd asamblezi puzzle 1000 \u00ee\u021bi folose\u0219ti logica \u0219i \u00ee\u021bi dezvol\u021bi creativitatea. Efectele benefice sunt acelea\u0219i indiferent de v\u00e2rst\u0103, de aceea jocul puzzle este minunat pentru toat\u0103 familia, de la mic la mare.<\/span><\/p>\n<p><span style=\"font-weight: 400;\">\u00cen plus, este o modalitate uimitoare de a-\u021bi petrece timpul liber al\u0103turi de cei dragi. C\u00e2nd lucra\u021bi \u00eempreun\u0103 la \u00eentregirea imaginii din puzzle 1000 exersa\u021bi \u0219i lucrul \u00een echip\u0103, comunicarea \u0219i cooperarea, iar rezultatul este fabulos: un tablou fascinant care v\u0103 va aminti mereu de clipele petrecute \u00eempreun\u0103.<\/span><\/p>\n<p><span style=\"font-weight: 400;\">Alege puzzle adul\u021bi 1000 piese Cascada Big\u0103r pentru momentele \u00een care \u00ee\u021bi dore\u0219ti o provocare creativ\u0103 sau transform\u0103-l \u00eentr-un dar deosebit pentru prietenii pasiona\u021bi de jocuri puzzle.<\/span><\/p>\n","protected":false},"excerpt":{"rendered":"<p>S\u0103 vizitezi obiective celebre din \u021bar\u0103 este fascinant, dar ce ai zice s\u0103 te bucuri zi de zi de imagini<\/p>\n","protected":false},"featured_media":10038,"template":"","meta":[],"product_brand":[],"product_cat":[1454,1488,1560],"product_tag":[],"class_list":{"0":"post-19935","1":"product","2":"type-product","3":"status-publish","4":"has-post-thumbnail","6":"product_cat-puzzle","7":"product_cat-puzzle-adulti","8":"product_cat-puzzle-adulti-1000","9":"pa_brand-deico","10":"pa_country_of_manufacture-ro","11":"pa_filter_age-1315","12":"pa_tip_ambalaj-cutie","13":"pa_tip_puzzle-clasic","15":"first","16":"instock","17":"taxable","18":"shipping-taxable","19":"product-type-simple"},"yoast_head":"<!-- This site is optimized with the Yoast SEO plugin v20.1 - https:\/\/yoast.com\/wordpress\/plugins\/seo\/ -->\n<title>Puzzle adul\u021bi 1000 Piese Romania - Cascada Big\u0103r - Roovi B2B<\/title>\n<meta name=\"robots\" content=\"index, follow, max-snippet:-1, max-image-preview:large, max-video-preview:-1\" \/>\n<link rel=\"canonical\" href=\"https:\/\/www.roovi.ro\/puzzle-adulti-1000-piese-romania-cascada-bigar\/p\/\" \/>\n<meta property=\"og:locale\" content=\"ro_RO\" \/>\n<meta property=\"og:type\" content=\"article\" \/>\n<meta property=\"og:title\" content=\"Puzzle adul\u021bi 1000 Piese Romania - Cascada Big\u0103r - Roovi B2B\" \/>\n<meta property=\"og:description\" content=\"S\u0103 vizitezi obiective celebre din \u021bar\u0103 este fascinant, dar ce ai zice s\u0103 te bucuri zi de zi de imagini\" \/>\n<meta property=\"og:url\" content=\"https:\/\/www.roovi.ro\/puzzle-adulti-1000-piese-romania-cascada-bigar\/p\/\" \/>\n<meta property=\"og:site_name\" content=\"Roovi B2B\" \/>\n<meta property=\"article:publisher\" content=\"https:\/\/www.facebook.com\/wwwjucariero\" \/>\n<meta property=\"article:modified_time\" content=\"2025-03-19T06:55:00+00:00\" \/>\n<meta property=\"og:image\" content=\"https:\/\/business.roovi.com\/wp-content\/uploads\/2020\/10\/puzzle_1000_romania_bigar_waterfall-77042.jpg\" \/>\n\t<meta property=\"og:image:width\" content=\"1000\" \/>\n\t<meta property=\"og:image:height\" content=\"1000\" \/>\n\t<meta property=\"og:image:type\" content=\"image\/jpeg\" \/>\n<meta name=\"twitter:label1\" content=\"Timp estimat pentru citire\" \/>\n\t<meta name=\"twitter:data1\" content=\"3 minute\" \/>\n<script type=\"application\/ld+json\" class=\"yoast-schema-graph\">{\"@context\":\"https:\/\/schema.org\",\"@graph\":[{\"@type\":\"WebPage\",\"@id\":\"https:\/\/business.roovi.com\/ro\/puzzle-adulti-1000-piese-romania-cascada-bigar\/p\/\",\"url\":\"https:\/\/www.roovi.ro\/puzzle-adulti-1000-piese-romania-cascada-bigar\/p\/\",\"name\":\"Puzzle adul\u021bi 1000 Piese Romania - Cascada Big\u0103r - Roovi B2B\",\"isPartOf\":{\"@id\":\"https:\/\/business.roovi.com\/ro\/#website\"},\"datePublished\":\"2022-07-22T10:31:45+00:00\",\"dateModified\":\"2025-03-19T06:55:00+00:00\",\"breadcrumb\":{\"@id\":\"https:\/\/www.roovi.ro\/puzzle-adulti-1000-piese-romania-cascada-bigar\/p\/#breadcrumb\"},\"inLanguage\":\"ro-RO\",\"potentialAction\":[{\"@type\":\"ReadAction\",\"target\":[\"https:\/\/www.roovi.ro\/puzzle-adulti-1000-piese-romania-cascada-bigar\/p\/\"]}]},{\"@type\":\"BreadcrumbList\",\"@id\":\"https:\/\/www.roovi.ro\/puzzle-adulti-1000-piese-romania-cascada-bigar\/p\/#breadcrumb\",\"itemListElement\":[{\"@type\":\"ListItem\",\"position\":1,\"name\":\"Home\",\"item\":\"https:\/\/business.roovi.com\/ro\/\"},{\"@type\":\"ListItem\",\"position\":2,\"name\":\"Magazin\",\"item\":\"https:\/\/business.roovi.com\/ro\/magazin\/\"},{\"@type\":\"ListItem\",\"position\":3,\"name\":\"Puzzle adul\u021bi 1000 Piese Romania &#8211; Cascada Big\u0103r\"}]},{\"@type\":\"WebSite\",\"@id\":\"https:\/\/business.roovi.com\/ro\/#website\",\"url\":\"https:\/\/business.roovi.com\/ro\/\",\"name\":\"Roovi B2B\",\"description\":\"Roovi Business Website\",\"potentialAction\":[{\"@type\":\"SearchAction\",\"target\":{\"@type\":\"EntryPoint\",\"urlTemplate\":\"https:\/\/business.roovi.com\/ro\/?s={search_term_string}\"},\"query-input\":\"required name=search_term_string\"}],\"inLanguage\":\"ro-RO\"}]}<\/script>\n<!-- \/ Yoast SEO plugin. -->","yoast_head_json":{"title":"Puzzle adul\u021bi 1000 Piese Romania - Cascada Big\u0103r - Roovi B2B","robots":{"index":"index","follow":"follow","max-snippet":"max-snippet:-1","max-image-preview":"max-image-preview:large","max-video-preview":"max-video-preview:-1"},"canonical":"https:\/\/www.roovi.ro\/puzzle-adulti-1000-piese-romania-cascada-bigar\/p\/","og_locale":"ro_RO","og_type":"article","og_title":"Puzzle adul\u021bi 1000 Piese Romania - Cascada Big\u0103r - Roovi B2B","og_description":"S\u0103 vizitezi obiective celebre din \u021bar\u0103 este fascinant, dar ce ai zice s\u0103 te bucuri zi de zi de imagini","og_url":"https:\/\/www.roovi.ro\/puzzle-adulti-1000-piese-romania-cascada-bigar\/p\/","og_site_name":"Roovi B2B","article_publisher":"https:\/\/www.facebook.com\/wwwjucariero","article_modified_time":"2025-03-19T06:55:00+00:00","og_image":[{"width":1000,"height":1000,"url":"https:\/\/business.roovi.com\/wp-content\/uploads\/2020\/10\/puzzle_1000_romania_bigar_waterfall-77042.jpg","type":"image\/jpeg"}],"twitter_misc":{"Timp estimat pentru citire":"3 minute"},"schema":{"@context":"https:\/\/schema.org","@graph":[{"@type":"WebPage","@id":"https:\/\/business.roovi.com\/ro\/puzzle-adulti-1000-piese-romania-cascada-bigar\/p\/","url":"https:\/\/www.roovi.ro\/puzzle-adulti-1000-piese-romania-cascada-bigar\/p\/","name":"Puzzle adul\u021bi 1000 Piese Romania - Cascada Big\u0103r - Roovi B2B","isPartOf":{"@id":"https:\/\/business.roovi.com\/ro\/#website"},"datePublished":"2022-07-22T10:31:45+00:00","dateModified":"2025-03-19T06:55:00+00:00","breadcrumb":{"@id":"https:\/\/www.roovi.ro\/puzzle-adulti-1000-piese-romania-cascada-bigar\/p\/#breadcrumb"},"inLanguage":"ro-RO","potentialAction":[{"@type":"ReadAction","target":["https:\/\/www.roovi.ro\/puzzle-adulti-1000-piese-romania-cascada-bigar\/p\/"]}]},{"@type":"BreadcrumbList","@id":"https:\/\/www.roovi.ro\/puzzle-adulti-1000-piese-romania-cascada-bigar\/p\/#breadcrumb","itemListElement":[{"@type":"ListItem","position":1,"name":"Home","item":"https:\/\/business.roovi.com\/ro\/"},{"@type":"ListItem","position":2,"name":"Magazin","item":"https:\/\/business.roovi.com\/ro\/magazin\/"},{"@type":"ListItem","position":3,"name":"Puzzle adul\u021bi 1000 Piese Romania &#8211; Cascada Big\u0103r"}]},{"@type":"WebSite","@id":"https:\/\/business.roovi.com\/ro\/#website","url":"https:\/\/business.roovi.com\/ro\/","name":"Roovi B2B","description":"Roovi Business Website","potentialAction":[{"@type":"SearchAction","target":{"@type":"EntryPoint","urlTemplate":"https:\/\/business.roovi.com\/ro\/?s={search_term_string}"},"query-input":"required name=search_term_string"}],"inLanguage":"ro-RO"}]}},"_links":{"self":[{"href":"https:\/\/business.roovi.com\/ro\/wp-json\/wp\/v2\/product\/19935","targetHints":{"allow":["GET"]}}],"collection":[{"href":"https:\/\/business.roovi.com\/ro\/wp-json\/wp\/v2\/product"}],"about":[{"href":"https:\/\/business.roovi.com\/ro\/wp-json\/wp\/v2\/types\/product"}],"version-history":[{"count":0,"href":"https:\/\/business.roovi.com\/ro\/wp-json\/wp\/v2\/product\/19935\/revisions"}],"wp:featuredmedia":[{"embeddable":true,"href":"https:\/\/business.roovi.com\/ro\/wp-json\/wp\/v2\/media\/10038"}],"wp:attachment":[{"href":"https:\/\/business.roovi.com\/ro\/wp-json\/wp\/v2\/media?parent=19935"}],"wp:term":[{"taxonomy":"product_brand","embeddable":true,"href":"https:\/\/business.roovi.com\/ro\/wp-json\/wp\/v2\/product_brand?post=19935"},{"taxonomy":"product_cat","embeddable":true,"href":"https:\/\/business.roovi.com\/ro\/wp-json\/wp\/v2\/product_cat?post=19935"},{"taxonomy":"product_tag","embeddable":true,"href":"https:\/\/business.roovi.com\/ro\/wp-json\/wp\/v2\/product_tag?post=19935"}],"curies":[{"name":"wp","href":"https:\/\/api.w.org\/{rel}","templated":true}]}}