{"id":19939,"date":"2020-11-02T11:01:40","date_gmt":"2020-11-02T11:01:40","guid":{"rendered":"https:\/\/business.roovi.com\/product\/royal-game-of-ur-ur-jocul-regilor\/"},"modified":"2024-11-20T07:27:37","modified_gmt":"2024-11-20T07:27:37","slug":"royal-game-of-ur-ur-jocul-regilor-ur-kiralyok-jateka","status":"publish","type":"product","link":"https:\/\/business.roovi.com\/ro\/royal-game-of-ur-ur-jocul-regilor-ur-kiralyok-jateka\/p\/","title":{"rendered":"Royal Game of Ur \/ Ur, jocul regilor \/ Ur, kir\u00e1lyok j\u00e1t\u00e9ka"},"content":{"rendered":"<p>RO: Ur, jocul regilor este un joc de strategie \u0219i noroc din Mesopotamia antic\u0103 pentru doi juc\u0103tori. Este unul dintre cele mai vechi jocuri de societate din lume \u0219i este considerat predecesorul jocului table. Con\u021binut: 1 tabl\u0103 de joc, 7 puluri negre, 7 puluri albe, 4 zaruri speciale, regulament de joc \u00een limba rom\u00e2n\u0103, englez\u0103 \u0219i maghiar\u0103. V\u00e2rsta minim\u0103 recomandat\u0103 este de 8 ani.<\/p>\n<p>EN: The Royal Game of Ur is a strategy and luck based racing game from ancient Mesopotamia for two players. It is one of the oldest boardgames in the world and is considered to be the direct ancestor of backgammon. Contents: 1 game board, 7 black game pieces, 7 white game pieces, 4 special dice, game rules in English, Romanian and Hungarian. Recommended for children over 8 years of age.<\/p>\n<p>HU: Az Ur kir\u00e1lyi j\u00e1t\u00e9ka strat\u00e9gi\u00e1ra \u00e9s szerencs\u00e9re egyar\u00e1nt alapoz\u00f3 versenyj\u00e1t\u00e9k k\u00e9t j\u00e1t\u00e9kos r\u00e9sz\u00e9re, mely az \u00f3kori Mezopot\u00e1mi\u00e1b\u00f3l sz\u00e1rmazik. Ez a vil\u00e1g egyik legr\u00e9gebbi t\u00e1rsasj\u00e1t\u00e9ka, melyet az ost\u00e1bla \u0151s\u00e9nek tartanak. A doboz tartalma: 1 j\u00e1t\u00e9kt\u00e1bla, 7 fekete korong, 7 feh\u00e9r korong, 4 k\u00fcl\u00f6nleges dob\u00f3kocka, j\u00e1t\u00e9kszab\u00e1ly magyar, rom\u00e1n \u00e9s angol nyelven. 8 \u00e9ven fel\u00fclieknek aj\u00e1nlott.<\/p>\n","protected":false},"excerpt":{"rendered":"<p>RO: Ur, jocul regilor este un joc de strategie \u0219i noroc din Mesopotamia antic\u0103 pentru doi juc\u0103tori. Este unul dintre<\/p>\n","protected":false},"featured_media":10050,"template":"","meta":[],"product_brand":[],"product_cat":[1467,1506],"product_tag":[],"class_list":{"0":"post-19939","1":"product","2":"type-product","3":"status-publish","4":"has-post-thumbnail","6":"product_cat-jocuri-de-societate","7":"product_cat-jocuri-de-strategie","8":"pa_brand-d_toys","9":"pa_country_of_manufacture-ro","10":"pa_filter_age-1315","11":"pa_filter_age-1316","12":"pa_filter_age-7_9","13":"pa_filter_age-9_14","14":"pa_tip_ambalaj-cutie","16":"first","17":"instock","18":"taxable","19":"shipping-taxable","20":"product-type-simple"},"yoast_head":"<!-- This site is optimized with the Yoast SEO plugin v20.1 - https:\/\/yoast.com\/wordpress\/plugins\/seo\/ -->\n<title>Royal Game of Ur \/ Ur, jocul regilor \/ Ur, kir\u00e1lyok j\u00e1t\u00e9ka - Roovi B2B<\/title>\n<meta name=\"robots\" content=\"index, follow, max-snippet:-1, max-image-preview:large, max-video-preview:-1\" \/>\n<link rel=\"canonical\" href=\"https:\/\/www.roovi.ro\/royal-game-of-ur-ur-jocul-regilor-ur-kiralyok-jateka\/p\/\" \/>\n<meta property=\"og:locale\" content=\"ro_RO\" \/>\n<meta property=\"og:type\" content=\"article\" \/>\n<meta property=\"og:title\" content=\"Royal Game of Ur \/ Ur, jocul regilor \/ Ur, kir\u00e1lyok j\u00e1t\u00e9ka - Roovi B2B\" \/>\n<meta property=\"og:description\" content=\"RO: Ur, jocul regilor este un joc de strategie \u0219i noroc din Mesopotamia antic\u0103 pentru doi juc\u0103tori. Este unul dintre\" \/>\n<meta property=\"og:url\" content=\"https:\/\/www.roovi.ro\/royal-game-of-ur-ur-jocul-regilor-ur-kiralyok-jateka\/p\/\" \/>\n<meta property=\"og:site_name\" content=\"Roovi B2B\" \/>\n<meta property=\"article:publisher\" content=\"https:\/\/www.facebook.com\/wwwjucariero\" \/>\n<meta property=\"article:modified_time\" content=\"2024-11-20T07:27:37+00:00\" \/>\n<meta property=\"og:image\" content=\"https:\/\/business.roovi.com\/wp-content\/uploads\/2020\/11\/royal_game_of_ur-77011.jpg\" \/>\n\t<meta property=\"og:image:width\" content=\"1000\" \/>\n\t<meta property=\"og:image:height\" content=\"1000\" \/>\n\t<meta property=\"og:image:type\" content=\"image\/jpeg\" \/>\n<meta name=\"twitter:label1\" content=\"Timp estimat pentru citire\" \/>\n\t<meta name=\"twitter:data1\" content=\"1 minut\" \/>\n<script type=\"application\/ld+json\" class=\"yoast-schema-graph\">{\"@context\":\"https:\/\/schema.org\",\"@graph\":[{\"@type\":\"WebPage\",\"@id\":\"https:\/\/business.roovi.com\/ro\/royal-game-of-ur-ur-jocul-regilor-ur-kiralyok-jateka\/p\/\",\"url\":\"https:\/\/www.roovi.ro\/royal-game-of-ur-ur-jocul-regilor-ur-kiralyok-jateka\/p\/\",\"name\":\"Royal Game of Ur \/ Ur, jocul regilor \/ Ur, kir\u00e1lyok j\u00e1t\u00e9ka - Roovi B2B\",\"isPartOf\":{\"@id\":\"https:\/\/business.roovi.com\/ro\/#website\"},\"datePublished\":\"2020-11-02T11:01:40+00:00\",\"dateModified\":\"2024-11-20T07:27:37+00:00\",\"breadcrumb\":{\"@id\":\"https:\/\/www.roovi.ro\/royal-game-of-ur-ur-jocul-regilor-ur-kiralyok-jateka\/p\/#breadcrumb\"},\"inLanguage\":\"ro-RO\",\"potentialAction\":[{\"@type\":\"ReadAction\",\"target\":[\"https:\/\/www.roovi.ro\/royal-game-of-ur-ur-jocul-regilor-ur-kiralyok-jateka\/p\/\"]}]},{\"@type\":\"BreadcrumbList\",\"@id\":\"https:\/\/www.roovi.ro\/royal-game-of-ur-ur-jocul-regilor-ur-kiralyok-jateka\/p\/#breadcrumb\",\"itemListElement\":[{\"@type\":\"ListItem\",\"position\":1,\"name\":\"Home\",\"item\":\"https:\/\/business.roovi.com\/ro\/\"},{\"@type\":\"ListItem\",\"position\":2,\"name\":\"Magazin\",\"item\":\"https:\/\/business.roovi.com\/ro\/magazin\/\"},{\"@type\":\"ListItem\",\"position\":3,\"name\":\"Royal Game of Ur \/ Ur, jocul regilor \/ Ur, kir\u00e1lyok j\u00e1t\u00e9ka\"}]},{\"@type\":\"WebSite\",\"@id\":\"https:\/\/business.roovi.com\/ro\/#website\",\"url\":\"https:\/\/business.roovi.com\/ro\/\",\"name\":\"Roovi B2B\",\"description\":\"Roovi Business Website\",\"potentialAction\":[{\"@type\":\"SearchAction\",\"target\":{\"@type\":\"EntryPoint\",\"urlTemplate\":\"https:\/\/business.roovi.com\/ro\/?s={search_term_string}\"},\"query-input\":\"required name=search_term_string\"}],\"inLanguage\":\"ro-RO\"}]}<\/script>\n<!-- \/ Yoast SEO plugin. -->","yoast_head_json":{"title":"Royal Game of Ur \/ Ur, jocul regilor \/ Ur, kir\u00e1lyok j\u00e1t\u00e9ka - Roovi B2B","robots":{"index":"index","follow":"follow","max-snippet":"max-snippet:-1","max-image-preview":"max-image-preview:large","max-video-preview":"max-video-preview:-1"},"canonical":"https:\/\/www.roovi.ro\/royal-game-of-ur-ur-jocul-regilor-ur-kiralyok-jateka\/p\/","og_locale":"ro_RO","og_type":"article","og_title":"Royal Game of Ur \/ Ur, jocul regilor \/ Ur, kir\u00e1lyok j\u00e1t\u00e9ka - Roovi B2B","og_description":"RO: Ur, jocul regilor este un joc de strategie \u0219i noroc din Mesopotamia antic\u0103 pentru doi juc\u0103tori. Este unul dintre","og_url":"https:\/\/www.roovi.ro\/royal-game-of-ur-ur-jocul-regilor-ur-kiralyok-jateka\/p\/","og_site_name":"Roovi B2B","article_publisher":"https:\/\/www.facebook.com\/wwwjucariero","article_modified_time":"2024-11-20T07:27:37+00:00","og_image":[{"width":1000,"height":1000,"url":"https:\/\/business.roovi.com\/wp-content\/uploads\/2020\/11\/royal_game_of_ur-77011.jpg","type":"image\/jpeg"}],"twitter_misc":{"Timp estimat pentru citire":"1 minut"},"schema":{"@context":"https:\/\/schema.org","@graph":[{"@type":"WebPage","@id":"https:\/\/business.roovi.com\/ro\/royal-game-of-ur-ur-jocul-regilor-ur-kiralyok-jateka\/p\/","url":"https:\/\/www.roovi.ro\/royal-game-of-ur-ur-jocul-regilor-ur-kiralyok-jateka\/p\/","name":"Royal Game of Ur \/ Ur, jocul regilor \/ Ur, kir\u00e1lyok j\u00e1t\u00e9ka - Roovi B2B","isPartOf":{"@id":"https:\/\/business.roovi.com\/ro\/#website"},"datePublished":"2020-11-02T11:01:40+00:00","dateModified":"2024-11-20T07:27:37+00:00","breadcrumb":{"@id":"https:\/\/www.roovi.ro\/royal-game-of-ur-ur-jocul-regilor-ur-kiralyok-jateka\/p\/#breadcrumb"},"inLanguage":"ro-RO","potentialAction":[{"@type":"ReadAction","target":["https:\/\/www.roovi.ro\/royal-game-of-ur-ur-jocul-regilor-ur-kiralyok-jateka\/p\/"]}]},{"@type":"BreadcrumbList","@id":"https:\/\/www.roovi.ro\/royal-game-of-ur-ur-jocul-regilor-ur-kiralyok-jateka\/p\/#breadcrumb","itemListElement":[{"@type":"ListItem","position":1,"name":"Home","item":"https:\/\/business.roovi.com\/ro\/"},{"@type":"ListItem","position":2,"name":"Magazin","item":"https:\/\/business.roovi.com\/ro\/magazin\/"},{"@type":"ListItem","position":3,"name":"Royal Game of Ur \/ Ur, jocul regilor \/ Ur, kir\u00e1lyok j\u00e1t\u00e9ka"}]},{"@type":"WebSite","@id":"https:\/\/business.roovi.com\/ro\/#website","url":"https:\/\/business.roovi.com\/ro\/","name":"Roovi B2B","description":"Roovi Business Website","potentialAction":[{"@type":"SearchAction","target":{"@type":"EntryPoint","urlTemplate":"https:\/\/business.roovi.com\/ro\/?s={search_term_string}"},"query-input":"required name=search_term_string"}],"inLanguage":"ro-RO"}]}},"_links":{"self":[{"href":"https:\/\/business.roovi.com\/ro\/wp-json\/wp\/v2\/product\/19939","targetHints":{"allow":["GET"]}}],"collection":[{"href":"https:\/\/business.roovi.com\/ro\/wp-json\/wp\/v2\/product"}],"about":[{"href":"https:\/\/business.roovi.com\/ro\/wp-json\/wp\/v2\/types\/product"}],"version-history":[{"count":0,"href":"https:\/\/business.roovi.com\/ro\/wp-json\/wp\/v2\/product\/19939\/revisions"}],"wp:featuredmedia":[{"embeddable":true,"href":"https:\/\/business.roovi.com\/ro\/wp-json\/wp\/v2\/media\/10050"}],"wp:attachment":[{"href":"https:\/\/business.roovi.com\/ro\/wp-json\/wp\/v2\/media?parent=19939"}],"wp:term":[{"taxonomy":"product_brand","embeddable":true,"href":"https:\/\/business.roovi.com\/ro\/wp-json\/wp\/v2\/product_brand?post=19939"},{"taxonomy":"product_cat","embeddable":true,"href":"https:\/\/business.roovi.com\/ro\/wp-json\/wp\/v2\/product_cat?post=19939"},{"taxonomy":"product_tag","embeddable":true,"href":"https:\/\/business.roovi.com\/ro\/wp-json\/wp\/v2\/product_tag?post=19939"}],"curies":[{"name":"wp","href":"https:\/\/api.w.org\/{rel}","templated":true}]}}