{"id":19940,"date":"2020-11-02T14:29:36","date_gmt":"2020-11-02T14:29:36","guid":{"rendered":"https:\/\/business.roovi.com\/product\/crossle\/"},"modified":"2024-09-20T05:03:54","modified_gmt":"2024-09-20T05:03:54","slug":"crossle","status":"publish","type":"product","link":"https:\/\/business.roovi.com\/ro\/crossle\/p\/","title":{"rendered":"Crossle &#8211; Joc de cuvinte \u00eencruci\u0219ate"},"content":{"rendered":"<p><strong><em>\u00ce\u021bi plac jocurile de cuvinte \u00eencruci\u0219ate \u0219i e\u0219ti maestru \u00een formarea cuvintelor complexe? Vrei s\u0103-i oferi copilului un joc distractiv dar \u0219i educativ, prin care s\u0103-\u0219i dezvolte vocabularul?<\/em><\/strong><\/p>\n<p><span style=\"font-weight: 400;\">Descoper\u0103 CROSSLE &#8211; un joc incitant de cuvinte \u00eencruci\u0219ate, cu un plus de ingeniozitate.\u00a0<\/span><\/p>\n<p><span style=\"font-weight: 400;\">CROSSLE vine cu o abordare nou\u0103 a clasicelor jocuri de cuvinte \u00eencruci\u0219ate, ingenioas\u0103 \u0219i mult mai\u00a0 creativ\u0103. \u00cen acela\u0219i timp, te bucuri de mai mult\u0103 fluen\u021b\u0103 \u00een timpul jocului \u0219i mai multe oportunit\u0103\u021bi palpitante, datorit\u0103 tablei de joc modulare.<\/span><\/p>\n<p><span style=\"font-weight: 400;\">Formeaz\u0103 cuvintele potrivite, construie\u0219te-le pe tabla de joc, adun\u0103 c\u00e2t mai multe puncte \u0219i c\u00e2\u0219tig\u0103 jocul!<\/span><\/p>\n<h3><strong>\u0218tiai c\u0103 Jocul CROSSLE<\/strong><\/h3>\n<ul>\n<li><span style=\"font-weight: 400;\">Este un joc dinamic, care se reinventeaz\u0103 de fiecare dat\u0103, datorit\u0103 tablei de joc modulare &#8211; cu siguran\u021b\u0103 nu vor fi dou\u0103 jocuri identice.<\/span><\/li>\n<li><span style=\"font-weight: 400;\">Este un exerci\u021biu perfect de concentrare, creativitate \u0219i logic\u0103, pentru a g\u0103si cuvintele cele mai potrivite.\u00a0\u00a0<\/span><\/li>\n<li><span style=\"font-weight: 400;\">Pentru copii, este o modalitate distractiv\u0103 de a-\u0219i \u00eembog\u0103\u021bi vocabularul.\u00a0<\/span><\/li>\n<li><span style=\"font-weight: 400;\">Dezvolt\u0103 \u0219i sus\u021bine spiritul de competi\u021bie, \u00een \u00eencercarea de a fi primul care formeaz\u0103 cuvinte cu toate jetoanele.<\/span><\/li>\n<li><span style=\"font-weight: 400;\">Este o bun\u0103 modalitate de a exersa r\u0103bdarea, de a accepta o \u00eenfr\u00e2ngeri dar \u0219i de a le cultiva copiilor perseveren\u021ba \u0219i \u00eencrederea \u00een sine.<\/span><\/li>\n<\/ul>\n<h3><strong>De ce s\u0103 alegi Jocul CROSSLE<\/strong><\/h3>\n<p><span style=\"font-weight: 400;\">Uit\u0103 de momentele \u00een care g\u0103seai cel mai tare cuv\u00e2nt, cu punctaj colosal, dar\u2026nu se \u00eencadra pe tabla de joc.<\/span><\/p>\n<p><span style=\"font-weight: 400;\">Tabla de joc CROSSLE este modular\u0103, format\u0103 din 16 cartona\u0219e, astfel \u00eenc\u00e2t o po\u021bi extinde \u0219i po\u021bi ad\u0103uga spa\u021biu de joc suplimentar exact atunci c\u00e2nd ai nevoie, iar cuvintele pe care le construie\u0219ti nu vor mai fi niciodat\u0103 prea lungi. Probabil doar prea bune, dar aici se vor pronun\u021ba ceilal\u021bi juc\u0103tori.<\/span><\/p>\n<p><span style=\"font-weight: 400;\">Cartona\u0219ele ce compun tabla de joc CROSSLE sunt realizate din mucava, un carton gros \u0219i rezistent, ce nu se deformeaz\u0103 \u00een timp \u0219i asigur\u0103 multe ore de distrac\u021bie ne\u00eentrerupt\u0103.<\/span><\/p>\n<p><span style=\"font-weight: 400;\">CROSSLE este potrivit at\u00e2t pentru copii, c\u00e2t \u0219i pentru adul\u021bi, poate fi jucat \u00een familie sau, de ce nu, poate fi un joc grozav de jucat cu prietenii.<\/span><\/p>\n<p><strong>Alege distrac\u021bia inteligent\u0103, \u021bine aproape DEX-ul \u0219i g\u0103seste cele mai tari cuvinte pe care le po\u021bi construi \u00een joc, ca s\u0103 c\u00e2\u0219tigi de fiecare dat\u0103!\u00a0<\/strong><\/p>\n<p><span style=\"font-weight: 400;\">V\u00e2rst\u0103 recomandat\u0103: 8+<\/span><\/p>\n<p><span style=\"font-weight: 400;\">Juc\u0103tori: 2-4 juc\u0103tori<\/span><\/p>\n<p><span style=\"font-weight: 400;\">Cutia con\u021bine: 1 x tabl\u0103 de joc modular\u0103 format\u0103 din 16 cartona\u0219e, 112 jetoane de joc, 4 suporturi din lemn pentru jetoane, 1 s\u0103cule\u021b pentru jetoane \u0219i regulament de joc.\u00a0\u00a0\u00a0<\/span><\/p>\n<p><span style=\"font-weight: 400;\">Joc nerecomandat copiilor sub 3 ani.<\/span><\/p>\n","protected":false},"excerpt":{"rendered":"<p>\u00ce\u021bi plac jocurile de cuvinte \u00eencruci\u0219ate \u0219i e\u0219ti maestru \u00een formarea cuvintelor complexe? Vrei s\u0103-i oferi copilului un joc distractiv<\/p>\n","protected":false},"featured_media":64312,"template":"","meta":[],"product_brand":[],"product_cat":[1502,1467,1508],"product_tag":[],"class_list":{"0":"post-19940","1":"product","2":"type-product","3":"status-publish","4":"has-post-thumbnail","6":"product_cat-jocuri-de-familie","7":"product_cat-jocuri-de-societate","8":"product_cat-jocuri-educative-si-tip-quiz","9":"pa_brand-deico","10":"pa_country_of_manufacture-ro","11":"pa_filter_age-1315","12":"pa_filter_age-1316","13":"pa_filter_age-7_9","14":"pa_filter_age-9_14","15":"pa_tip_ambalaj-cutie","17":"first","18":"outofstock","19":"taxable","20":"shipping-taxable","21":"product-type-simple"},"yoast_head":"<!-- This site is optimized with the Yoast SEO plugin v20.1 - https:\/\/yoast.com\/wordpress\/plugins\/seo\/ -->\n<title>Crossle - Joc de cuvinte \u00eencruci\u0219ate - Roovi B2B<\/title>\n<meta name=\"robots\" content=\"index, follow, max-snippet:-1, max-image-preview:large, max-video-preview:-1\" \/>\n<link rel=\"canonical\" href=\"https:\/\/www.roovi.ro\/crossle\/p\/\" \/>\n<meta property=\"og:locale\" content=\"ro_RO\" \/>\n<meta property=\"og:type\" content=\"article\" \/>\n<meta property=\"og:title\" content=\"Crossle - Joc de cuvinte \u00eencruci\u0219ate - Roovi B2B\" \/>\n<meta property=\"og:description\" content=\"\u00ce\u021bi plac jocurile de cuvinte \u00eencruci\u0219ate \u0219i e\u0219ti maestru \u00een formarea cuvintelor complexe? Vrei s\u0103-i oferi copilului un joc distractiv\" \/>\n<meta property=\"og:url\" content=\"https:\/\/www.roovi.ro\/crossle\/p\/\" \/>\n<meta property=\"og:site_name\" content=\"Roovi B2B\" \/>\n<meta property=\"article:publisher\" content=\"https:\/\/www.facebook.com\/wwwjucariero\" \/>\n<meta property=\"article:modified_time\" content=\"2024-09-20T05:03:54+00:00\" \/>\n<meta property=\"og:image\" content=\"https:\/\/business.roovi.com\/wp-content\/uploads\/2020\/11\/Crossle_Roovi_2022_79169_RO-web.jpg\" \/>\n\t<meta property=\"og:image:width\" content=\"1200\" \/>\n\t<meta property=\"og:image:height\" content=\"1200\" \/>\n\t<meta property=\"og:image:type\" content=\"image\/jpeg\" \/>\n<meta name=\"twitter:label1\" content=\"Timp estimat pentru citire\" \/>\n\t<meta name=\"twitter:data1\" content=\"2 minute\" \/>\n<script type=\"application\/ld+json\" class=\"yoast-schema-graph\">{\"@context\":\"https:\/\/schema.org\",\"@graph\":[{\"@type\":\"WebPage\",\"@id\":\"https:\/\/business.roovi.com\/ro\/crossle\/p\/\",\"url\":\"https:\/\/www.roovi.ro\/crossle\/p\/\",\"name\":\"Crossle - Joc de cuvinte \u00eencruci\u0219ate - Roovi B2B\",\"isPartOf\":{\"@id\":\"https:\/\/business.roovi.com\/ro\/#website\"},\"datePublished\":\"2020-11-02T14:29:36+00:00\",\"dateModified\":\"2024-09-20T05:03:54+00:00\",\"breadcrumb\":{\"@id\":\"https:\/\/www.roovi.ro\/crossle\/p\/#breadcrumb\"},\"inLanguage\":\"ro-RO\",\"potentialAction\":[{\"@type\":\"ReadAction\",\"target\":[\"https:\/\/www.roovi.ro\/crossle\/p\/\"]}]},{\"@type\":\"BreadcrumbList\",\"@id\":\"https:\/\/www.roovi.ro\/crossle\/p\/#breadcrumb\",\"itemListElement\":[{\"@type\":\"ListItem\",\"position\":1,\"name\":\"Home\",\"item\":\"https:\/\/business.roovi.com\/ro\/\"},{\"@type\":\"ListItem\",\"position\":2,\"name\":\"Magazin\",\"item\":\"https:\/\/business.roovi.com\/ro\/magazin\/\"},{\"@type\":\"ListItem\",\"position\":3,\"name\":\"Crossle &#8211; Joc de cuvinte \u00eencruci\u0219ate\"}]},{\"@type\":\"WebSite\",\"@id\":\"https:\/\/business.roovi.com\/ro\/#website\",\"url\":\"https:\/\/business.roovi.com\/ro\/\",\"name\":\"Roovi B2B\",\"description\":\"Roovi Business Website\",\"potentialAction\":[{\"@type\":\"SearchAction\",\"target\":{\"@type\":\"EntryPoint\",\"urlTemplate\":\"https:\/\/business.roovi.com\/ro\/?s={search_term_string}\"},\"query-input\":\"required name=search_term_string\"}],\"inLanguage\":\"ro-RO\"}]}<\/script>\n<!-- \/ Yoast SEO plugin. -->","yoast_head_json":{"title":"Crossle - Joc de cuvinte \u00eencruci\u0219ate - Roovi B2B","robots":{"index":"index","follow":"follow","max-snippet":"max-snippet:-1","max-image-preview":"max-image-preview:large","max-video-preview":"max-video-preview:-1"},"canonical":"https:\/\/www.roovi.ro\/crossle\/p\/","og_locale":"ro_RO","og_type":"article","og_title":"Crossle - Joc de cuvinte \u00eencruci\u0219ate - Roovi B2B","og_description":"\u00ce\u021bi plac jocurile de cuvinte \u00eencruci\u0219ate \u0219i e\u0219ti maestru \u00een formarea cuvintelor complexe? Vrei s\u0103-i oferi copilului un joc distractiv","og_url":"https:\/\/www.roovi.ro\/crossle\/p\/","og_site_name":"Roovi B2B","article_publisher":"https:\/\/www.facebook.com\/wwwjucariero","article_modified_time":"2024-09-20T05:03:54+00:00","og_image":[{"width":1200,"height":1200,"url":"https:\/\/business.roovi.com\/wp-content\/uploads\/2020\/11\/Crossle_Roovi_2022_79169_RO-web.jpg","type":"image\/jpeg"}],"twitter_misc":{"Timp estimat pentru citire":"2 minute"},"schema":{"@context":"https:\/\/schema.org","@graph":[{"@type":"WebPage","@id":"https:\/\/business.roovi.com\/ro\/crossle\/p\/","url":"https:\/\/www.roovi.ro\/crossle\/p\/","name":"Crossle - Joc de cuvinte \u00eencruci\u0219ate - Roovi B2B","isPartOf":{"@id":"https:\/\/business.roovi.com\/ro\/#website"},"datePublished":"2020-11-02T14:29:36+00:00","dateModified":"2024-09-20T05:03:54+00:00","breadcrumb":{"@id":"https:\/\/www.roovi.ro\/crossle\/p\/#breadcrumb"},"inLanguage":"ro-RO","potentialAction":[{"@type":"ReadAction","target":["https:\/\/www.roovi.ro\/crossle\/p\/"]}]},{"@type":"BreadcrumbList","@id":"https:\/\/www.roovi.ro\/crossle\/p\/#breadcrumb","itemListElement":[{"@type":"ListItem","position":1,"name":"Home","item":"https:\/\/business.roovi.com\/ro\/"},{"@type":"ListItem","position":2,"name":"Magazin","item":"https:\/\/business.roovi.com\/ro\/magazin\/"},{"@type":"ListItem","position":3,"name":"Crossle &#8211; Joc de cuvinte \u00eencruci\u0219ate"}]},{"@type":"WebSite","@id":"https:\/\/business.roovi.com\/ro\/#website","url":"https:\/\/business.roovi.com\/ro\/","name":"Roovi B2B","description":"Roovi Business Website","potentialAction":[{"@type":"SearchAction","target":{"@type":"EntryPoint","urlTemplate":"https:\/\/business.roovi.com\/ro\/?s={search_term_string}"},"query-input":"required name=search_term_string"}],"inLanguage":"ro-RO"}]}},"_links":{"self":[{"href":"https:\/\/business.roovi.com\/ro\/wp-json\/wp\/v2\/product\/19940","targetHints":{"allow":["GET"]}}],"collection":[{"href":"https:\/\/business.roovi.com\/ro\/wp-json\/wp\/v2\/product"}],"about":[{"href":"https:\/\/business.roovi.com\/ro\/wp-json\/wp\/v2\/types\/product"}],"version-history":[{"count":0,"href":"https:\/\/business.roovi.com\/ro\/wp-json\/wp\/v2\/product\/19940\/revisions"}],"wp:featuredmedia":[{"embeddable":true,"href":"https:\/\/business.roovi.com\/ro\/wp-json\/wp\/v2\/media\/64312"}],"wp:attachment":[{"href":"https:\/\/business.roovi.com\/ro\/wp-json\/wp\/v2\/media?parent=19940"}],"wp:term":[{"taxonomy":"product_brand","embeddable":true,"href":"https:\/\/business.roovi.com\/ro\/wp-json\/wp\/v2\/product_brand?post=19940"},{"taxonomy":"product_cat","embeddable":true,"href":"https:\/\/business.roovi.com\/ro\/wp-json\/wp\/v2\/product_cat?post=19940"},{"taxonomy":"product_tag","embeddable":true,"href":"https:\/\/business.roovi.com\/ro\/wp-json\/wp\/v2\/product_tag?post=19940"}],"curies":[{"name":"wp","href":"https:\/\/api.w.org\/{rel}","templated":true}]}}