{"id":19945,"date":"2020-12-15T10:46:00","date_gmt":"2020-12-15T10:46:00","guid":{"rendered":"https:\/\/business.roovi.com\/product\/circuite-electronice\/"},"modified":"2025-03-13T08:41:23","modified_gmt":"2025-03-13T08:41:23","slug":"circuite-electronice","status":"publish","type":"product","link":"https:\/\/business.roovi.com\/ro\/circuite-electronice\/p\/","title":{"rendered":"Circuite electronice"},"content":{"rendered":"<h3><span style=\"font-weight: 400;\">Copilul t\u0103u este pasionat de lumea electronicii \u0219i ai vrea s\u0103 \u00eenve\u021be mai mult prin experimente distractive? Alege pentru el Circuite electronice, un set ingenios care face \u0219tiin\u021ba mai u\u0219or de \u00een\u021beles pentru copii.<\/span><\/h3>\n<p><span style=\"font-weight: 400;\">Electronica este un domeniu fascinant, dar greu accesibil copiilor. Jocul Circuite electronice este conceput special pentru ca informa\u021biile dificile s\u0103 fie rapid \u00een\u021belese de micii ingineri \u00een devenire.<\/span><\/p>\n<p><span style=\"font-weight: 400;\">Copiii pot astfel s\u0103 \u00eenve\u021be despre circuite electronice, motoare, \u00eentrerup\u0103toare, sunete \u0219i lumini experiment\u00e2nd prin joc. \u00cen plus, \u00ee\u0219i dezvolt\u0103 logica \u0219i inteligen\u021ba \u0219i pot avea chiar rezultate mai bune la \u0219coal\u0103.<\/span><\/p>\n<h3><span style=\"font-weight: 400;\">Circuite electronice: 80 de posibilit\u0103\u021bi de asamblare \u0219i distrac\u021bie nelimitat\u0103<\/span><\/h3>\n<p><span style=\"font-weight: 400;\">Setul Circuite electronice este ca un puzzle dificil la prima vedere, dar care devine accesibil pe m\u0103sur\u0103 ce \u00eencepi s\u0103 pui piesele \u00een ordinea potrivit\u0103. \u00cen cutie g\u0103se\u0219ti o mul\u021bime de elemente colorate \u0219i interesante, cu care po\u021bi realiza 80 experimente electronice uimitoare. Astfel po\u021bi asambla \u0219i experimenta:<\/span><\/p>\n<ul>\n<li style=\"font-weight: 400;\"><span style=\"font-weight: 400;\">Un circuit cu bec alimentat prin contact magnetic.<\/span><\/li>\n<li style=\"font-weight: 400;\"><span style=\"font-weight: 400;\">Un motor cu elice zbur\u0103toare.<\/span><\/li>\n<li style=\"font-weight: 400;\"><span style=\"font-weight: 400;\">Un circuit cu un LED \u0219i un bec, conectate \u00een paralel.<\/span><\/li>\n<li style=\"font-weight: 400;\"><span style=\"font-weight: 400;\">Un circuit cu 2 \u00eentrerup\u0103toare conectate \u00een serie.<\/span><\/li>\n<li style=\"font-weight: 400;\"><span style=\"font-weight: 400;\">Sunetul de intensitate slab\u0103 al sirenei de poli\u021bie.<\/span><\/li>\n<li style=\"font-weight: 400;\"><span style=\"font-weight: 400;\">Sunetul de intensitate slab\u0103 al sirenei de pompieri.<\/span><\/li>\n<\/ul>\n<p><span style=\"font-weight: 400;\">Ia-\u021bi a\u0219adar rolul de inginer \u00een serios, experimenteaz\u0103 \u0219i \u00eenva\u021b\u0103 rapid informa\u021bii inedite despre circuitele electronice \u0219i rolul lor \u00een via\u021ba de zi cu zi.\u00a0<\/span><\/p>\n<h3><span style=\"font-weight: 400;\">Circuite electronice &#8211; un set grozav, creat conform principiilor STEM<\/span><\/h3>\n<p><span style=\"font-weight: 400;\">Setul Circuite electronice face parte din seria EduScience de la ROOVI \u0219i este conceput potrivit principiilor STEM \u00een care jocurile pun accentul pe \u00eenv\u0103\u021bare al\u0103turi de distrac\u021bie \u0219i \u00eei ajut\u0103 pe copii s\u0103 se \u00eemprieteneasc\u0103 de la v\u00e2rste fragede cu \u0219tiin\u021ba. Circuite electronice \u00eentrune\u0219te cele mai \u00eenalte standarde de calitate \u0219i siguran\u021b\u0103, precum \u0219i toate caracteristicile fascinantelor jocuri STEM:<\/span><\/p>\n<ul>\n<li style=\"font-weight: 400;\"><span style=\"font-weight: 400;\">Stimuleaz\u0103 \u0219i sus\u021bine dezvoltarea g\u00e2ndirii logice \u0219i strategice.<\/span><\/li>\n<li style=\"font-weight: 400;\"><span style=\"font-weight: 400;\">Dezvolt\u0103 imagina\u021bia \u0219i g\u00e2ndirea creativ\u0103.<\/span><\/li>\n<li style=\"font-weight: 400;\"><span style=\"font-weight: 400;\">\u00cembun\u0103t\u0103\u021be\u0219te capacitatea de concentrare, precum \u0219i coordonarea<\/span><\/li>\n<li style=\"font-weight: 400;\"><span style=\"font-weight: 400;\">Stimuleaz\u0103 comunicarea, dezvoltarea abilit\u0103\u021bilor sociale \u0219i lucrul \u00een echip\u0103.<\/span><\/li>\n<li style=\"font-weight: 400;\"><span style=\"font-weight: 400;\">\u00cei ajut\u0103 pe copii s\u0103 se familiarizeze cu concepte \u0219i no\u021biuni noi, favoriz\u00e2nd totodat\u0103 dezvoltarea vocabularului.<\/span><\/li>\n<li style=\"font-weight: 400;\"><span style=\"font-weight: 400;\">\u00cen plus, este foarte distractiv \u0219i poate fi prilejul perfect de a te conecta cu copilul t\u0103u \u0219i de a v\u0103 distra de minune \u00eempreun\u0103.\u00a0<\/span><\/li>\n<\/ul>\n<p><span style=\"font-weight: 400;\">Circuite electronice este un joc educativ super interesant, pentru copii iste\u021bi, care exploreaz\u0103 \u0219i descoper\u0103 lumea prin joac\u0103.\u00a0<\/span><\/p>\n<p><span style=\"font-weight: 400;\">Jocul Circuite electronice are o grafic\u0103 de excep\u021bie, conceput\u0103 cu aten\u021bie maxim\u0103 la fiecare detaliu \u0219i poate fi un dar perfect de pus sub bradul de Cr\u0103ciun sau pentru alte ocazii de s\u0103rb\u0103toare.\u00a0\u00a0<\/span><\/p>\n<ul>\n<li style=\"font-weight: 400;\"><span style=\"font-weight: 400;\">V\u00e2rsta recomandat\u0103: 6+<\/span><\/li>\n<li style=\"font-weight: 400;\"><span style=\"font-weight: 400;\">Joc nerecomandat copiilor mai mici de 3 ani. Con\u021bine piese mici care pot fi \u00eenghi\u021bite.<\/span><\/li>\n<\/ul>\n","protected":false},"excerpt":{"rendered":"<p>Copilul t\u0103u este pasionat de lumea electronicii \u0219i ai vrea s\u0103 \u00eenve\u021be mai mult prin experimente distractive? Alege pentru el<\/p>\n","protected":false},"featured_media":72042,"template":"","meta":[],"product_brand":[],"product_cat":[1471,1509],"product_tag":[],"class_list":{"0":"post-19945","1":"product","2":"type-product","3":"status-publish","4":"has-post-thumbnail","6":"product_cat-jocuri-educative-si-stiintifice","7":"product_cat-jocuri-stiintifice","8":"pa_brand-d_toys","9":"pa_country_of_manufacture-ro","10":"pa_filter_age-5_7","11":"pa_filter_age-7_9","12":"pa_filter_age-9_14","13":"pa_tip_ambalaj-cutie","15":"first","16":"instock","17":"taxable","18":"shipping-taxable","19":"product-type-simple"},"yoast_head":"<!-- This site is optimized with the Yoast SEO plugin v20.1 - https:\/\/yoast.com\/wordpress\/plugins\/seo\/ -->\n<title>Circuite electronice - Roovi B2B<\/title>\n<meta name=\"robots\" content=\"index, follow, max-snippet:-1, max-image-preview:large, max-video-preview:-1\" \/>\n<link rel=\"canonical\" href=\"https:\/\/www.roovi.ro\/circuite-electronice\/p\/\" \/>\n<meta property=\"og:locale\" content=\"ro_RO\" \/>\n<meta property=\"og:type\" content=\"article\" \/>\n<meta property=\"og:title\" content=\"Circuite electronice - Roovi B2B\" \/>\n<meta property=\"og:description\" content=\"Copilul t\u0103u este pasionat de lumea electronicii \u0219i ai vrea s\u0103 \u00eenve\u021be mai mult prin experimente distractive? Alege pentru el\" \/>\n<meta property=\"og:url\" content=\"https:\/\/www.roovi.ro\/circuite-electronice\/p\/\" \/>\n<meta property=\"og:site_name\" content=\"Roovi B2B\" \/>\n<meta property=\"article:publisher\" content=\"https:\/\/www.facebook.com\/wwwjucariero\" \/>\n<meta property=\"article:modified_time\" content=\"2025-03-13T08:41:23+00:00\" \/>\n<meta property=\"og:image\" content=\"https:\/\/business.roovi.com\/wp-content\/uploads\/2020\/12\/1.jpg\" \/>\n\t<meta property=\"og:image:width\" content=\"1200\" \/>\n\t<meta property=\"og:image:height\" content=\"1200\" \/>\n\t<meta property=\"og:image:type\" content=\"image\/jpeg\" \/>\n<meta name=\"twitter:label1\" content=\"Timp estimat pentru citire\" \/>\n\t<meta name=\"twitter:data1\" content=\"2 minute\" \/>\n<script type=\"application\/ld+json\" class=\"yoast-schema-graph\">{\"@context\":\"https:\/\/schema.org\",\"@graph\":[{\"@type\":\"WebPage\",\"@id\":\"https:\/\/business.roovi.com\/ro\/circuite-electronice\/p\/\",\"url\":\"https:\/\/www.roovi.ro\/circuite-electronice\/p\/\",\"name\":\"Circuite electronice - Roovi B2B\",\"isPartOf\":{\"@id\":\"https:\/\/business.roovi.com\/ro\/#website\"},\"datePublished\":\"2020-12-15T10:46:00+00:00\",\"dateModified\":\"2025-03-13T08:41:23+00:00\",\"breadcrumb\":{\"@id\":\"https:\/\/www.roovi.ro\/circuite-electronice\/p\/#breadcrumb\"},\"inLanguage\":\"ro-RO\",\"potentialAction\":[{\"@type\":\"ReadAction\",\"target\":[\"https:\/\/www.roovi.ro\/circuite-electronice\/p\/\"]}]},{\"@type\":\"BreadcrumbList\",\"@id\":\"https:\/\/www.roovi.ro\/circuite-electronice\/p\/#breadcrumb\",\"itemListElement\":[{\"@type\":\"ListItem\",\"position\":1,\"name\":\"Home\",\"item\":\"https:\/\/business.roovi.com\/ro\/\"},{\"@type\":\"ListItem\",\"position\":2,\"name\":\"Magazin\",\"item\":\"https:\/\/business.roovi.com\/ro\/magazin\/\"},{\"@type\":\"ListItem\",\"position\":3,\"name\":\"Circuite electronice\"}]},{\"@type\":\"WebSite\",\"@id\":\"https:\/\/business.roovi.com\/ro\/#website\",\"url\":\"https:\/\/business.roovi.com\/ro\/\",\"name\":\"Roovi B2B\",\"description\":\"Roovi Business Website\",\"potentialAction\":[{\"@type\":\"SearchAction\",\"target\":{\"@type\":\"EntryPoint\",\"urlTemplate\":\"https:\/\/business.roovi.com\/ro\/?s={search_term_string}\"},\"query-input\":\"required name=search_term_string\"}],\"inLanguage\":\"ro-RO\"}]}<\/script>\n<!-- \/ Yoast SEO plugin. -->","yoast_head_json":{"title":"Circuite electronice - Roovi B2B","robots":{"index":"index","follow":"follow","max-snippet":"max-snippet:-1","max-image-preview":"max-image-preview:large","max-video-preview":"max-video-preview:-1"},"canonical":"https:\/\/www.roovi.ro\/circuite-electronice\/p\/","og_locale":"ro_RO","og_type":"article","og_title":"Circuite electronice - Roovi B2B","og_description":"Copilul t\u0103u este pasionat de lumea electronicii \u0219i ai vrea s\u0103 \u00eenve\u021be mai mult prin experimente distractive? Alege pentru el","og_url":"https:\/\/www.roovi.ro\/circuite-electronice\/p\/","og_site_name":"Roovi B2B","article_publisher":"https:\/\/www.facebook.com\/wwwjucariero","article_modified_time":"2025-03-13T08:41:23+00:00","og_image":[{"width":1200,"height":1200,"url":"https:\/\/business.roovi.com\/wp-content\/uploads\/2020\/12\/1.jpg","type":"image\/jpeg"}],"twitter_misc":{"Timp estimat pentru citire":"2 minute"},"schema":{"@context":"https:\/\/schema.org","@graph":[{"@type":"WebPage","@id":"https:\/\/business.roovi.com\/ro\/circuite-electronice\/p\/","url":"https:\/\/www.roovi.ro\/circuite-electronice\/p\/","name":"Circuite electronice - Roovi B2B","isPartOf":{"@id":"https:\/\/business.roovi.com\/ro\/#website"},"datePublished":"2020-12-15T10:46:00+00:00","dateModified":"2025-03-13T08:41:23+00:00","breadcrumb":{"@id":"https:\/\/www.roovi.ro\/circuite-electronice\/p\/#breadcrumb"},"inLanguage":"ro-RO","potentialAction":[{"@type":"ReadAction","target":["https:\/\/www.roovi.ro\/circuite-electronice\/p\/"]}]},{"@type":"BreadcrumbList","@id":"https:\/\/www.roovi.ro\/circuite-electronice\/p\/#breadcrumb","itemListElement":[{"@type":"ListItem","position":1,"name":"Home","item":"https:\/\/business.roovi.com\/ro\/"},{"@type":"ListItem","position":2,"name":"Magazin","item":"https:\/\/business.roovi.com\/ro\/magazin\/"},{"@type":"ListItem","position":3,"name":"Circuite electronice"}]},{"@type":"WebSite","@id":"https:\/\/business.roovi.com\/ro\/#website","url":"https:\/\/business.roovi.com\/ro\/","name":"Roovi B2B","description":"Roovi Business Website","potentialAction":[{"@type":"SearchAction","target":{"@type":"EntryPoint","urlTemplate":"https:\/\/business.roovi.com\/ro\/?s={search_term_string}"},"query-input":"required name=search_term_string"}],"inLanguage":"ro-RO"}]}},"_links":{"self":[{"href":"https:\/\/business.roovi.com\/ro\/wp-json\/wp\/v2\/product\/19945","targetHints":{"allow":["GET"]}}],"collection":[{"href":"https:\/\/business.roovi.com\/ro\/wp-json\/wp\/v2\/product"}],"about":[{"href":"https:\/\/business.roovi.com\/ro\/wp-json\/wp\/v2\/types\/product"}],"version-history":[{"count":0,"href":"https:\/\/business.roovi.com\/ro\/wp-json\/wp\/v2\/product\/19945\/revisions"}],"wp:featuredmedia":[{"embeddable":true,"href":"https:\/\/business.roovi.com\/ro\/wp-json\/wp\/v2\/media\/72042"}],"wp:attachment":[{"href":"https:\/\/business.roovi.com\/ro\/wp-json\/wp\/v2\/media?parent=19945"}],"wp:term":[{"taxonomy":"product_brand","embeddable":true,"href":"https:\/\/business.roovi.com\/ro\/wp-json\/wp\/v2\/product_brand?post=19945"},{"taxonomy":"product_cat","embeddable":true,"href":"https:\/\/business.roovi.com\/ro\/wp-json\/wp\/v2\/product_cat?post=19945"},{"taxonomy":"product_tag","embeddable":true,"href":"https:\/\/business.roovi.com\/ro\/wp-json\/wp\/v2\/product_tag?post=19945"}],"curies":[{"name":"wp","href":"https:\/\/api.w.org\/{rel}","templated":true}]}}