{"id":19948,"date":"2021-02-04T09:47:46","date_gmt":"2021-02-04T09:47:46","guid":{"rendered":"https:\/\/business.roovi.com\/product\/puzzle-240-groos-zselyke-fairy-princess-cinderella\/"},"modified":"2025-03-13T11:23:34","modified_gmt":"2025-03-13T11:23:34","slug":"puzzle-240-groos-zselyke-fairy-princess-cinderella","status":"publish","type":"product","link":"https:\/\/business.roovi.com\/ro\/puzzle-240-groos-zselyke-fairy-princess-cinderella\/p\/","title":{"rendered":"Puzzle 240 Groos Zselyke-Fairy princess Cinderella"},"content":{"rendered":"<p><span style=\"font-weight: 400;\">Designerul Groos Zselyke a tranformat textul pove\u0219tii nemuritoare a Cenu\u0219\u0103resei \u00eentr-un joc puzzle original \u0219i plin de culoare. Produsul are un design unic \u0219i este confec\u021bionat din carton de cea mai bun\u0103 calitate care \u00eei asigur\u0103 rezisten\u021ba \u00een timp. Feti\u021ba ta va fi \u00eenc\u00e2ntat\u0103 s\u0103 reconstutuie iar \u0219i iar tabloul eroinei preferate singur\u0103 sau \u00een compania prietenelor sale.<\/span><\/p>\n<p><span style=\"font-weight: 400;\">Ajut-o pe feti\u021ba ta s\u0103 \u00ee\u0219i antreneze mintea zi de zi! Completarea acestui minunat puzzle cu Cenu\u0219\u0103reasa nu este doar o activitate distractiv\u0103, ci \u0219i una educativ\u0103. Jocul puzzle o ajut\u0103 pe feti\u021ba ta s\u0103-\u0219i dezvolte puterea de concentrare, aten\u021bia \u0219i memoria. De asemenea, va \u00eenv\u0103\u021ba s\u0103 accepte provoc\u0103rile \u0219i s\u0103 finalizeze un proiect, de\u0219i drumul p\u00e2n\u0103 la cap\u0103t pare uneori foarte dificil.<\/span><\/p>\n<p><strong>Joc puzzle cu Cenu\u0219\u0103reasa: o aventur\u0103 minunat\u0103<\/strong><\/p>\n<p><span style=\"font-weight: 400;\">Cenu\u0219\u0103reasa este o eroin\u0103 care viseaz\u0103, trece peste dificult\u0103\u021bi \u0219i se av\u00e2nt\u0103 \u00eentr-o c\u0103l\u0103torie magic\u0103! Ea este un model de inspira\u021bie pentru genera\u021bii \u00eentregi de feti\u021be. Le ajut\u0103 s\u0103 descopere \u00een ele curajul, puterea \u0219i frumuse\u021bea, le \u00eenva\u021b\u0103 c\u00e2t de important\u0103 este prietenia \u0219i c\u00e2t de minunat\u0103 poate fi aventura. Complet\u00e2nd acest minunat puzzle de 240 de piese feti\u021ba ta va sim\u021bi pl\u0103cerea aventurii!<\/span><\/p>\n<p><strong>Puzzle 240 piese Fairy princess Cinderella este cadoul perfect<\/strong><\/p>\n<p><span style=\"font-weight: 400;\">Vrei s\u0103 o surprinzi pl\u0103cut pe feti\u021ba ta de ziua ei? Sau e\u0219ti \u00een c\u0103utarea unui cadou pentru cineva drag?\u00a0 Puzzle 240 piese Fairy princess Cinderella este un dar minunat pentru diverse ocazii: anivers\u0103ri, zile onomastice sau Cr\u0103ciun. Comand\u0103 produsul acum!<\/span><\/p>\n","protected":false},"excerpt":{"rendered":"<p><span style=\"font-weight: 400;\">Vrei s\u0103 \u00eei oferi feti\u021bei tale un joc minunat, care s\u0103 o inspire \u0219i s\u0103 \u00eei antreneze imagina\u021bia? Jocul Puzzle 240 piese Fairy princess Cinderella este alegerea perfect\u0103.\u00a0 <\/span><\/p>\n","protected":false},"featured_media":10077,"template":"","meta":[],"product_brand":[],"product_cat":[1454,1482,1561],"product_tag":[],"class_list":{"0":"post-19948","1":"product","2":"type-product","3":"status-publish","4":"has-post-thumbnail","6":"product_cat-puzzle","7":"product_cat-puzzle-copii","8":"product_cat-puzzle-copii-peste-100-piese","9":"pa_brand-d_toys","10":"pa_country_of_manufacture-ro","11":"pa_filter_age-7_9","12":"pa_filter_age-9_14","13":"pa_tip_ambalaj-cutie","14":"pa_tip_puzzle-clasic","16":"first","17":"instock","18":"taxable","19":"shipping-taxable","20":"product-type-simple"},"yoast_head":"<!-- This site is optimized with the Yoast SEO plugin v20.1 - https:\/\/yoast.com\/wordpress\/plugins\/seo\/ -->\n<title>Puzzle princess Cinderella aduce lumea basmului \u00een camera ta<\/title>\n<meta name=\"description\" content=\"Las\u0103-te inspirat\u0103 de povestea minunatei Cenu\u0219\u0103reasa! Puzzle 240 piese princess Cinderella te poart\u0103 \u00eentr-o lume de vis. Joc puzzle interactiv si distractiv\" \/>\n<meta name=\"robots\" content=\"index, follow, max-snippet:-1, max-image-preview:large, max-video-preview:-1\" \/>\n<link rel=\"canonical\" href=\"https:\/\/www.roovi.ro\/puzzle-240-groos-zselyke-fairy-princess-cinderella\/p\/\" \/>\n<meta property=\"og:locale\" content=\"ro_RO\" \/>\n<meta property=\"og:type\" content=\"article\" \/>\n<meta property=\"og:title\" content=\"Puzzle princess Cinderella aduce lumea basmului \u00een camera ta\" \/>\n<meta property=\"og:description\" content=\"Las\u0103-te inspirat\u0103 de povestea minunatei Cenu\u0219\u0103reasa! Puzzle 240 piese princess Cinderella te poart\u0103 \u00eentr-o lume de vis. Joc puzzle interactiv si distractiv\" \/>\n<meta property=\"og:url\" content=\"https:\/\/www.roovi.ro\/puzzle-240-groos-zselyke-fairy-princess-cinderella\/p\/\" \/>\n<meta property=\"og:site_name\" content=\"Roovi B2B\" \/>\n<meta property=\"article:publisher\" content=\"https:\/\/www.facebook.com\/wwwjucariero\" \/>\n<meta property=\"article:modified_time\" content=\"2025-03-13T11:23:34+00:00\" \/>\n<meta property=\"og:image\" content=\"https:\/\/business.roovi.com\/wp-content\/uploads\/2021\/02\/puzzle_240_groos_zselyke-fairy_princess_cinderella-76533.jpg\" \/>\n\t<meta property=\"og:image:width\" content=\"1000\" \/>\n\t<meta property=\"og:image:height\" content=\"1000\" \/>\n\t<meta property=\"og:image:type\" content=\"image\/jpeg\" \/>\n<meta name=\"twitter:label1\" content=\"Timp estimat pentru citire\" \/>\n\t<meta name=\"twitter:data1\" content=\"2 minute\" \/>\n<script type=\"application\/ld+json\" class=\"yoast-schema-graph\">{\"@context\":\"https:\/\/schema.org\",\"@graph\":[{\"@type\":\"WebPage\",\"@id\":\"https:\/\/business.roovi.com\/ro\/puzzle-240-groos-zselyke-fairy-princess-cinderella\/p\/\",\"url\":\"https:\/\/www.roovi.ro\/puzzle-240-groos-zselyke-fairy-princess-cinderella\/p\/\",\"name\":\"Puzzle princess Cinderella aduce lumea basmului \u00een camera ta\",\"isPartOf\":{\"@id\":\"https:\/\/business.roovi.com\/ro\/#website\"},\"datePublished\":\"2021-02-04T09:47:46+00:00\",\"dateModified\":\"2025-03-13T11:23:34+00:00\",\"description\":\"Las\u0103-te inspirat\u0103 de povestea minunatei Cenu\u0219\u0103reasa! Puzzle 240 piese princess Cinderella te poart\u0103 \u00eentr-o lume de vis. Joc puzzle interactiv si distractiv\",\"breadcrumb\":{\"@id\":\"https:\/\/www.roovi.ro\/puzzle-240-groos-zselyke-fairy-princess-cinderella\/p\/#breadcrumb\"},\"inLanguage\":\"ro-RO\",\"potentialAction\":[{\"@type\":\"ReadAction\",\"target\":[\"https:\/\/www.roovi.ro\/puzzle-240-groos-zselyke-fairy-princess-cinderella\/p\/\"]}]},{\"@type\":\"BreadcrumbList\",\"@id\":\"https:\/\/www.roovi.ro\/puzzle-240-groos-zselyke-fairy-princess-cinderella\/p\/#breadcrumb\",\"itemListElement\":[{\"@type\":\"ListItem\",\"position\":1,\"name\":\"Home\",\"item\":\"https:\/\/business.roovi.com\/ro\/\"},{\"@type\":\"ListItem\",\"position\":2,\"name\":\"Magazin\",\"item\":\"https:\/\/business.roovi.com\/ro\/magazin\/\"},{\"@type\":\"ListItem\",\"position\":3,\"name\":\"Puzzle 240 Groos Zselyke-Fairy princess Cinderella\"}]},{\"@type\":\"WebSite\",\"@id\":\"https:\/\/business.roovi.com\/ro\/#website\",\"url\":\"https:\/\/business.roovi.com\/ro\/\",\"name\":\"Roovi B2B\",\"description\":\"Roovi Business Website\",\"potentialAction\":[{\"@type\":\"SearchAction\",\"target\":{\"@type\":\"EntryPoint\",\"urlTemplate\":\"https:\/\/business.roovi.com\/ro\/?s={search_term_string}\"},\"query-input\":\"required name=search_term_string\"}],\"inLanguage\":\"ro-RO\"}]}<\/script>\n<!-- \/ Yoast SEO plugin. -->","yoast_head_json":{"title":"Puzzle princess Cinderella aduce lumea basmului \u00een camera ta","description":"Las\u0103-te inspirat\u0103 de povestea minunatei Cenu\u0219\u0103reasa! Puzzle 240 piese princess Cinderella te poart\u0103 \u00eentr-o lume de vis. Joc puzzle interactiv si distractiv","robots":{"index":"index","follow":"follow","max-snippet":"max-snippet:-1","max-image-preview":"max-image-preview:large","max-video-preview":"max-video-preview:-1"},"canonical":"https:\/\/www.roovi.ro\/puzzle-240-groos-zselyke-fairy-princess-cinderella\/p\/","og_locale":"ro_RO","og_type":"article","og_title":"Puzzle princess Cinderella aduce lumea basmului \u00een camera ta","og_description":"Las\u0103-te inspirat\u0103 de povestea minunatei Cenu\u0219\u0103reasa! Puzzle 240 piese princess Cinderella te poart\u0103 \u00eentr-o lume de vis. Joc puzzle interactiv si distractiv","og_url":"https:\/\/www.roovi.ro\/puzzle-240-groos-zselyke-fairy-princess-cinderella\/p\/","og_site_name":"Roovi B2B","article_publisher":"https:\/\/www.facebook.com\/wwwjucariero","article_modified_time":"2025-03-13T11:23:34+00:00","og_image":[{"width":1000,"height":1000,"url":"https:\/\/business.roovi.com\/wp-content\/uploads\/2021\/02\/puzzle_240_groos_zselyke-fairy_princess_cinderella-76533.jpg","type":"image\/jpeg"}],"twitter_misc":{"Timp estimat pentru citire":"2 minute"},"schema":{"@context":"https:\/\/schema.org","@graph":[{"@type":"WebPage","@id":"https:\/\/business.roovi.com\/ro\/puzzle-240-groos-zselyke-fairy-princess-cinderella\/p\/","url":"https:\/\/www.roovi.ro\/puzzle-240-groos-zselyke-fairy-princess-cinderella\/p\/","name":"Puzzle princess Cinderella aduce lumea basmului \u00een camera ta","isPartOf":{"@id":"https:\/\/business.roovi.com\/ro\/#website"},"datePublished":"2021-02-04T09:47:46+00:00","dateModified":"2025-03-13T11:23:34+00:00","description":"Las\u0103-te inspirat\u0103 de povestea minunatei Cenu\u0219\u0103reasa! Puzzle 240 piese princess Cinderella te poart\u0103 \u00eentr-o lume de vis. Joc puzzle interactiv si distractiv","breadcrumb":{"@id":"https:\/\/www.roovi.ro\/puzzle-240-groos-zselyke-fairy-princess-cinderella\/p\/#breadcrumb"},"inLanguage":"ro-RO","potentialAction":[{"@type":"ReadAction","target":["https:\/\/www.roovi.ro\/puzzle-240-groos-zselyke-fairy-princess-cinderella\/p\/"]}]},{"@type":"BreadcrumbList","@id":"https:\/\/www.roovi.ro\/puzzle-240-groos-zselyke-fairy-princess-cinderella\/p\/#breadcrumb","itemListElement":[{"@type":"ListItem","position":1,"name":"Home","item":"https:\/\/business.roovi.com\/ro\/"},{"@type":"ListItem","position":2,"name":"Magazin","item":"https:\/\/business.roovi.com\/ro\/magazin\/"},{"@type":"ListItem","position":3,"name":"Puzzle 240 Groos Zselyke-Fairy princess Cinderella"}]},{"@type":"WebSite","@id":"https:\/\/business.roovi.com\/ro\/#website","url":"https:\/\/business.roovi.com\/ro\/","name":"Roovi B2B","description":"Roovi Business Website","potentialAction":[{"@type":"SearchAction","target":{"@type":"EntryPoint","urlTemplate":"https:\/\/business.roovi.com\/ro\/?s={search_term_string}"},"query-input":"required name=search_term_string"}],"inLanguage":"ro-RO"}]}},"_links":{"self":[{"href":"https:\/\/business.roovi.com\/ro\/wp-json\/wp\/v2\/product\/19948","targetHints":{"allow":["GET"]}}],"collection":[{"href":"https:\/\/business.roovi.com\/ro\/wp-json\/wp\/v2\/product"}],"about":[{"href":"https:\/\/business.roovi.com\/ro\/wp-json\/wp\/v2\/types\/product"}],"version-history":[{"count":0,"href":"https:\/\/business.roovi.com\/ro\/wp-json\/wp\/v2\/product\/19948\/revisions"}],"wp:featuredmedia":[{"embeddable":true,"href":"https:\/\/business.roovi.com\/ro\/wp-json\/wp\/v2\/media\/10077"}],"wp:attachment":[{"href":"https:\/\/business.roovi.com\/ro\/wp-json\/wp\/v2\/media?parent=19948"}],"wp:term":[{"taxonomy":"product_brand","embeddable":true,"href":"https:\/\/business.roovi.com\/ro\/wp-json\/wp\/v2\/product_brand?post=19948"},{"taxonomy":"product_cat","embeddable":true,"href":"https:\/\/business.roovi.com\/ro\/wp-json\/wp\/v2\/product_cat?post=19948"},{"taxonomy":"product_tag","embeddable":true,"href":"https:\/\/business.roovi.com\/ro\/wp-json\/wp\/v2\/product_tag?post=19948"}],"curies":[{"name":"wp","href":"https:\/\/api.w.org\/{rel}","templated":true}]}}