{"id":19956,"date":"2023-02-22T12:40:02","date_gmt":"2023-02-22T12:40:02","guid":{"rendered":"https:\/\/business.roovi.com\/?post_type=product&#038;p=19956"},"modified":"2023-02-22T12:40:04","modified_gmt":"2023-02-22T12:40:04","slug":"joc-creativ-set-de-pictat-cescute-din-ceramica-13-pcs-set-vopsea-12-culori-1-disabled","status":"publish","type":"product","link":"https:\/\/business.roovi.com\/ro\/joc-creativ-set-de-pictat-cescute-din-ceramica-13-pcs-set-vopsea-12-culori-1-disabled\/p\/","title":{"rendered":"Joc Creativ &#8211; Set de Pictat Ce\u0219cu\u021be din Ceramic\u0103 13 pcs.+ Set Vopsea 12 Culori"},"content":{"rendered":"<p>Cu acest joc creativ, copiii \u00ee\u0219i pot colora propriul set de ce\u0219cu\u021be. Jocul dezvolt\u0103 \u00eendem\u00e2narea, creativitate, abilit\u0103\u021bile vizuale \u0219i sociale. Con\u021binut: 4 ce\u0219cu\u021be, 4 farfurioare, 1 zaharni\u021b\u0103 cu capac, 1 c\u0103ni\u021b\u0103 pentru lapte, 1 ceainic cu capac, 2 pensule, set vopsele 12 culori. V\u00e2rsta recomandat\u0103: 6+<\/p>\n","protected":false},"excerpt":{"rendered":"<p>Cu acest joc creativ, copiii \u00ee\u0219i pot colora propriul set de ce\u0219cu\u021be. Jocul dezvolt\u0103 \u00eendem\u00e2narea, creativitate, abilit\u0103\u021bile vizuale \u0219i sociale.<\/p>\n","protected":false},"featured_media":10101,"template":"","meta":[],"product_brand":[],"product_cat":[1483,1474],"product_tag":[],"class_list":{"0":"post-19956","1":"product","2":"type-product","3":"status-publish","4":"has-post-thumbnail","6":"product_cat-desen-pictura-colorat","7":"product_cat-jocuri-creative","8":"pa_bax-1273","9":"pa_brand-d_toys","10":"pa_country_of_manufacture-ro","11":"pa_filter_age-1315","12":"pa_filter_age-5_7","13":"pa_filter_age-7_9","14":"pa_filter_age-9_14","15":"pa_tip_ambalaj-cutie","17":"first","18":"instock","19":"taxable","20":"shipping-taxable","21":"product-type-simple"},"yoast_head":"<!-- This site is optimized with the Yoast SEO plugin v20.1 - https:\/\/yoast.com\/wordpress\/plugins\/seo\/ -->\n<title>Joc Creativ - Set de Pictat Ce\u0219cu\u021be din Ceramic\u0103 13 pcs.+ Set Vopsea 12 Culori - Roovi B2B<\/title>\n<meta name=\"robots\" content=\"index, follow, max-snippet:-1, max-image-preview:large, max-video-preview:-1\" \/>\n<link rel=\"canonical\" href=\"https:\/\/www.roovi.ro\/joc-creativ-set-de-pictat-cescute-din-ceramica-13-pcs-set-vopsea-12-culori-1-disabled\/p\/\" \/>\n<meta property=\"og:locale\" content=\"ro_RO\" \/>\n<meta property=\"og:type\" content=\"article\" \/>\n<meta property=\"og:title\" content=\"Joc Creativ - Set de Pictat Ce\u0219cu\u021be din Ceramic\u0103 13 pcs.+ Set Vopsea 12 Culori - Roovi B2B\" \/>\n<meta property=\"og:description\" content=\"Cu acest joc creativ, copiii \u00ee\u0219i pot colora propriul set de ce\u0219cu\u021be. Jocul dezvolt\u0103 \u00eendem\u00e2narea, creativitate, abilit\u0103\u021bile vizuale \u0219i sociale.\" \/>\n<meta property=\"og:url\" content=\"https:\/\/www.roovi.ro\/joc-creativ-set-de-pictat-cescute-din-ceramica-13-pcs-set-vopsea-12-culori-1-disabled\/p\/\" \/>\n<meta property=\"og:site_name\" content=\"Roovi B2B\" \/>\n<meta property=\"article:publisher\" content=\"https:\/\/www.facebook.com\/wwwjucariero\" \/>\n<meta property=\"article:modified_time\" content=\"2023-02-22T12:40:04+00:00\" \/>\n<meta property=\"og:image\" content=\"https:\/\/business.roovi.com\/wp-content\/uploads\/2021\/02\/74027sc01_set_de_pictat_cescute_elo_1.jpg\" \/>\n\t<meta property=\"og:image:width\" content=\"1200\" \/>\n\t<meta property=\"og:image:height\" content=\"1200\" \/>\n\t<meta property=\"og:image:type\" content=\"image\/jpeg\" \/>\n<meta name=\"twitter:label1\" content=\"Timp estimat pentru citire\" \/>\n\t<meta name=\"twitter:data1\" content=\"1 minut\" \/>\n<script type=\"application\/ld+json\" class=\"yoast-schema-graph\">{\"@context\":\"https:\/\/schema.org\",\"@graph\":[{\"@type\":\"WebPage\",\"@id\":\"https:\/\/business.roovi.com\/ro\/joc-creativ-set-de-pictat-cescute-din-ceramica-13-pcs-set-vopsea-12-culori-1-disabled\/p\/\",\"url\":\"https:\/\/www.roovi.ro\/joc-creativ-set-de-pictat-cescute-din-ceramica-13-pcs-set-vopsea-12-culori-1-disabled\/p\/\",\"name\":\"Joc Creativ - Set de Pictat Ce\u0219cu\u021be din Ceramic\u0103 13 pcs.+ Set Vopsea 12 Culori - Roovi B2B\",\"isPartOf\":{\"@id\":\"https:\/\/business.roovi.com\/ro\/#website\"},\"datePublished\":\"2023-02-22T12:40:02+00:00\",\"dateModified\":\"2023-02-22T12:40:04+00:00\",\"breadcrumb\":{\"@id\":\"https:\/\/www.roovi.ro\/joc-creativ-set-de-pictat-cescute-din-ceramica-13-pcs-set-vopsea-12-culori-1-disabled\/p\/#breadcrumb\"},\"inLanguage\":\"ro-RO\",\"potentialAction\":[{\"@type\":\"ReadAction\",\"target\":[\"https:\/\/www.roovi.ro\/joc-creativ-set-de-pictat-cescute-din-ceramica-13-pcs-set-vopsea-12-culori-1-disabled\/p\/\"]}]},{\"@type\":\"BreadcrumbList\",\"@id\":\"https:\/\/www.roovi.ro\/joc-creativ-set-de-pictat-cescute-din-ceramica-13-pcs-set-vopsea-12-culori-1-disabled\/p\/#breadcrumb\",\"itemListElement\":[{\"@type\":\"ListItem\",\"position\":1,\"name\":\"Home\",\"item\":\"https:\/\/business.roovi.com\/ro\/\"},{\"@type\":\"ListItem\",\"position\":2,\"name\":\"Magazin\",\"item\":\"https:\/\/business.roovi.com\/ro\/magazin\/\"},{\"@type\":\"ListItem\",\"position\":3,\"name\":\"Joc Creativ &#8211; Set de Pictat Ce\u0219cu\u021be din Ceramic\u0103 13 pcs.+ Set Vopsea 12 Culori\"}]},{\"@type\":\"WebSite\",\"@id\":\"https:\/\/business.roovi.com\/ro\/#website\",\"url\":\"https:\/\/business.roovi.com\/ro\/\",\"name\":\"Roovi B2B\",\"description\":\"Roovi Business Website\",\"potentialAction\":[{\"@type\":\"SearchAction\",\"target\":{\"@type\":\"EntryPoint\",\"urlTemplate\":\"https:\/\/business.roovi.com\/ro\/?s={search_term_string}\"},\"query-input\":\"required name=search_term_string\"}],\"inLanguage\":\"ro-RO\"}]}<\/script>\n<!-- \/ Yoast SEO plugin. -->","yoast_head_json":{"title":"Joc Creativ - Set de Pictat Ce\u0219cu\u021be din Ceramic\u0103 13 pcs.+ Set Vopsea 12 Culori - Roovi B2B","robots":{"index":"index","follow":"follow","max-snippet":"max-snippet:-1","max-image-preview":"max-image-preview:large","max-video-preview":"max-video-preview:-1"},"canonical":"https:\/\/www.roovi.ro\/joc-creativ-set-de-pictat-cescute-din-ceramica-13-pcs-set-vopsea-12-culori-1-disabled\/p\/","og_locale":"ro_RO","og_type":"article","og_title":"Joc Creativ - Set de Pictat Ce\u0219cu\u021be din Ceramic\u0103 13 pcs.+ Set Vopsea 12 Culori - Roovi B2B","og_description":"Cu acest joc creativ, copiii \u00ee\u0219i pot colora propriul set de ce\u0219cu\u021be. Jocul dezvolt\u0103 \u00eendem\u00e2narea, creativitate, abilit\u0103\u021bile vizuale \u0219i sociale.","og_url":"https:\/\/www.roovi.ro\/joc-creativ-set-de-pictat-cescute-din-ceramica-13-pcs-set-vopsea-12-culori-1-disabled\/p\/","og_site_name":"Roovi B2B","article_publisher":"https:\/\/www.facebook.com\/wwwjucariero","article_modified_time":"2023-02-22T12:40:04+00:00","og_image":[{"width":1200,"height":1200,"url":"https:\/\/business.roovi.com\/wp-content\/uploads\/2021\/02\/74027sc01_set_de_pictat_cescute_elo_1.jpg","type":"image\/jpeg"}],"twitter_misc":{"Timp estimat pentru citire":"1 minut"},"schema":{"@context":"https:\/\/schema.org","@graph":[{"@type":"WebPage","@id":"https:\/\/business.roovi.com\/ro\/joc-creativ-set-de-pictat-cescute-din-ceramica-13-pcs-set-vopsea-12-culori-1-disabled\/p\/","url":"https:\/\/www.roovi.ro\/joc-creativ-set-de-pictat-cescute-din-ceramica-13-pcs-set-vopsea-12-culori-1-disabled\/p\/","name":"Joc Creativ - Set de Pictat Ce\u0219cu\u021be din Ceramic\u0103 13 pcs.+ Set Vopsea 12 Culori - Roovi B2B","isPartOf":{"@id":"https:\/\/business.roovi.com\/ro\/#website"},"datePublished":"2023-02-22T12:40:02+00:00","dateModified":"2023-02-22T12:40:04+00:00","breadcrumb":{"@id":"https:\/\/www.roovi.ro\/joc-creativ-set-de-pictat-cescute-din-ceramica-13-pcs-set-vopsea-12-culori-1-disabled\/p\/#breadcrumb"},"inLanguage":"ro-RO","potentialAction":[{"@type":"ReadAction","target":["https:\/\/www.roovi.ro\/joc-creativ-set-de-pictat-cescute-din-ceramica-13-pcs-set-vopsea-12-culori-1-disabled\/p\/"]}]},{"@type":"BreadcrumbList","@id":"https:\/\/www.roovi.ro\/joc-creativ-set-de-pictat-cescute-din-ceramica-13-pcs-set-vopsea-12-culori-1-disabled\/p\/#breadcrumb","itemListElement":[{"@type":"ListItem","position":1,"name":"Home","item":"https:\/\/business.roovi.com\/ro\/"},{"@type":"ListItem","position":2,"name":"Magazin","item":"https:\/\/business.roovi.com\/ro\/magazin\/"},{"@type":"ListItem","position":3,"name":"Joc Creativ &#8211; Set de Pictat Ce\u0219cu\u021be din Ceramic\u0103 13 pcs.+ Set Vopsea 12 Culori"}]},{"@type":"WebSite","@id":"https:\/\/business.roovi.com\/ro\/#website","url":"https:\/\/business.roovi.com\/ro\/","name":"Roovi B2B","description":"Roovi Business Website","potentialAction":[{"@type":"SearchAction","target":{"@type":"EntryPoint","urlTemplate":"https:\/\/business.roovi.com\/ro\/?s={search_term_string}"},"query-input":"required name=search_term_string"}],"inLanguage":"ro-RO"}]}},"_links":{"self":[{"href":"https:\/\/business.roovi.com\/ro\/wp-json\/wp\/v2\/product\/19956","targetHints":{"allow":["GET"]}}],"collection":[{"href":"https:\/\/business.roovi.com\/ro\/wp-json\/wp\/v2\/product"}],"about":[{"href":"https:\/\/business.roovi.com\/ro\/wp-json\/wp\/v2\/types\/product"}],"version-history":[{"count":0,"href":"https:\/\/business.roovi.com\/ro\/wp-json\/wp\/v2\/product\/19956\/revisions"}],"wp:featuredmedia":[{"embeddable":true,"href":"https:\/\/business.roovi.com\/ro\/wp-json\/wp\/v2\/media\/10101"}],"wp:attachment":[{"href":"https:\/\/business.roovi.com\/ro\/wp-json\/wp\/v2\/media?parent=19956"}],"wp:term":[{"taxonomy":"product_brand","embeddable":true,"href":"https:\/\/business.roovi.com\/ro\/wp-json\/wp\/v2\/product_brand?post=19956"},{"taxonomy":"product_cat","embeddable":true,"href":"https:\/\/business.roovi.com\/ro\/wp-json\/wp\/v2\/product_cat?post=19956"},{"taxonomy":"product_tag","embeddable":true,"href":"https:\/\/business.roovi.com\/ro\/wp-json\/wp\/v2\/product_tag?post=19956"}],"curies":[{"name":"wp","href":"https:\/\/api.w.org\/{rel}","templated":true}]}}