{"id":19957,"date":"2021-03-05T09:16:55","date_gmt":"2021-03-05T09:16:55","guid":{"rendered":"https:\/\/business.roovi.com\/product\/puzzle-1000-deico-games-emile-vernon-the-flower-garden\/"},"modified":"2023-03-20T21:23:02","modified_gmt":"2023-03-20T21:23:02","slug":"puzzle-adulti-1000-piese-emile-vernon-the-flower-garden","status":"publish","type":"product","link":"https:\/\/business.roovi.com\/ro\/puzzle-adulti-1000-piese-emile-vernon-the-flower-garden\/p\/","title":{"rendered":"Puzzle adul\u021bi 1000 piese \u00c9mile Vernon &#8211;  The Flower Garden"},"content":{"rendered":"<p><span style=\"font-weight: 400;\">Cau\u021bi o activitate distractiv\u0103 pentru weekend-urile monotone? Sau poate un cadou inedit pentru un prieten? Alege dintre sutele de jocuri puzzle din colec\u021bia puzzle de art\u0103 \u0219i petrece momente de neuitat al\u0103turi de cei dragi asambl\u00e2nd imagini cu picturi renumite.<\/span><\/p>\n<p><span style=\"font-weight: 400;\">Pentru a da valoare timpului t\u0103u liber avem o recomandare superb\u0103 pentru tine: puzzle 1000 piese \u00c9mile Vernon &#8211;\u00a0 The Flower Garden. Imaginea are \u00een prim plan portretul unei femei tinere \u00eembr\u0103cat\u0103 \u00eentr-o rochie vaporoas\u0103 de var\u0103, purt\u00e2nd un co\u0219 cu flori.\u00a0<\/span><\/p>\n<p><span style=\"font-weight: 400;\">Vernon aduce prin arta sa un omagiu frumuse\u021bii feminine. Femeile din tablourile sale sunt de o frumuse\u021be uimitoare, radiante \u0219i fericite. Dac\u0103 vrei s\u0103 admiri \u0219i tu o capodoper\u0103 care celebreaz\u0103 frumuse\u021bea \u0219i romantismul feminin, puzzle 1000 piese \u00c9mile Vernon &#8211;\u00a0 The Flower Garden este alegerea perfect\u0103.<\/span><\/p>\n<p><span style=\"font-weight: 400;\">Pentru reconstituire \u0219i suportul pieselor \u00ee\u021bi recomand\u0103m s\u0103 utilizezi o m\u0103su\u021b\u0103 standard de cafea. Imaginea ref\u0103cut\u0103 are dimensiunile de 70 x 50 cm. Alte caracteristici ale puzzle-ului de art\u0103 \u00c9mile Vernon &#8211;\u00a0 The Flower Garden g\u0103se\u0219ti mai jos:<\/span><\/p>\n<p><strong>Material puzzle:\u00a0<\/strong><\/p>\n<p><strong>carton albastru de o calitate superioar\u0103<\/strong><\/p>\n<p><strong>materiale sustenabile, reciclabile<\/strong><\/p>\n<p><strong>finisaj semi-lucios, culori vii<\/strong><\/p>\n<p><strong>Num\u0103rul pieselor de puzzle: 1000<\/strong><\/p>\n<p><strong>V\u00e2rsta recomandat\u0103: 14+<\/strong><\/p>\n<p><strong>De ce s\u0103 alegi puzzle de art\u0103 \u00c9mile Vernon &#8211;\u00a0 The Flower Garden?<\/strong><\/p>\n<p><span style=\"font-weight: 400;\">Vei ob\u021bine un tablou \u00een culori calde care \u00ee\u021bi va \u00eenc\u00e2nta privirea ori de c\u00e2te ori \u00eel vei privi.<\/span><\/p>\n<p><span style=\"font-weight: 400;\">Ai oportunitatea s\u0103 cuno\u0219ti un artist din secolul al XIX-lea prin intermediul unui puzzle 1000 piese.<\/span><\/p>\n<p><span style=\"font-weight: 400;\">\u00ce\u021bi antrenezi abilit\u0103\u021bile de asamblare a jocurilor puzzle.<\/span><\/p>\n<p><span style=\"font-weight: 400;\">Ai parte de multe ore de relaxare \u0219i deta\u0219are.<\/span><\/p>\n<p><span style=\"font-weight: 400;\">\u00ce\u021bi dezvol\u021bi imagina\u021bia \u0219i sim\u021bul artistic.<\/span><\/p>\n<p><span style=\"font-weight: 400;\">\u00cenve\u021bi s\u0103 devii mai atent la detalii \u0219i s\u0103 apreciezi am\u0103nuntele care fac diferen\u021ba \u0219i dau valoare operei de art\u0103.<\/span><\/p>\n<p><strong>\u0218tiai c\u0103\u2026?<\/strong><\/p>\n<p><span style=\"font-weight: 400;\">\u00c9mile Vernon a fost un pictor francez care s-a remarcat prin lucr\u0103rile sale fine art.<\/span><\/p>\n<p><span style=\"font-weight: 400;\">A studiat pictura la \u00c9cole des Beaux-Arts din Tours \u0219i ulterior, din Paris \u0219i a expus numeroase picturi la Salonul arti\u0219tilor francezi p\u00e2n\u0103 \u00een anul 1913.<\/span><\/p>\n<p><span style=\"font-weight: 400;\">A pictat \u00een special peisaje \u0219i portrete de femei \u0219i copii, \u00een decoruri rurale \u0219i culori calde, ce redau veselie \u0219i bucuria de a tr\u0103i.<\/span><\/p>\n<p><span style=\"font-weight: 400;\">A realizat \u0219i c\u00e2teva picturi murale, precum cele de la\u00a0 teatrul din Ch\u00e2tellerault, din 1899.<\/span><\/p>\n<p><span style=\"font-weight: 400;\">Criticii de art\u0103 \u00eel apreciaz\u0103 pentru stilul academic \u0219i \u00eei recunosc meritele pentru picturile fermec\u0103toare \u0219i diafane.<\/span><\/p>\n<p><strong>Puzzle de art\u0103 pentru armonie \u0219i distrac\u021bie \u00een familie<\/strong><\/p>\n<p><span style=\"font-weight: 400;\">S\u0103 petreci timp cu cei dragi \u0219i s\u0103 creezi amintiri de neuitat este esen\u021bial pentru a te sim\u021bi fericit \u0219i \u00eemplinit. Jocurile puzzle sunt o modalitate de relaxare \u0219i distrac\u021bie colectiv\u0103 care v\u0103 apropie \u0219i v\u0103 dau ocazia s\u0103 v\u0103 cunoa\u0219te\u021bi mai bine.<\/span><\/p>\n<p><span style=\"font-weight: 400;\">\u00cempreun\u0103 cu copiii, cu p\u0103rin\u021bii sau cu bunicii g\u00e2ndi\u021bi strategii \u0219i construi\u021bi imagini uimitoare din puzzle de art\u0103. La final, pentru a p\u0103stra amintirea clipelor minunate petrecute \u00een intimitatea casei voastre, pute\u021bi \u00eenr\u0103ma tablourile ob\u021binute. Ve\u021bi admira o capodoper\u0103 realizat\u0103 cu m\u00e2inile voastre \u0219i ve\u021bi avea o amintire pre\u021bioas\u0103 a timpului petrecut \u00eempreun\u0103.<\/span><\/p>\n<p><span style=\"font-weight: 400;\">Cump\u0103r\u0103 acum puzzle 1000 piese \u00c9mile Vernon &#8211;\u00a0 The Flower Garden \u0219i descoper\u0103 lumea fascinant\u0103 a culorii prin intermediul unui puzzle de art\u0103. Selecteaz\u0103 din gama noastr\u0103 de puzzle-uri de art\u0103 \u0219i alte jocuri puzzle cu picturi celebre \u0219i creeaz\u0103-\u021bi propria colec\u021bie de tablouri din puzzle 1000 piese.<\/span><\/p>\n<p><span style=\"font-weight: 400;\">Vrei s\u0103 faci un cadou deosebit unui prieten apropiat? Puzzle de art\u0103 \u00c9mile Vernon &#8211;\u00a0 The Flower Garden este alegerea perfect\u0103.<\/span><\/p>\n","protected":false},"excerpt":{"rendered":"<p>Cau\u021bi o activitate distractiv\u0103 pentru weekend-urile monotone? Sau poate un cadou inedit pentru un prieten? Alege dintre sutele de jocuri<\/p>\n","protected":false},"featured_media":64300,"template":"","meta":[],"product_brand":[],"product_cat":[1454,1488,1560],"product_tag":[],"class_list":{"0":"post-19957","1":"product","2":"type-product","3":"status-publish","4":"has-post-thumbnail","6":"product_cat-puzzle","7":"product_cat-puzzle-adulti","8":"product_cat-puzzle-adulti-1000","9":"pa_brand-deico","10":"pa_country_of_manufacture-ro","11":"pa_filter_age-1315","12":"pa_tip_ambalaj-cutie","13":"pa_tip_puzzle-clasic","15":"first","16":"instock","17":"taxable","18":"shipping-taxable","19":"product-type-simple"},"yoast_head":"<!-- This site is optimized with the Yoast SEO plugin v20.1 - https:\/\/yoast.com\/wordpress\/plugins\/seo\/ -->\n<title>Puzzle adul\u021bi 1000 piese \u00c9mile Vernon - The Flower Garden - Roovi B2B<\/title>\n<meta name=\"robots\" content=\"index, follow, max-snippet:-1, max-image-preview:large, max-video-preview:-1\" \/>\n<link rel=\"canonical\" href=\"https:\/\/www.roovi.ro\/puzzle-adulti-1000-piese-emile-vernon-the-flower-garden\/p\/\" \/>\n<meta property=\"og:locale\" content=\"ro_RO\" \/>\n<meta property=\"og:type\" content=\"article\" \/>\n<meta property=\"og:title\" content=\"Puzzle adul\u021bi 1000 piese \u00c9mile Vernon - The Flower Garden - Roovi B2B\" \/>\n<meta property=\"og:description\" content=\"Cau\u021bi o activitate distractiv\u0103 pentru weekend-urile monotone? Sau poate un cadou inedit pentru un prieten? Alege dintre sutele de jocuri\" \/>\n<meta property=\"og:url\" content=\"https:\/\/www.roovi.ro\/puzzle-adulti-1000-piese-emile-vernon-the-flower-garden\/p\/\" \/>\n<meta property=\"og:site_name\" content=\"Roovi B2B\" \/>\n<meta property=\"article:publisher\" content=\"https:\/\/www.facebook.com\/wwwjucariero\" \/>\n<meta property=\"article:modified_time\" content=\"2023-03-20T21:23:02+00:00\" \/>\n<meta property=\"og:image\" content=\"https:\/\/business.roovi.com\/wp-content\/uploads\/2021\/03\/77608-WEB.jpg\" \/>\n\t<meta property=\"og:image:width\" content=\"1200\" \/>\n\t<meta property=\"og:image:height\" content=\"1200\" \/>\n\t<meta property=\"og:image:type\" content=\"image\/jpeg\" \/>\n<meta name=\"twitter:label1\" content=\"Timp estimat pentru citire\" \/>\n\t<meta name=\"twitter:data1\" content=\"3 minute\" \/>\n<script type=\"application\/ld+json\" class=\"yoast-schema-graph\">{\"@context\":\"https:\/\/schema.org\",\"@graph\":[{\"@type\":\"WebPage\",\"@id\":\"https:\/\/business.roovi.com\/ro\/puzzle-adulti-1000-piese-emile-vernon-the-flower-garden\/p\/\",\"url\":\"https:\/\/www.roovi.ro\/puzzle-adulti-1000-piese-emile-vernon-the-flower-garden\/p\/\",\"name\":\"Puzzle adul\u021bi 1000 piese \u00c9mile Vernon - The Flower Garden - Roovi B2B\",\"isPartOf\":{\"@id\":\"https:\/\/business.roovi.com\/ro\/#website\"},\"datePublished\":\"2021-03-05T09:16:55+00:00\",\"dateModified\":\"2023-03-20T21:23:02+00:00\",\"breadcrumb\":{\"@id\":\"https:\/\/www.roovi.ro\/puzzle-adulti-1000-piese-emile-vernon-the-flower-garden\/p\/#breadcrumb\"},\"inLanguage\":\"ro-RO\",\"potentialAction\":[{\"@type\":\"ReadAction\",\"target\":[\"https:\/\/www.roovi.ro\/puzzle-adulti-1000-piese-emile-vernon-the-flower-garden\/p\/\"]}]},{\"@type\":\"BreadcrumbList\",\"@id\":\"https:\/\/www.roovi.ro\/puzzle-adulti-1000-piese-emile-vernon-the-flower-garden\/p\/#breadcrumb\",\"itemListElement\":[{\"@type\":\"ListItem\",\"position\":1,\"name\":\"Home\",\"item\":\"https:\/\/business.roovi.com\/ro\/\"},{\"@type\":\"ListItem\",\"position\":2,\"name\":\"Magazin\",\"item\":\"https:\/\/business.roovi.com\/ro\/magazin\/\"},{\"@type\":\"ListItem\",\"position\":3,\"name\":\"Puzzle adul\u021bi 1000 piese \u00c9mile Vernon &#8211; The Flower Garden\"}]},{\"@type\":\"WebSite\",\"@id\":\"https:\/\/business.roovi.com\/ro\/#website\",\"url\":\"https:\/\/business.roovi.com\/ro\/\",\"name\":\"Roovi B2B\",\"description\":\"Roovi Business Website\",\"potentialAction\":[{\"@type\":\"SearchAction\",\"target\":{\"@type\":\"EntryPoint\",\"urlTemplate\":\"https:\/\/business.roovi.com\/ro\/?s={search_term_string}\"},\"query-input\":\"required name=search_term_string\"}],\"inLanguage\":\"ro-RO\"}]}<\/script>\n<!-- \/ Yoast SEO plugin. -->","yoast_head_json":{"title":"Puzzle adul\u021bi 1000 piese \u00c9mile Vernon - The Flower Garden - Roovi B2B","robots":{"index":"index","follow":"follow","max-snippet":"max-snippet:-1","max-image-preview":"max-image-preview:large","max-video-preview":"max-video-preview:-1"},"canonical":"https:\/\/www.roovi.ro\/puzzle-adulti-1000-piese-emile-vernon-the-flower-garden\/p\/","og_locale":"ro_RO","og_type":"article","og_title":"Puzzle adul\u021bi 1000 piese \u00c9mile Vernon - The Flower Garden - Roovi B2B","og_description":"Cau\u021bi o activitate distractiv\u0103 pentru weekend-urile monotone? Sau poate un cadou inedit pentru un prieten? Alege dintre sutele de jocuri","og_url":"https:\/\/www.roovi.ro\/puzzle-adulti-1000-piese-emile-vernon-the-flower-garden\/p\/","og_site_name":"Roovi B2B","article_publisher":"https:\/\/www.facebook.com\/wwwjucariero","article_modified_time":"2023-03-20T21:23:02+00:00","og_image":[{"width":1200,"height":1200,"url":"https:\/\/business.roovi.com\/wp-content\/uploads\/2021\/03\/77608-WEB.jpg","type":"image\/jpeg"}],"twitter_misc":{"Timp estimat pentru citire":"3 minute"},"schema":{"@context":"https:\/\/schema.org","@graph":[{"@type":"WebPage","@id":"https:\/\/business.roovi.com\/ro\/puzzle-adulti-1000-piese-emile-vernon-the-flower-garden\/p\/","url":"https:\/\/www.roovi.ro\/puzzle-adulti-1000-piese-emile-vernon-the-flower-garden\/p\/","name":"Puzzle adul\u021bi 1000 piese \u00c9mile Vernon - The Flower Garden - Roovi B2B","isPartOf":{"@id":"https:\/\/business.roovi.com\/ro\/#website"},"datePublished":"2021-03-05T09:16:55+00:00","dateModified":"2023-03-20T21:23:02+00:00","breadcrumb":{"@id":"https:\/\/www.roovi.ro\/puzzle-adulti-1000-piese-emile-vernon-the-flower-garden\/p\/#breadcrumb"},"inLanguage":"ro-RO","potentialAction":[{"@type":"ReadAction","target":["https:\/\/www.roovi.ro\/puzzle-adulti-1000-piese-emile-vernon-the-flower-garden\/p\/"]}]},{"@type":"BreadcrumbList","@id":"https:\/\/www.roovi.ro\/puzzle-adulti-1000-piese-emile-vernon-the-flower-garden\/p\/#breadcrumb","itemListElement":[{"@type":"ListItem","position":1,"name":"Home","item":"https:\/\/business.roovi.com\/ro\/"},{"@type":"ListItem","position":2,"name":"Magazin","item":"https:\/\/business.roovi.com\/ro\/magazin\/"},{"@type":"ListItem","position":3,"name":"Puzzle adul\u021bi 1000 piese \u00c9mile Vernon &#8211; The Flower Garden"}]},{"@type":"WebSite","@id":"https:\/\/business.roovi.com\/ro\/#website","url":"https:\/\/business.roovi.com\/ro\/","name":"Roovi B2B","description":"Roovi Business Website","potentialAction":[{"@type":"SearchAction","target":{"@type":"EntryPoint","urlTemplate":"https:\/\/business.roovi.com\/ro\/?s={search_term_string}"},"query-input":"required name=search_term_string"}],"inLanguage":"ro-RO"}]}},"_links":{"self":[{"href":"https:\/\/business.roovi.com\/ro\/wp-json\/wp\/v2\/product\/19957","targetHints":{"allow":["GET"]}}],"collection":[{"href":"https:\/\/business.roovi.com\/ro\/wp-json\/wp\/v2\/product"}],"about":[{"href":"https:\/\/business.roovi.com\/ro\/wp-json\/wp\/v2\/types\/product"}],"version-history":[{"count":0,"href":"https:\/\/business.roovi.com\/ro\/wp-json\/wp\/v2\/product\/19957\/revisions"}],"wp:featuredmedia":[{"embeddable":true,"href":"https:\/\/business.roovi.com\/ro\/wp-json\/wp\/v2\/media\/64300"}],"wp:attachment":[{"href":"https:\/\/business.roovi.com\/ro\/wp-json\/wp\/v2\/media?parent=19957"}],"wp:term":[{"taxonomy":"product_brand","embeddable":true,"href":"https:\/\/business.roovi.com\/ro\/wp-json\/wp\/v2\/product_brand?post=19957"},{"taxonomy":"product_cat","embeddable":true,"href":"https:\/\/business.roovi.com\/ro\/wp-json\/wp\/v2\/product_cat?post=19957"},{"taxonomy":"product_tag","embeddable":true,"href":"https:\/\/business.roovi.com\/ro\/wp-json\/wp\/v2\/product_tag?post=19957"}],"curies":[{"name":"wp","href":"https:\/\/api.w.org\/{rel}","templated":true}]}}