{"id":19958,"date":"2021-03-05T09:19:02","date_gmt":"2021-03-05T09:19:02","guid":{"rendered":"https:\/\/business.roovi.com\/product\/puzzle-1000-deico-games-magic-forrest\/"},"modified":"2025-03-18T10:30:35","modified_gmt":"2025-03-18T10:30:35","slug":"puzzle-1000-deico-games-magic-forrest","status":"publish","type":"product","link":"https:\/\/business.roovi.com\/ro\/puzzle-1000-deico-games-magic-forrest\/p\/","title":{"rendered":"Puzzle Demeter Brigi &#8211; Magic Forest, Spring &#8211; Puzzle adul\u021bi, 1000 piese"},"content":{"rendered":"<h3>Cau\u021bi puzzle-uri cu ilustra\u021bii deosebite pentru zile creative \u0219i conectare cu cei dragi? Descoper\u0103 o colec\u021bie inedit\u0103 de 4 puzzle-uri originale concepute de artista Brigi Demeter care celebreaz\u0103 prin art\u0103 anotimpurile \u0219i m\u0103re\u021bia naturii: Puzzle Magic Forest \u2013 1000 piese.<\/h3>\n<p><b><i>Dac\u0103 \u00ee\u021bi dore\u0219ti o activitate recreativ\u0103 care s\u0103 te conecteze cu cei dragi ca prin magie, Magic Forest \u2013 Spring este o alegere inspirat\u0103.\u00a0<\/i><\/b><\/p>\n<p>Puzzle 1000 piese \u2013 Magic Forest \u2013 Spring transmite bucuria rena\u0219terii prin fiecare detaliu, form\u0103 \u0219i culoare. \u00cen acest puzzle fascinant de 1000 de piese\u00a0copacii au coroana \u00een form\u0103 de ciuperc\u0103, spiridu\u0219ii tr\u0103iesc \u00een armonie cu natura \u0219i toate plantele sunt vesele \u0219i viu colorate.<\/p>\n<p>O lume minunat\u0103, plin\u0103 de via\u021b\u0103 pe care o po\u021bi reface din 1000 piese \u0219i o po\u021bi transforma \u00eentr-un tablou de art\u0103 pe care s\u0103-l admiri ori de c\u00e2te ori \u021bi-e sufletul greu sau grijile te apas\u0103.<\/p>\n<p>Dac\u0103 vrei s\u0103 petreci c\u00e2teva ore al\u0103turi de copiii dornici s\u0103 te aib\u0103 aproape, Puzzle 1000 piese \u2013 Magic Forest Spring este alegerea potrivit\u0103. Timpul cap\u0103t\u0103 sens \u0219i ai ocazia s\u0103 creezi o leg\u0103tur\u0103 trainic\u0103 \u00eentre voi.<\/p>\n<p>Pentru suportul pieselor \u0219i asamblarea imaginii po\u021bi utiliza o m\u0103su\u021b\u0103 standard de cafea. Tabloul ob\u021binut are dimensiunile de\u00a0<b>68 x 47 cm<\/b>\u00a0\u0219i poate fi un obiect decorativ care va da culoare \u0219i optimism oric\u0103rui loc banal din casa ta.<\/p>\n<h3><b>De ce s\u0103 alegi puzzle adul\u021bi 1000 piese Magic Forest \u2013 Spring?<\/b><\/h3>\n<ul>\n<li>Un puzzle 1000 piese este o modalitate relaxant\u0103 pentru a-\u021bi petrece timpul liber.<\/li>\n<li>\u00ce\u021bi antrenezi \u00eendem\u00e2narea \u0219i \u00ee\u021bi cultivi r\u0103bdarea.<\/li>\n<li>Este produs din carton de calitate superioar\u0103, rezistent la asambl\u0103ri multiple.<\/li>\n<li>Avem grij\u0103 de mediul \u00eenconjur\u0103tor \u0219i utiliz\u0103m \u00een producerea jocurilor puzzle doar materiale sustenabile \u0219i reciclabile.<\/li>\n<li>Are finisaje semi-lucioase, iar culorile pl\u0103cute scot \u00een eviden\u021b\u0103 frumuse\u021bea imaginii.<\/li>\n<li>Este potrivit persoanelor peste 14 ani \u0219i poate fi prilejul perfect pentru a-i introduce pe adolescen\u021bi \u00een lumea jocurilor puzzle.<\/li>\n<\/ul>\n<p>Jocurile puzzle \u00ee\u021bi dezvolt\u0103 multiple abilit\u0103\u021bi, precum:<\/p>\n<ul>\n<li>Memoria pe termen scurt.<\/li>\n<li>Capacitatea de concentrare.<\/li>\n<li>G\u00e2ndirea logic\u0103.<\/li>\n<li>Creativitatea.<\/li>\n<li>Coordonarea m\u00e2n\u0103-ochi..<\/li>\n<li>Capacitatea de rezolvare a problemelor.<\/li>\n<\/ul>\n<h3><b>\u0218tiai c\u0103\u2026<\/b><\/h3>\n<p>P\u0103durile sunt cu adev\u0103rat magice. Ele ad\u0103postesc peste jum\u0103tate din biodiversitatea de pe p\u0103m\u00e2nt: animale, insecte, plante, ciuperci \u0219i bacterii<\/p>\n<p>\u00cen fiecare an, pe data de 21 martie se s\u0103rb\u0103tore\u0219te Ziua interna\u021bional\u0103 a p\u0103durilor.<\/p>\n<p>Cercet\u0103rile arat\u0103 c\u0103 unele dintre cele mai bine prezervate p\u0103duri sunt cele ocupate de popula\u021bii indigene.<\/p>\n<p>\u00cen arhipelagul\u00a0Socotra, din Yemen\u00a0se afl\u0103\u00a0<i>P\u0103durea care s\u00e2ngereaz\u0103\u00a0<\/i>unde cre\u0219te Copacul S\u00e2ngele Dragonului, un arbore cu o r\u0103\u0219in\u0103 ro\u0219ie t\u0103m\u0103duitoare, fiind utilizat\u0103 \u00eempotriva febrei, a diareii \u0219i a ulcerului.<\/p>\n<h3><b>Puzzle adul\u021bi 1000 piese \u2013 Magic Forest \u2013 Spring te deconecteaz\u0103 de la ritmul rapid al vie\u021bii<\/b><\/h3>\n<p>\u00cen P\u0103durea Fermecat\u0103 din acest puzzle 1000 dedicat prim\u0103verii timpul are mult\u0103 r\u0103bdare cu tine. \u00ce\u021bi po\u021bi trage sufletul dup\u0103 multe ore de munc\u0103 \u0219i \u00ee\u021bi po\u021bi lini\u0219ti mintea asaltat\u0103 de mii de g\u00e2nduri. Fiecare pies\u0103 unic\u0103 pus\u0103 la locul potrivit \u00ee\u021bi dezv\u0103luie un drum fantastic \u00eentr-o lume plin\u0103 de pace \u0219i culoare.<\/p>\n<p>Singur sau \u00eempreun\u0103 cu cei dragi, s\u0103 refaci Puzzle 1000 piese \u2013 Magic Forest \u2013 Spring este o experien\u021b\u0103 relaxant\u0103 \u0219i meditativ\u0103. Te elibereaz\u0103 de stres \u0219i \u00ee\u0219i d\u0103 energie pozitiv\u0103 pentru a trece u\u0219or peste orice obstacol care \u00ee\u021bi apare \u00een cale zi de zi.<\/p>\n<p>Alege a\u0219adar acest minunat joc puzzle \u0219i d\u0103 valoare timpului t\u0103u liber. De asemenea, po\u021bi face fericit un prieten drag pasionat de jocuri puzzle oferindu-i \u00een dar Puzzle adul\u021bii 1000 piese \u2013 Magic Forest \u2013 Spring.<\/p>\n<h3>Iube\u0219ti toate anotimpurile \u0219i vrei s\u0103 ai colec\u021bia complet\u0103? Adaug\u0103 \u00een co\u0219\u00a0<b><a href=\"https:\/\/business.roovi.com\/ro\/puzzle-demeter-brigi-magic-forest-summer-puzzle-adulti-1000-piese\/p\/\">Magic Forest \u2013 Summer<\/a>,\u00a0<a href=\"https:\/\/business.roovi.com\/ro\/puzzle-demeter-brigi-magic-forest-autumn-puzzle-adulti-1000-piese\/p\/\">Magic Forest \u2013 Autumn<\/a>,\u00a0<a href=\"https:\/\/business.roovi.com\/ro\/puzzle-demeter-brigi-magic-forest-winter-puzzle-adulti-1000-piese\/p\/\">Magic Forest \u2013 Winter<\/a><\/b>\u00a0\u0219i completeaz\u0103-\u021bi \u00eentreaga serie ilustrat\u0103 de artista Brigi Demeter.<\/h3>\n","protected":false},"excerpt":{"rendered":"<p>Cau\u021bi puzzle-uri cu ilustra\u021bii deosebite pentru zile creative \u0219i conectare cu cei dragi? Descoper\u0103 o colec\u021bie inedit\u0103 de 4 puzzle-uri<\/p>\n","protected":false},"featured_media":69726,"template":"","meta":[],"product_brand":[],"product_cat":[1454,1488,1560],"product_tag":[],"class_list":{"0":"post-19958","1":"product","2":"type-product","3":"status-publish","4":"has-post-thumbnail","6":"product_cat-puzzle","7":"product_cat-puzzle-adulti","8":"product_cat-puzzle-adulti-1000","9":"pa_brand-deico","10":"pa_country_of_manufacture-ro","11":"pa_filter_age-1315","12":"pa_tip_ambalaj-cutie","13":"pa_tip_puzzle-clasic","15":"first","16":"instock","17":"taxable","18":"shipping-taxable","19":"product-type-simple"},"yoast_head":"<!-- This site is optimized with the Yoast SEO plugin v20.1 - https:\/\/yoast.com\/wordpress\/plugins\/seo\/ -->\n<title>Puzzle Demeter Brigi - Magic Forest, Spring - Puzzle adul\u021bi, 1000 piese - Roovi B2B<\/title>\n<meta name=\"robots\" content=\"index, follow, max-snippet:-1, max-image-preview:large, max-video-preview:-1\" \/>\n<link rel=\"canonical\" href=\"https:\/\/www.roovi.ro\/puzzle-1000-deico-games-magic-forrest\/p\/\" \/>\n<meta property=\"og:locale\" content=\"ro_RO\" \/>\n<meta property=\"og:type\" content=\"article\" \/>\n<meta property=\"og:title\" content=\"Puzzle Demeter Brigi - Magic Forest, Spring - Puzzle adul\u021bi, 1000 piese - Roovi B2B\" \/>\n<meta property=\"og:description\" content=\"Cau\u021bi puzzle-uri cu ilustra\u021bii deosebite pentru zile creative \u0219i conectare cu cei dragi? Descoper\u0103 o colec\u021bie inedit\u0103 de 4 puzzle-uri\" \/>\n<meta property=\"og:url\" content=\"https:\/\/www.roovi.ro\/puzzle-1000-deico-games-magic-forrest\/p\/\" \/>\n<meta property=\"og:site_name\" content=\"Roovi B2B\" \/>\n<meta property=\"article:publisher\" content=\"https:\/\/www.facebook.com\/wwwjucariero\" \/>\n<meta property=\"article:modified_time\" content=\"2025-03-18T10:30:35+00:00\" \/>\n<meta property=\"og:image\" content=\"https:\/\/business.roovi.com\/wp-content\/uploads\/2021\/03\/01_MAIN-12.jpg\" \/>\n\t<meta property=\"og:image:width\" content=\"1200\" \/>\n\t<meta property=\"og:image:height\" content=\"1200\" \/>\n\t<meta property=\"og:image:type\" content=\"image\/jpeg\" \/>\n<meta name=\"twitter:label1\" content=\"Timp estimat pentru citire\" \/>\n\t<meta name=\"twitter:data1\" content=\"3 minute\" \/>\n<script type=\"application\/ld+json\" class=\"yoast-schema-graph\">{\"@context\":\"https:\/\/schema.org\",\"@graph\":[{\"@type\":\"WebPage\",\"@id\":\"https:\/\/business.roovi.com\/ro\/puzzle-1000-deico-games-magic-forrest\/p\/\",\"url\":\"https:\/\/www.roovi.ro\/puzzle-1000-deico-games-magic-forrest\/p\/\",\"name\":\"Puzzle Demeter Brigi - Magic Forest, Spring - Puzzle adul\u021bi, 1000 piese - Roovi B2B\",\"isPartOf\":{\"@id\":\"https:\/\/business.roovi.com\/ro\/#website\"},\"datePublished\":\"2021-03-05T09:19:02+00:00\",\"dateModified\":\"2025-03-18T10:30:35+00:00\",\"breadcrumb\":{\"@id\":\"https:\/\/www.roovi.ro\/puzzle-1000-deico-games-magic-forrest\/p\/#breadcrumb\"},\"inLanguage\":\"ro-RO\",\"potentialAction\":[{\"@type\":\"ReadAction\",\"target\":[\"https:\/\/www.roovi.ro\/puzzle-1000-deico-games-magic-forrest\/p\/\"]}]},{\"@type\":\"BreadcrumbList\",\"@id\":\"https:\/\/www.roovi.ro\/puzzle-1000-deico-games-magic-forrest\/p\/#breadcrumb\",\"itemListElement\":[{\"@type\":\"ListItem\",\"position\":1,\"name\":\"Home\",\"item\":\"https:\/\/business.roovi.com\/ro\/\"},{\"@type\":\"ListItem\",\"position\":2,\"name\":\"Magazin\",\"item\":\"https:\/\/business.roovi.com\/ro\/magazin\/\"},{\"@type\":\"ListItem\",\"position\":3,\"name\":\"Puzzle Demeter Brigi &#8211; Magic Forest, Spring &#8211; Puzzle adul\u021bi, 1000 piese\"}]},{\"@type\":\"WebSite\",\"@id\":\"https:\/\/business.roovi.com\/ro\/#website\",\"url\":\"https:\/\/business.roovi.com\/ro\/\",\"name\":\"Roovi B2B\",\"description\":\"Roovi Business Website\",\"potentialAction\":[{\"@type\":\"SearchAction\",\"target\":{\"@type\":\"EntryPoint\",\"urlTemplate\":\"https:\/\/business.roovi.com\/ro\/?s={search_term_string}\"},\"query-input\":\"required name=search_term_string\"}],\"inLanguage\":\"ro-RO\"}]}<\/script>\n<!-- \/ Yoast SEO plugin. -->","yoast_head_json":{"title":"Puzzle Demeter Brigi - Magic Forest, Spring - Puzzle adul\u021bi, 1000 piese - Roovi B2B","robots":{"index":"index","follow":"follow","max-snippet":"max-snippet:-1","max-image-preview":"max-image-preview:large","max-video-preview":"max-video-preview:-1"},"canonical":"https:\/\/www.roovi.ro\/puzzle-1000-deico-games-magic-forrest\/p\/","og_locale":"ro_RO","og_type":"article","og_title":"Puzzle Demeter Brigi - Magic Forest, Spring - Puzzle adul\u021bi, 1000 piese - Roovi B2B","og_description":"Cau\u021bi puzzle-uri cu ilustra\u021bii deosebite pentru zile creative \u0219i conectare cu cei dragi? Descoper\u0103 o colec\u021bie inedit\u0103 de 4 puzzle-uri","og_url":"https:\/\/www.roovi.ro\/puzzle-1000-deico-games-magic-forrest\/p\/","og_site_name":"Roovi B2B","article_publisher":"https:\/\/www.facebook.com\/wwwjucariero","article_modified_time":"2025-03-18T10:30:35+00:00","og_image":[{"width":1200,"height":1200,"url":"https:\/\/business.roovi.com\/wp-content\/uploads\/2021\/03\/01_MAIN-12.jpg","type":"image\/jpeg"}],"twitter_misc":{"Timp estimat pentru citire":"3 minute"},"schema":{"@context":"https:\/\/schema.org","@graph":[{"@type":"WebPage","@id":"https:\/\/business.roovi.com\/ro\/puzzle-1000-deico-games-magic-forrest\/p\/","url":"https:\/\/www.roovi.ro\/puzzle-1000-deico-games-magic-forrest\/p\/","name":"Puzzle Demeter Brigi - Magic Forest, Spring - Puzzle adul\u021bi, 1000 piese - Roovi B2B","isPartOf":{"@id":"https:\/\/business.roovi.com\/ro\/#website"},"datePublished":"2021-03-05T09:19:02+00:00","dateModified":"2025-03-18T10:30:35+00:00","breadcrumb":{"@id":"https:\/\/www.roovi.ro\/puzzle-1000-deico-games-magic-forrest\/p\/#breadcrumb"},"inLanguage":"ro-RO","potentialAction":[{"@type":"ReadAction","target":["https:\/\/www.roovi.ro\/puzzle-1000-deico-games-magic-forrest\/p\/"]}]},{"@type":"BreadcrumbList","@id":"https:\/\/www.roovi.ro\/puzzle-1000-deico-games-magic-forrest\/p\/#breadcrumb","itemListElement":[{"@type":"ListItem","position":1,"name":"Home","item":"https:\/\/business.roovi.com\/ro\/"},{"@type":"ListItem","position":2,"name":"Magazin","item":"https:\/\/business.roovi.com\/ro\/magazin\/"},{"@type":"ListItem","position":3,"name":"Puzzle Demeter Brigi &#8211; Magic Forest, Spring &#8211; Puzzle adul\u021bi, 1000 piese"}]},{"@type":"WebSite","@id":"https:\/\/business.roovi.com\/ro\/#website","url":"https:\/\/business.roovi.com\/ro\/","name":"Roovi B2B","description":"Roovi Business Website","potentialAction":[{"@type":"SearchAction","target":{"@type":"EntryPoint","urlTemplate":"https:\/\/business.roovi.com\/ro\/?s={search_term_string}"},"query-input":"required name=search_term_string"}],"inLanguage":"ro-RO"}]}},"_links":{"self":[{"href":"https:\/\/business.roovi.com\/ro\/wp-json\/wp\/v2\/product\/19958","targetHints":{"allow":["GET"]}}],"collection":[{"href":"https:\/\/business.roovi.com\/ro\/wp-json\/wp\/v2\/product"}],"about":[{"href":"https:\/\/business.roovi.com\/ro\/wp-json\/wp\/v2\/types\/product"}],"version-history":[{"count":0,"href":"https:\/\/business.roovi.com\/ro\/wp-json\/wp\/v2\/product\/19958\/revisions"}],"wp:featuredmedia":[{"embeddable":true,"href":"https:\/\/business.roovi.com\/ro\/wp-json\/wp\/v2\/media\/69726"}],"wp:attachment":[{"href":"https:\/\/business.roovi.com\/ro\/wp-json\/wp\/v2\/media?parent=19958"}],"wp:term":[{"taxonomy":"product_brand","embeddable":true,"href":"https:\/\/business.roovi.com\/ro\/wp-json\/wp\/v2\/product_brand?post=19958"},{"taxonomy":"product_cat","embeddable":true,"href":"https:\/\/business.roovi.com\/ro\/wp-json\/wp\/v2\/product_cat?post=19958"},{"taxonomy":"product_tag","embeddable":true,"href":"https:\/\/business.roovi.com\/ro\/wp-json\/wp\/v2\/product_tag?post=19958"}],"curies":[{"name":"wp","href":"https:\/\/api.w.org\/{rel}","templated":true}]}}