{"id":19959,"date":"2021-03-05T09:20:50","date_gmt":"2021-03-05T09:20:50","guid":{"rendered":"https:\/\/business.roovi.com\/product\/puzzle-1000-deico-games-marie-spartali-stillman-fiammetta-singing\/"},"modified":"2023-03-20T21:22:56","modified_gmt":"2023-03-20T21:22:56","slug":"puzzle-adulti-1000-piese-marie-spartali-stillman-fiammetta-singing","status":"publish","type":"product","link":"https:\/\/business.roovi.com\/ro\/puzzle-adulti-1000-piese-marie-spartali-stillman-fiammetta-singing\/p\/","title":{"rendered":"Puzzle adul\u021bi 1000 piese Marie Spartali Stillman &#8211; Fiammetta Singing"},"content":{"rendered":"<p><span style=\"font-weight: 400;\">Te invit\u0103m \u00een cea mai mare galerie de art\u0103 cu puzzle-uri de 1000 piese ce \u00eenf\u0103\u021bi\u0219eaz\u0103 picturi celebre. Alege jocuri puzzle superbe, reconstituie imaginile \u0219i admir\u0103 detalii uimitoare ale capodoperelor artistice.<\/span><\/p>\n<p><span style=\"font-weight: 400;\">Probabil c\u0103 numele Marie Spartali Stillman nu \u00ee\u021bi este familiar. Talentata artist\u0103 a tr\u0103it \u00een epoca victorian\u0103, perioad\u0103 \u00een care femeilor le era greu s\u0103 se remarce din punct de vedere profesional. Cu toate acestea, a st\u00e2rnit admira\u021bia \u0219i respectul colegilor prerafaeli\u021bi care i-au recunoscut \u00een unanimitate talentul artistic.<\/span><\/p>\n<p><span style=\"font-weight: 400;\">Puzzle 1000 piese Marie Spartali Stillman &#8211; Fiammetta Singing red\u0103 imaginea tabloului omonim care se concentreaz\u0103 pe reprezentarea personajului Fiammetta. Aceasta este una dintre cele mai cunoscute figuri feminine din operele lui Boccaccio \u0219i a constituit de-a lungul timpului un model artistic pentru mai mul\u021bi pictori prerafaeli\u021bi.\u00a0<\/span><\/p>\n<p><span style=\"font-weight: 400;\">Vrei s\u0103 descoperi tu\u0219ele fine \u0219i detaliile uimitoare din aceast\u0103 oper\u0103 de art\u0103 uimitoare? Asambleaz\u0103 puzzle de art\u0103 Marie Spartali Stillman &#8211; Fiammetta Singing \u0219i ob\u021bine o copie perfect\u0103 a tabloului splendid. Pentru asamblare po\u021bi utiliza o m\u0103su\u021b\u0103 standard de cafea. Imaginea reconstituit\u0103 are dimensiunile de 50 x 70 cm.<\/span><\/p>\n<p><span style=\"font-weight: 400;\">Caracteristici puzzle 1000 piese Marie Spartali Stillman &#8211; Fiammetta Singing:<\/span><\/p>\n<p><strong>Material puzzle:\u00a0<\/strong><\/p>\n<p><strong>carton albastru de o calitate superioar\u0103<\/strong><\/p>\n<p><strong>materiale sustenabile, reciclabile<\/strong><\/p>\n<p><strong>finisaj semi-lucios, culori vii<\/strong><\/p>\n<p><strong>Num\u0103rul pieselor de puzzle: 1000<\/strong><\/p>\n<p><strong>V\u00e2rsta recomandat\u0103: 14+<\/strong><\/p>\n<p><strong>De ce s\u0103 alegi puzzle de art\u0103 Marie Spartali Stillman &#8211; Fiammetta Singing<\/strong><\/p>\n<ul>\n<li><span style=\"font-weight: 400;\">Vei ob\u021bine un tablou fascinant pe care \u00eel po\u021bi \u00eenr\u0103ma \u0219i expune \u00een casa ta.<\/span><\/li>\n<li><span style=\"font-weight: 400;\">Te vei relaxa \u0219i deta\u0219a de problemele cotidiene.<\/span><\/li>\n<li><span style=\"font-weight: 400;\">\u00ce\u021bi vei exersa \u0219i perfec\u021biona abilit\u0103\u021bile de asamblare a puzzle-urilor pentru adul\u021bi.<\/span><\/li>\n<li><span style=\"font-weight: 400;\">\u00ce\u021bi vei dezvolta aten\u021bia la detalii \u0219i capacitatea de concentrare.<\/span><\/li>\n<li><span style=\"font-weight: 400;\">Vei deveni mai perseverent \u0219i \u00een alte situa\u021bii din via\u021ba ta pentru c\u0103 e\u0219ti antrenat \u00een acest sens.<\/span><\/li>\n<\/ul>\n<p><strong>Despre<\/strong> <strong>Marie Spartali Stillman \u0219tiai c\u0103?<\/strong><\/p>\n<p><span style=\"font-weight: 400;\">Provenea dintr-o familie \u00eenst\u0103rit\u0103 care g\u0103zduia petreceri burgheze pentru tinerii arti\u0219ti \u00een devenire.<\/span><\/p>\n<p><span style=\"font-weight: 400;\">A lucrat ca model pentru to\u021bi marii pictori din gruparea prerafaelit\u0103: Edward Burne-Jones, James Whistler, Dante Gabriel Rossetti \u0219i mul\u021bi al\u021bii.\u00a0<\/span><\/p>\n<p><span style=\"font-weight: 400;\">S-a c\u0103s\u0103torit cu William James Stillman, pictor \u0219i scriitor american, \u00eempotriva familiei \u0219i a renun\u021bat la mo\u0219tenirea care i se cuvenea pentru acesta.\u00a0<\/span><\/p>\n<p><span style=\"font-weight: 400;\">Nu i-a pozat niciodat\u0103 ca model so\u021bului s\u0103u.<\/span><\/p>\n<p><span style=\"font-weight: 400;\">Se spune c\u0103 era de o frumuse\u021be rar\u0103. Poetul <\/span><span style=\"font-weight: 400;\">Algernon Charles Swinburne a scris despre ea c\u0103 <\/span><em><span style=\"font-weight: 400;\">&#8222;este at\u00e2t de frumoas\u0103 \u00eenc\u00e2t m\u0103 face s\u0103 m\u0103 a\u0219ez \u0219i s\u0103 pl\u00e2ng&#8221;.<\/span><\/em><\/p>\n<p><strong>Puzzle de art\u0103 &#8211; un exerci\u021biu complet pentru creier<\/strong><\/p>\n<p><span style=\"font-weight: 400;\">\u0218tiai c\u0103 atunci c\u00e2nd e\u0219ti implicat \u00eentr-un joc puzzle \u00ee\u021bi antrenezi ambele emisfere cerebrale? Partea dreapt\u0103, responsabil\u0103 de g\u00e2ndirea creativ\u0103 \u0219i intuitiv\u0103 face front comun cu partea st\u00e2ng\u0103, responsabil\u0103 de g\u00e2ndirea logic\u0103.<\/span><\/p>\n<p><span style=\"font-weight: 400;\">Acest exerci\u021biu creativ \u0219i relaxant, efectuat zi de zi, \u00ee\u021bi men\u021bine s\u0103n\u0103tatea creierului \u0219i te ajut\u0103 s\u0103 \u021bii la distan\u021b\u0103 bolile neurodegenerative precum Alzheimer-ul sau demen\u021ba.<\/span><\/p>\n<p><span style=\"font-weight: 400;\">Cump\u0103r\u0103 puzzle 1000 piese Marie Spartali Stillman &#8211; Fiammetta Singing din colec\u021bia puzzle de art\u0103 \u0219i tr\u0103ie\u0219te o experien\u021b\u0103 inedit\u0103 de asamblare a unei picturi celebre. Adun\u0103-\u021bi familia sau prietenii \u0219i recrea\u021bi \u00eempreun\u0103 imaginea din puzzle 1000 piese.<\/span><\/p>\n<p><span style=\"font-weight: 400;\">Vrei s\u0103 oferi un cadou deosebit unei persoane dragi? Puzzle de art\u0103 Marie Spartali Stillman &#8211; Fiammetta Singing este alegerea perfect\u0103 pentru a face o surpriz\u0103 pl\u0103cut\u0103.<\/span><\/p>\n","protected":false},"excerpt":{"rendered":"<p>Te invit\u0103m \u00een cea mai mare galerie de art\u0103 cu puzzle-uri de 1000 piese ce \u00eenf\u0103\u021bi\u0219eaz\u0103 picturi celebre. Alege jocuri<\/p>\n","protected":false},"featured_media":64276,"template":"","meta":[],"product_brand":[],"product_cat":[1454,1488,1560],"product_tag":[],"class_list":{"0":"post-19959","1":"product","2":"type-product","3":"status-publish","4":"has-post-thumbnail","6":"product_cat-puzzle","7":"product_cat-puzzle-adulti","8":"product_cat-puzzle-adulti-1000","9":"pa_brand-deico","10":"pa_country_of_manufacture-ro","11":"pa_filter_age-1315","12":"pa_tip_ambalaj-cutie","13":"pa_tip_puzzle-clasic","15":"first","16":"instock","17":"taxable","18":"shipping-taxable","19":"product-type-simple"},"yoast_head":"<!-- This site is optimized with the Yoast SEO plugin v20.1 - https:\/\/yoast.com\/wordpress\/plugins\/seo\/ -->\n<title>Puzzle adul\u021bi 1000 piese Marie Spartali Stillman - Fiammetta Singing - Roovi B2B<\/title>\n<meta name=\"robots\" content=\"index, follow, max-snippet:-1, max-image-preview:large, max-video-preview:-1\" \/>\n<link rel=\"canonical\" href=\"https:\/\/www.roovi.ro\/puzzle-adulti-1000-piese-marie-spartali-stillman-fiammetta-singing\/p\/\" \/>\n<meta property=\"og:locale\" content=\"ro_RO\" \/>\n<meta property=\"og:type\" content=\"article\" \/>\n<meta property=\"og:title\" content=\"Puzzle adul\u021bi 1000 piese Marie Spartali Stillman - Fiammetta Singing - Roovi B2B\" \/>\n<meta property=\"og:description\" content=\"Te invit\u0103m \u00een cea mai mare galerie de art\u0103 cu puzzle-uri de 1000 piese ce \u00eenf\u0103\u021bi\u0219eaz\u0103 picturi celebre. Alege jocuri\" \/>\n<meta property=\"og:url\" content=\"https:\/\/www.roovi.ro\/puzzle-adulti-1000-piese-marie-spartali-stillman-fiammetta-singing\/p\/\" \/>\n<meta property=\"og:site_name\" content=\"Roovi B2B\" \/>\n<meta property=\"article:publisher\" content=\"https:\/\/www.facebook.com\/wwwjucariero\" \/>\n<meta property=\"article:modified_time\" content=\"2023-03-20T21:22:56+00:00\" \/>\n<meta property=\"og:image\" content=\"https:\/\/business.roovi.com\/wp-content\/uploads\/2021\/03\/77462-WEB-1.jpg\" \/>\n\t<meta property=\"og:image:width\" content=\"1200\" \/>\n\t<meta property=\"og:image:height\" content=\"1200\" \/>\n\t<meta property=\"og:image:type\" content=\"image\/jpeg\" \/>\n<meta name=\"twitter:label1\" content=\"Timp estimat pentru citire\" \/>\n\t<meta name=\"twitter:data1\" content=\"3 minute\" \/>\n<script type=\"application\/ld+json\" class=\"yoast-schema-graph\">{\"@context\":\"https:\/\/schema.org\",\"@graph\":[{\"@type\":\"WebPage\",\"@id\":\"https:\/\/business.roovi.com\/ro\/puzzle-adulti-1000-piese-marie-spartali-stillman-fiammetta-singing\/p\/\",\"url\":\"https:\/\/www.roovi.ro\/puzzle-adulti-1000-piese-marie-spartali-stillman-fiammetta-singing\/p\/\",\"name\":\"Puzzle adul\u021bi 1000 piese Marie Spartali Stillman - Fiammetta Singing - Roovi B2B\",\"isPartOf\":{\"@id\":\"https:\/\/business.roovi.com\/ro\/#website\"},\"datePublished\":\"2021-03-05T09:20:50+00:00\",\"dateModified\":\"2023-03-20T21:22:56+00:00\",\"breadcrumb\":{\"@id\":\"https:\/\/www.roovi.ro\/puzzle-adulti-1000-piese-marie-spartali-stillman-fiammetta-singing\/p\/#breadcrumb\"},\"inLanguage\":\"ro-RO\",\"potentialAction\":[{\"@type\":\"ReadAction\",\"target\":[\"https:\/\/www.roovi.ro\/puzzle-adulti-1000-piese-marie-spartali-stillman-fiammetta-singing\/p\/\"]}]},{\"@type\":\"BreadcrumbList\",\"@id\":\"https:\/\/www.roovi.ro\/puzzle-adulti-1000-piese-marie-spartali-stillman-fiammetta-singing\/p\/#breadcrumb\",\"itemListElement\":[{\"@type\":\"ListItem\",\"position\":1,\"name\":\"Home\",\"item\":\"https:\/\/business.roovi.com\/ro\/\"},{\"@type\":\"ListItem\",\"position\":2,\"name\":\"Magazin\",\"item\":\"https:\/\/business.roovi.com\/ro\/magazin\/\"},{\"@type\":\"ListItem\",\"position\":3,\"name\":\"Puzzle adul\u021bi 1000 piese Marie Spartali Stillman &#8211; Fiammetta Singing\"}]},{\"@type\":\"WebSite\",\"@id\":\"https:\/\/business.roovi.com\/ro\/#website\",\"url\":\"https:\/\/business.roovi.com\/ro\/\",\"name\":\"Roovi B2B\",\"description\":\"Roovi Business Website\",\"potentialAction\":[{\"@type\":\"SearchAction\",\"target\":{\"@type\":\"EntryPoint\",\"urlTemplate\":\"https:\/\/business.roovi.com\/ro\/?s={search_term_string}\"},\"query-input\":\"required name=search_term_string\"}],\"inLanguage\":\"ro-RO\"}]}<\/script>\n<!-- \/ Yoast SEO plugin. -->","yoast_head_json":{"title":"Puzzle adul\u021bi 1000 piese Marie Spartali Stillman - Fiammetta Singing - Roovi B2B","robots":{"index":"index","follow":"follow","max-snippet":"max-snippet:-1","max-image-preview":"max-image-preview:large","max-video-preview":"max-video-preview:-1"},"canonical":"https:\/\/www.roovi.ro\/puzzle-adulti-1000-piese-marie-spartali-stillman-fiammetta-singing\/p\/","og_locale":"ro_RO","og_type":"article","og_title":"Puzzle adul\u021bi 1000 piese Marie Spartali Stillman - Fiammetta Singing - Roovi B2B","og_description":"Te invit\u0103m \u00een cea mai mare galerie de art\u0103 cu puzzle-uri de 1000 piese ce \u00eenf\u0103\u021bi\u0219eaz\u0103 picturi celebre. Alege jocuri","og_url":"https:\/\/www.roovi.ro\/puzzle-adulti-1000-piese-marie-spartali-stillman-fiammetta-singing\/p\/","og_site_name":"Roovi B2B","article_publisher":"https:\/\/www.facebook.com\/wwwjucariero","article_modified_time":"2023-03-20T21:22:56+00:00","og_image":[{"width":1200,"height":1200,"url":"https:\/\/business.roovi.com\/wp-content\/uploads\/2021\/03\/77462-WEB-1.jpg","type":"image\/jpeg"}],"twitter_misc":{"Timp estimat pentru citire":"3 minute"},"schema":{"@context":"https:\/\/schema.org","@graph":[{"@type":"WebPage","@id":"https:\/\/business.roovi.com\/ro\/puzzle-adulti-1000-piese-marie-spartali-stillman-fiammetta-singing\/p\/","url":"https:\/\/www.roovi.ro\/puzzle-adulti-1000-piese-marie-spartali-stillman-fiammetta-singing\/p\/","name":"Puzzle adul\u021bi 1000 piese Marie Spartali Stillman - Fiammetta Singing - Roovi B2B","isPartOf":{"@id":"https:\/\/business.roovi.com\/ro\/#website"},"datePublished":"2021-03-05T09:20:50+00:00","dateModified":"2023-03-20T21:22:56+00:00","breadcrumb":{"@id":"https:\/\/www.roovi.ro\/puzzle-adulti-1000-piese-marie-spartali-stillman-fiammetta-singing\/p\/#breadcrumb"},"inLanguage":"ro-RO","potentialAction":[{"@type":"ReadAction","target":["https:\/\/www.roovi.ro\/puzzle-adulti-1000-piese-marie-spartali-stillman-fiammetta-singing\/p\/"]}]},{"@type":"BreadcrumbList","@id":"https:\/\/www.roovi.ro\/puzzle-adulti-1000-piese-marie-spartali-stillman-fiammetta-singing\/p\/#breadcrumb","itemListElement":[{"@type":"ListItem","position":1,"name":"Home","item":"https:\/\/business.roovi.com\/ro\/"},{"@type":"ListItem","position":2,"name":"Magazin","item":"https:\/\/business.roovi.com\/ro\/magazin\/"},{"@type":"ListItem","position":3,"name":"Puzzle adul\u021bi 1000 piese Marie Spartali Stillman &#8211; Fiammetta Singing"}]},{"@type":"WebSite","@id":"https:\/\/business.roovi.com\/ro\/#website","url":"https:\/\/business.roovi.com\/ro\/","name":"Roovi B2B","description":"Roovi Business Website","potentialAction":[{"@type":"SearchAction","target":{"@type":"EntryPoint","urlTemplate":"https:\/\/business.roovi.com\/ro\/?s={search_term_string}"},"query-input":"required name=search_term_string"}],"inLanguage":"ro-RO"}]}},"_links":{"self":[{"href":"https:\/\/business.roovi.com\/ro\/wp-json\/wp\/v2\/product\/19959","targetHints":{"allow":["GET"]}}],"collection":[{"href":"https:\/\/business.roovi.com\/ro\/wp-json\/wp\/v2\/product"}],"about":[{"href":"https:\/\/business.roovi.com\/ro\/wp-json\/wp\/v2\/types\/product"}],"version-history":[{"count":0,"href":"https:\/\/business.roovi.com\/ro\/wp-json\/wp\/v2\/product\/19959\/revisions"}],"wp:featuredmedia":[{"embeddable":true,"href":"https:\/\/business.roovi.com\/ro\/wp-json\/wp\/v2\/media\/64276"}],"wp:attachment":[{"href":"https:\/\/business.roovi.com\/ro\/wp-json\/wp\/v2\/media?parent=19959"}],"wp:term":[{"taxonomy":"product_brand","embeddable":true,"href":"https:\/\/business.roovi.com\/ro\/wp-json\/wp\/v2\/product_brand?post=19959"},{"taxonomy":"product_cat","embeddable":true,"href":"https:\/\/business.roovi.com\/ro\/wp-json\/wp\/v2\/product_cat?post=19959"},{"taxonomy":"product_tag","embeddable":true,"href":"https:\/\/business.roovi.com\/ro\/wp-json\/wp\/v2\/product_tag?post=19959"}],"curies":[{"name":"wp","href":"https:\/\/api.w.org\/{rel}","templated":true}]}}