{"id":19960,"date":"2021-03-05T09:25:16","date_gmt":"2021-03-05T09:25:16","guid":{"rendered":"https:\/\/business.roovi.com\/product\/puzzle-1000-deico-games-pattern-aquatic-world\/"},"modified":"2025-03-19T07:32:56","modified_gmt":"2025-03-19T07:32:56","slug":"puzzle-adulti-1000-piese-pattern-aquatic-world","status":"publish","type":"product","link":"https:\/\/business.roovi.com\/ro\/puzzle-adulti-1000-piese-pattern-aquatic-world\/p\/","title":{"rendered":"Puzzle adul\u021bi 1000 piese Pattern &#8211; Aquatic World"},"content":{"rendered":"<p><strong><em>E\u0219ti gata s\u0103 te scufunzi \u00eentr-o stare de relaxare profund\u0103? Puzzle 1000 piese Pattern Aquatic World te poart\u0103 \u00eentr-o lume acvatic\u0103 fascinant\u0103, te scoate din rutin\u0103 \u0219i te deconecteaz\u0103 de la grijile zilnice.\u00a0<\/em><\/strong><\/p>\n<p><span style=\"font-weight: 400;\">Dac\u0103 e\u0219ti un pasionat al jocurilor puzzle \u0219i \u00ee\u021bi dore\u0219ti s\u0103 asamblezi un model inedit, diferit de tot ceea ce ai f\u0103cut p\u00e2n\u0103 acum, puzzle 1000 Pattern Aquatic World este exact ceea ce \u00ee\u021bi trebuie.<\/span><\/p>\n<p><span style=\"font-weight: 400;\">O ilustra\u021bie original\u0103 a lumii marine \u00een culori calde, cu detalii fascinante ale florei \u0219i faunei oceanelor te va \u021bine conectat pentru mult timp la o activitate relaxant\u0103. Dac\u0103 sim\u021bi c\u0103 ai nevoie de pu\u021bin ajutor pentru a reface tabloul mai repede, implic\u0103 \u0219i copiii \u00een aceast\u0103 activitate.<\/span><\/p>\n<p><span style=\"font-weight: 400;\">Pe\u0219ti\u0219orii f\u0103uri\u021bi cu minu\u021biozitate, precum \u0219i toate celelalte vie\u021buitoare \u0219i plante marine le vor capta aten\u021bia \u0219i \u00eei vor fascina peste m\u0103sur\u0103 pe cei mici. S\u0103 creeze o lume acvatic\u0103 dintr-un joc puzzle uimitor este o activitate ce le solicit\u0103 copiilor creativitatea \u0219i g\u00e2ndirea logic\u0103 \u00een acela\u0219i timp. \u00cen plus, ave\u021bi asigurate multe ore de distrac\u021bie \u0219i voie bun\u0103 care vor destinde atmosfera din familie \u00een orice situa\u021bie.<\/span><\/p>\n<p><strong>De ce s\u0103 alegi puzzle 1000 piese Pattern Aquatic World?<\/strong><\/p>\n<p><span style=\"font-weight: 400;\">Ai ocazia s\u0103 construie\u0219ti un tablou superb de 47 x 68 cm pe care \u00eel po\u021bi utiliza drept obiect decorativ.<\/span><\/p>\n<p><span style=\"font-weight: 400;\">\u00ce\u021bi deschide orizontul cunoa\u0219terii pentru c\u0103 te face s\u0103 \u00ee\u021bi dore\u0219ti s\u0103 \u0219tii mai multe despre vie\u021buitoarele marine.<\/span><\/p>\n<p><span style=\"font-weight: 400;\">\u00ce\u021bi d\u0103 o stare general\u0103 mai bun\u0103, plin\u0103 de energie \u0219i optimism.<\/span><\/p>\n<p><span style=\"font-weight: 400;\">Te ajut\u0103 s\u0103 \u00ee\u021bi men\u021bii concentrarea pe o singur\u0103 sarcin\u0103 pe care o duci p\u00e2n\u0103 la cap\u0103t.<\/span><\/p>\n<p><span style=\"font-weight: 400;\">Este produs din carton albastru de calitate superioar\u0103 care \u00eei confer\u0103 rezisten\u021b\u0103 pentru un timp \u00eendelungat.<\/span><\/p>\n<p><span style=\"font-weight: 400;\">Finisajul este semi-lucios, iar culorile vii scot \u00een eviden\u021b\u0103 frumuse\u021bea imaginii.<\/span><\/p>\n<p><span style=\"font-weight: 400;\">Este prietenos cu natura, fiind produs din materiale sustenabile \u0219i reciclabile.<\/span><\/p>\n<p><span style=\"font-weight: 400;\">Este potrivit persoanelor cu v\u00e2rsta peste 14 ani \u0219i este ocazia perfect\u0103 pentru a-\u021bi \u00eemp\u0103rt\u0103\u0219i pasiunea pentru jocurile puzzle cu adolescen\u021bii.<\/span><\/p>\n<p><strong>Puzzle 1000 piese Pattern Aquatic World restabile\u0219te ordinea din haosul mental<\/strong><\/p>\n<p><span style=\"font-weight: 400;\">Pentru momentele \u00een care mintea nu te mai ascult\u0103 \u0219i nu-\u021bi po\u021bi controla g\u00e2ndurile care te obosesc, puzzle 1000 piese Pattern Aquatic World poate fi un prilej de relaxare \u0219i de introspec\u021bie, asem\u0103n\u0103tor unei sesiuni de medita\u021bie. Te concentrezi intens pentru a reface imaginea din 1000 piese \u0219i involuntar te eliberezi de griji sau g\u00e2nduri.\u00a0<\/span><\/p>\n<p><span style=\"font-weight: 400;\">Iar c\u00e2nd lipe\u0219ti ultima pies\u0103 a jocului puzzle, sim\u021bi o satisfac\u021bie uimitoare \u0219i e\u0219ti plin de energie \u0219i mai optimist ca niciodat\u0103. \u00cen locul haosului mental, domne\u0219te lini\u0219tea \u0219i te bucuri de aceast\u0103 experien\u021b\u0103 care \u021bi-a pus ordine \u00een g\u00e2nduri.<\/span><\/p>\n<p><span style=\"font-weight: 400;\">Alege puzzle 1000 piese pentru momentele de reconectare cu tine \u00eensu\u021bi, pentru momentele \u00een care vrei s\u0103 te apropii de cei dragi sau ofer\u0103-l \u00een dar prietenilor pasiona\u021bi de jocuri puzzle la diverse ocazii de s\u0103rb\u0103toare.<\/span><\/p>\n","protected":false},"excerpt":{"rendered":"<p>E\u0219ti gata s\u0103 te scufunzi \u00eentr-o stare de relaxare profund\u0103? Puzzle 1000 piese Pattern Aquatic World te poart\u0103 \u00eentr-o lume<\/p>\n","protected":false},"featured_media":10115,"template":"","meta":[],"product_brand":[],"product_cat":[1454,1488,1560],"product_tag":[],"class_list":{"0":"post-19960","1":"product","2":"type-product","3":"status-publish","4":"has-post-thumbnail","6":"product_cat-puzzle","7":"product_cat-puzzle-adulti","8":"product_cat-puzzle-adulti-1000","9":"pa_brand-deico","10":"pa_country_of_manufacture-ro","11":"pa_filter_age-1315","12":"pa_tip_ambalaj-cutie","13":"pa_tip_puzzle-clasic","15":"first","16":"instock","17":"taxable","18":"shipping-taxable","19":"product-type-simple"},"yoast_head":"<!-- This site is optimized with the Yoast SEO plugin v20.1 - https:\/\/yoast.com\/wordpress\/plugins\/seo\/ -->\n<title>Puzzle adul\u021bi 1000 piese Pattern - Aquatic World - Roovi B2B<\/title>\n<meta name=\"robots\" content=\"index, follow, max-snippet:-1, max-image-preview:large, max-video-preview:-1\" \/>\n<link rel=\"canonical\" href=\"https:\/\/www.roovi.ro\/puzzle-adulti-1000-piese-pattern-aquatic-world\/p\/\" \/>\n<meta property=\"og:locale\" content=\"ro_RO\" \/>\n<meta property=\"og:type\" content=\"article\" \/>\n<meta property=\"og:title\" content=\"Puzzle adul\u021bi 1000 piese Pattern - Aquatic World - Roovi B2B\" \/>\n<meta property=\"og:description\" content=\"E\u0219ti gata s\u0103 te scufunzi \u00eentr-o stare de relaxare profund\u0103? Puzzle 1000 piese Pattern Aquatic World te poart\u0103 \u00eentr-o lume\" \/>\n<meta property=\"og:url\" content=\"https:\/\/www.roovi.ro\/puzzle-adulti-1000-piese-pattern-aquatic-world\/p\/\" \/>\n<meta property=\"og:site_name\" content=\"Roovi B2B\" \/>\n<meta property=\"article:publisher\" content=\"https:\/\/www.facebook.com\/wwwjucariero\" \/>\n<meta property=\"article:modified_time\" content=\"2025-03-19T07:32:56+00:00\" \/>\n<meta property=\"og:image\" content=\"https:\/\/business.roovi.com\/wp-content\/uploads\/2021\/03\/puzzle_1000_deico_games_pattern_aquatic_world-77165.jpg\" \/>\n\t<meta property=\"og:image:width\" content=\"1000\" \/>\n\t<meta property=\"og:image:height\" content=\"1000\" \/>\n\t<meta property=\"og:image:type\" content=\"image\/jpeg\" \/>\n<meta name=\"twitter:label1\" content=\"Timp estimat pentru citire\" \/>\n\t<meta name=\"twitter:data1\" content=\"3 minute\" \/>\n<script type=\"application\/ld+json\" class=\"yoast-schema-graph\">{\"@context\":\"https:\/\/schema.org\",\"@graph\":[{\"@type\":\"WebPage\",\"@id\":\"https:\/\/business.roovi.com\/ro\/puzzle-adulti-1000-piese-pattern-aquatic-world\/p\/\",\"url\":\"https:\/\/www.roovi.ro\/puzzle-adulti-1000-piese-pattern-aquatic-world\/p\/\",\"name\":\"Puzzle adul\u021bi 1000 piese Pattern - Aquatic World - Roovi B2B\",\"isPartOf\":{\"@id\":\"https:\/\/business.roovi.com\/ro\/#website\"},\"datePublished\":\"2021-03-05T09:25:16+00:00\",\"dateModified\":\"2025-03-19T07:32:56+00:00\",\"breadcrumb\":{\"@id\":\"https:\/\/www.roovi.ro\/puzzle-adulti-1000-piese-pattern-aquatic-world\/p\/#breadcrumb\"},\"inLanguage\":\"ro-RO\",\"potentialAction\":[{\"@type\":\"ReadAction\",\"target\":[\"https:\/\/www.roovi.ro\/puzzle-adulti-1000-piese-pattern-aquatic-world\/p\/\"]}]},{\"@type\":\"BreadcrumbList\",\"@id\":\"https:\/\/www.roovi.ro\/puzzle-adulti-1000-piese-pattern-aquatic-world\/p\/#breadcrumb\",\"itemListElement\":[{\"@type\":\"ListItem\",\"position\":1,\"name\":\"Home\",\"item\":\"https:\/\/business.roovi.com\/ro\/\"},{\"@type\":\"ListItem\",\"position\":2,\"name\":\"Magazin\",\"item\":\"https:\/\/business.roovi.com\/ro\/magazin\/\"},{\"@type\":\"ListItem\",\"position\":3,\"name\":\"Puzzle adul\u021bi 1000 piese Pattern &#8211; Aquatic World\"}]},{\"@type\":\"WebSite\",\"@id\":\"https:\/\/business.roovi.com\/ro\/#website\",\"url\":\"https:\/\/business.roovi.com\/ro\/\",\"name\":\"Roovi B2B\",\"description\":\"Roovi Business Website\",\"potentialAction\":[{\"@type\":\"SearchAction\",\"target\":{\"@type\":\"EntryPoint\",\"urlTemplate\":\"https:\/\/business.roovi.com\/ro\/?s={search_term_string}\"},\"query-input\":\"required name=search_term_string\"}],\"inLanguage\":\"ro-RO\"}]}<\/script>\n<!-- \/ Yoast SEO plugin. -->","yoast_head_json":{"title":"Puzzle adul\u021bi 1000 piese Pattern - Aquatic World - Roovi B2B","robots":{"index":"index","follow":"follow","max-snippet":"max-snippet:-1","max-image-preview":"max-image-preview:large","max-video-preview":"max-video-preview:-1"},"canonical":"https:\/\/www.roovi.ro\/puzzle-adulti-1000-piese-pattern-aquatic-world\/p\/","og_locale":"ro_RO","og_type":"article","og_title":"Puzzle adul\u021bi 1000 piese Pattern - Aquatic World - Roovi B2B","og_description":"E\u0219ti gata s\u0103 te scufunzi \u00eentr-o stare de relaxare profund\u0103? Puzzle 1000 piese Pattern Aquatic World te poart\u0103 \u00eentr-o lume","og_url":"https:\/\/www.roovi.ro\/puzzle-adulti-1000-piese-pattern-aquatic-world\/p\/","og_site_name":"Roovi B2B","article_publisher":"https:\/\/www.facebook.com\/wwwjucariero","article_modified_time":"2025-03-19T07:32:56+00:00","og_image":[{"width":1000,"height":1000,"url":"https:\/\/business.roovi.com\/wp-content\/uploads\/2021\/03\/puzzle_1000_deico_games_pattern_aquatic_world-77165.jpg","type":"image\/jpeg"}],"twitter_misc":{"Timp estimat pentru citire":"3 minute"},"schema":{"@context":"https:\/\/schema.org","@graph":[{"@type":"WebPage","@id":"https:\/\/business.roovi.com\/ro\/puzzle-adulti-1000-piese-pattern-aquatic-world\/p\/","url":"https:\/\/www.roovi.ro\/puzzle-adulti-1000-piese-pattern-aquatic-world\/p\/","name":"Puzzle adul\u021bi 1000 piese Pattern - Aquatic World - Roovi B2B","isPartOf":{"@id":"https:\/\/business.roovi.com\/ro\/#website"},"datePublished":"2021-03-05T09:25:16+00:00","dateModified":"2025-03-19T07:32:56+00:00","breadcrumb":{"@id":"https:\/\/www.roovi.ro\/puzzle-adulti-1000-piese-pattern-aquatic-world\/p\/#breadcrumb"},"inLanguage":"ro-RO","potentialAction":[{"@type":"ReadAction","target":["https:\/\/www.roovi.ro\/puzzle-adulti-1000-piese-pattern-aquatic-world\/p\/"]}]},{"@type":"BreadcrumbList","@id":"https:\/\/www.roovi.ro\/puzzle-adulti-1000-piese-pattern-aquatic-world\/p\/#breadcrumb","itemListElement":[{"@type":"ListItem","position":1,"name":"Home","item":"https:\/\/business.roovi.com\/ro\/"},{"@type":"ListItem","position":2,"name":"Magazin","item":"https:\/\/business.roovi.com\/ro\/magazin\/"},{"@type":"ListItem","position":3,"name":"Puzzle adul\u021bi 1000 piese Pattern &#8211; Aquatic World"}]},{"@type":"WebSite","@id":"https:\/\/business.roovi.com\/ro\/#website","url":"https:\/\/business.roovi.com\/ro\/","name":"Roovi B2B","description":"Roovi Business Website","potentialAction":[{"@type":"SearchAction","target":{"@type":"EntryPoint","urlTemplate":"https:\/\/business.roovi.com\/ro\/?s={search_term_string}"},"query-input":"required name=search_term_string"}],"inLanguage":"ro-RO"}]}},"_links":{"self":[{"href":"https:\/\/business.roovi.com\/ro\/wp-json\/wp\/v2\/product\/19960","targetHints":{"allow":["GET"]}}],"collection":[{"href":"https:\/\/business.roovi.com\/ro\/wp-json\/wp\/v2\/product"}],"about":[{"href":"https:\/\/business.roovi.com\/ro\/wp-json\/wp\/v2\/types\/product"}],"version-history":[{"count":0,"href":"https:\/\/business.roovi.com\/ro\/wp-json\/wp\/v2\/product\/19960\/revisions"}],"wp:featuredmedia":[{"embeddable":true,"href":"https:\/\/business.roovi.com\/ro\/wp-json\/wp\/v2\/media\/10115"}],"wp:attachment":[{"href":"https:\/\/business.roovi.com\/ro\/wp-json\/wp\/v2\/media?parent=19960"}],"wp:term":[{"taxonomy":"product_brand","embeddable":true,"href":"https:\/\/business.roovi.com\/ro\/wp-json\/wp\/v2\/product_brand?post=19960"},{"taxonomy":"product_cat","embeddable":true,"href":"https:\/\/business.roovi.com\/ro\/wp-json\/wp\/v2\/product_cat?post=19960"},{"taxonomy":"product_tag","embeddable":true,"href":"https:\/\/business.roovi.com\/ro\/wp-json\/wp\/v2\/product_tag?post=19960"}],"curies":[{"name":"wp","href":"https:\/\/api.w.org\/{rel}","templated":true}]}}