{"id":19961,"date":"2021-03-05T09:27:34","date_gmt":"2021-03-05T09:27:34","guid":{"rendered":"https:\/\/business.roovi.com\/product\/puzzle-1000-deico-games-pattern-cats\/"},"modified":"2025-03-19T07:30:34","modified_gmt":"2025-03-19T07:30:34","slug":"puzzle-adulti-1000-piese-pattern-catspisici","status":"publish","type":"product","link":"https:\/\/business.roovi.com\/ro\/puzzle-adulti-1000-piese-pattern-catspisici\/p\/","title":{"rendered":"Puzzle adul\u021bi 1000 piese Pattern &#8211; Cats\/Pisici"},"content":{"rendered":"<p><strong><em>Dac\u0103 iube\u0219ti jocurile puzzle \u0219i\u2026pisicile puzzle adul\u021bi 1000 piese Pattern Cats \u00ee\u021bi\u00a0 va aduce mult\u0103 veselie \u00een orice zi mohor\u00e2t\u0103 \u00een care \u00eel vei asambla.<\/em><\/strong><\/p>\n<p><span style=\"font-weight: 400;\">Fiecare pisicu\u021b\u0103 simpatic\u0103 este creat\u0103 cu minu\u021biozitate av\u00e2nd caracteristici unice \u0219i interesante, astfel c\u0103 dac\u0103 e\u0219ti atent la detalii, vei sesiza micile diferen\u021be \u0219i vei g\u0103si piesele potrivite foarte u\u0219or.<\/span><\/p>\n<p><span style=\"font-weight: 400;\">De\u0219i pare complicat, puzzle 1000 piese Pattern &#8211; Cats\/Pisici este o provocare uimitoare pentru min\u021bile creative \u0219i juc\u0103u\u0219e. Modelele vesele, colorate \u0219i dr\u0103g\u0103la\u0219e te vor delecta \u00een orice moment monoton.\u00a0<\/span><\/p>\n<p><span style=\"font-weight: 400;\">Culorile calde, care \u00ee\u021bi creeaz\u0103 o senza\u021bie lini\u0219titoare, precum \u0219i pisicu\u021bele misterioase te poart\u0103 \u00eentr-o lume dominat\u0103 de vibra\u021bii \u00eenalte. Experimenteaz\u0103 o senza\u021bie de relaxare deplin\u0103 cu acest joc puzzle deosebit.<\/span><\/p>\n<p><strong>De ce s\u0103 alegi puzzle adul\u021bi 1000 piese Pattern &#8211; Cats\/Pisici?\u00a0<\/strong><\/p>\n<p><span style=\"font-weight: 400;\">Un puzzle 1000 piese cu o ilustra\u021bie original\u0103 te inspir\u0103 \u0219i \u00ee\u021bi dezvolt\u0103 creativitatea.<\/span><\/p>\n<p><span style=\"font-weight: 400;\">Ob\u021bii un tablou decorativ cu dimensiunile de 68 x 47 cm.<\/span><\/p>\n<p><span style=\"font-weight: 400;\">Este un prilej de a ie\u0219i din monotonia cotidian\u0103.<\/span><\/p>\n<p><span style=\"font-weight: 400;\">\u00ce\u021bi antrenezi \u00eendem\u00e2narea \u0219i \u00ee\u021bi cultivi r\u0103bdarea.<\/span><\/p>\n<p><span style=\"font-weight: 400;\">Piesele de puzzle 1000 sunt produse din carton de calitate superioar\u0103, sunt t\u0103iate cu precizie \u0219i se \u00eembin\u0103 perfect, astfel c\u0103 tabloul este des\u0103v\u00e2r\u0219it chiar \u0219i dac\u0103 \u00eel asamblezi de mai multe ori.<\/span><\/p>\n<p><span style=\"font-weight: 400;\">Finisajul este semi-lucios, iar culorile vii scot \u00een eviden\u021b\u0103 frumuse\u021bea imaginii.<\/span><\/p>\n<p><span style=\"font-weight: 400;\">Este prietenos cu natura, fiind produs din materiale sustenabile \u0219i reciclabile.<\/span><\/p>\n<p><span style=\"font-weight: 400;\">Este potrivit persoanelor cu v\u00e2rsta peste 14 ani &#8211; un prilej nemaipomenit pentru a-\u021bi petrece timpul liber \u00eempreun\u0103 cu adolescen\u021bii.<\/span><\/p>\n<p><strong>\u0218tiai c\u0103\u2026<\/strong><\/p>\n<p><span style=\"font-weight: 400;\">O persoan\u0103 care iube\u0219te pisicile se nume\u0219te <\/span><em><span style=\"font-weight: 400;\">\u201eaelurofil<\/span><\/em><span style=\"font-weight: 400;\">\u201d. Opusul acestui termen este <\/span><em><span style=\"font-weight: 400;\">\u201eaelurofob\u201d <\/span><\/em><span style=\"font-weight: 400;\">\u0219i desemneaz\u0103, ai ghicit, o persoan\u0103 care ur\u0103\u0219te pisicile.<\/span><\/p>\n<p><span style=\"font-weight: 400;\">Pisicile au nevoie de 5 ori mai multe proteine dec\u00e2t c\u00e2inii.<\/span><\/p>\n<p><span style=\"font-weight: 400;\">Inima unei pisici bate de 2 ori mai repede fa\u021b\u0103 de inima unui om.<\/span><\/p>\n<p><span style=\"font-weight: 400;\">Un pui de pisic\u0103 poate s\u0103 mearg\u0103 abia la 20 de zile dup\u0103 na\u0219tere.<\/span><\/p>\n<p><span style=\"font-weight: 400;\">Majoritatea pisicilor sunt intolerante la lactoz\u0103, a\u0219adar laptele nu le face bine.<\/span><\/p>\n<p><strong>Puzzle adul\u021bi 1000 piese Pattern &#8211; Cats pentru multe ore de distrac\u021bie relaxant\u0103<\/strong><\/p>\n<p><span style=\"font-weight: 400;\">Ilustra\u021biile superbe din puzzle 1000 piese modele cu pisici pot fi un prilej de socializare \u0219i apropiere de cei dragi. Pentru copii, s\u0103 g\u0103seasc\u0103 piesele din care pot alc\u0103tui zeci de pisicu\u021be colorate este o activitate antrenant\u0103 \u0219i creativ\u0103. Se vor sim\u021bi ca ni\u0219te mici detectivi care au o misiune clar\u0103: s\u0103 aduc\u0103 toate pisicu\u021bele la locul lor, \u00een imaginea de ansamblu.<\/span><\/p>\n<p><span style=\"font-weight: 400;\">Iar c\u00e2nd ultima pies\u0103 de puzzle 1000 este pus\u0103 la locul ei, bucuria este intens\u0103 pentru toat\u0103 echipa care a lucrat unit\u0103. Puzzle 1000 piese Pattern Cats este a\u0219adar o modalitate minunat\u0103 pentru a crea leg\u0103turi str\u00e2nse cu cei dragi.<\/span><\/p>\n<p><span style=\"font-weight: 400;\">Ca orice iubitor de puzzle, \u0219tim c\u0103 \u00ee\u021bi dore\u0219ti acest joc doar pentru tine \u0219i \u00ee\u021bi \u00een\u021belegem motivele. Dar te \u00eencuraj\u0103m s\u0103 faci o bucurie \u0219i altor pasiona\u021bi de jocuri puzzle pe care \u00eei cuno\u0219ti oferindu-le \u00een dar acest uimitor puzzle adul\u021bi 1000 piese Pattern Cats\/Pisici.<\/span><\/p>\n","protected":false},"excerpt":{"rendered":"<p>Dac\u0103 iube\u0219ti jocurile puzzle \u0219i\u2026pisicile puzzle adul\u021bi 1000 piese Pattern Cats \u00ee\u021bi\u00a0 va aduce mult\u0103 veselie \u00een orice zi mohor\u00e2t\u0103<\/p>\n","protected":false},"featured_media":10118,"template":"","meta":[],"product_brand":[],"product_cat":[1454,1488,1560],"product_tag":[],"class_list":{"0":"post-19961","1":"product","2":"type-product","3":"status-publish","4":"has-post-thumbnail","6":"product_cat-puzzle","7":"product_cat-puzzle-adulti","8":"product_cat-puzzle-adulti-1000","9":"pa_brand-deico","10":"pa_country_of_manufacture-ro","11":"pa_filter_age-1315","12":"pa_tip_ambalaj-cutie","13":"pa_tip_puzzle-clasic","15":"first","16":"instock","17":"taxable","18":"shipping-taxable","19":"product-type-simple"},"yoast_head":"<!-- This site is optimized with the Yoast SEO plugin v20.1 - https:\/\/yoast.com\/wordpress\/plugins\/seo\/ -->\n<title>Puzzle adul\u021bi 1000 piese Pattern - Cats\/Pisici - Roovi B2B<\/title>\n<meta name=\"robots\" content=\"index, follow, max-snippet:-1, max-image-preview:large, max-video-preview:-1\" \/>\n<link rel=\"canonical\" href=\"https:\/\/www.roovi.ro\/puzzle-adulti-1000-piese-pattern-catspisici\/p\/\" \/>\n<meta property=\"og:locale\" content=\"ro_RO\" \/>\n<meta property=\"og:type\" content=\"article\" \/>\n<meta property=\"og:title\" content=\"Puzzle adul\u021bi 1000 piese Pattern - Cats\/Pisici - Roovi B2B\" \/>\n<meta property=\"og:description\" content=\"Dac\u0103 iube\u0219ti jocurile puzzle \u0219i\u2026pisicile puzzle adul\u021bi 1000 piese Pattern Cats \u00ee\u021bi\u00a0 va aduce mult\u0103 veselie \u00een orice zi mohor\u00e2t\u0103\" \/>\n<meta property=\"og:url\" content=\"https:\/\/www.roovi.ro\/puzzle-adulti-1000-piese-pattern-catspisici\/p\/\" \/>\n<meta property=\"og:site_name\" content=\"Roovi B2B\" \/>\n<meta property=\"article:publisher\" content=\"https:\/\/www.facebook.com\/wwwjucariero\" \/>\n<meta property=\"article:modified_time\" content=\"2025-03-19T07:30:34+00:00\" \/>\n<meta property=\"og:image\" content=\"https:\/\/business.roovi.com\/wp-content\/uploads\/2021\/03\/puzzle_1000_deico_games_pattern_cats-77189.jpg\" \/>\n\t<meta property=\"og:image:width\" content=\"1000\" \/>\n\t<meta property=\"og:image:height\" content=\"1000\" \/>\n\t<meta property=\"og:image:type\" content=\"image\/jpeg\" \/>\n<meta name=\"twitter:label1\" content=\"Timp estimat pentru citire\" \/>\n\t<meta name=\"twitter:data1\" content=\"3 minute\" \/>\n<script type=\"application\/ld+json\" class=\"yoast-schema-graph\">{\"@context\":\"https:\/\/schema.org\",\"@graph\":[{\"@type\":\"WebPage\",\"@id\":\"https:\/\/business.roovi.com\/ro\/puzzle-adulti-1000-piese-pattern-catspisici\/p\/\",\"url\":\"https:\/\/www.roovi.ro\/puzzle-adulti-1000-piese-pattern-catspisici\/p\/\",\"name\":\"Puzzle adul\u021bi 1000 piese Pattern - Cats\/Pisici - Roovi B2B\",\"isPartOf\":{\"@id\":\"https:\/\/business.roovi.com\/ro\/#website\"},\"datePublished\":\"2021-03-05T09:27:34+00:00\",\"dateModified\":\"2025-03-19T07:30:34+00:00\",\"breadcrumb\":{\"@id\":\"https:\/\/www.roovi.ro\/puzzle-adulti-1000-piese-pattern-catspisici\/p\/#breadcrumb\"},\"inLanguage\":\"ro-RO\",\"potentialAction\":[{\"@type\":\"ReadAction\",\"target\":[\"https:\/\/www.roovi.ro\/puzzle-adulti-1000-piese-pattern-catspisici\/p\/\"]}]},{\"@type\":\"BreadcrumbList\",\"@id\":\"https:\/\/www.roovi.ro\/puzzle-adulti-1000-piese-pattern-catspisici\/p\/#breadcrumb\",\"itemListElement\":[{\"@type\":\"ListItem\",\"position\":1,\"name\":\"Home\",\"item\":\"https:\/\/business.roovi.com\/ro\/\"},{\"@type\":\"ListItem\",\"position\":2,\"name\":\"Magazin\",\"item\":\"https:\/\/business.roovi.com\/ro\/magazin\/\"},{\"@type\":\"ListItem\",\"position\":3,\"name\":\"Puzzle adul\u021bi 1000 piese Pattern &#8211; Cats\/Pisici\"}]},{\"@type\":\"WebSite\",\"@id\":\"https:\/\/business.roovi.com\/ro\/#website\",\"url\":\"https:\/\/business.roovi.com\/ro\/\",\"name\":\"Roovi B2B\",\"description\":\"Roovi Business Website\",\"potentialAction\":[{\"@type\":\"SearchAction\",\"target\":{\"@type\":\"EntryPoint\",\"urlTemplate\":\"https:\/\/business.roovi.com\/ro\/?s={search_term_string}\"},\"query-input\":\"required name=search_term_string\"}],\"inLanguage\":\"ro-RO\"}]}<\/script>\n<!-- \/ Yoast SEO plugin. -->","yoast_head_json":{"title":"Puzzle adul\u021bi 1000 piese Pattern - Cats\/Pisici - Roovi B2B","robots":{"index":"index","follow":"follow","max-snippet":"max-snippet:-1","max-image-preview":"max-image-preview:large","max-video-preview":"max-video-preview:-1"},"canonical":"https:\/\/www.roovi.ro\/puzzle-adulti-1000-piese-pattern-catspisici\/p\/","og_locale":"ro_RO","og_type":"article","og_title":"Puzzle adul\u021bi 1000 piese Pattern - Cats\/Pisici - Roovi B2B","og_description":"Dac\u0103 iube\u0219ti jocurile puzzle \u0219i\u2026pisicile puzzle adul\u021bi 1000 piese Pattern Cats \u00ee\u021bi\u00a0 va aduce mult\u0103 veselie \u00een orice zi mohor\u00e2t\u0103","og_url":"https:\/\/www.roovi.ro\/puzzle-adulti-1000-piese-pattern-catspisici\/p\/","og_site_name":"Roovi B2B","article_publisher":"https:\/\/www.facebook.com\/wwwjucariero","article_modified_time":"2025-03-19T07:30:34+00:00","og_image":[{"width":1000,"height":1000,"url":"https:\/\/business.roovi.com\/wp-content\/uploads\/2021\/03\/puzzle_1000_deico_games_pattern_cats-77189.jpg","type":"image\/jpeg"}],"twitter_misc":{"Timp estimat pentru citire":"3 minute"},"schema":{"@context":"https:\/\/schema.org","@graph":[{"@type":"WebPage","@id":"https:\/\/business.roovi.com\/ro\/puzzle-adulti-1000-piese-pattern-catspisici\/p\/","url":"https:\/\/www.roovi.ro\/puzzle-adulti-1000-piese-pattern-catspisici\/p\/","name":"Puzzle adul\u021bi 1000 piese Pattern - Cats\/Pisici - Roovi B2B","isPartOf":{"@id":"https:\/\/business.roovi.com\/ro\/#website"},"datePublished":"2021-03-05T09:27:34+00:00","dateModified":"2025-03-19T07:30:34+00:00","breadcrumb":{"@id":"https:\/\/www.roovi.ro\/puzzle-adulti-1000-piese-pattern-catspisici\/p\/#breadcrumb"},"inLanguage":"ro-RO","potentialAction":[{"@type":"ReadAction","target":["https:\/\/www.roovi.ro\/puzzle-adulti-1000-piese-pattern-catspisici\/p\/"]}]},{"@type":"BreadcrumbList","@id":"https:\/\/www.roovi.ro\/puzzle-adulti-1000-piese-pattern-catspisici\/p\/#breadcrumb","itemListElement":[{"@type":"ListItem","position":1,"name":"Home","item":"https:\/\/business.roovi.com\/ro\/"},{"@type":"ListItem","position":2,"name":"Magazin","item":"https:\/\/business.roovi.com\/ro\/magazin\/"},{"@type":"ListItem","position":3,"name":"Puzzle adul\u021bi 1000 piese Pattern &#8211; Cats\/Pisici"}]},{"@type":"WebSite","@id":"https:\/\/business.roovi.com\/ro\/#website","url":"https:\/\/business.roovi.com\/ro\/","name":"Roovi B2B","description":"Roovi Business Website","potentialAction":[{"@type":"SearchAction","target":{"@type":"EntryPoint","urlTemplate":"https:\/\/business.roovi.com\/ro\/?s={search_term_string}"},"query-input":"required name=search_term_string"}],"inLanguage":"ro-RO"}]}},"_links":{"self":[{"href":"https:\/\/business.roovi.com\/ro\/wp-json\/wp\/v2\/product\/19961","targetHints":{"allow":["GET"]}}],"collection":[{"href":"https:\/\/business.roovi.com\/ro\/wp-json\/wp\/v2\/product"}],"about":[{"href":"https:\/\/business.roovi.com\/ro\/wp-json\/wp\/v2\/types\/product"}],"version-history":[{"count":0,"href":"https:\/\/business.roovi.com\/ro\/wp-json\/wp\/v2\/product\/19961\/revisions"}],"wp:featuredmedia":[{"embeddable":true,"href":"https:\/\/business.roovi.com\/ro\/wp-json\/wp\/v2\/media\/10118"}],"wp:attachment":[{"href":"https:\/\/business.roovi.com\/ro\/wp-json\/wp\/v2\/media?parent=19961"}],"wp:term":[{"taxonomy":"product_brand","embeddable":true,"href":"https:\/\/business.roovi.com\/ro\/wp-json\/wp\/v2\/product_brand?post=19961"},{"taxonomy":"product_cat","embeddable":true,"href":"https:\/\/business.roovi.com\/ro\/wp-json\/wp\/v2\/product_cat?post=19961"},{"taxonomy":"product_tag","embeddable":true,"href":"https:\/\/business.roovi.com\/ro\/wp-json\/wp\/v2\/product_tag?post=19961"}],"curies":[{"name":"wp","href":"https:\/\/api.w.org\/{rel}","templated":true}]}}