{"id":19967,"date":"2021-03-05T09:50:34","date_gmt":"2021-03-05T09:50:34","guid":{"rendered":"https:\/\/business.roovi.com\/product\/puzzle-1000-deico-games-zelyke-snow-fairy\/"},"modified":"2025-03-17T07:03:09","modified_gmt":"2025-03-17T07:03:09","slug":"puzzle-adulti-1000-piese-groos-zelyke-snow-fairy","status":"publish","type":"product","link":"https:\/\/business.roovi.com\/ro\/puzzle-adulti-1000-piese-groos-zelyke-snow-fairy\/p\/","title":{"rendered":"Puzzle adul\u021bi 1000 piese Groos Zelyke Snow Fairy"},"content":{"rendered":"<p><span style=\"font-weight: 400;\">Iube\u0219ti pove\u0219tile chiar \u0219i acum, la maturitate \u0219i \u0219i-ai dori s\u0103 cuprinzi \u00eentr-un tablou basmul\u00a0 preferat? Descoper\u0103 cea mai mare gam\u0103 de puzzle de art\u0103 \u0219i creeaz\u0103 din puzzle 1000 piese imagini de neuitat.<\/span><\/p>\n<p><span style=\"font-weight: 400;\">Puzzle 1000 piese Groos Zelyke &#8211; Snow Fairy \/ Cr\u0103iasa Z\u0103pezii este o incursiune \u00een lumea basmului Cr\u0103iasa Z\u0103pezii. O imagine plin\u0103 de culoare, ce \u00ee\u021bi va pune la \u00eencercare abilit\u0103\u021bile de asamblare a jocurilor puzzle. Te va provoca \u0219i te va \u00eenc\u00e2nta deopotriv\u0103.<\/span><\/p>\n<p><span style=\"font-weight: 400;\">Descoper\u0103 \u00een puzzle 1000 Snow Fairy \/ Cr\u0103iasa Z\u0103pezii un puzzle de art\u0103 rafinat ce \u00ee\u021bi va transmite vibra\u021bii pozitive \u0219i te va purta \u00een lumea feeric\u0103 a basmelor.\u00a0<\/span><\/p>\n<p><span style=\"font-weight: 400;\">Acest minunat puzzle 1000 piese te poart\u0103 \u00een copil\u0103rie \u0219i \u00ee\u021bi aminte\u0219te c\u00e2t de frumos este s\u0103 visezi \u0219i s\u0103 te bucuri de lucrurile simple. Vei recrea un personaj fabulos din 1000 piese puzzle \u0219i vei p\u0103trunde \u00een lumea fantastic\u0103 a pove\u0219tilor lui Hans <\/span><span style=\"font-weight: 400;\">Christian Andersen.<\/span><\/p>\n<p><strong>De ce s\u0103 alegi puzzle 1000 piese <\/strong><strong>Groos Zelyke &#8211; Snow Fairy?<\/strong><\/p>\n<p><span style=\"font-weight: 400;\">Este un puzzle produs din materiale de calitate superioar\u0103, carton albastru premium.<\/span><\/p>\n<p><span style=\"font-weight: 400;\">Are finisaje semi-lucioase \u0219i culori vii.<\/span><\/p>\n<p><span style=\"font-weight: 400;\">Cu siguran\u021b\u0103 iube\u0219ti natura \u0219i te vei bucura s\u0103 afli c\u0103 este alc\u0103tuit din materiale sustenabile, reciclabile.<\/span><\/p>\n<p><span style=\"font-weight: 400;\">Poate fi asamblat de persoane cu v\u00e2rsta de peste 14 ani \u0219i este o ocazie minunat\u0103 de a-i antrena pe copiii t\u0103i adolescen\u021bi \u00eentr-o activitate creativ\u0103 care le va aduce aminte de basmul preferat din copil\u0103rie.<\/span><\/p>\n<p><span style=\"font-weight: 400;\">Are 1000 piese care se pot asambla u\u0219or \u0219i de c\u00e2te ori dore\u0219ti pentru c\u0103 este un produs de calitate ce rezist\u0103 la utiliz\u0103ri multiple.<\/span><\/p>\n<p><strong>\u0218tiai c\u0103?&#8230;<\/strong><\/p>\n<p><span style=\"font-weight: 400;\">\u201cCr\u0103iasa Z\u0103pezii\u201d este unul dintre cele mai cunoscute basme ale lui Andersen. A fost publicat pentru prima dat\u0103 \u00een anul 1845, \u00een Danemarca, \u00een apropierea Cr\u0103ciunului.<\/span><\/p>\n<p><span style=\"font-weight: 400;\">Povestea este profund legat\u0103 de viziunea lui Andersen asupra mor\u021bii, inocen\u021bei, purit\u0103\u021bii \u0219i iubirii, dar \u0219i de propriile experien\u021be din via\u021b\u0103 \u0219i din copil\u0103rie.<\/span><\/p>\n<p><span style=\"font-weight: 400;\">\u00cen autobiografia sa, scriitorul aminte\u0219te de o figur\u0103 de ghea\u021b\u0103 care are leg\u0103tur\u0103 cu moartea tat\u0103lui s\u0103u. Pe patul de moarte, tat\u0103l s\u0103u grav bolnav i-a f\u0103cut un semn spre fereastra \u00eenghe\u021bat\u0103 unde se putea vedea desenat\u0103 din ghea\u021b\u0103 o femeie cu bra\u021bele \u00eentinse. <\/span><em><span style=\"font-weight: 400;\">&#8222;A venit s\u0103 m\u0103 ia&#8221; <\/span><\/em><span style=\"font-weight: 400;\">i-ar fi spus tat\u0103l s\u0103u glumind.<\/span><\/p>\n<p><span style=\"font-weight: 400;\">Pentru t\u00e2n\u0103rul Andersen imaginea figurii de ghea\u021b\u0103 avea s\u0103 r\u0103m\u00e2n\u0103 nemuritoare prin pove\u0219tile sale celebre.<\/span><\/p>\n<p><span style=\"font-weight: 400;\">Alte voci asociaz\u0103 personajul emblematic artistei <\/span><span style=\"font-weight: 400;\">Jenny Lind pentru care scriitorul a nutrit sentimente de dragoste care nu i-au fost \u00eemp\u0103rt\u0103\u0219ite. Astfel, regina Z\u0103pezii are inima de ghea\u021b\u0103 la fel ca inabordabila Jenny.<\/span><\/p>\n<p><strong>Jocurile puzzle \u00ee\u021bi aduc multe clipe de relaxare \u0219i bucurie<\/strong><\/p>\n<p><span style=\"font-weight: 400;\">Pentru o stare de spirit mai bun\u0103 \u0219i plin\u0103 de optimism jocurile puzzle sunt alegerea perfect\u0103. S-a constatat c\u0103 \u00een timpul acestei activit\u0103\u021bi relaxante, creierul secret\u0103 mai mult\u0103 dopamin\u0103, un neurotransmi\u021b\u0103tor responsabil de starea de fericirea \u0219i optimism. A\u0219adar, dac\u0103 aveai dubii privind avantajele acestei activit\u0103\u021bi, ele sunt acum demonstrate \u0219tiin\u021bific.<\/span><\/p>\n<p><span style=\"font-weight: 400;\">Pe l\u00e2ng\u0103 acest beneficiu uimitor, puzzle pentru adul\u021bi \u00ee\u021bi aduce \u0219i alte avantaje care se reflect\u0103 \u00een mai multe planuri ale vie\u021bii tale, \u0219i anume:<\/span><\/p>\n<p><span style=\"font-weight: 400;\">Te ajut\u0103 s\u0103 \u00ee\u021bi men\u021bii memoria antrenat\u0103.<\/span><\/p>\n<p><span style=\"font-weight: 400;\">\u00ce\u021bi \u00eembun\u0103t\u0103\u0219esc aten\u021bia la detalii.<\/span><\/p>\n<p><span style=\"font-weight: 400;\">\u00ce\u021bi dezvolt\u0103 perseveren\u021ba \u0219i spiritul critic.<\/span><\/p>\n<p><span style=\"font-weight: 400;\">\u00ce\u021bi dezvolt\u0103 imagina\u021bia.<\/span><\/p>\n<p><span style=\"font-weight: 400;\">\u00ce\u021bi dau satisfac\u021bia cre\u0103rii unui obiect decorativ minunat cu care \u00ee\u021bi po\u021bi \u00eenfrumuse\u021ba locuin\u021ba.<\/span><\/p>\n<p><span style=\"font-weight: 400;\">Fascinat de basme \u0219i simboluri uimitoare din pove\u0219tile celebre? Puzzle 1000 piese <\/span><span style=\"font-weight: 400;\">Groos Zelyke &#8211; Snow Fairy \/ Cr\u0103iasa Z\u0103pezii este exact ceea ce \u00ee\u021bi trebuie. Cump\u0103r\u0103 acum acest minunat puzzle de art\u0103 \u0219i recreeaz\u0103 tabloul unui basm celebru. Acest puzzle pentru adul\u021bi poate fi un cadou minunat pe care \u00eel po\u021bi oferi persoanelor dragi cu diverse ocazii de s\u0103rb\u0103toare.<\/span><\/p>\n","protected":false},"excerpt":{"rendered":"<p>Iube\u0219ti pove\u0219tile chiar \u0219i acum, la maturitate \u0219i \u0219i-ai dori s\u0103 cuprinzi \u00eentr-un tablou basmul\u00a0 preferat? Descoper\u0103 cea mai mare<\/p>\n","protected":false},"featured_media":10154,"template":"","meta":[],"product_brand":[],"product_cat":[1454,1488,1560],"product_tag":[],"class_list":{"0":"post-19967","1":"product","2":"type-product","3":"status-publish","4":"has-post-thumbnail","6":"product_cat-puzzle","7":"product_cat-puzzle-adulti","8":"product_cat-puzzle-adulti-1000","9":"pa_brand-deico","10":"pa_country_of_manufacture-ro","11":"pa_filter_age-1315","12":"pa_tip_ambalaj-cutie","13":"pa_tip_puzzle-clasic","15":"first","16":"instock","17":"taxable","18":"shipping-taxable","19":"product-type-simple"},"yoast_head":"<!-- This site is optimized with the Yoast SEO plugin v20.1 - https:\/\/yoast.com\/wordpress\/plugins\/seo\/ -->\n<title>Puzzle adul\u021bi 1000 piese Groos Zelyke Snow Fairy - Roovi B2B<\/title>\n<meta name=\"robots\" content=\"index, follow, max-snippet:-1, max-image-preview:large, max-video-preview:-1\" \/>\n<link rel=\"canonical\" href=\"https:\/\/www.roovi.ro\/puzzle-adulti-1000-piese-groos-zelyke-snow-fairy\/p\/\" \/>\n<meta property=\"og:locale\" content=\"ro_RO\" \/>\n<meta property=\"og:type\" content=\"article\" \/>\n<meta property=\"og:title\" content=\"Puzzle adul\u021bi 1000 piese Groos Zelyke Snow Fairy - Roovi B2B\" \/>\n<meta property=\"og:description\" content=\"Iube\u0219ti pove\u0219tile chiar \u0219i acum, la maturitate \u0219i \u0219i-ai dori s\u0103 cuprinzi \u00eentr-un tablou basmul\u00a0 preferat? Descoper\u0103 cea mai mare\" \/>\n<meta property=\"og:url\" content=\"https:\/\/www.roovi.ro\/puzzle-adulti-1000-piese-groos-zelyke-snow-fairy\/p\/\" \/>\n<meta property=\"og:site_name\" content=\"Roovi B2B\" \/>\n<meta property=\"article:publisher\" content=\"https:\/\/www.facebook.com\/wwwjucariero\" \/>\n<meta property=\"article:modified_time\" content=\"2025-03-17T07:03:09+00:00\" \/>\n<meta property=\"og:image\" content=\"https:\/\/business.roovi.com\/wp-content\/uploads\/2021\/03\/puzzle_1000_deico_games_zelyke_snow_fairy-77448.jpg\" \/>\n\t<meta property=\"og:image:width\" content=\"1000\" \/>\n\t<meta property=\"og:image:height\" content=\"1000\" \/>\n\t<meta property=\"og:image:type\" content=\"image\/jpeg\" \/>\n<meta name=\"twitter:label1\" content=\"Timp estimat pentru citire\" \/>\n\t<meta name=\"twitter:data1\" content=\"3 minute\" \/>\n<script type=\"application\/ld+json\" class=\"yoast-schema-graph\">{\"@context\":\"https:\/\/schema.org\",\"@graph\":[{\"@type\":\"WebPage\",\"@id\":\"https:\/\/business.roovi.com\/ro\/puzzle-adulti-1000-piese-groos-zelyke-snow-fairy\/p\/\",\"url\":\"https:\/\/www.roovi.ro\/puzzle-adulti-1000-piese-groos-zelyke-snow-fairy\/p\/\",\"name\":\"Puzzle adul\u021bi 1000 piese Groos Zelyke Snow Fairy - Roovi B2B\",\"isPartOf\":{\"@id\":\"https:\/\/business.roovi.com\/ro\/#website\"},\"datePublished\":\"2021-03-05T09:50:34+00:00\",\"dateModified\":\"2025-03-17T07:03:09+00:00\",\"breadcrumb\":{\"@id\":\"https:\/\/www.roovi.ro\/puzzle-adulti-1000-piese-groos-zelyke-snow-fairy\/p\/#breadcrumb\"},\"inLanguage\":\"ro-RO\",\"potentialAction\":[{\"@type\":\"ReadAction\",\"target\":[\"https:\/\/www.roovi.ro\/puzzle-adulti-1000-piese-groos-zelyke-snow-fairy\/p\/\"]}]},{\"@type\":\"BreadcrumbList\",\"@id\":\"https:\/\/www.roovi.ro\/puzzle-adulti-1000-piese-groos-zelyke-snow-fairy\/p\/#breadcrumb\",\"itemListElement\":[{\"@type\":\"ListItem\",\"position\":1,\"name\":\"Home\",\"item\":\"https:\/\/business.roovi.com\/ro\/\"},{\"@type\":\"ListItem\",\"position\":2,\"name\":\"Magazin\",\"item\":\"https:\/\/business.roovi.com\/ro\/magazin\/\"},{\"@type\":\"ListItem\",\"position\":3,\"name\":\"Puzzle adul\u021bi 1000 piese Groos Zelyke Snow Fairy\"}]},{\"@type\":\"WebSite\",\"@id\":\"https:\/\/business.roovi.com\/ro\/#website\",\"url\":\"https:\/\/business.roovi.com\/ro\/\",\"name\":\"Roovi B2B\",\"description\":\"Roovi Business Website\",\"potentialAction\":[{\"@type\":\"SearchAction\",\"target\":{\"@type\":\"EntryPoint\",\"urlTemplate\":\"https:\/\/business.roovi.com\/ro\/?s={search_term_string}\"},\"query-input\":\"required name=search_term_string\"}],\"inLanguage\":\"ro-RO\"}]}<\/script>\n<!-- \/ Yoast SEO plugin. -->","yoast_head_json":{"title":"Puzzle adul\u021bi 1000 piese Groos Zelyke Snow Fairy - Roovi B2B","robots":{"index":"index","follow":"follow","max-snippet":"max-snippet:-1","max-image-preview":"max-image-preview:large","max-video-preview":"max-video-preview:-1"},"canonical":"https:\/\/www.roovi.ro\/puzzle-adulti-1000-piese-groos-zelyke-snow-fairy\/p\/","og_locale":"ro_RO","og_type":"article","og_title":"Puzzle adul\u021bi 1000 piese Groos Zelyke Snow Fairy - Roovi B2B","og_description":"Iube\u0219ti pove\u0219tile chiar \u0219i acum, la maturitate \u0219i \u0219i-ai dori s\u0103 cuprinzi \u00eentr-un tablou basmul\u00a0 preferat? Descoper\u0103 cea mai mare","og_url":"https:\/\/www.roovi.ro\/puzzle-adulti-1000-piese-groos-zelyke-snow-fairy\/p\/","og_site_name":"Roovi B2B","article_publisher":"https:\/\/www.facebook.com\/wwwjucariero","article_modified_time":"2025-03-17T07:03:09+00:00","og_image":[{"width":1000,"height":1000,"url":"https:\/\/business.roovi.com\/wp-content\/uploads\/2021\/03\/puzzle_1000_deico_games_zelyke_snow_fairy-77448.jpg","type":"image\/jpeg"}],"twitter_misc":{"Timp estimat pentru citire":"3 minute"},"schema":{"@context":"https:\/\/schema.org","@graph":[{"@type":"WebPage","@id":"https:\/\/business.roovi.com\/ro\/puzzle-adulti-1000-piese-groos-zelyke-snow-fairy\/p\/","url":"https:\/\/www.roovi.ro\/puzzle-adulti-1000-piese-groos-zelyke-snow-fairy\/p\/","name":"Puzzle adul\u021bi 1000 piese Groos Zelyke Snow Fairy - Roovi B2B","isPartOf":{"@id":"https:\/\/business.roovi.com\/ro\/#website"},"datePublished":"2021-03-05T09:50:34+00:00","dateModified":"2025-03-17T07:03:09+00:00","breadcrumb":{"@id":"https:\/\/www.roovi.ro\/puzzle-adulti-1000-piese-groos-zelyke-snow-fairy\/p\/#breadcrumb"},"inLanguage":"ro-RO","potentialAction":[{"@type":"ReadAction","target":["https:\/\/www.roovi.ro\/puzzle-adulti-1000-piese-groos-zelyke-snow-fairy\/p\/"]}]},{"@type":"BreadcrumbList","@id":"https:\/\/www.roovi.ro\/puzzle-adulti-1000-piese-groos-zelyke-snow-fairy\/p\/#breadcrumb","itemListElement":[{"@type":"ListItem","position":1,"name":"Home","item":"https:\/\/business.roovi.com\/ro\/"},{"@type":"ListItem","position":2,"name":"Magazin","item":"https:\/\/business.roovi.com\/ro\/magazin\/"},{"@type":"ListItem","position":3,"name":"Puzzle adul\u021bi 1000 piese Groos Zelyke Snow Fairy"}]},{"@type":"WebSite","@id":"https:\/\/business.roovi.com\/ro\/#website","url":"https:\/\/business.roovi.com\/ro\/","name":"Roovi B2B","description":"Roovi Business Website","potentialAction":[{"@type":"SearchAction","target":{"@type":"EntryPoint","urlTemplate":"https:\/\/business.roovi.com\/ro\/?s={search_term_string}"},"query-input":"required name=search_term_string"}],"inLanguage":"ro-RO"}]}},"_links":{"self":[{"href":"https:\/\/business.roovi.com\/ro\/wp-json\/wp\/v2\/product\/19967","targetHints":{"allow":["GET"]}}],"collection":[{"href":"https:\/\/business.roovi.com\/ro\/wp-json\/wp\/v2\/product"}],"about":[{"href":"https:\/\/business.roovi.com\/ro\/wp-json\/wp\/v2\/types\/product"}],"version-history":[{"count":0,"href":"https:\/\/business.roovi.com\/ro\/wp-json\/wp\/v2\/product\/19967\/revisions"}],"wp:featuredmedia":[{"embeddable":true,"href":"https:\/\/business.roovi.com\/ro\/wp-json\/wp\/v2\/media\/10154"}],"wp:attachment":[{"href":"https:\/\/business.roovi.com\/ro\/wp-json\/wp\/v2\/media?parent=19967"}],"wp:term":[{"taxonomy":"product_brand","embeddable":true,"href":"https:\/\/business.roovi.com\/ro\/wp-json\/wp\/v2\/product_brand?post=19967"},{"taxonomy":"product_cat","embeddable":true,"href":"https:\/\/business.roovi.com\/ro\/wp-json\/wp\/v2\/product_cat?post=19967"},{"taxonomy":"product_tag","embeddable":true,"href":"https:\/\/business.roovi.com\/ro\/wp-json\/wp\/v2\/product_tag?post=19967"}],"curies":[{"name":"wp","href":"https:\/\/api.w.org\/{rel}","templated":true}]}}