{"id":19969,"date":"2021-03-05T10:15:27","date_gmt":"2021-03-05T10:15:27","guid":{"rendered":"https:\/\/business.roovi.com\/product\/puzzle-1000-vintage-map\/"},"modified":"2023-03-20T21:22:29","modified_gmt":"2023-03-20T21:22:29","slug":"puzzle-adulti-1000-piese-vintage-map-british-empire","status":"publish","type":"product","link":"https:\/\/business.roovi.com\/ro\/puzzle-adulti-1000-piese-vintage-map-british-empire\/p\/","title":{"rendered":"Puzzle adul\u021bi 1000 piese Vintage Map &#8211; British Empire"},"content":{"rendered":"<p><span style=\"font-weight: 400;\">E\u0219ti un \u00eemp\u0103timit al jocului puzzle \u0219i pasionat de art\u0103 vintage \u00een acela\u0219i timp? Puzzle 1000 piese Vintage Map &#8211; British Empire este o provocare la care trebuie neap\u0103rat s\u0103 spui DA!\u00a0<\/span><\/p>\n<p><span style=\"font-weight: 400;\">La \u00eenceputul secolului al XIX-lea Imperiul Britanic de\u021binea 20% din suprafa\u021ba globului. Puzzle 1000 piese Vintage Map red\u0103 imaginea h\u0103r\u021bii magnificului imperiu. Harta prezint\u0103 informa\u021bii despre aria geografic\u0103, popula\u021bia \u0219i comer\u021bul zonelor dominate.<\/span><\/p>\n<p><span style=\"font-weight: 400;\">Puzzle 1000 piese Vintage Map &#8211; British Empire este o reproduce uimitoare a h\u0103r\u021bii ce a fost creat\u0103 minu\u021bios, cu detalii impresionante \u0219i un design care eviden\u021biaz\u0103 realiz\u0103rile extraordinare\u00a0 la care ajunsese imperiului britanic \u00een secolul al XIX-lea.<\/span><\/p>\n<p><span style=\"font-weight: 400;\">Refacerea acestei imagini vintage este un exerci\u021biu de r\u0103bdare \u0219i de imagina\u021bie. Puzzle 1000 piese Vintage Map &#8211; Imperiul Britanic te duce \u00eenapoi \u00een timp \u0219i-\u021bi dezv\u0103luia istoria unuia dintre cele mai mari imperii din lume.<\/span><\/p>\n<p><span style=\"font-weight: 400;\">Te invit\u0103m a\u0219adar s\u0103-\u021bi etalezi m\u0103iestria \u00een jocurile puzzle \u0219i s\u0103 porne\u0219ti \u00eentr-o aventur\u0103 imaginar\u0103 de explorare a lumii cu acest uimitor joc puzzle.<\/span><\/p>\n<p><span style=\"font-weight: 400;\">Caracteristici puzzle 1000 piese Vintage Map &#8211; Imperiul Britanic:<\/span><\/p>\n<p><strong>Dimensiuni imagine reconstituit\u0103: 50 x 70 cm.<\/strong><\/p>\n<p><strong>Material puzzle:\u00a0<\/strong><\/p>\n<p><strong>carton albastru de o calitate superioar\u0103<\/strong><\/p>\n<p><strong>materiale sustenabile, reciclabile<\/strong><\/p>\n<p><strong>finisaj semi-lucios, culori vii<\/strong><\/p>\n<p><strong>Num\u0103rul pieselor de puzzle: 1000<\/strong><\/p>\n<p><strong>V\u00e2rsta recomandat\u0103: 14+<\/strong><\/p>\n<p><span style=\"font-weight: 400;\">Jocurile puzzle sunt un excelent stimulent al memoriei pe termen scurt, capacit\u0103\u021bii de concentrare \u0219i aten\u021biei la detalii. \u00cen plus, te ajut\u0103 s\u0103-\u021bi dezvol\u021bi abilit\u0103\u021bi precum:<\/span><\/p>\n<ul>\n<li><span style=\"font-weight: 400;\">Motricitatea fin\u0103<\/span><\/li>\n<li><span style=\"font-weight: 400;\">Coordonarea m\u00e2n\u0103-ochi<\/span><\/li>\n<li><span style=\"font-weight: 400;\">G\u00e2ndirea logic\u0103<\/span><\/li>\n<li><span style=\"font-weight: 400;\">Capacitatea de a rezolva probleme.<\/span><\/li>\n<\/ul>\n<p><strong>De ce s\u0103 alegi puzzle 1000 piese Vintage Map &#8211; British Empire?<\/strong><\/p>\n<p><span style=\"font-weight: 400;\">Este o bun\u0103 oportunitate de relaxare \u0219i deconectare.<\/span><\/p>\n<p><span style=\"font-weight: 400;\">Te scoate din rutina zilnic\u0103 \u0219i din starea de confort, oferindu-\u021bi \u00een schimb o stare de bine.\u00a0<\/span><\/p>\n<p><span style=\"font-weight: 400;\">Ai ocazia s\u0103 \u00ee\u021bi creezi un tablou uimitor pe care \u00eel po\u021bi expune \u00een biroul de lucru sau \u00een oricare alt loc pe care vrei s\u0103-l personalizezi \u00een mod inedit.<\/span><\/p>\n<p><span style=\"font-weight: 400;\">\u00ce\u021bi d\u0103 sentimentul c\u0103 e\u0219ti un explorator veritabil care, cu fiecare pies\u0103 potrivit\u0103, este tot mai aproape s\u0103 descopere un t\u0103r\u00e2m nou.<\/span><\/p>\n<p><span style=\"font-weight: 400;\">Poate fi un prilej de a-i introduce pe adolescen\u021bi \u00een lume artei.<\/span><\/p>\n<p><span style=\"font-weight: 400;\">Este un pretext frumos de socializare \u0219i delectare \u00eempreun\u0103 cu prietenii.<\/span><\/p>\n<p><strong>\u0218tiai c\u0103\u2026?<\/strong><\/p>\n<p><span style=\"font-weight: 400;\">Imperiul Britanic devenise \u00een secolul al XIX-lea cel mai mare din istorie.<\/span><\/p>\n<p><span style=\"font-weight: 400;\">Harta din 1886 marca jubileul reginei Victoria \u0219i extinderea imperiului.<\/span><\/p>\n<p><span style=\"font-weight: 400;\">Pe marginea h\u0103r\u021bii sunt reprezentate personaje \u00eembr\u0103cate \u00een portul tradi\u021bional al regiunilor colonizate.<\/span><\/p>\n<p><span style=\"font-weight: 400;\">Se pot identifica multe \u021b\u0103ri \u00een varietatea de animale \u0219i personaje costumate. De exemplu, India este reprezentat\u0103 de un elefant \u0219i un tigru, iar Australia de un cangur \u0219i o oaie.<\/span><\/p>\n<p><span style=\"font-weight: 400;\">Cuvintele din partea de sus, &#8222;Freedom, Fraternity, Federation&#8221; au fost interpretate drept o coexisten\u021b\u0103 pa\u0219nic\u0103 \u00een interiorul imperiului.<\/span><\/p>\n<p><strong>Puzzle 1000 piese Vintage Map &#8211; British Empire &#8211; o pauz\u0103 de la via\u021ba digital\u0103<\/strong><\/p>\n<p><span style=\"font-weight: 400;\">Statul \u00een fa\u021ba ecranelor de-a lungul a multe ore obose\u0219te ochii \u0219i mintea. Ia o pauz\u0103 de la via\u021ba digital\u0103 cu puzzle 1000 piese &#8211; Harta Imperiului Britanic. Ochii \u00ee\u021bi vor fi recunosc\u0103tori pentru c\u0103 vor sta departe de lumina albastr\u0103 ore bune, iar mintea se va relaxa \u0219i se va deta\u0219a de miile de informa\u021bii care o agaseaz\u0103 constant.<\/span><\/p>\n<p><span style=\"font-weight: 400;\">Pentru ca distrac\u021bia s\u0103 fie mai palpitant\u0103, implic\u0103-i \u00een jocul puzzle \u0219i pe copii. Oare c\u00e2t a durat Imperiul Britanic? Care a fost ultima cea mai mare regiune colonizat\u0103? \u0218i multe alte informa\u021bii le po\u021bi prezenta \u00een timpul jocului puzzle pentru a-l face mai interactiv.. Astfel, puzzle 1000 piese devine o activitate distractiv\u0103 \u0219i educativ\u0103.<\/span><\/p>\n<p><span style=\"font-weight: 400;\">Puzzle 1000 piese Vintage Map &#8211; British Empire \u00ee\u021bi ofer\u0103 pl\u0103cerea crea\u021biei \u0219i distrac\u021bie relaxant\u0103. Alege acest joc puzzle cu design deosebit \u0219i bucur\u0103-te de toate avantajele sale. De asemenea, puzzle adul\u021bi Vintage Map &#8211; British Empire poate fi un cadou minunat pe care s\u0103-l oferi la ocazii aniversare sau de s\u0103rb\u0103tori.<\/span><\/p><\/p>\n","protected":false},"excerpt":{"rendered":"<p>E\u0219ti un \u00eemp\u0103timit al jocului puzzle \u0219i pasionat de art\u0103 vintage \u00een acela\u0219i timp? Puzzle 1000 piese Vintage Map &#8211;<\/p>\n","protected":false},"featured_media":10160,"template":"","meta":[],"product_brand":[],"product_cat":[1454,1488,1560],"product_tag":[],"class_list":{"0":"post-19969","1":"product","2":"type-product","3":"status-publish","4":"has-post-thumbnail","6":"product_cat-puzzle","7":"product_cat-puzzle-adulti","8":"product_cat-puzzle-adulti-1000","9":"pa_brand-deico","10":"pa_country_of_manufacture-ro","11":"pa_filter_age-1315","12":"pa_painter-cartooncollection","13":"pa_tip_ambalaj-cutie","14":"pa_tip_puzzle-clasic","16":"first","17":"instock","18":"taxable","19":"shipping-taxable","20":"product-type-simple"},"yoast_head":"<!-- This site is optimized with the Yoast SEO plugin v20.1 - https:\/\/yoast.com\/wordpress\/plugins\/seo\/ -->\n<title>Puzzle adul\u021bi 1000 piese Vintage Map - British Empire - Roovi B2B<\/title>\n<meta name=\"robots\" content=\"index, follow, max-snippet:-1, max-image-preview:large, max-video-preview:-1\" \/>\n<link rel=\"canonical\" href=\"https:\/\/www.roovi.ro\/puzzle-adulti-1000-piese-vintage-map-british-empire\/p\/\" \/>\n<meta property=\"og:locale\" content=\"ro_RO\" \/>\n<meta property=\"og:type\" content=\"article\" \/>\n<meta property=\"og:title\" content=\"Puzzle adul\u021bi 1000 piese Vintage Map - British Empire - Roovi B2B\" \/>\n<meta property=\"og:description\" content=\"E\u0219ti un \u00eemp\u0103timit al jocului puzzle \u0219i pasionat de art\u0103 vintage \u00een acela\u0219i timp? Puzzle 1000 piese Vintage Map &#8211;\" \/>\n<meta property=\"og:url\" content=\"https:\/\/www.roovi.ro\/puzzle-adulti-1000-piese-vintage-map-british-empire\/p\/\" \/>\n<meta property=\"og:site_name\" content=\"Roovi B2B\" \/>\n<meta property=\"article:publisher\" content=\"https:\/\/www.facebook.com\/wwwjucariero\" \/>\n<meta property=\"article:modified_time\" content=\"2023-03-20T21:22:29+00:00\" \/>\n<meta property=\"og:image\" content=\"https:\/\/business.roovi.com\/wp-content\/uploads\/2021\/03\/puzzle_1000_deico_games_vintage_map-77561.jpg\" \/>\n\t<meta property=\"og:image:width\" content=\"1000\" \/>\n\t<meta property=\"og:image:height\" content=\"1000\" \/>\n\t<meta property=\"og:image:type\" content=\"image\/jpeg\" \/>\n<meta name=\"twitter:label1\" content=\"Timp estimat pentru citire\" \/>\n\t<meta name=\"twitter:data1\" content=\"3 minute\" \/>\n<script type=\"application\/ld+json\" class=\"yoast-schema-graph\">{\"@context\":\"https:\/\/schema.org\",\"@graph\":[{\"@type\":\"WebPage\",\"@id\":\"https:\/\/business.roovi.com\/ro\/puzzle-adulti-1000-piese-vintage-map-british-empire\/p\/\",\"url\":\"https:\/\/www.roovi.ro\/puzzle-adulti-1000-piese-vintage-map-british-empire\/p\/\",\"name\":\"Puzzle adul\u021bi 1000 piese Vintage Map - British Empire - Roovi B2B\",\"isPartOf\":{\"@id\":\"https:\/\/business.roovi.com\/ro\/#website\"},\"datePublished\":\"2021-03-05T10:15:27+00:00\",\"dateModified\":\"2023-03-20T21:22:29+00:00\",\"breadcrumb\":{\"@id\":\"https:\/\/www.roovi.ro\/puzzle-adulti-1000-piese-vintage-map-british-empire\/p\/#breadcrumb\"},\"inLanguage\":\"ro-RO\",\"potentialAction\":[{\"@type\":\"ReadAction\",\"target\":[\"https:\/\/www.roovi.ro\/puzzle-adulti-1000-piese-vintage-map-british-empire\/p\/\"]}]},{\"@type\":\"BreadcrumbList\",\"@id\":\"https:\/\/www.roovi.ro\/puzzle-adulti-1000-piese-vintage-map-british-empire\/p\/#breadcrumb\",\"itemListElement\":[{\"@type\":\"ListItem\",\"position\":1,\"name\":\"Home\",\"item\":\"https:\/\/business.roovi.com\/ro\/\"},{\"@type\":\"ListItem\",\"position\":2,\"name\":\"Magazin\",\"item\":\"https:\/\/business.roovi.com\/ro\/magazin\/\"},{\"@type\":\"ListItem\",\"position\":3,\"name\":\"Puzzle adul\u021bi 1000 piese Vintage Map &#8211; British Empire\"}]},{\"@type\":\"WebSite\",\"@id\":\"https:\/\/business.roovi.com\/ro\/#website\",\"url\":\"https:\/\/business.roovi.com\/ro\/\",\"name\":\"Roovi B2B\",\"description\":\"Roovi Business Website\",\"potentialAction\":[{\"@type\":\"SearchAction\",\"target\":{\"@type\":\"EntryPoint\",\"urlTemplate\":\"https:\/\/business.roovi.com\/ro\/?s={search_term_string}\"},\"query-input\":\"required name=search_term_string\"}],\"inLanguage\":\"ro-RO\"}]}<\/script>\n<!-- \/ Yoast SEO plugin. -->","yoast_head_json":{"title":"Puzzle adul\u021bi 1000 piese Vintage Map - British Empire - Roovi B2B","robots":{"index":"index","follow":"follow","max-snippet":"max-snippet:-1","max-image-preview":"max-image-preview:large","max-video-preview":"max-video-preview:-1"},"canonical":"https:\/\/www.roovi.ro\/puzzle-adulti-1000-piese-vintage-map-british-empire\/p\/","og_locale":"ro_RO","og_type":"article","og_title":"Puzzle adul\u021bi 1000 piese Vintage Map - British Empire - Roovi B2B","og_description":"E\u0219ti un \u00eemp\u0103timit al jocului puzzle \u0219i pasionat de art\u0103 vintage \u00een acela\u0219i timp? Puzzle 1000 piese Vintage Map &#8211;","og_url":"https:\/\/www.roovi.ro\/puzzle-adulti-1000-piese-vintage-map-british-empire\/p\/","og_site_name":"Roovi B2B","article_publisher":"https:\/\/www.facebook.com\/wwwjucariero","article_modified_time":"2023-03-20T21:22:29+00:00","og_image":[{"width":1000,"height":1000,"url":"https:\/\/business.roovi.com\/wp-content\/uploads\/2021\/03\/puzzle_1000_deico_games_vintage_map-77561.jpg","type":"image\/jpeg"}],"twitter_misc":{"Timp estimat pentru citire":"3 minute"},"schema":{"@context":"https:\/\/schema.org","@graph":[{"@type":"WebPage","@id":"https:\/\/business.roovi.com\/ro\/puzzle-adulti-1000-piese-vintage-map-british-empire\/p\/","url":"https:\/\/www.roovi.ro\/puzzle-adulti-1000-piese-vintage-map-british-empire\/p\/","name":"Puzzle adul\u021bi 1000 piese Vintage Map - British Empire - Roovi B2B","isPartOf":{"@id":"https:\/\/business.roovi.com\/ro\/#website"},"datePublished":"2021-03-05T10:15:27+00:00","dateModified":"2023-03-20T21:22:29+00:00","breadcrumb":{"@id":"https:\/\/www.roovi.ro\/puzzle-adulti-1000-piese-vintage-map-british-empire\/p\/#breadcrumb"},"inLanguage":"ro-RO","potentialAction":[{"@type":"ReadAction","target":["https:\/\/www.roovi.ro\/puzzle-adulti-1000-piese-vintage-map-british-empire\/p\/"]}]},{"@type":"BreadcrumbList","@id":"https:\/\/www.roovi.ro\/puzzle-adulti-1000-piese-vintage-map-british-empire\/p\/#breadcrumb","itemListElement":[{"@type":"ListItem","position":1,"name":"Home","item":"https:\/\/business.roovi.com\/ro\/"},{"@type":"ListItem","position":2,"name":"Magazin","item":"https:\/\/business.roovi.com\/ro\/magazin\/"},{"@type":"ListItem","position":3,"name":"Puzzle adul\u021bi 1000 piese Vintage Map &#8211; British Empire"}]},{"@type":"WebSite","@id":"https:\/\/business.roovi.com\/ro\/#website","url":"https:\/\/business.roovi.com\/ro\/","name":"Roovi B2B","description":"Roovi Business Website","potentialAction":[{"@type":"SearchAction","target":{"@type":"EntryPoint","urlTemplate":"https:\/\/business.roovi.com\/ro\/?s={search_term_string}"},"query-input":"required name=search_term_string"}],"inLanguage":"ro-RO"}]}},"_links":{"self":[{"href":"https:\/\/business.roovi.com\/ro\/wp-json\/wp\/v2\/product\/19969","targetHints":{"allow":["GET"]}}],"collection":[{"href":"https:\/\/business.roovi.com\/ro\/wp-json\/wp\/v2\/product"}],"about":[{"href":"https:\/\/business.roovi.com\/ro\/wp-json\/wp\/v2\/types\/product"}],"version-history":[{"count":0,"href":"https:\/\/business.roovi.com\/ro\/wp-json\/wp\/v2\/product\/19969\/revisions"}],"wp:featuredmedia":[{"embeddable":true,"href":"https:\/\/business.roovi.com\/ro\/wp-json\/wp\/v2\/media\/10160"}],"wp:attachment":[{"href":"https:\/\/business.roovi.com\/ro\/wp-json\/wp\/v2\/media?parent=19969"}],"wp:term":[{"taxonomy":"product_brand","embeddable":true,"href":"https:\/\/business.roovi.com\/ro\/wp-json\/wp\/v2\/product_brand?post=19969"},{"taxonomy":"product_cat","embeddable":true,"href":"https:\/\/business.roovi.com\/ro\/wp-json\/wp\/v2\/product_cat?post=19969"},{"taxonomy":"product_tag","embeddable":true,"href":"https:\/\/business.roovi.com\/ro\/wp-json\/wp\/v2\/product_tag?post=19969"}],"curies":[{"name":"wp","href":"https:\/\/api.w.org\/{rel}","templated":true}]}}