{"id":19970,"date":"2021-03-05T10:18:51","date_gmt":"2021-03-05T10:18:51","guid":{"rendered":"https:\/\/business.roovi.com\/product\/puzzle-1000-robert-delaunay-rythme\/"},"modified":"2023-03-20T21:22:27","modified_gmt":"2023-03-20T21:22:27","slug":"puzzle-adulti-1000-piese-robert-delaunay-rythme","status":"publish","type":"product","link":"https:\/\/business.roovi.com\/ro\/puzzle-adulti-1000-piese-robert-delaunay-rythme\/p\/","title":{"rendered":"Puzzle adul\u021bi 1000 piese Robert Delaunay &#8211; Rythme"},"content":{"rendered":"<p><span style=\"font-weight: 400;\">Vrei s\u0103 fii un adev\u0103rat detectiv \u00een c\u0103utare indiciilor care duc la rezolvarea unui joc puzzle? Cu cea mai mare gam\u0103 de puzzle de art\u0103 produs\u0103 \u00een Rom\u00e2nia ai acum ocazia s\u0103 explorezi misterele puzzle-urilor de 1000 piese.<\/span><\/p>\n<p><span style=\"font-weight: 400;\">Puzzle 1000 piese Robert Delaunay &#8211; Rythme este una dintre imaginile care \u00ee\u021bi vor pune la \u00eencercare abilit\u0103\u021bile de g\u0103sire \u0219i asamblare a indiciilor din jocurile puzzle pentru adul\u021bi. Tabloul este inspirat din formele rotunde care au marcat studiul armoniei \u00een pictur\u0103 al lui Robert Delaunay.<\/span><\/p>\n<p><span style=\"font-weight: 400;\">Pictura reitereaz\u0103 interesul profund al artistului pentru formele geometrice complet abstracte. Acestea au o arhitectur\u0103 proprie \u0219i o structur\u0103 intern\u0103 solid\u0103. Pentru Delay, culoarea este at\u00e2t form\u0103, c\u00e2t \u0219i subiect.\u00a0<\/span><\/p>\n<p><span style=\"font-weight: 400;\">Descoper\u0103 \u0219i tu puterea constructiv\u0103 a culorii prin acest\u00a0 superb puzzle 1000 piese. O imagine vibrant\u0103 care \u00ee\u021bi va provoca aten\u021bia pentru detalii \u0219i perseveren\u021ba. Pentru asamblare \u0219i suportul pieselor, po\u021bi utiliza o m\u0103su\u021b\u0103 standard de cafea. Imaginea reconstituit\u0103 are dimensiunile de 50 x 70 cm.<\/span><\/p>\n<p><span style=\"font-weight: 400;\">Mai multe detalii despre puzzle 1000 piese Robert Delaunay &#8211; Rythme po\u021bi citi aici:<\/span><\/p>\n<p><strong>Material puzzle:\u00a0<\/strong><\/p>\n<p><strong>carton albastru de o calitate superioar\u0103<\/strong><\/p>\n<p><strong>materiale sustenabile, reciclabile<\/strong><\/p>\n<p><strong>finisaj semi-lucios, culori vii<\/strong><\/p>\n<p><strong>Num\u0103rul pieselor de puzzle: 1000<\/strong><\/p>\n<p><strong>V\u00e2rsta recomandat\u0103: 14+<\/strong><\/p>\n<p><strong>De ce s\u0103 alegi puzzle de art\u0103\u00a0 Robert Delaunay &#8211; Rythme?<\/strong><\/p>\n<p><span style=\"font-weight: 400;\">Ai \u0219ansa unic\u0103 s\u0103 creezi cu m\u00e2inile tale un tablou deosebit care s\u0103 \u00ee\u021bi \u00eenfrumuse\u021beze locuin\u021ba.<\/span><\/p>\n<p><span style=\"font-weight: 400;\">\u00ce\u021bi dezvol\u021bi sim\u021bul coloristic.<\/span><\/p>\n<p><span style=\"font-weight: 400;\">Este o modalitate nemaipomenit\u0103 de relaxare \u0219i deta\u0219are de la agita\u021bia cotidian\u0103.<\/span><\/p>\n<p><span style=\"font-weight: 400;\">\u00ce\u021bi dezvol\u021bi perseveren\u021ba \u0219i devii mai r\u0103bd\u0103tor.<\/span><\/p>\n<p><span style=\"font-weight: 400;\">\u00cenve\u021bi s\u0103 nu renun\u021bi chiar \u0219i atunci c\u00e2nd pare c\u0103 nu mai este nicio solu\u021bie de rezolvare a problemei.<\/span><\/p>\n<p><span style=\"font-weight: 400;\">\u00ce\u021bi dezvol\u021bi g\u00e2ndirea logic\u0103 prin asocierea pieselor care se aseam\u0103n\u0103.<\/span><\/p>\n<p><strong>Ce nu \u0219tiai despre Robert Delaunay<\/strong><\/p>\n<p><span style=\"font-weight: 400;\">Provenea dintr-o familie \u00eenst\u0103rit\u0103 de aristocra\u021bi francezi. Mama lui avea titlul de contes\u0103.<\/span><\/p>\n<p><span style=\"font-weight: 400;\">Nu a avut o educa\u021bie formal\u0103 \u00een domeniul artei.<\/span><\/p>\n<p><span style=\"font-weight: 400;\">A fost c\u0103s\u0103torit cu o pictori\u021b\u0103 de origine rus\u0103.<\/span><\/p>\n<p><span style=\"font-weight: 400;\">A fost contemporan cu Picasso \u0219i Matisse.<\/span><\/p>\n<p><span style=\"font-weight: 400;\">Arta lui graviteaz\u0103 \u00een jurul culorii pure.<\/span><\/p>\n<p><span style=\"font-weight: 400;\">Picturile lui exprim\u0103 dinamismul secolului XX \u0219i credin\u021ba conform c\u0103reia culoarea transcende arta mai mult dec\u00e2t obiectul central al picturii.<\/span><\/p>\n<p><strong>Puzzle de art\u0103 Robert Delaunay &#8211; Rythme<\/strong> <strong>te introduce \u00eentr-o lume rafinat\u0103<\/strong><\/p>\n<p><span style=\"font-weight: 400;\">S\u0103 refaci un tablou celebru dintr-un puzzle 1000 piese este o experien\u021b\u0103 unic\u0103 ce te poart\u0103 \u00eentr-o alt\u0103 dimensiune. O lume plin\u0103 de farmec \u0219i culori vibrante care \u00ee\u021bi creeaz\u0103 o stare pozitiv\u0103 \u021bi se deschide \u00een fa\u021b\u0103. Experimenteaz\u0103 aceast\u0103 activitate relaxant\u0103 care poate fi gura ta zilnic\u0103 de oxigen.<\/span><\/p>\n<p><span style=\"font-weight: 400;\">Antreneaz\u0103-\u021bi \u0219i copiii \u00een acest joc minunat \u0219i crea\u021bi \u00eentre voi o leg\u0103tur\u0103 mai str\u00e2ns\u0103, de cunoa\u0219tere \u0219i prietenie. Petrece\u021bi \u00eempreun\u0103 clipe distractive \u0219i relaxante \u0219i f\u0103uri\u021bi amintiri de neuitat.\u00a0<\/span><\/p>\n<p><span style=\"font-weight: 400;\">Cump\u0103r\u0103 puzzle 1000 piese Robert Delaunay &#8211; Rythme, ref\u0103 imaginea colorat\u0103 \u0219i expune tabloul pe unul dintre pere\u021bii casei tale. Vei da un aer rafinat \u0219i elegant locuin\u021bei tale \u0219i te vei bucura zi de zi de un tablou inedit din puzzle 1000 piese.<\/span><\/p>\n","protected":false},"excerpt":{"rendered":"<p>Vrei s\u0103 fii un adev\u0103rat detectiv \u00een c\u0103utare indiciilor care duc la rezolvarea unui joc puzzle? Cu cea mai mare<\/p>\n","protected":false},"featured_media":64289,"template":"","meta":[],"product_brand":[],"product_cat":[1454,1488,1560],"product_tag":[],"class_list":{"0":"post-19970","1":"product","2":"type-product","3":"status-publish","4":"has-post-thumbnail","6":"product_cat-puzzle","7":"product_cat-puzzle-adulti","8":"product_cat-puzzle-adulti-1000","9":"pa_brand-deico","10":"pa_country_of_manufacture-ro","11":"pa_filter_age-1315","12":"pa_tip_ambalaj-cutie","13":"pa_tip_puzzle-clasic","15":"first","16":"instock","17":"taxable","18":"shipping-taxable","19":"product-type-simple"},"yoast_head":"<!-- This site is optimized with the Yoast SEO plugin v20.1 - https:\/\/yoast.com\/wordpress\/plugins\/seo\/ -->\n<title>Puzzle adul\u021bi 1000 piese Robert Delaunay - Rythme - Roovi B2B<\/title>\n<meta name=\"robots\" content=\"index, follow, max-snippet:-1, max-image-preview:large, max-video-preview:-1\" \/>\n<link rel=\"canonical\" href=\"https:\/\/www.roovi.ro\/puzzle-adulti-1000-piese-robert-delaunay-rythme\/p\/\" \/>\n<meta property=\"og:locale\" content=\"ro_RO\" \/>\n<meta property=\"og:type\" content=\"article\" \/>\n<meta property=\"og:title\" content=\"Puzzle adul\u021bi 1000 piese Robert Delaunay - Rythme - Roovi B2B\" \/>\n<meta property=\"og:description\" content=\"Vrei s\u0103 fii un adev\u0103rat detectiv \u00een c\u0103utare indiciilor care duc la rezolvarea unui joc puzzle? Cu cea mai mare\" \/>\n<meta property=\"og:url\" content=\"https:\/\/www.roovi.ro\/puzzle-adulti-1000-piese-robert-delaunay-rythme\/p\/\" \/>\n<meta property=\"og:site_name\" content=\"Roovi B2B\" \/>\n<meta property=\"article:publisher\" content=\"https:\/\/www.facebook.com\/wwwjucariero\" \/>\n<meta property=\"article:modified_time\" content=\"2023-03-20T21:22:27+00:00\" \/>\n<meta property=\"og:image\" content=\"https:\/\/business.roovi.com\/wp-content\/uploads\/2021\/03\/77547-WEB.jpg\" \/>\n\t<meta property=\"og:image:width\" content=\"1200\" \/>\n\t<meta property=\"og:image:height\" content=\"1200\" \/>\n\t<meta property=\"og:image:type\" content=\"image\/jpeg\" \/>\n<meta name=\"twitter:label1\" content=\"Timp estimat pentru citire\" \/>\n\t<meta name=\"twitter:data1\" content=\"3 minute\" \/>\n<script type=\"application\/ld+json\" class=\"yoast-schema-graph\">{\"@context\":\"https:\/\/schema.org\",\"@graph\":[{\"@type\":\"WebPage\",\"@id\":\"https:\/\/business.roovi.com\/ro\/puzzle-adulti-1000-piese-robert-delaunay-rythme\/p\/\",\"url\":\"https:\/\/www.roovi.ro\/puzzle-adulti-1000-piese-robert-delaunay-rythme\/p\/\",\"name\":\"Puzzle adul\u021bi 1000 piese Robert Delaunay - Rythme - Roovi B2B\",\"isPartOf\":{\"@id\":\"https:\/\/business.roovi.com\/ro\/#website\"},\"datePublished\":\"2021-03-05T10:18:51+00:00\",\"dateModified\":\"2023-03-20T21:22:27+00:00\",\"breadcrumb\":{\"@id\":\"https:\/\/www.roovi.ro\/puzzle-adulti-1000-piese-robert-delaunay-rythme\/p\/#breadcrumb\"},\"inLanguage\":\"ro-RO\",\"potentialAction\":[{\"@type\":\"ReadAction\",\"target\":[\"https:\/\/www.roovi.ro\/puzzle-adulti-1000-piese-robert-delaunay-rythme\/p\/\"]}]},{\"@type\":\"BreadcrumbList\",\"@id\":\"https:\/\/www.roovi.ro\/puzzle-adulti-1000-piese-robert-delaunay-rythme\/p\/#breadcrumb\",\"itemListElement\":[{\"@type\":\"ListItem\",\"position\":1,\"name\":\"Home\",\"item\":\"https:\/\/business.roovi.com\/ro\/\"},{\"@type\":\"ListItem\",\"position\":2,\"name\":\"Magazin\",\"item\":\"https:\/\/business.roovi.com\/ro\/magazin\/\"},{\"@type\":\"ListItem\",\"position\":3,\"name\":\"Puzzle adul\u021bi 1000 piese Robert Delaunay &#8211; Rythme\"}]},{\"@type\":\"WebSite\",\"@id\":\"https:\/\/business.roovi.com\/ro\/#website\",\"url\":\"https:\/\/business.roovi.com\/ro\/\",\"name\":\"Roovi B2B\",\"description\":\"Roovi Business Website\",\"potentialAction\":[{\"@type\":\"SearchAction\",\"target\":{\"@type\":\"EntryPoint\",\"urlTemplate\":\"https:\/\/business.roovi.com\/ro\/?s={search_term_string}\"},\"query-input\":\"required name=search_term_string\"}],\"inLanguage\":\"ro-RO\"}]}<\/script>\n<!-- \/ Yoast SEO plugin. -->","yoast_head_json":{"title":"Puzzle adul\u021bi 1000 piese Robert Delaunay - Rythme - Roovi B2B","robots":{"index":"index","follow":"follow","max-snippet":"max-snippet:-1","max-image-preview":"max-image-preview:large","max-video-preview":"max-video-preview:-1"},"canonical":"https:\/\/www.roovi.ro\/puzzle-adulti-1000-piese-robert-delaunay-rythme\/p\/","og_locale":"ro_RO","og_type":"article","og_title":"Puzzle adul\u021bi 1000 piese Robert Delaunay - Rythme - Roovi B2B","og_description":"Vrei s\u0103 fii un adev\u0103rat detectiv \u00een c\u0103utare indiciilor care duc la rezolvarea unui joc puzzle? Cu cea mai mare","og_url":"https:\/\/www.roovi.ro\/puzzle-adulti-1000-piese-robert-delaunay-rythme\/p\/","og_site_name":"Roovi B2B","article_publisher":"https:\/\/www.facebook.com\/wwwjucariero","article_modified_time":"2023-03-20T21:22:27+00:00","og_image":[{"width":1200,"height":1200,"url":"https:\/\/business.roovi.com\/wp-content\/uploads\/2021\/03\/77547-WEB.jpg","type":"image\/jpeg"}],"twitter_misc":{"Timp estimat pentru citire":"3 minute"},"schema":{"@context":"https:\/\/schema.org","@graph":[{"@type":"WebPage","@id":"https:\/\/business.roovi.com\/ro\/puzzle-adulti-1000-piese-robert-delaunay-rythme\/p\/","url":"https:\/\/www.roovi.ro\/puzzle-adulti-1000-piese-robert-delaunay-rythme\/p\/","name":"Puzzle adul\u021bi 1000 piese Robert Delaunay - Rythme - Roovi B2B","isPartOf":{"@id":"https:\/\/business.roovi.com\/ro\/#website"},"datePublished":"2021-03-05T10:18:51+00:00","dateModified":"2023-03-20T21:22:27+00:00","breadcrumb":{"@id":"https:\/\/www.roovi.ro\/puzzle-adulti-1000-piese-robert-delaunay-rythme\/p\/#breadcrumb"},"inLanguage":"ro-RO","potentialAction":[{"@type":"ReadAction","target":["https:\/\/www.roovi.ro\/puzzle-adulti-1000-piese-robert-delaunay-rythme\/p\/"]}]},{"@type":"BreadcrumbList","@id":"https:\/\/www.roovi.ro\/puzzle-adulti-1000-piese-robert-delaunay-rythme\/p\/#breadcrumb","itemListElement":[{"@type":"ListItem","position":1,"name":"Home","item":"https:\/\/business.roovi.com\/ro\/"},{"@type":"ListItem","position":2,"name":"Magazin","item":"https:\/\/business.roovi.com\/ro\/magazin\/"},{"@type":"ListItem","position":3,"name":"Puzzle adul\u021bi 1000 piese Robert Delaunay &#8211; Rythme"}]},{"@type":"WebSite","@id":"https:\/\/business.roovi.com\/ro\/#website","url":"https:\/\/business.roovi.com\/ro\/","name":"Roovi B2B","description":"Roovi Business Website","potentialAction":[{"@type":"SearchAction","target":{"@type":"EntryPoint","urlTemplate":"https:\/\/business.roovi.com\/ro\/?s={search_term_string}"},"query-input":"required name=search_term_string"}],"inLanguage":"ro-RO"}]}},"_links":{"self":[{"href":"https:\/\/business.roovi.com\/ro\/wp-json\/wp\/v2\/product\/19970","targetHints":{"allow":["GET"]}}],"collection":[{"href":"https:\/\/business.roovi.com\/ro\/wp-json\/wp\/v2\/product"}],"about":[{"href":"https:\/\/business.roovi.com\/ro\/wp-json\/wp\/v2\/types\/product"}],"version-history":[{"count":0,"href":"https:\/\/business.roovi.com\/ro\/wp-json\/wp\/v2\/product\/19970\/revisions"}],"wp:featuredmedia":[{"embeddable":true,"href":"https:\/\/business.roovi.com\/ro\/wp-json\/wp\/v2\/media\/64289"}],"wp:attachment":[{"href":"https:\/\/business.roovi.com\/ro\/wp-json\/wp\/v2\/media?parent=19970"}],"wp:term":[{"taxonomy":"product_brand","embeddable":true,"href":"https:\/\/business.roovi.com\/ro\/wp-json\/wp\/v2\/product_brand?post=19970"},{"taxonomy":"product_cat","embeddable":true,"href":"https:\/\/business.roovi.com\/ro\/wp-json\/wp\/v2\/product_cat?post=19970"},{"taxonomy":"product_tag","embeddable":true,"href":"https:\/\/business.roovi.com\/ro\/wp-json\/wp\/v2\/product_tag?post=19970"}],"curies":[{"name":"wp","href":"https:\/\/api.w.org\/{rel}","templated":true}]}}