{"id":19971,"date":"2021-03-05T10:21:24","date_gmt":"2021-03-05T10:21:24","guid":{"rendered":"https:\/\/business.roovi.com\/product\/puzzle-1000-robert-delaunay-tour-eiffel\/"},"modified":"2023-03-20T21:22:24","modified_gmt":"2023-03-20T21:22:24","slug":"puzzle-adulti-1000-piese-robert-delaunay-tour-eiffel","status":"publish","type":"product","link":"https:\/\/business.roovi.com\/ro\/puzzle-adulti-1000-piese-robert-delaunay-tour-eiffel\/p\/","title":{"rendered":"Puzzle adul\u021bi 1000 piese Robert Delaunay Tour Eiffel"},"content":{"rendered":"<p><span style=\"font-weight: 400;\">\u00ce\u021bi dore\u0219ti o experien\u021b\u0103 de neuitat al\u0103turi de cei dragi? Sau cau\u021bi un cadou inedit pentru un prieten drag? Alege din sutele de puzzle de art\u0103 puzzle-uri de 1000 piese cu imagini ale picturilor celebre \u0219i d\u0103 valoare clipelor monotone.<\/span><\/p>\n<p><span style=\"font-weight: 400;\">Te fascineaz\u0103 culorile vii \u0219i dinamismul operelor de art\u0103 abstracte? Puzzle 1000 piese <\/span><span style=\"font-weight: 400;\">Robert Delaunay &#8211; Tour Eiffel<\/span><span style=\"font-weight: 400;\"> \u00ee\u021bi va des\u0103v\u00e2r\u0219i pasiunea pentru operele de art\u0103 vibrante \u0219i str\u0103lucitoare.<\/span><\/p>\n<p><span style=\"font-weight: 400;\">O fascina\u021bie de culoare \u0219i dinamism vei descoperi prin acest uimitor puzzle de art\u0103. Realizat\u0103 \u00een stil orfist emergent, lucrarea adaug\u0103 cubismului culori str\u0103lucitoare \u0219i o abstractizare sporit\u0103.\u00a0<\/span><\/p>\n<p><span style=\"font-weight: 400;\">Lucrarea din imaginea puzzle-ului de art\u0103 <\/span><span style=\"font-weight: 400;\">Robert Delaunay &#8211; Tour Eiffel face parte dintr-o serie ampl\u0103 de picturi \u0219i desene care \u00eenf\u0103\u021bi\u0219eaz\u0103 <\/span><span style=\"font-weight: 400;\">Turnul Eiffel. Aceast\u0103 gam\u0103 de lucr\u0103ri de art\u0103\u00a0 este considerat\u0103 cea mai reprezentativ\u0103 din cariera artistului Robert Delaunay.<\/span><\/p>\n<p><span style=\"font-weight: 400;\">Dac\u0103 vrei s\u0103 ai \u0219i tu un tablou cu o tem\u0103 consacrat\u0103 interpretat\u0103 \u00een stil inovator, alege puzzle 1000 piese <\/span><span style=\"font-weight: 400;\">Robert Delaunay &#8211; Tour Eiffel<\/span><span style=\"font-weight: 400;\">. Vei petrece p\u00e2n\u0103 la 30 ore relaxante \u00een compania unei opere de art\u0103 des\u0103v\u00e2r\u0219ite. Pentru suportul pieselor po\u021bi utiliza o m\u0103su\u021b\u0103 obi\u0219nuit\u0103 de cafea. Imaginea reconstituit\u0103 are dimensiunile de 50 x 70 cm \u0219i va ar\u0103ta superb \u00een ram\u0103.<\/span><\/p>\n<p><span style=\"font-weight: 400;\">Cite\u0219te mai jos mai multe detalii despre puzzle 1000 piese <\/span><span style=\"font-weight: 400;\">Robert Delaunay &#8211; Tour Eiffel<\/span><span style=\"font-weight: 400;\">:<\/span><\/p>\n<p><strong>Material puzzle:\u00a0<\/strong><\/p>\n<p><strong>carton albastru de o calitate superioar\u0103<\/strong><\/p>\n<p><strong>materiale sustenabile, reciclabile<\/strong><\/p>\n<p><strong>finisaj semi-lucios, culori vii<\/strong><\/p>\n<p><strong>Num\u0103rul pieselor de puzzle: 1000<\/strong><\/p>\n<p><strong>V\u00e2rsta recomandat\u0103: 14+<\/strong><\/p>\n<p><strong>Puzzle-urile de art\u0103 \u00ee\u021bi aduc beneficii neb\u0103nuite<\/strong><\/p>\n<p><span style=\"font-weight: 400;\">Asamblarea jocurilor puzzle este mai mult dec\u00e2t o pasiune care adaug\u0103 valoare timpului t\u0103u liber. Este o pasiune care \u00ee\u021bi aduce avantaje ce se reflect\u0103 \u00een diverse aspecte ale vie\u021bii tale:<\/span><\/p>\n<ul>\n<li><span style=\"font-weight: 400;\">Te ajut\u0103 s\u0103-\u021bi men\u021bii focusul pe obiectivele stabilite.<\/span><\/li>\n<li><span style=\"font-weight: 400;\">\u00ce\u021bi dezvolt\u0103 memoria.<\/span><\/li>\n<li><span style=\"font-weight: 400;\">Te fac mai atent la detalii.<\/span><\/li>\n<li><span style=\"font-weight: 400;\">Te ajut\u0103 s\u0103 devii mai creativ.<\/span><\/li>\n<li><span style=\"font-weight: 400;\">Te conecteaz\u0103 cu cei dragi pentru c\u0103 jocurile puzzle pot fi asamblate \u00een grup.<\/span><\/li>\n<li><span style=\"font-weight: 400;\">\u00ce\u021bi dezvolt\u0103 sim\u021bul estetic.<\/span><\/li>\n<\/ul>\n<p><strong>\u0218tiai c\u0103?&#8230;<\/strong><\/p>\n<p><span style=\"font-weight: 400;\">Robert Delaunay este ini\u021biatorul orfismului, un curent artistic derivat din cubism.<\/span><\/p>\n<p><span style=\"font-weight: 400;\">Seria lui <\/span><em><span style=\"font-weight: 400;\">Turnul Eiffel <\/span><\/em><span style=\"font-weight: 400;\">este cea mai proeminent\u0103 lucrare artistic\u0103 a celebrului turn din Paris.<\/span><\/p>\n<p><span style=\"font-weight: 400;\">\u00a0A fost c\u0103s\u0103torit cu o pictori\u021b\u0103 de origine rus\u0103, Sonia Uhde-Terk.<\/span><\/p>\n<p><span style=\"font-weight: 400;\">A realizat portrete ale prietenilor s\u0103i, poe\u021bi sau muzicieni, \u00een stil avangardist.<\/span><\/p>\n<p><span style=\"font-weight: 400;\">Opera sa a avut o influen\u021b\u0103 important\u0103 \u00een dezvoltarea artei abstracte din secolul XX, de\u0219i el, ca pictor, nu este unul dintre arti\u0219tii reprezentativi ai acestui gen.<\/span><\/p>\n<p><span style=\"font-weight: 400;\">Stilul s\u0103u a influen\u021bat major gruparea <\/span><em><span style=\"font-weight: 400;\">Der Blaue Reiter<\/span><\/em><span style=\"font-weight: 400;\"> (C\u0103l\u0103re\u021bul albastru), un grup de expresioni\u0219ti din M\u00fcnchen.<\/span><\/p>\n<p><strong>Asambleaz\u0103 puzzle de art\u0103 \u0219i experimenteaz\u0103 o sesiune meditativ\u0103 veritabil\u0103!<\/strong><\/p>\n<p><span style=\"font-weight: 400;\">Atunci c\u00e2nd e\u0219ti \u00een fa\u021ba unei imagini de art\u0103 dintr-un puzzle 1000 piese, te lini\u0219te\u0219ti treptat, iar mintea ta intr\u0103 \u00eentr-o stare profund\u0103 de concentrare. Senza\u021bia pe care o experimentezi \u00een acele momente este asem\u0103n\u0103toare unei sesiuni de medita\u021bie. Mintea \u021bi se gole\u0219te de toate g\u00e2ndurile obositoare \u0219i te conectezi la momentul prezent, \u00een care te bucuri pentru c\u0103 asamblezi o oper\u0103 de art\u0103 uimitoare.<\/span><\/p>\n<p><span style=\"font-weight: 400;\">Pe l\u00e2ng\u0103 aceast\u0103 stare uimitoare, vei reu\u0219i \u0219i s\u0103:<\/span><\/p>\n<ul>\n<li><span style=\"font-weight: 400;\">Te eliberezi de stres.<\/span><\/li>\n<li><span style=\"font-weight: 400;\">Gestionezi anxietatea.<\/span><\/li>\n<li><span style=\"font-weight: 400;\">Te conectezi cu tine \u00eensu\u021bi.<\/span><\/li>\n<li><span style=\"font-weight: 400;\">\u00ce\u021bi \u00eembun\u0103t\u0103\u021be\u0219ti somnul \u0219i s\u0103 scapi de insomnii.<\/span><\/li>\n<\/ul>\n<p><span style=\"font-weight: 400;\">Alege puzzle 1000 piese Robert Delaunay &#8211; Tour Eiffel \u0219i ob\u021bine \u0219i tu o copie a tabloului ce combin\u0103 elementele fine ale cubismului cu tonul vibrant al culorilor. Celebreaz\u0103-\u021bi munca depus\u0103 \u0219i pune \u00een ram\u0103 opera din puzzle 1000 piese. Expune tabloul din puzzle de art\u0103 \u0219i decoreaz\u0103-\u021bi locuin\u021ba cu un tablou fascinant.<\/span><\/p>\n<p><span style=\"font-weight: 400;\">Ofer\u0103 \u00een dar puzzle de art\u0103 Robert Delaunay &#8211; Tour Eiffel \u0219i adu z\u00e2mbete prietenilor t\u0103i pasiona\u021bi de jocuri puzzle.<\/span><\/p>\n","protected":false},"excerpt":{"rendered":"<p>\u00ce\u021bi dore\u0219ti o experien\u021b\u0103 de neuitat al\u0103turi de cei dragi? Sau cau\u021bi un cadou inedit pentru un prieten drag? Alege<\/p>\n","protected":false},"featured_media":64294,"template":"","meta":[],"product_brand":[],"product_cat":[1454,1488,1560],"product_tag":[],"class_list":{"0":"post-19971","1":"product","2":"type-product","3":"status-publish","4":"has-post-thumbnail","6":"product_cat-puzzle","7":"product_cat-puzzle-adulti","8":"product_cat-puzzle-adulti-1000","9":"pa_brand-deico","10":"pa_country_of_manufacture-ro","11":"pa_filter_age-1315","12":"pa_tip_ambalaj-cutie","13":"pa_tip_puzzle-clasic","15":"first","16":"instock","17":"taxable","18":"shipping-taxable","19":"product-type-simple"},"yoast_head":"<!-- This site is optimized with the Yoast SEO plugin v20.1 - https:\/\/yoast.com\/wordpress\/plugins\/seo\/ -->\n<title>Puzzle adul\u021bi 1000 piese Robert Delaunay Tour Eiffel - Roovi B2B<\/title>\n<meta name=\"robots\" content=\"index, follow, max-snippet:-1, max-image-preview:large, max-video-preview:-1\" \/>\n<link rel=\"canonical\" href=\"https:\/\/www.roovi.ro\/puzzle-adulti-1000-piese-robert-delaunay-tour-eiffel\/p\/\" \/>\n<meta property=\"og:locale\" content=\"ro_RO\" \/>\n<meta property=\"og:type\" content=\"article\" \/>\n<meta property=\"og:title\" content=\"Puzzle adul\u021bi 1000 piese Robert Delaunay Tour Eiffel - Roovi B2B\" \/>\n<meta property=\"og:description\" content=\"\u00ce\u021bi dore\u0219ti o experien\u021b\u0103 de neuitat al\u0103turi de cei dragi? Sau cau\u021bi un cadou inedit pentru un prieten drag? Alege\" \/>\n<meta property=\"og:url\" content=\"https:\/\/www.roovi.ro\/puzzle-adulti-1000-piese-robert-delaunay-tour-eiffel\/p\/\" \/>\n<meta property=\"og:site_name\" content=\"Roovi B2B\" \/>\n<meta property=\"article:publisher\" content=\"https:\/\/www.facebook.com\/wwwjucariero\" \/>\n<meta property=\"article:modified_time\" content=\"2023-03-20T21:22:24+00:00\" \/>\n<meta property=\"og:image\" content=\"https:\/\/business.roovi.com\/wp-content\/uploads\/2021\/03\/77554-WEB.jpg\" \/>\n\t<meta property=\"og:image:width\" content=\"1200\" \/>\n\t<meta property=\"og:image:height\" content=\"1200\" \/>\n\t<meta property=\"og:image:type\" content=\"image\/jpeg\" \/>\n<meta name=\"twitter:label1\" content=\"Timp estimat pentru citire\" \/>\n\t<meta name=\"twitter:data1\" content=\"4 minute\" \/>\n<script type=\"application\/ld+json\" class=\"yoast-schema-graph\">{\"@context\":\"https:\/\/schema.org\",\"@graph\":[{\"@type\":\"WebPage\",\"@id\":\"https:\/\/business.roovi.com\/ro\/puzzle-adulti-1000-piese-robert-delaunay-tour-eiffel\/p\/\",\"url\":\"https:\/\/www.roovi.ro\/puzzle-adulti-1000-piese-robert-delaunay-tour-eiffel\/p\/\",\"name\":\"Puzzle adul\u021bi 1000 piese Robert Delaunay Tour Eiffel - Roovi B2B\",\"isPartOf\":{\"@id\":\"https:\/\/business.roovi.com\/ro\/#website\"},\"datePublished\":\"2021-03-05T10:21:24+00:00\",\"dateModified\":\"2023-03-20T21:22:24+00:00\",\"breadcrumb\":{\"@id\":\"https:\/\/www.roovi.ro\/puzzle-adulti-1000-piese-robert-delaunay-tour-eiffel\/p\/#breadcrumb\"},\"inLanguage\":\"ro-RO\",\"potentialAction\":[{\"@type\":\"ReadAction\",\"target\":[\"https:\/\/www.roovi.ro\/puzzle-adulti-1000-piese-robert-delaunay-tour-eiffel\/p\/\"]}]},{\"@type\":\"BreadcrumbList\",\"@id\":\"https:\/\/www.roovi.ro\/puzzle-adulti-1000-piese-robert-delaunay-tour-eiffel\/p\/#breadcrumb\",\"itemListElement\":[{\"@type\":\"ListItem\",\"position\":1,\"name\":\"Home\",\"item\":\"https:\/\/business.roovi.com\/ro\/\"},{\"@type\":\"ListItem\",\"position\":2,\"name\":\"Magazin\",\"item\":\"https:\/\/business.roovi.com\/ro\/magazin\/\"},{\"@type\":\"ListItem\",\"position\":3,\"name\":\"Puzzle adul\u021bi 1000 piese Robert Delaunay Tour Eiffel\"}]},{\"@type\":\"WebSite\",\"@id\":\"https:\/\/business.roovi.com\/ro\/#website\",\"url\":\"https:\/\/business.roovi.com\/ro\/\",\"name\":\"Roovi B2B\",\"description\":\"Roovi Business Website\",\"potentialAction\":[{\"@type\":\"SearchAction\",\"target\":{\"@type\":\"EntryPoint\",\"urlTemplate\":\"https:\/\/business.roovi.com\/ro\/?s={search_term_string}\"},\"query-input\":\"required name=search_term_string\"}],\"inLanguage\":\"ro-RO\"}]}<\/script>\n<!-- \/ Yoast SEO plugin. -->","yoast_head_json":{"title":"Puzzle adul\u021bi 1000 piese Robert Delaunay Tour Eiffel - Roovi B2B","robots":{"index":"index","follow":"follow","max-snippet":"max-snippet:-1","max-image-preview":"max-image-preview:large","max-video-preview":"max-video-preview:-1"},"canonical":"https:\/\/www.roovi.ro\/puzzle-adulti-1000-piese-robert-delaunay-tour-eiffel\/p\/","og_locale":"ro_RO","og_type":"article","og_title":"Puzzle adul\u021bi 1000 piese Robert Delaunay Tour Eiffel - Roovi B2B","og_description":"\u00ce\u021bi dore\u0219ti o experien\u021b\u0103 de neuitat al\u0103turi de cei dragi? Sau cau\u021bi un cadou inedit pentru un prieten drag? Alege","og_url":"https:\/\/www.roovi.ro\/puzzle-adulti-1000-piese-robert-delaunay-tour-eiffel\/p\/","og_site_name":"Roovi B2B","article_publisher":"https:\/\/www.facebook.com\/wwwjucariero","article_modified_time":"2023-03-20T21:22:24+00:00","og_image":[{"width":1200,"height":1200,"url":"https:\/\/business.roovi.com\/wp-content\/uploads\/2021\/03\/77554-WEB.jpg","type":"image\/jpeg"}],"twitter_misc":{"Timp estimat pentru citire":"4 minute"},"schema":{"@context":"https:\/\/schema.org","@graph":[{"@type":"WebPage","@id":"https:\/\/business.roovi.com\/ro\/puzzle-adulti-1000-piese-robert-delaunay-tour-eiffel\/p\/","url":"https:\/\/www.roovi.ro\/puzzle-adulti-1000-piese-robert-delaunay-tour-eiffel\/p\/","name":"Puzzle adul\u021bi 1000 piese Robert Delaunay Tour Eiffel - Roovi B2B","isPartOf":{"@id":"https:\/\/business.roovi.com\/ro\/#website"},"datePublished":"2021-03-05T10:21:24+00:00","dateModified":"2023-03-20T21:22:24+00:00","breadcrumb":{"@id":"https:\/\/www.roovi.ro\/puzzle-adulti-1000-piese-robert-delaunay-tour-eiffel\/p\/#breadcrumb"},"inLanguage":"ro-RO","potentialAction":[{"@type":"ReadAction","target":["https:\/\/www.roovi.ro\/puzzle-adulti-1000-piese-robert-delaunay-tour-eiffel\/p\/"]}]},{"@type":"BreadcrumbList","@id":"https:\/\/www.roovi.ro\/puzzle-adulti-1000-piese-robert-delaunay-tour-eiffel\/p\/#breadcrumb","itemListElement":[{"@type":"ListItem","position":1,"name":"Home","item":"https:\/\/business.roovi.com\/ro\/"},{"@type":"ListItem","position":2,"name":"Magazin","item":"https:\/\/business.roovi.com\/ro\/magazin\/"},{"@type":"ListItem","position":3,"name":"Puzzle adul\u021bi 1000 piese Robert Delaunay Tour Eiffel"}]},{"@type":"WebSite","@id":"https:\/\/business.roovi.com\/ro\/#website","url":"https:\/\/business.roovi.com\/ro\/","name":"Roovi B2B","description":"Roovi Business Website","potentialAction":[{"@type":"SearchAction","target":{"@type":"EntryPoint","urlTemplate":"https:\/\/business.roovi.com\/ro\/?s={search_term_string}"},"query-input":"required name=search_term_string"}],"inLanguage":"ro-RO"}]}},"_links":{"self":[{"href":"https:\/\/business.roovi.com\/ro\/wp-json\/wp\/v2\/product\/19971","targetHints":{"allow":["GET"]}}],"collection":[{"href":"https:\/\/business.roovi.com\/ro\/wp-json\/wp\/v2\/product"}],"about":[{"href":"https:\/\/business.roovi.com\/ro\/wp-json\/wp\/v2\/types\/product"}],"version-history":[{"count":0,"href":"https:\/\/business.roovi.com\/ro\/wp-json\/wp\/v2\/product\/19971\/revisions"}],"wp:featuredmedia":[{"embeddable":true,"href":"https:\/\/business.roovi.com\/ro\/wp-json\/wp\/v2\/media\/64294"}],"wp:attachment":[{"href":"https:\/\/business.roovi.com\/ro\/wp-json\/wp\/v2\/media?parent=19971"}],"wp:term":[{"taxonomy":"product_brand","embeddable":true,"href":"https:\/\/business.roovi.com\/ro\/wp-json\/wp\/v2\/product_brand?post=19971"},{"taxonomy":"product_cat","embeddable":true,"href":"https:\/\/business.roovi.com\/ro\/wp-json\/wp\/v2\/product_cat?post=19971"},{"taxonomy":"product_tag","embeddable":true,"href":"https:\/\/business.roovi.com\/ro\/wp-json\/wp\/v2\/product_tag?post=19971"}],"curies":[{"name":"wp","href":"https:\/\/api.w.org\/{rel}","templated":true}]}}