{"id":19973,"date":"2021-03-05T10:32:17","date_gmt":"2021-03-05T10:32:17","guid":{"rendered":"https:\/\/business.roovi.com\/product\/puzzle-1000-d-toys-amedeo-modigliani\/"},"modified":"2025-03-18T08:37:10","modified_gmt":"2025-03-18T08:37:10","slug":"puzzle-adulti-1000-piese-amedeo-modigliani-portrait-of-jeanne-hebuterne","status":"publish","type":"product","link":"https:\/\/business.roovi.com\/ro\/puzzle-adulti-1000-piese-amedeo-modigliani-portrait-of-jeanne-hebuterne\/p\/","title":{"rendered":"Puzzle adulti 1000 piese Amedeo Modigliani &#8211; Portrait of Jeanne H\u00e9buterne"},"content":{"rendered":"<p><span style=\"font-weight: 400; font-size: 14px;\">\u00ce\u021bi plac jocurile puzzle tare de tot? Ce zici despre puzzle-urile de art\u0103? Te provoc\u0103m s\u0103 refaci din puzzle 1000 piese imagini ale celor mai renumite picturi din lume. \u00ce\u021bi garant\u0103m p\u00e2n\u0103 la 30 de ore de distrac\u021bie relaxant\u0103, iar la final, tablouri de art\u0103 uimitoare!<\/span><\/p>\n<p><span style=\"font-weight: 400; font-size: 14px;\">Amedeo Modigliani a fost un pictor genial, renumit pentru rafinamentul picturilor sale. A nutrit o iubire nebuneasc\u0103 pentru Jeanne H\u00e9buterne care i-a fost muz\u0103 \u0219i so\u021bie. Puzzle 1000 piese Amedeo Modigliani &#8211; Portrait of Jeanne H\u00e9buterne reprezint\u0103 imaginea unuia dintre portretele pe care artistul i le-a f\u0103cut femeii iubite. Alc\u0103tuie\u0219te portretul femeii melancolice \u0219i iubitoare care i-a fost al\u0103turi marelui artist \u0219i bucur\u0103-te de multe ore de relaxare \u0219i deta\u0219are \u00een fa\u021ba unei opere de art\u0103 veritabile.<\/span><\/p>\n<p><span style=\"font-weight: 400; font-size: 14px;\">Pentru reconstituirea imaginii po\u021bi utiliza o m\u0103su\u021b\u0103 obi\u0219nuit\u0103 de cafea. Tabloul final are dimensiunile de 50 x 70 cm. Cite\u0219te mai jos mai multe informa\u021bii despre puzzle de art\u0103 Amedeo Modigliani &#8211; Portrait of Jeanne H\u00e9buterne:<\/span><\/p>\n<p><span style=\"font-size: 14px;\"><strong>Material puzzle:\u00a0<\/strong><\/span><\/p>\n<p><span style=\"font-size: 14px;\"><strong>carton albastru de o calitate superioar\u0103<\/strong><\/span><\/p>\n<p><span style=\"font-size: 14px;\"><strong>materiale sustenabile, reciclabile<\/strong><\/span><\/p>\n<p><span style=\"font-size: 14px;\"><strong>finisaj semi-lucios, culori vii<\/strong><\/span><\/p>\n<p><span style=\"font-size: 14px;\"><strong>Num\u0103rul pieselor de puzzle: 1000<\/strong><\/span><\/p>\n<p><span style=\"font-size: 14px;\"><strong>V\u00e2rsta recomandat\u0103: 14+<\/strong><\/span><\/p>\n<p><span style=\"font-size: 14px;\"><strong>Leg\u0103tura dintre jocurile puzzle \u0219i cre\u0219terea productivit\u0103\u021bii<\/strong><\/span><\/p>\n<p><span style=\"font-weight: 400; font-size: 14px;\">\u0218tiai c\u0103 exist\u0103 o str\u00e2ns\u0103 leg\u0103tur\u0103 \u00eentre jocurile puzzle \u0219i productivitatea \u00een munc\u0103? Atunci c\u00e2nd e\u0219ti relaxat, te concentrezi mai bine \u0219i g\u0103se\u0219ti solu\u021bii rapide \u0219i inovatoare de rezolvare a problemelor. \u00cen felul acesta, \u00ee\u021bi cre\u0219te \u0219i productivitatea. A\u0219adar, dac\u0103\u00a0 \u00eent\u00e2mpini probleme de concentrare sau nu reu\u0219e\u0219ti s\u0103 fii perseverent, ia \u00een calcul jocurile puzzle pentru \u00eembun\u0103t\u0103\u021birea acestor abilit\u0103\u021bi. Pe l\u00e2ng\u0103 acestea, jocurile puzzle te ajut\u0103:<\/span><\/p>\n<ul>\n<li><span style=\"font-weight: 400; font-size: 14px;\">S\u0103 \u00ee\u021bi antrenezi memoria.<\/span><\/li>\n<li><span style=\"font-weight: 400; font-size: 14px;\">S\u0103 gestionezi mai bine anxietatea.<\/span><\/li>\n<li><span style=\"font-weight: 400; font-size: 14px;\">S\u0103 te deconectezi de la problemele zilnice.<\/span><\/li>\n<li><span style=\"font-weight: 400; font-size: 14px;\">S\u0103 lucrezi mai bine \u00een echip\u0103.<\/span><\/li>\n<li><span style=\"font-weight: 400; font-size: 14px;\">S\u0103 fii mai atent la detalii.<\/span><\/li>\n<\/ul>\n<p><span style=\"font-size: 14px;\"><strong>5 curiozit\u0103\u021bi despre Amedeo Modigliani\u00a0<\/strong><\/span><\/p>\n<p><span style=\"font-weight: 400; font-size: 14px;\">1. Na\u0219terea sa i-a salvat familia de la faliment. P\u0103rin\u021bii lui erau s\u0103raci \u0219i datornici. La na\u0219terea lui, \u0219i-au pus toat\u0103 averea \u00een patul mamei sale care \u00eel aducea pe lume. Creditorii nu se puteau atinge de bunurile unei l\u0103uze.<\/span><\/p>\n<p><span style=\"font-weight: 400; font-size: 14px;\">2. Era evreu \u0219i nu \u0219i-a ascuns niciodat\u0103 originile, de\u0219i a tr\u0103it \u00eentr-o perioad\u0103 \u00een care antisemitismul l\u0103sa urme ad\u00e2nci \u00een destinele oamenilor. A preferat s\u0103 vorbeasc\u0103 deschis despre sine.<\/span><\/p>\n<p><span style=\"font-weight: 400; font-size: 14px;\">3. Se spune c\u0103 nudurile sale expuse \u00een prima \u0219i singura expozi\u021bie personal\u0103 au atras aten\u021bia unui poli\u021bist din cauza\u2026 p\u0103rului pubian al femeilor. Omul legii a ordonat \u00eenchiderea expozi\u021biei.<\/span><\/p>\n<p><span style=\"font-weight: 400; font-size: 14px;\">4. A fost pasionat \u0219i de sculptur\u0103, iar la Paris s-a \u00eemprietenit cu Constantin Br\u00e2ncu\u0219i.<\/span><\/p>\n<p><span style=\"font-weight: 400; font-size: 14px;\">5. A fost alcoolic \u0219i dependent de droguri. Se pare c\u0103 prin aceste dependen\u021be \u00eencerca s\u0103-\u0219i ascund\u0103 boala de care suferea &#8211; tuberculoza &#8211; boal\u0103 care i-a adus \u0219i sf\u00e2r\u0219itul la numai 35 de ani.<\/span><\/p>\n<p><span style=\"font-size: 14px;\"><strong>Cu puzzle 1000 piese te joci \u0219i meditezi \u00een acela\u0219i timp<\/strong><\/span><\/p>\n<p><span style=\"font-weight: 400; font-size: 14px;\">Jocurile puzzle sunt o modalitate excelent\u0103 de a te distra, mai ales atunci c\u00e2nd \u00een jocul de reconstituire a imaginii \u00eei implici \u0219i pe cei dragi \u021bie. De asemenea, dac\u0103 alegi s\u0103 refaci imaginile \u00een intimitate, vei experimenta o stare uimitoare de deta\u0219are, cu efect asem\u0103n\u0103tor medita\u021biei. Nu-i de mirare c\u0103 atunci c\u00e2nd ai terminat de alc\u0103tuit imaginea din puzzle 1000 piese te sim\u021bi \u00een optimist \u0219i \u00een armonie cu tine \u00eensu\u021bi.<\/span><\/p>\n<p><span style=\"font-weight: 400; font-size: 14px;\">Cump\u0103r\u0103 puzzle 1000 piese Amedeo Modigliani &#8211; Portrait of Jeanne H\u00e9buterne \u0219i bucur\u0103-te de toate avantajele pe care \u021bi le ofer\u0103 jocurile puzzle. Descoper\u0103 acum \u00eentreaga colec\u021bie de puzzle-uri de art\u0103 \u0219i alc\u0103tuie\u0219te-\u021bi o galerie uimitoare din tablouri din puzzle-uri de 1000 piese. Dac\u0103 e\u0219ti \u00een c\u0103utarea unui cadou pentru un prieten drag, puzzle de art\u0103 Amedeo Modigliani &#8211; Portrait of Jeanne H\u00e9buterne este alegerea cea mai bun\u0103.<\/span><\/p>\n","protected":false},"excerpt":{"rendered":"<p>\u00ce\u021bi plac jocurile puzzle tare de tot? Ce zici despre puzzle-urile de art\u0103? Te provoc\u0103m s\u0103 refaci din puzzle 1000<\/p>\n","protected":false},"featured_media":64270,"template":"","meta":[],"product_brand":[],"product_cat":[1454,1488,1560],"product_tag":[],"class_list":{"0":"post-19973","1":"product","2":"type-product","3":"status-publish","4":"has-post-thumbnail","6":"product_cat-puzzle","7":"product_cat-puzzle-adulti","8":"product_cat-puzzle-adulti-1000","9":"pa_bax-1273","10":"pa_brand-d_toys","11":"pa_country_of_manufacture-ro","12":"pa_filter_age-1315","13":"pa_painter-sandrobotticelli","14":"pa_tip_ambalaj-cutie","15":"pa_tip_puzzle-clasic","17":"first","18":"instock","19":"taxable","20":"shipping-taxable","21":"product-type-simple"},"yoast_head":"<!-- This site is optimized with the Yoast SEO plugin v20.1 - https:\/\/yoast.com\/wordpress\/plugins\/seo\/ -->\n<title>Puzzle adulti 1000 piese Amedeo Modigliani - Portrait of Jeanne H\u00e9buterne - Roovi B2B<\/title>\n<meta name=\"robots\" content=\"index, follow, max-snippet:-1, max-image-preview:large, max-video-preview:-1\" \/>\n<link rel=\"canonical\" href=\"https:\/\/www.roovi.ro\/puzzle-adulti-1000-piese-amedeo-modigliani-portrait-of-jeanne-hebuterne\/p\/\" \/>\n<meta property=\"og:locale\" content=\"ro_RO\" \/>\n<meta property=\"og:type\" content=\"article\" \/>\n<meta property=\"og:title\" content=\"Puzzle adulti 1000 piese Amedeo Modigliani - Portrait of Jeanne H\u00e9buterne - Roovi B2B\" \/>\n<meta property=\"og:description\" content=\"\u00ce\u021bi plac jocurile puzzle tare de tot? Ce zici despre puzzle-urile de art\u0103? Te provoc\u0103m s\u0103 refaci din puzzle 1000\" \/>\n<meta property=\"og:url\" content=\"https:\/\/www.roovi.ro\/puzzle-adulti-1000-piese-amedeo-modigliani-portrait-of-jeanne-hebuterne\/p\/\" \/>\n<meta property=\"og:site_name\" content=\"Roovi B2B\" \/>\n<meta property=\"article:publisher\" content=\"https:\/\/www.facebook.com\/wwwjucariero\" \/>\n<meta property=\"article:modified_time\" content=\"2025-03-18T08:37:10+00:00\" \/>\n<meta property=\"og:image\" content=\"https:\/\/business.roovi.com\/wp-content\/uploads\/2021\/03\/77400-MO-01-WEB.jpg\" \/>\n\t<meta property=\"og:image:width\" content=\"1200\" \/>\n\t<meta property=\"og:image:height\" content=\"1200\" \/>\n\t<meta property=\"og:image:type\" content=\"image\/jpeg\" \/>\n<meta name=\"twitter:label1\" content=\"Timp estimat pentru citire\" \/>\n\t<meta name=\"twitter:data1\" content=\"3 minute\" \/>\n<script type=\"application\/ld+json\" class=\"yoast-schema-graph\">{\"@context\":\"https:\/\/schema.org\",\"@graph\":[{\"@type\":\"WebPage\",\"@id\":\"https:\/\/business.roovi.com\/ro\/puzzle-adulti-1000-piese-amedeo-modigliani-portrait-of-jeanne-hebuterne\/p\/\",\"url\":\"https:\/\/www.roovi.ro\/puzzle-adulti-1000-piese-amedeo-modigliani-portrait-of-jeanne-hebuterne\/p\/\",\"name\":\"Puzzle adulti 1000 piese Amedeo Modigliani - Portrait of Jeanne H\u00e9buterne - Roovi B2B\",\"isPartOf\":{\"@id\":\"https:\/\/business.roovi.com\/ro\/#website\"},\"datePublished\":\"2021-03-05T10:32:17+00:00\",\"dateModified\":\"2025-03-18T08:37:10+00:00\",\"breadcrumb\":{\"@id\":\"https:\/\/www.roovi.ro\/puzzle-adulti-1000-piese-amedeo-modigliani-portrait-of-jeanne-hebuterne\/p\/#breadcrumb\"},\"inLanguage\":\"ro-RO\",\"potentialAction\":[{\"@type\":\"ReadAction\",\"target\":[\"https:\/\/www.roovi.ro\/puzzle-adulti-1000-piese-amedeo-modigliani-portrait-of-jeanne-hebuterne\/p\/\"]}]},{\"@type\":\"BreadcrumbList\",\"@id\":\"https:\/\/www.roovi.ro\/puzzle-adulti-1000-piese-amedeo-modigliani-portrait-of-jeanne-hebuterne\/p\/#breadcrumb\",\"itemListElement\":[{\"@type\":\"ListItem\",\"position\":1,\"name\":\"Home\",\"item\":\"https:\/\/business.roovi.com\/ro\/\"},{\"@type\":\"ListItem\",\"position\":2,\"name\":\"Magazin\",\"item\":\"https:\/\/business.roovi.com\/ro\/magazin\/\"},{\"@type\":\"ListItem\",\"position\":3,\"name\":\"Puzzle adulti 1000 piese Amedeo Modigliani &#8211; Portrait of Jeanne H\u00e9buterne\"}]},{\"@type\":\"WebSite\",\"@id\":\"https:\/\/business.roovi.com\/ro\/#website\",\"url\":\"https:\/\/business.roovi.com\/ro\/\",\"name\":\"Roovi B2B\",\"description\":\"Roovi Business Website\",\"potentialAction\":[{\"@type\":\"SearchAction\",\"target\":{\"@type\":\"EntryPoint\",\"urlTemplate\":\"https:\/\/business.roovi.com\/ro\/?s={search_term_string}\"},\"query-input\":\"required name=search_term_string\"}],\"inLanguage\":\"ro-RO\"}]}<\/script>\n<!-- \/ Yoast SEO plugin. -->","yoast_head_json":{"title":"Puzzle adulti 1000 piese Amedeo Modigliani - Portrait of Jeanne H\u00e9buterne - Roovi B2B","robots":{"index":"index","follow":"follow","max-snippet":"max-snippet:-1","max-image-preview":"max-image-preview:large","max-video-preview":"max-video-preview:-1"},"canonical":"https:\/\/www.roovi.ro\/puzzle-adulti-1000-piese-amedeo-modigliani-portrait-of-jeanne-hebuterne\/p\/","og_locale":"ro_RO","og_type":"article","og_title":"Puzzle adulti 1000 piese Amedeo Modigliani - Portrait of Jeanne H\u00e9buterne - Roovi B2B","og_description":"\u00ce\u021bi plac jocurile puzzle tare de tot? Ce zici despre puzzle-urile de art\u0103? Te provoc\u0103m s\u0103 refaci din puzzle 1000","og_url":"https:\/\/www.roovi.ro\/puzzle-adulti-1000-piese-amedeo-modigliani-portrait-of-jeanne-hebuterne\/p\/","og_site_name":"Roovi B2B","article_publisher":"https:\/\/www.facebook.com\/wwwjucariero","article_modified_time":"2025-03-18T08:37:10+00:00","og_image":[{"width":1200,"height":1200,"url":"https:\/\/business.roovi.com\/wp-content\/uploads\/2021\/03\/77400-MO-01-WEB.jpg","type":"image\/jpeg"}],"twitter_misc":{"Timp estimat pentru citire":"3 minute"},"schema":{"@context":"https:\/\/schema.org","@graph":[{"@type":"WebPage","@id":"https:\/\/business.roovi.com\/ro\/puzzle-adulti-1000-piese-amedeo-modigliani-portrait-of-jeanne-hebuterne\/p\/","url":"https:\/\/www.roovi.ro\/puzzle-adulti-1000-piese-amedeo-modigliani-portrait-of-jeanne-hebuterne\/p\/","name":"Puzzle adulti 1000 piese Amedeo Modigliani - Portrait of Jeanne H\u00e9buterne - Roovi B2B","isPartOf":{"@id":"https:\/\/business.roovi.com\/ro\/#website"},"datePublished":"2021-03-05T10:32:17+00:00","dateModified":"2025-03-18T08:37:10+00:00","breadcrumb":{"@id":"https:\/\/www.roovi.ro\/puzzle-adulti-1000-piese-amedeo-modigliani-portrait-of-jeanne-hebuterne\/p\/#breadcrumb"},"inLanguage":"ro-RO","potentialAction":[{"@type":"ReadAction","target":["https:\/\/www.roovi.ro\/puzzle-adulti-1000-piese-amedeo-modigliani-portrait-of-jeanne-hebuterne\/p\/"]}]},{"@type":"BreadcrumbList","@id":"https:\/\/www.roovi.ro\/puzzle-adulti-1000-piese-amedeo-modigliani-portrait-of-jeanne-hebuterne\/p\/#breadcrumb","itemListElement":[{"@type":"ListItem","position":1,"name":"Home","item":"https:\/\/business.roovi.com\/ro\/"},{"@type":"ListItem","position":2,"name":"Magazin","item":"https:\/\/business.roovi.com\/ro\/magazin\/"},{"@type":"ListItem","position":3,"name":"Puzzle adulti 1000 piese Amedeo Modigliani &#8211; Portrait of Jeanne H\u00e9buterne"}]},{"@type":"WebSite","@id":"https:\/\/business.roovi.com\/ro\/#website","url":"https:\/\/business.roovi.com\/ro\/","name":"Roovi B2B","description":"Roovi Business Website","potentialAction":[{"@type":"SearchAction","target":{"@type":"EntryPoint","urlTemplate":"https:\/\/business.roovi.com\/ro\/?s={search_term_string}"},"query-input":"required name=search_term_string"}],"inLanguage":"ro-RO"}]}},"_links":{"self":[{"href":"https:\/\/business.roovi.com\/ro\/wp-json\/wp\/v2\/product\/19973","targetHints":{"allow":["GET"]}}],"collection":[{"href":"https:\/\/business.roovi.com\/ro\/wp-json\/wp\/v2\/product"}],"about":[{"href":"https:\/\/business.roovi.com\/ro\/wp-json\/wp\/v2\/types\/product"}],"version-history":[{"count":0,"href":"https:\/\/business.roovi.com\/ro\/wp-json\/wp\/v2\/product\/19973\/revisions"}],"wp:featuredmedia":[{"embeddable":true,"href":"https:\/\/business.roovi.com\/ro\/wp-json\/wp\/v2\/media\/64270"}],"wp:attachment":[{"href":"https:\/\/business.roovi.com\/ro\/wp-json\/wp\/v2\/media?parent=19973"}],"wp:term":[{"taxonomy":"product_brand","embeddable":true,"href":"https:\/\/business.roovi.com\/ro\/wp-json\/wp\/v2\/product_brand?post=19973"},{"taxonomy":"product_cat","embeddable":true,"href":"https:\/\/business.roovi.com\/ro\/wp-json\/wp\/v2\/product_cat?post=19973"},{"taxonomy":"product_tag","embeddable":true,"href":"https:\/\/business.roovi.com\/ro\/wp-json\/wp\/v2\/product_tag?post=19973"}],"curies":[{"name":"wp","href":"https:\/\/api.w.org\/{rel}","templated":true}]}}