{"id":19974,"date":"2021-03-05T10:45:16","date_gmt":"2021-03-05T10:45:16","guid":{"rendered":"https:\/\/business.roovi.com\/product\/puzzle-1000-umberto-boccioni-horse-rider-houses\/"},"modified":"2023-03-20T21:22:16","modified_gmt":"2023-03-20T21:22:16","slug":"puzzle-adulti-1000-piese-umberto-boccioni-horse-rider-houses","status":"publish","type":"product","link":"https:\/\/business.roovi.com\/ro\/puzzle-adulti-1000-piese-umberto-boccioni-horse-rider-houses\/p\/","title":{"rendered":"Puzzle adulti 1000 piese Umberto Boccioni &#8211; Horse Rider Houses"},"content":{"rendered":"<p><span style=\"font-weight: 400; font-size: 14px; line-height: 14px;\">Descoper\u0103 fascinanta lume a culorii prin cea mai mare gam\u0103 de puzzle-uri de art\u0103 din Rom\u00e2nia! Da Vinci, Van Gogh, Klimt \u0219i mul\u021bi al\u021bii sunt acum la un click distan\u021b\u0103 de tine. Cump\u0103r\u0103 puzzle-uri de 1000 piese cu picturi celebre \u0219i creeaz\u0103-\u021bi o colec\u021bie de art\u0103 original\u0103.<\/span><\/p>\n<p><span style=\"font-weight: 400; font-size: 14px; line-height: 14px;\">Puzzle 1000 piese Umberto Boccioni &#8211; Horse Rider Houses \u00ee\u021bi prezint\u0103 o lucrare futurist\u0103, ie\u0219it\u0103 din tiparele conformismului. Dep\u0103\u0219e\u0219te-\u021bi limitele \u0219i recreeaz\u0103 aceast\u0103 oper\u0103 de art\u0103 inedit\u0103.\u00a0<\/span><\/p>\n<p><span style=\"font-weight: 400; font-size: 14px; line-height: 14px;\">Pentru asamblarea acestui puzzle de art\u0103, ai nevoie doar de o m\u0103su\u021b\u0103 de cafea pe care s\u0103 \u00eentinzi toate cele 1000 de piese \u0219i de mult\u0103 r\u0103bdare. La final, vei ob\u021bine un tablou cu dimensiunile de 50 x 70 cm pe care \u00eel po\u021bi \u00eenr\u0103ma \u0219i-l po\u021bi expune pe pere\u021bii casei tale.<\/span><\/p>\n<p><span style=\"font-size: 14px; line-height: 14px;\"><strong>Material puzzle:\u00a0<\/strong><\/span><\/p>\n<p><span style=\"font-size: 14px; line-height: 14px;\"><strong>carton albastru de o calitate superioar\u0103<\/strong><\/span><\/p>\n<p><span style=\"font-size: 14px; line-height: 14px;\"><strong>materiale sustenabile, reciclabile<\/strong><\/span><\/p>\n<p><span style=\"font-size: 14px; line-height: 14px;\"><strong>finisaj semi-lucios, culori vii<\/strong><\/span><\/p>\n<p><span style=\"font-size: 14px; line-height: 14px;\"><strong>Num\u0103rul pieselor de puzzle: 1000<\/strong><\/span><\/p>\n<p><span style=\"font-size: 14px; line-height: 14px;\"><strong>V\u00e2rsta recomandat\u0103: 14+<\/strong><\/span><\/p>\n<p><span style=\"font-size: 14px; line-height: 14px;\"><strong>Jocurile puzzle te ajut\u0103 s\u0103 devii un bun strateg<\/strong><\/span><\/p>\n<p><span style=\"font-weight: 400; font-size: 14px; line-height: 14px;\">Puzzle 1000 piese este o problem\u0103 cu rezolvare logic\u0103. Pentru a o putea rezolva, mintea ta trebuie s\u0103 g\u0103seasc\u0103 cea mai bun\u0103 strategie. Exers\u00e2nd zilnic, vei descoperi c\u0103 devii din ce \u00een ce mai bun, iar timpul de asamblare va sc\u0103dea cu fiecare nou puzzle adul\u021bi ref\u0103cut. Acest exerci\u021biu constant te va ajuta s\u0103 fii creativ \u0219i s\u0103 rezolvi mai repede \u0219i alte probleme care apar zi de zi.<\/span><\/p>\n<p><span style=\"font-size: 14px; line-height: 14px;\"><strong>Jocurile puzzle \u00ee\u021bi men\u021bin memoria limpede<\/strong><\/span><\/p>\n<p><span style=\"font-weight: 400; font-size: 14px; line-height: 14px;\">Ui\u021bi chiar \u0219i unde ai parcat ma\u0219ina c\u00e2nd mergi la supermarket? Se \u00eent\u00e2mpl\u0103 multora, sta lini\u0219tit. Stresul, oboseala sau epuizarea sunt doar c\u00e2teva motive care \u00ee\u021bi afecteaz\u0103 memoria pe termen scurt. Dac\u0103 vrei ca mintea ta s\u0103 func\u021bioneze mult mai bine, exerseaz\u0103 jocurile puzzle zi de zi. Te vei bucura de o memorie mai bun\u0103 \u0219i de o stare de spirit plin\u0103 de optimism.<\/span><\/p>\n<p><span style=\"font-size: 14px; line-height: 14px;\"><strong>Jocurile puzzle \u00ee\u021bi ofer\u0103 clipe magice al\u0103turi de cei dragi<\/strong><\/span><\/p>\n<p><span style=\"font-weight: 400; font-size: 14px; line-height: 14px;\">Vrei s\u0103 \u00ee\u021bi petreci timp de calitate cu copiii adolescen\u021bi? Provoac\u0103-i la o sesiune de asamblat puzzle \u00een weekend. Vei descoperi c\u00e2t sunt de creativi \u0219i dornici s\u0103 \u00ee\u021bi arate c\u00e2t de buni sunt la refacerea imaginilor. \u00cempreun\u0103 ve\u021bi face echip\u0103 bun\u0103 \u0219i v\u0103 ve\u021bi petrece timpul liber departe de ecrane.<\/span><\/p>\n<p><span style=\"font-size: 14px; line-height: 14px;\"><strong>5 informa\u021bii despre Umberto Boccioni pe care trebuie s\u0103 le \u0219tii<\/strong><\/span><\/p>\n<p><span style=\"font-weight: 400; font-size: 14px; line-height: 14px;\">1. A realizat unele dintre picturile \u0219i sculpturile emblematice ale mi\u0219c\u0103rii futuriste italiene, captur\u00e2nd culoarea \u0219i dinamismul vie\u021bii moderne \u00eentr-un stil pe care l-a teoretizat \u0219i ap\u0103rat \u00een multe manifeste \u0219i articole.<\/span><\/p>\n<p><span style=\"font-weight: 400; font-size: 14px; line-height: 14px;\">2. A realizat numeroase caricaturi \u0219i afi\u0219e care i-au asigurat un mic venit pentru a-\u0219i sus\u021bine formarea ca artist plastic.<\/span><\/p>\n<p><span style=\"font-size: 14px; line-height: 14px;\"><span style=\"font-weight: 400;\">3. Artistul a fost nu doar pictor, ci \u0219i scriitor. Este autorul romanului <\/span><span style=\"font-weight: 400;\">&#8222;Suferin\u021bele sufletului&#8221;.\u00a0<\/span><\/span><\/p>\n<p><span style=\"font-weight: 400; font-size: 14px; line-height: 14px;\">4. S-a \u00eenrolat voluntar \u00een r\u0103zboi, convins fiind c\u0103 acesta este singura modalitate de &#8222;igien\u0103 a lumii&#8221;.<\/span><\/p>\n<p><span style=\"font-weight: 400; font-size: 14px; line-height: 14px;\">5. A murit la doar 34 de ani, \u00eentr-un accident stupid, c\u0103z\u00e2nd de pe cal.<\/span><\/p>\n<p><span style=\"font-weight: 400; font-size: 14px; line-height: 14px;\">Vrei s\u0103 alungi monotonia zilelor ploioase sau a serilor lungi \u0219i plictisitoare? Descoper\u0103 puzzle 1000 piese Umberto Boccioni &#8211; Horse Rider Houses \u0219i bucur\u0103-te de toate avantajele puzzle-urilor de art\u0103. \u00cembun\u0103t\u0103\u021be\u0219te-\u021bi sim\u021bul estetic \u0219i decoreaz\u0103-\u021bi casa cu un obiect din puzzle 1000 piese.\u00a0<\/span><\/p>\n<p><span style=\"font-weight: 400; font-size: 14px; line-height: 14px;\">Asambleaz\u0103 \u00eempreun\u0103 cu prietenii acest minunat puzzle de art\u0103 Umberto Boccioni &#8211; Horse Rider Houses \u0219i tr\u0103ie\u0219te o experien\u021b\u0103 inedit\u0103 \u00een timpul t\u0103u liber.\u00a0<\/span><span style=\"font-weight: 400; font-size: 14px; line-height: 14px;\">Cump\u0103r\u0103 acum puzzle 1000 piese Umberto Boccioni &#8211; Horse Rider Houses pentru tine sau ofer\u0103-l cadou unui prieten pasionat de jocuri puzzle.<\/span><\/p>\n","protected":false},"excerpt":{"rendered":"<p>Descoper\u0103 fascinanta lume a culorii prin cea mai mare gam\u0103 de puzzle-uri de art\u0103 din Rom\u00e2nia! Da Vinci, Van Gogh,<\/p>\n","protected":false},"featured_media":64185,"template":"","meta":[],"product_brand":[],"product_cat":[1454,1488,1560],"product_tag":[],"class_list":{"0":"post-19974","1":"product","2":"type-product","3":"status-publish","4":"has-post-thumbnail","6":"product_cat-puzzle","7":"product_cat-puzzle-adulti","8":"product_cat-puzzle-adulti-1000","9":"pa_bax-1273","10":"pa_brand-d_toys","11":"pa_country_of_manufacture-ro","12":"pa_filter_age-1315","13":"pa_painter-sandrobotticelli","14":"pa_tip_ambalaj-cutie","15":"pa_tip_puzzle-clasic","17":"first","18":"instock","19":"taxable","20":"shipping-taxable","21":"product-type-simple"},"yoast_head":"<!-- This site is optimized with the Yoast SEO plugin v20.1 - https:\/\/yoast.com\/wordpress\/plugins\/seo\/ -->\n<title>Puzzle adulti 1000 piese Umberto Boccioni - Horse Rider Houses - Roovi B2B<\/title>\n<meta name=\"robots\" content=\"index, follow, max-snippet:-1, max-image-preview:large, max-video-preview:-1\" \/>\n<link rel=\"canonical\" href=\"https:\/\/www.roovi.ro\/puzzle-adulti-1000-piese-umberto-boccioni-horse-rider-houses\/p\/\" \/>\n<meta property=\"og:locale\" content=\"ro_RO\" \/>\n<meta property=\"og:type\" content=\"article\" \/>\n<meta property=\"og:title\" content=\"Puzzle adulti 1000 piese Umberto Boccioni - Horse Rider Houses - Roovi B2B\" \/>\n<meta property=\"og:description\" content=\"Descoper\u0103 fascinanta lume a culorii prin cea mai mare gam\u0103 de puzzle-uri de art\u0103 din Rom\u00e2nia! Da Vinci, Van Gogh,\" \/>\n<meta property=\"og:url\" content=\"https:\/\/www.roovi.ro\/puzzle-adulti-1000-piese-umberto-boccioni-horse-rider-houses\/p\/\" \/>\n<meta property=\"og:site_name\" content=\"Roovi B2B\" \/>\n<meta property=\"article:publisher\" content=\"https:\/\/www.facebook.com\/wwwjucariero\" \/>\n<meta property=\"article:modified_time\" content=\"2023-03-20T21:22:16+00:00\" \/>\n<meta property=\"og:image\" content=\"https:\/\/business.roovi.com\/wp-content\/uploads\/2021\/03\/77370-BO-01-WEB.jpg\" \/>\n\t<meta property=\"og:image:width\" content=\"1200\" \/>\n\t<meta property=\"og:image:height\" content=\"1200\" \/>\n\t<meta property=\"og:image:type\" content=\"image\/jpeg\" \/>\n<meta name=\"twitter:label1\" content=\"Timp estimat pentru citire\" \/>\n\t<meta name=\"twitter:data1\" content=\"4 minute\" \/>\n<script type=\"application\/ld+json\" class=\"yoast-schema-graph\">{\"@context\":\"https:\/\/schema.org\",\"@graph\":[{\"@type\":\"WebPage\",\"@id\":\"https:\/\/business.roovi.com\/ro\/puzzle-adulti-1000-piese-umberto-boccioni-horse-rider-houses\/p\/\",\"url\":\"https:\/\/www.roovi.ro\/puzzle-adulti-1000-piese-umberto-boccioni-horse-rider-houses\/p\/\",\"name\":\"Puzzle adulti 1000 piese Umberto Boccioni - Horse Rider Houses - Roovi B2B\",\"isPartOf\":{\"@id\":\"https:\/\/business.roovi.com\/ro\/#website\"},\"datePublished\":\"2021-03-05T10:45:16+00:00\",\"dateModified\":\"2023-03-20T21:22:16+00:00\",\"breadcrumb\":{\"@id\":\"https:\/\/www.roovi.ro\/puzzle-adulti-1000-piese-umberto-boccioni-horse-rider-houses\/p\/#breadcrumb\"},\"inLanguage\":\"ro-RO\",\"potentialAction\":[{\"@type\":\"ReadAction\",\"target\":[\"https:\/\/www.roovi.ro\/puzzle-adulti-1000-piese-umberto-boccioni-horse-rider-houses\/p\/\"]}]},{\"@type\":\"BreadcrumbList\",\"@id\":\"https:\/\/www.roovi.ro\/puzzle-adulti-1000-piese-umberto-boccioni-horse-rider-houses\/p\/#breadcrumb\",\"itemListElement\":[{\"@type\":\"ListItem\",\"position\":1,\"name\":\"Home\",\"item\":\"https:\/\/business.roovi.com\/ro\/\"},{\"@type\":\"ListItem\",\"position\":2,\"name\":\"Magazin\",\"item\":\"https:\/\/business.roovi.com\/ro\/magazin\/\"},{\"@type\":\"ListItem\",\"position\":3,\"name\":\"Puzzle adulti 1000 piese Umberto Boccioni &#8211; Horse Rider Houses\"}]},{\"@type\":\"WebSite\",\"@id\":\"https:\/\/business.roovi.com\/ro\/#website\",\"url\":\"https:\/\/business.roovi.com\/ro\/\",\"name\":\"Roovi B2B\",\"description\":\"Roovi Business Website\",\"potentialAction\":[{\"@type\":\"SearchAction\",\"target\":{\"@type\":\"EntryPoint\",\"urlTemplate\":\"https:\/\/business.roovi.com\/ro\/?s={search_term_string}\"},\"query-input\":\"required name=search_term_string\"}],\"inLanguage\":\"ro-RO\"}]}<\/script>\n<!-- \/ Yoast SEO plugin. -->","yoast_head_json":{"title":"Puzzle adulti 1000 piese Umberto Boccioni - Horse Rider Houses - Roovi B2B","robots":{"index":"index","follow":"follow","max-snippet":"max-snippet:-1","max-image-preview":"max-image-preview:large","max-video-preview":"max-video-preview:-1"},"canonical":"https:\/\/www.roovi.ro\/puzzle-adulti-1000-piese-umberto-boccioni-horse-rider-houses\/p\/","og_locale":"ro_RO","og_type":"article","og_title":"Puzzle adulti 1000 piese Umberto Boccioni - Horse Rider Houses - Roovi B2B","og_description":"Descoper\u0103 fascinanta lume a culorii prin cea mai mare gam\u0103 de puzzle-uri de art\u0103 din Rom\u00e2nia! Da Vinci, Van Gogh,","og_url":"https:\/\/www.roovi.ro\/puzzle-adulti-1000-piese-umberto-boccioni-horse-rider-houses\/p\/","og_site_name":"Roovi B2B","article_publisher":"https:\/\/www.facebook.com\/wwwjucariero","article_modified_time":"2023-03-20T21:22:16+00:00","og_image":[{"width":1200,"height":1200,"url":"https:\/\/business.roovi.com\/wp-content\/uploads\/2021\/03\/77370-BO-01-WEB.jpg","type":"image\/jpeg"}],"twitter_misc":{"Timp estimat pentru citire":"4 minute"},"schema":{"@context":"https:\/\/schema.org","@graph":[{"@type":"WebPage","@id":"https:\/\/business.roovi.com\/ro\/puzzle-adulti-1000-piese-umberto-boccioni-horse-rider-houses\/p\/","url":"https:\/\/www.roovi.ro\/puzzle-adulti-1000-piese-umberto-boccioni-horse-rider-houses\/p\/","name":"Puzzle adulti 1000 piese Umberto Boccioni - Horse Rider Houses - Roovi B2B","isPartOf":{"@id":"https:\/\/business.roovi.com\/ro\/#website"},"datePublished":"2021-03-05T10:45:16+00:00","dateModified":"2023-03-20T21:22:16+00:00","breadcrumb":{"@id":"https:\/\/www.roovi.ro\/puzzle-adulti-1000-piese-umberto-boccioni-horse-rider-houses\/p\/#breadcrumb"},"inLanguage":"ro-RO","potentialAction":[{"@type":"ReadAction","target":["https:\/\/www.roovi.ro\/puzzle-adulti-1000-piese-umberto-boccioni-horse-rider-houses\/p\/"]}]},{"@type":"BreadcrumbList","@id":"https:\/\/www.roovi.ro\/puzzle-adulti-1000-piese-umberto-boccioni-horse-rider-houses\/p\/#breadcrumb","itemListElement":[{"@type":"ListItem","position":1,"name":"Home","item":"https:\/\/business.roovi.com\/ro\/"},{"@type":"ListItem","position":2,"name":"Magazin","item":"https:\/\/business.roovi.com\/ro\/magazin\/"},{"@type":"ListItem","position":3,"name":"Puzzle adulti 1000 piese Umberto Boccioni &#8211; Horse Rider Houses"}]},{"@type":"WebSite","@id":"https:\/\/business.roovi.com\/ro\/#website","url":"https:\/\/business.roovi.com\/ro\/","name":"Roovi B2B","description":"Roovi Business Website","potentialAction":[{"@type":"SearchAction","target":{"@type":"EntryPoint","urlTemplate":"https:\/\/business.roovi.com\/ro\/?s={search_term_string}"},"query-input":"required name=search_term_string"}],"inLanguage":"ro-RO"}]}},"_links":{"self":[{"href":"https:\/\/business.roovi.com\/ro\/wp-json\/wp\/v2\/product\/19974","targetHints":{"allow":["GET"]}}],"collection":[{"href":"https:\/\/business.roovi.com\/ro\/wp-json\/wp\/v2\/product"}],"about":[{"href":"https:\/\/business.roovi.com\/ro\/wp-json\/wp\/v2\/types\/product"}],"version-history":[{"count":0,"href":"https:\/\/business.roovi.com\/ro\/wp-json\/wp\/v2\/product\/19974\/revisions"}],"wp:featuredmedia":[{"embeddable":true,"href":"https:\/\/business.roovi.com\/ro\/wp-json\/wp\/v2\/media\/64185"}],"wp:attachment":[{"href":"https:\/\/business.roovi.com\/ro\/wp-json\/wp\/v2\/media?parent=19974"}],"wp:term":[{"taxonomy":"product_brand","embeddable":true,"href":"https:\/\/business.roovi.com\/ro\/wp-json\/wp\/v2\/product_brand?post=19974"},{"taxonomy":"product_cat","embeddable":true,"href":"https:\/\/business.roovi.com\/ro\/wp-json\/wp\/v2\/product_cat?post=19974"},{"taxonomy":"product_tag","embeddable":true,"href":"https:\/\/business.roovi.com\/ro\/wp-json\/wp\/v2\/product_tag?post=19974"}],"curies":[{"name":"wp","href":"https:\/\/api.w.org\/{rel}","templated":true}]}}