{"id":19976,"date":"2021-03-05T11:06:12","date_gmt":"2021-03-05T11:06:12","guid":{"rendered":"https:\/\/business.roovi.com\/product\/puzzle-alphonse-mucha-seasons-3-1000-piese\/"},"modified":"2025-03-18T08:58:52","modified_gmt":"2025-03-18T08:58:52","slug":"puzzle-adulti-alphonse-mucha-seasons-3anotimpuri-3-1000-piese","status":"publish","type":"product","link":"https:\/\/business.roovi.com\/ro\/puzzle-adulti-alphonse-mucha-seasons-3anotimpuri-3-1000-piese\/p\/","title":{"rendered":"Puzzle adul\u021bi Alphonse Mucha &#8211; Seasons 3\/Anotimpuri 3 &#8211; 1000 piese"},"content":{"rendered":"<p><span style=\"font-weight: 400;\">Alege din cea mai mare gam\u0103 de puzzle 1000 piese, asambleaz\u0103 imaginile de art\u0103 \u0219i bucur\u0103-te de cele mai reu\u0219ite copii artistice.<\/span><\/p>\n<p><span style=\"font-weight: 400;\">Puzzle 1000 piese Alphonse Mucha &#8211; Seasons 3\/Anotimpuri 3 red\u0103 frumuse\u021bea \u0219i farmecul celor 4 anotimpuri din colec\u021bia Seasons a celebrului artist. Compozi\u021biile sale originale prezint\u0103 divinit\u0103\u021bi feminine juxtapuse cu peisajele sezoniere ale peisajului rural \u0219i dau o nou\u0103 perspectiv\u0103 temei clasice a anotimpurilor. Cele patru panouri reprezint\u0103 starea de spirit a fiec\u0103rui anotimp. Descoper\u0103 \u0219i tu aceast\u0103 stare minunat\u0103 surprins\u0103 de artist \u00eentr-un puzzle 1000 piese confec\u021bionat din carton de calitate superioar\u0103.\u00a0<\/span><\/p>\n<p><span style=\"font-weight: 400;\">Tabloul pe care \u00eel vei ob\u021bine este o copie perfect\u0103 a originalelor create de Mucha. Preg\u0103te\u0219te-\u021bi m\u0103su\u021ba de cafea din sufragerie &#8211; doar at\u00e2t \u00ee\u021bi trebuie pentru a alc\u0103tui tabloul de 50 x 70 cm &#8211; \u0219i \u00eencepi s\u0103 refaci imaginea feeric\u0103 a\u00a0 <\/span><em><span style=\"font-weight: 400;\">Anotimpurilor<\/span><\/em><span style=\"font-weight: 400;\">.\u00a0<\/span><\/p>\n<p><span style=\"font-weight: 400;\">\u021ai-am preg\u0103tit mai jos \u0219i alte detalii \u0219i caracteristici ale puzzle-ului adulti Alphonse Mucha &#8211; Seasons 3:<\/span><\/p>\n<p><strong>Material puzzle:\u00a0<\/strong><\/p>\n<p><strong>carton albastru de o calitate superioar\u0103<\/strong><\/p>\n<p><strong>materiale sustenabile, reciclabile<\/strong><\/p>\n<p><strong>finisaj semi-lucios, culori vii<\/strong><\/p>\n<p><strong>Num\u0103rul pieselor de puzzle: 1000<\/strong><\/p>\n<p><strong>V\u00e2rsta recomandat\u0103: 14+<\/strong><\/p>\n<p><strong>Puzzle-urile 1000 piese te fac m\u00e2ndru de tine\u2026 \u00eentr-un mod s\u0103n\u0103tos<\/strong><\/p>\n<p><span style=\"font-weight: 400;\">S\u0103 asamblezi puzzle 1000 piese nu este deloc o munc\u0103 u\u0219oar\u0103. S\u0103 g\u0103se\u0219ti piesele potrivite printre at\u00e2tea sute de piese puzzle asem\u0103n\u0103toare este o mare provocare. Dar atunci c\u00e2nd pui ultima pies\u0103 \u0219i jocul puzzle e gata sim\u021bi o mare bucurie \u0219i e\u0219ti foarte m\u00e2ndru de realizarea ta. Este un sentiment unic ce \u00ee\u021bi d\u0103 \u00eencredere \u00een for\u021bele proprii.<\/span><\/p>\n<p><strong>Puzzle-urile 1000 piese te ajut\u0103 s\u0103-\u021bi dezvol\u021bi abilitatea de a g\u0103si solu\u021bii<\/strong><\/p>\n<p><span style=\"font-weight: 400;\">Nu \u0219tii ce s\u0103 le mai g\u0103te\u0219ti copiilor? Nu te po\u021bi decide dac\u0103 s\u0103 \u00eei cumperi pu\u0219tiului t\u0103u un joc puzzle de lemn sau cu piese din carton? Sau nu \u0219ti cum s\u0103 faci s\u0103-\u021bi predai toate proiectele la timp? De la lucrurile cele mai m\u0103runte p\u00e2n\u0103 la cele majore, \u00een toate situa\u021biile din via\u021ba este nevoie s\u0103 g\u0103se\u0219ti solu\u021bii. Cu c\u00e2t mai repede, cu at\u00e2t mai bine. Asamblarea puzzle-urilor de 1000 piese \u00ee\u021bi antreneaz\u0103 aceast\u0103 abilitate \u0219i astfel vei g\u0103si mereu solu\u021biile cele mai bune pentru tine.<\/span><\/p>\n<p><strong>Puzzle-urile 1000 piese te ajut\u0103 s\u0103 fii mai creativ<\/strong><\/p>\n<p><span style=\"font-weight: 400;\">Fie c\u0103 reconstitui o imagine de art\u0103, un obiectiv turistic sau un portret inedit, asamblarea puzzle-urilor de 1000 piese \u00ee\u021bi exploateaz\u0103 extrem de mult creativitatea, iar lucrul acesta \u00ee\u021bi va da o stare de bine cu tine \u00eensu\u021bi.<\/span><\/p>\n<p><strong>Curios despre cum era artistul Alphonse Mucha?<\/strong><\/p>\n<p><span style=\"font-weight: 400;\">A avut prima revela\u021bie artistic\u0103 \u00een fa\u021ba frumuse\u021bii artei baroce \u00een catedrala Sf. Petru din Brno<\/span><span style=\"font-weight: 400;\">, unde era c\u00e2nt\u0103re\u021b \u00een cor.<\/span><\/p>\n<p><span style=\"font-weight: 400;\">\u00cen vremea tinere\u021bii lui, a avea h\u00e2rtie de desenat era un adev\u0103rat lux. Un proprietar de magazin local \u00eei furniza gratuit materia pre\u021bioas\u0103 \u00eentruc\u00e2t era fascinat de talentul artistului.<\/span><\/p>\n<p><span style=\"font-weight: 400;\">A lucrat ca ilustrator de reviste.<\/span><\/p>\n<p><span style=\"font-weight: 400;\">A devenit celebru dup\u0103 ce a creat posterele cu Sarah Bernhardt pentru spectacolele \u00een care juca aceast\u0103 actri\u021b\u0103 celebr\u0103.<\/span><\/p>\n<p><span style=\"font-weight: 400;\">A realizat picturi murale care \u00eenf\u0103\u021bi\u0219eaz\u0103 suferin\u021ba poporului slav.<\/span><\/p>\n<p><span style=\"font-weight: 400;\">Este considerat unul dintre cei mai mari pictori ai tuturor timpurilor.<\/span><\/p>\n<p><strong>Puzzle 1000 piese \u00ee\u021bi \u021bine mintea \u00een form\u0103 maxim\u0103\u00a0<\/strong><\/p>\n<p><span style=\"font-weight: 400;\">Imagineaz\u0103-\u021bi c\u0103 asamblarea puzzle-urilor de adul\u021bi este un exerci\u021biu mental valoros la fel cum sunt \u0219i antrenamentele la sala de gimnastic\u0103 pentru corpul fizic. F\u0103-\u021bi abonament la puzzle-urile 1000 piese \u0219i bucur\u0103-te zi de zi de exerci\u021bii cerebrale valoroase.<\/span><\/p>\n<p><strong>Fii un adev\u0103rat detectiv \u0219i afl\u0103 misterul din puzzle 1000 piese<\/strong><\/p>\n<p><span style=\"font-weight: 400;\">Curios cum e s\u0103 fii detectiv? Cump\u0103r\u0103 puzzle 1000 piese din colec\u021bia puzzle art\u0103 \u0219i g\u0103se\u0219te locul fiec\u0103reia din cele 1000 piese. Vei g\u0103si indicii pe tot parcursul jocului puzzle, iar la final vei deslu\u0219i misterul unei opere de art\u0103 veritabile.<\/span><\/p>\n<p><span style=\"font-weight: 400;\">Cump\u0103r\u0103 acum minunatul puzzle de art\u0103 Alphonse Mucha &#8211; Seasons 3\/Anotimpuri 3 \u0219i adu-\u021bi \u00een cas\u0103 magia tuturor anotimpurilor. Jocul puzzle este realizat din carton de calitate premium ceea ce \u00ee\u021bi permite s\u0103 recreezi imagine ori de c\u00e2te ori dore\u0219ti, iar calitatea tabloului s\u0103 fie aceea\u0219i chiar dac\u0103 puzze-ul adulti este utilizat de multe ori.\u00a0<\/span><span style=\"font-weight: 400;\">Cump\u0103r\u0103 acest puzzle 1000 piese pentru tine sau bucur\u0103 un prieten cu un cadou deosebit.<\/span><\/p>\n","protected":false},"excerpt":{"rendered":"<p><span style=\"font-weight: 400;\">Te fascineaz\u0103 lumea artei \u0219i vrei s\u0103 aduci \u00een casa ta un strop de culoare din vasta mo\u0219tenire istoric\u0103 de tablouri celebre? Colec\u021bia puzzle art\u0103 \u00ee\u021bi face visul realitate.<\/span><\/p>\n","protected":false},"featured_media":62975,"template":"","meta":[],"product_brand":[],"product_cat":[1454,1488,1560],"product_tag":[],"class_list":{"0":"post-19976","1":"product","2":"type-product","3":"status-publish","4":"has-post-thumbnail","6":"product_cat-puzzle","7":"product_cat-puzzle-adulti","8":"product_cat-puzzle-adulti-1000","9":"pa_brand-d_toys","10":"pa_country_of_manufacture-ro","11":"pa_filter_age-1315","12":"pa_painter-alphonsemucha","13":"pa_tip_ambalaj-cutie","14":"pa_tip_puzzle-clasic","16":"first","17":"instock","18":"taxable","19":"shipping-taxable","20":"product-type-simple"},"yoast_head":"<!-- This site is optimized with the Yoast SEO plugin v20.1 - https:\/\/yoast.com\/wordpress\/plugins\/seo\/ -->\n<title>Puzzle adul\u021bi Alphonse Mucha - Seasons 3\/Anotimpuri 3 - 1000 piese - Roovi B2B<\/title>\n<meta name=\"robots\" content=\"index, follow, max-snippet:-1, max-image-preview:large, max-video-preview:-1\" \/>\n<link rel=\"canonical\" href=\"https:\/\/www.roovi.ro\/puzzle-adulti-alphonse-mucha-seasons-3anotimpuri-3-1000-piese\/p\/\" \/>\n<meta property=\"og:locale\" content=\"ro_RO\" \/>\n<meta property=\"og:type\" content=\"article\" \/>\n<meta property=\"og:title\" content=\"Puzzle adul\u021bi Alphonse Mucha - Seasons 3\/Anotimpuri 3 - 1000 piese - Roovi B2B\" \/>\n<meta property=\"og:description\" content=\"Te fascineaz\u0103 lumea artei \u0219i vrei s\u0103 aduci \u00een casa ta un strop de culoare din vasta mo\u0219tenire istoric\u0103 de tablouri celebre? Colec\u021bia puzzle art\u0103 \u00ee\u021bi face visul realitate.\" \/>\n<meta property=\"og:url\" content=\"https:\/\/www.roovi.ro\/puzzle-adulti-alphonse-mucha-seasons-3anotimpuri-3-1000-piese\/p\/\" \/>\n<meta property=\"og:site_name\" content=\"Roovi B2B\" \/>\n<meta property=\"article:publisher\" content=\"https:\/\/www.facebook.com\/wwwjucariero\" \/>\n<meta property=\"article:modified_time\" content=\"2025-03-18T08:58:52+00:00\" \/>\n<meta property=\"og:image\" content=\"https:\/\/business.roovi.com\/wp-content\/uploads\/2021\/03\/66930-MU-13-WEB.jpg\" \/>\n\t<meta property=\"og:image:width\" content=\"1200\" \/>\n\t<meta property=\"og:image:height\" content=\"1200\" \/>\n\t<meta property=\"og:image:type\" content=\"image\/jpeg\" \/>\n<meta name=\"twitter:label1\" content=\"Timp estimat pentru citire\" \/>\n\t<meta name=\"twitter:data1\" content=\"3 minute\" \/>\n<script type=\"application\/ld+json\" class=\"yoast-schema-graph\">{\"@context\":\"https:\/\/schema.org\",\"@graph\":[{\"@type\":\"WebPage\",\"@id\":\"https:\/\/business.roovi.com\/ro\/puzzle-adulti-alphonse-mucha-seasons-3anotimpuri-3-1000-piese\/p\/\",\"url\":\"https:\/\/www.roovi.ro\/puzzle-adulti-alphonse-mucha-seasons-3anotimpuri-3-1000-piese\/p\/\",\"name\":\"Puzzle adul\u021bi Alphonse Mucha - Seasons 3\/Anotimpuri 3 - 1000 piese - Roovi B2B\",\"isPartOf\":{\"@id\":\"https:\/\/business.roovi.com\/ro\/#website\"},\"datePublished\":\"2021-03-05T11:06:12+00:00\",\"dateModified\":\"2025-03-18T08:58:52+00:00\",\"breadcrumb\":{\"@id\":\"https:\/\/www.roovi.ro\/puzzle-adulti-alphonse-mucha-seasons-3anotimpuri-3-1000-piese\/p\/#breadcrumb\"},\"inLanguage\":\"ro-RO\",\"potentialAction\":[{\"@type\":\"ReadAction\",\"target\":[\"https:\/\/www.roovi.ro\/puzzle-adulti-alphonse-mucha-seasons-3anotimpuri-3-1000-piese\/p\/\"]}]},{\"@type\":\"BreadcrumbList\",\"@id\":\"https:\/\/www.roovi.ro\/puzzle-adulti-alphonse-mucha-seasons-3anotimpuri-3-1000-piese\/p\/#breadcrumb\",\"itemListElement\":[{\"@type\":\"ListItem\",\"position\":1,\"name\":\"Home\",\"item\":\"https:\/\/business.roovi.com\/ro\/\"},{\"@type\":\"ListItem\",\"position\":2,\"name\":\"Magazin\",\"item\":\"https:\/\/business.roovi.com\/ro\/magazin\/\"},{\"@type\":\"ListItem\",\"position\":3,\"name\":\"Puzzle adul\u021bi Alphonse Mucha &#8211; Seasons 3\/Anotimpuri 3 &#8211; 1000 piese\"}]},{\"@type\":\"WebSite\",\"@id\":\"https:\/\/business.roovi.com\/ro\/#website\",\"url\":\"https:\/\/business.roovi.com\/ro\/\",\"name\":\"Roovi B2B\",\"description\":\"Roovi Business Website\",\"potentialAction\":[{\"@type\":\"SearchAction\",\"target\":{\"@type\":\"EntryPoint\",\"urlTemplate\":\"https:\/\/business.roovi.com\/ro\/?s={search_term_string}\"},\"query-input\":\"required name=search_term_string\"}],\"inLanguage\":\"ro-RO\"}]}<\/script>\n<!-- \/ Yoast SEO plugin. -->","yoast_head_json":{"title":"Puzzle adul\u021bi Alphonse Mucha - Seasons 3\/Anotimpuri 3 - 1000 piese - Roovi B2B","robots":{"index":"index","follow":"follow","max-snippet":"max-snippet:-1","max-image-preview":"max-image-preview:large","max-video-preview":"max-video-preview:-1"},"canonical":"https:\/\/www.roovi.ro\/puzzle-adulti-alphonse-mucha-seasons-3anotimpuri-3-1000-piese\/p\/","og_locale":"ro_RO","og_type":"article","og_title":"Puzzle adul\u021bi Alphonse Mucha - Seasons 3\/Anotimpuri 3 - 1000 piese - Roovi B2B","og_description":"Te fascineaz\u0103 lumea artei \u0219i vrei s\u0103 aduci \u00een casa ta un strop de culoare din vasta mo\u0219tenire istoric\u0103 de tablouri celebre? Colec\u021bia puzzle art\u0103 \u00ee\u021bi face visul realitate.","og_url":"https:\/\/www.roovi.ro\/puzzle-adulti-alphonse-mucha-seasons-3anotimpuri-3-1000-piese\/p\/","og_site_name":"Roovi B2B","article_publisher":"https:\/\/www.facebook.com\/wwwjucariero","article_modified_time":"2025-03-18T08:58:52+00:00","og_image":[{"width":1200,"height":1200,"url":"https:\/\/business.roovi.com\/wp-content\/uploads\/2021\/03\/66930-MU-13-WEB.jpg","type":"image\/jpeg"}],"twitter_misc":{"Timp estimat pentru citire":"3 minute"},"schema":{"@context":"https:\/\/schema.org","@graph":[{"@type":"WebPage","@id":"https:\/\/business.roovi.com\/ro\/puzzle-adulti-alphonse-mucha-seasons-3anotimpuri-3-1000-piese\/p\/","url":"https:\/\/www.roovi.ro\/puzzle-adulti-alphonse-mucha-seasons-3anotimpuri-3-1000-piese\/p\/","name":"Puzzle adul\u021bi Alphonse Mucha - Seasons 3\/Anotimpuri 3 - 1000 piese - Roovi B2B","isPartOf":{"@id":"https:\/\/business.roovi.com\/ro\/#website"},"datePublished":"2021-03-05T11:06:12+00:00","dateModified":"2025-03-18T08:58:52+00:00","breadcrumb":{"@id":"https:\/\/www.roovi.ro\/puzzle-adulti-alphonse-mucha-seasons-3anotimpuri-3-1000-piese\/p\/#breadcrumb"},"inLanguage":"ro-RO","potentialAction":[{"@type":"ReadAction","target":["https:\/\/www.roovi.ro\/puzzle-adulti-alphonse-mucha-seasons-3anotimpuri-3-1000-piese\/p\/"]}]},{"@type":"BreadcrumbList","@id":"https:\/\/www.roovi.ro\/puzzle-adulti-alphonse-mucha-seasons-3anotimpuri-3-1000-piese\/p\/#breadcrumb","itemListElement":[{"@type":"ListItem","position":1,"name":"Home","item":"https:\/\/business.roovi.com\/ro\/"},{"@type":"ListItem","position":2,"name":"Magazin","item":"https:\/\/business.roovi.com\/ro\/magazin\/"},{"@type":"ListItem","position":3,"name":"Puzzle adul\u021bi Alphonse Mucha &#8211; Seasons 3\/Anotimpuri 3 &#8211; 1000 piese"}]},{"@type":"WebSite","@id":"https:\/\/business.roovi.com\/ro\/#website","url":"https:\/\/business.roovi.com\/ro\/","name":"Roovi B2B","description":"Roovi Business Website","potentialAction":[{"@type":"SearchAction","target":{"@type":"EntryPoint","urlTemplate":"https:\/\/business.roovi.com\/ro\/?s={search_term_string}"},"query-input":"required name=search_term_string"}],"inLanguage":"ro-RO"}]}},"_links":{"self":[{"href":"https:\/\/business.roovi.com\/ro\/wp-json\/wp\/v2\/product\/19976","targetHints":{"allow":["GET"]}}],"collection":[{"href":"https:\/\/business.roovi.com\/ro\/wp-json\/wp\/v2\/product"}],"about":[{"href":"https:\/\/business.roovi.com\/ro\/wp-json\/wp\/v2\/types\/product"}],"version-history":[{"count":0,"href":"https:\/\/business.roovi.com\/ro\/wp-json\/wp\/v2\/product\/19976\/revisions"}],"wp:featuredmedia":[{"embeddable":true,"href":"https:\/\/business.roovi.com\/ro\/wp-json\/wp\/v2\/media\/62975"}],"wp:attachment":[{"href":"https:\/\/business.roovi.com\/ro\/wp-json\/wp\/v2\/media?parent=19976"}],"wp:term":[{"taxonomy":"product_brand","embeddable":true,"href":"https:\/\/business.roovi.com\/ro\/wp-json\/wp\/v2\/product_brand?post=19976"},{"taxonomy":"product_cat","embeddable":true,"href":"https:\/\/business.roovi.com\/ro\/wp-json\/wp\/v2\/product_cat?post=19976"},{"taxonomy":"product_tag","embeddable":true,"href":"https:\/\/business.roovi.com\/ro\/wp-json\/wp\/v2\/product_tag?post=19976"}],"curies":[{"name":"wp","href":"https:\/\/api.w.org\/{rel}","templated":true}]}}