{"id":19978,"date":"2021-03-09T08:34:59","date_gmt":"2021-03-09T08:34:59","guid":{"rendered":"https:\/\/business.roovi.com\/product\/puzzle-vincent-van-gogh-memory-of-the-garden-at-etten\/"},"modified":"2025-03-17T12:25:13","modified_gmt":"2025-03-17T12:25:13","slug":"puzzle-adulti-vincent-van-gogh-memory-of-the-garden-at-etten-1000-piese","status":"publish","type":"product","link":"https:\/\/business.roovi.com\/ro\/puzzle-adulti-vincent-van-gogh-memory-of-the-garden-at-etten-1000-piese\/p\/","title":{"rendered":"Puzzle adul\u021bi Vincent van Gogh &#8211; Memory of the Garden at Etten &#8211; 1000 Piese"},"content":{"rendered":"<p><span style=\"font-weight: 400;\">Bine ai venit \u00een cea mai mare galerie de art\u0103 virtual\u0103 compus\u0103 din puzzle-uri de 1000 piese! Te provoc\u0103m s\u0103 refaci imagini ale tablourilor celebre pictate de Leonardo da Vinci, Vincent van Gogh, Claude Monet \u0219i mul\u021bi al\u021bii.<\/span><\/p>\n<p><span style=\"font-weight: 400;\">Puzzle 1000 piese Vincent van Gogh &#8211; Memory of the Garden at Etten red\u0103 imaginea operei lui\u00a0 Van Gogh ce con\u021bine o combina\u021bie unic\u0103 de culori ce dau na\u0219tere unei lucr\u0103ri eclectice. Acest minunat puzzle de art\u0103 este fabricat din materiale calitative care \u00eei asigur\u0103 rezisten\u021b\u0103 la utiliz\u0103ri multiple.\u00a0<\/span><\/p>\n<p><span style=\"font-weight: 400;\">Alte caracteristici ale puzzle-ului 1000 piese Vincent van Gogh &#8211; Memory of the Garden at Etten<\/span><\/p>\n<p><strong>Dimensiunile imaginii reconstituite: 50 x 70 cm.<\/strong><span style=\"font-weight: 400;\"> Pentru refacerea imaginii po\u021bi folosi o m\u0103su\u021b\u0103 obi\u0219nuit\u0103 de cafea.<\/span><\/p>\n<p><strong>Material puzzle:\u00a0<\/strong><\/p>\n<p><strong>carton albastru de o calitate superioar\u0103<\/strong><\/p>\n<p><strong>materiale sustenabile, reciclabile<\/strong><\/p>\n<p><strong>finisaj semi-lucios, culori vii<\/strong><\/p>\n<p><strong>Num\u0103rul pieselor de puzzle: 1000<\/strong><\/p>\n<p><strong>V\u00e2rsta recomandat\u0103: 14+<\/strong><\/p>\n<p><strong>Cum te ajut\u0103 puzzle-urile de adul\u021bi s\u0103 fii mai s\u0103n\u0103tos?<\/strong><\/p>\n<p><span style=\"font-weight: 400;\">Activitatea de asamblarea a puzzle-urilor de 1000 piese \u00ee\u021bi aduce multe beneficii pentru s\u0103n\u0103tate. Iat\u0103 numai c\u00e2teva dintre acestea:<\/span><\/p>\n<p><span style=\"font-weight: 400;\">Te ajut\u0103 s\u0103 te relaxezi<\/span><\/p>\n<p><span style=\"font-weight: 400;\">\u00ce\u021bi men\u021bin creierul s\u0103n\u0103tos pentru c\u0103 \u00eel antreneaz\u0103 intens<\/span><\/p>\n<p><span style=\"font-weight: 400;\">\u00ce\u021bi creeaz\u0103 o stare general\u0103 de bine<\/span><\/p>\n<p><span style=\"font-weight: 400;\">Te conecteaz\u0103 cu cei dragi atunci c\u00e2nd faci puzzle 1000 piese \u00eempreun\u0103 cu ace\u0219tia<\/span><\/p>\n<p><span style=\"font-weight: 400;\">Te ajut\u0103 s\u0103 fii mai creativ\u00a0<\/span><\/p>\n<p><span style=\"font-weight: 400;\">\u00ce\u021bi \u00eembun\u0103t\u0103\u021besc memoria.<\/span><\/p>\n<p><strong>5 informa\u021bii despre Amintiri din Gr\u0103dina de la Etten de Vincent van Gogh<\/strong><span style=\"font-weight: 400;\">\u00a0<\/span><\/p>\n<p><span style=\"font-weight: 400;\">1. Artistul a petrecut o perioad\u0103 de timp la Etten, perioad\u0103 \u00een care a cunoscut dezam\u0103girea \u00een dragoste.<\/span><\/p>\n<p><span style=\"font-weight: 400;\">2. Timpul petrecut la Etten reprezint\u0103 \u00eenceputul propriu-zis al carierei de zece ani a lui Vincent van Gogh ca artist. <\/span><span style=\"font-weight: 400;\">\u00a0<\/span><\/p>\n<p><span style=\"font-weight: 400;\">3. La Etten, Vincent s-a \u00eendr\u0103gostit de veri\u0219oara sa ce devenise recent v\u0103duv\u0103, Kee Vos-Stricker, dar aceasta i-a respins brutal cererea \u00een c\u0103s\u0103torie.<\/span><\/p>\n<p><span style=\"font-weight: 400;\">4. Se pare c\u0103 femeia mai t\u00e2n\u0103r\u0103 din tabloul lui Van Gogh este chiar <\/span><span style=\"font-weight: 400;\">Kee Vos Stricker.<\/span><\/p>\n<p><span style=\"font-weight: 400;\">5. Lucrarea a fost influen\u021bat\u0103 de pictura\u00a0 <\/span><em><span style=\"font-weight: 400;\">Arl\u00e9siennes (Mistral)<\/span><\/em><span style=\"font-weight: 400;\">\u00a0 a lui Gauguin care a fost pictat\u0103 \u00een acela\u0219i timp.<\/span><\/p>\n<p><strong>Puzzle-urile de 1000 piese te fac s\u0103 fii\u00a0 m\u00e2ndru te tine \u00eensu\u021bi<\/strong><\/p>\n<p><span style=\"font-weight: 400;\">Atunci c\u00e2nd creezi din haosul a sute de piese puzzle ordinea des\u0103v\u00e2r\u0219it\u0103 a unui tablou real tr\u0103ie\u0219ti un sentiment uimitor de satisfac\u021bie interioar\u0103. Ce poate fi mai frumos dec\u00e2t acest sentiment de \u00eemplinire c\u0103 munca grea \u0219i r\u0103bdarea pus\u0103 la mari \u00eencerc\u0103ri au dat roade!<\/span><\/p>\n<p><span style=\"font-weight: 400;\">Operele lui Van Gogh ascund nenum\u0103rate simboluri \u0219i exprim\u0103 emo\u021bii intense. Cump\u0103r\u0103 puzzle de art\u0103 Vincent van Gogh &#8211; Memory of the Garden at Etten \u0219i tr\u0103ie\u0219te o experien\u021b\u0103 de cunoa\u0219tere. La final, vei avea un tablou minunat din puzzle 1000 piese pe care \u00eel po\u021bi expune \u00een camera preferat\u0103. Ofer\u0103 acest joc puzzle unui prieten pasionat de opere de art\u0103 \u0219i de puzzle adul\u021bi.<\/span><\/p>\n","protected":false},"excerpt":{"rendered":"<p>Bine ai venit \u00een cea mai mare galerie de art\u0103 virtual\u0103 compus\u0103 din puzzle-uri de 1000 piese! Te provoc\u0103m s\u0103<\/p>\n","protected":false},"featured_media":62862,"template":"","meta":[],"product_brand":[],"product_cat":[1454,1488,1560],"product_tag":[],"class_list":{"0":"post-19978","1":"product","2":"type-product","3":"status-publish","4":"has-post-thumbnail","6":"product_cat-puzzle","7":"product_cat-puzzle-adulti","8":"product_cat-puzzle-adulti-1000","9":"pa_bax-1273","10":"pa_brand-d_toys","11":"pa_country_of_manufacture-ro","12":"pa_filter_age-1315","13":"pa_painter-vincentvangogh","14":"pa_tip_ambalaj-cutie","15":"pa_tip_puzzle-clasic","17":"first","18":"instock","19":"taxable","20":"shipping-taxable","21":"product-type-simple"},"yoast_head":"<!-- This site is optimized with the Yoast SEO plugin v20.1 - https:\/\/yoast.com\/wordpress\/plugins\/seo\/ -->\n<title>Puzzle adul\u021bi Vincent van Gogh - Memory of the Garden at Etten - 1000 Piese - Roovi B2B<\/title>\n<meta name=\"robots\" content=\"index, follow, max-snippet:-1, max-image-preview:large, max-video-preview:-1\" \/>\n<link rel=\"canonical\" href=\"https:\/\/www.roovi.ro\/puzzle-adulti-vincent-van-gogh-memory-of-the-garden-at-etten-1000-piese\/p\/\" \/>\n<meta property=\"og:locale\" content=\"ro_RO\" \/>\n<meta property=\"og:type\" content=\"article\" \/>\n<meta property=\"og:title\" content=\"Puzzle adul\u021bi Vincent van Gogh - Memory of the Garden at Etten - 1000 Piese - Roovi B2B\" \/>\n<meta property=\"og:description\" content=\"Bine ai venit \u00een cea mai mare galerie de art\u0103 virtual\u0103 compus\u0103 din puzzle-uri de 1000 piese! Te provoc\u0103m s\u0103\" \/>\n<meta property=\"og:url\" content=\"https:\/\/www.roovi.ro\/puzzle-adulti-vincent-van-gogh-memory-of-the-garden-at-etten-1000-piese\/p\/\" \/>\n<meta property=\"og:site_name\" content=\"Roovi B2B\" \/>\n<meta property=\"article:publisher\" content=\"https:\/\/www.facebook.com\/wwwjucariero\" \/>\n<meta property=\"article:modified_time\" content=\"2025-03-17T12:25:13+00:00\" \/>\n<meta property=\"og:image\" content=\"https:\/\/business.roovi.com\/wp-content\/uploads\/2021\/03\/66916-VG-15-WEB.jpg\" \/>\n\t<meta property=\"og:image:width\" content=\"1200\" \/>\n\t<meta property=\"og:image:height\" content=\"1200\" \/>\n\t<meta property=\"og:image:type\" content=\"image\/jpeg\" \/>\n<meta name=\"twitter:label1\" content=\"Timp estimat pentru citire\" \/>\n\t<meta name=\"twitter:data1\" content=\"2 minute\" \/>\n<script type=\"application\/ld+json\" class=\"yoast-schema-graph\">{\"@context\":\"https:\/\/schema.org\",\"@graph\":[{\"@type\":\"WebPage\",\"@id\":\"https:\/\/business.roovi.com\/ro\/puzzle-adulti-vincent-van-gogh-memory-of-the-garden-at-etten-1000-piese\/p\/\",\"url\":\"https:\/\/www.roovi.ro\/puzzle-adulti-vincent-van-gogh-memory-of-the-garden-at-etten-1000-piese\/p\/\",\"name\":\"Puzzle adul\u021bi Vincent van Gogh - Memory of the Garden at Etten - 1000 Piese - Roovi B2B\",\"isPartOf\":{\"@id\":\"https:\/\/business.roovi.com\/ro\/#website\"},\"datePublished\":\"2021-03-09T08:34:59+00:00\",\"dateModified\":\"2025-03-17T12:25:13+00:00\",\"breadcrumb\":{\"@id\":\"https:\/\/www.roovi.ro\/puzzle-adulti-vincent-van-gogh-memory-of-the-garden-at-etten-1000-piese\/p\/#breadcrumb\"},\"inLanguage\":\"ro-RO\",\"potentialAction\":[{\"@type\":\"ReadAction\",\"target\":[\"https:\/\/www.roovi.ro\/puzzle-adulti-vincent-van-gogh-memory-of-the-garden-at-etten-1000-piese\/p\/\"]}]},{\"@type\":\"BreadcrumbList\",\"@id\":\"https:\/\/www.roovi.ro\/puzzle-adulti-vincent-van-gogh-memory-of-the-garden-at-etten-1000-piese\/p\/#breadcrumb\",\"itemListElement\":[{\"@type\":\"ListItem\",\"position\":1,\"name\":\"Home\",\"item\":\"https:\/\/business.roovi.com\/ro\/\"},{\"@type\":\"ListItem\",\"position\":2,\"name\":\"Magazin\",\"item\":\"https:\/\/business.roovi.com\/ro\/magazin\/\"},{\"@type\":\"ListItem\",\"position\":3,\"name\":\"Puzzle adul\u021bi Vincent van Gogh &#8211; Memory of the Garden at Etten &#8211; 1000 Piese\"}]},{\"@type\":\"WebSite\",\"@id\":\"https:\/\/business.roovi.com\/ro\/#website\",\"url\":\"https:\/\/business.roovi.com\/ro\/\",\"name\":\"Roovi B2B\",\"description\":\"Roovi Business Website\",\"potentialAction\":[{\"@type\":\"SearchAction\",\"target\":{\"@type\":\"EntryPoint\",\"urlTemplate\":\"https:\/\/business.roovi.com\/ro\/?s={search_term_string}\"},\"query-input\":\"required name=search_term_string\"}],\"inLanguage\":\"ro-RO\"}]}<\/script>\n<!-- \/ Yoast SEO plugin. -->","yoast_head_json":{"title":"Puzzle adul\u021bi Vincent van Gogh - Memory of the Garden at Etten - 1000 Piese - Roovi B2B","robots":{"index":"index","follow":"follow","max-snippet":"max-snippet:-1","max-image-preview":"max-image-preview:large","max-video-preview":"max-video-preview:-1"},"canonical":"https:\/\/www.roovi.ro\/puzzle-adulti-vincent-van-gogh-memory-of-the-garden-at-etten-1000-piese\/p\/","og_locale":"ro_RO","og_type":"article","og_title":"Puzzle adul\u021bi Vincent van Gogh - Memory of the Garden at Etten - 1000 Piese - Roovi B2B","og_description":"Bine ai venit \u00een cea mai mare galerie de art\u0103 virtual\u0103 compus\u0103 din puzzle-uri de 1000 piese! Te provoc\u0103m s\u0103","og_url":"https:\/\/www.roovi.ro\/puzzle-adulti-vincent-van-gogh-memory-of-the-garden-at-etten-1000-piese\/p\/","og_site_name":"Roovi B2B","article_publisher":"https:\/\/www.facebook.com\/wwwjucariero","article_modified_time":"2025-03-17T12:25:13+00:00","og_image":[{"width":1200,"height":1200,"url":"https:\/\/business.roovi.com\/wp-content\/uploads\/2021\/03\/66916-VG-15-WEB.jpg","type":"image\/jpeg"}],"twitter_misc":{"Timp estimat pentru citire":"2 minute"},"schema":{"@context":"https:\/\/schema.org","@graph":[{"@type":"WebPage","@id":"https:\/\/business.roovi.com\/ro\/puzzle-adulti-vincent-van-gogh-memory-of-the-garden-at-etten-1000-piese\/p\/","url":"https:\/\/www.roovi.ro\/puzzle-adulti-vincent-van-gogh-memory-of-the-garden-at-etten-1000-piese\/p\/","name":"Puzzle adul\u021bi Vincent van Gogh - Memory of the Garden at Etten - 1000 Piese - Roovi B2B","isPartOf":{"@id":"https:\/\/business.roovi.com\/ro\/#website"},"datePublished":"2021-03-09T08:34:59+00:00","dateModified":"2025-03-17T12:25:13+00:00","breadcrumb":{"@id":"https:\/\/www.roovi.ro\/puzzle-adulti-vincent-van-gogh-memory-of-the-garden-at-etten-1000-piese\/p\/#breadcrumb"},"inLanguage":"ro-RO","potentialAction":[{"@type":"ReadAction","target":["https:\/\/www.roovi.ro\/puzzle-adulti-vincent-van-gogh-memory-of-the-garden-at-etten-1000-piese\/p\/"]}]},{"@type":"BreadcrumbList","@id":"https:\/\/www.roovi.ro\/puzzle-adulti-vincent-van-gogh-memory-of-the-garden-at-etten-1000-piese\/p\/#breadcrumb","itemListElement":[{"@type":"ListItem","position":1,"name":"Home","item":"https:\/\/business.roovi.com\/ro\/"},{"@type":"ListItem","position":2,"name":"Magazin","item":"https:\/\/business.roovi.com\/ro\/magazin\/"},{"@type":"ListItem","position":3,"name":"Puzzle adul\u021bi Vincent van Gogh &#8211; Memory of the Garden at Etten &#8211; 1000 Piese"}]},{"@type":"WebSite","@id":"https:\/\/business.roovi.com\/ro\/#website","url":"https:\/\/business.roovi.com\/ro\/","name":"Roovi B2B","description":"Roovi Business Website","potentialAction":[{"@type":"SearchAction","target":{"@type":"EntryPoint","urlTemplate":"https:\/\/business.roovi.com\/ro\/?s={search_term_string}"},"query-input":"required name=search_term_string"}],"inLanguage":"ro-RO"}]}},"_links":{"self":[{"href":"https:\/\/business.roovi.com\/ro\/wp-json\/wp\/v2\/product\/19978","targetHints":{"allow":["GET"]}}],"collection":[{"href":"https:\/\/business.roovi.com\/ro\/wp-json\/wp\/v2\/product"}],"about":[{"href":"https:\/\/business.roovi.com\/ro\/wp-json\/wp\/v2\/types\/product"}],"version-history":[{"count":0,"href":"https:\/\/business.roovi.com\/ro\/wp-json\/wp\/v2\/product\/19978\/revisions"}],"wp:featuredmedia":[{"embeddable":true,"href":"https:\/\/business.roovi.com\/ro\/wp-json\/wp\/v2\/media\/62862"}],"wp:attachment":[{"href":"https:\/\/business.roovi.com\/ro\/wp-json\/wp\/v2\/media?parent=19978"}],"wp:term":[{"taxonomy":"product_brand","embeddable":true,"href":"https:\/\/business.roovi.com\/ro\/wp-json\/wp\/v2\/product_brand?post=19978"},{"taxonomy":"product_cat","embeddable":true,"href":"https:\/\/business.roovi.com\/ro\/wp-json\/wp\/v2\/product_cat?post=19978"},{"taxonomy":"product_tag","embeddable":true,"href":"https:\/\/business.roovi.com\/ro\/wp-json\/wp\/v2\/product_tag?post=19978"}],"curies":[{"name":"wp","href":"https:\/\/api.w.org\/{rel}","templated":true}]}}