{"id":19979,"date":"2021-03-09T08:38:09","date_gmt":"2021-03-09T08:38:09","guid":{"rendered":"https:\/\/business.roovi.com\/product\/puzzle-egiptul-antic-1000-piese-4\/"},"modified":"2025-03-17T07:32:18","modified_gmt":"2025-03-17T07:32:18","slug":"puzzle-adulti-1000-piese-egiptul-antic","status":"publish","type":"product","link":"https:\/\/business.roovi.com\/ro\/puzzle-adulti-1000-piese-egiptul-antic\/p\/","title":{"rendered":"Puzzle adul\u021bi 1000 piese &#8211; Egiptul Antic"},"content":{"rendered":"<p><span style=\"font-weight: 400; font-size: 14px;\">Pasionat de vechile civiliza\u021bii egiptene \u0219i de jocuri puzzle? Acum ai ocazia s\u0103 \u00eembini cele dou\u0103 pasiuni. Asambleaz\u0103 imaginea cu o scen\u0103 tipic\u0103 din Egiptul Antic \u0219i creeaz\u0103 un tablou artistic fabulos.\u00a0<\/span><\/p>\n<p><span style=\"font-weight: 400; font-size: 14px;\">Dac\u0103 iube\u0219ti puzzle-urile complexe cu detalii uimitoare ale culturii vechilor egipteni, avem jocul puzzle perfect pentru tine. Puzzle 1000 piese Egiptul Antic \u00ee\u021bi perfec\u021bioneaz\u0103 abilit\u0103\u021bile de asamblare \u0219i te introduce \u00een fascinanta lume a civiliza\u021biei egiptene.<\/span><\/p>\n<p><span style=\"font-weight: 400; font-size: 14px;\">Egiptul Antic a fost una dintre civiliza\u021biile cele mai evoluate \u0219i mai puternice timp de 3000 de ani. Chiar \u0219i ast\u0103zi oamenii mai caut\u0103 explica\u021bii privind tehnologia de construc\u021bie a piramidelor \u0219i \u00eencearc\u0103 s\u0103 deslu\u0219easc\u0103 misterele ascunse de acestea.<\/span><\/p>\n<p><span style=\"font-size: 14px;\"><span style=\"font-weight: 400;\">Egiptenii au inventat multe obiecte pe care le utiliz\u0103m \u0219i \u00een secolul XXI: h\u00e2rtia, pixul, cosmeticele, piept\u0103nul sau foarfeca. <\/span><span style=\"font-weight: 400;\">Marea Piramida de la Giza este una dintre cele 7 minuni ale lumii antice \u0219i a fost vreme de 3800 de ani cea mai veche construc\u021bie de pe p\u0103m\u00e2nt.<\/span><\/span><\/p>\n<p><span style=\"font-weight: 400; font-size: 14px;\">Descoper\u0103 \u00een puzzle 1000 piese Egiptul Antic o mic\u0103 fil\u0103 a istoriei unei civiliza\u021bii impresionante.\u00a0<\/span><\/p>\n<p><span style=\"font-weight: 400; font-size: 14px;\">Pentru asamblare \u0219i suportul pieselor po\u021bi utiliza o m\u0103su\u021b\u0103 obi\u0219nuit\u0103 de cafea. Vei ob\u021bine un tablou cu dimensiunile 50 x 70 cm care \u00ee\u021bi va dezl\u0103n\u021bui imagina\u021bia \u0219i te va \u00eentoarce \u00een timp cu peste 3000 ani.<\/span><\/p>\n<p><span style=\"font-weight: 400; font-size: 14px;\">Caracteristici puzzle adul\u021bi Egiptul Antic:<\/span><\/p>\n<p><span style=\"font-size: 14px;\"><strong>Material puzzle:\u00a0<\/strong><\/span><\/p>\n<p><span style=\"font-size: 14px;\"><strong>carton albastru de o calitate superioar\u0103<\/strong><\/span><\/p>\n<p><span style=\"font-size: 14px;\"><strong>materiale sustenabile, reciclabile<\/strong><\/span><\/p>\n<p><span style=\"font-size: 14px;\"><strong>finisaj semi-lucios, culori vii<\/strong><\/span><\/p>\n<p><span style=\"font-size: 14px;\"><strong>Num\u0103rul pieselor de puzzle: 1000<\/strong><\/span><\/p>\n<p><span style=\"font-size: 14px;\"><strong>V\u00e2rsta recomandat\u0103: 14+<\/strong><\/span><\/p>\n<p><span style=\"font-weight: 400; font-size: 14px;\">Jocurile puzzle \u00ee\u021bi ofer\u0103 avantaje uimitoare care se reflect\u0103 \u00een multe aspecte ale vie\u021bii tale:<\/span><\/p>\n<p><span style=\"font-weight: 400; font-size: 14px;\">\u00ce\u021bi cultiv\u0103 aten\u021bia la detalii.<\/span><\/p>\n<p><span style=\"font-weight: 400; font-size: 14px;\">\u00ce\u021bi dezvolt\u0103 memoria pe termen scurt.<\/span><\/p>\n<p><span style=\"font-weight: 400; font-size: 14px;\">\u00ce\u021bi antrenezi capacitatea de concentrare \u0219i \u00eendem\u00e2narea.<\/span><\/p>\n<p><span style=\"font-weight: 400; font-size: 14px;\">Sunt o modalitate excelent\u0103 de relaxare \u0219i deconectare de la via\u021ba virtual\u0103.<\/span><\/p>\n<p><span style=\"font-weight: 400; font-size: 14px;\">Pot fi un bun prilej de petrecere a timpului liber al\u0103turi de familie.<\/span><\/p>\n<p><span style=\"font-size: 14px;\"><strong>\u0218tiai c\u0103?&#8230;<\/strong><\/span><\/p>\n<p><span style=\"font-weight: 400; font-size: 14px;\">Vechii egipteni au inventat pasta de din\u021bi?<\/span><\/p>\n<p><span style=\"font-weight: 400; font-size: 14px;\">Egiptenii erau mari iubitori de board games. Unul dintre cele mai vechi jocuri de societate care s-a p\u0103strat p\u00e2n\u0103 \u00een zilele noastre este Mehen.<\/span><\/p>\n<p><span style=\"font-weight: 400; font-size: 14px;\">Regimul alimentar al egiptenilor era preponderent vegetarian. \u00cen Egiptul Antic, putea v\u00e2na doar clasa superioar\u0103.\u00a0<\/span><\/p>\n<p><span style=\"font-weight: 400; font-size: 14px;\">Berea era b\u0103utura cea mai popular\u0103, fiind consumat\u0103 la fiecare mas\u0103. Era mai curat\u0103 dec\u00e2t apa din Nil.<\/span><\/p>\n<p><span style=\"font-weight: 400; font-size: 14px;\">\u00cen Egiptul Antic pisicile erau considerate animale sacre \u0219i aduc\u0103toare de noroc \u0219i prosperitate.<\/span><\/p>\n<p><span style=\"font-size: 14px;\"><strong>Puzzle 1000 piese: timp de calitate al\u0103turi de familie<\/strong><\/span><\/p>\n<p><span style=\"font-weight: 400; font-size: 14px;\">Pentru zilele ploioase de toamn\u0103 sau dup\u0103-amiezele monotone \u00een care soarele apune devreme \u0219i sunte\u021bi nevoi\u021bi s\u0103 sta\u021bi \u00een cas\u0103, puzzle 1000 piese Egiptul Antic este prilejul perfect pentru o distrac\u021bie pe cinste \u00een familie.<\/span><\/p>\n<p><span style=\"font-weight: 400; font-size: 14px;\">\u00cen plus, acest joc puzzle este oportunitatea ideal\u0103 pentru a le prezenta copiilor t\u0103i adolescen\u021bi lumea fascinant\u0103 a culturii egiptene. Reface\u021bi \u00eempreun\u0103 imaginea din puzzle 1000 piese \u0219i savura\u021bi bucuria \u00eentregirii tabloului.<\/span><\/p>\n<p><span style=\"font-weight: 400; font-size: 14px;\">Alege puzzle 1000 piese Egiptul Antic \u0219i\u00a0 asambleaz\u0103-l \u00eempreun\u0103 cu cei dragi ori de c\u00e2te ori v\u0103 dori\u021bi o provocare distractiv\u0103. De asemenea, acest minunat puzzle adul\u021bi poate fi oferit cadou cu diverse ocazii prietenilor pasiona\u021bi de jocuri puzzle sau de cultura egiptean\u0103.<\/span><\/p>\n","protected":false},"excerpt":{"rendered":"<p>Pasionat de vechile civiliza\u021bii egiptene \u0219i de jocuri puzzle? Acum ai ocazia s\u0103 \u00eembini cele dou\u0103 pasiuni. Asambleaz\u0103 imaginea cu<\/p>\n","protected":false},"featured_media":10250,"template":"","meta":[],"product_brand":[],"product_cat":[1454,1488,1560],"product_tag":[],"class_list":{"0":"post-19979","1":"product","2":"type-product","3":"status-publish","4":"has-post-thumbnail","6":"product_cat-puzzle","7":"product_cat-puzzle-adulti","8":"product_cat-puzzle-adulti-1000","9":"pa_bax-1273","10":"pa_brand-d_toys","11":"pa_country_of_manufacture-ro","12":"pa_filter_age-1315","13":"pa_painter-ancientegypt","14":"pa_tip_ambalaj-cutie","15":"pa_tip_puzzle-clasic","17":"first","18":"instock","19":"taxable","20":"shipping-taxable","21":"product-type-simple"},"yoast_head":"<!-- This site is optimized with the Yoast SEO plugin v20.1 - https:\/\/yoast.com\/wordpress\/plugins\/seo\/ -->\n<title>Puzzle adul\u021bi 1000 piese - Egiptul Antic - Roovi B2B<\/title>\n<meta name=\"robots\" content=\"index, follow, max-snippet:-1, max-image-preview:large, max-video-preview:-1\" \/>\n<link rel=\"canonical\" href=\"https:\/\/www.roovi.ro\/puzzle-adulti-1000-piese-egiptul-antic\/p\/\" \/>\n<meta property=\"og:locale\" content=\"ro_RO\" \/>\n<meta property=\"og:type\" content=\"article\" \/>\n<meta property=\"og:title\" content=\"Puzzle adul\u021bi 1000 piese - Egiptul Antic - Roovi B2B\" \/>\n<meta property=\"og:description\" content=\"Pasionat de vechile civiliza\u021bii egiptene \u0219i de jocuri puzzle? Acum ai ocazia s\u0103 \u00eembini cele dou\u0103 pasiuni. Asambleaz\u0103 imaginea cu\" \/>\n<meta property=\"og:url\" content=\"https:\/\/www.roovi.ro\/puzzle-adulti-1000-piese-egiptul-antic\/p\/\" \/>\n<meta property=\"og:site_name\" content=\"Roovi B2B\" \/>\n<meta property=\"article:publisher\" content=\"https:\/\/www.facebook.com\/wwwjucariero\" \/>\n<meta property=\"article:modified_time\" content=\"2025-03-17T07:32:18+00:00\" \/>\n<meta property=\"og:image\" content=\"https:\/\/business.roovi.com\/wp-content\/uploads\/2021\/03\/65971-4_ansamblu_dimensiuni_cutie_cm_vertical_1200x1200.png\" \/>\n\t<meta property=\"og:image:width\" content=\"1200\" \/>\n\t<meta property=\"og:image:height\" content=\"1200\" \/>\n\t<meta property=\"og:image:type\" content=\"image\/png\" \/>\n<meta name=\"twitter:label1\" content=\"Timp estimat pentru citire\" \/>\n\t<meta name=\"twitter:data1\" content=\"3 minute\" \/>\n<script type=\"application\/ld+json\" class=\"yoast-schema-graph\">{\"@context\":\"https:\/\/schema.org\",\"@graph\":[{\"@type\":\"WebPage\",\"@id\":\"https:\/\/business.roovi.com\/ro\/puzzle-adulti-1000-piese-egiptul-antic\/p\/\",\"url\":\"https:\/\/www.roovi.ro\/puzzle-adulti-1000-piese-egiptul-antic\/p\/\",\"name\":\"Puzzle adul\u021bi 1000 piese - Egiptul Antic - Roovi B2B\",\"isPartOf\":{\"@id\":\"https:\/\/business.roovi.com\/ro\/#website\"},\"datePublished\":\"2021-03-09T08:38:09+00:00\",\"dateModified\":\"2025-03-17T07:32:18+00:00\",\"breadcrumb\":{\"@id\":\"https:\/\/www.roovi.ro\/puzzle-adulti-1000-piese-egiptul-antic\/p\/#breadcrumb\"},\"inLanguage\":\"ro-RO\",\"potentialAction\":[{\"@type\":\"ReadAction\",\"target\":[\"https:\/\/www.roovi.ro\/puzzle-adulti-1000-piese-egiptul-antic\/p\/\"]}]},{\"@type\":\"BreadcrumbList\",\"@id\":\"https:\/\/www.roovi.ro\/puzzle-adulti-1000-piese-egiptul-antic\/p\/#breadcrumb\",\"itemListElement\":[{\"@type\":\"ListItem\",\"position\":1,\"name\":\"Home\",\"item\":\"https:\/\/business.roovi.com\/ro\/\"},{\"@type\":\"ListItem\",\"position\":2,\"name\":\"Magazin\",\"item\":\"https:\/\/business.roovi.com\/ro\/magazin\/\"},{\"@type\":\"ListItem\",\"position\":3,\"name\":\"Puzzle adul\u021bi 1000 piese &#8211; Egiptul Antic\"}]},{\"@type\":\"WebSite\",\"@id\":\"https:\/\/business.roovi.com\/ro\/#website\",\"url\":\"https:\/\/business.roovi.com\/ro\/\",\"name\":\"Roovi B2B\",\"description\":\"Roovi Business Website\",\"potentialAction\":[{\"@type\":\"SearchAction\",\"target\":{\"@type\":\"EntryPoint\",\"urlTemplate\":\"https:\/\/business.roovi.com\/ro\/?s={search_term_string}\"},\"query-input\":\"required name=search_term_string\"}],\"inLanguage\":\"ro-RO\"}]}<\/script>\n<!-- \/ Yoast SEO plugin. -->","yoast_head_json":{"title":"Puzzle adul\u021bi 1000 piese - Egiptul Antic - Roovi B2B","robots":{"index":"index","follow":"follow","max-snippet":"max-snippet:-1","max-image-preview":"max-image-preview:large","max-video-preview":"max-video-preview:-1"},"canonical":"https:\/\/www.roovi.ro\/puzzle-adulti-1000-piese-egiptul-antic\/p\/","og_locale":"ro_RO","og_type":"article","og_title":"Puzzle adul\u021bi 1000 piese - Egiptul Antic - Roovi B2B","og_description":"Pasionat de vechile civiliza\u021bii egiptene \u0219i de jocuri puzzle? Acum ai ocazia s\u0103 \u00eembini cele dou\u0103 pasiuni. Asambleaz\u0103 imaginea cu","og_url":"https:\/\/www.roovi.ro\/puzzle-adulti-1000-piese-egiptul-antic\/p\/","og_site_name":"Roovi B2B","article_publisher":"https:\/\/www.facebook.com\/wwwjucariero","article_modified_time":"2025-03-17T07:32:18+00:00","og_image":[{"width":1200,"height":1200,"url":"https:\/\/business.roovi.com\/wp-content\/uploads\/2021\/03\/65971-4_ansamblu_dimensiuni_cutie_cm_vertical_1200x1200.png","type":"image\/png"}],"twitter_misc":{"Timp estimat pentru citire":"3 minute"},"schema":{"@context":"https:\/\/schema.org","@graph":[{"@type":"WebPage","@id":"https:\/\/business.roovi.com\/ro\/puzzle-adulti-1000-piese-egiptul-antic\/p\/","url":"https:\/\/www.roovi.ro\/puzzle-adulti-1000-piese-egiptul-antic\/p\/","name":"Puzzle adul\u021bi 1000 piese - Egiptul Antic - Roovi B2B","isPartOf":{"@id":"https:\/\/business.roovi.com\/ro\/#website"},"datePublished":"2021-03-09T08:38:09+00:00","dateModified":"2025-03-17T07:32:18+00:00","breadcrumb":{"@id":"https:\/\/www.roovi.ro\/puzzle-adulti-1000-piese-egiptul-antic\/p\/#breadcrumb"},"inLanguage":"ro-RO","potentialAction":[{"@type":"ReadAction","target":["https:\/\/www.roovi.ro\/puzzle-adulti-1000-piese-egiptul-antic\/p\/"]}]},{"@type":"BreadcrumbList","@id":"https:\/\/www.roovi.ro\/puzzle-adulti-1000-piese-egiptul-antic\/p\/#breadcrumb","itemListElement":[{"@type":"ListItem","position":1,"name":"Home","item":"https:\/\/business.roovi.com\/ro\/"},{"@type":"ListItem","position":2,"name":"Magazin","item":"https:\/\/business.roovi.com\/ro\/magazin\/"},{"@type":"ListItem","position":3,"name":"Puzzle adul\u021bi 1000 piese &#8211; Egiptul Antic"}]},{"@type":"WebSite","@id":"https:\/\/business.roovi.com\/ro\/#website","url":"https:\/\/business.roovi.com\/ro\/","name":"Roovi B2B","description":"Roovi Business Website","potentialAction":[{"@type":"SearchAction","target":{"@type":"EntryPoint","urlTemplate":"https:\/\/business.roovi.com\/ro\/?s={search_term_string}"},"query-input":"required name=search_term_string"}],"inLanguage":"ro-RO"}]}},"_links":{"self":[{"href":"https:\/\/business.roovi.com\/ro\/wp-json\/wp\/v2\/product\/19979","targetHints":{"allow":["GET"]}}],"collection":[{"href":"https:\/\/business.roovi.com\/ro\/wp-json\/wp\/v2\/product"}],"about":[{"href":"https:\/\/business.roovi.com\/ro\/wp-json\/wp\/v2\/types\/product"}],"version-history":[{"count":0,"href":"https:\/\/business.roovi.com\/ro\/wp-json\/wp\/v2\/product\/19979\/revisions"}],"wp:featuredmedia":[{"embeddable":true,"href":"https:\/\/business.roovi.com\/ro\/wp-json\/wp\/v2\/media\/10250"}],"wp:attachment":[{"href":"https:\/\/business.roovi.com\/ro\/wp-json\/wp\/v2\/media?parent=19979"}],"wp:term":[{"taxonomy":"product_brand","embeddable":true,"href":"https:\/\/business.roovi.com\/ro\/wp-json\/wp\/v2\/product_brand?post=19979"},{"taxonomy":"product_cat","embeddable":true,"href":"https:\/\/business.roovi.com\/ro\/wp-json\/wp\/v2\/product_cat?post=19979"},{"taxonomy":"product_tag","embeddable":true,"href":"https:\/\/business.roovi.com\/ro\/wp-json\/wp\/v2\/product_tag?post=19979"}],"curies":[{"name":"wp","href":"https:\/\/api.w.org\/{rel}","templated":true}]}}