{"id":19986,"date":"2021-03-09T08:59:29","date_gmt":"2021-03-09T08:59:29","guid":{"rendered":"https:\/\/business.roovi.com\/product\/puzzle-wassily-kandinsky-the-waterfall-1000-piese\/"},"modified":"2023-03-20T21:21:44","modified_gmt":"2023-03-20T21:21:44","slug":"puzzle-adulti-1000-piese-wassily-kandinsky-the-waterfall-cascada","status":"publish","type":"product","link":"https:\/\/business.roovi.com\/ro\/puzzle-adulti-1000-piese-wassily-kandinsky-the-waterfall-cascada\/p\/","title":{"rendered":"Puzzle adulti 1000 piese Wassily Kandinsky &#8211; Cascada"},"content":{"rendered":"<p><span style=\"font-weight: 400; font-size: 14px;\">Ia o pauz\u0103 de la ecrane! Descoper\u0103 cea mai mare gam\u0103 de puzzle-uri de art\u0103 \u0219i petrece-\u021bi timpul liber \u00een compania celor mai cunoscute picturi din lume. La noi g\u0103se\u0219ti puzzle 1000 piese cu imagini ale capodoperelor de art\u0103 din cele mai reprezentative perioade artistice. Selecteaz\u0103-\u021bi jocurile puzzle favorite \u0219i conecteaz\u0103-te la lumea artei!<\/span><\/p>\n<p><span style=\"font-size: 14px;\"><span style=\"font-weight: 400;\">Puzzle 1000 piese <\/span><span style=\"font-weight: 400;\">Wassily <\/span><span style=\"font-weight: 400;\">Kandinsky &#8211; Waterfall\/Cascada \u00ee\u021bi ofer\u0103 o provocare coloristic\u0103 intens\u0103. Pictura artistului de origine rus\u0103 red\u0103, ca toate operele sale abstracte, o armonie perfect\u0103 de culoare. Ai nevoie doar de r\u0103bdare \u0219i perseveren\u021b\u0103 \u0219i vei reu\u0219i s\u0103 reconstitui \u0219i tu tabloul care l-a f\u0103cut celebru.\u00a0<\/span><\/span><\/p>\n<p><span style=\"font-weight: 400; font-size: 14px;\">Pentru suportul pieselor din puzzle 1000 piese po\u021bi utiliza o m\u0103su\u021b\u0103 obi\u0219nuit\u0103 de cafea. Tabloul pe care \u00eel vei ob\u021bine are dimensiunile de 50 x 70 cm.<\/span><\/p>\n<p><span style=\"font-size: 14px;\"><span style=\"font-weight: 400;\">Cite\u0219te mai jos mai multe informa\u021bii despre puzzle de art\u0103 Wassily <\/span><span style=\"font-weight: 400;\">Kandinsky &#8211; Waterfall\/Cascada:<\/span><\/span><\/p>\n<p><span style=\"font-size: 14px;\"><strong>Material puzzle:\u00a0<\/strong><\/span><\/p>\n<p><span style=\"font-size: 14px;\"><strong>carton albastru de o calitate superioar\u0103<\/strong><\/span><\/p>\n<p><span style=\"font-size: 14px;\"><strong>materiale sustenabile, reciclabile<\/strong><\/span><\/p>\n<p><span style=\"font-size: 14px;\"><strong>finisaj semi-lucios, culori vii<\/strong><\/span><\/p>\n<p><span style=\"font-size: 14px;\"><strong>Num\u0103rul pieselor de puzzle: 1000<\/strong><\/span><\/p>\n<p><span style=\"font-size: 14px;\"><strong>V\u00e2rsta recomandat\u0103: 14+<\/strong><\/span><\/p>\n<p><span style=\"font-size: 14px;\"><strong>Cu puzzle 1000 piese ai posibilit\u0103\u021bi multiple<\/strong><strong> de relaxare \u0219i dezvoltare<\/strong><\/span><\/p>\n<p><span style=\"font-weight: 400; font-size: 14px;\">Cau\u021bi o activitate care s\u0103 te deconecteze de la problemele zilnice? Jocurile puzzle \u00ee\u021bi vin \u00een ajutor. Alc\u0103tuie\u0219te imagini din 1000 piese puzzle \u0219i elibereaz\u0103-\u021bi mintea de stres. Vrei s\u0103 te distrezi cu prietenii \u00een zilele monotone de iarn\u0103? Jocurile puzzle sunt ideale \u0219i pentru aceste momente! \u00cen plus, puzzle-urile 1000 piese sunt jocuri ideale pentru:<\/span><\/p>\n<ul>\n<li><span style=\"font-weight: 400; font-size: 14px;\">Antrenarea memoria.<\/span><\/li>\n<li><span style=\"font-weight: 400; font-size: 14px;\">Dezvoltarea imagina\u021biei.\u00a0<\/span><\/li>\n<li><span style=\"font-weight: 400; font-size: 14px;\">\u00cembun\u0103t\u0103\u021birea abilit\u0103\u021bilor de rezolvare a problemelor.<\/span><\/li>\n<li><span style=\"font-weight: 400; font-size: 14px;\">Dezvoltarea g\u00e2ndirii logice.<\/span><\/li>\n<li><span style=\"font-weight: 400; font-size: 14px;\">\u00cembun\u0103t\u0103\u021birea inteligen\u021bei vizual spa\u021biale.<\/span><\/li>\n<\/ul>\n<p><span style=\"font-size: 14px;\"><strong>Despre Wassily <\/strong><strong>Kandinsky <\/strong><strong>\u0219i <\/strong><strong><em>Cascada<\/em><\/strong><strong> \u0219tiai c\u0103?<\/strong><\/span><\/p>\n<p><span style=\"font-size: 14px;\"><span style=\"font-weight: 400;\">Wassily <\/span><span style=\"font-weight: 400;\">Kandinsky este unul dintre cei mai importan\u021bi arti\u0219ti care au contribuit la mi\u0219carea de avangard\u0103 de la \u00eenceputul secolului al XX-lea.<\/span><\/span><\/p>\n<p><span style=\"font-weight: 400; font-size: 14px;\">A asociat muzica \u0219i culoarea \u00eentr-o nou\u0103 form\u0103 \u0219i a dorit ca arta lui sa fie mai mult dec\u00e2t o exprimare a realit\u0103\u021bii \u0219i s\u0103 creeze emo\u021bie.<\/span><\/p>\n<p><span style=\"font-size: 14px;\"><span style=\"font-weight: 400;\">Artistul a pictat <\/span><em><span style=\"font-weight: 400;\">Cascada<\/span><\/em><span style=\"font-weight: 400;\"> \u00eentr-un moment de cotitur\u0103, c\u00e2nd \u00ee\u0219i transforma peisajele naturaliste \u00een compozi\u021bii abstracte.\u00a0<\/span><\/span><\/p>\n<p><span style=\"font-weight: 400; font-size: 14px;\">Pentru realizarea acestei lucr\u0103ri, pictorul s-a inspirat din peisajul rural german din Murnau, \u00een apropiere de M\u00fcnchen.<\/span><\/p>\n<p><span style=\"font-weight: 400; font-size: 14px;\">Pentru c\u0103 arta lui nu a fost \u00een\u021beleas\u0103, a ajuns s\u0103 moar\u0103 \u00een s\u0103r\u0103cie. Paradoxal, dup\u0103 moartea lui, picturile i se v\u00e2nd cu multe milioane de euro.<\/span><\/p>\n<p><span style=\"font-size: 14px;\"><strong>Alte 5 avantaje pe care \u021bi le ofer\u0103 puzzle-urile de art\u0103<\/strong><\/span><\/p>\n<p><span style=\"font-weight: 400; font-size: 14px;\">E\u0219ti curios s\u0103 aflii ce beneficii \u00ee\u021bi pot aduce puzzle-urile de art\u0103? Iat\u0103 5 dintre acestea:<\/span><\/p>\n<p><span style=\"font-weight: 400; font-size: 14px;\">1. Te introduc \u00een lumea minunat\u0103 a picturilor celebre \u0219i \u00ee\u021bi dezvolt\u0103 imagina\u021bia.<\/span><\/p>\n<p><span style=\"font-weight: 400; font-size: 14px;\">2. Cu ajutorul lor, reconstruie\u0219ti capodopere artistice pe care le po\u021bi \u00eenr\u0103ma \u0219i cu care \u00ee\u021bi po\u021bi decora locuin\u021ba.<\/span><\/p>\n<p><span style=\"font-weight: 400; font-size: 14px;\">3. Puzzle-urile de art\u0103 te fac s\u0103 devii curios \u0219i s\u0103 \u00ee\u021bi dore\u0219ti s\u0103 afli mai multe despre picturile celebre \u0219i despre autorii acestora.<\/span><\/p>\n<p><span style=\"font-weight: 400; font-size: 14px;\">4. Prin puzzle-urile de art\u0103 reu\u0219e\u0219ti s\u0103 surprinzi cele mai mici detalii ale capodoperelor pe care le reprezint\u0103 \u0219i s\u0103 le admiri \u00een tihn\u0103 odat\u0103 ce imaginea este gata.<\/span><\/p>\n<p><span style=\"font-weight: 400; font-size: 14px;\">5. \u00ce\u021bi \u00eembun\u0103t\u0103\u021be\u0219ti abilit\u0103\u021bile de rezolvare a jocurilor puzzle \u0219i te m\u00e2ndre\u0219ti \u00een fa\u021ba prietenilor cu acestea.<\/span><\/p>\n<p><span style=\"font-size: 14px;\"><span style=\"font-weight: 400;\">Dac\u0103 vrei s\u0103 ai parte de toate aceste avantaje \u0219i, \u00een plus, s\u0103 petreci p\u00e2n\u0103 la 30 de ore de relaxare profund\u0103, cump\u0103r\u0103 puzzle 1000 piese Wassily <\/span><span style=\"font-weight: 400;\">Kandinsky &#8211; Waterfall\/Cascada. Pictura avangardist\u0103 din acest minunat puzzle de art\u0103 \u00eei va da casei tale un aspect modern \u0219i rafinat. Puzzle 1000 piese <\/span><span style=\"font-weight: 400;\">Wassily <\/span><span style=\"font-weight: 400;\">Kandinsky &#8211; Waterfall\/Cascada din colec\u021bia puzzle de art\u0103 este cadoul perfect pentru membrii familiei sau prietenii pasiona\u021bi de jocuri puzzle.<\/span><\/span><\/p>\n","protected":false},"excerpt":{"rendered":"<p>Ia o pauz\u0103 de la ecrane! Descoper\u0103 cea mai mare gam\u0103 de puzzle-uri de art\u0103 \u0219i petrece-\u021bi timpul liber \u00een<\/p>\n","protected":false},"featured_media":63512,"template":"","meta":[],"product_brand":[],"product_cat":[1454,1488,1560],"product_tag":[],"class_list":{"0":"post-19986","1":"product","2":"type-product","3":"status-publish","4":"has-post-thumbnail","6":"product_cat-puzzle","7":"product_cat-puzzle-adulti","8":"product_cat-puzzle-adulti-1000","9":"pa_bax-1273","10":"pa_brand-d_toys","11":"pa_country_of_manufacture-ro","12":"pa_filter_age-1315","13":"pa_painter-wassilykandinsky","14":"pa_tip_ambalaj-cutie","15":"pa_tip_puzzle-clasic","17":"first","18":"instock","19":"taxable","20":"shipping-taxable","21":"product-type-simple"},"yoast_head":"<!-- This site is optimized with the Yoast SEO plugin v20.1 - https:\/\/yoast.com\/wordpress\/plugins\/seo\/ -->\n<title>Puzzle adulti 1000 piese Wassily Kandinsky - Cascada - Roovi B2B<\/title>\n<meta name=\"robots\" content=\"index, follow, max-snippet:-1, max-image-preview:large, max-video-preview:-1\" \/>\n<link rel=\"canonical\" href=\"https:\/\/www.roovi.ro\/puzzle-adulti-1000-piese-wassily-kandinsky-the-waterfall-cascada\/p\/\" \/>\n<meta property=\"og:locale\" content=\"ro_RO\" \/>\n<meta property=\"og:type\" content=\"article\" \/>\n<meta property=\"og:title\" content=\"Puzzle adulti 1000 piese Wassily Kandinsky - Cascada - Roovi B2B\" \/>\n<meta property=\"og:description\" content=\"Ia o pauz\u0103 de la ecrane! Descoper\u0103 cea mai mare gam\u0103 de puzzle-uri de art\u0103 \u0219i petrece-\u021bi timpul liber \u00een\" \/>\n<meta property=\"og:url\" content=\"https:\/\/www.roovi.ro\/puzzle-adulti-1000-piese-wassily-kandinsky-the-waterfall-cascada\/p\/\" \/>\n<meta property=\"og:site_name\" content=\"Roovi B2B\" \/>\n<meta property=\"article:publisher\" content=\"https:\/\/www.facebook.com\/wwwjucariero\" \/>\n<meta property=\"article:modified_time\" content=\"2023-03-20T21:21:44+00:00\" \/>\n<meta property=\"og:image\" content=\"https:\/\/business.roovi.com\/wp-content\/uploads\/2021\/03\/72849-KA-07-WEB.jpg\" \/>\n\t<meta property=\"og:image:width\" content=\"1200\" \/>\n\t<meta property=\"og:image:height\" content=\"1200\" \/>\n\t<meta property=\"og:image:type\" content=\"image\/jpeg\" \/>\n<meta name=\"twitter:label1\" content=\"Timp estimat pentru citire\" \/>\n\t<meta name=\"twitter:data1\" content=\"4 minute\" \/>\n<script type=\"application\/ld+json\" class=\"yoast-schema-graph\">{\"@context\":\"https:\/\/schema.org\",\"@graph\":[{\"@type\":\"WebPage\",\"@id\":\"https:\/\/business.roovi.com\/ro\/puzzle-adulti-1000-piese-wassily-kandinsky-the-waterfall-cascada\/p\/\",\"url\":\"https:\/\/www.roovi.ro\/puzzle-adulti-1000-piese-wassily-kandinsky-the-waterfall-cascada\/p\/\",\"name\":\"Puzzle adulti 1000 piese Wassily Kandinsky - Cascada - Roovi B2B\",\"isPartOf\":{\"@id\":\"https:\/\/business.roovi.com\/ro\/#website\"},\"datePublished\":\"2021-03-09T08:59:29+00:00\",\"dateModified\":\"2023-03-20T21:21:44+00:00\",\"breadcrumb\":{\"@id\":\"https:\/\/www.roovi.ro\/puzzle-adulti-1000-piese-wassily-kandinsky-the-waterfall-cascada\/p\/#breadcrumb\"},\"inLanguage\":\"ro-RO\",\"potentialAction\":[{\"@type\":\"ReadAction\",\"target\":[\"https:\/\/www.roovi.ro\/puzzle-adulti-1000-piese-wassily-kandinsky-the-waterfall-cascada\/p\/\"]}]},{\"@type\":\"BreadcrumbList\",\"@id\":\"https:\/\/www.roovi.ro\/puzzle-adulti-1000-piese-wassily-kandinsky-the-waterfall-cascada\/p\/#breadcrumb\",\"itemListElement\":[{\"@type\":\"ListItem\",\"position\":1,\"name\":\"Home\",\"item\":\"https:\/\/business.roovi.com\/ro\/\"},{\"@type\":\"ListItem\",\"position\":2,\"name\":\"Magazin\",\"item\":\"https:\/\/business.roovi.com\/ro\/magazin\/\"},{\"@type\":\"ListItem\",\"position\":3,\"name\":\"Puzzle adulti 1000 piese Wassily Kandinsky &#8211; Cascada\"}]},{\"@type\":\"WebSite\",\"@id\":\"https:\/\/business.roovi.com\/ro\/#website\",\"url\":\"https:\/\/business.roovi.com\/ro\/\",\"name\":\"Roovi B2B\",\"description\":\"Roovi Business Website\",\"potentialAction\":[{\"@type\":\"SearchAction\",\"target\":{\"@type\":\"EntryPoint\",\"urlTemplate\":\"https:\/\/business.roovi.com\/ro\/?s={search_term_string}\"},\"query-input\":\"required name=search_term_string\"}],\"inLanguage\":\"ro-RO\"}]}<\/script>\n<!-- \/ Yoast SEO plugin. -->","yoast_head_json":{"title":"Puzzle adulti 1000 piese Wassily Kandinsky - Cascada - Roovi B2B","robots":{"index":"index","follow":"follow","max-snippet":"max-snippet:-1","max-image-preview":"max-image-preview:large","max-video-preview":"max-video-preview:-1"},"canonical":"https:\/\/www.roovi.ro\/puzzle-adulti-1000-piese-wassily-kandinsky-the-waterfall-cascada\/p\/","og_locale":"ro_RO","og_type":"article","og_title":"Puzzle adulti 1000 piese Wassily Kandinsky - Cascada - Roovi B2B","og_description":"Ia o pauz\u0103 de la ecrane! Descoper\u0103 cea mai mare gam\u0103 de puzzle-uri de art\u0103 \u0219i petrece-\u021bi timpul liber \u00een","og_url":"https:\/\/www.roovi.ro\/puzzle-adulti-1000-piese-wassily-kandinsky-the-waterfall-cascada\/p\/","og_site_name":"Roovi B2B","article_publisher":"https:\/\/www.facebook.com\/wwwjucariero","article_modified_time":"2023-03-20T21:21:44+00:00","og_image":[{"width":1200,"height":1200,"url":"https:\/\/business.roovi.com\/wp-content\/uploads\/2021\/03\/72849-KA-07-WEB.jpg","type":"image\/jpeg"}],"twitter_misc":{"Timp estimat pentru citire":"4 minute"},"schema":{"@context":"https:\/\/schema.org","@graph":[{"@type":"WebPage","@id":"https:\/\/business.roovi.com\/ro\/puzzle-adulti-1000-piese-wassily-kandinsky-the-waterfall-cascada\/p\/","url":"https:\/\/www.roovi.ro\/puzzle-adulti-1000-piese-wassily-kandinsky-the-waterfall-cascada\/p\/","name":"Puzzle adulti 1000 piese Wassily Kandinsky - Cascada - Roovi B2B","isPartOf":{"@id":"https:\/\/business.roovi.com\/ro\/#website"},"datePublished":"2021-03-09T08:59:29+00:00","dateModified":"2023-03-20T21:21:44+00:00","breadcrumb":{"@id":"https:\/\/www.roovi.ro\/puzzle-adulti-1000-piese-wassily-kandinsky-the-waterfall-cascada\/p\/#breadcrumb"},"inLanguage":"ro-RO","potentialAction":[{"@type":"ReadAction","target":["https:\/\/www.roovi.ro\/puzzle-adulti-1000-piese-wassily-kandinsky-the-waterfall-cascada\/p\/"]}]},{"@type":"BreadcrumbList","@id":"https:\/\/www.roovi.ro\/puzzle-adulti-1000-piese-wassily-kandinsky-the-waterfall-cascada\/p\/#breadcrumb","itemListElement":[{"@type":"ListItem","position":1,"name":"Home","item":"https:\/\/business.roovi.com\/ro\/"},{"@type":"ListItem","position":2,"name":"Magazin","item":"https:\/\/business.roovi.com\/ro\/magazin\/"},{"@type":"ListItem","position":3,"name":"Puzzle adulti 1000 piese Wassily Kandinsky &#8211; Cascada"}]},{"@type":"WebSite","@id":"https:\/\/business.roovi.com\/ro\/#website","url":"https:\/\/business.roovi.com\/ro\/","name":"Roovi B2B","description":"Roovi Business Website","potentialAction":[{"@type":"SearchAction","target":{"@type":"EntryPoint","urlTemplate":"https:\/\/business.roovi.com\/ro\/?s={search_term_string}"},"query-input":"required name=search_term_string"}],"inLanguage":"ro-RO"}]}},"_links":{"self":[{"href":"https:\/\/business.roovi.com\/ro\/wp-json\/wp\/v2\/product\/19986","targetHints":{"allow":["GET"]}}],"collection":[{"href":"https:\/\/business.roovi.com\/ro\/wp-json\/wp\/v2\/product"}],"about":[{"href":"https:\/\/business.roovi.com\/ro\/wp-json\/wp\/v2\/types\/product"}],"version-history":[{"count":0,"href":"https:\/\/business.roovi.com\/ro\/wp-json\/wp\/v2\/product\/19986\/revisions"}],"wp:featuredmedia":[{"embeddable":true,"href":"https:\/\/business.roovi.com\/ro\/wp-json\/wp\/v2\/media\/63512"}],"wp:attachment":[{"href":"https:\/\/business.roovi.com\/ro\/wp-json\/wp\/v2\/media?parent=19986"}],"wp:term":[{"taxonomy":"product_brand","embeddable":true,"href":"https:\/\/business.roovi.com\/ro\/wp-json\/wp\/v2\/product_brand?post=19986"},{"taxonomy":"product_cat","embeddable":true,"href":"https:\/\/business.roovi.com\/ro\/wp-json\/wp\/v2\/product_cat?post=19986"},{"taxonomy":"product_tag","embeddable":true,"href":"https:\/\/business.roovi.com\/ro\/wp-json\/wp\/v2\/product_tag?post=19986"}],"curies":[{"name":"wp","href":"https:\/\/api.w.org\/{rel}","templated":true}]}}