{"id":19987,"date":"2021-03-09T09:00:36","date_gmt":"2021-03-09T09:00:36","guid":{"rendered":"https:\/\/business.roovi.com\/product\/puzzle-wassily-kandinsky-the-whole-1000-piese\/"},"modified":"2025-03-18T08:44:18","modified_gmt":"2025-03-18T08:44:18","slug":"puzzle-adulti-1000-piese-wassily-kandinsky-the-whole","status":"publish","type":"product","link":"https:\/\/business.roovi.com\/ro\/puzzle-adulti-1000-piese-wassily-kandinsky-the-whole\/p\/","title":{"rendered":"Puzzle adulti 1000 piese Wassily Kandinsky &#8211; The Whole"},"content":{"rendered":"<p><span style=\"font-weight: 400;\">Te crezi bun la jocurile puzzle? Te provoc\u0103m s\u0103 asamblezi puzzle-uri de art\u0103! Alege acum din sutele de modele disponibile pe site puzzle-uri de 1000 piese care \u00eenf\u0103\u021bi\u0219eaz\u0103 imagini cu picturi celebre. Ref\u0103 imaginile din puzzle-urile de art\u0103 \u0219i ob\u021bine replici uimitor de asem\u0103n\u0103toare cu operele de art\u0103 celebre.<\/span><\/p>\n<p><span style=\"font-weight: 400;\">Puzzle 1000 piese Wassily Kandinsky &#8211; The Whole red\u0103 imaginea uneia dintre picturile abstracte pentru care este renumit pictorul de origine rus\u0103. Kandinsky a fost un vizionar \u0219i poate printre primii pictori care s-a g\u00e2ndit la rolul pe care \u00eel are arta \u00een dezvoltarea spiritual\u0103 a omului. Lucrarea lui este mai mult dec\u00e2t o pictur\u0103 artistic\u0103, este o invita\u021bie la introspec\u021bie.\u00a0<\/span><\/p>\n<p><span style=\"font-weight: 400;\">Frumuse\u021bea acestui puzzle de art\u0103 este c\u0103 po\u021bi interpreta \u00een orice mod vrei opera din spatele lui. Nicio variant\u0103 nu este gre\u0219it\u0103. Descoper\u0103 a\u0219adar simbolurile ascunse \u0219i mediteaz\u0103 la sensul artei din via\u021ba ta prin acest puzzle de 1000 piese fabulos. Pentru suportul pieselor po\u021bi utiliza o m\u0103su\u021b\u0103 obi\u0219nuit\u0103 de cafea. Imaginea reconstituit\u0103 are dimensiunile de 50 x 70 cm.<\/span><\/p>\n<p><span style=\"font-weight: 400;\">Caracteristici puzzle de art\u0103 Wassily Kandinsky &#8211; The Whole:<\/span><\/p>\n<p><strong>Material puzzle:\u00a0<\/strong><\/p>\n<p><strong>carton albastru de o calitate superioar\u0103<\/strong><\/p>\n<p><strong>materiale sustenabile, reciclabile<\/strong><\/p>\n<p><strong>finisaj semi-lucios, culori vii<\/strong><\/p>\n<p><strong>Num\u0103rul pieselor de puzzle: 1000<\/strong><\/p>\n<p><strong>V\u00e2rsta recomandat\u0103: 14+<\/strong><\/p>\n<p><strong>Jocurile puzzle te ajut\u0103 s\u0103 te conectezi cu tine \u00eensu\u021bi<\/strong><\/p>\n<p><span style=\"font-weight: 400;\">Jocurile puzzle sunt o provocare a min\u021bii, dar \u0219i o modalitate de conectare profund\u0103 cu sinele t\u0103u interior. Atunci c\u00e2nd refaci imaginea din puzzle 1000 piese, creierul t\u0103u se afl\u0103 \u00eentr-o stare &#8222;Alfa&#8221; care seam\u0103n\u0103 cu cea \u00een care te afli c\u00e2nd dormi. Nimic din jurul t\u0103u nu mai conteaz\u0103 atunci c\u00e2nd te-ai conectat at\u00e2t de profund cu lumea ta interioar\u0103. De aceea \u0219i senza\u021bia de dup\u0103 este una de profund\u0103 relaxare, optimist \u0219i stare de bine. Aceast\u0103 relaxare profund\u0103 aduce cu sine \u0219i alte beneficii, precum:<\/span><\/p>\n<ul>\n<li><span style=\"font-weight: 400;\">Ameliorarea st\u0103rilor de anxietate.<\/span><\/li>\n<li><span style=\"font-weight: 400;\">Reducerea stresului.<\/span><\/li>\n<li><span style=\"font-weight: 400;\">\u00cembun\u0103t\u0103\u021birea st\u0103rii de spirit.<\/span><\/li>\n<li><span style=\"font-weight: 400;\">\u00cembun\u0103t\u0103\u021birea somnului \u0219i reducerea insomniilor.<\/span><\/li>\n<\/ul>\n<p><strong>5 informa\u021bii pe care nu le \u0219tiai despre Wassily Kandinsky<\/strong><\/p>\n<p><span style=\"font-weight: 400;\">1. A fost un pictor genial \u0219i ar fi putut fi un avocat de succes. A studiat Dreptul, dar a renun\u021bat la aceast\u0103 carier\u0103 \u00een favoarea picturii.<\/span><\/p>\n<p><span style=\"font-weight: 400;\">2. \u00cenainte de a adopta stilul avangardist, a pictat scene tradi\u021bionale de la \u021bar\u0103.<\/span><\/p>\n<p><span style=\"font-weight: 400;\">3. A realizat prima pictur\u0103 abstract\u0103 din lume: <\/span><em><span style=\"font-weight: 400;\">\u201cPicture with a Circle\u201c &#8211; \u201cTablou cu un cerc\u201d.<\/span><\/em><\/p>\n<p><span style=\"font-weight: 400;\">4. A fost marginalizat de nazi\u0219ti \u0219i numit \u201cpictor degenerat\u201c.<\/span><\/p>\n<p><span style=\"font-weight: 400;\">5. Nici criticii contemporani nu i-au \u00een\u021beles arta. Analiz\u00e2nd lucr\u0103rile lui abstracte, au ajuns la concluzia c\u0103 sunt opera unui artist nebun sau drogat.<\/span><\/p>\n<p><strong>\u0218tiai c\u0103 puzzle-urile de adul\u021bi fac bine creierului?<\/strong><\/p>\n<p><span style=\"font-weight: 400;\">Studiile arat\u0103 c\u0103 jocurile puzzle antreneaz\u0103 at\u00e2t emisfera cerebral\u0103 dreapt\u0103, c\u00e2t \u0219i pe cea st\u00e2ng\u0103, astfel \u00eenc\u00e2t creierul func\u021bioneaz\u0103 ca un \u00eentreg atunci c\u00e2nd asamblezi puzzle 1000 piese. \u00cen plus, jocurile puzzle sporesc concentrarea \u0219i stimuleaz\u0103 g\u00e2ndirea logic\u0103 pentru g\u0103sirea solu\u021biilor potrivite de refacere a imaginilor.<\/span><\/p>\n<p><span style=\"font-weight: 400;\">Cump\u0103r\u0103 acum puzzle 1000 piese <\/span><span style=\"font-weight: 400;\">Wassily Kandinsky &#8211; The Whole \u0219i afl\u0103 care este rolul artei \u00een dezvoltarea ta spiritual\u0103. Provoac\u0103-\u021bi \u0219i prietenii la aceast\u0103 introspec\u021bie \u0219i reface\u021bi \u00eempreun\u0103 un tablou de art\u0103 veritabil. Puzzle de art\u0103 Wassily Kandinsky &#8211; The Whole este cadoul perfect dac\u0103 dore\u0219ti s\u0103-i faci o surpriz\u0103 pl\u0103cut\u0103 unui prieten pasionat de jocuri puzzle.<\/span><\/p>\n","protected":false},"excerpt":{"rendered":"<p>Te crezi bun la jocurile puzzle? Te provoc\u0103m s\u0103 asamblezi puzzle-uri de art\u0103! Alege acum din sutele de modele disponibile<\/p>\n","protected":false},"featured_media":63507,"template":"","meta":[],"product_brand":[],"product_cat":[1454,1488,1560],"product_tag":[],"class_list":{"0":"post-19987","1":"product","2":"type-product","3":"status-publish","4":"has-post-thumbnail","6":"product_cat-puzzle","7":"product_cat-puzzle-adulti","8":"product_cat-puzzle-adulti-1000","9":"pa_bax-1273","10":"pa_brand-d_toys","11":"pa_country_of_manufacture-ro","12":"pa_filter_age-1315","13":"pa_painter-wassilykandinsky","14":"pa_tip_ambalaj-cutie","15":"pa_tip_puzzle-clasic","17":"first","18":"instock","19":"taxable","20":"shipping-taxable","21":"product-type-simple"},"yoast_head":"<!-- This site is optimized with the Yoast SEO plugin v20.1 - https:\/\/yoast.com\/wordpress\/plugins\/seo\/ -->\n<title>Puzzle adulti 1000 piese Wassily Kandinsky - The Whole - Roovi B2B<\/title>\n<meta name=\"robots\" content=\"index, follow, max-snippet:-1, max-image-preview:large, max-video-preview:-1\" \/>\n<link rel=\"canonical\" href=\"https:\/\/www.roovi.ro\/puzzle-adulti-1000-piese-wassily-kandinsky-the-whole\/p\/\" \/>\n<meta property=\"og:locale\" content=\"ro_RO\" \/>\n<meta property=\"og:type\" content=\"article\" \/>\n<meta property=\"og:title\" content=\"Puzzle adulti 1000 piese Wassily Kandinsky - The Whole - Roovi B2B\" \/>\n<meta property=\"og:description\" content=\"Te crezi bun la jocurile puzzle? Te provoc\u0103m s\u0103 asamblezi puzzle-uri de art\u0103! Alege acum din sutele de modele disponibile\" \/>\n<meta property=\"og:url\" content=\"https:\/\/www.roovi.ro\/puzzle-adulti-1000-piese-wassily-kandinsky-the-whole\/p\/\" \/>\n<meta property=\"og:site_name\" content=\"Roovi B2B\" \/>\n<meta property=\"article:publisher\" content=\"https:\/\/www.facebook.com\/wwwjucariero\" \/>\n<meta property=\"article:modified_time\" content=\"2025-03-18T08:44:18+00:00\" \/>\n<meta property=\"og:image\" content=\"https:\/\/business.roovi.com\/wp-content\/uploads\/2021\/03\/72849-KA-08-WEB.jpg\" \/>\n\t<meta property=\"og:image:width\" content=\"1200\" \/>\n\t<meta property=\"og:image:height\" content=\"1200\" \/>\n\t<meta property=\"og:image:type\" content=\"image\/jpeg\" \/>\n<meta name=\"twitter:label1\" content=\"Timp estimat pentru citire\" \/>\n\t<meta name=\"twitter:data1\" content=\"3 minute\" \/>\n<script type=\"application\/ld+json\" class=\"yoast-schema-graph\">{\"@context\":\"https:\/\/schema.org\",\"@graph\":[{\"@type\":\"WebPage\",\"@id\":\"https:\/\/business.roovi.com\/ro\/puzzle-adulti-1000-piese-wassily-kandinsky-the-whole\/p\/\",\"url\":\"https:\/\/www.roovi.ro\/puzzle-adulti-1000-piese-wassily-kandinsky-the-whole\/p\/\",\"name\":\"Puzzle adulti 1000 piese Wassily Kandinsky - The Whole - Roovi B2B\",\"isPartOf\":{\"@id\":\"https:\/\/business.roovi.com\/ro\/#website\"},\"datePublished\":\"2021-03-09T09:00:36+00:00\",\"dateModified\":\"2025-03-18T08:44:18+00:00\",\"breadcrumb\":{\"@id\":\"https:\/\/www.roovi.ro\/puzzle-adulti-1000-piese-wassily-kandinsky-the-whole\/p\/#breadcrumb\"},\"inLanguage\":\"ro-RO\",\"potentialAction\":[{\"@type\":\"ReadAction\",\"target\":[\"https:\/\/www.roovi.ro\/puzzle-adulti-1000-piese-wassily-kandinsky-the-whole\/p\/\"]}]},{\"@type\":\"BreadcrumbList\",\"@id\":\"https:\/\/www.roovi.ro\/puzzle-adulti-1000-piese-wassily-kandinsky-the-whole\/p\/#breadcrumb\",\"itemListElement\":[{\"@type\":\"ListItem\",\"position\":1,\"name\":\"Home\",\"item\":\"https:\/\/business.roovi.com\/ro\/\"},{\"@type\":\"ListItem\",\"position\":2,\"name\":\"Magazin\",\"item\":\"https:\/\/business.roovi.com\/ro\/magazin\/\"},{\"@type\":\"ListItem\",\"position\":3,\"name\":\"Puzzle adulti 1000 piese Wassily Kandinsky &#8211; The Whole\"}]},{\"@type\":\"WebSite\",\"@id\":\"https:\/\/business.roovi.com\/ro\/#website\",\"url\":\"https:\/\/business.roovi.com\/ro\/\",\"name\":\"Roovi B2B\",\"description\":\"Roovi Business Website\",\"potentialAction\":[{\"@type\":\"SearchAction\",\"target\":{\"@type\":\"EntryPoint\",\"urlTemplate\":\"https:\/\/business.roovi.com\/ro\/?s={search_term_string}\"},\"query-input\":\"required name=search_term_string\"}],\"inLanguage\":\"ro-RO\"}]}<\/script>\n<!-- \/ Yoast SEO plugin. -->","yoast_head_json":{"title":"Puzzle adulti 1000 piese Wassily Kandinsky - The Whole - Roovi B2B","robots":{"index":"index","follow":"follow","max-snippet":"max-snippet:-1","max-image-preview":"max-image-preview:large","max-video-preview":"max-video-preview:-1"},"canonical":"https:\/\/www.roovi.ro\/puzzle-adulti-1000-piese-wassily-kandinsky-the-whole\/p\/","og_locale":"ro_RO","og_type":"article","og_title":"Puzzle adulti 1000 piese Wassily Kandinsky - The Whole - Roovi B2B","og_description":"Te crezi bun la jocurile puzzle? Te provoc\u0103m s\u0103 asamblezi puzzle-uri de art\u0103! Alege acum din sutele de modele disponibile","og_url":"https:\/\/www.roovi.ro\/puzzle-adulti-1000-piese-wassily-kandinsky-the-whole\/p\/","og_site_name":"Roovi B2B","article_publisher":"https:\/\/www.facebook.com\/wwwjucariero","article_modified_time":"2025-03-18T08:44:18+00:00","og_image":[{"width":1200,"height":1200,"url":"https:\/\/business.roovi.com\/wp-content\/uploads\/2021\/03\/72849-KA-08-WEB.jpg","type":"image\/jpeg"}],"twitter_misc":{"Timp estimat pentru citire":"3 minute"},"schema":{"@context":"https:\/\/schema.org","@graph":[{"@type":"WebPage","@id":"https:\/\/business.roovi.com\/ro\/puzzle-adulti-1000-piese-wassily-kandinsky-the-whole\/p\/","url":"https:\/\/www.roovi.ro\/puzzle-adulti-1000-piese-wassily-kandinsky-the-whole\/p\/","name":"Puzzle adulti 1000 piese Wassily Kandinsky - The Whole - Roovi B2B","isPartOf":{"@id":"https:\/\/business.roovi.com\/ro\/#website"},"datePublished":"2021-03-09T09:00:36+00:00","dateModified":"2025-03-18T08:44:18+00:00","breadcrumb":{"@id":"https:\/\/www.roovi.ro\/puzzle-adulti-1000-piese-wassily-kandinsky-the-whole\/p\/#breadcrumb"},"inLanguage":"ro-RO","potentialAction":[{"@type":"ReadAction","target":["https:\/\/www.roovi.ro\/puzzle-adulti-1000-piese-wassily-kandinsky-the-whole\/p\/"]}]},{"@type":"BreadcrumbList","@id":"https:\/\/www.roovi.ro\/puzzle-adulti-1000-piese-wassily-kandinsky-the-whole\/p\/#breadcrumb","itemListElement":[{"@type":"ListItem","position":1,"name":"Home","item":"https:\/\/business.roovi.com\/ro\/"},{"@type":"ListItem","position":2,"name":"Magazin","item":"https:\/\/business.roovi.com\/ro\/magazin\/"},{"@type":"ListItem","position":3,"name":"Puzzle adulti 1000 piese Wassily Kandinsky &#8211; The Whole"}]},{"@type":"WebSite","@id":"https:\/\/business.roovi.com\/ro\/#website","url":"https:\/\/business.roovi.com\/ro\/","name":"Roovi B2B","description":"Roovi Business Website","potentialAction":[{"@type":"SearchAction","target":{"@type":"EntryPoint","urlTemplate":"https:\/\/business.roovi.com\/ro\/?s={search_term_string}"},"query-input":"required name=search_term_string"}],"inLanguage":"ro-RO"}]}},"_links":{"self":[{"href":"https:\/\/business.roovi.com\/ro\/wp-json\/wp\/v2\/product\/19987","targetHints":{"allow":["GET"]}}],"collection":[{"href":"https:\/\/business.roovi.com\/ro\/wp-json\/wp\/v2\/product"}],"about":[{"href":"https:\/\/business.roovi.com\/ro\/wp-json\/wp\/v2\/types\/product"}],"version-history":[{"count":0,"href":"https:\/\/business.roovi.com\/ro\/wp-json\/wp\/v2\/product\/19987\/revisions"}],"wp:featuredmedia":[{"embeddable":true,"href":"https:\/\/business.roovi.com\/ro\/wp-json\/wp\/v2\/media\/63507"}],"wp:attachment":[{"href":"https:\/\/business.roovi.com\/ro\/wp-json\/wp\/v2\/media?parent=19987"}],"wp:term":[{"taxonomy":"product_brand","embeddable":true,"href":"https:\/\/business.roovi.com\/ro\/wp-json\/wp\/v2\/product_brand?post=19987"},{"taxonomy":"product_cat","embeddable":true,"href":"https:\/\/business.roovi.com\/ro\/wp-json\/wp\/v2\/product_cat?post=19987"},{"taxonomy":"product_tag","embeddable":true,"href":"https:\/\/business.roovi.com\/ro\/wp-json\/wp\/v2\/product_tag?post=19987"}],"curies":[{"name":"wp","href":"https:\/\/api.w.org\/{rel}","templated":true}]}}