{"id":19988,"date":"2021-03-09T09:04:15","date_gmt":"2021-03-09T09:04:15","guid":{"rendered":"https:\/\/business.roovi.com\/product\/puzzle-pierre-auguste-renoir-bouquet-of-roses-1000-piese\/"},"modified":"2025-03-17T11:25:25","modified_gmt":"2025-03-17T11:25:25","slug":"puzzle-adulti-pierre-auguste-renoir-bouquet-of-roses-1000-piese","status":"publish","type":"product","link":"https:\/\/business.roovi.com\/ro\/puzzle-adulti-pierre-auguste-renoir-bouquet-of-roses-1000-piese\/p\/","title":{"rendered":"Puzzle adulti Pierre-Auguste Renoir &#8211; Bouquet of Roses &#8211; 1000 Piese"},"content":{"rendered":"<p><span style=\"font-weight: 400; font-size: 14px; line-height: 14px;\">Cum ar fi s\u0103 \u00eenr\u0103mezi \u0219i s\u0103 admiri tabloul de art\u0103 preferat ori de c\u00e2te ori sim\u021bi nevoia s\u0103 evadezi din agita\u021bia zilnic\u0103? Cu cea mai mare colec\u021bie de puzzle-uri de art\u0103 ai acum aceast\u0103 oportunitate. Cump\u0103r\u0103 puzzle-uri de 1000 piese, asambleaz\u0103-le \u0219i bucur\u0103-te de imaginile celor mai \u00eendr\u0103gite opere de art\u0103.<\/span><\/p>\n<p><span style=\"font-size: 14px; line-height: 14px;\"><span style=\"font-weight: 400;\">Puzzle 1000 piese Pierre-Auguste Renoir &#8211; Bouquet of Roses\/Buchet de trandafiri \u00ee\u021bi aduce \u00een cas\u0103 un tablou superb realizat f\u0103r\u0103 cusur de <\/span><span style=\"font-weight: 400;\">&#8222;pictorul bucuriilor vie\u021bii&#8221;. S-a spus c\u0103 Renoir a pictat natur\u0103 static\u0103 doar \u00een momente de relaxare \u00eentre marile opere care celebreaz\u0103 frumuse\u021bea \u0219i senzualitatea feminine. Tr\u0103ie\u0219te \u0219i tu o experien\u021b\u0103 de relaxare deplin\u0103 asambl\u00e2nd acest uimitor puzzle de art\u0103!<\/span><\/span><\/p>\n<p><span style=\"font-weight: 400; font-size: 14px; line-height: 14px;\">Cite\u0219te aici mai multe informa\u021bii referitoare la caracteristicile puzzle-ului de 1000 piese Renoir &#8211; Buchet de trandafiri:<\/span><\/p>\n<p><span style=\"font-size: 14px; line-height: 14px;\"><strong>Dimensiunile imaginii reconstituite: 50 x 70 cm.<\/strong><span style=\"font-weight: 400;\"> Pentru refacerea imaginii po\u021bi folosi o m\u0103su\u021b\u0103 obi\u0219nuit\u0103 de cafea.<\/span><\/span><\/p>\n<p><span style=\"font-size: 14px; line-height: 14px;\"><strong>Material puzzle:\u00a0<\/strong><\/span><\/p>\n<p><span style=\"font-size: 14px; line-height: 14px;\"><strong>carton albastru de o calitate superioar\u0103<\/strong><\/span><\/p>\n<p><span style=\"font-size: 14px; line-height: 14px;\"><strong>materiale sustenabile, reciclabile<\/strong><\/span><\/p>\n<p><span style=\"font-size: 14px; line-height: 14px;\"><strong>finisaj semi-lucios, culori vii<\/strong><\/span><\/p>\n<p><span style=\"font-size: 14px; line-height: 14px;\"><strong>Num\u0103rul pieselor de puzzle: 1000<\/strong><\/span><\/p>\n<p><span style=\"font-size: 14px; line-height: 14px;\"><strong>V\u00e2rsta recomandat\u0103: 14+<\/strong><\/span><\/p>\n<p><span style=\"font-size: 14px; line-height: 14px;\"><strong>Puzzle 1000 piese te scoate din starea de confort \u0219i \u00ee\u021bi pune creierul la treab\u0103!<\/strong><\/span><\/p>\n<p><span style=\"font-weight: 400; font-size: 14px; line-height: 14px;\">Obi\u0219nuie\u0219ti s\u0103 \u00ee\u021bi petreci timpul liber \u00een fa\u021ba ecranelor sau st\u00e2nd confortabil pe canapeaua din sufragerie? Este timpul s\u0103 \u00eencerci o experien\u021b\u0103 nou\u0103! Asambleaz\u0103 puzzle de 1000 piese \u0219i antreneaz\u0103-\u021bi creierul. Iat\u0103 numai c\u00e2teva dintre beneficiile pe care le are activitatea de asamblare a puzzle-urilor pentru s\u0103n\u0103tatea intelectului:<\/span><\/p>\n<p><span style=\"font-size: 14px; line-height: 14px;\"><strong>\u00cembun\u0103t\u0103\u021be\u0219te memoria<\/strong><span style=\"font-weight: 400;\">. Activitatea de refacere a imaginilor din puzzle-urile de adul\u021bi \u00eent\u0103re\u0219te conexiunile la nivel cerebral \u0219i este o modalitate excelent\u0103 de a \u00eembun\u0103t\u0103\u021bi memoria pe termen scurt.<\/span><\/span><\/p>\n<p><span style=\"font-size: 14px; line-height: 14px;\"><strong>Antreneaz\u0103 concentrarea \u0219i aten\u021bia.<\/strong><span style=\"font-weight: 400;\"> Este dificil s\u0103 te concentrezi pe un singur subiect important pentru c\u0103 ai mereu mintea plin\u0103 de tot felul de g\u00e2nduri? Asambleaz\u0103 jocuri puzzle \u0219i vei vedea cum capacitatea de concentrare \u0219i de men\u021binerea aten\u021biei pe detalii \u021bi se va \u00eembun\u0103t\u0103\u021bi.<\/span><\/span><\/p>\n<p><span style=\"font-size: 14px; line-height: 14px;\"><strong>\u00cembun\u0103t\u0103\u021be\u0219te<\/strong> <strong>ra\u021bionamentul vizual \u0219i spa\u021bial. <\/strong><span style=\"font-weight: 400;\">Pentru a completa un puzzle de 1000 piese trebuie s\u0103 sesizezi particularit\u0103\u021bile individuale ale pieselor, dar \u0219i locul pe care acestea \u00eel ocup\u0103 \u00een imaginea de ansamblu. Acest exerci\u021biu constant \u00ee\u021bi va \u00eembun\u0103t\u0103\u021bi ra\u021bionamentul vizual \u0219i spa\u021bial de care te folose\u0219te, de exemplu, atunci c\u00e2nd parchezi ma\u0219ina.\u00a0<\/span><\/span><\/p>\n<p><span style=\"font-size: 14px; line-height: 14px;\"><strong>Reduce st\u0103rile de stres. <\/strong><span style=\"font-weight: 400;\">Dac\u0103 e\u0219ti \u00een c\u0103utarea unei activit\u0103\u021bi care s\u0103-\u021bi aduc\u0103 relaxare \u0219i deta\u0219are de la problemele cotidiene, asamblarea unui puzzle de 1000 piese este exact ceea ce \u00ee\u021bi trebuie.<\/span><\/span><\/p>\n<p><span style=\"font-size: 14px; line-height: 14px;\"><strong>6 lucruri pe care nu le \u0219tiai despre Renoir<\/strong><\/span><\/p>\n<p><span style=\"font-weight: 400; font-size: 14px; line-height: 14px;\">1. Din cauza s\u0103r\u0103ciei, a ratat \u0219ansa de a deveni c\u00e2nt\u0103re\u021b. Se pare c\u0103 era foarte talentat \u0219i la muzic\u0103.<\/span><\/p>\n<p><span style=\"font-weight: 400; font-size: 14px; line-height: 14px;\">2. Primul s\u0103u job, la 13 ani a fost acela de decorator de por\u021belanuri.<\/span><\/p>\n<p><span style=\"font-weight: 400; font-size: 14px; line-height: 14px;\">3. La Paris, a fost coleg \u0219i cu pictorul rom\u00e2n Nicolae Grigorescu.<\/span><\/p>\n<p><span style=\"font-size: 14px; line-height: 14px;\"><span style=\"font-weight: 400;\">4. A fost un admirator declarat al lui Wagner. A realizat portretul muzicianului \u00een mai pu\u021bin de 30 de minute. Lucrarea poate fi admirat\u0103 \u0219i ast\u0103zi la Muzeul <\/span><span style=\"font-weight: 400;\">d&#8217;Orsay.<\/span><\/span><\/p>\n<p><span style=\"font-weight: 400; font-size: 14px; line-height: 14px;\">5. Se pare c\u0103 a avut un copil cu Lise Trehot, un model pl\u0103tit. Nu \u0219i-a recunoscut niciodat\u0103 acest fiu \u0219i a refuzat s\u0103 vorbeasc\u0103 despre el \u00een timpul vie\u021bii.<\/span><\/p>\n<p><span style=\"font-weight: 400; font-size: 14px; line-height: 14px;\">6. A pictat cu pensula legat\u0103 de m\u00e2n\u0103 \u00een ultimul an din via\u021b\u0103. Din cauza artritei reumatoide de care suferea, m\u00e2na nu \u00ee\u0219i mai putea controla m\u00e2na.<\/span><\/p>\n<p><span style=\"font-size: 14px; line-height: 14px;\"><strong>Puzzle-urile de art\u0103 te proiecteaz\u0103 \u00eentr-o lume aparte<\/strong><\/span><\/p>\n<p><span style=\"font-weight: 400; font-size: 14px; line-height: 14px;\">Atunci c\u00e2nd asamblezi un puzzle de art\u0103 o lume nou\u0103 \u021bi se deschide. Intri \u00een pielea pictorului \u0219i p\u0103trunzi \u00eentr-un univers artistic plin de culoare \u0219i al frumuse\u021be. Iar final, te cuprinde un sentiment minunat de satisfac\u021bie c\u0103 ai fost tu \u00eensu\u021bi un creator des\u0103v\u00e2r\u0219it al unei opere de art\u0103 remarcabile.<\/span><\/p>\n<p><span style=\"font-weight: 400; font-size: 14px; line-height: 14px;\">Las\u0103-te purtat de magia culorii din puzzle 1000 piese Pierre-Auguste Renoir &#8211; Bouquet of Roses\/Buchet de trandafiri \u0219i acord\u0103-\u021bi p\u00e2n\u0103 la 30 de ore de relaxare \u0219i \u00eenc\u00e2ntare complet\u00e2nd acest uimitor puzzle de art\u0103. Cump\u0103r\u0103 jocul puzzle pentru tine sau ofer\u0103-l \u00een dar unui prieten pasionat de puzzle-uri de art\u0103.<\/span><\/p>\n","protected":false},"excerpt":{"rendered":"<p>Cum ar fi s\u0103 \u00eenr\u0103mezi \u0219i s\u0103 admiri tabloul de art\u0103 preferat ori de c\u00e2te ori sim\u021bi nevoia s\u0103 evadezi<\/p>\n","protected":false},"featured_media":62927,"template":"","meta":[],"product_brand":[],"product_cat":[1454,1488,1560],"product_tag":[],"class_list":{"0":"post-19988","1":"product","2":"type-product","3":"status-publish","4":"has-post-thumbnail","6":"product_cat-puzzle","7":"product_cat-puzzle-adulti","8":"product_cat-puzzle-adulti-1000","9":"pa_bax-1273","10":"pa_brand-d_toys","11":"pa_country_of_manufacture-ro","12":"pa_filter_age-1315","13":"pa_painter-pierreaugusterenoir","14":"pa_tip_ambalaj-cutie","15":"pa_tip_puzzle-clasic","17":"first","18":"instock","19":"taxable","20":"shipping-taxable","21":"product-type-simple"},"yoast_head":"<!-- This site is optimized with the Yoast SEO plugin v20.1 - https:\/\/yoast.com\/wordpress\/plugins\/seo\/ -->\n<title>Puzzle adulti Pierre-Auguste Renoir - Bouquet of Roses - 1000 Piese - Roovi B2B<\/title>\n<meta name=\"robots\" content=\"index, follow, max-snippet:-1, max-image-preview:large, max-video-preview:-1\" \/>\n<link rel=\"canonical\" href=\"https:\/\/www.roovi.ro\/puzzle-adulti-pierre-auguste-renoir-bouquet-of-roses-1000-piese\/p\/\" \/>\n<meta property=\"og:locale\" content=\"ro_RO\" \/>\n<meta property=\"og:type\" content=\"article\" \/>\n<meta property=\"og:title\" content=\"Puzzle adulti Pierre-Auguste Renoir - Bouquet of Roses - 1000 Piese - Roovi B2B\" \/>\n<meta property=\"og:description\" content=\"Cum ar fi s\u0103 \u00eenr\u0103mezi \u0219i s\u0103 admiri tabloul de art\u0103 preferat ori de c\u00e2te ori sim\u021bi nevoia s\u0103 evadezi\" \/>\n<meta property=\"og:url\" content=\"https:\/\/www.roovi.ro\/puzzle-adulti-pierre-auguste-renoir-bouquet-of-roses-1000-piese\/p\/\" \/>\n<meta property=\"og:site_name\" content=\"Roovi B2B\" \/>\n<meta property=\"article:publisher\" content=\"https:\/\/www.facebook.com\/wwwjucariero\" \/>\n<meta property=\"article:modified_time\" content=\"2025-03-17T11:25:25+00:00\" \/>\n<meta property=\"og:image\" content=\"https:\/\/business.roovi.com\/wp-content\/uploads\/2021\/03\/66909-RE-11-WEB.jpg\" \/>\n\t<meta property=\"og:image:width\" content=\"1200\" \/>\n\t<meta property=\"og:image:height\" content=\"1200\" \/>\n\t<meta property=\"og:image:type\" content=\"image\/jpeg\" \/>\n<meta name=\"twitter:label1\" content=\"Timp estimat pentru citire\" \/>\n\t<meta name=\"twitter:data1\" content=\"3 minute\" \/>\n<script type=\"application\/ld+json\" class=\"yoast-schema-graph\">{\"@context\":\"https:\/\/schema.org\",\"@graph\":[{\"@type\":\"WebPage\",\"@id\":\"https:\/\/business.roovi.com\/ro\/puzzle-adulti-pierre-auguste-renoir-bouquet-of-roses-1000-piese\/p\/\",\"url\":\"https:\/\/www.roovi.ro\/puzzle-adulti-pierre-auguste-renoir-bouquet-of-roses-1000-piese\/p\/\",\"name\":\"Puzzle adulti Pierre-Auguste Renoir - Bouquet of Roses - 1000 Piese - Roovi B2B\",\"isPartOf\":{\"@id\":\"https:\/\/business.roovi.com\/ro\/#website\"},\"datePublished\":\"2021-03-09T09:04:15+00:00\",\"dateModified\":\"2025-03-17T11:25:25+00:00\",\"breadcrumb\":{\"@id\":\"https:\/\/www.roovi.ro\/puzzle-adulti-pierre-auguste-renoir-bouquet-of-roses-1000-piese\/p\/#breadcrumb\"},\"inLanguage\":\"ro-RO\",\"potentialAction\":[{\"@type\":\"ReadAction\",\"target\":[\"https:\/\/www.roovi.ro\/puzzle-adulti-pierre-auguste-renoir-bouquet-of-roses-1000-piese\/p\/\"]}]},{\"@type\":\"BreadcrumbList\",\"@id\":\"https:\/\/www.roovi.ro\/puzzle-adulti-pierre-auguste-renoir-bouquet-of-roses-1000-piese\/p\/#breadcrumb\",\"itemListElement\":[{\"@type\":\"ListItem\",\"position\":1,\"name\":\"Home\",\"item\":\"https:\/\/business.roovi.com\/ro\/\"},{\"@type\":\"ListItem\",\"position\":2,\"name\":\"Magazin\",\"item\":\"https:\/\/business.roovi.com\/ro\/magazin\/\"},{\"@type\":\"ListItem\",\"position\":3,\"name\":\"Puzzle adulti Pierre-Auguste Renoir &#8211; Bouquet of Roses &#8211; 1000 Piese\"}]},{\"@type\":\"WebSite\",\"@id\":\"https:\/\/business.roovi.com\/ro\/#website\",\"url\":\"https:\/\/business.roovi.com\/ro\/\",\"name\":\"Roovi B2B\",\"description\":\"Roovi Business Website\",\"potentialAction\":[{\"@type\":\"SearchAction\",\"target\":{\"@type\":\"EntryPoint\",\"urlTemplate\":\"https:\/\/business.roovi.com\/ro\/?s={search_term_string}\"},\"query-input\":\"required name=search_term_string\"}],\"inLanguage\":\"ro-RO\"}]}<\/script>\n<!-- \/ Yoast SEO plugin. -->","yoast_head_json":{"title":"Puzzle adulti Pierre-Auguste Renoir - Bouquet of Roses - 1000 Piese - Roovi B2B","robots":{"index":"index","follow":"follow","max-snippet":"max-snippet:-1","max-image-preview":"max-image-preview:large","max-video-preview":"max-video-preview:-1"},"canonical":"https:\/\/www.roovi.ro\/puzzle-adulti-pierre-auguste-renoir-bouquet-of-roses-1000-piese\/p\/","og_locale":"ro_RO","og_type":"article","og_title":"Puzzle adulti Pierre-Auguste Renoir - Bouquet of Roses - 1000 Piese - Roovi B2B","og_description":"Cum ar fi s\u0103 \u00eenr\u0103mezi \u0219i s\u0103 admiri tabloul de art\u0103 preferat ori de c\u00e2te ori sim\u021bi nevoia s\u0103 evadezi","og_url":"https:\/\/www.roovi.ro\/puzzle-adulti-pierre-auguste-renoir-bouquet-of-roses-1000-piese\/p\/","og_site_name":"Roovi B2B","article_publisher":"https:\/\/www.facebook.com\/wwwjucariero","article_modified_time":"2025-03-17T11:25:25+00:00","og_image":[{"width":1200,"height":1200,"url":"https:\/\/business.roovi.com\/wp-content\/uploads\/2021\/03\/66909-RE-11-WEB.jpg","type":"image\/jpeg"}],"twitter_misc":{"Timp estimat pentru citire":"3 minute"},"schema":{"@context":"https:\/\/schema.org","@graph":[{"@type":"WebPage","@id":"https:\/\/business.roovi.com\/ro\/puzzle-adulti-pierre-auguste-renoir-bouquet-of-roses-1000-piese\/p\/","url":"https:\/\/www.roovi.ro\/puzzle-adulti-pierre-auguste-renoir-bouquet-of-roses-1000-piese\/p\/","name":"Puzzle adulti Pierre-Auguste Renoir - Bouquet of Roses - 1000 Piese - Roovi B2B","isPartOf":{"@id":"https:\/\/business.roovi.com\/ro\/#website"},"datePublished":"2021-03-09T09:04:15+00:00","dateModified":"2025-03-17T11:25:25+00:00","breadcrumb":{"@id":"https:\/\/www.roovi.ro\/puzzle-adulti-pierre-auguste-renoir-bouquet-of-roses-1000-piese\/p\/#breadcrumb"},"inLanguage":"ro-RO","potentialAction":[{"@type":"ReadAction","target":["https:\/\/www.roovi.ro\/puzzle-adulti-pierre-auguste-renoir-bouquet-of-roses-1000-piese\/p\/"]}]},{"@type":"BreadcrumbList","@id":"https:\/\/www.roovi.ro\/puzzle-adulti-pierre-auguste-renoir-bouquet-of-roses-1000-piese\/p\/#breadcrumb","itemListElement":[{"@type":"ListItem","position":1,"name":"Home","item":"https:\/\/business.roovi.com\/ro\/"},{"@type":"ListItem","position":2,"name":"Magazin","item":"https:\/\/business.roovi.com\/ro\/magazin\/"},{"@type":"ListItem","position":3,"name":"Puzzle adulti Pierre-Auguste Renoir &#8211; Bouquet of Roses &#8211; 1000 Piese"}]},{"@type":"WebSite","@id":"https:\/\/business.roovi.com\/ro\/#website","url":"https:\/\/business.roovi.com\/ro\/","name":"Roovi B2B","description":"Roovi Business Website","potentialAction":[{"@type":"SearchAction","target":{"@type":"EntryPoint","urlTemplate":"https:\/\/business.roovi.com\/ro\/?s={search_term_string}"},"query-input":"required name=search_term_string"}],"inLanguage":"ro-RO"}]}},"_links":{"self":[{"href":"https:\/\/business.roovi.com\/ro\/wp-json\/wp\/v2\/product\/19988","targetHints":{"allow":["GET"]}}],"collection":[{"href":"https:\/\/business.roovi.com\/ro\/wp-json\/wp\/v2\/product"}],"about":[{"href":"https:\/\/business.roovi.com\/ro\/wp-json\/wp\/v2\/types\/product"}],"version-history":[{"count":0,"href":"https:\/\/business.roovi.com\/ro\/wp-json\/wp\/v2\/product\/19988\/revisions"}],"wp:featuredmedia":[{"embeddable":true,"href":"https:\/\/business.roovi.com\/ro\/wp-json\/wp\/v2\/media\/62927"}],"wp:attachment":[{"href":"https:\/\/business.roovi.com\/ro\/wp-json\/wp\/v2\/media?parent=19988"}],"wp:term":[{"taxonomy":"product_brand","embeddable":true,"href":"https:\/\/business.roovi.com\/ro\/wp-json\/wp\/v2\/product_brand?post=19988"},{"taxonomy":"product_cat","embeddable":true,"href":"https:\/\/business.roovi.com\/ro\/wp-json\/wp\/v2\/product_cat?post=19988"},{"taxonomy":"product_tag","embeddable":true,"href":"https:\/\/business.roovi.com\/ro\/wp-json\/wp\/v2\/product_tag?post=19988"}],"curies":[{"name":"wp","href":"https:\/\/api.w.org\/{rel}","templated":true}]}}